{"id":6550,"date":"2024-03-15T17:33:28","date_gmt":"2024-03-15T17:33:28","guid":{"rendered":"https:\/\/oceansignal.com\/products\/ocean-signal-hr1e-ersatz-hydrostatische-ausloeseeinheit\/"},"modified":"2025-07-08T09:35:54","modified_gmt":"2025-07-08T09:35:54","slug":"ocean-signal-hr1e-ersatz-hydrostatische-ausloeseeinheit","status":"publish","type":"product","link":"https:\/\/oceansignal.com\/de\/products\/ocean-signal-hr1e-ersatz-hydrostatische-ausloeseeinheit\/","title":{"rendered":"Ocean Signal HR1E Replacement Hydrostatic Release Unit"},"content":{"rendered":"<p id=\"title\" class=\"a-size-large a-spacing-none\"><span id=\"productTitle\" class=\"a-size-large product-title-word-break\">Ocean Signal HR1E Replacement Hydrostatic Release Unit mit freischwebenden EPIRB Halterungen<\/span> .<\/p>\n<p class=\"a-size-large a-spacing-none\">Dieses Ger\u00e4t ist so konzipiert, dass es einen Ocean Signal Emergency Position Indicating Radio Beacon ( EPIRB ) beim Eintauchen ins Wasser automatisch aus seiner freischwebenden (Kategorie 1) Halterung l\u00f6st und so in Notsituationen eine schnelle Aktivierung von Notsignalen gew\u00e4hrleistet.<\/p>\n<p>Und so funktioniert es: Der HR1E ist mit einem hydrostatischen Mechanismus ausgestattet, der auf Wasserdruck reagiert. Wenn er bis zu einer bestimmten Tiefe eingetaucht ist, normalerweise etwa 1,5 bis 4 Meter, l\u00f6st der hydrostatische Druck den Ausl\u00f6semechanismus aus, wodurch die EPIRB frei von ihrer Halterung aufschwimmt. Nach der Freigabe beginnt die EPIRB , ihr Notsignal zu senden, das von nahegelegenen Such- und Rettungskr\u00e4ften empfangen wird, sodass diese die Hilfsbed\u00fcrftigen schnell lokalisieren und ihnen helfen k\u00f6nnen.  <\/p>\n<p>Der HR1E wurde mit h\u00f6chster Pr\u00e4zision und Zuverl\u00e4ssigkeit konstruiert und in Gro\u00dfbritannien hergestellt. Dadurch ist gew\u00e4hrleistet, dass er auch unter den schwierigsten maritimen Bedingungen einwandfrei funktioniert. Durch die automatische Aktivierung der EPIRB beim Eintauchen verbessert der HR1E die Chancen auf eine schnelle Reaktion in Notsituationen erheblich und rettet so letztlich Leben auf See. <\/p>\n<p>Bei Float-Free-Halterungen der Kategorie 1 muss die hydrostatische Ausl\u00f6seeinheit <strong>alle 2 Jahre ausgetauscht werden.<\/strong><\/p>\n<ul class=\"a-unordered-list a-vertical a-spacing-mini\">\n<li class=\"a-spacing-mini\"><span class=\"a-list-item\">Direkter Ersatz f\u00fcr alle automatischen Ausl\u00f6segeh\u00e4use von Ocean Signal <a href=\"https:\/\/www.cospas-sarsat.int\/en\/\">EPIRB<\/a> (schwimmfreie Halterungen der Kategorie 1)<\/span><\/li>\n<li class=\"a-spacing-mini\"><span class=\"a-list-item\">Enth\u00e4lt HR1E HRU, Anweisungen und Ersatzhardware<\/span><\/li>\n<li class=\"a-spacing-mini\"><span class=\"a-list-item\">Stolz entworfen und hergestellt im Vereinigten K\u00f6nigreich<\/span><\/li>\n<li class=\"a-spacing-mini\"><span class=\"a-list-item\">Die Installation ist schnell und einfach<\/span><\/li>\n<\/ul>\n<p>Kompatibel mit den folgenden Kategorie 1 Float Free EPIRBs<\/p>\n<ul>\n<li><a href=\"https:\/\/oceansignal.com\/de\/products\/e100-e100g\/\">SafeSea E100<\/a><\/li>\n<li><a href=\"https:\/\/oceansignal.com\/de\/products\/e100-e100g\/\">SafeSea E100G<\/a><\/li>\n<li><a href=\"https:\/\/oceansignal.com\/de\/products\/rescueme-epirb1-pro\/\">rescueME EPIRB1 Pro (fr\u00fcher SafeSea EPIRB1 Pro )<\/a><\/li>\n<li><a href=\"https:\/\/oceansignal.com\/de\/products\/rescueme-epirb2-pro\/\">rescueME EPIRB2 Pro<\/a><\/li>\n<li><a href=\"https:\/\/oceansignal.com\/de\/products\/safesea-epirb3-pro\/\">SafeSea EPIRB3 Pro<\/a><\/li>\n<li><a href=\"https:\/\/oceansignal.com\/de\/products\/e101v\/\">SafeSea E101V VDR<\/a><\/li>\n<\/ul>\n","protected":false},"excerpt":{"rendered":"<p>Wir pr\u00e4sentieren die SafeSea HR1E Hydrostatic Release Unit f\u00fcr Ocean Signal EPIRBs \u2013 Ihr unverzichtbarer Schutz f\u00fcr maritime Notf\u00e4lle. Dieses Ger\u00e4t wurde entwickelt, um einen Notfunksender ( EPIRB ) beim Eintauchen in Wasser automatisch aus seiner Halterung auszul\u00f6sen und gew\u00e4hrleistet eine schnelle Aktivierung von Notsignalen, wenn jede Sekunde z\u00e4hlt. Das HR1E wurde mit Pr\u00e4zision und Zuverl\u00e4ssigkeit konstruiert und bietet Seeleuten und Seefahrern ein beruhigendes Gef\u00fchl, indem es die Chancen auf eine schnelle Reaktion in kritischen Situationen erh\u00f6ht. Gehen Sie bei der Sicherheit keine Kompromisse ein \u2013 statten Sie Ihr Schiff mit der Ocean Signal SafeSea HR1E Hydrostatic Release Unit f\u00fcr EPIRBs aus und segeln Sie mit der Gewissheit, dass Hilfe nur ein Signal entfernt ist, wenn Sie sie am meisten brauchen.   <\/p>\n<p><a href=\"https:\/\/www.dropbox.com\/s\/fk04stqsp2hgk5f\/Prop%2065%20-%20DEHP.pdf?dl=0\">WARNUNG: PROP 65<\/a><\/p>\n","protected":false},"featured_media":22878,"template":"","meta":{"_acf_changed":false,"om_disable_all_campaigns":false},"product_brand":[],"product_cat":[709,336],"product_tag":[],"class_list":{"0":"post-6550","1":"product","2":"type-product","3":"status-publish","4":"has-post-thumbnail","6":"product_cat-epirb-de","7":"product_cat-safesea-de","9":"first","10":"instock","11":"taxable","12":"shipping-taxable","13":"purchasable","14":"product-type-simple"},"acf":[],"yoast_head":"<!-- This site is optimized with the Yoast SEO Premium plugin v25.2 (Yoast SEO v26.4) - https:\/\/yoast.com\/wordpress\/plugins\/seo\/ -->\n<title>Ocean Signal HR1E Replacement Hydrostatic Release Unit - Ocean Signal<\/title>\n<meta name=\"description\" content=\"Ersatz f\u00fcr die hydrostatische Ausl\u00f6seeinheit oder HRU Ocean Signal SafeSea HR1E f\u00fcr SafeSea und rescueME -EPIRBs. Kaufen Sie noch heute Ihren EPIRB HRU-Ersatz.\" \/>\n<meta name=\"robots\" content=\"index, follow, max-snippet:-1, max-image-preview:large, max-video-preview:-1\" \/>\n<link rel=\"canonical\" href=\"https:\/\/oceansignal.com\/de\/products\/ocean-signal-hr1e-ersatz-hydrostatische-ausloeseeinheit\/\" \/>\n<meta property=\"og:locale\" content=\"de_DE\" \/>\n<meta property=\"og:type\" content=\"article\" \/>\n<meta property=\"og:title\" content=\"Ocean Signal HR1E Replacement Hydrostatic Release Unit\" \/>\n<meta property=\"og:description\" content=\"Ersatz f\u00fcr die hydrostatische Ausl\u00f6seeinheit oder HRU Ocean Signal SafeSea HR1E f\u00fcr SafeSea und rescueME -EPIRBs. Kaufen Sie noch heute Ihren EPIRB HRU-Ersatz.\" \/>\n<meta property=\"og:url\" content=\"https:\/\/oceansignal.com\/de\/products\/ocean-signal-hr1e-ersatz-hydrostatische-ausloeseeinheit\/\" \/>\n<meta property=\"og:site_name\" content=\"Ocean Signal\" \/>\n<meta property=\"article:modified_time\" content=\"2025-07-08T09:35:54+00:00\" \/>\n<meta property=\"og:image\" content=\"https:\/\/oceansignal.com\/wp-content\/uploads\/2024\/03\/HR1E_Front-1024x1024.png\" \/>\n\t<meta property=\"og:image:width\" content=\"1024\" \/>\n\t<meta property=\"og:image:height\" content=\"1024\" \/>\n\t<meta property=\"og:image:type\" content=\"image\/png\" \/>\n<meta name=\"twitter:card\" content=\"summary_large_image\" \/>\n<meta name=\"twitter:label1\" content=\"Gesch\u00e4tzte Lesezeit\" \/>\n\t<meta name=\"twitter:data1\" content=\"1\u00a0Minute\" \/>\n<script type=\"application\/ld+json\" class=\"yoast-schema-graph\">{\"@context\":\"https:\/\/schema.org\",\"@graph\":[{\"@type\":\"WebPage\",\"@id\":\"https:\/\/oceansignal.com\/de\/products\/ocean-signal-hr1e-ersatz-hydrostatische-ausloeseeinheit\/\",\"url\":\"https:\/\/oceansignal.com\/de\/products\/ocean-signal-hr1e-ersatz-hydrostatische-ausloeseeinheit\/\",\"name\":\"Ocean Signal HR1E Replacement Hydrostatic Release Unit - Ocean Signal\",\"isPartOf\":{\"@id\":\"https:\/\/oceansignal.com\/de\/#website\"},\"primaryImageOfPage\":{\"@id\":\"https:\/\/oceansignal.com\/de\/products\/ocean-signal-hr1e-ersatz-hydrostatische-ausloeseeinheit\/#primaryimage\"},\"image\":{\"@id\":\"https:\/\/oceansignal.com\/de\/products\/ocean-signal-hr1e-ersatz-hydrostatische-ausloeseeinheit\/#primaryimage\"},\"thumbnailUrl\":\"https:\/\/oceansignal.com\/wp-content\/uploads\/2024\/03\/HR1E_Front.png\",\"datePublished\":\"2024-03-15T17:33:28+00:00\",\"dateModified\":\"2025-07-08T09:35:54+00:00\",\"description\":\"Ersatz f\u00fcr die hydrostatische Ausl\u00f6seeinheit oder HRU Ocean Signal SafeSea HR1E f\u00fcr SafeSea und rescueME -EPIRBs. Kaufen Sie noch heute Ihren EPIRB HRU-Ersatz.\",\"breadcrumb\":{\"@id\":\"https:\/\/oceansignal.com\/de\/products\/ocean-signal-hr1e-ersatz-hydrostatische-ausloeseeinheit\/#breadcrumb\"},\"inLanguage\":\"de\",\"potentialAction\":[{\"@type\":\"ReadAction\",\"target\":[\"https:\/\/oceansignal.com\/de\/products\/ocean-signal-hr1e-ersatz-hydrostatische-ausloeseeinheit\/\"]}]},{\"@type\":\"ImageObject\",\"inLanguage\":\"de\",\"@id\":\"https:\/\/oceansignal.com\/de\/products\/ocean-signal-hr1e-ersatz-hydrostatische-ausloeseeinheit\/#primaryimage\",\"url\":\"https:\/\/oceansignal.com\/wp-content\/uploads\/2024\/03\/HR1E_Front.png\",\"contentUrl\":\"https:\/\/oceansignal.com\/wp-content\/uploads\/2024\/03\/HR1E_Front.png\",\"width\":2147,\"height\":2147,\"caption\":\"Ocean Signal SafeSea HR1E Hydrostatische Ausl\u00f6seeinheit \u2013 unverzichtbare Sicherheitsausr\u00fcstung f\u00fcr den Seeverkehr zur automatischen Aktivierung von Rettungsfl\u00f6\u00dfen\"},{\"@type\":\"BreadcrumbList\",\"@id\":\"https:\/\/oceansignal.com\/de\/products\/ocean-signal-hr1e-ersatz-hydrostatische-ausloeseeinheit\/#breadcrumb\",\"itemListElement\":[{\"@type\":\"ListItem\",\"position\":1,\"name\":\"Produkte\",\"item\":\"https:\/\/oceansignal.com\/de\/produkte\/\"},{\"@type\":\"ListItem\",\"position\":2,\"name\":\"Ocean Signal HR1E Replacement Hydrostatic Release Unit\"}]},{\"@type\":\"WebSite\",\"@id\":\"https:\/\/oceansignal.com\/de\/#website\",\"url\":\"https:\/\/oceansignal.com\/de\/\",\"name\":\"Ocean Signal\",\"description\":\"A leading manufacturer of EPIRBs, AIS, SARTs, Personal Locator Beacons, Man Overboard Beacon for the Marine and Outdoor Markets.\",\"potentialAction\":[{\"@type\":\"SearchAction\",\"target\":{\"@type\":\"EntryPoint\",\"urlTemplate\":\"https:\/\/oceansignal.com\/de\/?s={search_term_string}\"},\"query-input\":{\"@type\":\"PropertyValueSpecification\",\"valueRequired\":true,\"valueName\":\"search_term_string\"}}],\"inLanguage\":\"de\"}]}<\/script>\n<!-- \/ Yoast SEO Premium plugin. -->","yoast_head_json":{"title":"Ocean Signal HR1E Replacement Hydrostatic Release Unit - Ocean Signal","description":"Ersatz f\u00fcr die hydrostatische Ausl\u00f6seeinheit oder HRU Ocean Signal SafeSea HR1E f\u00fcr SafeSea und rescueME -EPIRBs. Kaufen Sie noch heute Ihren EPIRB HRU-Ersatz.","robots":{"index":"index","follow":"follow","max-snippet":"max-snippet:-1","max-image-preview":"max-image-preview:large","max-video-preview":"max-video-preview:-1"},"canonical":"https:\/\/oceansignal.com\/de\/products\/ocean-signal-hr1e-ersatz-hydrostatische-ausloeseeinheit\/","og_locale":"de_DE","og_type":"article","og_title":"Ocean Signal HR1E Replacement Hydrostatic Release Unit","og_description":"Ersatz f\u00fcr die hydrostatische Ausl\u00f6seeinheit oder HRU Ocean Signal SafeSea HR1E f\u00fcr SafeSea und rescueME -EPIRBs. Kaufen Sie noch heute Ihren EPIRB HRU-Ersatz.","og_url":"https:\/\/oceansignal.com\/de\/products\/ocean-signal-hr1e-ersatz-hydrostatische-ausloeseeinheit\/","og_site_name":"Ocean Signal","article_modified_time":"2025-07-08T09:35:54+00:00","og_image":[{"width":1024,"height":1024,"url":"https:\/\/oceansignal.com\/wp-content\/uploads\/2024\/03\/HR1E_Front-1024x1024.png","type":"image\/png"}],"twitter_card":"summary_large_image","twitter_misc":{"Gesch\u00e4tzte Lesezeit":"1\u00a0Minute"},"schema":{"@context":"https:\/\/schema.org","@graph":[{"@type":"WebPage","@id":"https:\/\/oceansignal.com\/de\/products\/ocean-signal-hr1e-ersatz-hydrostatische-ausloeseeinheit\/","url":"https:\/\/oceansignal.com\/de\/products\/ocean-signal-hr1e-ersatz-hydrostatische-ausloeseeinheit\/","name":"Ocean Signal HR1E Replacement Hydrostatic Release Unit - Ocean Signal","isPartOf":{"@id":"https:\/\/oceansignal.com\/de\/#website"},"primaryImageOfPage":{"@id":"https:\/\/oceansignal.com\/de\/products\/ocean-signal-hr1e-ersatz-hydrostatische-ausloeseeinheit\/#primaryimage"},"image":{"@id":"https:\/\/oceansignal.com\/de\/products\/ocean-signal-hr1e-ersatz-hydrostatische-ausloeseeinheit\/#primaryimage"},"thumbnailUrl":"https:\/\/oceansignal.com\/wp-content\/uploads\/2024\/03\/HR1E_Front.png","datePublished":"2024-03-15T17:33:28+00:00","dateModified":"2025-07-08T09:35:54+00:00","description":"Ersatz f\u00fcr die hydrostatische Ausl\u00f6seeinheit oder HRU Ocean Signal SafeSea HR1E f\u00fcr SafeSea und rescueME -EPIRBs. Kaufen Sie noch heute Ihren EPIRB HRU-Ersatz.","breadcrumb":{"@id":"https:\/\/oceansignal.com\/de\/products\/ocean-signal-hr1e-ersatz-hydrostatische-ausloeseeinheit\/#breadcrumb"},"inLanguage":"de","potentialAction":[{"@type":"ReadAction","target":["https:\/\/oceansignal.com\/de\/products\/ocean-signal-hr1e-ersatz-hydrostatische-ausloeseeinheit\/"]}]},{"@type":"ImageObject","inLanguage":"de","@id":"https:\/\/oceansignal.com\/de\/products\/ocean-signal-hr1e-ersatz-hydrostatische-ausloeseeinheit\/#primaryimage","url":"https:\/\/oceansignal.com\/wp-content\/uploads\/2024\/03\/HR1E_Front.png","contentUrl":"https:\/\/oceansignal.com\/wp-content\/uploads\/2024\/03\/HR1E_Front.png","width":2147,"height":2147,"caption":"Ocean Signal SafeSea HR1E Hydrostatische Ausl\u00f6seeinheit \u2013 unverzichtbare Sicherheitsausr\u00fcstung f\u00fcr den Seeverkehr zur automatischen Aktivierung von Rettungsfl\u00f6\u00dfen"},{"@type":"BreadcrumbList","@id":"https:\/\/oceansignal.com\/de\/products\/ocean-signal-hr1e-ersatz-hydrostatische-ausloeseeinheit\/#breadcrumb","itemListElement":[{"@type":"ListItem","position":1,"name":"Produkte","item":"https:\/\/oceansignal.com\/de\/produkte\/"},{"@type":"ListItem","position":2,"name":"Ocean Signal HR1E Replacement Hydrostatic Release Unit"}]},{"@type":"WebSite","@id":"https:\/\/oceansignal.com\/de\/#website","url":"https:\/\/oceansignal.com\/de\/","name":"Ocean Signal","description":"A leading manufacturer of EPIRBs, AIS, SARTs, Personal Locator Beacons, Man Overboard Beacon for the Marine and Outdoor Markets.","potentialAction":[{"@type":"SearchAction","target":{"@type":"EntryPoint","urlTemplate":"https:\/\/oceansignal.com\/de\/?s={search_term_string}"},"query-input":{"@type":"PropertyValueSpecification","valueRequired":true,"valueName":"search_term_string"}}],"inLanguage":"de"}]}},"_links":{"self":[{"href":"https:\/\/oceansignal.com\/de\/wp-json\/wp\/v2\/product\/6550","targetHints":{"allow":["GET"]}}],"collection":[{"href":"https:\/\/oceansignal.com\/de\/wp-json\/wp\/v2\/product"}],"about":[{"href":"https:\/\/oceansignal.com\/de\/wp-json\/wp\/v2\/types\/product"}],"wp:featuredmedia":[{"embeddable":true,"href":"https:\/\/oceansignal.com\/de\/wp-json\/wp\/v2\/media\/22878"}],"wp:attachment":[{"href":"https:\/\/oceansignal.com\/de\/wp-json\/wp\/v2\/media?parent=6550"}],"wp:term":[{"taxonomy":"product_brand","embeddable":true,"href":"https:\/\/oceansignal.com\/de\/wp-json\/wp\/v2\/product_brand?post=6550"},{"taxonomy":"product_cat","embeddable":true,"href":"https:\/\/oceansignal.com\/de\/wp-json\/wp\/v2\/product_cat?post=6550"},{"taxonomy":"product_tag","embeddable":true,"href":"https:\/\/oceansignal.com\/de\/wp-json\/wp\/v2\/product_tag?post=6550"}],"curies":[{"name":"wp","href":"https:\/\/api.w.org\/{rel}","templated":true}]}}