{"id":7044,"date":"2023-09-08T12:03:59","date_gmt":"2023-09-08T12:03:59","guid":{"rendered":"https:\/\/oceansignal.com\/products\/ais-atb1-klasse-b-ais-transceiver\/"},"modified":"2025-09-23T15:43:14","modified_gmt":"2025-09-23T15:43:14","slug":"ais-atb1-klasse-b-ais-transceiver","status":"publish","type":"product","link":"https:\/\/oceansignal.com\/de\/products\/ais-atb1-klasse-b-ais-transceiver\/","title":{"rendered":"AIS ATB1 Klasse B+ AIS Transceiver"},"content":{"rendered":"<p><strong><span class=\"fontstyle0\">Der ATB1 muss vom Benutzer so konfiguriert werden, dass er die MMSI-Nummer des Gef\u00e4\u00dfes und andere Details eingibt.<\/span><\/strong><br \/>\n<strong><span class=\"fontstyle0\">Dies kann \u00fcber eine mobile App oder ein webbasiertes Programm durchgef\u00fchrt werden. W\u00e4hlen Sie bitte den Link \u201eProduktprogrammierung\u201c unter dem Produktnamen, um mit der Konfiguration zu beginnen.<br \/>\n<\/span><\/strong><\/p>\n<p>&nbsp;<\/p>\n<ul>\n<li>AIS Factsheets: <a href=\"http:\/\/oceansignal.com\/wp-content\/uploads\/2023\/09\/AIS_Message_Structure.pdf\" target=\"_blank\" rel=\"noopener\">AIS-Nachrichtenstruktur<\/a>, <a href=\"http:\/\/oceansignal.com\/wp-content\/uploads\/2023\/09\/AIS_Multiplexing.pdf\" target=\"_blank\" rel=\"noopener\">AIS-Multiplexing<\/a>, <a href=\"http:\/\/oceansignal.com\/wp-content\/uploads\/2023\/09\/AIS_with_LRM_Explained.pdf\" target=\"_blank\" rel=\"noopener\">AIS mit LRM erkl\u00e4rt<\/a><\/li>\n<\/ul>\n<p>&nbsp;<\/p>\n<p><span class=\"fontstyle0\">Ihre Schiffsinformationen wie Position, Geschwindigkeit, Kurs und Richtung werden automatisch und kontinuierlich mithilfe des beeindruckenden internen Multi-GPS-Empf\u00e4ngers ermittelt, der eine genaue globale Positionsbestimmung erm\u00f6glicht<\/span> . Mit 99 Erfassungskan\u00e4len und 33 Verfolgungskan\u00e4len sorgt diese fortschrittliche Technologie daf\u00fcr, dass die AIS-\u00dcbertragungen jederzeit die genaueste Anzeige der Position Ihres Schiffs liefern. <\/p>\n<p>&nbsp;<\/p>\n<p><span class=\"fontstyle0\">Andere Schiffsinformationen wie Schiffsname, Rufzeichen, Typ und Abmessungen sowie die MMSI werden ebenfalls automatisch vom ATB1 \u00fcbertragen. Diese Informationen werden \u00fcber WLAN direkt von der benutzerfreundlichen mobilen App oder Website von Ocean Signal auf das ATB1 hochgeladen. Sobald diese Informationen hochgeladen wurden, bleiben sie im nichtfl\u00fcchtigen Speicher des Ger\u00e4ts gespeichert, auch wenn es f\u00fcr l\u00e4ngere Zeit ausgeschaltet ist.  <\/span><\/p>\n<p>&nbsp;<\/p>\n<p><span class=\"fontstyle0\">Der ATB1 empf\u00e4ngt und interpretiert auch AIS-Nachrichten von anderen mit AIS ausgestatteten Schiffen in Reichweite, die dann \u00fcber die NMEA 0183-, NMEA 2000<\/span><span class=\"fontstyle0\">\u00ae<\/span><span class=\"fontstyle0\">-, USB- oder WiFi-Ausg\u00e4nge<\/span> des ATB1 m\u00fchelos an andere Navigationsger\u00e4te wie Kartenplotter, Laptops oder Mobiltelefone weitergeleitet werden k\u00f6nnen.<\/p>\n<p>&nbsp;<\/p>\n<p><span class=\"fontstyle0\">Durch die Verwendung des \u00fcberlegenen SOTDMA*-Zugriffsschemas unterscheidet sich das ATB1 von den verf\u00fcgbaren CSTDMA**-Produkten der Klasse B. Dieses Ocean Signal Ger\u00e4t der Klasse B+ hat die gleiche AIS-\u00dcbertragungspriorit\u00e4t wie ein Ger\u00e4t der Klasse A und bietet die zus\u00e4tzliche Sicherheit, dass selbst in Gebieten mit hohem Verkehrsaufkommen keine \u00dcbertragungsverluste oder -verz\u00f6gerungen auftreten. <\/span><\/p>\n<p>&nbsp;<\/p>\n<p><span class=\"fontstyle0\">Der ATB1 hat au\u00dferdem eine schnellere Melderate und eine h\u00f6here Ausgangsleistung als CSTDMA-Ger\u00e4te der Klasse B.  <\/span><span class=\"fontstyle0\">Es sendet alle 5 Sekunden AIS-\u00dcbertragungen anstelle der maximal zwei \u00dcbertragungen pro Minute und die Ausgangsleistung von 5 W anstelle von 2 W erm\u00f6glicht es Ihren \u00dcbertragungen, weiter zu reichen.<\/span><\/p>\n<p>&nbsp;<\/p>\n<p><span class=\"fontstyle0\">Eine mehrfarbige LED-Anzeige am ATB1 signalisiert den aktuellen Betriebszustand des Ger\u00e4ts. Diese zus\u00e4tzliche Sicherheitsfunktion gibt Ihnen die Gewissheit, dass das ATB1 eine kontinuierliche AIS-\u00dcbertragung und optimale Leistung bietet. Das ATB1 hat ein schlankes und dennoch robustes wasserdichtes Design, das eine hohe Leistung und einen geringen Energieverbrauch bietet.    <\/span><\/p>\n<p>&nbsp;<\/p>\n<p><span class=\"fontstyle0\">Die Installation ist schnell und einfach und die Lieferung erfolgt komplett mit einer externen<\/span> <span class=\"fontstyle0\">GPS-Antenne. Das bedeutet, dass Sie lediglich ein geeignetes Ger\u00e4t (Mobiltelefon, Tablet oder PC) ben\u00f6tigen, um Ihre Schiffsinformationen hochzuladen. Anschlie\u00dfend k\u00f6nnen Sie<\/span> <span class=\"fontstyle0\">innerhalb weniger Minuten mit der \u00dcbertragung Ihrer AIS-Nachrichten beginnen.<\/span><\/p>\n<p>&nbsp;<\/p>\n<p><span class=\"fontstyle0\">Ocean Signal ein f\u00fchrender Hersteller lebensrettender maritimer Produkte f\u00fcr den Berufs- und Freizeitmarkt, bietet mit dem ATB1-Transceiver der Klasse B erneut ein H\u00f6chstma\u00df an Sicherheit und Seelenfrieden.<\/span><\/p>\n<p>&nbsp;<\/p>\n<p><em><span class=\"fontstyle0\">* Selbstorganisierter Zeitmultiplex-Zugriff<br \/>\n **TDMA-Mehrfachzugriff mit Tr\u00e4gererkennung<\/span><\/em><\/p>\n<p>&nbsp;<\/p>\n<p>Informationen zu ATB1-Firmware-Updates und zum Revisionsverlauf finden Sie auf <strong><a href=\"http:\/\/oceansignal.com\/support\/product-programming\/atb1-class-b-ais-transceiver-programming\/software-updates\/\">dieser Seite<\/a><\/strong> .<\/p>\n","protected":false},"excerpt":{"rendered":"<p><span class=\"fontstyle0\">Der Ocean Signal <span class=\"fontstyle2\">ATB1<\/span> Klasse B+ AIS-Transceiver mit dem \u00fcberlegenen <span class=\"fontstyle2\">SOTDMA-<\/span> Zugriffsschema bietet verbesserte Sichtbarkeit und Sicherheit auf See.<\/span><\/p>\n<p> <span class=\"fontstyle0\">Der vollst\u00e4ndig konforme ATB1 Class B+ (SOTDMA) AIS-Transceiver von Ocean Signal ist das neueste Produkt in einer langen Reihe wichtiger Sicherheitsausr\u00fcstungen f\u00fcr den Seeverkehr, die in Gro\u00dfbritannien f\u00fcr den Schifffahrtsmarkt entwickelt und hergestellt werden<\/span> .<\/p>\n<p> <span class=\"fontstyle0\">Es wurde zur Kollisionsvermeidung entwickelt und bietet einen erheblichen Vorteil bei der Navigationssicherheit. Es gibt Ihnen die Gewissheit, dass Ihr Schiff auf den stark befahrenen Wasserstra\u00dfen von heute bei Tag und Nacht und bei jedem Wetter gesehen wird.<\/span><\/p>\n","protected":false},"featured_media":20890,"template":"","meta":{"_acf_changed":false,"om_disable_all_campaigns":false},"product_brand":[],"product_cat":[366],"product_tag":[],"class_list":{"0":"post-7044","1":"product","2":"type-product","3":"status-publish","4":"has-post-thumbnail","6":"product_cat-unterbrochen","8":"first","9":"outofstock","10":"taxable","11":"shipping-taxable","12":"product-type-simple"},"acf":[],"yoast_head":"<!-- This site is optimized with the Yoast SEO Premium plugin v25.2 (Yoast SEO v26.4) - https:\/\/yoast.com\/wordpress\/plugins\/seo\/ -->\n<title>AIS ATB1 Klasse B+ AIS Transceiver - Ocean Signal<\/title>\n<meta name=\"robots\" content=\"index, follow, max-snippet:-1, max-image-preview:large, max-video-preview:-1\" \/>\n<link rel=\"canonical\" href=\"https:\/\/oceansignal.com\/de\/products\/ais-atb1-klasse-b-ais-transceiver\/\" \/>\n<meta property=\"og:locale\" content=\"de_DE\" \/>\n<meta property=\"og:type\" content=\"article\" \/>\n<meta property=\"og:title\" content=\"AIS ATB1 Klasse B+ AIS Transceiver\" \/>\n<meta property=\"og:description\" content=\"Der Ocean Signal ATB1 Klasse B+ AIS-Transceiver mit dem \u00fcberlegenen SOTDMA- Zugriffsschema bietet verbesserte Sichtbarkeit und Sicherheit auf See.  Der vollst\u00e4ndig konforme ATB1 Class B+ (SOTDMA) AIS-Transceiver von Ocean Signal ist das neueste Produkt in einer langen Reihe wichtiger Sicherheitsausr\u00fcstungen f\u00fcr den Seeverkehr, die in Gro\u00dfbritannien f\u00fcr den Schifffahrtsmarkt entwickelt und hergestellt werden .  Es wurde zur Kollisionsvermeidung entwickelt und bietet einen erheblichen Vorteil bei der Navigationssicherheit. Es gibt Ihnen die Gewissheit, dass Ihr Schiff auf den stark befahrenen Wasserstra\u00dfen von heute bei Tag und Nacht und bei jedem Wetter gesehen wird.\" \/>\n<meta property=\"og:url\" content=\"https:\/\/oceansignal.com\/de\/products\/ais-atb1-klasse-b-ais-transceiver\/\" \/>\n<meta property=\"og:site_name\" content=\"Ocean Signal\" \/>\n<meta property=\"article:modified_time\" content=\"2025-09-23T15:43:14+00:00\" \/>\n<meta property=\"og:image\" content=\"https:\/\/oceansignal.com\/wp-content\/uploads\/2023\/09\/OSL-ATB1-Bundle-360_600x600-1.gif\" \/>\n\t<meta property=\"og:image:width\" content=\"600\" \/>\n\t<meta property=\"og:image:height\" content=\"600\" \/>\n\t<meta property=\"og:image:type\" content=\"image\/gif\" \/>\n<meta name=\"twitter:card\" content=\"summary_large_image\" \/>\n<meta name=\"twitter:label1\" content=\"Gesch\u00e4tzte Lesezeit\" \/>\n\t<meta name=\"twitter:data1\" content=\"2\u00a0Minuten\" \/>\n<script type=\"application\/ld+json\" class=\"yoast-schema-graph\">{\"@context\":\"https:\/\/schema.org\",\"@graph\":[{\"@type\":\"WebPage\",\"@id\":\"https:\/\/oceansignal.com\/de\/products\/ais-atb1-klasse-b-ais-transceiver\/\",\"url\":\"https:\/\/oceansignal.com\/de\/products\/ais-atb1-klasse-b-ais-transceiver\/\",\"name\":\"AIS ATB1 Klasse B+ AIS Transceiver - Ocean Signal\",\"isPartOf\":{\"@id\":\"https:\/\/oceansignal.com\/de\/#website\"},\"primaryImageOfPage\":{\"@id\":\"https:\/\/oceansignal.com\/de\/products\/ais-atb1-klasse-b-ais-transceiver\/#primaryimage\"},\"image\":{\"@id\":\"https:\/\/oceansignal.com\/de\/products\/ais-atb1-klasse-b-ais-transceiver\/#primaryimage\"},\"thumbnailUrl\":\"https:\/\/oceansignal.com\/wp-content\/uploads\/2023\/09\/OSL-ATB1-Bundle-360_600x600-1.gif\",\"datePublished\":\"2023-09-08T12:03:59+00:00\",\"dateModified\":\"2025-09-23T15:43:14+00:00\",\"breadcrumb\":{\"@id\":\"https:\/\/oceansignal.com\/de\/products\/ais-atb1-klasse-b-ais-transceiver\/#breadcrumb\"},\"inLanguage\":\"de\",\"potentialAction\":[{\"@type\":\"ReadAction\",\"target\":[\"https:\/\/oceansignal.com\/de\/products\/ais-atb1-klasse-b-ais-transceiver\/\"]}]},{\"@type\":\"ImageObject\",\"inLanguage\":\"de\",\"@id\":\"https:\/\/oceansignal.com\/de\/products\/ais-atb1-klasse-b-ais-transceiver\/#primaryimage\",\"url\":\"https:\/\/oceansignal.com\/wp-content\/uploads\/2023\/09\/OSL-ATB1-Bundle-360_600x600-1.gif\",\"contentUrl\":\"https:\/\/oceansignal.com\/wp-content\/uploads\/2023\/09\/OSL-ATB1-Bundle-360_600x600-1.gif\",\"width\":600,\"height\":600},{\"@type\":\"BreadcrumbList\",\"@id\":\"https:\/\/oceansignal.com\/de\/products\/ais-atb1-klasse-b-ais-transceiver\/#breadcrumb\",\"itemListElement\":[{\"@type\":\"ListItem\",\"position\":1,\"name\":\"Produkte\",\"item\":\"https:\/\/oceansignal.com\/de\/produkte\/\"},{\"@type\":\"ListItem\",\"position\":2,\"name\":\"AIS ATB1 Klasse B+ AIS Transceiver\"}]},{\"@type\":\"WebSite\",\"@id\":\"https:\/\/oceansignal.com\/de\/#website\",\"url\":\"https:\/\/oceansignal.com\/de\/\",\"name\":\"Ocean Signal\",\"description\":\"A leading manufacturer of EPIRBs, AIS, SARTs, Personal Locator Beacons, Man Overboard Beacon for the Marine and Outdoor Markets.\",\"potentialAction\":[{\"@type\":\"SearchAction\",\"target\":{\"@type\":\"EntryPoint\",\"urlTemplate\":\"https:\/\/oceansignal.com\/de\/?s={search_term_string}\"},\"query-input\":{\"@type\":\"PropertyValueSpecification\",\"valueRequired\":true,\"valueName\":\"search_term_string\"}}],\"inLanguage\":\"de\"}]}<\/script>\n<!-- \/ Yoast SEO Premium plugin. -->","yoast_head_json":{"title":"AIS ATB1 Klasse B+ AIS Transceiver - Ocean Signal","robots":{"index":"index","follow":"follow","max-snippet":"max-snippet:-1","max-image-preview":"max-image-preview:large","max-video-preview":"max-video-preview:-1"},"canonical":"https:\/\/oceansignal.com\/de\/products\/ais-atb1-klasse-b-ais-transceiver\/","og_locale":"de_DE","og_type":"article","og_title":"AIS ATB1 Klasse B+ AIS Transceiver","og_description":"Der Ocean Signal ATB1 Klasse B+ AIS-Transceiver mit dem \u00fcberlegenen SOTDMA- Zugriffsschema bietet verbesserte Sichtbarkeit und Sicherheit auf See.  Der vollst\u00e4ndig konforme ATB1 Class B+ (SOTDMA) AIS-Transceiver von Ocean Signal ist das neueste Produkt in einer langen Reihe wichtiger Sicherheitsausr\u00fcstungen f\u00fcr den Seeverkehr, die in Gro\u00dfbritannien f\u00fcr den Schifffahrtsmarkt entwickelt und hergestellt werden .  Es wurde zur Kollisionsvermeidung entwickelt und bietet einen erheblichen Vorteil bei der Navigationssicherheit. Es gibt Ihnen die Gewissheit, dass Ihr Schiff auf den stark befahrenen Wasserstra\u00dfen von heute bei Tag und Nacht und bei jedem Wetter gesehen wird.","og_url":"https:\/\/oceansignal.com\/de\/products\/ais-atb1-klasse-b-ais-transceiver\/","og_site_name":"Ocean Signal","article_modified_time":"2025-09-23T15:43:14+00:00","og_image":[{"url":"https:\/\/oceansignal.com\/wp-content\/uploads\/2023\/09\/OSL-ATB1-Bundle-360_600x600-1.gif","width":600,"height":600,"type":"image\/gif"}],"twitter_card":"summary_large_image","twitter_misc":{"Gesch\u00e4tzte Lesezeit":"2\u00a0Minuten"},"schema":{"@context":"https:\/\/schema.org","@graph":[{"@type":"WebPage","@id":"https:\/\/oceansignal.com\/de\/products\/ais-atb1-klasse-b-ais-transceiver\/","url":"https:\/\/oceansignal.com\/de\/products\/ais-atb1-klasse-b-ais-transceiver\/","name":"AIS ATB1 Klasse B+ AIS Transceiver - Ocean Signal","isPartOf":{"@id":"https:\/\/oceansignal.com\/de\/#website"},"primaryImageOfPage":{"@id":"https:\/\/oceansignal.com\/de\/products\/ais-atb1-klasse-b-ais-transceiver\/#primaryimage"},"image":{"@id":"https:\/\/oceansignal.com\/de\/products\/ais-atb1-klasse-b-ais-transceiver\/#primaryimage"},"thumbnailUrl":"https:\/\/oceansignal.com\/wp-content\/uploads\/2023\/09\/OSL-ATB1-Bundle-360_600x600-1.gif","datePublished":"2023-09-08T12:03:59+00:00","dateModified":"2025-09-23T15:43:14+00:00","breadcrumb":{"@id":"https:\/\/oceansignal.com\/de\/products\/ais-atb1-klasse-b-ais-transceiver\/#breadcrumb"},"inLanguage":"de","potentialAction":[{"@type":"ReadAction","target":["https:\/\/oceansignal.com\/de\/products\/ais-atb1-klasse-b-ais-transceiver\/"]}]},{"@type":"ImageObject","inLanguage":"de","@id":"https:\/\/oceansignal.com\/de\/products\/ais-atb1-klasse-b-ais-transceiver\/#primaryimage","url":"https:\/\/oceansignal.com\/wp-content\/uploads\/2023\/09\/OSL-ATB1-Bundle-360_600x600-1.gif","contentUrl":"https:\/\/oceansignal.com\/wp-content\/uploads\/2023\/09\/OSL-ATB1-Bundle-360_600x600-1.gif","width":600,"height":600},{"@type":"BreadcrumbList","@id":"https:\/\/oceansignal.com\/de\/products\/ais-atb1-klasse-b-ais-transceiver\/#breadcrumb","itemListElement":[{"@type":"ListItem","position":1,"name":"Produkte","item":"https:\/\/oceansignal.com\/de\/produkte\/"},{"@type":"ListItem","position":2,"name":"AIS ATB1 Klasse B+ AIS Transceiver"}]},{"@type":"WebSite","@id":"https:\/\/oceansignal.com\/de\/#website","url":"https:\/\/oceansignal.com\/de\/","name":"Ocean Signal","description":"A leading manufacturer of EPIRBs, AIS, SARTs, Personal Locator Beacons, Man Overboard Beacon for the Marine and Outdoor Markets.","potentialAction":[{"@type":"SearchAction","target":{"@type":"EntryPoint","urlTemplate":"https:\/\/oceansignal.com\/de\/?s={search_term_string}"},"query-input":{"@type":"PropertyValueSpecification","valueRequired":true,"valueName":"search_term_string"}}],"inLanguage":"de"}]}},"_links":{"self":[{"href":"https:\/\/oceansignal.com\/de\/wp-json\/wp\/v2\/product\/7044","targetHints":{"allow":["GET"]}}],"collection":[{"href":"https:\/\/oceansignal.com\/de\/wp-json\/wp\/v2\/product"}],"about":[{"href":"https:\/\/oceansignal.com\/de\/wp-json\/wp\/v2\/types\/product"}],"wp:featuredmedia":[{"embeddable":true,"href":"https:\/\/oceansignal.com\/de\/wp-json\/wp\/v2\/media\/20890"}],"wp:attachment":[{"href":"https:\/\/oceansignal.com\/de\/wp-json\/wp\/v2\/media?parent=7044"}],"wp:term":[{"taxonomy":"product_brand","embeddable":true,"href":"https:\/\/oceansignal.com\/de\/wp-json\/wp\/v2\/product_brand?post=7044"},{"taxonomy":"product_cat","embeddable":true,"href":"https:\/\/oceansignal.com\/de\/wp-json\/wp\/v2\/product_cat?post=7044"},{"taxonomy":"product_tag","embeddable":true,"href":"https:\/\/oceansignal.com\/de\/wp-json\/wp\/v2\/product_tag?post=7044"}],"curies":[{"name":"wp","href":"https:\/\/api.w.org\/{rel}","templated":true}]}}