{"id":7056,"date":"2023-09-08T12:12:42","date_gmt":"2023-09-08T12:12:42","guid":{"rendered":"https:\/\/oceansignal.com\/products\/ais-atb1-klasse-b-ais-bundle\/"},"modified":"2025-07-30T12:31:18","modified_gmt":"2025-07-30T12:31:18","slug":"ais-atb1-klasse-b-ais-bundle","status":"publish","type":"product","link":"https:\/\/oceansignal.com\/de\/products\/ais-atb1-klasse-b-ais-bundle\/","title":{"rendered":"AIS ATB1 Klasse B+ AIS-Bundle"},"content":{"rendered":"<p>&nbsp;<\/p>\n<table>\n<tbody>\n<tr>\n<th><\/th>\n<th class=\"content-entry\">Das kompakte MOB1 l\u00e4sst sich leicht in eine Rettungsweste integrieren und kommuniziert mit dem ATB1 sowie mit AIS-ausger\u00fcsteten Booten in einem Umkreis von etwa f\u00fcnf Meilen. Es bietet zwei M\u00f6glichkeiten, die Position des \u00fcber Bord gegangenen Mannes im Notfall schnell zu \u00fcbermitteln. Erstens sendet es eine Warnung an alle AIS-Empf\u00e4nger und AIS-f\u00e4higen Plotter in der N\u00e4he. Zweitens aktiviert das MOB1 den DSC-Alarm auf dem UKW-Radio des Schiffes, um die Besatzungsmitglieder zu warnen. W\u00e4hrend die Besatzung die Position der Person w\u00e4hrend der Bergung verfolgen kann, sorgt das integrierte Blitzlicht mit geformter Linse daf\u00fcr, dass der \u00dcberlebende auch bei schlechten Lichtverh\u00e4ltnissen leicht entdeckt werden kann.   <\/th>\n<\/tr>\n<tr>\n<th><\/th>\n<th><a href=\"https:\/\/oceansignal.com\/de\/products\/rescueme-mob1\/\">Klicken Sie hier f\u00fcr weitere Details zum MOB1<\/a><\/p>\n<p>&nbsp;<\/th>\n<\/tr>\n<tr>\n<th><\/th>\n<th><\/th>\n<\/tr>\n<tr>\n<th><\/th>\n<th>Der fortschrittliche Class B+ (SOTDMA) ATB1 AIS-Transponder von Ocean Signal wurde entwickelt, um Bootsbesitzern mehr Sichtbarkeit und Navigationssicherheit zu bieten. Der ATB1 ist mit der \u00fcberlegenen SOTDMA-Technologie ausgestattet und bietet erhebliche Vorteile, darunter eine h\u00f6here Priorit\u00e4t f\u00fcr Positionsmeldungen ohne Verlust oder Verz\u00f6gerung der \u00dcbertragung. Dadurch wird die Sichtbarkeit des Benutzers in stark befahrenen Gew\u00e4ssern durch andere Schiffe verbessert und Kollisionen bei Tag und Nacht und unter allen Bedingungen vermieden. Er hat eine schnellere Melderate und eine h\u00f6here Ausgangsleistung als Standard-CSTDMA-Klasse-B-Ger\u00e4te und sendet AIS-\u00dcbertragungen alle f\u00fcnf Sekunden statt der CSTDMA-Zwei\u00fcbertragungen pro Minute. Die Ausgangsleistung des Ger\u00e4ts von 5 W im Vergleich zu den standardm\u00e4\u00dfigen 2 W erm\u00f6glicht eine gr\u00f6\u00dfere Reichweite der \u00dcbertragungen.   <\/th>\n<\/tr>\n<tr>\n<th><\/th>\n<th><a href=\"https:\/\/oceansignal.com\/products\/atb1\/\">Klicken Sie hier f\u00fcr weitere Informationen zum ATB1<\/a><\/th>\n<\/tr>\n<\/tbody>\n<\/table>\n","protected":false},"excerpt":{"rendered":"<p>Das neue Ocean Signal ATB1 AIS-Paket vereint die neueste AIS-Technologie der Klasse B+ im ATB1-Transponder mit zwei preisgekr\u00f6nten rescueME MOB1-Mann-\u00fcber-Bord-Signalen, um die besten Chancen auf eine schnelle Rettung durch das eigene Schiff des \u00dcberlebenden oder andere Schiffe in der N\u00e4he zu gew\u00e4hrleisten, falls jemand ins Wasser f\u00e4llt. Das AIS-Kit bringt die Sicherheit an Bord auf ein neues Niveau.<\/p>\n","protected":false},"featured_media":19211,"template":"","meta":{"_acf_changed":false,"om_disable_all_campaigns":false},"product_brand":[],"product_cat":[366],"product_tag":[],"class_list":{"0":"post-7056","1":"product","2":"type-product","3":"status-publish","4":"has-post-thumbnail","6":"product_cat-unterbrochen","8":"first","9":"instock","10":"taxable","11":"shipping-taxable","12":"product-type-simple"},"acf":[],"yoast_head":"<!-- This site is optimized with the Yoast SEO Premium plugin v25.2 (Yoast SEO v26.4) - https:\/\/yoast.com\/wordpress\/plugins\/seo\/ -->\n<title>AIS ATB1 Klasse B+ AIS-Bundle - Ocean Signal<\/title>\n<meta name=\"robots\" content=\"index, follow, max-snippet:-1, max-image-preview:large, max-video-preview:-1\" \/>\n<link rel=\"canonical\" href=\"https:\/\/oceansignal.com\/de\/products\/ais-atb1-klasse-b-ais-bundle\/\" \/>\n<meta property=\"og:locale\" content=\"de_DE\" \/>\n<meta property=\"og:type\" content=\"article\" \/>\n<meta property=\"og:title\" content=\"AIS ATB1 Klasse B+ AIS-Bundle\" \/>\n<meta property=\"og:description\" content=\"Das neue Ocean Signal ATB1 AIS-Paket vereint die neueste AIS-Technologie der Klasse B+ im ATB1-Transponder mit zwei preisgekr\u00f6nten rescueME MOB1-Mann-\u00fcber-Bord-Signalen, um die besten Chancen auf eine schnelle Rettung durch das eigene Schiff des \u00dcberlebenden oder andere Schiffe in der N\u00e4he zu gew\u00e4hrleisten, falls jemand ins Wasser f\u00e4llt. Das AIS-Kit bringt die Sicherheit an Bord auf ein neues Niveau.\" \/>\n<meta property=\"og:url\" content=\"https:\/\/oceansignal.com\/de\/products\/ais-atb1-klasse-b-ais-bundle\/\" \/>\n<meta property=\"og:site_name\" content=\"Ocean Signal\" \/>\n<meta property=\"article:modified_time\" content=\"2025-07-30T12:31:18+00:00\" \/>\n<meta property=\"og:image\" content=\"https:\/\/oceansignal.com\/wp-content\/uploads\/2023\/09\/OSL-ATB1-MOB-Bundle1-Left-Angle.png\" \/>\n\t<meta property=\"og:image:width\" content=\"720\" \/>\n\t<meta property=\"og:image:height\" content=\"720\" \/>\n\t<meta property=\"og:image:type\" content=\"image\/png\" \/>\n<meta name=\"twitter:card\" content=\"summary_large_image\" \/>\n<meta name=\"twitter:label1\" content=\"Gesch\u00e4tzte Lesezeit\" \/>\n\t<meta name=\"twitter:data1\" content=\"1\u00a0Minute\" \/>\n<script type=\"application\/ld+json\" class=\"yoast-schema-graph\">{\"@context\":\"https:\/\/schema.org\",\"@graph\":[{\"@type\":\"WebPage\",\"@id\":\"https:\/\/oceansignal.com\/de\/products\/ais-atb1-klasse-b-ais-bundle\/\",\"url\":\"https:\/\/oceansignal.com\/de\/products\/ais-atb1-klasse-b-ais-bundle\/\",\"name\":\"AIS ATB1 Klasse B+ AIS-Bundle - Ocean Signal\",\"isPartOf\":{\"@id\":\"https:\/\/oceansignal.com\/de\/#website\"},\"primaryImageOfPage\":{\"@id\":\"https:\/\/oceansignal.com\/de\/products\/ais-atb1-klasse-b-ais-bundle\/#primaryimage\"},\"image\":{\"@id\":\"https:\/\/oceansignal.com\/de\/products\/ais-atb1-klasse-b-ais-bundle\/#primaryimage\"},\"thumbnailUrl\":\"https:\/\/oceansignal.com\/wp-content\/uploads\/2023\/09\/OSL-ATB1-MOB-Bundle1-Left-Angle.png\",\"datePublished\":\"2023-09-08T12:12:42+00:00\",\"dateModified\":\"2025-07-30T12:31:18+00:00\",\"breadcrumb\":{\"@id\":\"https:\/\/oceansignal.com\/de\/products\/ais-atb1-klasse-b-ais-bundle\/#breadcrumb\"},\"inLanguage\":\"de\",\"potentialAction\":[{\"@type\":\"ReadAction\",\"target\":[\"https:\/\/oceansignal.com\/de\/products\/ais-atb1-klasse-b-ais-bundle\/\"]}]},{\"@type\":\"ImageObject\",\"inLanguage\":\"de\",\"@id\":\"https:\/\/oceansignal.com\/de\/products\/ais-atb1-klasse-b-ais-bundle\/#primaryimage\",\"url\":\"https:\/\/oceansignal.com\/wp-content\/uploads\/2023\/09\/OSL-ATB1-MOB-Bundle1-Left-Angle.png\",\"contentUrl\":\"https:\/\/oceansignal.com\/wp-content\/uploads\/2023\/09\/OSL-ATB1-MOB-Bundle1-Left-Angle.png\",\"width\":720,\"height\":720},{\"@type\":\"BreadcrumbList\",\"@id\":\"https:\/\/oceansignal.com\/de\/products\/ais-atb1-klasse-b-ais-bundle\/#breadcrumb\",\"itemListElement\":[{\"@type\":\"ListItem\",\"position\":1,\"name\":\"Produkte\",\"item\":\"https:\/\/oceansignal.com\/de\/produkte\/\"},{\"@type\":\"ListItem\",\"position\":2,\"name\":\"AIS ATB1 Klasse B+ AIS-Bundle\"}]},{\"@type\":\"WebSite\",\"@id\":\"https:\/\/oceansignal.com\/de\/#website\",\"url\":\"https:\/\/oceansignal.com\/de\/\",\"name\":\"Ocean Signal\",\"description\":\"A leading manufacturer of EPIRBs, AIS, SARTs, Personal Locator Beacons, Man Overboard Beacon for the Marine and Outdoor Markets.\",\"potentialAction\":[{\"@type\":\"SearchAction\",\"target\":{\"@type\":\"EntryPoint\",\"urlTemplate\":\"https:\/\/oceansignal.com\/de\/?s={search_term_string}\"},\"query-input\":{\"@type\":\"PropertyValueSpecification\",\"valueRequired\":true,\"valueName\":\"search_term_string\"}}],\"inLanguage\":\"de\"}]}<\/script>\n<!-- \/ Yoast SEO Premium plugin. -->","yoast_head_json":{"title":"AIS ATB1 Klasse B+ AIS-Bundle - Ocean Signal","robots":{"index":"index","follow":"follow","max-snippet":"max-snippet:-1","max-image-preview":"max-image-preview:large","max-video-preview":"max-video-preview:-1"},"canonical":"https:\/\/oceansignal.com\/de\/products\/ais-atb1-klasse-b-ais-bundle\/","og_locale":"de_DE","og_type":"article","og_title":"AIS ATB1 Klasse B+ AIS-Bundle","og_description":"Das neue Ocean Signal ATB1 AIS-Paket vereint die neueste AIS-Technologie der Klasse B+ im ATB1-Transponder mit zwei preisgekr\u00f6nten rescueME MOB1-Mann-\u00fcber-Bord-Signalen, um die besten Chancen auf eine schnelle Rettung durch das eigene Schiff des \u00dcberlebenden oder andere Schiffe in der N\u00e4he zu gew\u00e4hrleisten, falls jemand ins Wasser f\u00e4llt. Das AIS-Kit bringt die Sicherheit an Bord auf ein neues Niveau.","og_url":"https:\/\/oceansignal.com\/de\/products\/ais-atb1-klasse-b-ais-bundle\/","og_site_name":"Ocean Signal","article_modified_time":"2025-07-30T12:31:18+00:00","og_image":[{"width":720,"height":720,"url":"https:\/\/oceansignal.com\/wp-content\/uploads\/2023\/09\/OSL-ATB1-MOB-Bundle1-Left-Angle.png","type":"image\/png"}],"twitter_card":"summary_large_image","twitter_misc":{"Gesch\u00e4tzte Lesezeit":"1\u00a0Minute"},"schema":{"@context":"https:\/\/schema.org","@graph":[{"@type":"WebPage","@id":"https:\/\/oceansignal.com\/de\/products\/ais-atb1-klasse-b-ais-bundle\/","url":"https:\/\/oceansignal.com\/de\/products\/ais-atb1-klasse-b-ais-bundle\/","name":"AIS ATB1 Klasse B+ AIS-Bundle - Ocean Signal","isPartOf":{"@id":"https:\/\/oceansignal.com\/de\/#website"},"primaryImageOfPage":{"@id":"https:\/\/oceansignal.com\/de\/products\/ais-atb1-klasse-b-ais-bundle\/#primaryimage"},"image":{"@id":"https:\/\/oceansignal.com\/de\/products\/ais-atb1-klasse-b-ais-bundle\/#primaryimage"},"thumbnailUrl":"https:\/\/oceansignal.com\/wp-content\/uploads\/2023\/09\/OSL-ATB1-MOB-Bundle1-Left-Angle.png","datePublished":"2023-09-08T12:12:42+00:00","dateModified":"2025-07-30T12:31:18+00:00","breadcrumb":{"@id":"https:\/\/oceansignal.com\/de\/products\/ais-atb1-klasse-b-ais-bundle\/#breadcrumb"},"inLanguage":"de","potentialAction":[{"@type":"ReadAction","target":["https:\/\/oceansignal.com\/de\/products\/ais-atb1-klasse-b-ais-bundle\/"]}]},{"@type":"ImageObject","inLanguage":"de","@id":"https:\/\/oceansignal.com\/de\/products\/ais-atb1-klasse-b-ais-bundle\/#primaryimage","url":"https:\/\/oceansignal.com\/wp-content\/uploads\/2023\/09\/OSL-ATB1-MOB-Bundle1-Left-Angle.png","contentUrl":"https:\/\/oceansignal.com\/wp-content\/uploads\/2023\/09\/OSL-ATB1-MOB-Bundle1-Left-Angle.png","width":720,"height":720},{"@type":"BreadcrumbList","@id":"https:\/\/oceansignal.com\/de\/products\/ais-atb1-klasse-b-ais-bundle\/#breadcrumb","itemListElement":[{"@type":"ListItem","position":1,"name":"Produkte","item":"https:\/\/oceansignal.com\/de\/produkte\/"},{"@type":"ListItem","position":2,"name":"AIS ATB1 Klasse B+ AIS-Bundle"}]},{"@type":"WebSite","@id":"https:\/\/oceansignal.com\/de\/#website","url":"https:\/\/oceansignal.com\/de\/","name":"Ocean Signal","description":"A leading manufacturer of EPIRBs, AIS, SARTs, Personal Locator Beacons, Man Overboard Beacon for the Marine and Outdoor Markets.","potentialAction":[{"@type":"SearchAction","target":{"@type":"EntryPoint","urlTemplate":"https:\/\/oceansignal.com\/de\/?s={search_term_string}"},"query-input":{"@type":"PropertyValueSpecification","valueRequired":true,"valueName":"search_term_string"}}],"inLanguage":"de"}]}},"_links":{"self":[{"href":"https:\/\/oceansignal.com\/de\/wp-json\/wp\/v2\/product\/7056","targetHints":{"allow":["GET"]}}],"collection":[{"href":"https:\/\/oceansignal.com\/de\/wp-json\/wp\/v2\/product"}],"about":[{"href":"https:\/\/oceansignal.com\/de\/wp-json\/wp\/v2\/types\/product"}],"wp:featuredmedia":[{"embeddable":true,"href":"https:\/\/oceansignal.com\/de\/wp-json\/wp\/v2\/media\/19211"}],"wp:attachment":[{"href":"https:\/\/oceansignal.com\/de\/wp-json\/wp\/v2\/media?parent=7056"}],"wp:term":[{"taxonomy":"product_brand","embeddable":true,"href":"https:\/\/oceansignal.com\/de\/wp-json\/wp\/v2\/product_brand?post=7056"},{"taxonomy":"product_cat","embeddable":true,"href":"https:\/\/oceansignal.com\/de\/wp-json\/wp\/v2\/product_cat?post=7056"},{"taxonomy":"product_tag","embeddable":true,"href":"https:\/\/oceansignal.com\/de\/wp-json\/wp\/v2\/product_tag?post=7056"}],"curies":[{"name":"wp","href":"https:\/\/api.w.org\/{rel}","templated":true}]}}