{"id":7169,"date":"2023-09-08T12:47:59","date_gmt":"2023-09-08T12:47:59","guid":{"rendered":"https:\/\/oceansignal.com\/products\/ais-alarm\/"},"modified":"2025-11-26T08:54:58","modified_gmt":"2025-11-26T08:54:58","slug":"ais-alarm","status":"publish","type":"product","link":"https:\/\/oceansignal.com\/de\/products\/ais-alarm\/","title":{"rendered":"AIS Alarm"},"content":{"rendered":"<p>Der Ocean Signal AIS Alarm ist wasserdicht, sodass er bei Bedarf auch extern montiert werden kann, und kann vom Benutzer mit bis zu 30 einzelnen MMSI-Nummern programmiert werden, um visuelle und akustische Alarme bereitzustellen (akustische Alarme verf\u00fcgen \u00fcber mehrere T\u00f6ne, um die Quelle des AIS-Signals zu identifizieren \u2013 MOB oder SART).  <span class=\"fontstyle0\">Eine integrierte Relaisoption erm\u00f6glicht den Anschluss an einen externen Alarm oder den Notausschalter des Schiffsmotors. Das Relais kann so programmiert werden, dass es bei Bedarf aktiviert wird. <\/span><\/p>\n<p>Koppeln Sie es mit dem Ocean Signal AIS <a href=\"https:\/\/oceansignal.com\/de\/products\/rescueme-mob1\/\">MOB1<\/a> oder <a href=\"https:\/\/oceansignal.com\/products\/rescueme-plb3-ais-plb\/\">PLB3<\/a> um die Besatzung in der Kabine Ihres Mann-\u00fcber-Bord-Alarms zu alarmieren.<\/p>\n<p>Die Konfiguration des AIS Alarm kann durch Herunterladen der Software unter dem folgenden Link erfolgen:<\/p>\n<p>&nbsp;<\/p>\n<p><a href=\"https:\/\/oceansignal.com\/de\/unterstuetzen\/produktprogrammierung\/programmierung-der-ais-alarmbox\/\">AIS Alarm<\/a><\/p>\n<p>&nbsp;<\/p>\n<p><em>Obwohl alle Anstrengungen unternommen wurden, um sicherzustellen, dass die Informationen auf dieser Seite korrekt sind, k\u00f6nnen Produkte und Spezifikationen ohne Vorank\u00fcndigung ge\u00e4ndert werden.<\/em><\/p>\n","protected":false},"excerpt":{"rendered":"<p>Die <strong>AIS-Alarmbox<\/strong> ist so konzipiert, dass beim Empfang eines AIS MOB oder AIS SART-Signals ein 87 dB lauter Alarm ausgel\u00f6st wird, der sicherstellt, dass alle auf dem Schiff vor einem m\u00f6glichen MOB oder einer rettungsbed\u00fcrftigen Besatzung gewarnt werden. Dank ihres einfachen Designs, ihrer Kompaktheit und der Verwendung von NMEA 0183 ist die Integration der AIS Alarm in Ihren AIS-Empf\u00e4nger und Ihr vorhandenes Netzwerk ganz einfach. <\/p>\n<p><a href=\"https:\/\/www.dropbox.com\/s\/fk04stqsp2hgk5f\/Prop%2065%20-%20DEHP.pdf?dl=0\">WARNUNG: PROP 65<\/a><\/p>\n","protected":false},"featured_media":20779,"template":"","meta":{"_acf_changed":false,"om_disable_all_campaigns":false},"product_brand":[],"product_cat":[383],"product_tag":[],"class_list":{"0":"post-7169","1":"product","2":"type-product","3":"status-publish","4":"has-post-thumbnail","6":"product_cat-ais-de-2","8":"first","9":"instock","10":"taxable","11":"shipping-taxable","12":"purchasable","13":"product-type-simple"},"acf":[],"yoast_head":"<!-- This site is optimized with the Yoast SEO Premium plugin v25.2 (Yoast SEO v26.4) - https:\/\/yoast.com\/wordpress\/plugins\/seo\/ -->\n<title>AIS Alarm - Ocean Signal<\/title>\n<meta name=\"description\" content=\"Ocean Signal Alarm Box: Zuverl\u00e4ssige maritime Sicherheitsl\u00f6sung f\u00fcr sofortige Alarme bei einem AIS-Mann-\u00fcber-Bord-Notfall. Gew\u00e4hrleisten Sie eine schnelle Reaktion in Notf\u00e4llen.\" \/>\n<meta name=\"robots\" content=\"index, follow, max-snippet:-1, max-image-preview:large, max-video-preview:-1\" \/>\n<link rel=\"canonical\" href=\"https:\/\/oceansignal.com\/de\/products\/ais-alarm\/\" \/>\n<meta property=\"og:locale\" content=\"de_DE\" \/>\n<meta property=\"og:type\" content=\"article\" \/>\n<meta property=\"og:title\" content=\"AIS Alarm\" \/>\n<meta property=\"og:description\" content=\"Ocean Signal Alarm Box: Zuverl\u00e4ssige maritime Sicherheitsl\u00f6sung f\u00fcr sofortige Alarme bei einem AIS-Mann-\u00fcber-Bord-Notfall. Gew\u00e4hrleisten Sie eine schnelle Reaktion in Notf\u00e4llen.\" \/>\n<meta property=\"og:url\" content=\"https:\/\/oceansignal.com\/de\/products\/ais-alarm\/\" \/>\n<meta property=\"og:site_name\" content=\"Ocean Signal\" \/>\n<meta property=\"article:modified_time\" content=\"2025-11-26T08:54:58+00:00\" \/>\n<meta property=\"og:image\" content=\"https:\/\/oceansignal.com\/wp-content\/uploads\/2023\/09\/OSL-AIS-Alarm-360_600x600.gif\" \/>\n\t<meta property=\"og:image:width\" content=\"600\" \/>\n\t<meta property=\"og:image:height\" content=\"600\" \/>\n\t<meta property=\"og:image:type\" content=\"image\/gif\" \/>\n<meta name=\"twitter:card\" content=\"summary_large_image\" \/>\n<meta name=\"twitter:label1\" content=\"Gesch\u00e4tzte Lesezeit\" \/>\n\t<meta name=\"twitter:data1\" content=\"1\u00a0Minute\" \/>\n<script type=\"application\/ld+json\" class=\"yoast-schema-graph\">{\"@context\":\"https:\/\/schema.org\",\"@graph\":[{\"@type\":\"WebPage\",\"@id\":\"https:\/\/oceansignal.com\/de\/products\/ais-alarm\/\",\"url\":\"https:\/\/oceansignal.com\/de\/products\/ais-alarm\/\",\"name\":\"AIS Alarm - Ocean Signal\",\"isPartOf\":{\"@id\":\"https:\/\/oceansignal.com\/de\/#website\"},\"primaryImageOfPage\":{\"@id\":\"https:\/\/oceansignal.com\/de\/products\/ais-alarm\/#primaryimage\"},\"image\":{\"@id\":\"https:\/\/oceansignal.com\/de\/products\/ais-alarm\/#primaryimage\"},\"thumbnailUrl\":\"https:\/\/oceansignal.com\/wp-content\/uploads\/2023\/09\/OSL-AIS-Alarm-360_600x600.gif\",\"datePublished\":\"2023-09-08T12:47:59+00:00\",\"dateModified\":\"2025-11-26T08:54:58+00:00\",\"description\":\"Ocean Signal Alarm Box: Zuverl\u00e4ssige maritime Sicherheitsl\u00f6sung f\u00fcr sofortige Alarme bei einem AIS-Mann-\u00fcber-Bord-Notfall. Gew\u00e4hrleisten Sie eine schnelle Reaktion in Notf\u00e4llen.\",\"breadcrumb\":{\"@id\":\"https:\/\/oceansignal.com\/de\/products\/ais-alarm\/#breadcrumb\"},\"inLanguage\":\"de\",\"potentialAction\":[{\"@type\":\"ReadAction\",\"target\":[\"https:\/\/oceansignal.com\/de\/products\/ais-alarm\/\"]}]},{\"@type\":\"ImageObject\",\"inLanguage\":\"de\",\"@id\":\"https:\/\/oceansignal.com\/de\/products\/ais-alarm\/#primaryimage\",\"url\":\"https:\/\/oceansignal.com\/wp-content\/uploads\/2023\/09\/OSL-AIS-Alarm-360_600x600.gif\",\"contentUrl\":\"https:\/\/oceansignal.com\/wp-content\/uploads\/2023\/09\/OSL-AIS-Alarm-360_600x600.gif\",\"width\":600,\"height\":600},{\"@type\":\"BreadcrumbList\",\"@id\":\"https:\/\/oceansignal.com\/de\/products\/ais-alarm\/#breadcrumb\",\"itemListElement\":[{\"@type\":\"ListItem\",\"position\":1,\"name\":\"Produkte\",\"item\":\"https:\/\/oceansignal.com\/de\/produkte\/\"},{\"@type\":\"ListItem\",\"position\":2,\"name\":\"AIS Alarm\"}]},{\"@type\":\"WebSite\",\"@id\":\"https:\/\/oceansignal.com\/de\/#website\",\"url\":\"https:\/\/oceansignal.com\/de\/\",\"name\":\"Ocean Signal\",\"description\":\"A leading manufacturer of EPIRBs, AIS, SARTs, Personal Locator Beacons, Man Overboard Beacon for the Marine and Outdoor Markets.\",\"potentialAction\":[{\"@type\":\"SearchAction\",\"target\":{\"@type\":\"EntryPoint\",\"urlTemplate\":\"https:\/\/oceansignal.com\/de\/?s={search_term_string}\"},\"query-input\":{\"@type\":\"PropertyValueSpecification\",\"valueRequired\":true,\"valueName\":\"search_term_string\"}}],\"inLanguage\":\"de\"}]}<\/script>\n<!-- \/ Yoast SEO Premium plugin. -->","yoast_head_json":{"title":"AIS Alarm - Ocean Signal","description":"Ocean Signal Alarm Box: Zuverl\u00e4ssige maritime Sicherheitsl\u00f6sung f\u00fcr sofortige Alarme bei einem AIS-Mann-\u00fcber-Bord-Notfall. Gew\u00e4hrleisten Sie eine schnelle Reaktion in Notf\u00e4llen.","robots":{"index":"index","follow":"follow","max-snippet":"max-snippet:-1","max-image-preview":"max-image-preview:large","max-video-preview":"max-video-preview:-1"},"canonical":"https:\/\/oceansignal.com\/de\/products\/ais-alarm\/","og_locale":"de_DE","og_type":"article","og_title":"AIS Alarm","og_description":"Ocean Signal Alarm Box: Zuverl\u00e4ssige maritime Sicherheitsl\u00f6sung f\u00fcr sofortige Alarme bei einem AIS-Mann-\u00fcber-Bord-Notfall. Gew\u00e4hrleisten Sie eine schnelle Reaktion in Notf\u00e4llen.","og_url":"https:\/\/oceansignal.com\/de\/products\/ais-alarm\/","og_site_name":"Ocean Signal","article_modified_time":"2025-11-26T08:54:58+00:00","og_image":[{"url":"https:\/\/oceansignal.com\/wp-content\/uploads\/2023\/09\/OSL-AIS-Alarm-360_600x600.gif","width":600,"height":600,"type":"image\/gif"}],"twitter_card":"summary_large_image","twitter_misc":{"Gesch\u00e4tzte Lesezeit":"1\u00a0Minute"},"schema":{"@context":"https:\/\/schema.org","@graph":[{"@type":"WebPage","@id":"https:\/\/oceansignal.com\/de\/products\/ais-alarm\/","url":"https:\/\/oceansignal.com\/de\/products\/ais-alarm\/","name":"AIS Alarm - Ocean Signal","isPartOf":{"@id":"https:\/\/oceansignal.com\/de\/#website"},"primaryImageOfPage":{"@id":"https:\/\/oceansignal.com\/de\/products\/ais-alarm\/#primaryimage"},"image":{"@id":"https:\/\/oceansignal.com\/de\/products\/ais-alarm\/#primaryimage"},"thumbnailUrl":"https:\/\/oceansignal.com\/wp-content\/uploads\/2023\/09\/OSL-AIS-Alarm-360_600x600.gif","datePublished":"2023-09-08T12:47:59+00:00","dateModified":"2025-11-26T08:54:58+00:00","description":"Ocean Signal Alarm Box: Zuverl\u00e4ssige maritime Sicherheitsl\u00f6sung f\u00fcr sofortige Alarme bei einem AIS-Mann-\u00fcber-Bord-Notfall. Gew\u00e4hrleisten Sie eine schnelle Reaktion in Notf\u00e4llen.","breadcrumb":{"@id":"https:\/\/oceansignal.com\/de\/products\/ais-alarm\/#breadcrumb"},"inLanguage":"de","potentialAction":[{"@type":"ReadAction","target":["https:\/\/oceansignal.com\/de\/products\/ais-alarm\/"]}]},{"@type":"ImageObject","inLanguage":"de","@id":"https:\/\/oceansignal.com\/de\/products\/ais-alarm\/#primaryimage","url":"https:\/\/oceansignal.com\/wp-content\/uploads\/2023\/09\/OSL-AIS-Alarm-360_600x600.gif","contentUrl":"https:\/\/oceansignal.com\/wp-content\/uploads\/2023\/09\/OSL-AIS-Alarm-360_600x600.gif","width":600,"height":600},{"@type":"BreadcrumbList","@id":"https:\/\/oceansignal.com\/de\/products\/ais-alarm\/#breadcrumb","itemListElement":[{"@type":"ListItem","position":1,"name":"Produkte","item":"https:\/\/oceansignal.com\/de\/produkte\/"},{"@type":"ListItem","position":2,"name":"AIS Alarm"}]},{"@type":"WebSite","@id":"https:\/\/oceansignal.com\/de\/#website","url":"https:\/\/oceansignal.com\/de\/","name":"Ocean Signal","description":"A leading manufacturer of EPIRBs, AIS, SARTs, Personal Locator Beacons, Man Overboard Beacon for the Marine and Outdoor Markets.","potentialAction":[{"@type":"SearchAction","target":{"@type":"EntryPoint","urlTemplate":"https:\/\/oceansignal.com\/de\/?s={search_term_string}"},"query-input":{"@type":"PropertyValueSpecification","valueRequired":true,"valueName":"search_term_string"}}],"inLanguage":"de"}]}},"_links":{"self":[{"href":"https:\/\/oceansignal.com\/de\/wp-json\/wp\/v2\/product\/7169","targetHints":{"allow":["GET"]}}],"collection":[{"href":"https:\/\/oceansignal.com\/de\/wp-json\/wp\/v2\/product"}],"about":[{"href":"https:\/\/oceansignal.com\/de\/wp-json\/wp\/v2\/types\/product"}],"wp:featuredmedia":[{"embeddable":true,"href":"https:\/\/oceansignal.com\/de\/wp-json\/wp\/v2\/media\/20779"}],"wp:attachment":[{"href":"https:\/\/oceansignal.com\/de\/wp-json\/wp\/v2\/media?parent=7169"}],"wp:term":[{"taxonomy":"product_brand","embeddable":true,"href":"https:\/\/oceansignal.com\/de\/wp-json\/wp\/v2\/product_brand?post=7169"},{"taxonomy":"product_cat","embeddable":true,"href":"https:\/\/oceansignal.com\/de\/wp-json\/wp\/v2\/product_cat?post=7169"},{"taxonomy":"product_tag","embeddable":true,"href":"https:\/\/oceansignal.com\/de\/wp-json\/wp\/v2\/product_tag?post=7169"}],"curies":[{"name":"wp","href":"https:\/\/api.w.org\/{rel}","templated":true}]}}