{"id":7337,"date":"2023-09-08T13:06:06","date_gmt":"2023-09-08T13:06:06","guid":{"rendered":"https:\/\/oceansignal.com\/products\/m100-m100x\/"},"modified":"2026-02-25T13:50:42","modified_gmt":"2026-02-25T13:50:42","slug":"m100-m100x","status":"publish","type":"product","link":"https:\/\/oceansignal.com\/de\/products\/m100-m100x\/","title":{"rendered":"M100\/M100X"},"content":{"rendered":"<p class=\"ai-optimize-36 ai-optimize-introduction\">Das integrierte 66-Kanal-GPS sorgt daf\u00fcr, dass jede Minute eine Positionsaktualisierung \u00fcber AIS bereitgestellt wird. Der Unterschied zwischen dem Ocean Signal M100 und dem M100X besteht darin, dass der M100X der europ\u00e4ischen ATEX-Richtlinie entspricht und \u00fcber eine IECEx-Zulassung f\u00fcr den Einsatz in explosionsgef\u00e4hrdeten Bereichen der Zone 2 verf\u00fcgt. <\/p>\n<p class=\"ai-optimize-37\">Sie m\u00f6chten einen MOB mit 406 MHz? Schauen Sie sich den neuen <a href=\"https:\/\/oceansignal.com\/products\/rescueme-plb3-ais-plb\/\">rescueME PLB3<\/a> an <\/p>\n<p class=\"ai-optimize-38\"><em>Die folgende Erkl\u00e4rung gilt nur f\u00fcr Kunden in den USA: Dieses Ger\u00e4t wurde nicht gem\u00e4\u00df den Vorschriften der Federal Communications Commission zugelassen. Dieses Ger\u00e4t wird nicht zum Verkauf oder zur Vermietung angeboten und darf nicht verkauft oder vermietet werden, bis die Zulassung vorliegt. <\/em><\/p>\n<p>&nbsp;<\/p>\n<p class=\"ai-optimize-46\"><strong>Integration von Rettungswesten<\/strong><\/p>\n<p class=\"ai-optimize-47\">Das safeSEA M100 AIS kann manuell oder automatisch aktiviert werden, wenn es in einer aufblasbaren Rettungsweste installiert ist. Die Installation ist einfach: Mithilfe des mitgelieferten Clips f\u00fcr den Mundaufblasschlauch wird das M100 zusammen mit dem Aktivierungsband, das um den Schwimmer der Rettungsweste gewickelt wird, an der Rettungsweste befestigt. Nach korrekter Installation l\u00f6st das Aufblasen des Schwimmers die Entfaltung der Antenne und die Aktivierung des Notsenders aus.  <\/p>\n<p class=\"ai-optimize-48\">* Die DSC-Funktionalit\u00e4t unterliegt den Bestimmungen des Landes.<\/p>\n<p class=\"ai-optimize-49\"><strong>** <i data-olk-copy-source=\"MailCompose\">Es wird empfohlen, vor der Installation den Hersteller der Rettungsweste zu konsultieren, da bestimmte Modelle m\u00f6glicherweise eine eigene bevorzugte Befestigungsmethode oder Integrationsempfehlungen haben.<\/i><\/strong><\/p>\n<p>&nbsp;<\/p>\n<p>&nbsp;<\/p>\n","protected":false},"excerpt":{"rendered":"<p>Das Ocean Signal M100 und M100X MSLD (Maritime Survivor Locating Device) wurde entwickelt, um den Anforderungen des professionellen Marinemarktes und seiner Offshore-Mitarbeiter gerecht zu werden. Das M100 und das M100X k\u00f6nnen an einer Rettungsweste* angebracht werden und werden beim Aufblasen der Weste automatisch aktiviert. Nach der Aktivierung senden das M100 und das M100X eine Warnung an alle AIS-Empf\u00e4nger und AIS-f\u00e4higen Plotter in der N\u00e4he. Das M100 und das M100X senden zus\u00e4tzlich zum AIS auch ein 121,5 MHz-Zielsignal.   <\/p>\n<p><strong>HINWEIS:<\/strong> Die ECC\/DEC\/(22)02-Verordnung, auch bekannt als AIS-Klasse-M-Verordnung, wurde in mehreren europ\u00e4ischen L\u00e4ndern umgesetzt. F\u00fcr Besitzer von M100\/M100X-Funkger\u00e4ten bedeutet dies, dass diese Ger\u00e4te in L\u00e4ndern, die die neue Verordnung eingef\u00fchrt haben, nicht mehr verwendet werden d\u00fcrfen. <u><a id=\"OWA2977fb01-e554-25c9-9cd1-9f900cdee827\" class=\"OWAAutoLink\" title=\"https:\/\/docdb.cept.org\/implementation\/28560\" href=\"https:\/\/nam11.safelinks.protection.outlook.com\/?url=https%3A%2F%2Fdocdb.cept.org%2Fimplementation%2F28560&amp;data=05%7C02%7CShawn.Pariaug%40acrartex.com%7Cfac5ae1571d7439f772608de6eeddfec%7Ce41f30dccabc4c87b052e2df2064afce%7C0%7C0%7C639070165436538226%7CUnknown%7CTWFpbGZsb3d8eyJFbXB0eU1hcGkiOnRydWUsIlYiOiIwLjAuMDAwMCIsIlAiOiJXaW4zMiIsIkFOIjoiTWFpbCIsIldUIjoyfQ%3D%3D%7C0%7C%7C%7C&amp;sdata=lN5EEnoNasBM5aShoSlvMT1BCE61no1Ff9nSDKwp0Ko%3D&amp;reserved=0\" data-auth=\"NotApplicable\">Klicken Sie hier<\/a><\/u> , um eine Liste der europ\u00e4ischen L\u00e4nder aufzurufen, in denen die ECC\/DEC\/(22)02-Verordnung gilt. Wichtig: Die Nutzungseinschr\u00e4nkung der M100\/M100X-Funkger\u00e4te in bestimmten europ\u00e4ischen L\u00e4ndern beruht nicht auf Produktm\u00e4ngeln, sondern ist eine direkte Folge von Verordnungs\u00e4nderungen, die von einer unabh\u00e4ngigen Regulierungsbeh\u00f6rde initiiert wurden.  <\/p>\n<p>&nbsp;<\/p>\n<p><span style=\"color: #c22f2f;\"><em>* Wenden Sie sich immer an den Hersteller, um spezifische Anweisungen zu erhalten, bevor Sie dieses Produkt direkt an Ihrer Schwimmweste anbringen.<\/em><\/span><\/p>\n","protected":false},"featured_media":12487,"template":"","meta":{"_acf_changed":false,"om_disable_all_campaigns":false},"product_brand":[],"product_cat":[400],"product_tag":[1215],"class_list":{"0":"post-7337","1":"product","2":"type-product","3":"status-publish","4":"has-post-thumbnail","6":"product_cat-professional-de","7":"product_tag-m100-de","9":"first","10":"outofstock","11":"taxable","12":"shipping-taxable","13":"product-type-simple"},"acf":[],"yoast_head":"<!-- This site is optimized with the Yoast SEO Premium plugin v25.2 (Yoast SEO v26.4) - https:\/\/yoast.com\/wordpress\/plugins\/seo\/ -->\n<title>M100\/M100X - Ocean Signal<\/title>\n<meta name=\"description\" content=\"Ocean Signal M100 und M100X AIS und 121.5 Mann-\u00fcber-Bord-Signal: Zuverl\u00e4ssiger kommerzieller MOB f\u00fcr schnelle Rettung. Unverzichtbare Sicherheitsger\u00e4te f\u00fcr den Seeverkehr.\" \/>\n<meta name=\"robots\" content=\"index, follow, max-snippet:-1, max-image-preview:large, max-video-preview:-1\" \/>\n<link rel=\"canonical\" href=\"https:\/\/oceansignal.com\/de\/products\/m100-m100x\/\" \/>\n<meta property=\"og:locale\" content=\"de_DE\" \/>\n<meta property=\"og:type\" content=\"article\" \/>\n<meta property=\"og:title\" content=\"M100\/M100X\" \/>\n<meta property=\"og:description\" content=\"Ocean Signal M100 und M100X AIS und 121.5 Mann-\u00fcber-Bord-Signal: Zuverl\u00e4ssiger kommerzieller MOB f\u00fcr schnelle Rettung. Unverzichtbare Sicherheitsger\u00e4te f\u00fcr den Seeverkehr.\" \/>\n<meta property=\"og:url\" content=\"https:\/\/oceansignal.com\/de\/products\/m100-m100x\/\" \/>\n<meta property=\"og:site_name\" content=\"Ocean Signal\" \/>\n<meta property=\"article:modified_time\" content=\"2026-02-25T13:50:42+00:00\" \/>\n<meta property=\"og:image\" content=\"https:\/\/oceansignal.com\/wp-content\/uploads\/2023\/09\/M100-Front.png\" \/>\n\t<meta property=\"og:image:width\" content=\"800\" \/>\n\t<meta property=\"og:image:height\" content=\"800\" \/>\n\t<meta property=\"og:image:type\" content=\"image\/png\" \/>\n<meta name=\"twitter:card\" content=\"summary_large_image\" \/>\n<meta name=\"twitter:label1\" content=\"Gesch\u00e4tzte Lesezeit\" \/>\n\t<meta name=\"twitter:data1\" content=\"1\u00a0Minute\" \/>\n<script type=\"application\/ld+json\" class=\"yoast-schema-graph\">{\"@context\":\"https:\/\/schema.org\",\"@graph\":[{\"@type\":\"WebPage\",\"@id\":\"https:\/\/oceansignal.com\/de\/products\/m100-m100x\/\",\"url\":\"https:\/\/oceansignal.com\/de\/products\/m100-m100x\/\",\"name\":\"M100\/M100X - Ocean Signal\",\"isPartOf\":{\"@id\":\"https:\/\/oceansignal.com\/de\/#website\"},\"primaryImageOfPage\":{\"@id\":\"https:\/\/oceansignal.com\/de\/products\/m100-m100x\/#primaryimage\"},\"image\":{\"@id\":\"https:\/\/oceansignal.com\/de\/products\/m100-m100x\/#primaryimage\"},\"thumbnailUrl\":\"https:\/\/oceansignal.com\/wp-content\/uploads\/2023\/09\/M100-Front.png\",\"datePublished\":\"2023-09-08T13:06:06+00:00\",\"dateModified\":\"2026-02-25T13:50:42+00:00\",\"description\":\"Ocean Signal M100 und M100X AIS und 121.5 Mann-\u00fcber-Bord-Signal: Zuverl\u00e4ssiger kommerzieller MOB f\u00fcr schnelle Rettung. Unverzichtbare Sicherheitsger\u00e4te f\u00fcr den Seeverkehr.\",\"breadcrumb\":{\"@id\":\"https:\/\/oceansignal.com\/de\/products\/m100-m100x\/#breadcrumb\"},\"inLanguage\":\"de\",\"potentialAction\":[{\"@type\":\"ReadAction\",\"target\":[\"https:\/\/oceansignal.com\/de\/products\/m100-m100x\/\"]}]},{\"@type\":\"ImageObject\",\"inLanguage\":\"de\",\"@id\":\"https:\/\/oceansignal.com\/de\/products\/m100-m100x\/#primaryimage\",\"url\":\"https:\/\/oceansignal.com\/wp-content\/uploads\/2023\/09\/M100-Front.png\",\"contentUrl\":\"https:\/\/oceansignal.com\/wp-content\/uploads\/2023\/09\/M100-Front.png\",\"width\":800,\"height\":800},{\"@type\":\"BreadcrumbList\",\"@id\":\"https:\/\/oceansignal.com\/de\/products\/m100-m100x\/#breadcrumb\",\"itemListElement\":[{\"@type\":\"ListItem\",\"position\":1,\"name\":\"Produkte\",\"item\":\"https:\/\/oceansignal.com\/de\/produkte\/\"},{\"@type\":\"ListItem\",\"position\":2,\"name\":\"M100\/M100X\"}]},{\"@type\":\"WebSite\",\"@id\":\"https:\/\/oceansignal.com\/de\/#website\",\"url\":\"https:\/\/oceansignal.com\/de\/\",\"name\":\"Ocean Signal\",\"description\":\"A leading manufacturer of EPIRBs, AIS, SARTs, Personal Locator Beacons, Man Overboard Beacon for the Marine and Outdoor Markets.\",\"potentialAction\":[{\"@type\":\"SearchAction\",\"target\":{\"@type\":\"EntryPoint\",\"urlTemplate\":\"https:\/\/oceansignal.com\/de\/?s={search_term_string}\"},\"query-input\":{\"@type\":\"PropertyValueSpecification\",\"valueRequired\":true,\"valueName\":\"search_term_string\"}}],\"inLanguage\":\"de\"}]}<\/script>\n<!-- \/ Yoast SEO Premium plugin. -->","yoast_head_json":{"title":"M100\/M100X - Ocean Signal","description":"Ocean Signal M100 und M100X AIS und 121.5 Mann-\u00fcber-Bord-Signal: Zuverl\u00e4ssiger kommerzieller MOB f\u00fcr schnelle Rettung. Unverzichtbare Sicherheitsger\u00e4te f\u00fcr den Seeverkehr.","robots":{"index":"index","follow":"follow","max-snippet":"max-snippet:-1","max-image-preview":"max-image-preview:large","max-video-preview":"max-video-preview:-1"},"canonical":"https:\/\/oceansignal.com\/de\/products\/m100-m100x\/","og_locale":"de_DE","og_type":"article","og_title":"M100\/M100X","og_description":"Ocean Signal M100 und M100X AIS und 121.5 Mann-\u00fcber-Bord-Signal: Zuverl\u00e4ssiger kommerzieller MOB f\u00fcr schnelle Rettung. Unverzichtbare Sicherheitsger\u00e4te f\u00fcr den Seeverkehr.","og_url":"https:\/\/oceansignal.com\/de\/products\/m100-m100x\/","og_site_name":"Ocean Signal","article_modified_time":"2026-02-25T13:50:42+00:00","og_image":[{"width":800,"height":800,"url":"https:\/\/oceansignal.com\/wp-content\/uploads\/2023\/09\/M100-Front.png","type":"image\/png"}],"twitter_card":"summary_large_image","twitter_misc":{"Gesch\u00e4tzte Lesezeit":"1\u00a0Minute"},"schema":{"@context":"https:\/\/schema.org","@graph":[{"@type":"WebPage","@id":"https:\/\/oceansignal.com\/de\/products\/m100-m100x\/","url":"https:\/\/oceansignal.com\/de\/products\/m100-m100x\/","name":"M100\/M100X - Ocean Signal","isPartOf":{"@id":"https:\/\/oceansignal.com\/de\/#website"},"primaryImageOfPage":{"@id":"https:\/\/oceansignal.com\/de\/products\/m100-m100x\/#primaryimage"},"image":{"@id":"https:\/\/oceansignal.com\/de\/products\/m100-m100x\/#primaryimage"},"thumbnailUrl":"https:\/\/oceansignal.com\/wp-content\/uploads\/2023\/09\/M100-Front.png","datePublished":"2023-09-08T13:06:06+00:00","dateModified":"2026-02-25T13:50:42+00:00","description":"Ocean Signal M100 und M100X AIS und 121.5 Mann-\u00fcber-Bord-Signal: Zuverl\u00e4ssiger kommerzieller MOB f\u00fcr schnelle Rettung. Unverzichtbare Sicherheitsger\u00e4te f\u00fcr den Seeverkehr.","breadcrumb":{"@id":"https:\/\/oceansignal.com\/de\/products\/m100-m100x\/#breadcrumb"},"inLanguage":"de","potentialAction":[{"@type":"ReadAction","target":["https:\/\/oceansignal.com\/de\/products\/m100-m100x\/"]}]},{"@type":"ImageObject","inLanguage":"de","@id":"https:\/\/oceansignal.com\/de\/products\/m100-m100x\/#primaryimage","url":"https:\/\/oceansignal.com\/wp-content\/uploads\/2023\/09\/M100-Front.png","contentUrl":"https:\/\/oceansignal.com\/wp-content\/uploads\/2023\/09\/M100-Front.png","width":800,"height":800},{"@type":"BreadcrumbList","@id":"https:\/\/oceansignal.com\/de\/products\/m100-m100x\/#breadcrumb","itemListElement":[{"@type":"ListItem","position":1,"name":"Produkte","item":"https:\/\/oceansignal.com\/de\/produkte\/"},{"@type":"ListItem","position":2,"name":"M100\/M100X"}]},{"@type":"WebSite","@id":"https:\/\/oceansignal.com\/de\/#website","url":"https:\/\/oceansignal.com\/de\/","name":"Ocean Signal","description":"A leading manufacturer of EPIRBs, AIS, SARTs, Personal Locator Beacons, Man Overboard Beacon for the Marine and Outdoor Markets.","potentialAction":[{"@type":"SearchAction","target":{"@type":"EntryPoint","urlTemplate":"https:\/\/oceansignal.com\/de\/?s={search_term_string}"},"query-input":{"@type":"PropertyValueSpecification","valueRequired":true,"valueName":"search_term_string"}}],"inLanguage":"de"}]}},"_links":{"self":[{"href":"https:\/\/oceansignal.com\/de\/wp-json\/wp\/v2\/product\/7337","targetHints":{"allow":["GET"]}}],"collection":[{"href":"https:\/\/oceansignal.com\/de\/wp-json\/wp\/v2\/product"}],"about":[{"href":"https:\/\/oceansignal.com\/de\/wp-json\/wp\/v2\/types\/product"}],"wp:featuredmedia":[{"embeddable":true,"href":"https:\/\/oceansignal.com\/de\/wp-json\/wp\/v2\/media\/12487"}],"wp:attachment":[{"href":"https:\/\/oceansignal.com\/de\/wp-json\/wp\/v2\/media?parent=7337"}],"wp:term":[{"taxonomy":"product_brand","embeddable":true,"href":"https:\/\/oceansignal.com\/de\/wp-json\/wp\/v2\/product_brand?post=7337"},{"taxonomy":"product_cat","embeddable":true,"href":"https:\/\/oceansignal.com\/de\/wp-json\/wp\/v2\/product_cat?post=7337"},{"taxonomy":"product_tag","embeddable":true,"href":"https:\/\/oceansignal.com\/de\/wp-json\/wp\/v2\/product_tag?post=7337"}],"curies":[{"name":"wp","href":"https:\/\/api.w.org\/{rel}","templated":true}]}}