{"id":7745,"date":"2023-07-11T19:29:27","date_gmt":"2023-07-11T19:29:27","guid":{"rendered":"https:\/\/oceansignal.com\/products\/safesea-epirb3-pro\/"},"modified":"2026-01-21T19:49:16","modified_gmt":"2026-01-21T19:49:16","slug":"safesea-epirb3-pro","status":"publish","type":"product","link":"https:\/\/oceansignal.com\/de\/products\/safesea-epirb3-pro\/","title":{"rendered":"safeSEA EPIRB3 Pro"},"content":{"rendered":"<p>Zusammenfassung:<\/p>\n<p>Die neue Ocean Signal EPIRB3 Pro ist ein voll ausgestattetes globales 406-MHz-Rettungssignal mit automatischer, schwimmfreier Halterung und zahlreichen Funktionen in einem kompakten, modernen Design, inklusive AIS-Technologie. AIS liefert lokalen Rettungskr\u00e4ften pr\u00e4zise und zuverl\u00e4ssige Informationen zur aktuellen Position des Signals und beschleunigt so Rettungseins\u00e4tze. Zus\u00e4tzlich best\u00e4tigt der Return Link Service (RLS) den Empfang der Notrufmeldung. Dank Near Field Communication (NFC) k\u00f6nnen die Batterie und andere Funktionen der EPIRB per Smartphone-App \u00fcberwacht und so deren einwandfreie Funktion sichergestellt werden. Mit ihrem schlanken Design und den fortschrittlichen Funktionen ist die EPIRB3 Pro ideal f\u00fcr Seefahrer aller Art \u2013 egal ob sie im Mittelmeer unterwegs sind, eine Passage durch die Meerenge befahren, angeln, arbeiten oder auf hoher See segeln.    <\/p>\n<p>Empfohlener Blog: <a href=\"https:\/\/oceansignal.com\/de\/news\/was-ist-eine-notfunkleuchte-oder-epirb\/\">Was ist ein EPRIB?<\/a><\/p>\n<p>Beschreibung:<\/p>\n<p>Ocean Signal neuer EPIRB3 Pro (Emergency Positioning Radio Beacon) erh\u00f6ht die Zuverl\u00e4ssigkeit und erleichtert Rettungseins\u00e4tze mit neuen erweiterten Funktionen. Diese neue EPIRB sendet ein digitales Mayday-Signal auf 406 MHz, um Rettungskr\u00e4fte weltweit per Satellit zu benachrichtigen, und strahlt lokal AIS-VHF-Signale (Automatic Identification System) aus, damit Rettungskr\u00e4fte das Leuchtfeuer schneller finden. Nach der Aktivierung sendet die EPIRB3 Pro ein Notsignal an das globale Satellitenrettungssystem <a href=\"https:\/\/www.cospas-sarsat.int\/en\/\">Cospas-Sarsat<\/a> und sendet gleichzeitig eine AIS-Warnung auf VHF-Frequenzen, die von jedem in der N\u00e4he befindlichen, mit AIS ausger\u00fcsteten Schiff sofort gesehen werden kann. Der Return Link Service (RLS) bietet dem Benutzer eine visuelle Best\u00e4tigung, dass seine Notmeldung empfangen wurde. Die Kombination aus AIS, einem 121,5 MHz-Zielsuchsignal und sichtbaren und infraroten Blitzlichtern beschleunigt die Bergungszeiten, indem sie es Rettungskr\u00e4ften erm\u00f6glicht, den Standort des Leuchtfeuers selbst dann genau zu lokalisieren, wenn es abgetrieben ist, und zwar unabh\u00e4ngig von der Tages- oder Nachtzeit. Near Field Communication (NFC) ist eine gro\u00dfartige neue Funktion, mit der Benutzer die EPIRB3 Pro mithilfe einer kostenlosen Smartphone-App \u00fcberwachen und sicherstellen k\u00f6nnen, dass die Batterie ausreichend geladen ist und das Beacon ordnungsgem\u00e4\u00df funktioniert, bevor sie losfahren.     <\/p>\n<p>&nbsp;<\/p>\n<p>Die fortschrittliche Sicherheits- und Rettungstechnologie f\u00fcr den Seeverkehr von Ocean Signal im neuen EPIRB3 Pro mit AIS vereint innovative neue Funktionen in einem kompakten, ergonomisch gestalteten Geh\u00e4use, das sich ideal f\u00fcr alle Arten und Gr\u00f6\u00dfen von Freizeit- und Handelsschiffen eignet.<\/p>\n<p>&nbsp;<\/p>\n<p><strong>Die Rettungszeiten k\u00f6nnen durch die globale Aktivierung in Kombination mit der AIS Local Beacon-\u00dcbertragung verbessert werden.<\/strong><\/p>\n<p>&nbsp;<\/p>\n<p>Die EPIRB3 Pro nutzt die GNSS-Positionierungsnetzwerke (GPS, Galileo, Glonass), um ihren globalen Standort zu bestimmen. Wird das Signal ausgel\u00f6st, \u00fcbertr\u00e4gt eine 406-MHz-Notruf\u00fcbertragung die GPS- EPIRB Position (GPIRB) mit einer Genauigkeit von 100 Metern an das weltweite Cospas-Sarsat-Such- und Rettungssatellitennetzwerk. An das Satellitensystem angeschlossene Bodenstationen empfangen EPIRB Identifikation und Einsatzposition, sodass Rettungsma\u00dfnahmen koordiniert und eingeleitet werden k\u00f6nnen. Dank der fortschrittlichen AIS-Technologie, die jetzt in die EPIRB integriert ist, sendet das Signal direkt nach der Aktivierung AIS-Signale. So werden AIS-ausger\u00fcstete Schiffe in der N\u00e4he sofort \u00fcber die Notlage informiert und erhalten den Standort des Signals. AIS-ausger\u00fcstete Schiffe in UKW-Reichweite sehen auf ihren Bildschirmen eine Sicherheitsmeldung mit der MMSI-Schiffsidentifikation. Lokale Schiffe k\u00f6nnen sofort mit Rettungs- und Bergungsma\u00dfnahmen beginnen, was die Bergungszeiten verk\u00fcrzen und Leben retten kann. Da ein AIS-Ziel auf dem Borddisplay jedes in der N\u00e4he befindlichen AIS-ausger\u00fcsteten Schiffes angezeigt wird, k\u00f6nnen diese durch Auswahl des AIS-Ziels einfach direkt zur EPIRB navigieren. Selbst wenn keine Schiffe vor Ort verf\u00fcgbar sind, beschleunigt AIS die Bergungszeiten, da maritime SAR-Betreiber die Position der EPIRB bei Ann\u00e4herung genau bestimmen k\u00f6nnen. Die Kombination aus globalem Satelliten-Notruf, pr\u00e4ziser GPIRB-Standort\u00fcbertragung und lokalen AIS-Sicherheitsmeldungen verbessert die Bergungszeit und den Erfolg erheblich.        <\/p>\n<p>&nbsp;<\/p>\n<p><strong>Near Field Communication (NFC) erm\u00f6glicht EPIRB -Diagnose mithilfe eines Smartphones.<\/strong><\/p>\n<p>&nbsp;<\/p>\n<p>Beacon-Nutzer k\u00f6nnen ihre EPIRB jetzt \u00fcberpr\u00fcfen, indem sie ihr Smartphone per <a href=\"https:\/\/www.youtube.com\/watch?v=MRXLii6r3n4&amp;t=35s\">NFC (Near Field Communication)<\/a> damit verbinden. Diese Technologie verbindet ein neben der EPIRB3 platziertes Smartphone, indem sie automatisch die kostenlose Ocean Signal Product App startet. Die App bietet eine vollst\u00e4ndige Diagnose, die dem Benutzer den aktuellen Batteriestand, die Anzahl der durchgef\u00fchrten Selbsttests, die Anzahl der durchgef\u00fchrten GNSS-Tests und die Dauer der EPIRB-Aktivierung anzeigt. Detaillierte Informationen, einschlie\u00dflich einer Kartenansicht, die den Ort des GNSS-Tests, Datum und Uhrzeit des Tests, die Zeit, die die EPIRB f\u00fcr die Positionsbestimmung der GNSS-Koordinaten ben\u00f6tigte, die Anzahl der zur Positionsbestimmung verwendeten Satelliten und die Genauigkeit der Positionsbestimmung anzeigt, werden \u00fcbersichtlich dargestellt. Die kostenlose mobile App und die NFC-Funktionalit\u00e4t von Ocean Signal liefern den Nutzern alle Informationen, die sie ben\u00f6tigen, um zu best\u00e4tigen, dass ihre EPIRB voll funktionsf\u00e4hig und im Notfall einsatzbereit ist.<\/p>\n<p>&nbsp;<\/p>\n<p><strong>Der Convenient Return Link Service (RLS) teilt den Benutzern mit, dass ihr Notruf eingegangen ist.<\/strong><\/p>\n<p>&nbsp;<\/p>\n<p>EPIRBs werden in Notf\u00e4llen eingesetzt, und Rettungsaktionen k\u00f6nnen lange dauern, insbesondere wenn sich das in Seenot geratene Schiff weit vor der K\u00fcste befindet. Die EPIRB3 Pro ist mit einem Return Link Service ausgestattet, der den Benutzer benachrichtigt, dass das Notsignal \u00fcbermittelt wurde. Das RLS-Signal wird \u00fcber das <a href=\"https:\/\/www.euspa.europa.eu\/european-space\/galileo\/services\/search-and-rescue-sar-galileo-service\">Galileo-Satellitennetzwerk<\/a> zur\u00fcckgesendet, um den Empfang der Notmeldung zusammen mit der genauen EPIRB Position und den Kennungen zu best\u00e4tigen. Ein einfaches blaues Blinklicht signalisiert dem Benutzer, dass die EPIRB erfolgreich \u00fcber das Satellitennetzwerk verbunden wurde und die Rettungskr\u00e4fte benachrichtigt werden. Das Wissen, dass das digitale Notsignal zusammen mit der EPIRB Kennung und der Position des Notsignals erfolgreich \u00fcbermittelt wurde, hilft den Seenotopfern, ruhig zu bleiben, w\u00e4hrend sie auf die Rettungsaktion warten.    <\/p>\n<p>&nbsp;<\/p>\n<p><strong>Montagehalterung<\/strong><\/p>\n<p>&nbsp;<\/p>\n<p>Die EPIRB3 Pro wird komplett mit einer selbstausl\u00f6senden, schwimmfreien Halterung der Kategorie 1 geliefert. Diese Halterung sch\u00fctzt die EPIRB3 Pro sicher f\u00fcr die Dauer Ihrer Reise, unabh\u00e4ngig von den herrschenden Bedingungen. Sie bietet au\u00dferdem optimale Einsatzm\u00f6glichkeiten in Notsituationen, in denen die EPIRB f\u00fcr Besatzungsmitglieder schwer erreichbar ist.  <\/p>\n<p>Ocean Signal nutzt fortschrittliche Technologien und hochwertige Fertigungsverfahren, um hochwertige elektronische Rettungsger\u00e4te und andere lebensrettende Produkte zu entwickeln und zu produzieren. Die neue EPIRB3 Pro mit ihrem konturierten Profil eignet sich gleicherma\u00dfen f\u00fcr Segel- und Motorboote. Sowohl Freizeit- als auch gewerbliche Nutzer k\u00f6nnen sicher sein, dass die Funktionen dieser neuen EPIRB die besten Chancen auf eine effiziente und erfolgreiche Rettung bieten, egal wohin sie gehen. Zahlreiche Hightech-Funktionen der EPIRB3 Pro in Kombination mit einem einzigartigen Design erm\u00f6glichen den effektiven Einsatz auf allen Schiffstypen \u2013 egal ob im Einsatz oder in K\u00fcstenn\u00e4he, auf hoher See oder auf Weltumsegelung.   <\/p>\n<p>F\u00fcr die manuelle Ausl\u00f6seversion der Kategorie 2: <a href=\"https:\/\/oceansignal.com\/products\/safesea-epirb3-pro\/\">rescueME EPIRB3<\/a><\/p>\n<p><strong>Funktionen:<\/strong><\/p>\n<p>&nbsp;<\/p>\n<ul>\n<li>Zugelassen f\u00fcr den Einsatz auf SOLAS-Schiffen<\/li>\n<li>30% (typisch) kleiner<\/li>\n<li>AIS-Notruf<\/li>\n<li>Return-Link-Dienst (RLS)<\/li>\n<li>Mobile Konnektivit\u00e4t mit Near Field Communication (NFC)<\/li>\n<li>Kostenlose App (Apple &amp; Android)<\/li>\n<li>10 Jahre Batterielebensdauer<\/li>\n<li>48+ Stunden Betriebsdauer<\/li>\n<li>2 Jahre Garantie (Garantie kann durch Produktregistrierung bei Ocean Signal auf 5 Jahre verl\u00e4ngert werden)<\/li>\n<li>Schnelle, genaue Positionierung mit 72-Kanal-GPS<\/li>\n<li>Kategorie I: Freischwebende Halterung mit automatischer Entriegelung<\/li>\n<li>Sicheres Schl\u00fcsselband<\/li>\n<\/ul>\n<p>&nbsp;<\/p>\n","protected":false},"excerpt":{"rendered":"<p>Unser voll ausgestattetes 406 MHz-Rettungssignal mit freischwebender Halterung und automatischer Freigabe<\/p>\n<ul>\n<li>Zugelassen f\u00fcr den Einsatz auf SOLAS-Schiffen<\/li>\n<li>30% (typisch) kleiner<\/li>\n<li>AIS-Notruf<\/li>\n<li>Return-Link-Dienst (RLS)<\/li>\n<li>Mobile Konnektivit\u00e4t mit Near Field Communication (NFC)<\/li>\n<li>Kostenlose App (Apple &amp; Android)<\/li>\n<li>10 Jahre Batterielebensdauer<\/li>\n<li>48+ Stunden Betriebsdauer<\/li>\n<li>2 Jahre Garantie (Garantie kann durch Produktregistrierung bei Ocean Signal auf 5 Jahre verl\u00e4ngert werden)<\/li>\n<li>Schnelle, genaue Positionierung mit 72-Kanal-GPS<\/li>\n<li>Kategorie I: Freischwebende Halterung mit automatischer Entriegelung<\/li>\n<li>Sicheres Schl\u00fcsselband<\/li>\n<\/ul>\n<p><a href=\"https:\/\/www.dropbox.com\/s\/8343nj28z0d7bxa\/Prop%2065%20-%20BPA.pdf?dl=0\" data-cke-saved-href=\"https:\/\/www.dropbox.com\/s\/8343nj28z0d7bxa\/Prop%2065%20-%20BPA.pdf?dl=0\">WARNUNG: PROP 65<\/a><\/p>\n<p>&nbsp;<\/p>\n","protected":false},"featured_media":11986,"template":"","meta":{"_acf_changed":false,"om_disable_all_campaigns":false},"product_brand":[],"product_cat":[709,336],"product_tag":[505,710,996,997,711,999,998,712],"class_list":{"0":"post-7745","1":"product","2":"type-product","3":"status-publish","4":"has-post-thumbnail","6":"product_cat-epirb-de","7":"product_cat-safesea-de","8":"product_tag-ais-de","9":"product_tag-epirb-de","10":"product_tag-epirb3-pro-de","11":"product_tag-hydrostatische-ausloseeinheit","12":"product_tag-nfc-de","13":"product_tag-notfallpositionierungs-rettungssignal","14":"product_tag-return-link-service-de","15":"product_tag-rls-de","17":"first","18":"instock","19":"taxable","20":"shipping-taxable","21":"purchasable","22":"product-type-simple"},"acf":[],"yoast_head":"<!-- This site is optimized with the Yoast SEO Premium plugin v25.2 (Yoast SEO v26.4) - https:\/\/yoast.com\/wordpress\/plugins\/seo\/ -->\n<title>safeSEA EPIRB3 Pro - Ocean Signal<\/title>\n<meta name=\"description\" content=\"Ocean Signal safeSEA EPIRB3 Pro : Fortschrittliches GMDSS-Notfunkfeuer mit AIS-Funktion f\u00fcr SOLAS- und Freizeitschiffe. Jetzt kaufen\" \/>\n<meta name=\"robots\" content=\"index, follow, max-snippet:-1, max-image-preview:large, max-video-preview:-1\" \/>\n<link rel=\"canonical\" href=\"https:\/\/oceansignal.com\/de\/products\/safesea-epirb3-pro\/\" \/>\n<meta property=\"og:locale\" content=\"de_DE\" \/>\n<meta property=\"og:type\" content=\"article\" \/>\n<meta property=\"og:title\" content=\"safeSEA EPIRB3 Pro\" \/>\n<meta property=\"og:description\" content=\"Ocean Signal safeSEA EPIRB3 Pro : Fortschrittliches GMDSS-Notfunkfeuer mit AIS-Funktion f\u00fcr SOLAS- und Freizeitschiffe. Jetzt kaufen\" \/>\n<meta property=\"og:url\" content=\"https:\/\/oceansignal.com\/de\/products\/safesea-epirb3-pro\/\" \/>\n<meta property=\"og:site_name\" content=\"Ocean Signal\" \/>\n<meta property=\"article:modified_time\" content=\"2026-01-21T19:49:16+00:00\" \/>\n<meta property=\"og:image\" content=\"https:\/\/oceansignal.com\/wp-content\/uploads\/2023\/07\/EPIRB3-Pro.png\" \/>\n\t<meta property=\"og:image:width\" content=\"800\" \/>\n\t<meta property=\"og:image:height\" content=\"800\" \/>\n\t<meta property=\"og:image:type\" content=\"image\/png\" \/>\n<meta name=\"twitter:card\" content=\"summary_large_image\" \/>\n<meta name=\"twitter:label1\" content=\"Gesch\u00e4tzte Lesezeit\" \/>\n\t<meta name=\"twitter:data1\" content=\"6\u00a0Minuten\" \/>\n<script type=\"application\/ld+json\" class=\"yoast-schema-graph\">{\"@context\":\"https:\/\/schema.org\",\"@graph\":[{\"@type\":\"WebPage\",\"@id\":\"https:\/\/oceansignal.com\/de\/products\/safesea-epirb3-pro\/\",\"url\":\"https:\/\/oceansignal.com\/de\/products\/safesea-epirb3-pro\/\",\"name\":\"safeSEA EPIRB3 Pro - Ocean Signal\",\"isPartOf\":{\"@id\":\"https:\/\/oceansignal.com\/de\/#website\"},\"primaryImageOfPage\":{\"@id\":\"https:\/\/oceansignal.com\/de\/products\/safesea-epirb3-pro\/#primaryimage\"},\"image\":{\"@id\":\"https:\/\/oceansignal.com\/de\/products\/safesea-epirb3-pro\/#primaryimage\"},\"thumbnailUrl\":\"https:\/\/oceansignal.com\/wp-content\/uploads\/2023\/07\/EPIRB3-Pro.png\",\"datePublished\":\"2023-07-11T19:29:27+00:00\",\"dateModified\":\"2026-01-21T19:49:16+00:00\",\"description\":\"Ocean Signal safeSEA EPIRB3 Pro : Fortschrittliches GMDSS-Notfunkfeuer mit AIS-Funktion f\u00fcr SOLAS- und Freizeitschiffe. Jetzt kaufen\",\"breadcrumb\":{\"@id\":\"https:\/\/oceansignal.com\/de\/products\/safesea-epirb3-pro\/#breadcrumb\"},\"inLanguage\":\"de\",\"potentialAction\":[{\"@type\":\"ReadAction\",\"target\":[\"https:\/\/oceansignal.com\/de\/products\/safesea-epirb3-pro\/\"]}]},{\"@type\":\"ImageObject\",\"inLanguage\":\"de\",\"@id\":\"https:\/\/oceansignal.com\/de\/products\/safesea-epirb3-pro\/#primaryimage\",\"url\":\"https:\/\/oceansignal.com\/wp-content\/uploads\/2023\/07\/EPIRB3-Pro.png\",\"contentUrl\":\"https:\/\/oceansignal.com\/wp-content\/uploads\/2023\/07\/EPIRB3-Pro.png\",\"width\":800,\"height\":800},{\"@type\":\"BreadcrumbList\",\"@id\":\"https:\/\/oceansignal.com\/de\/products\/safesea-epirb3-pro\/#breadcrumb\",\"itemListElement\":[{\"@type\":\"ListItem\",\"position\":1,\"name\":\"Produkte\",\"item\":\"https:\/\/oceansignal.com\/de\/produkte\/\"},{\"@type\":\"ListItem\",\"position\":2,\"name\":\"safeSEA EPIRB3 Pro\"}]},{\"@type\":\"WebSite\",\"@id\":\"https:\/\/oceansignal.com\/de\/#website\",\"url\":\"https:\/\/oceansignal.com\/de\/\",\"name\":\"Ocean Signal\",\"description\":\"A leading manufacturer of EPIRBs, AIS, SARTs, Personal Locator Beacons, Man Overboard Beacon for the Marine and Outdoor Markets.\",\"potentialAction\":[{\"@type\":\"SearchAction\",\"target\":{\"@type\":\"EntryPoint\",\"urlTemplate\":\"https:\/\/oceansignal.com\/de\/?s={search_term_string}\"},\"query-input\":{\"@type\":\"PropertyValueSpecification\",\"valueRequired\":true,\"valueName\":\"search_term_string\"}}],\"inLanguage\":\"de\"}]}<\/script>\n<!-- \/ Yoast SEO Premium plugin. -->","yoast_head_json":{"title":"safeSEA EPIRB3 Pro - Ocean Signal","description":"Ocean Signal safeSEA EPIRB3 Pro : Fortschrittliches GMDSS-Notfunkfeuer mit AIS-Funktion f\u00fcr SOLAS- und Freizeitschiffe. Jetzt kaufen","robots":{"index":"index","follow":"follow","max-snippet":"max-snippet:-1","max-image-preview":"max-image-preview:large","max-video-preview":"max-video-preview:-1"},"canonical":"https:\/\/oceansignal.com\/de\/products\/safesea-epirb3-pro\/","og_locale":"de_DE","og_type":"article","og_title":"safeSEA EPIRB3 Pro","og_description":"Ocean Signal safeSEA EPIRB3 Pro : Fortschrittliches GMDSS-Notfunkfeuer mit AIS-Funktion f\u00fcr SOLAS- und Freizeitschiffe. Jetzt kaufen","og_url":"https:\/\/oceansignal.com\/de\/products\/safesea-epirb3-pro\/","og_site_name":"Ocean Signal","article_modified_time":"2026-01-21T19:49:16+00:00","og_image":[{"width":800,"height":800,"url":"https:\/\/oceansignal.com\/wp-content\/uploads\/2023\/07\/EPIRB3-Pro.png","type":"image\/png"}],"twitter_card":"summary_large_image","twitter_misc":{"Gesch\u00e4tzte Lesezeit":"6\u00a0Minuten"},"schema":{"@context":"https:\/\/schema.org","@graph":[{"@type":"WebPage","@id":"https:\/\/oceansignal.com\/de\/products\/safesea-epirb3-pro\/","url":"https:\/\/oceansignal.com\/de\/products\/safesea-epirb3-pro\/","name":"safeSEA EPIRB3 Pro - Ocean Signal","isPartOf":{"@id":"https:\/\/oceansignal.com\/de\/#website"},"primaryImageOfPage":{"@id":"https:\/\/oceansignal.com\/de\/products\/safesea-epirb3-pro\/#primaryimage"},"image":{"@id":"https:\/\/oceansignal.com\/de\/products\/safesea-epirb3-pro\/#primaryimage"},"thumbnailUrl":"https:\/\/oceansignal.com\/wp-content\/uploads\/2023\/07\/EPIRB3-Pro.png","datePublished":"2023-07-11T19:29:27+00:00","dateModified":"2026-01-21T19:49:16+00:00","description":"Ocean Signal safeSEA EPIRB3 Pro : Fortschrittliches GMDSS-Notfunkfeuer mit AIS-Funktion f\u00fcr SOLAS- und Freizeitschiffe. Jetzt kaufen","breadcrumb":{"@id":"https:\/\/oceansignal.com\/de\/products\/safesea-epirb3-pro\/#breadcrumb"},"inLanguage":"de","potentialAction":[{"@type":"ReadAction","target":["https:\/\/oceansignal.com\/de\/products\/safesea-epirb3-pro\/"]}]},{"@type":"ImageObject","inLanguage":"de","@id":"https:\/\/oceansignal.com\/de\/products\/safesea-epirb3-pro\/#primaryimage","url":"https:\/\/oceansignal.com\/wp-content\/uploads\/2023\/07\/EPIRB3-Pro.png","contentUrl":"https:\/\/oceansignal.com\/wp-content\/uploads\/2023\/07\/EPIRB3-Pro.png","width":800,"height":800},{"@type":"BreadcrumbList","@id":"https:\/\/oceansignal.com\/de\/products\/safesea-epirb3-pro\/#breadcrumb","itemListElement":[{"@type":"ListItem","position":1,"name":"Produkte","item":"https:\/\/oceansignal.com\/de\/produkte\/"},{"@type":"ListItem","position":2,"name":"safeSEA EPIRB3 Pro"}]},{"@type":"WebSite","@id":"https:\/\/oceansignal.com\/de\/#website","url":"https:\/\/oceansignal.com\/de\/","name":"Ocean Signal","description":"A leading manufacturer of EPIRBs, AIS, SARTs, Personal Locator Beacons, Man Overboard Beacon for the Marine and Outdoor Markets.","potentialAction":[{"@type":"SearchAction","target":{"@type":"EntryPoint","urlTemplate":"https:\/\/oceansignal.com\/de\/?s={search_term_string}"},"query-input":{"@type":"PropertyValueSpecification","valueRequired":true,"valueName":"search_term_string"}}],"inLanguage":"de"}]}},"_links":{"self":[{"href":"https:\/\/oceansignal.com\/de\/wp-json\/wp\/v2\/product\/7745","targetHints":{"allow":["GET"]}}],"collection":[{"href":"https:\/\/oceansignal.com\/de\/wp-json\/wp\/v2\/product"}],"about":[{"href":"https:\/\/oceansignal.com\/de\/wp-json\/wp\/v2\/types\/product"}],"wp:featuredmedia":[{"embeddable":true,"href":"https:\/\/oceansignal.com\/de\/wp-json\/wp\/v2\/media\/11986"}],"wp:attachment":[{"href":"https:\/\/oceansignal.com\/de\/wp-json\/wp\/v2\/media?parent=7745"}],"wp:term":[{"taxonomy":"product_brand","embeddable":true,"href":"https:\/\/oceansignal.com\/de\/wp-json\/wp\/v2\/product_brand?post=7745"},{"taxonomy":"product_cat","embeddable":true,"href":"https:\/\/oceansignal.com\/de\/wp-json\/wp\/v2\/product_cat?post=7745"},{"taxonomy":"product_tag","embeddable":true,"href":"https:\/\/oceansignal.com\/de\/wp-json\/wp\/v2\/product_tag?post=7745"}],"curies":[{"name":"wp","href":"https:\/\/api.w.org\/{rel}","templated":true}]}}