{"id":7770,"date":"2023-09-07T14:09:53","date_gmt":"2023-09-07T14:09:53","guid":{"rendered":"https:\/\/oceansignal.com\/products\/rescueme-plb3\/"},"modified":"2026-03-26T11:50:56","modified_gmt":"2026-03-26T11:50:56","slug":"rescueme-plb3","status":"publish","type":"product","link":"https:\/\/oceansignal.com\/de\/products\/rescueme-plb3\/","title":{"rendered":"rescueME PLB3"},"content":{"rendered":"<p class=\"ai-optimize-42 ai-optimize-introduction\">Wir stellen den <a href=\"https:\/\/oceansignal.com\/de\/news\/ocean-signal-gewinnt-den-dame-design-award-2022-fuer-rescueme-plb3-ais-personal-locator-beacon\/\">preisgekr\u00f6nten<\/a> Ocean Signal rescueME PLB3 AIS Personal Locator Beacon vor, jetzt als kostenlose mobile App. Der PLB3 \u00fcbertr\u00e4gt \u00fcber das weltweite Satellitensystem <a href=\"https:\/\/www.cospas-sarsat.int\/en\/\">Cospas Sarsat<\/a> , das 3 verschiedene Konstellationen umfasst, um sicherzustellen, dass Ihr 406-MHz-Notsignal sofort das globale Netzwerk der Such- und Rettungskr\u00e4fte erreicht und Ihren Standort auf 100 Meter genau angibt. Mit mehreren Ebenen integrierter Signaltechnologie, einschlie\u00dflich 406 MHz und GNSS-Positionierung (GPS, <a href=\"https:\/\/www.euspa.europa.eu\/european-space\/galileo\/services\/search-and-rescue-sar-galileo-service\">Galileo<\/a> , Glonass), \u00fcbertr\u00e4gt der PLB3 auch ein 121,5-MHz-Zielsignal, das Such- und Rettungsdienste zum aktuellen Standort des Beacons f\u00fchrt, wenn sie vor Ort eintreffen, da der Beacon m\u00f6glicherweise von der urspr\u00fcnglich \u00fcbertragenen Position abgedriftet ist. Durch die zus\u00e4tzlichen AIS-\u00dcbertragungen (Automatic Identification System) warnt der PLB3 AIS Personal Locator Beacon gleichzeitig alle mit AIS-Transpondern ausgestatteten Schiffe innerhalb der UKW-Funkreichweite der Notposition des PLB . Dies erh\u00f6ht die Wahrscheinlichkeit und Geschwindigkeit einer Rettung erheblich, da Schiffe in der N\u00e4he die Warnungen erhalten. Unmittelbar nach dem Ausl\u00f6sen des Senders wird auf jedem AIS-Bildschirm in Reichweite eine AIS-Sicherheitsmeldung oder ein MOB -Alarm mit der MMSI und dem Standort des Senders angezeigt. Dies erleichtert es Schiffen in der N\u00e4he, den Sender anzupeilen, da er auf ihren Bildschirmen ein aktives AIS-Ziel darstellt.      <\/p>\n<p class=\"ai-optimize-44\">Das PLB3 leuchtet den Weg aus, wenn Rettungskr\u00e4fte am Einsatzort eintreffen, und zwar sowohl mit einem sichtbaren wei\u00dfen Blitzlicht als auch mit einem Infrarot-Blitzlicht. So haben Rettungskr\u00e4fte die visuelle Orientierung, die sie bei Rettungseins\u00e4tzen in der Nacht oder bei anderen Bedingungen mit schlechter Sicht ben\u00f6tigen.<\/p>\n<p class=\"ai-optimize-45\"><strong>Smartphone-Konnektivit\u00e4t mit Near Field Communication (NFC)<\/strong><\/p>\n<p class=\"ai-optimize-46\">Die Integration der <a href=\"https:\/\/www.youtube.com\/watch?v=MRXLii6r3n4\">NFC-Technologie<\/a> bietet Benutzern die M\u00f6glichkeit, bequem von ihrem Mobiltelefon aus auf Beacon-Daten zuzugreifen. Durch einfaches Platzieren eines Telefons in der N\u00e4he des Beacons wird automatisch die Ocean Signal Produkt-App ge\u00f6ffnet und bietet Zugriff auf eine F\u00fclle von Nutzungsdaten, einschlie\u00dflich der aktuellen Akkulaufzeit, der Anzahl der abgeschlossenen Selbsttests, der Anzahl der abgeschlossenen GNSS-Tests und ggf. der Zeit, in der der Beacon aktiviert war. Auf Wunsch sind auch detaillierte Informationen zu jedem vom Beacon durchgef\u00fchrten Selbsttest und GNSS-Test verf\u00fcgbar. F\u00fcr jeden erfolgreichen GNSS-Test k\u00f6nnen Benutzer eine Karte anzeigen, auf der genau angegeben ist, wo der Test durchgef\u00fchrt wurde, das Datum und die Uhrzeit des Tests, die Zeit, die der Beacon ben\u00f6tigte, um Ihre GNSS-Koordinaten zu fixieren, die Anzahl der Satelliten, die der Beacon f\u00fcr diese Fixierung verwendet hat, und die Genauigkeit des Standorts.   <\/p>\n<p class=\"ai-optimize-47\"><strong> <\/strong><\/p>\n<p class=\"ai-optimize-48\"><strong>Return-Link-Service<\/strong><\/p>\n<p class=\"ai-optimize-49\">Der Return Link Service oder die RLS-Funktion funktioniert, wenn Search and Rescue ein Signal \u00fcber das <a href=\"https:\/\/www.euspa.europa.eu\/european-space\/galileo\/services\/search-and-rescue-sar-galileo-service\">Galileo-Satellitennetzwerk<\/a> zur\u00fccksendet, um dem Benutzer des Beacons zu best\u00e4tigen, dass sein Notruf empfangen und sein Standort erkannt wurde. Die Benutzerbest\u00e4tigung wird deutlich durch ein blinkendes blaues Licht auf dem PLB3 angezeigt. Der PLB3 AIS Personal Locator Beacon verf\u00fcgt nicht nur \u00fcber einen umfassenden Funktionsumfang, sondern ist auch auf Komfort ausgelegt. Genie\u00dfen Sie die Gewissheit, dass Ihr Notruf erfolgreich \u00fcbermittelt wurde und Hilfe unterwegs ist.   <\/p>\n<p>&nbsp;<\/p>\n<p class=\"ai-optimize-50\"><strong>Integration von Schwimmwesten<\/strong><\/p>\n<p class=\"ai-optimize-51\">Der PLB3 ist f\u00fcr den Einbau in eine Rettungsweste konzipiert und wird beim Aufblasen der Weste aktiviert (halbautomatisch). <a href=\"https:\/\/www.youtube.com\/watch?v=eeTKOFMkfxM\">Die Installation ist einfach<\/a> , da der PLB3 mithilfe des mitgelieferten Aufblasschlauchclips mit einem Band um die Blase der Rettungsweste an der Rettungsweste befestigt wird. Nach der korrekten Installation l\u00f6st das Aufblasen der Rettungsweste die Entfaltung der Antenne und die Aktivierung des Signals aus. <\/p>\n<p class=\"ai-optimize-36\"><strong>Es wird empfohlen, vor der Installation den Hersteller der Rettungsweste zu konsultieren, da f\u00fcr bestimmte Modelle m\u00f6glicherweise eine eigene bevorzugte Befestigungsmethode oder Integrationsempfehlungen gelten.<\/strong><\/p>\n<p class=\"ai-optimize-52\">Benutzer, die das PLB3 nicht in einer Schwimmweste installieren m\u00f6chten, haben die M\u00f6glichkeit, den mitgelieferten Gurtclip zu verwenden, um das Signal an einem G\u00fcrtel entsprechender Gr\u00f6\u00dfe oder am Gurtband einer Schwimmweste mit Eigenschwimmf\u00e4higkeit zu befestigen.<\/p>\n<p>&nbsp;<\/p>\n<p class=\"ai-optimize-53\"><strong>Funktionen:<\/strong><\/p>\n<ul>\n<li class=\"ai-optimize-54\">Kein Abonnement erforderlich<\/li>\n<li class=\"ai-optimize-55\">406 MHz <a href=\"https:\/\/www.cospas-sarsat.int\/en\/\">Cospas Sarsat<\/a> Notsignal (MEOSAR kompatibel)<\/li>\n<li class=\"ai-optimize-56\">121,5 MHz lokales Homing-Signal<\/li>\n<li class=\"ai-optimize-57\">AIS (Automatic Identification System) Ortungssignal<\/li>\n<li class=\"ai-optimize-58\">Smartphone-Konnektivit\u00e4t \u00fcber NFC (Near Field Communication)<\/li>\n<li class=\"ai-optimize-59\">Kostenlose Ocean Signal Beacon Mobile App (iOS und Android)<\/li>\n<li class=\"ai-optimize-60\">Funktionalit\u00e4t des Return Link Service (RLS)<\/li>\n<li class=\"ai-optimize-61\">GNSS \u00fcber GPS und <a href=\"https:\/\/www.euspa.europa.eu\/european-space\/galileo\/services\/search-and-rescue-sar-galileo-service\">Galileo-Satelliten<\/a><\/li>\n<li class=\"ai-optimize-62\">Stroboskop und Infrarot-Stroboskoplicht<\/li>\n<li class=\"ai-optimize-63\">Globale Abdeckung<\/li>\n<li class=\"ai-optimize-64\">Einfache Schwimmwestenbefestigung<\/li>\n<li class=\"ai-optimize-65\">Entwickelt f\u00fcr die Integration mit g\u00e4ngigen aufblasbaren Schwimmwesten<\/li>\n<li class=\"ai-optimize-66\">Inklusive Multifunktions-Clip-System<\/li>\n<li class=\"ai-optimize-67\">Klein und leicht<\/li>\n<li class=\"ai-optimize-68\">Batterielebensdauer: 6 Jahre ab Herstellungsdatum oder 5 Jahre nach Inbetriebnahme der Leuchte.<\/li>\n<li class=\"ai-optimize-69\">\u00dcber 24 Stunden Betriebsdauer<\/li>\n<\/ul>\n<p>&nbsp;<\/p>\n","protected":false},"excerpt":{"rendered":"<p class=\"ai-optimize-37\">Das weltweit <strong>ERSTE<\/strong> PLB mit AIS und das weltweit <strong>ERSTE<\/strong> PLB mit NFC und mobiler App<\/p>\n<ul>\n<li class=\"ai-optimize-38\" data-start=\"71\" data-end=\"199\">\n<p class=\"ai-optimize-39\" data-start=\"73\" data-end=\"199\"><strong data-start=\"73\" data-end=\"97\">Dreifaches Alarmsystem:<\/strong> Sendet ein globales 406-MHz-Notsignal, AIS f\u00fcr Schiffe in der N\u00e4he und 121,5 MHz Homing f\u00fcr globale Rettungsteams<\/p>\n<\/li>\n<li class=\"ai-optimize-40\" data-start=\"71\" data-end=\"199\"><strong data-start=\"406\" data-end=\"427\">Design kompatibel mit Rettungswesten:<\/strong> Enth\u00e4lt einen Multifunktionsclip und ist so konzipiert, dass es sich nahtlos in die meisten aufblasbaren Rettungswesten integrieren l\u00e4sst.<\/li>\n<li class=\"ai-optimize-41\" data-start=\"200\" data-end=\"302\">\n<p class=\"ai-optimize-42\" data-start=\"202\" data-end=\"302\"><strong data-start=\"202\" data-end=\"224\">Smart &amp; Connected:<\/strong> NFC-f\u00e4hig f\u00fcr Einrichtung und Statuspr\u00fcfung \u00fcber kostenlose mobile App (iOS &amp; Android)<\/p>\n<\/li>\n<li class=\"ai-optimize-43\" data-start=\"303\" data-end=\"403\">\n<p class=\"ai-optimize-44\" data-start=\"305\" data-end=\"403\"><strong data-start=\"305\" data-end=\"326\">Keine Abonnements:<\/strong> Einmaliger Kauf mit 6 Jahren Batterielebensdauer und 24+ Stunden Aktivierungslaufzeit<\/p>\n<\/li>\n<li class=\"ai-optimize-45\" data-start=\"303\" data-end=\"403\"><strong>Angebot: Gratis <a href=\"https:\/\/oceansignal.com\/de\/products\/plb1-schwimmbeutel-copy\/\">PLB3-Schwimmbeutel<\/a><\/strong> zu jedem PLB3. Code: PLB3Pouch an der Kasse eingeben. <\/li>\n<\/ul>\n","protected":false},"featured_media":11871,"template":"","meta":{"_acf_changed":false,"om_disable_all_campaigns":false},"product_brand":[],"product_cat":[1976,860,469],"product_tag":[864,711,862,861,863,712],"class_list":{"0":"post-7770","1":"product","2":"type-product","3":"status-publish","4":"has-post-thumbnail","6":"product_cat-kompatibel-mit-rettungswesten","7":"product_cat-personal-locator-beacons-de","8":"product_cat-rescueme-de","9":"product_tag-406-mhz-de","10":"product_tag-nfc-de","11":"product_tag-personlicher-ortungssender","12":"product_tag-plb-de","13":"product_tag-plb3-de","14":"product_tag-rls-de","16":"first","17":"instock","18":"taxable","19":"shipping-taxable","20":"purchasable","21":"product-type-simple"},"acf":[],"yoast_head":"<!-- This site is optimized with the Yoast SEO Premium plugin v25.2 (Yoast SEO v26.4) - https:\/\/yoast.com\/wordpress\/plugins\/seo\/ -->\n<title>rescueME PLB3 - Ocean Signal<\/title>\n<meta name=\"description\" content=\"Ocean Signal rescueME PLB3 AIS Personal Locator Beacon ist der erste und einzige PLB mit 406 MHz, Return Link Service und mobiler App. Jetzt kaufen.\" \/>\n<meta name=\"robots\" content=\"index, follow, max-snippet:-1, max-image-preview:large, max-video-preview:-1\" \/>\n<link rel=\"canonical\" href=\"https:\/\/oceansignal.com\/de\/products\/rescueme-plb3\/\" \/>\n<meta property=\"og:locale\" content=\"de_DE\" \/>\n<meta property=\"og:type\" content=\"article\" \/>\n<meta property=\"og:title\" content=\"rescueME PLB3\" \/>\n<meta property=\"og:description\" content=\"Ocean Signal rescueME PLB3 AIS Personal Locator Beacon ist der erste und einzige PLB mit 406 MHz, Return Link Service und mobiler App. Jetzt kaufen.\" \/>\n<meta property=\"og:url\" content=\"https:\/\/oceansignal.com\/de\/products\/rescueme-plb3\/\" \/>\n<meta property=\"og:site_name\" content=\"Ocean Signal\" \/>\n<meta property=\"article:modified_time\" content=\"2026-03-26T11:50:56+00:00\" \/>\n<meta property=\"og:image\" content=\"https:\/\/oceansignal.com\/wp-content\/uploads\/2023\/09\/OSL-PLB3-Front.png\" \/>\n\t<meta property=\"og:image:width\" content=\"2000\" \/>\n\t<meta property=\"og:image:height\" content=\"2000\" \/>\n\t<meta property=\"og:image:type\" content=\"image\/png\" \/>\n<meta name=\"twitter:card\" content=\"summary_large_image\" \/>\n<meta name=\"twitter:label1\" content=\"Gesch\u00e4tzte Lesezeit\" \/>\n\t<meta name=\"twitter:data1\" content=\"4\u00a0Minuten\" \/>\n<script type=\"application\/ld+json\" class=\"yoast-schema-graph\">{\"@context\":\"https:\/\/schema.org\",\"@graph\":[{\"@type\":\"WebPage\",\"@id\":\"https:\/\/oceansignal.com\/de\/products\/rescueme-plb3\/\",\"url\":\"https:\/\/oceansignal.com\/de\/products\/rescueme-plb3\/\",\"name\":\"rescueME PLB3 - Ocean Signal\",\"isPartOf\":{\"@id\":\"https:\/\/oceansignal.com\/de\/#website\"},\"primaryImageOfPage\":{\"@id\":\"https:\/\/oceansignal.com\/de\/products\/rescueme-plb3\/#primaryimage\"},\"image\":{\"@id\":\"https:\/\/oceansignal.com\/de\/products\/rescueme-plb3\/#primaryimage\"},\"thumbnailUrl\":\"https:\/\/oceansignal.com\/wp-content\/uploads\/2023\/09\/OSL-PLB3-Front.png\",\"datePublished\":\"2023-09-07T14:09:53+00:00\",\"dateModified\":\"2026-03-26T11:50:56+00:00\",\"description\":\"Ocean Signal rescueME PLB3 AIS Personal Locator Beacon ist der erste und einzige PLB mit 406 MHz, Return Link Service und mobiler App. Jetzt kaufen.\",\"breadcrumb\":{\"@id\":\"https:\/\/oceansignal.com\/de\/products\/rescueme-plb3\/#breadcrumb\"},\"inLanguage\":\"de\",\"potentialAction\":[{\"@type\":\"ReadAction\",\"target\":[\"https:\/\/oceansignal.com\/de\/products\/rescueme-plb3\/\"]}]},{\"@type\":\"ImageObject\",\"inLanguage\":\"de\",\"@id\":\"https:\/\/oceansignal.com\/de\/products\/rescueme-plb3\/#primaryimage\",\"url\":\"https:\/\/oceansignal.com\/wp-content\/uploads\/2023\/09\/OSL-PLB3-Front.png\",\"contentUrl\":\"https:\/\/oceansignal.com\/wp-content\/uploads\/2023\/09\/OSL-PLB3-Front.png\",\"width\":2000,\"height\":2000},{\"@type\":\"BreadcrumbList\",\"@id\":\"https:\/\/oceansignal.com\/de\/products\/rescueme-plb3\/#breadcrumb\",\"itemListElement\":[{\"@type\":\"ListItem\",\"position\":1,\"name\":\"Produkte\",\"item\":\"https:\/\/oceansignal.com\/de\/produkte\/\"},{\"@type\":\"ListItem\",\"position\":2,\"name\":\"rescueME PLB3\"}]},{\"@type\":\"WebSite\",\"@id\":\"https:\/\/oceansignal.com\/de\/#website\",\"url\":\"https:\/\/oceansignal.com\/de\/\",\"name\":\"Ocean Signal\",\"description\":\"A leading manufacturer of EPIRBs, AIS, SARTs, Personal Locator Beacons, Man Overboard Beacon for the Marine and Outdoor Markets.\",\"potentialAction\":[{\"@type\":\"SearchAction\",\"target\":{\"@type\":\"EntryPoint\",\"urlTemplate\":\"https:\/\/oceansignal.com\/de\/?s={search_term_string}\"},\"query-input\":{\"@type\":\"PropertyValueSpecification\",\"valueRequired\":true,\"valueName\":\"search_term_string\"}}],\"inLanguage\":\"de\"}]}<\/script>\n<!-- \/ Yoast SEO Premium plugin. -->","yoast_head_json":{"title":"rescueME PLB3 - Ocean Signal","description":"Ocean Signal rescueME PLB3 AIS Personal Locator Beacon ist der erste und einzige PLB mit 406 MHz, Return Link Service und mobiler App. Jetzt kaufen.","robots":{"index":"index","follow":"follow","max-snippet":"max-snippet:-1","max-image-preview":"max-image-preview:large","max-video-preview":"max-video-preview:-1"},"canonical":"https:\/\/oceansignal.com\/de\/products\/rescueme-plb3\/","og_locale":"de_DE","og_type":"article","og_title":"rescueME PLB3","og_description":"Ocean Signal rescueME PLB3 AIS Personal Locator Beacon ist der erste und einzige PLB mit 406 MHz, Return Link Service und mobiler App. Jetzt kaufen.","og_url":"https:\/\/oceansignal.com\/de\/products\/rescueme-plb3\/","og_site_name":"Ocean Signal","article_modified_time":"2026-03-26T11:50:56+00:00","og_image":[{"width":2000,"height":2000,"url":"https:\/\/oceansignal.com\/wp-content\/uploads\/2023\/09\/OSL-PLB3-Front.png","type":"image\/png"}],"twitter_card":"summary_large_image","twitter_misc":{"Gesch\u00e4tzte Lesezeit":"4\u00a0Minuten"},"schema":{"@context":"https:\/\/schema.org","@graph":[{"@type":"WebPage","@id":"https:\/\/oceansignal.com\/de\/products\/rescueme-plb3\/","url":"https:\/\/oceansignal.com\/de\/products\/rescueme-plb3\/","name":"rescueME PLB3 - Ocean Signal","isPartOf":{"@id":"https:\/\/oceansignal.com\/de\/#website"},"primaryImageOfPage":{"@id":"https:\/\/oceansignal.com\/de\/products\/rescueme-plb3\/#primaryimage"},"image":{"@id":"https:\/\/oceansignal.com\/de\/products\/rescueme-plb3\/#primaryimage"},"thumbnailUrl":"https:\/\/oceansignal.com\/wp-content\/uploads\/2023\/09\/OSL-PLB3-Front.png","datePublished":"2023-09-07T14:09:53+00:00","dateModified":"2026-03-26T11:50:56+00:00","description":"Ocean Signal rescueME PLB3 AIS Personal Locator Beacon ist der erste und einzige PLB mit 406 MHz, Return Link Service und mobiler App. Jetzt kaufen.","breadcrumb":{"@id":"https:\/\/oceansignal.com\/de\/products\/rescueme-plb3\/#breadcrumb"},"inLanguage":"de","potentialAction":[{"@type":"ReadAction","target":["https:\/\/oceansignal.com\/de\/products\/rescueme-plb3\/"]}]},{"@type":"ImageObject","inLanguage":"de","@id":"https:\/\/oceansignal.com\/de\/products\/rescueme-plb3\/#primaryimage","url":"https:\/\/oceansignal.com\/wp-content\/uploads\/2023\/09\/OSL-PLB3-Front.png","contentUrl":"https:\/\/oceansignal.com\/wp-content\/uploads\/2023\/09\/OSL-PLB3-Front.png","width":2000,"height":2000},{"@type":"BreadcrumbList","@id":"https:\/\/oceansignal.com\/de\/products\/rescueme-plb3\/#breadcrumb","itemListElement":[{"@type":"ListItem","position":1,"name":"Produkte","item":"https:\/\/oceansignal.com\/de\/produkte\/"},{"@type":"ListItem","position":2,"name":"rescueME PLB3"}]},{"@type":"WebSite","@id":"https:\/\/oceansignal.com\/de\/#website","url":"https:\/\/oceansignal.com\/de\/","name":"Ocean Signal","description":"A leading manufacturer of EPIRBs, AIS, SARTs, Personal Locator Beacons, Man Overboard Beacon for the Marine and Outdoor Markets.","potentialAction":[{"@type":"SearchAction","target":{"@type":"EntryPoint","urlTemplate":"https:\/\/oceansignal.com\/de\/?s={search_term_string}"},"query-input":{"@type":"PropertyValueSpecification","valueRequired":true,"valueName":"search_term_string"}}],"inLanguage":"de"}]}},"_links":{"self":[{"href":"https:\/\/oceansignal.com\/de\/wp-json\/wp\/v2\/product\/7770","targetHints":{"allow":["GET"]}}],"collection":[{"href":"https:\/\/oceansignal.com\/de\/wp-json\/wp\/v2\/product"}],"about":[{"href":"https:\/\/oceansignal.com\/de\/wp-json\/wp\/v2\/types\/product"}],"wp:featuredmedia":[{"embeddable":true,"href":"https:\/\/oceansignal.com\/de\/wp-json\/wp\/v2\/media\/11871"}],"wp:attachment":[{"href":"https:\/\/oceansignal.com\/de\/wp-json\/wp\/v2\/media?parent=7770"}],"wp:term":[{"taxonomy":"product_brand","embeddable":true,"href":"https:\/\/oceansignal.com\/de\/wp-json\/wp\/v2\/product_brand?post=7770"},{"taxonomy":"product_cat","embeddable":true,"href":"https:\/\/oceansignal.com\/de\/wp-json\/wp\/v2\/product_cat?post=7770"},{"taxonomy":"product_tag","embeddable":true,"href":"https:\/\/oceansignal.com\/de\/wp-json\/wp\/v2\/product_tag?post=7770"}],"curies":[{"name":"wp","href":"https:\/\/api.w.org\/{rel}","templated":true}]}}