{"id":7781,"date":"2023-09-07T13:28:52","date_gmt":"2023-09-07T13:28:52","guid":{"rendered":"https:\/\/oceansignal.com\/products\/rescueme-plb1\/"},"modified":"2025-11-12T10:40:09","modified_gmt":"2025-11-12T10:40:09","slug":"rescueme-plb1","status":"publish","type":"product","link":"https:\/\/oceansignal.com\/de\/products\/rescueme-plb1\/","title":{"rendered":"rescueME PLB1 Pers\u00f6nlicher Ortungssender"},"content":{"rendered":"<p>F\u00dcR US-\/KANADISCHE KUNDEN: <a href=\"https:\/\/www.dropbox.com\/s\/fk04stqsp2hgk5f\/Prop%2065%20-%20DEHP.pdf?dl=0\">WARNUNG: PROP 65<\/a><\/p>\n<h3>Gratis <a href=\"https:\/\/oceansignal.com\/de\/products\/plb1-schwimmbeutel\/\">PLB1 Schwimmbeutel<\/a> im Wert von 19,99 \u20ac bei jeder PLB1-Bestellung. Code im Warenkorb eingeben: Pouch2025. <\/h3>\n<p><img loading=\"lazy\" decoding=\"async\" class=\"\" src=\"https:\/\/oceansignal.com\/wp-content\/uploads\/2025\/10\/Free-PLB1-Floatation-Pouch-with-every-order-Ocean-Signal.png\" width=\"129\" height=\"179\"><\/p>\n<p>&nbsp;<\/p>\n<p>Das <strong>rescueMe PLB1<\/strong> kann selbst in den schwierigsten Situationen mit einer Hand bedient werden. Eine einfache, federbelastete Klappe deckt den Aktivierungsknopf ab und verhindert so eine unbeabsichtigte Verwendung. Das integrierte, ultrahelle Blitzlicht sorgt f\u00fcr maximale Sichtbarkeit und das Ausfahren der Antenne k\u00f6nnte nicht einfacher sein: Durch leichtes Ziehen wird die Antenne freigegeben.  <\/p>\n<p>Das <strong>rescueME PLB1<\/strong> arbeitet mit dem einzigen offiziell anerkannten weltweiten Satellitennetzwerk f\u00fcr Such- und Rettungsdienste (betrieben von Cospas Sarsat). Da dieses von Regierungen finanziert wird, ist die Nutzung dieses Dienstes KOSTENLOS. Wenn es aktiviert ist, \u00fcbertr\u00e4gt der Personal Locator Beacon Ihre Position und Ihre ID per Satellitenverbindung an ein Rettungskoordinationszentrum. Die Rettungsdienste in Ihrer N\u00e4he werden umgehend \u00fcber Ihren Notfall informiert und regelm\u00e4\u00dfig \u00fcber Ihren aktuellen Standort informiert, um eine sofortige Rettung zu erm\u00f6glichen.   <\/p>\n<p><strong>Funktionen:<\/strong><\/p>\n<ul>\n<li>Kostenlos zu nutzen, keine Abonnementgeb\u00fchren<\/li>\n<li>30 % kleiner (typisch) nach Volumen<\/li>\n<li>Wasserdicht bis 15 Meter<\/li>\n<li>Wiegt 116 Gramm<\/li>\n<li>Passt problemlos an die Schwimmweste*<\/li>\n<li>Einziehbare Antenne<\/li>\n<li>7 Jahre Batterielebensdauer<\/li>\n<li>24+ Stunden Betriebsdauer<\/li>\n<li>Blitzlicht &gt;mit hoher Helligkeit 1candela<\/li>\n<li>66-Kanal-GPS-Empf\u00e4nger<\/li>\n<li>Einzigartiger Montageclip<\/li>\n<li>Funktioniert auf dem globalen Rettungssystem Cospas Sarsat<\/li>\n<\/ul>\n<p>Der rescueME PLB1 verf\u00fcgt \u00fcber einen optionalen Schwimmbeutel**, der ihm das Schwimmen erm\u00f6glicht. Bitte beachten Sie, dass der PLB in der Betriebsposition im Beutel nicht schwimmt. Bitte stellen Sie sicher, dass der PLB mit dem mitgelieferten Band und geeigneten selbstsichernden Knoten fest am Beutel befestigt ist.  <\/p>\n<p><em>* Wenden Sie sich immer an den Hersteller, um spezifische Anweisungen zu erhalten, bevor Sie dieses Produkt direkt an Ihrer Schwimmweste anbringen.<br \/>\n** Um den nationalen Vorschriften zu entsprechen, sind die nach Australien und Neuseeland gelieferten PLB1 -Baken mit einem fest angebrachten Schwimmbeutel ausgestattet<br \/>\n<\/em><\/p>\n","protected":false},"excerpt":{"rendered":"<p>Das kompakteste PLB der Welt. Mit Stolz in Gro\u00dfbritannien entwickelt und hergestellt. <\/p>\n<ul>\n<li style=\"list-style-type: none;\">\n<ul>\n<li><strong>Kostenlos nutzbar, keine Abonnementgeb\u00fchren. Weltweite Verf\u00fcgbarkeit rund um die Uhr, 365 Tage im Jahr. <\/strong><\/li>\n<\/ul>\n<\/li>\n<\/ul>\n<ul>\n<li style=\"list-style-type: none;\">\n<ul>\n<li><strong>Geeignet f\u00fcr den Einsatz auf See, in der Luftfahrt und im Au\u00dfenbereich<\/strong><\/li>\n<\/ul>\n<\/li>\n<\/ul>\n<ul>\n<li style=\"list-style-type: none;\">\n<ul>\n<li><strong>121,5 MHz Peilsender + dediziertes 406 MHz Notsignal mit 66-Kanal-GPS<\/strong><\/li>\n<\/ul>\n<\/li>\n<\/ul>\n<ul>\n<li style=\"list-style-type: none;\">\n<ul>\n<li><strong>\u00dcber 24 Stunden Betriebsdauer nach der Aktivierung<\/strong><\/li>\n<\/ul>\n<\/li>\n<\/ul>\n<ul>\n<li style=\"list-style-type: none;\">\n<ul>\n<li><strong>Robust, wasserdicht bis 15 m<\/strong><\/li>\n<\/ul>\n<\/li>\n<\/ul>\n","protected":false},"featured_media":12454,"template":"","meta":{"_acf_changed":false,"om_disable_all_campaigns":false},"product_brand":[],"product_cat":[1976,860,469],"product_tag":[1044,862,861,1042],"class_list":{"0":"post-7781","1":"product","2":"type-product","3":"status-publish","4":"has-post-thumbnail","6":"product_cat-kompatibel-mit-rettungswesten","7":"product_cat-personal-locator-beacons-de","8":"product_cat-rescueme-de","9":"product_tag-meosar-de","10":"product_tag-personlicher-ortungssender","11":"product_tag-plb-de","12":"product_tag-plb1-de","14":"first","15":"instock","16":"taxable","17":"shipping-taxable","18":"purchasable","19":"product-type-simple"},"acf":[],"yoast_head":"<!-- This site is optimized with the Yoast SEO Premium plugin v25.2 (Yoast SEO v26.4) - https:\/\/yoast.com\/wordpress\/plugins\/seo\/ -->\n<title>rescueME PLB1 Pers\u00f6nlicher Ortungssender - Ocean Signal<\/title>\n<meta name=\"description\" content=\"Ocean Signal rescueME PLB1 : Ihr kompakter pers\u00f6nlicher Ortungssender f\u00fcr Outdoor-Abenteuer. Bew\u00e4hrte Sendertechnologie f\u00fcr zuverl\u00e4ssige Notsignale. Jetzt kaufen!\" \/>\n<meta name=\"robots\" content=\"index, follow, max-snippet:-1, max-image-preview:large, max-video-preview:-1\" \/>\n<link rel=\"canonical\" href=\"https:\/\/oceansignal.com\/de\/products\/rescueme-plb1\/\" \/>\n<meta property=\"og:locale\" content=\"de_DE\" \/>\n<meta property=\"og:type\" content=\"article\" \/>\n<meta property=\"og:title\" content=\"rescueME PLB1 Pers\u00f6nlicher Ortungssender\" \/>\n<meta property=\"og:description\" content=\"Ocean Signal rescueME PLB1 : Ihr kompakter pers\u00f6nlicher Ortungssender f\u00fcr Outdoor-Abenteuer. Bew\u00e4hrte Sendertechnologie f\u00fcr zuverl\u00e4ssige Notsignale. Jetzt kaufen!\" \/>\n<meta property=\"og:url\" content=\"https:\/\/oceansignal.com\/de\/products\/rescueme-plb1\/\" \/>\n<meta property=\"og:site_name\" content=\"Ocean Signal\" \/>\n<meta property=\"article:modified_time\" content=\"2025-11-12T10:40:09+00:00\" \/>\n<meta property=\"og:image\" content=\"https:\/\/oceansignal.com\/wp-content\/uploads\/2023\/09\/Ocean-Signal-PLB1-Front-2.png\" \/>\n\t<meta property=\"og:image:width\" content=\"800\" \/>\n\t<meta property=\"og:image:height\" content=\"800\" \/>\n\t<meta property=\"og:image:type\" content=\"image\/png\" \/>\n<meta name=\"twitter:card\" content=\"summary_large_image\" \/>\n<meta name=\"twitter:label1\" content=\"Gesch\u00e4tzte Lesezeit\" \/>\n\t<meta name=\"twitter:data1\" content=\"1\u00a0Minute\" \/>\n<script type=\"application\/ld+json\" class=\"yoast-schema-graph\">{\"@context\":\"https:\/\/schema.org\",\"@graph\":[{\"@type\":\"WebPage\",\"@id\":\"https:\/\/oceansignal.com\/de\/products\/rescueme-plb1\/\",\"url\":\"https:\/\/oceansignal.com\/de\/products\/rescueme-plb1\/\",\"name\":\"rescueME PLB1 Pers\u00f6nlicher Ortungssender - Ocean Signal\",\"isPartOf\":{\"@id\":\"https:\/\/oceansignal.com\/de\/#website\"},\"primaryImageOfPage\":{\"@id\":\"https:\/\/oceansignal.com\/de\/products\/rescueme-plb1\/#primaryimage\"},\"image\":{\"@id\":\"https:\/\/oceansignal.com\/de\/products\/rescueme-plb1\/#primaryimage\"},\"thumbnailUrl\":\"https:\/\/oceansignal.com\/wp-content\/uploads\/2023\/09\/Ocean-Signal-PLB1-Front-2.png\",\"datePublished\":\"2023-09-07T13:28:52+00:00\",\"dateModified\":\"2025-11-12T10:40:09+00:00\",\"description\":\"Ocean Signal rescueME PLB1 : Ihr kompakter pers\u00f6nlicher Ortungssender f\u00fcr Outdoor-Abenteuer. Bew\u00e4hrte Sendertechnologie f\u00fcr zuverl\u00e4ssige Notsignale. Jetzt kaufen!\",\"breadcrumb\":{\"@id\":\"https:\/\/oceansignal.com\/de\/products\/rescueme-plb1\/#breadcrumb\"},\"inLanguage\":\"de\",\"potentialAction\":[{\"@type\":\"ReadAction\",\"target\":[\"https:\/\/oceansignal.com\/de\/products\/rescueme-plb1\/\"]}]},{\"@type\":\"ImageObject\",\"inLanguage\":\"de\",\"@id\":\"https:\/\/oceansignal.com\/de\/products\/rescueme-plb1\/#primaryimage\",\"url\":\"https:\/\/oceansignal.com\/wp-content\/uploads\/2023\/09\/Ocean-Signal-PLB1-Front-2.png\",\"contentUrl\":\"https:\/\/oceansignal.com\/wp-content\/uploads\/2023\/09\/Ocean-Signal-PLB1-Front-2.png\",\"width\":800,\"height\":800},{\"@type\":\"BreadcrumbList\",\"@id\":\"https:\/\/oceansignal.com\/de\/products\/rescueme-plb1\/#breadcrumb\",\"itemListElement\":[{\"@type\":\"ListItem\",\"position\":1,\"name\":\"Produkte\",\"item\":\"https:\/\/oceansignal.com\/de\/produkte\/\"},{\"@type\":\"ListItem\",\"position\":2,\"name\":\"rescueME PLB1 Pers\u00f6nlicher Ortungssender\"}]},{\"@type\":\"WebSite\",\"@id\":\"https:\/\/oceansignal.com\/de\/#website\",\"url\":\"https:\/\/oceansignal.com\/de\/\",\"name\":\"Ocean Signal\",\"description\":\"A leading manufacturer of EPIRBs, AIS, SARTs, Personal Locator Beacons, Man Overboard Beacon for the Marine and Outdoor Markets.\",\"potentialAction\":[{\"@type\":\"SearchAction\",\"target\":{\"@type\":\"EntryPoint\",\"urlTemplate\":\"https:\/\/oceansignal.com\/de\/?s={search_term_string}\"},\"query-input\":{\"@type\":\"PropertyValueSpecification\",\"valueRequired\":true,\"valueName\":\"search_term_string\"}}],\"inLanguage\":\"de\"}]}<\/script>\n<!-- \/ Yoast SEO Premium plugin. -->","yoast_head_json":{"title":"rescueME PLB1 Pers\u00f6nlicher Ortungssender - Ocean Signal","description":"Ocean Signal rescueME PLB1 : Ihr kompakter pers\u00f6nlicher Ortungssender f\u00fcr Outdoor-Abenteuer. Bew\u00e4hrte Sendertechnologie f\u00fcr zuverl\u00e4ssige Notsignale. Jetzt kaufen!","robots":{"index":"index","follow":"follow","max-snippet":"max-snippet:-1","max-image-preview":"max-image-preview:large","max-video-preview":"max-video-preview:-1"},"canonical":"https:\/\/oceansignal.com\/de\/products\/rescueme-plb1\/","og_locale":"de_DE","og_type":"article","og_title":"rescueME PLB1 Pers\u00f6nlicher Ortungssender","og_description":"Ocean Signal rescueME PLB1 : Ihr kompakter pers\u00f6nlicher Ortungssender f\u00fcr Outdoor-Abenteuer. Bew\u00e4hrte Sendertechnologie f\u00fcr zuverl\u00e4ssige Notsignale. Jetzt kaufen!","og_url":"https:\/\/oceansignal.com\/de\/products\/rescueme-plb1\/","og_site_name":"Ocean Signal","article_modified_time":"2025-11-12T10:40:09+00:00","og_image":[{"width":800,"height":800,"url":"https:\/\/oceansignal.com\/wp-content\/uploads\/2023\/09\/Ocean-Signal-PLB1-Front-2.png","type":"image\/png"}],"twitter_card":"summary_large_image","twitter_misc":{"Gesch\u00e4tzte Lesezeit":"1\u00a0Minute"},"schema":{"@context":"https:\/\/schema.org","@graph":[{"@type":"WebPage","@id":"https:\/\/oceansignal.com\/de\/products\/rescueme-plb1\/","url":"https:\/\/oceansignal.com\/de\/products\/rescueme-plb1\/","name":"rescueME PLB1 Pers\u00f6nlicher Ortungssender - Ocean Signal","isPartOf":{"@id":"https:\/\/oceansignal.com\/de\/#website"},"primaryImageOfPage":{"@id":"https:\/\/oceansignal.com\/de\/products\/rescueme-plb1\/#primaryimage"},"image":{"@id":"https:\/\/oceansignal.com\/de\/products\/rescueme-plb1\/#primaryimage"},"thumbnailUrl":"https:\/\/oceansignal.com\/wp-content\/uploads\/2023\/09\/Ocean-Signal-PLB1-Front-2.png","datePublished":"2023-09-07T13:28:52+00:00","dateModified":"2025-11-12T10:40:09+00:00","description":"Ocean Signal rescueME PLB1 : Ihr kompakter pers\u00f6nlicher Ortungssender f\u00fcr Outdoor-Abenteuer. Bew\u00e4hrte Sendertechnologie f\u00fcr zuverl\u00e4ssige Notsignale. Jetzt kaufen!","breadcrumb":{"@id":"https:\/\/oceansignal.com\/de\/products\/rescueme-plb1\/#breadcrumb"},"inLanguage":"de","potentialAction":[{"@type":"ReadAction","target":["https:\/\/oceansignal.com\/de\/products\/rescueme-plb1\/"]}]},{"@type":"ImageObject","inLanguage":"de","@id":"https:\/\/oceansignal.com\/de\/products\/rescueme-plb1\/#primaryimage","url":"https:\/\/oceansignal.com\/wp-content\/uploads\/2023\/09\/Ocean-Signal-PLB1-Front-2.png","contentUrl":"https:\/\/oceansignal.com\/wp-content\/uploads\/2023\/09\/Ocean-Signal-PLB1-Front-2.png","width":800,"height":800},{"@type":"BreadcrumbList","@id":"https:\/\/oceansignal.com\/de\/products\/rescueme-plb1\/#breadcrumb","itemListElement":[{"@type":"ListItem","position":1,"name":"Produkte","item":"https:\/\/oceansignal.com\/de\/produkte\/"},{"@type":"ListItem","position":2,"name":"rescueME PLB1 Pers\u00f6nlicher Ortungssender"}]},{"@type":"WebSite","@id":"https:\/\/oceansignal.com\/de\/#website","url":"https:\/\/oceansignal.com\/de\/","name":"Ocean Signal","description":"A leading manufacturer of EPIRBs, AIS, SARTs, Personal Locator Beacons, Man Overboard Beacon for the Marine and Outdoor Markets.","potentialAction":[{"@type":"SearchAction","target":{"@type":"EntryPoint","urlTemplate":"https:\/\/oceansignal.com\/de\/?s={search_term_string}"},"query-input":{"@type":"PropertyValueSpecification","valueRequired":true,"valueName":"search_term_string"}}],"inLanguage":"de"}]}},"_links":{"self":[{"href":"https:\/\/oceansignal.com\/de\/wp-json\/wp\/v2\/product\/7781","targetHints":{"allow":["GET"]}}],"collection":[{"href":"https:\/\/oceansignal.com\/de\/wp-json\/wp\/v2\/product"}],"about":[{"href":"https:\/\/oceansignal.com\/de\/wp-json\/wp\/v2\/types\/product"}],"wp:featuredmedia":[{"embeddable":true,"href":"https:\/\/oceansignal.com\/de\/wp-json\/wp\/v2\/media\/12454"}],"wp:attachment":[{"href":"https:\/\/oceansignal.com\/de\/wp-json\/wp\/v2\/media?parent=7781"}],"wp:term":[{"taxonomy":"product_brand","embeddable":true,"href":"https:\/\/oceansignal.com\/de\/wp-json\/wp\/v2\/product_brand?post=7781"},{"taxonomy":"product_cat","embeddable":true,"href":"https:\/\/oceansignal.com\/de\/wp-json\/wp\/v2\/product_cat?post=7781"},{"taxonomy":"product_tag","embeddable":true,"href":"https:\/\/oceansignal.com\/de\/wp-json\/wp\/v2\/product_tag?post=7781"}],"curies":[{"name":"wp","href":"https:\/\/api.w.org\/{rel}","templated":true}]}}