{"id":7794,"date":"2024-07-22T13:30:33","date_gmt":"2024-07-22T13:30:33","guid":{"rendered":"https:\/\/oceansignal.com\/products\/rescueme-mob2\/"},"modified":"2025-11-12T09:56:03","modified_gmt":"2025-11-12T09:56:03","slug":"rescueme-mob2","status":"publish","type":"product","link":"https:\/\/oceansignal.com\/de\/products\/rescueme-mob2\/","title":{"rendered":"rescueME MOB2"},"content":{"rendered":"<p><strong>Dieses Ger\u00e4t wurde nicht gem\u00e4\u00df den Vorschriften der Federal Communications Commission in den USA zugelassen. Dieses Ger\u00e4t wird nicht zum Verkauf oder zur Vermietung angeboten und darf nicht verkauft oder vermietet werden, bis eine entsprechende Zulassung vorliegt. Zugelassen f\u00fcr den Verkauf in L\u00e4ndern, die die Verordnung ECC\/DEC\/(22)02 \u00fcbernommen haben. <\/strong><\/p>\n<p>Zusammenfassung:<\/p>\n<p>Die schnellste und zuverl\u00e4ssigste M\u00f6glichkeit, Ihr Schiff \u00fcber einen \u00fcber Bord gegangenen Mann zu informieren, ist die Meldung. Bei gem\u00e4\u00dfigter See kann es erschreckend schnell passieren, dass man einen \u00fcber Bord gegangenen Mann aus den Augen verliert. Deshalb kombiniert Ocean Signal neuestes rescueME MOB2 sowohl AIS- als auch VHF-DSC-Notfalltechnologie in der neuesten AIS-Klasse-M-kompatiblen L\u00f6sung f\u00fcr den maritimen Markt.  <\/p>\n<p>Nach der Aktivierung wird der Standort des MOB2 regelm\u00e4\u00dfig aktualisiert und auf AIS-f\u00e4higen Plottern angezeigt. Mit seinem integrierten GPS liefert der MOB2 Ihrem Schiff und allen unterst\u00fctzenden Schiffen pr\u00e4zise Standortdaten. In der N\u00e4he befindliche Schiffe werden \u00fcber VHF DSC automatisch \u00fcber Mann-\u00fcber-Bord-Situationen informiert. Der Ocean Signal MOB2 ist fast halb so gro\u00df wie die Konkurrenzprodukte und passt perfekt in aufblasbare Rettungswesten. Er bietet au\u00dferdem eine l\u00e4ngere Lebensdauer, automatische Aktivierung \u00fcber eine aufblasbare Rettungsweste, doppelte IR- und wei\u00dfe Blitzlichter und NFC-Konnektivit\u00e4t f\u00fcr mobile Apps.    <\/p>\n<p>M\u00f6chten Sie mehr \u00fcber die neuesten Anforderungen der Klasse M f\u00fcr AIS MOB erfahren?  <a href=\"https:\/\/oceansignal.com\/de\/news\/verstaendnis-der-auswirkungen-der-ais-klasse-m-regulierung-auf-mobs\/\">Klicken Sie hier<\/a><\/p>\n<p><a href=\"https:\/\/www.dropbox.com\/s\/8343nj28z0d7bxa\/Prop%2065%20-%20BPA.pdf?dl=0\">WARNUNG: PROP 65<\/a><\/p>\n<p>Nur f\u00fcr die USA: Dieses Ger\u00e4t wurde nicht gem\u00e4\u00df den Vorschriften der Federal Communications Commission zugelassen. Dieses Ger\u00e4t wird nicht zum Verkauf oder zur Vermietung angeboten und darf nicht verkauft oder vermietet werden, bis die Genehmigung vorliegt. Zugelassen f\u00fcr den Verkauf in L\u00e4ndern, die die Verordnung ECC\/DEC\/(22)02 \u00fcbernommen haben.  <\/p>\n<p>Beschreibung:<\/p>\n<p>Wir stellen das weltweit kleinste AIS-Mann-\u00fcber-Bord-Ger\u00e4t ( MOB ) mit integriertem VHF-DSC vor \u2013 das rescueME MOB2 AIS von Ocean Signal . Diese wichtige Komponente jedes maritimen Sicherheitskits ist f\u00fcr eine schnelle Reaktion bei Mann-\u00fcber-Bord-Notf\u00e4llen konzipiert. Das kompakte und leichte MOB2 l\u00e4sst sich nahtlos in selbst die kompaktesten aufblasbaren Rettungswesten integrieren und gew\u00e4hrleistet eine automatische Aktivierung beim Aufblasen.  <\/p>\n<p>Der MOB2 sendet den ersten Alarm innerhalb von 15 Sekunden und \u00fcbermittelt Ihren genauen Standort mithilfe der AIS-Technologie an nahe gelegene Schiffe und Navigationssysteme an Bord. Er kommuniziert mit dem Schiff, von dem Sie getrennt wurden, und je nach Bedingungen mit anderen Schiffen in einer Entfernung von bis zu 5 Meilen. Dar\u00fcber hinaus werden nahe gelegene Schiffe mithilfe der DSC-Technologie sofort \u00fcber die Mann-\u00fcber-Bord-Situation informiert.  <\/p>\n<p>Im Notfall bietet das rescueME MOB2 AIS zwei Methoden zur schnellen und auf wenige Meter genauen \u00dcbermittlung Ihrer Position und bietet eine visuelle Anzeige \u00fcber die integrierten Blitzlichter. Die integrierten dualen Infrarot- (IR) und wei\u00dfen Blitzlichter sorgen f\u00fcr maximale Sichtbarkeit bei schlechten Lichtverh\u00e4ltnissen und geben Seglern und Bootsfahrern ein beruhigendes Gef\u00fchl, da sie die Sicherheit auf dem Wasser erh\u00f6hen und in kritischen Situationen m\u00f6glicherweise Leben retten k\u00f6nnen. Das MOB2 ist bis zu 10 Meter wasserdicht, verf\u00fcgt \u00fcber eine robuste Konstruktion und eine langlebige Batterie.  <\/p>\n<p><strong> <\/strong><\/p>\n<h3><strong>Smartphone-Konnektivit\u00e4t mit Near Field Communication (NFC)<\/strong><\/h3>\n<p>Die Integration der NFC-Technologie bietet Benutzern die M\u00f6glichkeit, die MOB2 MMSI bequem zu programmieren und von ihrem Mobiltelefon aus auf Beacon-Daten zuzugreifen. Durch einfaches Platzieren eines Telefons in der N\u00e4he des Beacons wird automatisch die Ocean Signal Produkt-App ge\u00f6ffnet und bietet Zugriff auf eine Vielzahl von Nutzungsdaten, darunter die aktuelle Akkulaufzeit, die Anzahl der durchgef\u00fchrten Selbsttests, die Anzahl der durchgef\u00fchrten GNSS-Tests und ggf. die Zeit, in der der Beacon aktiviert war. <\/p>\n<p><strong> <\/strong><\/p>\n<h3><strong>Klasse M zugelassenes AIS-Mann-\u00fcber-Bord-Leuchtfeuer mit UKW-DSC<\/strong><\/h3>\n<p>Der MOB2 wurde so konstruiert, dass er die Anforderungen der Klasse M \u00fcbertrifft und entspricht der Verordnung ECC\/DEC\/(22)02 bez\u00fcglich der Verwendung von MOB Ger\u00e4ten.<\/p>\n<p><strong> <\/strong><\/p>\n<h3><strong>Integration von Rettungswesten<\/strong><\/h3>\n<p>Der MOB2 kann manuell oder automatisch aktiviert werden, wenn er in einer aufblasbaren Rettungsweste installiert ist (automatisch). Die Installation ist ganz einfach, da der MOB2 mithilfe des mitgelieferten Aufblasschlauchclips mit einem Band, das um die Blase der Rettungsweste gewickelt ist, an der Rettungsweste befestigt wird. Nach der korrekten Installation l\u00f6st das Aufblasen der Rettungsweste die Entfaltung der Antenne und die Aktivierung des Signals aus.  <\/p>\n<p><a href=\"https:\/\/oceansignal.com\/de\/news\/ocean-signal-verdreifacht-die-groesse-der-fabrikanlagen-um-den-produktionsanforderungen-gerecht-zu-werden\/\">Hergestellt im Vereinigten K\u00f6nigreich<\/a><\/p>\n<h4><strong>Hauptmerkmale des rescueME MOB AIS:<\/strong><\/h4>\n<ul>\n<li>AIS (Automatisches Identifikationssystem)<\/li>\n<li>Konform mit Klasse M (Verordnung: ECC\/DEC\/(22)02)<\/li>\n<li>Integrierter Tx- und Rx-DSC-Transceiver (Digital Selective Calling) *<\/li>\n<li>LEDs best\u00e4tigen den Empfang des DSC-Notsignals<\/li>\n<li>50 % (typisch) kleiner als die Konkurrenz<\/li>\n<li>GNSS \u00fcber GPS und Galileo<\/li>\n<li>Schnelle, genaue Positionierung<\/li>\n<li>IR- und wei\u00dfe Stroboskoplichter<\/li>\n<li>Automatische Aktivierung<\/li>\n<li>Einfache Integration von Rettungswesten**<\/li>\n<li>5 Jahre Batterielebensdauer<\/li>\n<li>24 Stunden Betriebsdauer bei -20\u00b0C<\/li>\n<li>2 Jahre Garantie (Garantie kann durch Produktregistrierung bei Ocean Signal auf 5 Jahre verl\u00e4ngert werden) <sup>\u2020<\/sup><\/li>\n<li>Integrierte Nahfeldkommunikation (NFC)<\/li>\n<li>Smartphone-Konnektivit\u00e4t \u00fcber NFC<\/li>\n<li>Ocean Signal Mobile App (iOS und Android)<\/li>\n<\/ul>\n<p>&nbsp;<\/p>\n<p><em><strong>Kompatibilit\u00e4t:<\/strong> Die meisten modernen AIS-Plotter und DSC-VHF entsprechen den zum Empfang MOB \u00dcbertragungen erforderlichen Standards. Es wird jedoch empfohlen, die Kompatibilit\u00e4t mit dem Ger\u00e4tehersteller zu \u00fcberpr\u00fcfen, insbesondere wenn Sie \u00e4ltere Ger\u00e4te verwenden. Weitere Informationen finden Sie in den FAQs weiter unten.<br \/>\n<\/em><\/p>\n<p>&nbsp;<\/p>\n<p>Der MOB2 kann vom Benutzer so konfiguriert werden, dass er die DSC-MMSI-Nummer* des Schiffs eingibt, indem er die Software unter dem folgenden Link herunterl\u00e4dt. Die DSC-Nummer des Schiffs kann mehrfach programmiert werden. <\/p>\n<p>&nbsp;<\/p>\n<p><span style=\"color: #c22f00;\">* Die DSC-Funktionalit\u00e4t unterliegt den Bestimmungen des Landes.<\/span><br \/>\n<span style=\"color: #c22f00;\"><em>** Wenden Sie sich immer an den Hersteller der Schwimmweste, um spezifische Anweisungen zu erhalten, bevor Sie dieses Produkt direkt an Ihrer Schwimmweste installieren.<\/em><\/span><br \/>\n<span style=\"color: #c22f00;\">\u2020 Vorbehaltlich Garantieerkl\u00e4rung. ( <em>Hinweis: Bei gewerblicher Nutzung ist die Garantiezeit auf zwei Jahre beschr\u00e4nkt.<\/em> )<\/span><\/p>\n<p>&nbsp;<\/p>\n","protected":false},"excerpt":{"rendered":"<p>Das weltweit kleinste Class M-konforme AIS-Man-Overboard-Ger\u00e4t (MOB) mit integriertem VHF-DSC.<\/p>\n<ul>\n<li data-start=\"195\" data-end=\"420\">\n<p data-start=\"197\" data-end=\"420\"><strong data-start=\"197\" data-end=\"247\">Sofortige AIS- und DSC-Warnungen bei einem MOB -Notfall<\/strong><br data-start=\"247\" data-end=\"250\">MOB2 \u00fcbertr\u00e4gt Ihren Standort sofort \u00fcber AIS und aktiviert einen DSC-Notruf \u00fcber das UKW-Radio Ihres Schiffs \u2013 und sendet so eine schnelle lokale Warnung an die Besatzung und Boote in der N\u00e4he.<\/p>\n<\/li>\n<li data-start=\"422\" data-end=\"637\">\n<p data-start=\"424\" data-end=\"637\"><strong data-start=\"424\" data-end=\"470\">Perfekt f\u00fcr die Sicherheitsanforderungen von Offshore- und Yachtrennen<\/strong><br data-start=\"470\" data-end=\"473\">Wettkampfsegler und Hochseeregattenfahrer vertrauen auf den MOB2 , der Schutz vor \u00fcber Bord gegangenen Besatzungsmitgliedern bietet und den Anforderungen schnelllebiger und risikoreicher Segelumgebungen gerecht wird.<\/p>\n<\/li>\n<li data-start=\"639\" data-end=\"858\">\n<p data-start=\"641\" data-end=\"858\"><strong data-start=\"641\" data-end=\"693\">GPS-Pr\u00e4zision mit automatischer Aktivierung der Rettungsweste<\/strong><br data-start=\"693\" data-end=\"696\">Das integrierte GPS gew\u00e4hrleistet eine genaue Ortung, w\u00e4hrend die automatische Aktivierung beim Aufblasen der Schwimmweste daf\u00fcr sorgt, dass Sie vom ersten Moment an gesch\u00fctzt sind, wenn Sie das Wasser betreten \u2013 und das ohne H\u00e4nde.<\/p>\n<\/li>\n<\/ul>\n<p>Entspricht der Verordnung ECC\/DEC\/(22)02 bez\u00fcglich der Verwendung von MOB -Ger\u00e4ten. M\u00f6chten Sie mehr \u00fcber die neuesten Anforderungen der Klasse M f\u00fcr AIS MOB erfahren?  <a href=\"https:\/\/oceansignal.com\/de\/news\/verstaendnis-der-auswirkungen-der-ais-klasse-m-regulierung-auf-mobs\/\">Klicken Sie hier<\/a><\/p>\n<p><a href=\"https:\/\/www.dropbox.com\/s\/8343nj28z0d7bxa\/Prop%2065%20-%20BPA.pdf?dl=0\">WARNUNG: PROP 65<\/a><br \/>\n NICHT ZUM VERKAUF IN DEN USA\/KANADA &#8211; probieren Sie das <a href=\"https:\/\/oceansignal.com\/de\/products\/rescueme-mob1\/\">Ocean Signal MOB1 f\u00fcr die USA\/KANADA hier aus<\/a><\/p>\n","protected":false},"featured_media":23813,"template":"","meta":{"_acf_changed":false,"om_disable_all_campaigns":false},"product_brand":[],"product_cat":[1976,1078,469],"product_tag":[505,503,502,1079,506,504],"class_list":{"0":"post-7794","1":"product","2":"type-product","3":"status-publish","4":"has-post-thumbnail","6":"product_cat-kompatibel-mit-rettungswesten","7":"product_cat-mann-uber-bord","8":"product_cat-rescueme-de","9":"product_tag-ais-de","10":"product_tag-ais-mobil","11":"product_tag-klasse-m","12":"product_tag-mann-uber-bord","13":"product_tag-mob-de","14":"product_tag-mob2-de","16":"first","17":"instock","18":"taxable","19":"shipping-taxable","20":"purchasable","21":"product-type-simple"},"acf":[],"yoast_head":"<!-- This site is optimized with the Yoast SEO Premium plugin v25.2 (Yoast SEO v26.4) - https:\/\/yoast.com\/wordpress\/plugins\/seo\/ -->\n<title>rescueME MOB2 - rescueME MOB2 Ocean Signal Klasse M Ocean Signal<\/title>\n<meta name=\"description\" content=\"Der Ocean Signal rescueME MOB2 AIS Mann-\u00fcber-Bord-Sender ist die ultimative L\u00f6sung f\u00fcr die Sicherheit auf See und wurde speziell zur Unterst\u00fctzung in SOS-Situationen entwickelt.\" \/>\n<meta name=\"robots\" content=\"index, follow, max-snippet:-1, max-image-preview:large, max-video-preview:-1\" \/>\n<link rel=\"canonical\" href=\"https:\/\/oceansignal.com\/de\/products\/rescueme-mob2\/\" \/>\n<meta property=\"og:locale\" content=\"de_DE\" \/>\n<meta property=\"og:type\" content=\"article\" \/>\n<meta property=\"og:title\" content=\"rescueME MOB2\" \/>\n<meta property=\"og:description\" content=\"Der Ocean Signal rescueME MOB2 AIS Mann-\u00fcber-Bord-Sender ist die ultimative L\u00f6sung f\u00fcr die Sicherheit auf See und wurde speziell zur Unterst\u00fctzung in SOS-Situationen entwickelt.\" \/>\n<meta property=\"og:url\" content=\"https:\/\/oceansignal.com\/de\/products\/rescueme-mob2\/\" \/>\n<meta property=\"og:site_name\" content=\"Ocean Signal\" \/>\n<meta property=\"article:modified_time\" content=\"2025-11-12T09:56:03+00:00\" \/>\n<meta property=\"og:image\" content=\"https:\/\/oceansignal.com\/wp-content\/uploads\/2024\/07\/MOB2-22-07-24-A_Web.png\" \/>\n\t<meta property=\"og:image:width\" content=\"900\" \/>\n\t<meta property=\"og:image:height\" content=\"807\" \/>\n\t<meta property=\"og:image:type\" content=\"image\/png\" \/>\n<meta name=\"twitter:card\" content=\"summary_large_image\" \/>\n<meta name=\"twitter:label1\" content=\"Gesch\u00e4tzte Lesezeit\" \/>\n\t<meta name=\"twitter:data1\" content=\"5\u00a0Minuten\" \/>\n<script type=\"application\/ld+json\" class=\"yoast-schema-graph\">{\"@context\":\"https:\/\/schema.org\",\"@graph\":[{\"@type\":\"WebPage\",\"@id\":\"https:\/\/oceansignal.com\/de\/products\/rescueme-mob2\/\",\"url\":\"https:\/\/oceansignal.com\/de\/products\/rescueme-mob2\/\",\"name\":\"rescueME MOB2 - rescueME MOB2 Ocean Signal Klasse M Ocean Signal\",\"isPartOf\":{\"@id\":\"https:\/\/oceansignal.com\/de\/#website\"},\"primaryImageOfPage\":{\"@id\":\"https:\/\/oceansignal.com\/de\/products\/rescueme-mob2\/#primaryimage\"},\"image\":{\"@id\":\"https:\/\/oceansignal.com\/de\/products\/rescueme-mob2\/#primaryimage\"},\"thumbnailUrl\":\"https:\/\/oceansignal.com\/wp-content\/uploads\/2024\/07\/MOB2-22-07-24-A_Web.png\",\"datePublished\":\"2024-07-22T13:30:33+00:00\",\"dateModified\":\"2025-11-12T09:56:03+00:00\",\"description\":\"Der Ocean Signal rescueME MOB2 AIS Mann-\u00fcber-Bord-Sender ist die ultimative L\u00f6sung f\u00fcr die Sicherheit auf See und wurde speziell zur Unterst\u00fctzung in SOS-Situationen entwickelt.\",\"breadcrumb\":{\"@id\":\"https:\/\/oceansignal.com\/de\/products\/rescueme-mob2\/#breadcrumb\"},\"inLanguage\":\"de\",\"potentialAction\":[{\"@type\":\"ReadAction\",\"target\":[\"https:\/\/oceansignal.com\/de\/products\/rescueme-mob2\/\"]}]},{\"@type\":\"ImageObject\",\"inLanguage\":\"de\",\"@id\":\"https:\/\/oceansignal.com\/de\/products\/rescueme-mob2\/#primaryimage\",\"url\":\"https:\/\/oceansignal.com\/wp-content\/uploads\/2024\/07\/MOB2-22-07-24-A_Web.png\",\"contentUrl\":\"https:\/\/oceansignal.com\/wp-content\/uploads\/2024\/07\/MOB2-22-07-24-A_Web.png\",\"width\":900,\"height\":807,\"caption\":\"Ocean Signal rescueME MOB2 AIS-Ortungsger\u00e4t, Klasse M, zugelassen\"},{\"@type\":\"BreadcrumbList\",\"@id\":\"https:\/\/oceansignal.com\/de\/products\/rescueme-mob2\/#breadcrumb\",\"itemListElement\":[{\"@type\":\"ListItem\",\"position\":1,\"name\":\"Produkte\",\"item\":\"https:\/\/oceansignal.com\/de\/produkte\/\"},{\"@type\":\"ListItem\",\"position\":2,\"name\":\"rescueME MOB2\"}]},{\"@type\":\"WebSite\",\"@id\":\"https:\/\/oceansignal.com\/de\/#website\",\"url\":\"https:\/\/oceansignal.com\/de\/\",\"name\":\"Ocean Signal\",\"description\":\"A leading manufacturer of EPIRBs, AIS, SARTs, Personal Locator Beacons, Man Overboard Beacon for the Marine and Outdoor Markets.\",\"potentialAction\":[{\"@type\":\"SearchAction\",\"target\":{\"@type\":\"EntryPoint\",\"urlTemplate\":\"https:\/\/oceansignal.com\/de\/?s={search_term_string}\"},\"query-input\":{\"@type\":\"PropertyValueSpecification\",\"valueRequired\":true,\"valueName\":\"search_term_string\"}}],\"inLanguage\":\"de\"}]}<\/script>\n<!-- \/ Yoast SEO Premium plugin. -->","yoast_head_json":{"title":"rescueME MOB2 - rescueME MOB2 Ocean Signal Klasse M Ocean Signal","description":"Der Ocean Signal rescueME MOB2 AIS Mann-\u00fcber-Bord-Sender ist die ultimative L\u00f6sung f\u00fcr die Sicherheit auf See und wurde speziell zur Unterst\u00fctzung in SOS-Situationen entwickelt.","robots":{"index":"index","follow":"follow","max-snippet":"max-snippet:-1","max-image-preview":"max-image-preview:large","max-video-preview":"max-video-preview:-1"},"canonical":"https:\/\/oceansignal.com\/de\/products\/rescueme-mob2\/","og_locale":"de_DE","og_type":"article","og_title":"rescueME MOB2","og_description":"Der Ocean Signal rescueME MOB2 AIS Mann-\u00fcber-Bord-Sender ist die ultimative L\u00f6sung f\u00fcr die Sicherheit auf See und wurde speziell zur Unterst\u00fctzung in SOS-Situationen entwickelt.","og_url":"https:\/\/oceansignal.com\/de\/products\/rescueme-mob2\/","og_site_name":"Ocean Signal","article_modified_time":"2025-11-12T09:56:03+00:00","og_image":[{"width":900,"height":807,"url":"https:\/\/oceansignal.com\/wp-content\/uploads\/2024\/07\/MOB2-22-07-24-A_Web.png","type":"image\/png"}],"twitter_card":"summary_large_image","twitter_misc":{"Gesch\u00e4tzte Lesezeit":"5\u00a0Minuten"},"schema":{"@context":"https:\/\/schema.org","@graph":[{"@type":"WebPage","@id":"https:\/\/oceansignal.com\/de\/products\/rescueme-mob2\/","url":"https:\/\/oceansignal.com\/de\/products\/rescueme-mob2\/","name":"rescueME MOB2 - rescueME MOB2 Ocean Signal Klasse M Ocean Signal","isPartOf":{"@id":"https:\/\/oceansignal.com\/de\/#website"},"primaryImageOfPage":{"@id":"https:\/\/oceansignal.com\/de\/products\/rescueme-mob2\/#primaryimage"},"image":{"@id":"https:\/\/oceansignal.com\/de\/products\/rescueme-mob2\/#primaryimage"},"thumbnailUrl":"https:\/\/oceansignal.com\/wp-content\/uploads\/2024\/07\/MOB2-22-07-24-A_Web.png","datePublished":"2024-07-22T13:30:33+00:00","dateModified":"2025-11-12T09:56:03+00:00","description":"Der Ocean Signal rescueME MOB2 AIS Mann-\u00fcber-Bord-Sender ist die ultimative L\u00f6sung f\u00fcr die Sicherheit auf See und wurde speziell zur Unterst\u00fctzung in SOS-Situationen entwickelt.","breadcrumb":{"@id":"https:\/\/oceansignal.com\/de\/products\/rescueme-mob2\/#breadcrumb"},"inLanguage":"de","potentialAction":[{"@type":"ReadAction","target":["https:\/\/oceansignal.com\/de\/products\/rescueme-mob2\/"]}]},{"@type":"ImageObject","inLanguage":"de","@id":"https:\/\/oceansignal.com\/de\/products\/rescueme-mob2\/#primaryimage","url":"https:\/\/oceansignal.com\/wp-content\/uploads\/2024\/07\/MOB2-22-07-24-A_Web.png","contentUrl":"https:\/\/oceansignal.com\/wp-content\/uploads\/2024\/07\/MOB2-22-07-24-A_Web.png","width":900,"height":807,"caption":"Ocean Signal rescueME MOB2 AIS-Ortungsger\u00e4t, Klasse M, zugelassen"},{"@type":"BreadcrumbList","@id":"https:\/\/oceansignal.com\/de\/products\/rescueme-mob2\/#breadcrumb","itemListElement":[{"@type":"ListItem","position":1,"name":"Produkte","item":"https:\/\/oceansignal.com\/de\/produkte\/"},{"@type":"ListItem","position":2,"name":"rescueME MOB2"}]},{"@type":"WebSite","@id":"https:\/\/oceansignal.com\/de\/#website","url":"https:\/\/oceansignal.com\/de\/","name":"Ocean Signal","description":"A leading manufacturer of EPIRBs, AIS, SARTs, Personal Locator Beacons, Man Overboard Beacon for the Marine and Outdoor Markets.","potentialAction":[{"@type":"SearchAction","target":{"@type":"EntryPoint","urlTemplate":"https:\/\/oceansignal.com\/de\/?s={search_term_string}"},"query-input":{"@type":"PropertyValueSpecification","valueRequired":true,"valueName":"search_term_string"}}],"inLanguage":"de"}]}},"_links":{"self":[{"href":"https:\/\/oceansignal.com\/de\/wp-json\/wp\/v2\/product\/7794","targetHints":{"allow":["GET"]}}],"collection":[{"href":"https:\/\/oceansignal.com\/de\/wp-json\/wp\/v2\/product"}],"about":[{"href":"https:\/\/oceansignal.com\/de\/wp-json\/wp\/v2\/types\/product"}],"wp:featuredmedia":[{"embeddable":true,"href":"https:\/\/oceansignal.com\/de\/wp-json\/wp\/v2\/media\/23813"}],"wp:attachment":[{"href":"https:\/\/oceansignal.com\/de\/wp-json\/wp\/v2\/media?parent=7794"}],"wp:term":[{"taxonomy":"product_brand","embeddable":true,"href":"https:\/\/oceansignal.com\/de\/wp-json\/wp\/v2\/product_brand?post=7794"},{"taxonomy":"product_cat","embeddable":true,"href":"https:\/\/oceansignal.com\/de\/wp-json\/wp\/v2\/product_cat?post=7794"},{"taxonomy":"product_tag","embeddable":true,"href":"https:\/\/oceansignal.com\/de\/wp-json\/wp\/v2\/product_tag?post=7794"}],"curies":[{"name":"wp","href":"https:\/\/api.w.org\/{rel}","templated":true}]}}