{"id":7802,"date":"2023-09-07T14:40:28","date_gmt":"2023-09-07T14:40:28","guid":{"rendered":"https:\/\/oceansignal.com\/products\/rescueme-mob1\/"},"modified":"2025-09-23T14:57:41","modified_gmt":"2025-09-23T14:57:41","slug":"rescueme-mob1","status":"publish","type":"product","link":"https:\/\/oceansignal.com\/de\/products\/rescueme-mob1\/","title":{"rendered":"rescueME MOB1"},"content":{"rendered":"<p>Die beste Chance auf schnelle Rettung, wenn Sie \u00fcber Bord gehen, haben Sie von Ihrem eigenen Schiff aus. Ihre Besatzung muss sofort \u00fcber den Vorfall informiert sein und Ihre Position w\u00e4hrend der Bergungsarbeiten im Auge behalten. Selbst bei gem\u00e4\u00dfigter See ist es besorgniserregend, wie schnell die Sicht auf einen \u00fcber Bord gegangenen Mann verloren gehen kann.  <\/p>\n<p>Sobald Ihr MOB1 aktiviert ist, sendet es eine Warnung an alle AIS-Empf\u00e4nger und AIS-f\u00e4higen Plotter in der N\u00e4he. Das integrierte GPS stellt sicher, dass Ihr Schiff und alle anderen, die m\u00f6glicherweise helfen, genaue Standortdaten erhalten. <\/p>\n<p>Eine zus\u00e4tzliche Funktion des MOB1 ist die M\u00f6glichkeit, den DSC-Alarm auf dem UKW-Funkger\u00e4t Ihres Schiffs zu aktivieren und so Ihre Besatzung auf die Situation aufmerksam zu machen.<\/p>\n<p>M\u00f6chten Sie mehr \u00fcber die neuesten Anforderungen der Klasse M f\u00fcr AIS MOB erfahren?  <a href=\"https:\/\/oceansignal.com\/de\/news\/verstaendnis-der-auswirkungen-der-ais-klasse-m-regulierung-auf-mobs\/\">Klicken Sie hier<\/a><\/p>\n<p>Das Ocean Signal rescueME MOB1 ist ein wichtiger Bestandteil jedes maritimen Sicherheitskits und wurde entwickelt, um bei Notf\u00e4llen, bei denen jemand \u00fcber Bord geht, schnell reagieren zu k\u00f6nnen. Dieses kompakte und leichte Signal l\u00e4sst sich nahtlos in Rettungswesten integrieren und sorgt f\u00fcr eine automatische Aktivierung beim Eintauchen ins Wasser. Mithilfe der AIS-Technologie sendet es Ihren genauen Standort an nahe gelegene Schiffe und Navigationssysteme an Bord und erm\u00f6glicht so schnelle und effektive Rettungsma\u00dfnahmen. Mit seiner robusten Konstruktion, der langlebigen Batterie und der einfachen Bereitstellung bietet das rescueME MOB1 Seglern und Bootsfahrern ein beruhigendes Gef\u00fchl, erh\u00f6ht die Sicherheit auf dem Wasser und kann in kritischen Situationen m\u00f6glicherweise Leben retten.   <\/p>\n<p>Wir pr\u00e4sentieren das weltweit kleinste AIS- MOB Ger\u00e4t mit integriertem DSC \u2013 das rescueME MOB1 von Ocean Signal . Das MOB1 ist sogar mit den kompaktesten aufblasbaren Rettungswesten kompatibel.* Das MOB1 ist f\u00fcr die Installation in der Rettungsweste* vorgesehen und wird beim Aufblasen automatisch aktiviert. Innerhalb von 15 Sekunden wird der erste Alarm gesendet. Das MOB1 ist bis zu 10 Meter wasserdicht.<\/p>\n<p>Der MOB1 <a href=\"https:\/\/www.youtube.com\/watch?v=WH4S8yhDAuo\">kommuniziert<\/a> mit dem Schiff, von dem Sie getrennt wurden, und anderen Schiffen in der N\u00e4he (bis zu 5 Meilen Reichweite, abh\u00e4ngig von den Bedingungen). Um die Rettungskr\u00e4fte zu alarmieren, kommuniziert ein alternatives Produkt, das rescueME PLB1 direkt \u00fcber ein spezielles Such- und Rettungssatellitennetzwerk. Im Notfall bietet rescueME MOB1 zwei M\u00f6glichkeiten, Ihre Position schnell und auf wenige Meter genau an das Schiff zu \u00fcbermitteln, und bietet zus\u00e4tzlich eine visuelle Anzeige \u00fcber das eingebaute Blitzlicht. Das integrierte Blitzlicht sorgt f\u00fcr maximale Sichtbarkeit bei schlechten Lichtverh\u00e4ltnissen.   <\/p>\n<p><a href=\"https:\/\/oceansignal.com\/de\/news\/verstaendnis-der-auswirkungen-der-ais-klasse-m-regulierung-auf-mobs\/\">Erfahren Sie mehr \u00fcber die kommenden MOB -Vorschriften: Klasse M AIS<\/a><\/p>\n<p><a href=\"https:\/\/oceansignal.com\/de\/news\/ocean-signal-verdreifacht-die-groesse-der-fabrikanlagen-um-den-produktionsanforderungen-gerecht-zu-werden\/\">Hergestellt im Vereinigten K\u00f6nigreich<\/a><\/p>\n<p><strong>Funktionen:<\/strong><\/p>\n<p>&nbsp;<\/p>\n<ul>\n<li>AIS (Automatisches Identifikationssystem)<\/li>\n<li>Integrierter DSC-Sender (Digital Selective Calling)*<\/li>\n<li>30% (typisch) kleiner als die Konkurrenz<\/li>\n<li>Automatische Aktivierung<\/li>\n<li>Einfache Integration von Rettungswesten**<\/li>\n<li>7 Jahre Batterielebensdauer<\/li>\n<li>24+ Stunden Betriebsdauer<\/li>\n<li>5 Jahre Garantie\u2020<\/li>\n<li>Schnelle, genaue Positionierung<\/li>\n<\/ul>\n<p>&nbsp;<\/p>\n<p><em><strong>Kompatibilit\u00e4t:<\/strong> Die meisten modernen AIS-Plotter und DSC-VHF entsprechen den zum Empfang MOB \u00dcbertragungen erforderlichen Standards. Es wird jedoch empfohlen, insbesondere bei Verwendung \u00e4lterer Ger\u00e4te, die Kompatibilit\u00e4t mit dem Ger\u00e4tehersteller zu \u00fcberpr\u00fcfen. Weitere Informationen finden Sie in den FAQs weiter unten.<br \/>\n<\/em><\/p>\n<p>&nbsp;<\/p>\n<p>Der Benutzer kann das MOB1 so konfigurieren, dass es die DSC-MMSI-Nummer des Schiffs* eingibt, indem er die Software unter dem folgenden Link herunterl\u00e4dt. Die DSC-Nummer des Schiffs kann mehrfach programmiert werden. <\/p>\n<p>&nbsp;<\/p>\n<p><span style=\"color: #c22f00\">* Die DSC-Funktionalit\u00e4t unterliegt den Bestimmungen des Landes.<\/span><br \/>\n<span style=\"color: #c22f00\"><em>** Konsultieren Sie immer den Hersteller f\u00fcr spezifische Anweisungen, bevor Sie dieses Produkt direkt an Ihrer Schwimmweste anbringen.<\/em><\/span><br \/>\n<span style=\"color: #c22f00\">\u2020 Vorbehaltlich Garantieerkl\u00e4rung. ( <em>Hinweis: Bei gewerblicher Nutzung ist die Garantiezeit auf zwei Jahre beschr\u00e4nkt.<\/em> )<\/span><\/p>\n","protected":false},"excerpt":{"rendered":"<p>Das weltweit kleinste AIS- MOB Ger\u00e4t mit integriertem DSC.<\/p>\n<ul>\n<li>AIS (Automatisches Identifikationssystem)<\/li>\n<li>Integrierter DSC-Sender (Digital Selective Calling)*<\/li>\n<li>30% (typisch) kleiner als die Konkurrenz<\/li>\n<li>Automatische Aktivierung<\/li>\n<li>Einfache Integration von Rettungswesten**<\/li>\n<li>7 Jahre Batterielebensdauer<\/li>\n<li>24+ Stunden Betriebsdauer<\/li>\n<li>5 Jahre Garantie\u2020<\/li>\n<li>Schnelle, genaue Positionierung<\/li>\n<\/ul>\n<p><img loading=\"lazy\" decoding=\"async\" class=\"alignnone size-medium wp-image-609\" src=\"http:\/\/oceansignal.com\/wp-content\/uploads\/2023\/09\/MT_Dame-logo_nominated_RGB-small-300x70.jpg\" alt=\"\" width=\"300\" height=\"70\" srcset=\"https:\/\/oceansignal.com\/wp-content\/uploads\/2023\/09\/MT_Dame-logo_nominated_RGB-small-300x70.jpg 300w, https:\/\/oceansignal.com\/wp-content\/uploads\/2023\/09\/MT_Dame-logo_nominated_RGB-small.jpg 323w\" sizes=\"auto, (max-width: 300px) 100vw, 300px\" \/><\/p>\n<p>Befindet es sich im Vereinigten K\u00f6nigreich oder in der EU?  <a href=\"https:\/\/oceansignal.com\/de\/products\/rescueme-mob2\/\">Schauen Sie sich das neue 2025 Ocean Signal MOB2 an.<\/a><\/p>\n<p><a href=\"https:\/\/www.dropbox.com\/s\/8343nj28z0d7bxa\/Prop%2065%20-%20BPA.pdf?dl=0\">WARNUNG: PROP 65<\/a><\/p>\n","protected":false},"featured_media":19225,"template":"","meta":{"_acf_changed":false,"om_disable_all_campaigns":false},"product_brand":[],"product_cat":[1078,469],"product_tag":[503,1079,506],"class_list":{"0":"post-7802","1":"product","2":"type-product","3":"status-publish","4":"has-post-thumbnail","6":"product_cat-mann-uber-bord","7":"product_cat-rescueme-de","8":"product_tag-ais-mobil","9":"product_tag-mann-uber-bord","10":"product_tag-mob-de","12":"first","13":"instock","14":"taxable","15":"shipping-taxable","16":"purchasable","17":"product-type-simple"},"acf":[],"yoast_head":"<!-- This site is optimized with the Yoast SEO Premium plugin v25.2 (Yoast SEO v26.4) - https:\/\/yoast.com\/wordpress\/plugins\/seo\/ -->\n<title>rescueME MOB1 - Ocean Signal<\/title>\n<meta name=\"description\" content=\"Der Ocean Signal rescueME MOB1 AIS-Mann-\u00fcber-Bord-Sender ist die ultimative L\u00f6sung f\u00fcr die Sicherheit auf See und wurde speziell zur Unterst\u00fctzung in SOS-Situationen entwickelt.\" \/>\n<meta name=\"robots\" content=\"index, follow, max-snippet:-1, max-image-preview:large, max-video-preview:-1\" \/>\n<link rel=\"canonical\" href=\"https:\/\/oceansignal.com\/de\/products\/rescueme-mob1\/\" \/>\n<meta property=\"og:locale\" content=\"de_DE\" \/>\n<meta property=\"og:type\" content=\"article\" \/>\n<meta property=\"og:title\" content=\"rescueME MOB1\" \/>\n<meta property=\"og:description\" content=\"Der Ocean Signal rescueME MOB1 AIS-Mann-\u00fcber-Bord-Sender ist die ultimative L\u00f6sung f\u00fcr die Sicherheit auf See und wurde speziell zur Unterst\u00fctzung in SOS-Situationen entwickelt.\" \/>\n<meta property=\"og:url\" content=\"https:\/\/oceansignal.com\/de\/products\/rescueme-mob1\/\" \/>\n<meta property=\"og:site_name\" content=\"Ocean Signal\" \/>\n<meta property=\"article:modified_time\" content=\"2025-09-23T14:57:41+00:00\" \/>\n<meta property=\"og:image\" content=\"https:\/\/oceansignal.com\/wp-content\/uploads\/2023\/09\/MOB1-square-1.jpg\" \/>\n\t<meta property=\"og:image:width\" content=\"1000\" \/>\n\t<meta property=\"og:image:height\" content=\"1000\" \/>\n\t<meta property=\"og:image:type\" content=\"image\/jpeg\" \/>\n<meta name=\"twitter:card\" content=\"summary_large_image\" \/>\n<meta name=\"twitter:label1\" content=\"Gesch\u00e4tzte Lesezeit\" \/>\n\t<meta name=\"twitter:data1\" content=\"3\u00a0Minuten\" \/>\n<script type=\"application\/ld+json\" class=\"yoast-schema-graph\">{\"@context\":\"https:\/\/schema.org\",\"@graph\":[{\"@type\":\"WebPage\",\"@id\":\"https:\/\/oceansignal.com\/de\/products\/rescueme-mob1\/\",\"url\":\"https:\/\/oceansignal.com\/de\/products\/rescueme-mob1\/\",\"name\":\"rescueME MOB1 - Ocean Signal\",\"isPartOf\":{\"@id\":\"https:\/\/oceansignal.com\/de\/#website\"},\"primaryImageOfPage\":{\"@id\":\"https:\/\/oceansignal.com\/de\/products\/rescueme-mob1\/#primaryimage\"},\"image\":{\"@id\":\"https:\/\/oceansignal.com\/de\/products\/rescueme-mob1\/#primaryimage\"},\"thumbnailUrl\":\"https:\/\/oceansignal.com\/wp-content\/uploads\/2023\/09\/MOB1-square-1.jpg\",\"datePublished\":\"2023-09-07T14:40:28+00:00\",\"dateModified\":\"2025-09-23T14:57:41+00:00\",\"description\":\"Der Ocean Signal rescueME MOB1 AIS-Mann-\u00fcber-Bord-Sender ist die ultimative L\u00f6sung f\u00fcr die Sicherheit auf See und wurde speziell zur Unterst\u00fctzung in SOS-Situationen entwickelt.\",\"breadcrumb\":{\"@id\":\"https:\/\/oceansignal.com\/de\/products\/rescueme-mob1\/#breadcrumb\"},\"inLanguage\":\"de\",\"potentialAction\":[{\"@type\":\"ReadAction\",\"target\":[\"https:\/\/oceansignal.com\/de\/products\/rescueme-mob1\/\"]}]},{\"@type\":\"ImageObject\",\"inLanguage\":\"de\",\"@id\":\"https:\/\/oceansignal.com\/de\/products\/rescueme-mob1\/#primaryimage\",\"url\":\"https:\/\/oceansignal.com\/wp-content\/uploads\/2023\/09\/MOB1-square-1.jpg\",\"contentUrl\":\"https:\/\/oceansignal.com\/wp-content\/uploads\/2023\/09\/MOB1-square-1.jpg\",\"width\":1000,\"height\":1000,\"caption\":\"Ocean Signal rescueME MOB1 AIS Mann-\u00fcber-Bord-Signal mit DSC. Das kleinste MOB der Welt.\"},{\"@type\":\"BreadcrumbList\",\"@id\":\"https:\/\/oceansignal.com\/de\/products\/rescueme-mob1\/#breadcrumb\",\"itemListElement\":[{\"@type\":\"ListItem\",\"position\":1,\"name\":\"Produkte\",\"item\":\"https:\/\/oceansignal.com\/de\/produkte\/\"},{\"@type\":\"ListItem\",\"position\":2,\"name\":\"rescueME MOB1\"}]},{\"@type\":\"WebSite\",\"@id\":\"https:\/\/oceansignal.com\/de\/#website\",\"url\":\"https:\/\/oceansignal.com\/de\/\",\"name\":\"Ocean Signal\",\"description\":\"A leading manufacturer of EPIRBs, AIS, SARTs, Personal Locator Beacons, Man Overboard Beacon for the Marine and Outdoor Markets.\",\"potentialAction\":[{\"@type\":\"SearchAction\",\"target\":{\"@type\":\"EntryPoint\",\"urlTemplate\":\"https:\/\/oceansignal.com\/de\/?s={search_term_string}\"},\"query-input\":{\"@type\":\"PropertyValueSpecification\",\"valueRequired\":true,\"valueName\":\"search_term_string\"}}],\"inLanguage\":\"de\"}]}<\/script>\n<!-- \/ Yoast SEO Premium plugin. -->","yoast_head_json":{"title":"rescueME MOB1 - Ocean Signal","description":"Der Ocean Signal rescueME MOB1 AIS-Mann-\u00fcber-Bord-Sender ist die ultimative L\u00f6sung f\u00fcr die Sicherheit auf See und wurde speziell zur Unterst\u00fctzung in SOS-Situationen entwickelt.","robots":{"index":"index","follow":"follow","max-snippet":"max-snippet:-1","max-image-preview":"max-image-preview:large","max-video-preview":"max-video-preview:-1"},"canonical":"https:\/\/oceansignal.com\/de\/products\/rescueme-mob1\/","og_locale":"de_DE","og_type":"article","og_title":"rescueME MOB1","og_description":"Der Ocean Signal rescueME MOB1 AIS-Mann-\u00fcber-Bord-Sender ist die ultimative L\u00f6sung f\u00fcr die Sicherheit auf See und wurde speziell zur Unterst\u00fctzung in SOS-Situationen entwickelt.","og_url":"https:\/\/oceansignal.com\/de\/products\/rescueme-mob1\/","og_site_name":"Ocean Signal","article_modified_time":"2025-09-23T14:57:41+00:00","og_image":[{"width":1000,"height":1000,"url":"https:\/\/oceansignal.com\/wp-content\/uploads\/2023\/09\/MOB1-square-1.jpg","type":"image\/jpeg"}],"twitter_card":"summary_large_image","twitter_misc":{"Gesch\u00e4tzte Lesezeit":"3\u00a0Minuten"},"schema":{"@context":"https:\/\/schema.org","@graph":[{"@type":"WebPage","@id":"https:\/\/oceansignal.com\/de\/products\/rescueme-mob1\/","url":"https:\/\/oceansignal.com\/de\/products\/rescueme-mob1\/","name":"rescueME MOB1 - Ocean Signal","isPartOf":{"@id":"https:\/\/oceansignal.com\/de\/#website"},"primaryImageOfPage":{"@id":"https:\/\/oceansignal.com\/de\/products\/rescueme-mob1\/#primaryimage"},"image":{"@id":"https:\/\/oceansignal.com\/de\/products\/rescueme-mob1\/#primaryimage"},"thumbnailUrl":"https:\/\/oceansignal.com\/wp-content\/uploads\/2023\/09\/MOB1-square-1.jpg","datePublished":"2023-09-07T14:40:28+00:00","dateModified":"2025-09-23T14:57:41+00:00","description":"Der Ocean Signal rescueME MOB1 AIS-Mann-\u00fcber-Bord-Sender ist die ultimative L\u00f6sung f\u00fcr die Sicherheit auf See und wurde speziell zur Unterst\u00fctzung in SOS-Situationen entwickelt.","breadcrumb":{"@id":"https:\/\/oceansignal.com\/de\/products\/rescueme-mob1\/#breadcrumb"},"inLanguage":"de","potentialAction":[{"@type":"ReadAction","target":["https:\/\/oceansignal.com\/de\/products\/rescueme-mob1\/"]}]},{"@type":"ImageObject","inLanguage":"de","@id":"https:\/\/oceansignal.com\/de\/products\/rescueme-mob1\/#primaryimage","url":"https:\/\/oceansignal.com\/wp-content\/uploads\/2023\/09\/MOB1-square-1.jpg","contentUrl":"https:\/\/oceansignal.com\/wp-content\/uploads\/2023\/09\/MOB1-square-1.jpg","width":1000,"height":1000,"caption":"Ocean Signal rescueME MOB1 AIS Mann-\u00fcber-Bord-Signal mit DSC. Das kleinste MOB der Welt."},{"@type":"BreadcrumbList","@id":"https:\/\/oceansignal.com\/de\/products\/rescueme-mob1\/#breadcrumb","itemListElement":[{"@type":"ListItem","position":1,"name":"Produkte","item":"https:\/\/oceansignal.com\/de\/produkte\/"},{"@type":"ListItem","position":2,"name":"rescueME MOB1"}]},{"@type":"WebSite","@id":"https:\/\/oceansignal.com\/de\/#website","url":"https:\/\/oceansignal.com\/de\/","name":"Ocean Signal","description":"A leading manufacturer of EPIRBs, AIS, SARTs, Personal Locator Beacons, Man Overboard Beacon for the Marine and Outdoor Markets.","potentialAction":[{"@type":"SearchAction","target":{"@type":"EntryPoint","urlTemplate":"https:\/\/oceansignal.com\/de\/?s={search_term_string}"},"query-input":{"@type":"PropertyValueSpecification","valueRequired":true,"valueName":"search_term_string"}}],"inLanguage":"de"}]}},"_links":{"self":[{"href":"https:\/\/oceansignal.com\/de\/wp-json\/wp\/v2\/product\/7802","targetHints":{"allow":["GET"]}}],"collection":[{"href":"https:\/\/oceansignal.com\/de\/wp-json\/wp\/v2\/product"}],"about":[{"href":"https:\/\/oceansignal.com\/de\/wp-json\/wp\/v2\/types\/product"}],"wp:featuredmedia":[{"embeddable":true,"href":"https:\/\/oceansignal.com\/de\/wp-json\/wp\/v2\/media\/19225"}],"wp:attachment":[{"href":"https:\/\/oceansignal.com\/de\/wp-json\/wp\/v2\/media?parent=7802"}],"wp:term":[{"taxonomy":"product_brand","embeddable":true,"href":"https:\/\/oceansignal.com\/de\/wp-json\/wp\/v2\/product_brand?post=7802"},{"taxonomy":"product_cat","embeddable":true,"href":"https:\/\/oceansignal.com\/de\/wp-json\/wp\/v2\/product_cat?post=7802"},{"taxonomy":"product_tag","embeddable":true,"href":"https:\/\/oceansignal.com\/de\/wp-json\/wp\/v2\/product_tag?post=7802"}],"curies":[{"name":"wp","href":"https:\/\/api.w.org\/{rel}","templated":true}]}}