{"id":7816,"date":"2023-03-27T07:28:36","date_gmt":"2023-03-27T07:28:36","guid":{"rendered":"https:\/\/oceansignal.com\/products\/rescueme-epirb3\/"},"modified":"2026-03-25T10:10:59","modified_gmt":"2026-03-25T10:10:59","slug":"rescueme-epirb3","status":"publish","type":"product","link":"https:\/\/oceansignal.com\/de\/products\/rescueme-epirb3\/","title":{"rendered":"rescueME EPIRB3"},"content":{"rendered":"<p class=\"ai-optimize-38\"><a href=\"https:\/\/www.dropbox.com\/s\/8343nj28z0d7bxa\/Prop%2065%20-%20BPA.pdf?dl=0\" data-cke-saved-href=\"https:\/\/www.dropbox.com\/s\/8343nj28z0d7bxa\/Prop%2065%20-%20BPA.pdf?dl=0\">WARNUNG: PROP 65<\/a><\/p>\n<p class=\"ai-optimize-39\">Zusammenfassung:<\/p>\n<p class=\"ai-optimize-40\">Die neue Ocean Signal rescueME EPIRB3 ist ein voll ausgestatteter, globaler GMDSS-zugelassener 406-MHz-Notfunksender mit Positionsanzeige. Er wird mit einer manuellen Halterung geliefert und bietet zahlreiche Funktionen in einem kompakten, modernen Design, einschlie\u00dflich AIS-Technologie. AIS liefert lokalen Rettungskr\u00e4ften pr\u00e4zise und zuverl\u00e4ssige Informationen zur aktuellen Position des Senders und beschleunigt so Rettungseins\u00e4tze. Zus\u00e4tzlich beruhigt der Return Link Service (RLS) diejenigen, die den Sender aktivieren, indem er den Empfang ihrer Notmeldung best\u00e4tigt. Dank Near Field Communication (NFC) k\u00f6nnen die Batterie und andere Funktionen des EPIRB \u00fcber eine Smartphone-App \u00fcberwacht und so dessen ordnungsgem\u00e4\u00dfe Funktion sichergestellt werden. Mit ihrem schlanken Design und den fortschrittlichen Funktionen ist die EPIRB3 ideal f\u00fcr Seefahrer aller Art, egal ob sie im Mittelmeer unterwegs sind, eine Passage durch die Meerenge befahren, angeln, arbeiten oder auf hoher See segeln.    <\/p>\n<p class=\"ai-optimize-41\">Beschreibung:<\/p>\n<p class=\"ai-optimize-42\">Ocean Signal neuer EPIRB3 (Emergency Position Indicating Radio Beacon) erh\u00f6ht die Zuverl\u00e4ssigkeit und erleichtert Rettungseins\u00e4tze mit neuen erweiterten Funktionen. Dieser neue GMDSS-zugelassene EPIRB sendet ein digitales Mayday-Signal auf 406 MHz, um Rettungskr\u00e4fte weltweit per Satellit zu benachrichtigen, und sendet lokal AIS-VHF-Signale (Automatic Identification System), damit Rettungskr\u00e4fte das Leuchtfeuer schneller finden. Nach der Aktivierung \u00fcbertr\u00e4gt der EPIRB3 ein Notsignal an das globale Satellitenrettungssystem <a href=\"https:\/\/www.cospas-sarsat.int\/en\/\">Cospas-Sarsat<\/a> und sendet gleichzeitig eine AIS-Warnung auf VHF-Frequenzen, die von jedem in der N\u00e4he befindlichen, mit AIS ausger\u00fcsteten Schiff sofort gesehen werden kann. Der Return Link Service (RLS) bietet dem Benutzer eine visuelle Best\u00e4tigung, dass seine Notmeldung empfangen wurde. Die Kombination aus AIS, einem 121,5 MHz-Zielsuchsignal und sichtbaren und infraroten Blitzlichtern beschleunigt die Bergungszeiten, indem sie Rettungskr\u00e4ften erm\u00f6glicht, den Standort des Leuchtfeuers selbst dann genau zu lokalisieren, wenn es abgetrieben ist, und zwar unabh\u00e4ngig von der Tages- oder Nachtzeit. Near Field Communication (NFC) ist eine gro\u00dfartige neue Funktion, mit der Benutzer die EPIRB3 mithilfe einer kostenlosen Smartphone-App \u00fcberwachen und sicherstellen k\u00f6nnen, dass die Batterie ausreichend geladen ist und das Beacon ordnungsgem\u00e4\u00df funktioniert, bevor sie losfahren.     <\/p>\n<p>&nbsp;<\/p>\n<p class=\"ai-optimize-43\">Die fortschrittliche Sicherheits- und Rettungstechnologie f\u00fcr den Seeverkehr von Ocean Signal im neuen EPIRB3 mit AIS vereint innovative neue Funktionen in einem kompakten, ergonomisch gestalteten Geh\u00e4use, das sich ideal f\u00fcr alle Arten und Gr\u00f6\u00dfen von Freizeit- und Handelsschiffen eignet.<\/p>\n<p>&nbsp;<\/p>\n<p class=\"ai-optimize-44\"><strong>Die Rettungszeiten k\u00f6nnen durch die globale Aktivierung in Kombination mit der AIS Local Beacon-\u00dcbertragung verbessert werden.<\/strong><\/p>\n<p>&nbsp;<\/p>\n<p class=\"ai-optimize-45\">Die EPIRB3 nutzt die GNSS-Positionierungsnetzwerke (GPS, Galileo, Glonass), um ihren globalen Standort zu bestimmen. Wird das Signal ausgel\u00f6st, \u00fcbertr\u00e4gt eine 406-MHz-Notruf\u00fcbertragung die GPS- EPIRB Position (GPIRB) mit einer Genauigkeit von 100 Metern an das weltweite <a href=\"https:\/\/www.cospas-sarsat.int\/en\/\">Cospas-Sarsat-<\/a> Such- und Rettungssatellitennetzwerk. An das Satellitensystem angeschlossene Bodenstationen empfangen EPIRB Identifikation und Einsatzposition, sodass Rettungsma\u00dfnahmen koordiniert und eingeleitet werden k\u00f6nnen. Dank der fortschrittlichen AIS-Technologie, die jetzt in die EPIRB integriert ist, sendet das Signal direkt nach der Aktivierung AIS-Signale, sodass Schiffe in der N\u00e4he sofort \u00fcber die Notlage informiert werden und den Standort des Signals erfahren. AIS-ausgestattete Schiffe in UKW-Reichweite sehen auf ihren Bildschirmen eine Sicherheitsmeldung mit der MMSI-Schiffsidentifikation. Lokale Schiffe k\u00f6nnen sofort mit Rettungs- und Bergungsma\u00dfnahmen beginnen, was die Bergungszeiten verk\u00fcrzen und Leben retten kann. Da ein AIS-Ziel auf dem Borddisplay jedes in der N\u00e4he befindlichen AIS-ausgestatteten Schiffes angezeigt wird, k\u00f6nnen diese durch Auswahl des AIS-Ziels einfach direkt zur EPIRB navigieren. Selbst wenn keine Schiffe vor Ort verf\u00fcgbar sind, beschleunigt AIS die Bergungszeiten, da maritime SAR-Betreiber die Position der EPIRB bei Ann\u00e4herung genau bestimmen k\u00f6nnen. Die Kombination aus globalem Satelliten-Notruf, pr\u00e4ziser GPIRB-Standort\u00fcbertragung und lokalen AIS-Sicherheitsmeldungen verbessert die Bergungszeit und den Erfolg erheblich.        <\/p>\n<p>&nbsp;<\/p>\n<p class=\"ai-optimize-46\"><strong>Near Field Communication (NFC) erm\u00f6glicht EPIRB -Diagnose mithilfe eines Smartphones.<\/strong><\/p>\n<p>&nbsp;<\/p>\n<p class=\"ai-optimize-47\">Benutzer von Notfall-Funkbaken zur Positionsanzeige k\u00f6nnen ihre EPIRB jetzt \u00fcberpr\u00fcfen, indem sie ihr Smartphone per <a href=\"https:\/\/www.youtube.com\/watch?v=MRXLii6r3n4&amp;t=10s\">NFC (Near Field Communication)<\/a> damit verbinden. Diese Technologie verbindet ein neben der EPIRB3 platziertes Smartphone, indem sie automatisch die kostenlose Ocean Signal Produkt-App startet. In der App sind umfassende Diagnosefunktionen verf\u00fcgbar, die dem Benutzer die aktuelle Akkulaufzeit, die Anzahl der durchgef\u00fchrten Selbsttests, die Anzahl der durchgef\u00fchrten GNSS-Tests und wie lange die EPIRB aktiviert war, anzeigen. Detaillierte Informationen, darunter eine Kartenansicht, die zeigt, wo ein GNSS-Test durchgef\u00fchrt wurde, das Datum und die Uhrzeit des Tests, die Zeit, die die EPIRB ben\u00f6tigte, um die GNSS-Koordinaten zu fixieren, die Anzahl der f\u00fcr diese Fixierung verwendeten Satelliten und die Genauigkeit der Fixierung, werden \u00fcbersichtlich angezeigt. Die kostenlose Mobile-App und die NFC-Funktionalit\u00e4t von Ocean Signal bieten Benutzern alle Informationen, die sie brauchen, um zu best\u00e4tigen, dass ihre EPIRB im Notfall voll funktionsf\u00e4hig und einsatzbereit ist.    <\/p>\n<p>&nbsp;<\/p>\n<p class=\"ai-optimize-48\"><strong>Der Convenient Return Link Service (RLS) teilt den Benutzern mit, dass ihr Notruf eingegangen ist.<\/strong><\/p>\n<p>&nbsp;<\/p>\n<p class=\"ai-optimize-49\">EPIRBs werden in Notf\u00e4llen eingesetzt, und Rettungsaktionen k\u00f6nnen lange dauern, insbesondere wenn sich das in Seenot geratene Schiff weit vor der K\u00fcste befindet. Die EPIRB3 ist mit einem Return Link Service ausgestattet, der den Benutzer benachrichtigt, dass das Notsignal \u00fcbermittelt wurde. Das RLS-Signal wird \u00fcber das <a href=\"https:\/\/www.euspa.europa.eu\/european-space\/galileo\/services\/search-and-rescue-sar-galileo-service\">Galileo-<\/a> Satellitennetzwerk zur\u00fcckgesendet, um den Empfang der Notmeldung zusammen mit der genauen EPIRB Position und den Kennungen zu best\u00e4tigen. Ein einfaches blaues Blinklicht signalisiert dem Benutzer, dass die EPIRB erfolgreich \u00fcber das Satellitennetzwerk verbunden wurde und die Rettungskr\u00e4fte benachrichtigt werden. Das Wissen, dass das digitale Notsignal zusammen mit der EPIRB Kennung und der Position des Notsignals erfolgreich \u00fcbermittelt wurde, hilft den Seenotopfern, ruhig zu bleiben, w\u00e4hrend sie auf die Rettungsaktion warten.    <\/p>\n<p>&nbsp;<\/p>\n<p class=\"ai-optimize-50\"><strong>Montagehalterung<\/strong><\/p>\n<p>&nbsp;<\/p>\n<p class=\"ai-optimize-51\">Die EPIRB3 wird komplett mit einer manuellen Halterung der Kategorie 2 geliefert. Diese Halterung sch\u00fctzt die EPIRB3 w\u00e4hrend der gesamten Reise sicher, unabh\u00e4ngig von den herrschenden Bedingungen. Sie verf\u00fcgt au\u00dferdem \u00fcber eine Schnellentriegelung, sodass die EPIRB bei Bedarf schnell und einfach entfernt werden kann.  <\/p>\n<p>&nbsp;<\/p>\n<p class=\"ai-optimize-52\">Ocean Signal nutzt fortschrittliche Technologien und hochwertige Fertigungsverfahren, um hochwertige elektronische Rettungsger\u00e4te und andere lebensrettende Produkte zu entwickeln und zu produzieren. Die neue EPIRB3 mit ihrem konturierten Profil eignet sich gleicherma\u00dfen f\u00fcr Segel- und Motorboote. Sowohl Freizeit- als auch gewerbliche Nutzer k\u00f6nnen sicher sein, dass die Funktionen dieses neuen Notfunksenders die besten Chancen auf eine effiziente und erfolgreiche Rettung bieten, egal wohin sie gehen. Zahlreiche Hightech-Funktionen der EPIRB3 in Kombination mit einem einzigartigen Design erm\u00f6glichen den effektiven Einsatz auf allen Schiffstypen \u2013 ob im Einsatz oder in K\u00fcstenn\u00e4he, auf hoher See oder auf Weltumsegelung.   <\/p>\n<p class=\"ai-optimize-53\">F\u00fcr Kategorie 1 Float Free Version: <a href=\"https:\/\/oceansignal.com\/products\/safesea-epirb3-pro\/\">safeSEA EPIRB3 Pro<\/a><\/p>\n<p class=\"ai-optimize-54\"><strong>Funktionen:<\/strong><\/p>\n<p>&nbsp;<\/p>\n<ul>\n<li class=\"ai-optimize-55\">30% (typisch) kleiner<\/li>\n<li class=\"ai-optimize-56\">AIS-Notruf<\/li>\n<li class=\"ai-optimize-57\">Return-Link-Dienst (RLS)<\/li>\n<li class=\"ai-optimize-58\">Mobile Konnektivit\u00e4t mit Near Field Communication (NFC)<\/li>\n<li class=\"ai-optimize-59\">Kostenlose App (Apple &amp; Android)<\/li>\n<li class=\"ai-optimize-60\">10 Jahre Batterielebensdauer<\/li>\n<li class=\"ai-optimize-61\">48+ Stunden Betriebsdauer<\/li>\n<li class=\"ai-optimize-62\">2 Jahre Garantie (Garantie kann durch Produktregistrierung bei Ocean Signal auf 5 Jahre verl\u00e4ngert werden)<\/li>\n<li class=\"ai-optimize-63\">Schnelle, genaue Positionierung mit 72-Kanal-GPS<\/li>\n<li class=\"ai-optimize-64\">Einziehbare Antenne<\/li>\n<li class=\"ai-optimize-65\">Schnellspann-Halterung<\/li>\n<li class=\"ai-optimize-66\">Sicheres Schl\u00fcsselband<\/li>\n<\/ul>\n<p>&nbsp;<\/p>\n","protected":false},"excerpt":{"rendered":"<p class=\"ai-optimize-14\" data-start=\"318\" data-end=\"494\">Das rescueME EPIRB3 kombiniert eine globale Rettungsabdeckung und verf\u00fcgt \u00fcber integriertes AIS f\u00fcr intelligente lokale Wiederherstellungsfunktionen in einer kompakten Einheit.<\/p>\n<ul>\n<li class=\"ai-optimize-15\" style=\"list-style-type: none;\">\n<ul data-start=\"496\" data-end=\"1135\">\n<li class=\"ai-optimize-16\" data-start=\"496\" data-end=\"748\">\n<p class=\"ai-optimize-17\" data-start=\"498\" data-end=\"748\"><strong data-start=\"498\" data-end=\"544\">Globale SAR-Konnektivit\u00e4t \u00fcber Cospas-Sarsat:<\/strong> Sendet Ihr 406-MHz-Notsignal direkt an internationale Such- und Rettungsdienste und gew\u00e4hrleistet so eine <strong data-start=\"678\" data-end=\"725\">garantierte,<\/strong> staatlich koordinierte Reaktion \u00fcberall auf der Welt, rund um die Uhr an 365 Tagen im Jahr.<\/p>\n<\/li>\n<li class=\"ai-optimize-18\" data-start=\"749\" data-end=\"929\">\n<p class=\"ai-optimize-19\" data-start=\"751\" data-end=\"929\"><strong data-start=\"751\" data-end=\"787\">Return Link Service (RLS) + AIS:<\/strong> Best\u00e4tigt den Empfang Ihres Signals mit einem blauen Licht, w\u00e4hrend AIS Ihren Standort f\u00fcr <strong data-start=\"905\" data-end=\"928\">eine zweistufige Rettung<\/strong> an Schiffe in der N\u00e4he sendet.<\/p>\n<\/li>\n<li class=\"ai-optimize-20\" data-start=\"930\" data-end=\"1135\">\n<p class=\"ai-optimize-21\" data-start=\"932\" data-end=\"1135\"><strong data-start=\"932\" data-end=\"968\">Zuverl\u00e4ssige, langlebige Leistung:<\/strong> Verf\u00fcgt \u00fcber einen hochpr\u00e4zisen GNSS-Empf\u00e4nger, eine Batteriebetriebsdauer von \u00fcber 48 Stunden nach der Aktivierung und entspricht vollst\u00e4ndig den Bef\u00f6rderungsanforderungen von <strong data-start=\"1091\" data-end=\"1098\">IMO<\/strong> und <strong data-start=\"1103\" data-end=\"1112\">SOLAS<\/strong> .<\/p>\n<\/li>\n<li class=\"ai-optimize-22\" data-start=\"930\" data-end=\"1135\"><strong>Keine Abonnementgeb\u00fchren<\/strong> .<\/li>\n<\/ul>\n<\/li>\n<\/ul>\n","protected":false},"featured_media":12419,"template":"","meta":{"_acf_changed":false,"om_disable_all_campaigns":false},"product_brand":[],"product_cat":[709,469],"product_tag":[505,710,713,711,712],"class_list":{"0":"post-7816","1":"product","2":"type-product","3":"status-publish","4":"has-post-thumbnail","6":"product_cat-epirb-de","7":"product_cat-rescueme-de","8":"product_tag-ais-de","9":"product_tag-epirb-de","10":"product_tag-epirb3-de","11":"product_tag-nfc-de","12":"product_tag-rls-de","14":"first","15":"instock","16":"taxable","17":"shipping-taxable","18":"purchasable","19":"product-type-simple"},"acf":[],"yoast_head":"<!-- This site is optimized with the Yoast SEO Premium plugin v25.2 (Yoast SEO v26.4) - https:\/\/yoast.com\/wordpress\/plugins\/seo\/ -->\n<title>rescueME EPIRB3 - Ocean Signal<\/title>\n<meta name=\"description\" content=\"Bleiben Sie sicher auf See mit rescueME EPIRB3 : Dieses Notfunkfeuer ( EPIRB verf\u00fcgt jetzt \u00fcber AIS und ist GMDSS-zugelassen f\u00fcr Bootsfahrer. Jetzt kaufen!\" \/>\n<meta name=\"robots\" content=\"index, follow, max-snippet:-1, max-image-preview:large, max-video-preview:-1\" \/>\n<link rel=\"canonical\" href=\"https:\/\/oceansignal.com\/de\/products\/rescueme-epirb3\/\" \/>\n<meta property=\"og:locale\" content=\"de_DE\" \/>\n<meta property=\"og:type\" content=\"article\" \/>\n<meta property=\"og:title\" content=\"rescueME EPIRB3\" \/>\n<meta property=\"og:description\" content=\"Bleiben Sie sicher auf See mit rescueME EPIRB3 : Dieses Notfunkfeuer ( EPIRB verf\u00fcgt jetzt \u00fcber AIS und ist GMDSS-zugelassen f\u00fcr Bootsfahrer. Jetzt kaufen!\" \/>\n<meta property=\"og:url\" content=\"https:\/\/oceansignal.com\/de\/products\/rescueme-epirb3\/\" \/>\n<meta property=\"og:site_name\" content=\"Ocean Signal\" \/>\n<meta property=\"article:modified_time\" content=\"2026-03-25T10:10:59+00:00\" \/>\n<meta property=\"og:image\" content=\"https:\/\/oceansignal.com\/wp-content\/uploads\/2023\/03\/EPIRB3-Front.png\" \/>\n\t<meta property=\"og:image:width\" content=\"800\" \/>\n\t<meta property=\"og:image:height\" content=\"800\" \/>\n\t<meta property=\"og:image:type\" content=\"image\/png\" \/>\n<meta name=\"twitter:card\" content=\"summary_large_image\" \/>\n<meta name=\"twitter:label1\" content=\"Gesch\u00e4tzte Lesezeit\" \/>\n\t<meta name=\"twitter:data1\" content=\"6\u00a0Minuten\" \/>\n<script type=\"application\/ld+json\" class=\"yoast-schema-graph\">{\"@context\":\"https:\/\/schema.org\",\"@graph\":[{\"@type\":\"WebPage\",\"@id\":\"https:\/\/oceansignal.com\/de\/products\/rescueme-epirb3\/\",\"url\":\"https:\/\/oceansignal.com\/de\/products\/rescueme-epirb3\/\",\"name\":\"rescueME EPIRB3 - Ocean Signal\",\"isPartOf\":{\"@id\":\"https:\/\/oceansignal.com\/de\/#website\"},\"primaryImageOfPage\":{\"@id\":\"https:\/\/oceansignal.com\/de\/products\/rescueme-epirb3\/#primaryimage\"},\"image\":{\"@id\":\"https:\/\/oceansignal.com\/de\/products\/rescueme-epirb3\/#primaryimage\"},\"thumbnailUrl\":\"https:\/\/oceansignal.com\/wp-content\/uploads\/2023\/03\/EPIRB3-Front.png\",\"datePublished\":\"2023-03-27T07:28:36+00:00\",\"dateModified\":\"2026-03-25T10:10:59+00:00\",\"description\":\"Bleiben Sie sicher auf See mit rescueME EPIRB3 : Dieses Notfunkfeuer ( EPIRB verf\u00fcgt jetzt \u00fcber AIS und ist GMDSS-zugelassen f\u00fcr Bootsfahrer. Jetzt kaufen!\",\"breadcrumb\":{\"@id\":\"https:\/\/oceansignal.com\/de\/products\/rescueme-epirb3\/#breadcrumb\"},\"inLanguage\":\"de\",\"potentialAction\":[{\"@type\":\"ReadAction\",\"target\":[\"https:\/\/oceansignal.com\/de\/products\/rescueme-epirb3\/\"]}]},{\"@type\":\"ImageObject\",\"inLanguage\":\"de\",\"@id\":\"https:\/\/oceansignal.com\/de\/products\/rescueme-epirb3\/#primaryimage\",\"url\":\"https:\/\/oceansignal.com\/wp-content\/uploads\/2023\/03\/EPIRB3-Front.png\",\"contentUrl\":\"https:\/\/oceansignal.com\/wp-content\/uploads\/2023\/03\/EPIRB3-Front.png\",\"width\":800,\"height\":800},{\"@type\":\"BreadcrumbList\",\"@id\":\"https:\/\/oceansignal.com\/de\/products\/rescueme-epirb3\/#breadcrumb\",\"itemListElement\":[{\"@type\":\"ListItem\",\"position\":1,\"name\":\"Produkte\",\"item\":\"https:\/\/oceansignal.com\/de\/produkte\/\"},{\"@type\":\"ListItem\",\"position\":2,\"name\":\"rescueME EPIRB3\"}]},{\"@type\":\"WebSite\",\"@id\":\"https:\/\/oceansignal.com\/de\/#website\",\"url\":\"https:\/\/oceansignal.com\/de\/\",\"name\":\"Ocean Signal\",\"description\":\"A leading manufacturer of EPIRBs, AIS, SARTs, Personal Locator Beacons, Man Overboard Beacon for the Marine and Outdoor Markets.\",\"potentialAction\":[{\"@type\":\"SearchAction\",\"target\":{\"@type\":\"EntryPoint\",\"urlTemplate\":\"https:\/\/oceansignal.com\/de\/?s={search_term_string}\"},\"query-input\":{\"@type\":\"PropertyValueSpecification\",\"valueRequired\":true,\"valueName\":\"search_term_string\"}}],\"inLanguage\":\"de\"}]}<\/script>\n<!-- \/ Yoast SEO Premium plugin. -->","yoast_head_json":{"title":"rescueME EPIRB3 - Ocean Signal","description":"Bleiben Sie sicher auf See mit rescueME EPIRB3 : Dieses Notfunkfeuer ( EPIRB verf\u00fcgt jetzt \u00fcber AIS und ist GMDSS-zugelassen f\u00fcr Bootsfahrer. Jetzt kaufen!","robots":{"index":"index","follow":"follow","max-snippet":"max-snippet:-1","max-image-preview":"max-image-preview:large","max-video-preview":"max-video-preview:-1"},"canonical":"https:\/\/oceansignal.com\/de\/products\/rescueme-epirb3\/","og_locale":"de_DE","og_type":"article","og_title":"rescueME EPIRB3","og_description":"Bleiben Sie sicher auf See mit rescueME EPIRB3 : Dieses Notfunkfeuer ( EPIRB verf\u00fcgt jetzt \u00fcber AIS und ist GMDSS-zugelassen f\u00fcr Bootsfahrer. Jetzt kaufen!","og_url":"https:\/\/oceansignal.com\/de\/products\/rescueme-epirb3\/","og_site_name":"Ocean Signal","article_modified_time":"2026-03-25T10:10:59+00:00","og_image":[{"width":800,"height":800,"url":"https:\/\/oceansignal.com\/wp-content\/uploads\/2023\/03\/EPIRB3-Front.png","type":"image\/png"}],"twitter_card":"summary_large_image","twitter_misc":{"Gesch\u00e4tzte Lesezeit":"6\u00a0Minuten"},"schema":{"@context":"https:\/\/schema.org","@graph":[{"@type":"WebPage","@id":"https:\/\/oceansignal.com\/de\/products\/rescueme-epirb3\/","url":"https:\/\/oceansignal.com\/de\/products\/rescueme-epirb3\/","name":"rescueME EPIRB3 - Ocean Signal","isPartOf":{"@id":"https:\/\/oceansignal.com\/de\/#website"},"primaryImageOfPage":{"@id":"https:\/\/oceansignal.com\/de\/products\/rescueme-epirb3\/#primaryimage"},"image":{"@id":"https:\/\/oceansignal.com\/de\/products\/rescueme-epirb3\/#primaryimage"},"thumbnailUrl":"https:\/\/oceansignal.com\/wp-content\/uploads\/2023\/03\/EPIRB3-Front.png","datePublished":"2023-03-27T07:28:36+00:00","dateModified":"2026-03-25T10:10:59+00:00","description":"Bleiben Sie sicher auf See mit rescueME EPIRB3 : Dieses Notfunkfeuer ( EPIRB verf\u00fcgt jetzt \u00fcber AIS und ist GMDSS-zugelassen f\u00fcr Bootsfahrer. Jetzt kaufen!","breadcrumb":{"@id":"https:\/\/oceansignal.com\/de\/products\/rescueme-epirb3\/#breadcrumb"},"inLanguage":"de","potentialAction":[{"@type":"ReadAction","target":["https:\/\/oceansignal.com\/de\/products\/rescueme-epirb3\/"]}]},{"@type":"ImageObject","inLanguage":"de","@id":"https:\/\/oceansignal.com\/de\/products\/rescueme-epirb3\/#primaryimage","url":"https:\/\/oceansignal.com\/wp-content\/uploads\/2023\/03\/EPIRB3-Front.png","contentUrl":"https:\/\/oceansignal.com\/wp-content\/uploads\/2023\/03\/EPIRB3-Front.png","width":800,"height":800},{"@type":"BreadcrumbList","@id":"https:\/\/oceansignal.com\/de\/products\/rescueme-epirb3\/#breadcrumb","itemListElement":[{"@type":"ListItem","position":1,"name":"Produkte","item":"https:\/\/oceansignal.com\/de\/produkte\/"},{"@type":"ListItem","position":2,"name":"rescueME EPIRB3"}]},{"@type":"WebSite","@id":"https:\/\/oceansignal.com\/de\/#website","url":"https:\/\/oceansignal.com\/de\/","name":"Ocean Signal","description":"A leading manufacturer of EPIRBs, AIS, SARTs, Personal Locator Beacons, Man Overboard Beacon for the Marine and Outdoor Markets.","potentialAction":[{"@type":"SearchAction","target":{"@type":"EntryPoint","urlTemplate":"https:\/\/oceansignal.com\/de\/?s={search_term_string}"},"query-input":{"@type":"PropertyValueSpecification","valueRequired":true,"valueName":"search_term_string"}}],"inLanguage":"de"}]}},"_links":{"self":[{"href":"https:\/\/oceansignal.com\/de\/wp-json\/wp\/v2\/product\/7816","targetHints":{"allow":["GET"]}}],"collection":[{"href":"https:\/\/oceansignal.com\/de\/wp-json\/wp\/v2\/product"}],"about":[{"href":"https:\/\/oceansignal.com\/de\/wp-json\/wp\/v2\/types\/product"}],"wp:featuredmedia":[{"embeddable":true,"href":"https:\/\/oceansignal.com\/de\/wp-json\/wp\/v2\/media\/12419"}],"wp:attachment":[{"href":"https:\/\/oceansignal.com\/de\/wp-json\/wp\/v2\/media?parent=7816"}],"wp:term":[{"taxonomy":"product_brand","embeddable":true,"href":"https:\/\/oceansignal.com\/de\/wp-json\/wp\/v2\/product_brand?post=7816"},{"taxonomy":"product_cat","embeddable":true,"href":"https:\/\/oceansignal.com\/de\/wp-json\/wp\/v2\/product_cat?post=7816"},{"taxonomy":"product_tag","embeddable":true,"href":"https:\/\/oceansignal.com\/de\/wp-json\/wp\/v2\/product_tag?post=7816"}],"curies":[{"name":"wp","href":"https:\/\/api.w.org\/{rel}","templated":true}]}}