{"id":7828,"date":"2023-09-07T12:56:56","date_gmt":"2023-09-07T12:56:56","guid":{"rendered":"https:\/\/oceansignal.com\/products\/rescueme-epirb2-pro\/"},"modified":"2026-01-21T19:53:33","modified_gmt":"2026-01-21T19:53:33","slug":"rescueme-epirb2-pro","status":"publish","type":"product","link":"https:\/\/oceansignal.com\/de\/products\/rescueme-epirb2-pro\/","title":{"rendered":"rescueME EPIRB2 Pro"},"content":{"rendered":"<p>Zusammenfassung:<\/p>\n<p>Mit der Einf\u00fchrung der Return Link Service (RLS)-Technologie und der Near Field Communication (NFC)-Funktion bietet die EPIRB2 Pro gegen\u00fcber ihren Vorg\u00e4ngern deutliche Vorteile. RLS best\u00e4tigt den Empfang der Notrufmeldung und beruhigt diejenigen, die das Signal aktivieren. Dank NFC-Funktion k\u00f6nnen die Batterie und andere Funktionen der EPIRB \u00fcber eine Smartphone-App \u00fcberwacht und so ihre ordnungsgem\u00e4\u00dfe Funktion sichergestellt werden. <\/p>\n<p>Die innovativen neuen Funktionen der EPIRB2 Pro und die mitgelieferte, automatisch ausl\u00f6sende, schwimmfreie Halterung machen sie zu einer ausgezeichneten Wahl f\u00fcr eine Vielzahl von maritimen Anwendungen, die sowohl f\u00fcr Freizeit- als auch f\u00fcr Handelsschiffe spezifisch sind.<\/p>\n<p>Beschreibung:<\/p>\n<p>Bei der Entwicklung der EPIRB2 Pro hat Ocean Signal auf seine langj\u00e4hrige Erfahrung in der Entwicklung und Produktion hochwertiger, funktionsreicher RLS-EPIRBs mit kompaktem Formfaktor zur\u00fcckgegriffen. Dank integrierter Signaltechnologie auf mehreren Ebenen, darunter 406 MHz, GNSS-Ortung (GPS, Galileo, Glonass) und ein 121,5 MHz-Zielsignal, f\u00fchrt die EPIRB2 Pro Such- und Rettungskr\u00e4fte m\u00fchelos zu Ihrem Standort. Die zus\u00e4tzliche Return Link Service (RLS)-Technologie und die Near Field Communication-Funktion runden den beeindruckenden Funktionsumfang der EPIRB2 Pro ab.  <\/p>\n<p>&nbsp;<\/p>\n<p><strong>Smartphone-Konnektivit\u00e4t mittels Near Field Communication<\/strong><\/p>\n<p>&nbsp;<\/p>\n<p>Die Integration der NFC-Technologie erm\u00f6glicht es Benutzern, bequem von ihrem Mobiltelefon aus auf Beacon-Daten zuzugreifen. Durch einfaches Platzieren des Telefons in der N\u00e4he des Beacons wird automatisch die Ocean Signal Produkt-App ge\u00f6ffnet und bietet Zugriff auf eine F\u00fclle von Nutzungsdaten, darunter die aktuelle Akkulaufzeit, die Anzahl der durchgef\u00fchrten Selbsttests, die Anzahl der durchgef\u00fchrten GNSS-Tests und ggf. die Zeit, in der der Beacon aktiviert war. <\/p>\n<p>&nbsp;<\/p>\n<p>Detaillierte Informationen zu jedem vom Beacon durchgef\u00fchrten Selbsttest und GNSS-Test sind ebenfalls verf\u00fcgbar. Zu den Informationen, die f\u00fcr jeden erfolgreichen GNSS-Test zug\u00e4nglich sind, geh\u00f6rt der Zugriff auf eine Karte, auf der genau angegeben ist, wo der Test durchgef\u00fchrt wurde, das Datum und die Uhrzeit des Tests, die Zeit, die der Beacon ben\u00f6tigte, um eine GNSS-Koordinatenfixierung zu erhalten, die Anzahl der Satelliten, die der Beacon f\u00fcr diese Fixierung verwendet hat, und die Genauigkeit des Standorts. <\/p>\n<p>&nbsp;<\/p>\n<p><strong>Globale Abdeckung \u00fcber das Cospas-Sarsat-Satellitennetzwerk<\/strong><\/p>\n<p>&nbsp;<\/p>\n<p>Durch die Nutzung der globalen Reichweite des <a href=\"https:\/\/www.cospas-sarsat.int\/en\/\">Cospas-Sarsat-Satellitennetzwerks<\/a> kann die EPIRB2 Pro \u00fcberall und jederzeit aktiviert werden und sendet Ihre 406-MHz-Notnachricht. Die Notsendung umfasst die Koordinaten des Notsenders, die vom integrierten GNSS-Empf\u00e4nger der EPIRB abgeleitet werden und auf 100 Meter genau sind.<\/p>\n<p>&nbsp;<\/p>\n<p>RLS-EPIRBs bieten den Nutzern Sicherheit, indem sie \u00fcber das <a href=\"https:\/\/www.euspa.europa.eu\/european-space\/galileo\/services\/search-and-rescue-sar-galileo-service\">Galileo<\/a> -Satellitennetzwerk ein R\u00fccksignal direkt an den Sender senden, um zu best\u00e4tigen, dass die Notmeldung empfangen und der Standort des Senders ermittelt wurde. Die Best\u00e4tigung durch den Benutzer wird deutlich durch ein blinkendes blaues Licht angezeigt.<\/p>\n<p>&nbsp;<\/p>\n<p><strong>Return-Link-Dienst (RLS)<\/strong><\/p>\n<p><strong> <\/strong><\/p>\n<p>Der mit einer maritimen Notsituation verbundene Stress ist ein belastendes Symptom, mit dem alle Bootsfahrer in Notsituationen konfrontiert sind. Gl\u00fccklicherweise bietet die RLS-Funktion der EPIRB2 Pro eine M\u00f6glichkeit, den Stress in solchen Situationen zu minimieren. RLS-EPIRBs bieten eine direkte Best\u00e4tigung an das Leuchtfeuer, die den Benutzer dar\u00fcber informiert, dass seine Notmeldung empfangen und sein Standort ermittelt wurde. Die RLS-Funktion wird durch ein markantes blaues Licht angezeigt, sodass Benutzer leicht erkennen k\u00f6nnen, wann die RLS-Best\u00e4tigung empfangen wurde.   <\/p>\n<p>&nbsp;<\/p>\n<p><strong>Montagehalterung<\/strong><\/p>\n<p>&nbsp;<\/p>\n<p>Die EPIRB2 Pro wird komplett mit einer selbstausl\u00f6senden, schwimmfreien Halterung der Kategorie 1 geliefert. Diese Halterung sch\u00fctzt die EPIRB2 Pro sicher f\u00fcr die Dauer Ihrer Reise, unabh\u00e4ngig von den herrschenden Bedingungen. Sie bietet au\u00dferdem optimale Einsatzm\u00f6glichkeiten in Notsituationen, in denen die EPIRB f\u00fcr Besatzungsmitglieder schwer erreichbar ist.  <\/p>\n<p>&nbsp;<\/p>\n<p>Ocean Signal ist stolz darauf, kontinuierlich neue und spannende Funktionen wie RLS und NFC anzubieten und verfolgt weiterhin das Ziel, innovative Sicherheitsprodukte h\u00f6chster Qualit\u00e4t anzubieten. Egal, was der Grund Ihrer n\u00e4chsten Reise oder Ihr gew\u00e4hltes Reiseziel ist \u2013 mit der EPIRB2 Pro ist Ihre Sicherheit garantiert. <\/p>\n<p>Ben\u00f6tigen Sie ein Upgrade auf eine AIS- EPIRB ? Entdecken Sie die neue <a href=\"https:\/\/oceansignal.com\/products\/safesea-epirb3-pro\/\">EPIRB3<\/a> <\/p>\n<p><strong>Funktionen:<\/strong><\/p>\n<p>&nbsp;<\/p>\n<ul>\n<li>30% (typisch) kleiner<\/li>\n<li>Return-Link-Dienst (RLS)<\/li>\n<li>Mobile Konnektivit\u00e4t mit Near Field Communication (NFC)<\/li>\n<li>Kostenlose App (Apple &amp; Android)<\/li>\n<li>10 Jahre Batterielebensdauer<\/li>\n<li>48+ Stunden Betriebsdauer<\/li>\n<li>2 Jahre Garantie (Garantie kann durch Produktregistrierung bei Ocean Signal auf 5 Jahre verl\u00e4ngert werden)<\/li>\n<li>Schnelle, genaue Positionierung mit 72-Kanal-GPS<\/li>\n<li>Einziehbare Antenne<\/li>\n<li>Kategorie I: Freischwebende Halterung mit automatischer Entriegelung<\/li>\n<li>Sicheres Schl\u00fcsselband<\/li>\n<\/ul>\n","protected":false},"excerpt":{"rendered":"<p>Die weltweit kompakteste EPIRB mit RLS und NFC (inkl. Cat 1 Float Free Bracket)<\/p>\n<ul>\n<li>30% (typisch) kleiner<\/li>\n<li>Enth\u00e4lt eine selbstentriegelnde, freischwebende Halterung der Kategorie I<\/li>\n<li>Sicheres Schl\u00fcsselband<\/li>\n<li>Return-Link-Dienst (RLS)<\/li>\n<li>Mobile Konnektivit\u00e4t mit Near Field Communication (NFC)<\/li>\n<li>Kostenlose App (Apple &amp; Android)<\/li>\n<li>10 Jahre Batterielebensdauer<\/li>\n<li>48+ Stunden Betriebsdauer<\/li>\n<li>2 Jahre Garantie (Garantie kann durch Produktregistrierung bei Ocean Signal auf 5 Jahre verl\u00e4ngert werden) \u2020<\/li>\n<li>Schnelle, genaue Positionierung mit 72-Kanal-GPS<\/li>\n<li>Einziehbare Antenne<\/li>\n<li>Schnellspann-Halterung<\/li>\n<\/ul>\n<p><a href=\"https:\/\/www.dropbox.com\/s\/8343nj28z0d7bxa\/Prop%2065%20-%20BPA.pdf?dl=0\" data-cke-saved-href=\"https:\/\/www.dropbox.com\/s\/8343nj28z0d7bxa\/Prop%2065%20-%20BPA.pdf?dl=0\">WARNUNG: PROP 65<\/a><\/p>\n","protected":false},"featured_media":12471,"template":"","meta":{"_acf_changed":false,"om_disable_all_campaigns":false},"product_brand":[],"product_cat":[709,469],"product_tag":[710,821,711,712],"class_list":{"0":"post-7828","1":"product","2":"type-product","3":"status-publish","4":"has-post-thumbnail","6":"product_cat-epirb-de","7":"product_cat-rescueme-de","8":"product_tag-epirb-de","9":"product_tag-epirb2-pro-de","10":"product_tag-nfc-de","11":"product_tag-rls-de","13":"first","14":"outofstock","15":"taxable","16":"shipping-taxable","17":"purchasable","18":"product-type-simple"},"acf":[],"yoast_head":"<!-- This site is optimized with the Yoast SEO Premium plugin v25.2 (Yoast SEO v26.4) - https:\/\/yoast.com\/wordpress\/plugins\/seo\/ -->\n<title>rescueME EPIRB2 Pro - Ocean Signal<\/title>\n<meta name=\"description\" content=\"Ocean Signal rescueME EPIRB2 mit Return Link Service: Schnelle Notsignale f\u00fcr mehr Sicherheit auf See. Segeln Sie nicht ohne eine RLS EPIRB .\" \/>\n<meta name=\"robots\" content=\"index, follow, max-snippet:-1, max-image-preview:large, max-video-preview:-1\" \/>\n<link rel=\"canonical\" href=\"https:\/\/oceansignal.com\/de\/products\/rescueme-epirb2-pro\/\" \/>\n<meta property=\"og:locale\" content=\"de_DE\" \/>\n<meta property=\"og:type\" content=\"article\" \/>\n<meta property=\"og:title\" content=\"rescueME EPIRB2 Pro\" \/>\n<meta property=\"og:description\" content=\"Ocean Signal rescueME EPIRB2 mit Return Link Service: Schnelle Notsignale f\u00fcr mehr Sicherheit auf See. Segeln Sie nicht ohne eine RLS EPIRB .\" \/>\n<meta property=\"og:url\" content=\"https:\/\/oceansignal.com\/de\/products\/rescueme-epirb2-pro\/\" \/>\n<meta property=\"og:site_name\" content=\"Ocean Signal\" \/>\n<meta property=\"article:modified_time\" content=\"2026-01-21T19:53:33+00:00\" \/>\n<meta property=\"og:image\" content=\"https:\/\/oceansignal.com\/wp-content\/uploads\/2023\/09\/Ocean-Signal-EPIRB2-Pro-Front.png\" \/>\n\t<meta property=\"og:image:width\" content=\"800\" \/>\n\t<meta property=\"og:image:height\" content=\"800\" \/>\n\t<meta property=\"og:image:type\" content=\"image\/png\" \/>\n<meta name=\"twitter:card\" content=\"summary_large_image\" \/>\n<meta name=\"twitter:label1\" content=\"Gesch\u00e4tzte Lesezeit\" \/>\n\t<meta name=\"twitter:data1\" content=\"4\u00a0Minuten\" \/>\n<script type=\"application\/ld+json\" class=\"yoast-schema-graph\">{\"@context\":\"https:\/\/schema.org\",\"@graph\":[{\"@type\":\"WebPage\",\"@id\":\"https:\/\/oceansignal.com\/de\/products\/rescueme-epirb2-pro\/\",\"url\":\"https:\/\/oceansignal.com\/de\/products\/rescueme-epirb2-pro\/\",\"name\":\"rescueME EPIRB2 Pro - Ocean Signal\",\"isPartOf\":{\"@id\":\"https:\/\/oceansignal.com\/de\/#website\"},\"primaryImageOfPage\":{\"@id\":\"https:\/\/oceansignal.com\/de\/products\/rescueme-epirb2-pro\/#primaryimage\"},\"image\":{\"@id\":\"https:\/\/oceansignal.com\/de\/products\/rescueme-epirb2-pro\/#primaryimage\"},\"thumbnailUrl\":\"https:\/\/oceansignal.com\/wp-content\/uploads\/2023\/09\/Ocean-Signal-EPIRB2-Pro-Front.png\",\"datePublished\":\"2023-09-07T12:56:56+00:00\",\"dateModified\":\"2026-01-21T19:53:33+00:00\",\"description\":\"Ocean Signal rescueME EPIRB2 mit Return Link Service: Schnelle Notsignale f\u00fcr mehr Sicherheit auf See. Segeln Sie nicht ohne eine RLS EPIRB .\",\"breadcrumb\":{\"@id\":\"https:\/\/oceansignal.com\/de\/products\/rescueme-epirb2-pro\/#breadcrumb\"},\"inLanguage\":\"de\",\"potentialAction\":[{\"@type\":\"ReadAction\",\"target\":[\"https:\/\/oceansignal.com\/de\/products\/rescueme-epirb2-pro\/\"]}]},{\"@type\":\"ImageObject\",\"inLanguage\":\"de\",\"@id\":\"https:\/\/oceansignal.com\/de\/products\/rescueme-epirb2-pro\/#primaryimage\",\"url\":\"https:\/\/oceansignal.com\/wp-content\/uploads\/2023\/09\/Ocean-Signal-EPIRB2-Pro-Front.png\",\"contentUrl\":\"https:\/\/oceansignal.com\/wp-content\/uploads\/2023\/09\/Ocean-Signal-EPIRB2-Pro-Front.png\",\"width\":800,\"height\":800},{\"@type\":\"BreadcrumbList\",\"@id\":\"https:\/\/oceansignal.com\/de\/products\/rescueme-epirb2-pro\/#breadcrumb\",\"itemListElement\":[{\"@type\":\"ListItem\",\"position\":1,\"name\":\"Produkte\",\"item\":\"https:\/\/oceansignal.com\/de\/produkte\/\"},{\"@type\":\"ListItem\",\"position\":2,\"name\":\"rescueME EPIRB2 Pro\"}]},{\"@type\":\"WebSite\",\"@id\":\"https:\/\/oceansignal.com\/de\/#website\",\"url\":\"https:\/\/oceansignal.com\/de\/\",\"name\":\"Ocean Signal\",\"description\":\"A leading manufacturer of EPIRBs, AIS, SARTs, Personal Locator Beacons, Man Overboard Beacon for the Marine and Outdoor Markets.\",\"potentialAction\":[{\"@type\":\"SearchAction\",\"target\":{\"@type\":\"EntryPoint\",\"urlTemplate\":\"https:\/\/oceansignal.com\/de\/?s={search_term_string}\"},\"query-input\":{\"@type\":\"PropertyValueSpecification\",\"valueRequired\":true,\"valueName\":\"search_term_string\"}}],\"inLanguage\":\"de\"}]}<\/script>\n<!-- \/ Yoast SEO Premium plugin. -->","yoast_head_json":{"title":"rescueME EPIRB2 Pro - Ocean Signal","description":"Ocean Signal rescueME EPIRB2 mit Return Link Service: Schnelle Notsignale f\u00fcr mehr Sicherheit auf See. Segeln Sie nicht ohne eine RLS EPIRB .","robots":{"index":"index","follow":"follow","max-snippet":"max-snippet:-1","max-image-preview":"max-image-preview:large","max-video-preview":"max-video-preview:-1"},"canonical":"https:\/\/oceansignal.com\/de\/products\/rescueme-epirb2-pro\/","og_locale":"de_DE","og_type":"article","og_title":"rescueME EPIRB2 Pro","og_description":"Ocean Signal rescueME EPIRB2 mit Return Link Service: Schnelle Notsignale f\u00fcr mehr Sicherheit auf See. Segeln Sie nicht ohne eine RLS EPIRB .","og_url":"https:\/\/oceansignal.com\/de\/products\/rescueme-epirb2-pro\/","og_site_name":"Ocean Signal","article_modified_time":"2026-01-21T19:53:33+00:00","og_image":[{"width":800,"height":800,"url":"https:\/\/oceansignal.com\/wp-content\/uploads\/2023\/09\/Ocean-Signal-EPIRB2-Pro-Front.png","type":"image\/png"}],"twitter_card":"summary_large_image","twitter_misc":{"Gesch\u00e4tzte Lesezeit":"4\u00a0Minuten"},"schema":{"@context":"https:\/\/schema.org","@graph":[{"@type":"WebPage","@id":"https:\/\/oceansignal.com\/de\/products\/rescueme-epirb2-pro\/","url":"https:\/\/oceansignal.com\/de\/products\/rescueme-epirb2-pro\/","name":"rescueME EPIRB2 Pro - Ocean Signal","isPartOf":{"@id":"https:\/\/oceansignal.com\/de\/#website"},"primaryImageOfPage":{"@id":"https:\/\/oceansignal.com\/de\/products\/rescueme-epirb2-pro\/#primaryimage"},"image":{"@id":"https:\/\/oceansignal.com\/de\/products\/rescueme-epirb2-pro\/#primaryimage"},"thumbnailUrl":"https:\/\/oceansignal.com\/wp-content\/uploads\/2023\/09\/Ocean-Signal-EPIRB2-Pro-Front.png","datePublished":"2023-09-07T12:56:56+00:00","dateModified":"2026-01-21T19:53:33+00:00","description":"Ocean Signal rescueME EPIRB2 mit Return Link Service: Schnelle Notsignale f\u00fcr mehr Sicherheit auf See. Segeln Sie nicht ohne eine RLS EPIRB .","breadcrumb":{"@id":"https:\/\/oceansignal.com\/de\/products\/rescueme-epirb2-pro\/#breadcrumb"},"inLanguage":"de","potentialAction":[{"@type":"ReadAction","target":["https:\/\/oceansignal.com\/de\/products\/rescueme-epirb2-pro\/"]}]},{"@type":"ImageObject","inLanguage":"de","@id":"https:\/\/oceansignal.com\/de\/products\/rescueme-epirb2-pro\/#primaryimage","url":"https:\/\/oceansignal.com\/wp-content\/uploads\/2023\/09\/Ocean-Signal-EPIRB2-Pro-Front.png","contentUrl":"https:\/\/oceansignal.com\/wp-content\/uploads\/2023\/09\/Ocean-Signal-EPIRB2-Pro-Front.png","width":800,"height":800},{"@type":"BreadcrumbList","@id":"https:\/\/oceansignal.com\/de\/products\/rescueme-epirb2-pro\/#breadcrumb","itemListElement":[{"@type":"ListItem","position":1,"name":"Produkte","item":"https:\/\/oceansignal.com\/de\/produkte\/"},{"@type":"ListItem","position":2,"name":"rescueME EPIRB2 Pro"}]},{"@type":"WebSite","@id":"https:\/\/oceansignal.com\/de\/#website","url":"https:\/\/oceansignal.com\/de\/","name":"Ocean Signal","description":"A leading manufacturer of EPIRBs, AIS, SARTs, Personal Locator Beacons, Man Overboard Beacon for the Marine and Outdoor Markets.","potentialAction":[{"@type":"SearchAction","target":{"@type":"EntryPoint","urlTemplate":"https:\/\/oceansignal.com\/de\/?s={search_term_string}"},"query-input":{"@type":"PropertyValueSpecification","valueRequired":true,"valueName":"search_term_string"}}],"inLanguage":"de"}]}},"_links":{"self":[{"href":"https:\/\/oceansignal.com\/de\/wp-json\/wp\/v2\/product\/7828","targetHints":{"allow":["GET"]}}],"collection":[{"href":"https:\/\/oceansignal.com\/de\/wp-json\/wp\/v2\/product"}],"about":[{"href":"https:\/\/oceansignal.com\/de\/wp-json\/wp\/v2\/types\/product"}],"wp:featuredmedia":[{"embeddable":true,"href":"https:\/\/oceansignal.com\/de\/wp-json\/wp\/v2\/media\/12471"}],"wp:attachment":[{"href":"https:\/\/oceansignal.com\/de\/wp-json\/wp\/v2\/media?parent=7828"}],"wp:term":[{"taxonomy":"product_brand","embeddable":true,"href":"https:\/\/oceansignal.com\/de\/wp-json\/wp\/v2\/product_brand?post=7828"},{"taxonomy":"product_cat","embeddable":true,"href":"https:\/\/oceansignal.com\/de\/wp-json\/wp\/v2\/product_cat?post=7828"},{"taxonomy":"product_tag","embeddable":true,"href":"https:\/\/oceansignal.com\/de\/wp-json\/wp\/v2\/product_tag?post=7828"}],"curies":[{"name":"wp","href":"https:\/\/api.w.org\/{rel}","templated":true}]}}