{"id":7840,"date":"2023-09-07T12:44:22","date_gmt":"2023-09-07T12:44:22","guid":{"rendered":"https:\/\/oceansignal.com\/products\/rescueme-epirb2\/"},"modified":"2026-01-21T19:54:10","modified_gmt":"2026-01-21T19:54:10","slug":"rescueme-epirb2","status":"publish","type":"product","link":"https:\/\/oceansignal.com\/de\/products\/rescueme-epirb2\/","title":{"rendered":"rescueME EPIRB2"},"content":{"rendered":"<p>Mit der Einf\u00fchrung der Return Link Service (RLS)-Technologie und der Near Field Communication (NFC)-Funktion bietet die EPIRB2 gegen\u00fcber ihren Vorg\u00e4ngern deutliche Vorteile. Return Link Service EPIRBs best\u00e4tigen dem Empf\u00e4nger, dass seine Notrufnachricht empfangen wurde. Dank NFC-Funktion k\u00f6nnen die Batterie und andere Funktionen der EPIRB \u00fcber eine Smartphone-App \u00fcberwacht und so deren ordnungsgem\u00e4\u00dfe Funktion sichergestellt werden. Die innovativen neuen Funktionen der EPIRB2 machen sie zu einer hervorragenden Wahl f\u00fcr eine Vielzahl von maritimen Anwendungen, sowohl f\u00fcr Freizeit- als auch f\u00fcr Handelsschiffe.  <\/p>\n<p><iframe loading=\"lazy\" title=\"EPIRB3 and EPIRB2  | Activation\" width=\"500\" height=\"281\" src=\"https:\/\/www.youtube.com\/embed\/P5KBMhmPYjQ?feature=oembed\" frameborder=\"0\" allow=\"accelerometer; autoplay; clipboard-write; encrypted-media; gyroscope; picture-in-picture; web-share\" referrerpolicy=\"strict-origin-when-cross-origin\" allowfullscreen><\/iframe><\/p>\n<p>Beschreibung:<\/p>\n<p>Bei der Entwicklung der <a href=\"https:\/\/oceansignal.com\/de\/news\/ocean-signal-bringt-neue-epirb2-serie-auf-den-markt\/\">EPIRB2<\/a> hat Ocean Signal auf seine umfangreiche Erfahrung in der Entwicklung und Produktion von hochwertigen, funktionsreichen R\u00fcckfunk-EPIRBs mit einem praktischen, kompakten Formfaktor zur\u00fcckgegriffen. Durch den Einsatz mehrerer Ebenen integrierter Signaltechnologie, darunter 406 MHz, GNSS (GPS, Galileo, Glonass)-Positionierung und ein 121,5 MHz-Peilsignal, leitet die EPIRB2 Such- und Rettungskr\u00e4fte m\u00fchelos zu Ihrem Standort. Die Integration der Return Link Service (RLS)-Technologie und der Nahfeldkommunikationsfunktion rundet den beeindruckenden Funktionsumfang der EPIRB2 ab.<\/p>\n<p>&nbsp;<\/p>\n<p><strong>Smartphone-Konnektivit\u00e4t mittels Near Field Communication (NFC)<\/strong><\/p>\n<p>&nbsp;<\/p>\n<p>Durch die Integration der <a href=\"https:\/\/www.youtube.com\/watch?v=MRXLii6r3n4&amp;t=42s\">NFC-Technologie<\/a> haben Benutzer die M\u00f6glichkeit, bequem von ihren Mobiltelefonen aus auf Beacon-Daten zuzugreifen. Durch einfaches Platzieren eines Telefons in der N\u00e4he des Senders wird automatisch die Ocean Signal Produkt-App ge\u00f6ffnet und bietet Zugriff auf eine F\u00fclle von Nutzungsdaten, darunter der aktuelle Batteriestand, die Anzahl der durchgef\u00fchrten Selbsttests, die Anzahl der durchgef\u00fchrten GNSS-Tests und gegebenenfalls die Zeit, die der Sender aktiviert war.<\/p>\n<p>&nbsp;<\/p>\n<p>Detaillierte Informationen zu jedem vom Beacon durchgef\u00fchrten Selbsttest und GNSS-Test sind ebenfalls verf\u00fcgbar. Zu den Informationen, die f\u00fcr jeden erfolgreichen GNSS-Test zug\u00e4nglich sind, geh\u00f6rt der Zugriff auf eine Karte, auf der genau angegeben ist, wo der Test durchgef\u00fchrt wurde, das Datum und die Uhrzeit des Tests, die Zeit, die der Beacon ben\u00f6tigte, um eine GNSS-Koordinatenfixierung zu erhalten, die Anzahl der Satelliten, die der Beacon f\u00fcr diese Fixierung verwendet hat, und die Genauigkeit des Standorts. <\/p>\n<p>&nbsp;<\/p>\n<p><strong>Globale Abdeckung \u00fcber das Cospas-Sarsat-Satellitennetzwerk<\/strong><\/p>\n<p>&nbsp;<\/p>\n<p>Durch die Nutzung der globalen Reichweite des <a href=\"https:\/\/www.cospas-sarsat.int\/en\/\">Cospas-Sarsat-Satellitennetzwerks<\/a> kann die EPIRB2 \u00fcberall und jederzeit aktiviert werden und sendet Ihre 406-MHz-Notnachricht. Die Notsendung umfasst die Koordinaten des Notsenders, die vom integrierten GNSS-Empf\u00e4nger der EPIRB abgeleitet werden und auf 100 Meter genau sind.<\/p>\n<p>&nbsp;<\/p>\n<p>RLS bietet den Nutzern Sicherheit, indem es \u00fcber das <a href=\"https:\/\/www.euspa.europa.eu\/european-space\/galileo\/services\/search-and-rescue-sar-galileo-service\">Galileo<\/a> -Satellitennetzwerk ein R\u00fccksignal direkt an den Notsender sendet, um zu best\u00e4tigen, dass die Notmeldung empfangen und der Standort des Notsenders ermittelt wurde. Die Best\u00e4tigung durch den Benutzer wird deutlich durch ein blinkendes blaues Licht angezeigt.<\/p>\n<p>&nbsp;<\/p>\n<p><strong>Return-Link-Dienst (RLS)<\/strong><\/p>\n<p><strong> <\/strong><\/p>\n<p>Der mit einer maritimen Notsituation verbundene Stress ist ein belastendes Symptom, dem sich leider alle Bootsfahrer stellen m\u00fcssen, wenn sie sich in einer Notsituation befinden. Gl\u00fccklicherweise bietet die Integration der RLS-Funktion in die EPIRB2 eine M\u00f6glichkeit, den Stress in solchen Situationen zu minimieren. Return Link Service EPIRBs bieten eine direkte Best\u00e4tigung zum Beacon, die den Benutzer dar\u00fcber informiert, dass seine Notmeldung empfangen und sein Standort ermittelt wurde. Die RLS-Funktion wird durch ein markantes blaues Licht angezeigt, sodass Benutzer leicht erkennen k\u00f6nnen, wann die RLS-Best\u00e4tigung empfangen wurde.   <\/p>\n<p>&nbsp;<\/p>\n<p>Ocean Signal ist stolz darauf, kontinuierlich neue und spannende Funktionen wie RLS und NFC anzubieten und verfolgt weiterhin das Ziel, innovative Sicherheitsprodukte h\u00f6chster Qualit\u00e4t anzubieten. Egal, was der Grund Ihrer n\u00e4chsten Reise oder Ihr gew\u00e4hltes Reiseziel ist \u2013 mit der EPIRB2 ist Ihre Sicherheit garantiert. <\/p>\n<p>&nbsp;<\/p>\n<p><strong>Funktionen:<\/strong><\/p>\n<p>&nbsp;<\/p>\n<ul>\n<li>30% (typisch) kleiner<\/li>\n<li>Return-Link-Dienst (RLS)<\/li>\n<li>Mobile Konnektivit\u00e4t mit Near Field Communication (NFC)<\/li>\n<li>Kostenlose App (Apple &amp; Android)<\/li>\n<li>10 Jahre Batterielebensdauer<\/li>\n<li>48+ Stunden Betriebsdauer<\/li>\n<li>2 Jahre Garantie (Garantie kann durch Produktregistrierung bei Ocean Signal auf 5 Jahre verl\u00e4ngert werden) \u2020<\/li>\n<li>Schnelle, genaue Positionierung mit 72-Kanal-GPS<\/li>\n<li>Einziehbare Antenne<\/li>\n<li>Schnellspann-Halterung<\/li>\n<li>Sicheres Schl\u00fcsselband<\/li>\n<\/ul>\n<p>&nbsp;<\/p>\n<p>\u2020 Vorbehaltlich der Garantieerkl\u00e4rung<\/p>\n","protected":false},"excerpt":{"rendered":"<p>Die kompakteste EPIRB der Welt, jetzt mit RLS und NFC<\/p>\n<ul>\n<li>Einmaliger Kauf. Keine Abonnementgeb\u00fchren <\/li>\n<li>Return-Link-Dienst (RLS)<\/li>\n<li>Mobile Konnektivit\u00e4t mit Near Field Communication (NFC)<\/li>\n<li>Kostenlose App (Apple &amp; Android)<\/li>\n<li>10 Jahre Batterielebensdauer<\/li>\n<li>48+ Stunden Betriebsdauer<\/li>\n<li>2 Jahre Garantie (Garantie kann durch Produktregistrierung bei Ocean Signal auf 5 Jahre verl\u00e4ngert werden) \u2020<\/li>\n<li>Schnelle, genaue Positionierung mit 72-Kanal-GPS<\/li>\n<li>Einziehbare Antenne<\/li>\n<li>Schnellspann-Halterung<\/li>\n<li>Sicheres Schl\u00fcsselband<\/li>\n<\/ul>\n<p><a href=\"https:\/\/www.dropbox.com\/s\/8343nj28z0d7bxa\/Prop%2065%20-%20BPA.pdf?dl=0\" data-cke-saved-href=\"https:\/\/www.dropbox.com\/s\/8343nj28z0d7bxa\/Prop%2065%20-%20BPA.pdf?dl=0\">WARNUNG: PROP 65<\/a><\/p>\n","protected":false},"featured_media":20471,"template":"","meta":{"_acf_changed":false,"om_disable_all_campaigns":false},"product_brand":[],"product_cat":[709,469],"product_tag":[710,806,711,751,712],"class_list":{"0":"post-7840","1":"product","2":"type-product","3":"status-publish","4":"has-post-thumbnail","6":"product_cat-epirb-de","7":"product_cat-rescueme-de","8":"product_tag-epirb-de","9":"product_tag-epirb2-de","10":"product_tag-nfc-de","11":"product_tag-notruf-funksignal-zur-positionsanzeige","12":"product_tag-rls-de","14":"first","15":"instock","16":"taxable","17":"shipping-taxable","18":"purchasable","19":"product-type-simple"},"acf":[],"yoast_head":"<!-- This site is optimized with the Yoast SEO Premium plugin v25.2 (Yoast SEO v26.4) - https:\/\/yoast.com\/wordpress\/plugins\/seo\/ -->\n<title>rescueME EPIRB2 - Ocean Signal<\/title>\n<meta name=\"description\" content=\"Ocean Signal rescueME EPIRB2 : Unverzichtbares Return Link Service EPIRB f\u00fcr die Sicherheit auf See. Vertrauen Sie auf zuverl\u00e4ssige Notsignale. Jetzt kaufen und beruhigt sein!\" \/>\n<meta name=\"robots\" content=\"index, follow, max-snippet:-1, max-image-preview:large, max-video-preview:-1\" \/>\n<link rel=\"canonical\" href=\"https:\/\/oceansignal.com\/de\/products\/rescueme-epirb2\/\" \/>\n<meta property=\"og:locale\" content=\"de_DE\" \/>\n<meta property=\"og:type\" content=\"article\" \/>\n<meta property=\"og:title\" content=\"rescueME EPIRB2\" \/>\n<meta property=\"og:description\" content=\"Ocean Signal rescueME EPIRB2 : Unverzichtbares Return Link Service EPIRB f\u00fcr die Sicherheit auf See. Vertrauen Sie auf zuverl\u00e4ssige Notsignale. Jetzt kaufen und beruhigt sein!\" \/>\n<meta property=\"og:url\" content=\"https:\/\/oceansignal.com\/de\/products\/rescueme-epirb2\/\" \/>\n<meta property=\"og:site_name\" content=\"Ocean Signal\" \/>\n<meta property=\"article:modified_time\" content=\"2026-01-21T19:54:10+00:00\" \/>\n<meta property=\"og:image\" content=\"https:\/\/oceansignal.com\/wp-content\/uploads\/2023\/09\/OSL-Phone-App-EPERB2-PRO-001-1.png\" \/>\n\t<meta property=\"og:image:width\" content=\"432\" \/>\n\t<meta property=\"og:image:height\" content=\"432\" \/>\n\t<meta property=\"og:image:type\" content=\"image\/png\" \/>\n<meta name=\"twitter:card\" content=\"summary_large_image\" \/>\n<meta name=\"twitter:label1\" content=\"Gesch\u00e4tzte Lesezeit\" \/>\n\t<meta name=\"twitter:data1\" content=\"3\u00a0Minuten\" \/>\n<script type=\"application\/ld+json\" class=\"yoast-schema-graph\">{\"@context\":\"https:\/\/schema.org\",\"@graph\":[{\"@type\":\"WebPage\",\"@id\":\"https:\/\/oceansignal.com\/de\/products\/rescueme-epirb2\/\",\"url\":\"https:\/\/oceansignal.com\/de\/products\/rescueme-epirb2\/\",\"name\":\"rescueME EPIRB2 - Ocean Signal\",\"isPartOf\":{\"@id\":\"https:\/\/oceansignal.com\/de\/#website\"},\"primaryImageOfPage\":{\"@id\":\"https:\/\/oceansignal.com\/de\/products\/rescueme-epirb2\/#primaryimage\"},\"image\":{\"@id\":\"https:\/\/oceansignal.com\/de\/products\/rescueme-epirb2\/#primaryimage\"},\"thumbnailUrl\":\"https:\/\/oceansignal.com\/wp-content\/uploads\/2023\/09\/OSL-Phone-App-EPERB2-PRO-001-1.png\",\"datePublished\":\"2023-09-07T12:44:22+00:00\",\"dateModified\":\"2026-01-21T19:54:10+00:00\",\"description\":\"Ocean Signal rescueME EPIRB2 : Unverzichtbares Return Link Service EPIRB f\u00fcr die Sicherheit auf See. Vertrauen Sie auf zuverl\u00e4ssige Notsignale. Jetzt kaufen und beruhigt sein!\",\"breadcrumb\":{\"@id\":\"https:\/\/oceansignal.com\/de\/products\/rescueme-epirb2\/#breadcrumb\"},\"inLanguage\":\"de\",\"potentialAction\":[{\"@type\":\"ReadAction\",\"target\":[\"https:\/\/oceansignal.com\/de\/products\/rescueme-epirb2\/\"]}]},{\"@type\":\"ImageObject\",\"inLanguage\":\"de\",\"@id\":\"https:\/\/oceansignal.com\/de\/products\/rescueme-epirb2\/#primaryimage\",\"url\":\"https:\/\/oceansignal.com\/wp-content\/uploads\/2023\/09\/OSL-Phone-App-EPERB2-PRO-001-1.png\",\"contentUrl\":\"https:\/\/oceansignal.com\/wp-content\/uploads\/2023\/09\/OSL-Phone-App-EPERB2-PRO-001-1.png\",\"width\":432,\"height\":432,\"caption\":\"Sichern Sie Ihre maritimen Abenteuer mit Ocean Signal SafeSea EPIRB3 Pro : Zuverl\u00e4ssiges Notsignal f\u00fcr schnelle Notfallreaktion\"},{\"@type\":\"BreadcrumbList\",\"@id\":\"https:\/\/oceansignal.com\/de\/products\/rescueme-epirb2\/#breadcrumb\",\"itemListElement\":[{\"@type\":\"ListItem\",\"position\":1,\"name\":\"Produkte\",\"item\":\"https:\/\/oceansignal.com\/de\/produkte\/\"},{\"@type\":\"ListItem\",\"position\":2,\"name\":\"rescueME EPIRB2\"}]},{\"@type\":\"WebSite\",\"@id\":\"https:\/\/oceansignal.com\/de\/#website\",\"url\":\"https:\/\/oceansignal.com\/de\/\",\"name\":\"Ocean Signal\",\"description\":\"A leading manufacturer of EPIRBs, AIS, SARTs, Personal Locator Beacons, Man Overboard Beacon for the Marine and Outdoor Markets.\",\"potentialAction\":[{\"@type\":\"SearchAction\",\"target\":{\"@type\":\"EntryPoint\",\"urlTemplate\":\"https:\/\/oceansignal.com\/de\/?s={search_term_string}\"},\"query-input\":{\"@type\":\"PropertyValueSpecification\",\"valueRequired\":true,\"valueName\":\"search_term_string\"}}],\"inLanguage\":\"de\"}]}<\/script>\n<!-- \/ Yoast SEO Premium plugin. -->","yoast_head_json":{"title":"rescueME EPIRB2 - Ocean Signal","description":"Ocean Signal rescueME EPIRB2 : Unverzichtbares Return Link Service EPIRB f\u00fcr die Sicherheit auf See. Vertrauen Sie auf zuverl\u00e4ssige Notsignale. Jetzt kaufen und beruhigt sein!","robots":{"index":"index","follow":"follow","max-snippet":"max-snippet:-1","max-image-preview":"max-image-preview:large","max-video-preview":"max-video-preview:-1"},"canonical":"https:\/\/oceansignal.com\/de\/products\/rescueme-epirb2\/","og_locale":"de_DE","og_type":"article","og_title":"rescueME EPIRB2","og_description":"Ocean Signal rescueME EPIRB2 : Unverzichtbares Return Link Service EPIRB f\u00fcr die Sicherheit auf See. Vertrauen Sie auf zuverl\u00e4ssige Notsignale. Jetzt kaufen und beruhigt sein!","og_url":"https:\/\/oceansignal.com\/de\/products\/rescueme-epirb2\/","og_site_name":"Ocean Signal","article_modified_time":"2026-01-21T19:54:10+00:00","og_image":[{"width":432,"height":432,"url":"https:\/\/oceansignal.com\/wp-content\/uploads\/2023\/09\/OSL-Phone-App-EPERB2-PRO-001-1.png","type":"image\/png"}],"twitter_card":"summary_large_image","twitter_misc":{"Gesch\u00e4tzte Lesezeit":"3\u00a0Minuten"},"schema":{"@context":"https:\/\/schema.org","@graph":[{"@type":"WebPage","@id":"https:\/\/oceansignal.com\/de\/products\/rescueme-epirb2\/","url":"https:\/\/oceansignal.com\/de\/products\/rescueme-epirb2\/","name":"rescueME EPIRB2 - Ocean Signal","isPartOf":{"@id":"https:\/\/oceansignal.com\/de\/#website"},"primaryImageOfPage":{"@id":"https:\/\/oceansignal.com\/de\/products\/rescueme-epirb2\/#primaryimage"},"image":{"@id":"https:\/\/oceansignal.com\/de\/products\/rescueme-epirb2\/#primaryimage"},"thumbnailUrl":"https:\/\/oceansignal.com\/wp-content\/uploads\/2023\/09\/OSL-Phone-App-EPERB2-PRO-001-1.png","datePublished":"2023-09-07T12:44:22+00:00","dateModified":"2026-01-21T19:54:10+00:00","description":"Ocean Signal rescueME EPIRB2 : Unverzichtbares Return Link Service EPIRB f\u00fcr die Sicherheit auf See. Vertrauen Sie auf zuverl\u00e4ssige Notsignale. Jetzt kaufen und beruhigt sein!","breadcrumb":{"@id":"https:\/\/oceansignal.com\/de\/products\/rescueme-epirb2\/#breadcrumb"},"inLanguage":"de","potentialAction":[{"@type":"ReadAction","target":["https:\/\/oceansignal.com\/de\/products\/rescueme-epirb2\/"]}]},{"@type":"ImageObject","inLanguage":"de","@id":"https:\/\/oceansignal.com\/de\/products\/rescueme-epirb2\/#primaryimage","url":"https:\/\/oceansignal.com\/wp-content\/uploads\/2023\/09\/OSL-Phone-App-EPERB2-PRO-001-1.png","contentUrl":"https:\/\/oceansignal.com\/wp-content\/uploads\/2023\/09\/OSL-Phone-App-EPERB2-PRO-001-1.png","width":432,"height":432,"caption":"Sichern Sie Ihre maritimen Abenteuer mit Ocean Signal SafeSea EPIRB3 Pro : Zuverl\u00e4ssiges Notsignal f\u00fcr schnelle Notfallreaktion"},{"@type":"BreadcrumbList","@id":"https:\/\/oceansignal.com\/de\/products\/rescueme-epirb2\/#breadcrumb","itemListElement":[{"@type":"ListItem","position":1,"name":"Produkte","item":"https:\/\/oceansignal.com\/de\/produkte\/"},{"@type":"ListItem","position":2,"name":"rescueME EPIRB2"}]},{"@type":"WebSite","@id":"https:\/\/oceansignal.com\/de\/#website","url":"https:\/\/oceansignal.com\/de\/","name":"Ocean Signal","description":"A leading manufacturer of EPIRBs, AIS, SARTs, Personal Locator Beacons, Man Overboard Beacon for the Marine and Outdoor Markets.","potentialAction":[{"@type":"SearchAction","target":{"@type":"EntryPoint","urlTemplate":"https:\/\/oceansignal.com\/de\/?s={search_term_string}"},"query-input":{"@type":"PropertyValueSpecification","valueRequired":true,"valueName":"search_term_string"}}],"inLanguage":"de"}]}},"_links":{"self":[{"href":"https:\/\/oceansignal.com\/de\/wp-json\/wp\/v2\/product\/7840","targetHints":{"allow":["GET"]}}],"collection":[{"href":"https:\/\/oceansignal.com\/de\/wp-json\/wp\/v2\/product"}],"about":[{"href":"https:\/\/oceansignal.com\/de\/wp-json\/wp\/v2\/types\/product"}],"wp:featuredmedia":[{"embeddable":true,"href":"https:\/\/oceansignal.com\/de\/wp-json\/wp\/v2\/media\/20471"}],"wp:attachment":[{"href":"https:\/\/oceansignal.com\/de\/wp-json\/wp\/v2\/media?parent=7840"}],"wp:term":[{"taxonomy":"product_brand","embeddable":true,"href":"https:\/\/oceansignal.com\/de\/wp-json\/wp\/v2\/product_brand?post=7840"},{"taxonomy":"product_cat","embeddable":true,"href":"https:\/\/oceansignal.com\/de\/wp-json\/wp\/v2\/product_cat?post=7840"},{"taxonomy":"product_tag","embeddable":true,"href":"https:\/\/oceansignal.com\/de\/wp-json\/wp\/v2\/product_tag?post=7840"}],"curies":[{"name":"wp","href":"https:\/\/api.w.org\/{rel}","templated":true}]}}