{"id":7852,"date":"2023-09-07T12:15:25","date_gmt":"2023-09-07T12:15:25","guid":{"rendered":"https:\/\/oceansignal.com\/products\/rescueme-epirb1-pro\/"},"modified":"2026-01-21T19:35:41","modified_gmt":"2026-01-21T19:35:41","slug":"rescueme-epirb1-pro","status":"publish","type":"product","link":"https:\/\/oceansignal.com\/de\/products\/rescueme-epirb1-pro\/","title":{"rendered":"rescueME EPIRB1 Pro"},"content":{"rendered":"<p class=\"ai-optimize-43 ai-optimize-introduction\">Die EPIRB1 Pro ist die weltweit kompakteste Notfunkbake. Ihre geringe Gr\u00f6\u00dfe und robuste Bauweise machen sie zur idealen L\u00f6sung f\u00fcr alle Handels-, Fischerei- und Freizeitschiffe. Das Produkt wurde f\u00fcr maximale Effizienz entwickelt und bietet neben einer hervorragenden Betriebsdauer im aktivierten Zustand eine Batterielaufzeit von 10 Jahren. So bleiben Rettungsdienste l\u00e4nger \u00fcber Ihren Standort informiert. <\/p>\n<p><iframe loading=\"lazy\" title=\"Ocean Signal GMDSS Suite: SafeSea EPIRB1Pro Overview\" width=\"500\" height=\"281\" src=\"https:\/\/www.youtube.com\/embed\/BRNTAX6pNq4?feature=oembed\" frameborder=\"0\" allow=\"accelerometer; autoplay; clipboard-write; encrypted-media; gyroscope; picture-in-picture; web-share\" referrerpolicy=\"strict-origin-when-cross-origin\" allowfullscreen><\/iframe><\/p>\n<p>&nbsp;<\/p>\n<p class=\"ai-optimize-44\">Beschreibung:<\/p>\n<p class=\"ai-optimize-45\">Die rescueMe EPIRB1 Pro arbeitet im 406-MHz-Satellitenband. Dieses Band umfasst die internationalen Notruffrequenzen, die vom internationalen Such- und Rettungssatellitenbetreiber <a href=\"https:\/\/www.cospas-sarsat.int\/en\/\">Cospas-Sarsat<\/a> st\u00e4ndig \u00fcberwacht werden. So ist eine schnelle Reaktion beim Empfang eines Signals \u00fcberall auf der Welt gew\u00e4hrleistet. <\/p>\n<p class=\"ai-optimize-46\">Diese EPIRB ist mit einem 121,5-MHz-Peilsender ausgestattet, der von Rettungsdiensten zur Ortung von Schiffen in Seenot verwendet wird. Zus\u00e4tzlich verf\u00fcgt die EPIRB \u00fcber ein leuchtstarkes LED-Blitzlicht f\u00fcr zus\u00e4tzliche Wirkung, insbesondere nachts. F\u00fcr Notf\u00e4lle, in denen ein Benutzer die EPIRB nicht rechtzeitig erreichen kann, ist die EPIRB1 Pro zus\u00e4tzlich mit einem automatischen Ausl\u00f6segeh\u00e4use der Kategorie I (allgemein als \u201eschwimmfrei\u201c bezeichnet) ausgestattet. Dadurch wird sichergestellt, dass die EPIRB durch die interne hydrostatische Ausl\u00f6seeinheit automatisch aus der Halterung ausgefahren wird, sich anschlie\u00dfend automatisch aktiviert und an die Oberfl\u00e4che schwimmt, um Ihre Notmeldung an das Satellitennetzwerk zu senden.   <\/p>\n<p class=\"ai-optimize-47\">Das Automatic Release Housing (ARH) enth\u00e4lt au\u00dferdem einen praktischen Adapter, der mehrere Nachr\u00fcstoptionen bietet. Verwenden Sie den Adapter, um das ARH einfach an denselben Montagel\u00f6chern zu montieren, die zuvor f\u00fcr \u00e4ltere und gr\u00f6\u00dfere EPIRBS wie Ocean Signal E100\/E100G, Jotron Tron 60s und McMurdo E5\/G5 verwendet wurden. <\/p>\n<p class=\"ai-optimize-48\">Ben\u00f6tigen Sie ein Upgrade auf eine AIS-f\u00e4hige EPIRB ? Entdecken Sie die neue <a href=\"https:\/\/oceansignal.com\/products\/safesea-epirb3-pro\/\">EPIRB3<\/a> <\/p>\n<p class=\"ai-optimize-49\"><strong>Funktionen:<\/strong><\/p>\n<ul>\n<li class=\"ai-optimize-50\">Entspricht MED (2014\/90\/EU)<\/li>\n<li class=\"ai-optimize-51\">406 MHz (Verbindung \u00fcber Satellit zu den Rettungsdiensten)<\/li>\n<li class=\"ai-optimize-52\">121,5 MHz Homing Signal (zur Unterst\u00fctzung der endg\u00fcltigen Ortung durch Suche und Rettung)<\/li>\n<li class=\"ai-optimize-53\">Stroboskop mit hoher Intensit\u00e4t<\/li>\n<li class=\"ai-optimize-54\">30% (typisch) Kleiner<\/li>\n<li class=\"ai-optimize-55\">10 Jahre Batterielebensdauer<\/li>\n<li class=\"ai-optimize-56\">2 Jahre Garantie (Garantie kann durch Produktregistrierung bei Ocean Signal auf 5 Jahre verl\u00e4ngert werden)<\/li>\n<li class=\"ai-optimize-57\">66-Kanal-GPS (faktengenaue Positionierung)<\/li>\n<\/ul>\n<h3 class=\"ai-optimize-58\">Ersetzen Sie Ihr McMurdo EPIRB durch das Ocean Signal EPIRB1<\/h3>\n<p><iframe loading=\"lazy\" title=\"Replacing your McMurdo with the EPIRB1\" width=\"500\" height=\"281\" src=\"https:\/\/www.youtube.com\/embed\/7o7i59BIpQs?feature=oembed\" frameborder=\"0\" allow=\"accelerometer; autoplay; clipboard-write; encrypted-media; gyroscope; picture-in-picture; web-share\" referrerpolicy=\"strict-origin-when-cross-origin\" allowfullscreen><\/iframe><\/p>\n","protected":false},"excerpt":{"rendered":"<p>Die weltweit kompakteste EPIRB mit automatischem Ausl\u00f6segeh\u00e4use der Kategorie I<\/p>\n<ul>\n<li>Einmaliger Kauf. Keine Abonnementgeb\u00fchren <\/li>\n<li>Enth\u00e4lt ein Geh\u00e4use mit automatischer Freigabe der Kategorie I (allgemein als \u201eschwimmfrei\u201c bezeichnet)<\/li>\n<li>Entspricht der Funkanlagenrichtlinie: 2014 \/ 53 \/ EU<\/li>\n<li>406 MHz (Verbindung \u00fcber Satellit zu den Rettungsdiensten)<\/li>\n<li>121,5 MHz Homing Signal (zur Unterst\u00fctzung der endg\u00fcltigen Ortung durch Suche und Rettung)<\/li>\n<li>Stroboskop mit hoher Intensit\u00e4t<\/li>\n<li>30% (typisch) Kleiner<\/li>\n<li>10 Jahre Batterielebensdauer<\/li>\n<li>2 Jahre Garantie (Garantie kann durch Produktregistrierung bei Ocean Signal auf 5 Jahre verl\u00e4ngert werden)<\/li>\n<li>66-Kanal-GPS (faktengenaue Positionierung)<\/li>\n<\/ul>\n<p><a href=\"https:\/\/www.dropbox.com\/s\/fk04stqsp2hgk5f\/Prop%2065%20-%20DEHP.pdf?dl=0\">WARNUNG (USA\/CA): PROP 65<\/a><\/p>\n","protected":false},"featured_media":12437,"template":"","meta":{"_acf_changed":false,"om_disable_all_campaigns":false},"product_brand":[],"product_cat":[709,469],"product_tag":[1277,710,752,800,1275],"class_list":{"0":"post-7852","1":"product","2":"type-product","3":"status-publish","4":"has-post-thumbnail","6":"product_cat-epirb-de","7":"product_cat-rescueme-de","8":"product_tag-automatisches-entriegelungsgehause","9":"product_tag-epirb-de","10":"product_tag-epirb1-de","11":"product_tag-epirb1-pro-de","12":"product_tag-kategorie-1","14":"first","15":"instock","16":"taxable","17":"shipping-taxable","18":"purchasable","19":"product-type-simple"},"acf":[],"yoast_head":"<!-- This site is optimized with the Yoast SEO Premium plugin v25.2 (Yoast SEO v26.4) - https:\/\/yoast.com\/wordpress\/plugins\/seo\/ -->\n<title>rescueME EPIRB1 Pro - Ocean Signal<\/title>\n<meta name=\"description\" content=\"Ocean Signal EPIRB1 Pro mit schwimmfreier Halterung: Ihr zuverl\u00e4ssiger Begleiter f\u00fcr die Sicherheit auf See, der eine schnelle Notsignalisierung auf See gew\u00e4hrleistet.\" \/>\n<meta name=\"robots\" content=\"index, follow, max-snippet:-1, max-image-preview:large, max-video-preview:-1\" \/>\n<link rel=\"canonical\" href=\"https:\/\/oceansignal.com\/de\/products\/rescueme-epirb1-pro\/\" \/>\n<meta property=\"og:locale\" content=\"de_DE\" \/>\n<meta property=\"og:type\" content=\"article\" \/>\n<meta property=\"og:title\" content=\"rescueME EPIRB1 Pro\" \/>\n<meta property=\"og:description\" content=\"Ocean Signal EPIRB1 Pro mit schwimmfreier Halterung: Ihr zuverl\u00e4ssiger Begleiter f\u00fcr die Sicherheit auf See, der eine schnelle Notsignalisierung auf See gew\u00e4hrleistet.\" \/>\n<meta property=\"og:url\" content=\"https:\/\/oceansignal.com\/de\/products\/rescueme-epirb1-pro\/\" \/>\n<meta property=\"og:site_name\" content=\"Ocean Signal\" \/>\n<meta property=\"article:modified_time\" content=\"2026-01-21T19:35:41+00:00\" \/>\n<meta property=\"og:image\" content=\"https:\/\/oceansignal.com\/wp-content\/uploads\/2023\/09\/EPRIB1-PRO-Front.png\" \/>\n\t<meta property=\"og:image:width\" content=\"800\" \/>\n\t<meta property=\"og:image:height\" content=\"800\" \/>\n\t<meta property=\"og:image:type\" content=\"image\/png\" \/>\n<meta name=\"twitter:card\" content=\"summary_large_image\" \/>\n<meta name=\"twitter:label1\" content=\"Gesch\u00e4tzte Lesezeit\" \/>\n\t<meta name=\"twitter:data1\" content=\"2\u00a0Minuten\" \/>\n<script type=\"application\/ld+json\" class=\"yoast-schema-graph\">{\"@context\":\"https:\/\/schema.org\",\"@graph\":[{\"@type\":\"WebPage\",\"@id\":\"https:\/\/oceansignal.com\/de\/products\/rescueme-epirb1-pro\/\",\"url\":\"https:\/\/oceansignal.com\/de\/products\/rescueme-epirb1-pro\/\",\"name\":\"rescueME EPIRB1 Pro - Ocean Signal\",\"isPartOf\":{\"@id\":\"https:\/\/oceansignal.com\/de\/#website\"},\"primaryImageOfPage\":{\"@id\":\"https:\/\/oceansignal.com\/de\/products\/rescueme-epirb1-pro\/#primaryimage\"},\"image\":{\"@id\":\"https:\/\/oceansignal.com\/de\/products\/rescueme-epirb1-pro\/#primaryimage\"},\"thumbnailUrl\":\"https:\/\/oceansignal.com\/wp-content\/uploads\/2023\/09\/EPRIB1-PRO-Front.png\",\"datePublished\":\"2023-09-07T12:15:25+00:00\",\"dateModified\":\"2026-01-21T19:35:41+00:00\",\"description\":\"Ocean Signal EPIRB1 Pro mit schwimmfreier Halterung: Ihr zuverl\u00e4ssiger Begleiter f\u00fcr die Sicherheit auf See, der eine schnelle Notsignalisierung auf See gew\u00e4hrleistet.\",\"breadcrumb\":{\"@id\":\"https:\/\/oceansignal.com\/de\/products\/rescueme-epirb1-pro\/#breadcrumb\"},\"inLanguage\":\"de\",\"potentialAction\":[{\"@type\":\"ReadAction\",\"target\":[\"https:\/\/oceansignal.com\/de\/products\/rescueme-epirb1-pro\/\"]}]},{\"@type\":\"ImageObject\",\"inLanguage\":\"de\",\"@id\":\"https:\/\/oceansignal.com\/de\/products\/rescueme-epirb1-pro\/#primaryimage\",\"url\":\"https:\/\/oceansignal.com\/wp-content\/uploads\/2023\/09\/EPRIB1-PRO-Front.png\",\"contentUrl\":\"https:\/\/oceansignal.com\/wp-content\/uploads\/2023\/09\/EPRIB1-PRO-Front.png\",\"width\":800,\"height\":800},{\"@type\":\"BreadcrumbList\",\"@id\":\"https:\/\/oceansignal.com\/de\/products\/rescueme-epirb1-pro\/#breadcrumb\",\"itemListElement\":[{\"@type\":\"ListItem\",\"position\":1,\"name\":\"Produkte\",\"item\":\"https:\/\/oceansignal.com\/de\/produkte\/\"},{\"@type\":\"ListItem\",\"position\":2,\"name\":\"rescueME EPIRB1 Pro\"}]},{\"@type\":\"WebSite\",\"@id\":\"https:\/\/oceansignal.com\/de\/#website\",\"url\":\"https:\/\/oceansignal.com\/de\/\",\"name\":\"Ocean Signal\",\"description\":\"A leading manufacturer of EPIRBs, AIS, SARTs, Personal Locator Beacons, Man Overboard Beacon for the Marine and Outdoor Markets.\",\"potentialAction\":[{\"@type\":\"SearchAction\",\"target\":{\"@type\":\"EntryPoint\",\"urlTemplate\":\"https:\/\/oceansignal.com\/de\/?s={search_term_string}\"},\"query-input\":{\"@type\":\"PropertyValueSpecification\",\"valueRequired\":true,\"valueName\":\"search_term_string\"}}],\"inLanguage\":\"de\"}]}<\/script>\n<!-- \/ Yoast SEO Premium plugin. -->","yoast_head_json":{"title":"rescueME EPIRB1 Pro - Ocean Signal","description":"Ocean Signal EPIRB1 Pro mit schwimmfreier Halterung: Ihr zuverl\u00e4ssiger Begleiter f\u00fcr die Sicherheit auf See, der eine schnelle Notsignalisierung auf See gew\u00e4hrleistet.","robots":{"index":"index","follow":"follow","max-snippet":"max-snippet:-1","max-image-preview":"max-image-preview:large","max-video-preview":"max-video-preview:-1"},"canonical":"https:\/\/oceansignal.com\/de\/products\/rescueme-epirb1-pro\/","og_locale":"de_DE","og_type":"article","og_title":"rescueME EPIRB1 Pro","og_description":"Ocean Signal EPIRB1 Pro mit schwimmfreier Halterung: Ihr zuverl\u00e4ssiger Begleiter f\u00fcr die Sicherheit auf See, der eine schnelle Notsignalisierung auf See gew\u00e4hrleistet.","og_url":"https:\/\/oceansignal.com\/de\/products\/rescueme-epirb1-pro\/","og_site_name":"Ocean Signal","article_modified_time":"2026-01-21T19:35:41+00:00","og_image":[{"width":800,"height":800,"url":"https:\/\/oceansignal.com\/wp-content\/uploads\/2023\/09\/EPRIB1-PRO-Front.png","type":"image\/png"}],"twitter_card":"summary_large_image","twitter_misc":{"Gesch\u00e4tzte Lesezeit":"2\u00a0Minuten"},"schema":{"@context":"https:\/\/schema.org","@graph":[{"@type":"WebPage","@id":"https:\/\/oceansignal.com\/de\/products\/rescueme-epirb1-pro\/","url":"https:\/\/oceansignal.com\/de\/products\/rescueme-epirb1-pro\/","name":"rescueME EPIRB1 Pro - Ocean Signal","isPartOf":{"@id":"https:\/\/oceansignal.com\/de\/#website"},"primaryImageOfPage":{"@id":"https:\/\/oceansignal.com\/de\/products\/rescueme-epirb1-pro\/#primaryimage"},"image":{"@id":"https:\/\/oceansignal.com\/de\/products\/rescueme-epirb1-pro\/#primaryimage"},"thumbnailUrl":"https:\/\/oceansignal.com\/wp-content\/uploads\/2023\/09\/EPRIB1-PRO-Front.png","datePublished":"2023-09-07T12:15:25+00:00","dateModified":"2026-01-21T19:35:41+00:00","description":"Ocean Signal EPIRB1 Pro mit schwimmfreier Halterung: Ihr zuverl\u00e4ssiger Begleiter f\u00fcr die Sicherheit auf See, der eine schnelle Notsignalisierung auf See gew\u00e4hrleistet.","breadcrumb":{"@id":"https:\/\/oceansignal.com\/de\/products\/rescueme-epirb1-pro\/#breadcrumb"},"inLanguage":"de","potentialAction":[{"@type":"ReadAction","target":["https:\/\/oceansignal.com\/de\/products\/rescueme-epirb1-pro\/"]}]},{"@type":"ImageObject","inLanguage":"de","@id":"https:\/\/oceansignal.com\/de\/products\/rescueme-epirb1-pro\/#primaryimage","url":"https:\/\/oceansignal.com\/wp-content\/uploads\/2023\/09\/EPRIB1-PRO-Front.png","contentUrl":"https:\/\/oceansignal.com\/wp-content\/uploads\/2023\/09\/EPRIB1-PRO-Front.png","width":800,"height":800},{"@type":"BreadcrumbList","@id":"https:\/\/oceansignal.com\/de\/products\/rescueme-epirb1-pro\/#breadcrumb","itemListElement":[{"@type":"ListItem","position":1,"name":"Produkte","item":"https:\/\/oceansignal.com\/de\/produkte\/"},{"@type":"ListItem","position":2,"name":"rescueME EPIRB1 Pro"}]},{"@type":"WebSite","@id":"https:\/\/oceansignal.com\/de\/#website","url":"https:\/\/oceansignal.com\/de\/","name":"Ocean Signal","description":"A leading manufacturer of EPIRBs, AIS, SARTs, Personal Locator Beacons, Man Overboard Beacon for the Marine and Outdoor Markets.","potentialAction":[{"@type":"SearchAction","target":{"@type":"EntryPoint","urlTemplate":"https:\/\/oceansignal.com\/de\/?s={search_term_string}"},"query-input":{"@type":"PropertyValueSpecification","valueRequired":true,"valueName":"search_term_string"}}],"inLanguage":"de"}]}},"_links":{"self":[{"href":"https:\/\/oceansignal.com\/de\/wp-json\/wp\/v2\/product\/7852","targetHints":{"allow":["GET"]}}],"collection":[{"href":"https:\/\/oceansignal.com\/de\/wp-json\/wp\/v2\/product"}],"about":[{"href":"https:\/\/oceansignal.com\/de\/wp-json\/wp\/v2\/types\/product"}],"wp:featuredmedia":[{"embeddable":true,"href":"https:\/\/oceansignal.com\/de\/wp-json\/wp\/v2\/media\/12437"}],"wp:attachment":[{"href":"https:\/\/oceansignal.com\/de\/wp-json\/wp\/v2\/media?parent=7852"}],"wp:term":[{"taxonomy":"product_brand","embeddable":true,"href":"https:\/\/oceansignal.com\/de\/wp-json\/wp\/v2\/product_brand?post=7852"},{"taxonomy":"product_cat","embeddable":true,"href":"https:\/\/oceansignal.com\/de\/wp-json\/wp\/v2\/product_cat?post=7852"},{"taxonomy":"product_tag","embeddable":true,"href":"https:\/\/oceansignal.com\/de\/wp-json\/wp\/v2\/product_tag?post=7852"}],"curies":[{"name":"wp","href":"https:\/\/api.w.org\/{rel}","templated":true}]}}