{"id":7864,"date":"2023-09-07T11:09:06","date_gmt":"2023-09-07T11:09:06","guid":{"rendered":"https:\/\/oceansignal.com\/products\/rescueme-epirb1\/"},"modified":"2026-01-21T19:37:03","modified_gmt":"2026-01-21T19:37:03","slug":"rescueme-epirb1","status":"publish","type":"product","link":"https:\/\/oceansignal.com\/de\/products\/rescueme-epirb1\/","title":{"rendered":"rescueME EPIRB1"},"content":{"rendered":"<p>Zusammenfassung:<\/p>\n<p>Die rescueME EPIRB1 sorgt mit einer beeindruckenden Batterielebensdauer von 10 Jahren f\u00fcr ein beruhigendes Gef\u00fchl.<\/p>\n<p>Der weltweit kompakteste Notfunksender oder EPIRB ist immer zur Hand, da er dank seiner geringen Gr\u00f6\u00dfe problemlos in seiner manuellen Schnellverschlusshalterung aufbewahrt oder in einer Notfalltasche oder einem Rettungsflo\u00df verstaut werden kann. Eine einfache Schutzlasche \u00fcber den Bedientasten verhindert eine unbeabsichtigte Aktivierung und erm\u00f6glicht dennoch eine einfache Bedienung, wenn erforderlich. <\/p>\n<p>Die rescueME EPIRB1 verf\u00fcgt au\u00dferdem \u00fcber zwei leistungsstarke Blitzlichter f\u00fcr maximale Sichtbarkeit bei schlechten Lichtverh\u00e4ltnissen. Die einziehbare Antenne bietet maximalen Schutz und reduzierte Abmessungen f\u00fcr die Lagerung. Bei Bedarf l\u00e4sst sich die Antenne durch leichtes Ziehen einfach ausfahren. <\/p>\n<p>Empfohlener Blog: <a href=\"https:\/\/oceansignal.com\/de\/news\/was-ist-eine-notfunkleuchte-oder-epirb\/\">Was ist ein EPIRB ?<\/a><\/p>\n<p>Produktbeschreibung:<\/p>\n<p>Wir stellen das Ocean Signal rescueME EPIRB1 vor \u2013 Ihr zuverl\u00e4ssiger Begleiter f\u00fcr die Sicherheit auf See.<\/p>\n<p>Dieses kompakte Notfunkfeuer ( EPIRB ) wurde entwickelt, um Such- und Rettungsteams im Notfall auf See schnell zu alarmieren. Es ist Ihre Lebensader auf dem Wasser. Ob Segler, Angler oder Abenteurer \u2013 die rescueME EPIRB1 sorgt f\u00fcr eine pr\u00e4zise \u00dcbertragung Ihres Notsignals und erm\u00f6glicht so eine schnelle Reaktion auf Ihren Standort. Dank modernster Technologie und benutzerfreundlichem Design bietet dieses unverzichtbare Ger\u00e4t ein H\u00f6chstma\u00df an Sicherheit und erm\u00f6glicht Ihnen, sicher auf See zu navigieren.  <\/p>\n<p>Die rescueME EPIRB1 ist standardm\u00e4\u00dfig mit einem integrierten 66-Kanal-GPS ausgestattet und liefert den Rettungskr\u00e4ften genaue Positionsdaten f\u00fcr eine schnelle Rettung. Bei Aktivierung \u00fcbertr\u00e4gt die EPIRB1 Ihre Position und Ihre eindeutige ID per Satellitenverbindung an eine Rettungsleitstelle. Diese Informationen werden dann an die zust\u00e4ndigen lokalen Such- und Rettungsdienste weitergeleitet, die dank des 66-Kanal-GPS Ihren genauen Standort ermitteln.  <\/p>\n<p>Ben\u00f6tigen Sie ein Upgrade auf eine AIS-f\u00e4hige EPIRB ? Entdecken Sie die neue <a href=\"https:\/\/oceansignal.com\/products\/safesea-epirb3-pro\/\">EPIRB3<\/a> <\/p>\n<p>&nbsp;<\/p>\n<p><strong>Funktionen:<\/strong><\/p>\n<ul>\n<li>30% (typisch) kleiner*<\/li>\n<li>10 Jahre Batterielebensdauer<\/li>\n<li>48+ Stunden Betriebsdauer<\/li>\n<li>2 Jahre Garantie \u2020 (Garantie kann durch Produktregistrierung auf 5 Jahre verl\u00e4ngert werden)<\/li>\n<li>Schnelle, genaue Positionierung mit 66-Kanal-GPS<\/li>\n<li>Einziehbare Antenne<\/li>\n<li>Schnellspann-Halterung<\/li>\n<li>Sicheres Schl\u00fcsselband<\/li>\n<li>Hergestellt im Vereinigten K\u00f6nigreich (UK)<\/li>\n<\/ul>\n<p>&nbsp;<\/p>\n<p>*30 % kleiner im Vergleich zu anderen Produkten, die nach anerkannten Standards zugelassen sind (Juli 2014)<\/p>\n<p>\u2020 Vorbehaltlich der Garantieerkl\u00e4rung<\/p>\n<p>F\u00fcr l\u00e4ngere Offshore- oder Ozeanpassagen bietet das Ocean Signal <a href=\"http:\/\/oceansignal.com\/products\/rescueme-epirb1-pro\/\">EPIRB1 Pro<\/a> ein automatisches Ausl\u00f6segeh\u00e4use.<\/p>\n<p>&nbsp;<\/p>\n","protected":false},"excerpt":{"rendered":"<p>Das weltweit kompakteste Notfunkfeuer ( EPIRB )<\/p>\n<p><strong>Funktionen:<\/strong><\/p>\n<ul>\n<li>Einmaliger Kauf. Keine Abonnementgeb\u00fchren. <\/li>\n<li>10 Jahre Batterielebensdauer<\/li>\n<li>48+ Stunden Betriebsdauer<\/li>\n<li>Schnelle und genaue Positionierung mit 66-Kanal-GPS und 406 MHz + 121,5 MHz<\/li>\n<li>2 Jahre Garantie \u2020 (Garantie kann durch Produktregistrierung auf 5 Jahre verl\u00e4ngert werden)<\/li>\n<li>Einziehbare Antenne<\/li>\n<li>Schnellspann-Halterung<\/li>\n<li>Sicheres Schl\u00fcsselband<\/li>\n<li>Hergestellt im Vereinigten K\u00f6nigreich (UK)<\/li>\n<\/ul>\n<p><a href=\"https:\/\/www.dropbox.com\/s\/fk04stqsp2hgk5f\/Prop%2065%20-%20DEHP.pdf?dl=0\">WARNUNG: PROP 65<\/a><\/p>\n<p>&nbsp;<\/p>\n","protected":false},"featured_media":35481,"template":"","meta":{"_acf_changed":false,"om_disable_all_campaigns":false},"product_brand":[],"product_cat":[709,469],"product_tag":[710,752,753,751,754],"class_list":{"0":"post-7864","1":"product","2":"type-product","3":"status-publish","4":"has-post-thumbnail","6":"product_cat-epirb-de","7":"product_cat-rescueme-de","8":"product_tag-epirb-de","9":"product_tag-epirb1-de","10":"product_tag-gps-de","11":"product_tag-notruf-funksignal-zur-positionsanzeige","12":"product_tag-sicherheit-auf-see","14":"first","15":"instock","16":"taxable","17":"shipping-taxable","18":"purchasable","19":"product-type-simple"},"acf":[],"yoast_head":"<!-- This site is optimized with the Yoast SEO Premium plugin v25.2 (Yoast SEO v26.4) - https:\/\/yoast.com\/wordpress\/plugins\/seo\/ -->\n<title>rescueME EPIRB1 - Ocean Signal<\/title>\n<meta name=\"description\" content=\"Bleiben Sie auf See sicher mit dem Rettungsfunkger\u00e4t rescueME EPIRB1 von Ocean Signal . Kompakt und zuverl\u00e4ssig \u2013 ideal f\u00fcr maritime Abenteuer.\" \/>\n<meta name=\"robots\" content=\"index, follow, max-snippet:-1, max-image-preview:large, max-video-preview:-1\" \/>\n<link rel=\"canonical\" href=\"https:\/\/oceansignal.com\/de\/products\/rescueme-epirb1\/\" \/>\n<meta property=\"og:locale\" content=\"de_DE\" \/>\n<meta property=\"og:type\" content=\"article\" \/>\n<meta property=\"og:title\" content=\"rescueME EPIRB1\" \/>\n<meta property=\"og:description\" content=\"Bleiben Sie auf See sicher mit dem Rettungsfunkger\u00e4t rescueME EPIRB1 von Ocean Signal . Kompakt und zuverl\u00e4ssig \u2013 ideal f\u00fcr maritime Abenteuer.\" \/>\n<meta property=\"og:url\" content=\"https:\/\/oceansignal.com\/de\/products\/rescueme-epirb1\/\" \/>\n<meta property=\"og:site_name\" content=\"Ocean Signal\" \/>\n<meta property=\"article:modified_time\" content=\"2026-01-21T19:37:03+00:00\" \/>\n<meta property=\"og:image\" content=\"https:\/\/oceansignal.com\/wp-content\/uploads\/2023\/09\/Ocean-Signal-EPIRB-1-Front.webp\" \/>\n\t<meta property=\"og:image:width\" content=\"800\" \/>\n\t<meta property=\"og:image:height\" content=\"800\" \/>\n\t<meta property=\"og:image:type\" content=\"image\/webp\" \/>\n<meta name=\"twitter:card\" content=\"summary_large_image\" \/>\n<meta name=\"twitter:label1\" content=\"Gesch\u00e4tzte Lesezeit\" \/>\n\t<meta name=\"twitter:data1\" content=\"2\u00a0Minuten\" \/>\n<script type=\"application\/ld+json\" class=\"yoast-schema-graph\">{\"@context\":\"https:\/\/schema.org\",\"@graph\":[{\"@type\":\"WebPage\",\"@id\":\"https:\/\/oceansignal.com\/de\/products\/rescueme-epirb1\/\",\"url\":\"https:\/\/oceansignal.com\/de\/products\/rescueme-epirb1\/\",\"name\":\"rescueME EPIRB1 - Ocean Signal\",\"isPartOf\":{\"@id\":\"https:\/\/oceansignal.com\/de\/#website\"},\"primaryImageOfPage\":{\"@id\":\"https:\/\/oceansignal.com\/de\/products\/rescueme-epirb1\/#primaryimage\"},\"image\":{\"@id\":\"https:\/\/oceansignal.com\/de\/products\/rescueme-epirb1\/#primaryimage\"},\"thumbnailUrl\":\"https:\/\/oceansignal.com\/wp-content\/uploads\/2023\/09\/Ocean-Signal-EPIRB-1-Front.webp\",\"datePublished\":\"2023-09-07T11:09:06+00:00\",\"dateModified\":\"2026-01-21T19:37:03+00:00\",\"description\":\"Bleiben Sie auf See sicher mit dem Rettungsfunkger\u00e4t rescueME EPIRB1 von Ocean Signal . Kompakt und zuverl\u00e4ssig \u2013 ideal f\u00fcr maritime Abenteuer.\",\"breadcrumb\":{\"@id\":\"https:\/\/oceansignal.com\/de\/products\/rescueme-epirb1\/#breadcrumb\"},\"inLanguage\":\"de\",\"potentialAction\":[{\"@type\":\"ReadAction\",\"target\":[\"https:\/\/oceansignal.com\/de\/products\/rescueme-epirb1\/\"]}]},{\"@type\":\"ImageObject\",\"inLanguage\":\"de\",\"@id\":\"https:\/\/oceansignal.com\/de\/products\/rescueme-epirb1\/#primaryimage\",\"url\":\"https:\/\/oceansignal.com\/wp-content\/uploads\/2023\/09\/Ocean-Signal-EPIRB-1-Front.webp\",\"contentUrl\":\"https:\/\/oceansignal.com\/wp-content\/uploads\/2023\/09\/Ocean-Signal-EPIRB-1-Front.webp\",\"width\":800,\"height\":800},{\"@type\":\"BreadcrumbList\",\"@id\":\"https:\/\/oceansignal.com\/de\/products\/rescueme-epirb1\/#breadcrumb\",\"itemListElement\":[{\"@type\":\"ListItem\",\"position\":1,\"name\":\"Produkte\",\"item\":\"https:\/\/oceansignal.com\/de\/produkte\/\"},{\"@type\":\"ListItem\",\"position\":2,\"name\":\"rescueME EPIRB1\"}]},{\"@type\":\"WebSite\",\"@id\":\"https:\/\/oceansignal.com\/de\/#website\",\"url\":\"https:\/\/oceansignal.com\/de\/\",\"name\":\"Ocean Signal\",\"description\":\"A leading manufacturer of EPIRBs, AIS, SARTs, Personal Locator Beacons, Man Overboard Beacon for the Marine and Outdoor Markets.\",\"potentialAction\":[{\"@type\":\"SearchAction\",\"target\":{\"@type\":\"EntryPoint\",\"urlTemplate\":\"https:\/\/oceansignal.com\/de\/?s={search_term_string}\"},\"query-input\":{\"@type\":\"PropertyValueSpecification\",\"valueRequired\":true,\"valueName\":\"search_term_string\"}}],\"inLanguage\":\"de\"}]}<\/script>\n<!-- \/ Yoast SEO Premium plugin. -->","yoast_head_json":{"title":"rescueME EPIRB1 - Ocean Signal","description":"Bleiben Sie auf See sicher mit dem Rettungsfunkger\u00e4t rescueME EPIRB1 von Ocean Signal . Kompakt und zuverl\u00e4ssig \u2013 ideal f\u00fcr maritime Abenteuer.","robots":{"index":"index","follow":"follow","max-snippet":"max-snippet:-1","max-image-preview":"max-image-preview:large","max-video-preview":"max-video-preview:-1"},"canonical":"https:\/\/oceansignal.com\/de\/products\/rescueme-epirb1\/","og_locale":"de_DE","og_type":"article","og_title":"rescueME EPIRB1","og_description":"Bleiben Sie auf See sicher mit dem Rettungsfunkger\u00e4t rescueME EPIRB1 von Ocean Signal . Kompakt und zuverl\u00e4ssig \u2013 ideal f\u00fcr maritime Abenteuer.","og_url":"https:\/\/oceansignal.com\/de\/products\/rescueme-epirb1\/","og_site_name":"Ocean Signal","article_modified_time":"2026-01-21T19:37:03+00:00","og_image":[{"width":800,"height":800,"url":"https:\/\/oceansignal.com\/wp-content\/uploads\/2023\/09\/Ocean-Signal-EPIRB-1-Front.webp","type":"image\/webp"}],"twitter_card":"summary_large_image","twitter_misc":{"Gesch\u00e4tzte Lesezeit":"2\u00a0Minuten"},"schema":{"@context":"https:\/\/schema.org","@graph":[{"@type":"WebPage","@id":"https:\/\/oceansignal.com\/de\/products\/rescueme-epirb1\/","url":"https:\/\/oceansignal.com\/de\/products\/rescueme-epirb1\/","name":"rescueME EPIRB1 - Ocean Signal","isPartOf":{"@id":"https:\/\/oceansignal.com\/de\/#website"},"primaryImageOfPage":{"@id":"https:\/\/oceansignal.com\/de\/products\/rescueme-epirb1\/#primaryimage"},"image":{"@id":"https:\/\/oceansignal.com\/de\/products\/rescueme-epirb1\/#primaryimage"},"thumbnailUrl":"https:\/\/oceansignal.com\/wp-content\/uploads\/2023\/09\/Ocean-Signal-EPIRB-1-Front.webp","datePublished":"2023-09-07T11:09:06+00:00","dateModified":"2026-01-21T19:37:03+00:00","description":"Bleiben Sie auf See sicher mit dem Rettungsfunkger\u00e4t rescueME EPIRB1 von Ocean Signal . Kompakt und zuverl\u00e4ssig \u2013 ideal f\u00fcr maritime Abenteuer.","breadcrumb":{"@id":"https:\/\/oceansignal.com\/de\/products\/rescueme-epirb1\/#breadcrumb"},"inLanguage":"de","potentialAction":[{"@type":"ReadAction","target":["https:\/\/oceansignal.com\/de\/products\/rescueme-epirb1\/"]}]},{"@type":"ImageObject","inLanguage":"de","@id":"https:\/\/oceansignal.com\/de\/products\/rescueme-epirb1\/#primaryimage","url":"https:\/\/oceansignal.com\/wp-content\/uploads\/2023\/09\/Ocean-Signal-EPIRB-1-Front.webp","contentUrl":"https:\/\/oceansignal.com\/wp-content\/uploads\/2023\/09\/Ocean-Signal-EPIRB-1-Front.webp","width":800,"height":800},{"@type":"BreadcrumbList","@id":"https:\/\/oceansignal.com\/de\/products\/rescueme-epirb1\/#breadcrumb","itemListElement":[{"@type":"ListItem","position":1,"name":"Produkte","item":"https:\/\/oceansignal.com\/de\/produkte\/"},{"@type":"ListItem","position":2,"name":"rescueME EPIRB1"}]},{"@type":"WebSite","@id":"https:\/\/oceansignal.com\/de\/#website","url":"https:\/\/oceansignal.com\/de\/","name":"Ocean Signal","description":"A leading manufacturer of EPIRBs, AIS, SARTs, Personal Locator Beacons, Man Overboard Beacon for the Marine and Outdoor Markets.","potentialAction":[{"@type":"SearchAction","target":{"@type":"EntryPoint","urlTemplate":"https:\/\/oceansignal.com\/de\/?s={search_term_string}"},"query-input":{"@type":"PropertyValueSpecification","valueRequired":true,"valueName":"search_term_string"}}],"inLanguage":"de"}]}},"_links":{"self":[{"href":"https:\/\/oceansignal.com\/de\/wp-json\/wp\/v2\/product\/7864","targetHints":{"allow":["GET"]}}],"collection":[{"href":"https:\/\/oceansignal.com\/de\/wp-json\/wp\/v2\/product"}],"about":[{"href":"https:\/\/oceansignal.com\/de\/wp-json\/wp\/v2\/types\/product"}],"wp:featuredmedia":[{"embeddable":true,"href":"https:\/\/oceansignal.com\/de\/wp-json\/wp\/v2\/media\/35481"}],"wp:attachment":[{"href":"https:\/\/oceansignal.com\/de\/wp-json\/wp\/v2\/media?parent=7864"}],"wp:term":[{"taxonomy":"product_brand","embeddable":true,"href":"https:\/\/oceansignal.com\/de\/wp-json\/wp\/v2\/product_brand?post=7864"},{"taxonomy":"product_cat","embeddable":true,"href":"https:\/\/oceansignal.com\/de\/wp-json\/wp\/v2\/product_cat?post=7864"},{"taxonomy":"product_tag","embeddable":true,"href":"https:\/\/oceansignal.com\/de\/wp-json\/wp\/v2\/product_tag?post=7864"}],"curies":[{"name":"wp","href":"https:\/\/api.w.org\/{rel}","templated":true}]}}