{"id":7877,"date":"2023-09-08T08:24:00","date_gmt":"2023-09-08T08:24:00","guid":{"rendered":"https:\/\/oceansignal.com\/products\/rescueme-edf1-fackel\/"},"modified":"2026-01-21T20:23:57","modified_gmt":"2026-01-21T20:23:57","slug":"rescueme-edf1-fackel","status":"publish","type":"product","link":"https:\/\/oceansignal.com\/de\/products\/rescueme-edf1-fackel\/","title":{"rendered":"rescueME EDF1 Leuchtrakete"},"content":{"rendered":"<p>Die elektronische Notfackel <strong>rescueME EDF1<\/strong> bietet Anwendern eine sichere und langlebige L\u00f6sung zur visuellen Signalisierung im Notfall. Das einzigartige Linsendesign in Kombination mit fortschrittlichen LEDs und hocheffizienter Schaltungstechnik gew\u00e4hrleistet eine konstante Lichtleistung \u00fcber die gesamte Lebensdauer der vom Benutzer austauschbaren Batterie. <\/p>\n<p>Der Lichtstrahl erstreckt sich \u00fcber einen Winkel von \u00fcber 30\u00b0 im gesamten 360\u00b0-Azimut und bietet damit eine mehr als sechsmal gr\u00f6\u00dfere Lichtabdeckung als andere elektronische Leuchtraketen*. Das Licht wird zudem \u00fcber die gesamte Halbkugel oberhalb des Ger\u00e4ts verteilt, um die Sichtbarkeit aus der Luft zu gew\u00e4hrleisten. <\/p>\n<p>Im Gegensatz zu pyrotechnischen Einweg-Leuchtraketen kann die <strong>rescueME EDF1<\/strong> in allen vier Modi wiederholt eingesetzt werden und gew\u00e4hrleistet so eine kontinuierliche Sichtbarkeit \u00fcber einen l\u00e4ngeren Zeitraum. Das Ger\u00e4t ist sicher zu lagern und zu bedienen und entf\u00e4llt jegliche Entsorgungssorgen. Dank seiner kompakten Gr\u00f6\u00dfe und robusten Bauweise ist die <strong>rescueME EDF1<\/strong> das ideale Sicherheitsprodukt f\u00fcr Notfalltaschen, Rettungsinseln oder Wanderrucks\u00e4cke.  <\/p>\n<p><em>Der Ersatzakku LB10F kann bei <a href=\"https:\/\/oceansignal.com\/de\/unterstuetzen\/haendlersuche\/\">Ocean Signal-H\u00e4ndlern<\/a> bestellt werden, die den EDF1 auf Lager haben. Die Bestellnummer lautet 751S-01771. <\/em><\/p>\n<p>Sie ben\u00f6tigen eine von der US-K\u00fcstenwache zugelassene elektronische Leuchtrakete: <a href=\"https:\/\/www.acrartex.com\/products\/resqflare-boat-flare\/\">ACR ResQFlare<\/a><\/p>\n","protected":false},"excerpt":{"rendered":"<p>EDF1 LED-Notfackel: eine hervorragende Alternative zu herk\u00f6mmlichen pyrotechnischen Leuchtraketen<\/p>\n<ul>\n<li>Fortschrittliche LED-Technologie \u2013 Sicherer Betrieb<\/li>\n<li>Hervorragende 360-Grad-Sichtbarkeit im Azimut<\/li>\n<li>Bis zu 6 Stunden Akkulaufzeit<\/li>\n<li>Vier Betriebsmodi plus SOS-Signalisierung. Leicht austauschbare Batterie.<\/li>\n<li>Reichweite bis zu 7 Meilen<\/li>\n<li>Batterietestfunktion<\/li>\n<li>Kompaktes, robustes Design<\/li>\n<li>Hervorragende Sicht f\u00fcr Flugzeug- und Hubschrauber-SAR<\/li>\n<li>Konstante Helligkeit w\u00e4hrend der gesamten Batterielebensdauer<\/li>\n<li>Einfach austauschbare Batterie<\/li>\n<li>Wasserdicht bis 10 Meter<\/li>\n<\/ul>\n","protected":false},"featured_media":12044,"template":"","meta":{"_acf_changed":false,"om_disable_all_campaigns":false},"product_brand":[],"product_cat":[1181,469],"product_tag":[1182,1183,1184],"class_list":{"0":"post-7877","1":"product","2":"type-product","3":"status-publish","4":"has-post-thumbnail","6":"product_cat-elektronische-signalisierung-und-flare","7":"product_cat-rescueme-de","8":"product_tag-edf1-de","9":"product_tag-elektronische-flare","10":"product_tag-flare-de","12":"first","13":"instock","14":"taxable","15":"shipping-taxable","16":"purchasable","17":"product-type-simple"},"acf":[],"yoast_head":"<!-- This site is optimized with the Yoast SEO Premium plugin v25.2 (Yoast SEO v26.4) - https:\/\/yoast.com\/wordpress\/plugins\/seo\/ -->\n<title>rescueME EDF1 Leuchtrakete - Ocean Signal<\/title>\n<meta name=\"description\" content=\"Mit der elektronischen Seenotrakete Ocean Signal rescueME EDF1 sind Sie auf See sicher unterwegs. Kompaktes, zuverl\u00e4ssiges Notsignal f\u00fcr maritime Notf\u00e4lle. Jetzt kaufen!\" \/>\n<meta name=\"robots\" content=\"index, follow, max-snippet:-1, max-image-preview:large, max-video-preview:-1\" \/>\n<link rel=\"canonical\" href=\"https:\/\/oceansignal.com\/de\/products\/rescueme-edf1-fackel\/\" \/>\n<meta property=\"og:locale\" content=\"de_DE\" \/>\n<meta property=\"og:type\" content=\"article\" \/>\n<meta property=\"og:title\" content=\"rescueME EDF1 Leuchtrakete\" \/>\n<meta property=\"og:description\" content=\"Mit der elektronischen Seenotrakete Ocean Signal rescueME EDF1 sind Sie auf See sicher unterwegs. Kompaktes, zuverl\u00e4ssiges Notsignal f\u00fcr maritime Notf\u00e4lle. Jetzt kaufen!\" \/>\n<meta property=\"og:url\" content=\"https:\/\/oceansignal.com\/de\/products\/rescueme-edf1-fackel\/\" \/>\n<meta property=\"og:site_name\" content=\"Ocean Signal\" \/>\n<meta property=\"article:modified_time\" content=\"2026-01-21T20:23:57+00:00\" \/>\n<meta property=\"og:image\" content=\"https:\/\/oceansignal.com\/wp-content\/uploads\/2023\/09\/Ocean-Signal-EDF1.png\" \/>\n\t<meta property=\"og:image:width\" content=\"800\" \/>\n\t<meta property=\"og:image:height\" content=\"800\" \/>\n\t<meta property=\"og:image:type\" content=\"image\/png\" \/>\n<meta name=\"twitter:card\" content=\"summary_large_image\" \/>\n<meta name=\"twitter:label1\" content=\"Gesch\u00e4tzte Lesezeit\" \/>\n\t<meta name=\"twitter:data1\" content=\"1\u00a0Minute\" \/>\n<script type=\"application\/ld+json\" class=\"yoast-schema-graph\">{\"@context\":\"https:\/\/schema.org\",\"@graph\":[{\"@type\":\"WebPage\",\"@id\":\"https:\/\/oceansignal.com\/de\/products\/rescueme-edf1-fackel\/\",\"url\":\"https:\/\/oceansignal.com\/de\/products\/rescueme-edf1-fackel\/\",\"name\":\"rescueME EDF1 Leuchtrakete - Ocean Signal\",\"isPartOf\":{\"@id\":\"https:\/\/oceansignal.com\/de\/#website\"},\"primaryImageOfPage\":{\"@id\":\"https:\/\/oceansignal.com\/de\/products\/rescueme-edf1-fackel\/#primaryimage\"},\"image\":{\"@id\":\"https:\/\/oceansignal.com\/de\/products\/rescueme-edf1-fackel\/#primaryimage\"},\"thumbnailUrl\":\"https:\/\/oceansignal.com\/wp-content\/uploads\/2023\/09\/Ocean-Signal-EDF1.png\",\"datePublished\":\"2023-09-08T08:24:00+00:00\",\"dateModified\":\"2026-01-21T20:23:57+00:00\",\"description\":\"Mit der elektronischen Seenotrakete Ocean Signal rescueME EDF1 sind Sie auf See sicher unterwegs. Kompaktes, zuverl\u00e4ssiges Notsignal f\u00fcr maritime Notf\u00e4lle. Jetzt kaufen!\",\"breadcrumb\":{\"@id\":\"https:\/\/oceansignal.com\/de\/products\/rescueme-edf1-fackel\/#breadcrumb\"},\"inLanguage\":\"de\",\"potentialAction\":[{\"@type\":\"ReadAction\",\"target\":[\"https:\/\/oceansignal.com\/de\/products\/rescueme-edf1-fackel\/\"]}]},{\"@type\":\"ImageObject\",\"inLanguage\":\"de\",\"@id\":\"https:\/\/oceansignal.com\/de\/products\/rescueme-edf1-fackel\/#primaryimage\",\"url\":\"https:\/\/oceansignal.com\/wp-content\/uploads\/2023\/09\/Ocean-Signal-EDF1.png\",\"contentUrl\":\"https:\/\/oceansignal.com\/wp-content\/uploads\/2023\/09\/Ocean-Signal-EDF1.png\",\"width\":800,\"height\":800},{\"@type\":\"BreadcrumbList\",\"@id\":\"https:\/\/oceansignal.com\/de\/products\/rescueme-edf1-fackel\/#breadcrumb\",\"itemListElement\":[{\"@type\":\"ListItem\",\"position\":1,\"name\":\"Produkte\",\"item\":\"https:\/\/oceansignal.com\/de\/produkte\/\"},{\"@type\":\"ListItem\",\"position\":2,\"name\":\"rescueME EDF1 Leuchtrakete\"}]},{\"@type\":\"WebSite\",\"@id\":\"https:\/\/oceansignal.com\/de\/#website\",\"url\":\"https:\/\/oceansignal.com\/de\/\",\"name\":\"Ocean Signal\",\"description\":\"A leading manufacturer of EPIRBs, AIS, SARTs, Personal Locator Beacons, Man Overboard Beacon for the Marine and Outdoor Markets.\",\"potentialAction\":[{\"@type\":\"SearchAction\",\"target\":{\"@type\":\"EntryPoint\",\"urlTemplate\":\"https:\/\/oceansignal.com\/de\/?s={search_term_string}\"},\"query-input\":{\"@type\":\"PropertyValueSpecification\",\"valueRequired\":true,\"valueName\":\"search_term_string\"}}],\"inLanguage\":\"de\"}]}<\/script>\n<!-- \/ Yoast SEO Premium plugin. -->","yoast_head_json":{"title":"rescueME EDF1 Leuchtrakete - Ocean Signal","description":"Mit der elektronischen Seenotrakete Ocean Signal rescueME EDF1 sind Sie auf See sicher unterwegs. Kompaktes, zuverl\u00e4ssiges Notsignal f\u00fcr maritime Notf\u00e4lle. Jetzt kaufen!","robots":{"index":"index","follow":"follow","max-snippet":"max-snippet:-1","max-image-preview":"max-image-preview:large","max-video-preview":"max-video-preview:-1"},"canonical":"https:\/\/oceansignal.com\/de\/products\/rescueme-edf1-fackel\/","og_locale":"de_DE","og_type":"article","og_title":"rescueME EDF1 Leuchtrakete","og_description":"Mit der elektronischen Seenotrakete Ocean Signal rescueME EDF1 sind Sie auf See sicher unterwegs. Kompaktes, zuverl\u00e4ssiges Notsignal f\u00fcr maritime Notf\u00e4lle. Jetzt kaufen!","og_url":"https:\/\/oceansignal.com\/de\/products\/rescueme-edf1-fackel\/","og_site_name":"Ocean Signal","article_modified_time":"2026-01-21T20:23:57+00:00","og_image":[{"width":800,"height":800,"url":"https:\/\/oceansignal.com\/wp-content\/uploads\/2023\/09\/Ocean-Signal-EDF1.png","type":"image\/png"}],"twitter_card":"summary_large_image","twitter_misc":{"Gesch\u00e4tzte Lesezeit":"1\u00a0Minute"},"schema":{"@context":"https:\/\/schema.org","@graph":[{"@type":"WebPage","@id":"https:\/\/oceansignal.com\/de\/products\/rescueme-edf1-fackel\/","url":"https:\/\/oceansignal.com\/de\/products\/rescueme-edf1-fackel\/","name":"rescueME EDF1 Leuchtrakete - Ocean Signal","isPartOf":{"@id":"https:\/\/oceansignal.com\/de\/#website"},"primaryImageOfPage":{"@id":"https:\/\/oceansignal.com\/de\/products\/rescueme-edf1-fackel\/#primaryimage"},"image":{"@id":"https:\/\/oceansignal.com\/de\/products\/rescueme-edf1-fackel\/#primaryimage"},"thumbnailUrl":"https:\/\/oceansignal.com\/wp-content\/uploads\/2023\/09\/Ocean-Signal-EDF1.png","datePublished":"2023-09-08T08:24:00+00:00","dateModified":"2026-01-21T20:23:57+00:00","description":"Mit der elektronischen Seenotrakete Ocean Signal rescueME EDF1 sind Sie auf See sicher unterwegs. Kompaktes, zuverl\u00e4ssiges Notsignal f\u00fcr maritime Notf\u00e4lle. Jetzt kaufen!","breadcrumb":{"@id":"https:\/\/oceansignal.com\/de\/products\/rescueme-edf1-fackel\/#breadcrumb"},"inLanguage":"de","potentialAction":[{"@type":"ReadAction","target":["https:\/\/oceansignal.com\/de\/products\/rescueme-edf1-fackel\/"]}]},{"@type":"ImageObject","inLanguage":"de","@id":"https:\/\/oceansignal.com\/de\/products\/rescueme-edf1-fackel\/#primaryimage","url":"https:\/\/oceansignal.com\/wp-content\/uploads\/2023\/09\/Ocean-Signal-EDF1.png","contentUrl":"https:\/\/oceansignal.com\/wp-content\/uploads\/2023\/09\/Ocean-Signal-EDF1.png","width":800,"height":800},{"@type":"BreadcrumbList","@id":"https:\/\/oceansignal.com\/de\/products\/rescueme-edf1-fackel\/#breadcrumb","itemListElement":[{"@type":"ListItem","position":1,"name":"Produkte","item":"https:\/\/oceansignal.com\/de\/produkte\/"},{"@type":"ListItem","position":2,"name":"rescueME EDF1 Leuchtrakete"}]},{"@type":"WebSite","@id":"https:\/\/oceansignal.com\/de\/#website","url":"https:\/\/oceansignal.com\/de\/","name":"Ocean Signal","description":"A leading manufacturer of EPIRBs, AIS, SARTs, Personal Locator Beacons, Man Overboard Beacon for the Marine and Outdoor Markets.","potentialAction":[{"@type":"SearchAction","target":{"@type":"EntryPoint","urlTemplate":"https:\/\/oceansignal.com\/de\/?s={search_term_string}"},"query-input":{"@type":"PropertyValueSpecification","valueRequired":true,"valueName":"search_term_string"}}],"inLanguage":"de"}]}},"_links":{"self":[{"href":"https:\/\/oceansignal.com\/de\/wp-json\/wp\/v2\/product\/7877","targetHints":{"allow":["GET"]}}],"collection":[{"href":"https:\/\/oceansignal.com\/de\/wp-json\/wp\/v2\/product"}],"about":[{"href":"https:\/\/oceansignal.com\/de\/wp-json\/wp\/v2\/types\/product"}],"wp:featuredmedia":[{"embeddable":true,"href":"https:\/\/oceansignal.com\/de\/wp-json\/wp\/v2\/media\/12044"}],"wp:attachment":[{"href":"https:\/\/oceansignal.com\/de\/wp-json\/wp\/v2\/media?parent=7877"}],"wp:term":[{"taxonomy":"product_brand","embeddable":true,"href":"https:\/\/oceansignal.com\/de\/wp-json\/wp\/v2\/product_brand?post=7877"},{"taxonomy":"product_cat","embeddable":true,"href":"https:\/\/oceansignal.com\/de\/wp-json\/wp\/v2\/product_cat?post=7877"},{"taxonomy":"product_tag","embeddable":true,"href":"https:\/\/oceansignal.com\/de\/wp-json\/wp\/v2\/product_tag?post=7877"}],"curies":[{"name":"wp","href":"https:\/\/api.w.org\/{rel}","templated":true}]}}