{"id":8433,"date":"2023-09-08T09:20:37","date_gmt":"2023-09-08T09:20:37","guid":{"rendered":"https:\/\/oceansignal.com\/products\/safesea-v100-ukw\/"},"modified":"2026-01-21T19:52:21","modified_gmt":"2026-01-21T19:52:21","slug":"safesea-v100-ukw","status":"publish","type":"product","link":"https:\/\/oceansignal.com\/de\/products\/safesea-v100-ukw\/","title":{"rendered":"safeSEA V100 UKW"},"content":{"rendered":"<p>F\u00fcr Routinetests des V100 ist eine nicht wiederaufladbare Alkalibatterie (TB6V) erh\u00e4ltlich. Diese Batterie hat eine begrenzte Lebensdauer und ist nur f\u00fcr Tests geeignet und nicht f\u00fcr den Einsatz im Betrieb geeignet. Dar\u00fcber hinaus kann die Prim\u00e4rbatterie dank der neuartigen Batterieschutzlasche dauerhaft am Radio angebracht werden, ohne dass die Gefahr eines Ladungsverlusts besteht. Das Radio ist in Notf\u00e4llen immer einsatzbereit, ohne dass vor dem Einsatz Schutzetiketten oder \u00c4hnliches entfernt werden m\u00fcssen. Brechen Sie einfach die rote Schutzlasche ab und das Radio ist sofort einsatzbereit.    <\/p>\n<h4>Funktionen:<\/h4>\n<ul>\n<li>Lithium-Polymer-Akkuoption mit Schnellladeger\u00e4t f\u00fcr den t\u00e4glichen normalen Gebrauch erh\u00e4ltlich<\/li>\n<li>Vollst\u00e4ndig wasserdicht, sogar bei einem Temperaturschock von 40 \u00b0C<\/li>\n<li>Hocheffizienter Transmitter f\u00fcr maximale Batterielebensdauer<\/li>\n<li>Robustes Design \u00fcbertrifft die Umweltanforderungen des GMDSS-UKW-Funks<\/li>\n<li>Lithium-Prim\u00e4rbatterie f\u00fcr den Notfalleinsatz\n<ul>\n<li>Neuartige Batterieschutzlasche sch\u00fctzt vor versehentlichem Gebrauch<\/li>\n<li>Batterie, die f\u00fcr den Versand als ungef\u00e4hrlich eingestuft ist<\/li>\n<li>Die Batterie bietet eine typische Betriebsdauer von \u00fcber 16 Stunden, sogar bei -20 \u00b0C. (10 % Tx, 10 % Rx, 80 % ger\u00e4uschged\u00e4mpft) <\/li>\n<\/ul>\n<\/li>\n<li>Lasergravierte Tastenbeschriftungen f\u00fcr Langlebigkeit<\/li>\n<li>Kontrastreiches, hintergrundbeleuchtetes LCD und Tastatur<\/li>\n<li>Option f\u00fcr robuste Zubeh\u00f6rsteckdosen; wasserdicht nach IP68 f\u00fcr die Verwendung mit Headsets, Helmen, Faustmikrofonen usw.<\/li>\n<li>4 Scan-Modi, D\/W, T\/W, Scan und Memory-Scan<\/li>\n<li>21 Simplex-Kan\u00e4le gem\u00e4\u00df den Anforderungen der IMO SOLAs<\/li>\n<\/ul>\n<p>Das safeSEA V100 GMDSS VHF-Funkger\u00e4t erf\u00fcllt die strengen Anforderungen des Globalen Seenot- und Sicherheitsfunksystems (GMDSS), <a href=\"https:\/\/www.imo.org\/\">der Internationalen Seeschifffahrts-Organisation (IMO)<\/a> und des \u00dcbereinkommens zum Schutz des menschlichen Lebens auf See (SOLAS). Es entspricht internationalen Standards und gew\u00e4hrleistet so die Einhaltung aller gesetzlichen Bestimmungen und die Einsatzbereitschaft Ihres Schiffes f\u00fcr maritime Operationen.<\/p>\n<p>Schiffe, die den Bestimmungen des Global Maritime Distress and Safety System ( <a href=\"https:\/\/www.navcen.uscg.gov\/global-maritime-distress-and-safety-system\">GMDSS<\/a> ) unterliegen, m\u00fcssen normalerweise \u00fcber ein GMDSS-UKW-Funkger\u00e4t verf\u00fcgen.<br \/>\n Dazu geh\u00f6ren:<\/p>\n<ol>\n<li>Passagierschiffe, einschlie\u00dflich F\u00e4hren und Kreuzfahrtschiffe.<\/li>\n<li>Frachtschiffe mit einer Bruttoraumzahl von 300 und mehr.<\/li>\n<li>Tanker, einschlie\u00dflich \u00d6l-, Chemie- und Fl\u00fcssiggastanker.<\/li>\n<li>Hochgeschwindigkeitsfahrzeuge (HSC) mit einer Bruttoraumzahl von 500 und mehr.<\/li>\n<li>Offshore-Anlagen und mobile Offshore-Bohreinheiten (MODUs).<\/li>\n<li>Bestimmte Regierungsschiffe, die auf internationalen Reisen eingesetzt werden.<\/li>\n<\/ol>\n<p>Dar\u00fcber hinaus k\u00f6nnen je nach Flaggenstaat des Schiffes, Einsatzgebiet und Reisedauer spezifische Vorschriften gelten. Es ist wichtig, die zust\u00e4ndigen Seebeh\u00f6rden zu konsultieren und die geltenden Vorschriften einzuhalten, um die Einhaltung sicherzustellen. <\/p>\n<p>Ben\u00f6tigen Sie ein Upgrade auf eine neue AIS- EPIRB , um GMDSS-konform zu sein? Entdecken Sie die neue <a href=\"https:\/\/oceansignal.com\/products\/safesea-epirb3-pro\/\">safeSEA EPIRB3 Pro<\/a> <\/p>\n<p><strong>Wichtig:<\/strong> Bitte lesen Sie dieses <a href=\"http:\/\/oceansignal.com\/wp-content\/uploads\/2023\/09\/Service-Information-Letter-V100-Battery-Replacement.pdf\">Servicebulletin<\/a> , das Sie auf ein kostenloses Batterieaustauschangebot f\u00fcr Batterien mit einem Verfallsdatum von h\u00f6chstens September 2023 hinweist.<br \/>\n Dieses <a href=\"http:\/\/oceansignal.com\/wp-content\/uploads\/2023\/09\/Service-Information-Letter-V100-Battery-Replacement-Fr.pdf\">Bulletin<\/a> ist auch in franz\u00f6sischer Sprache verf\u00fcgbar<\/p>\n","protected":false},"excerpt":{"rendered":"<p>Das Ocean Signal safeSEA V100 Survival VHF wurde sorgf\u00e4ltig entwickelt und ist die ultimative Kommunikationsl\u00f6sung f\u00fcr GMDSS-, IMO- und SOLAS-Schiffe. Mit seinem robusten Design und den fortschrittlichen Funktionen ist dieses GMDSS-VHF-Funkger\u00e4t Ihre Lebensader in Notsituationen auf See. <\/p>\n<p>Das tragbare UKW-Funkger\u00e4t safeSEA V100 f\u00fcr Rettungsboote erf\u00fcllt alle Anforderungen der IMO f\u00fcr den Einsatz auf SOLAS-Schiffen. Das V100 ist extrem robust und einfach zu bedienen \u2013 sowohl an Bord als auch in Notsituationen. Es ist die ideale Wahl f\u00fcr die obligatorische und freiwillige Mitf\u00fchrung. <\/p>\n<p>Zus\u00e4tzlich zum Hauptakku bietet Ocean Signal als Option f\u00fcr den allt\u00e4glichen Gebrauch einen Lithium-Polymer-Akku (RB5V) an. Das Schnellladeger\u00e4t mit Schnellverschluss ist die ideale L\u00f6sung, um die Akkus stets voll geladen zu halten. <\/p>\n<p><a href=\"https:\/\/www.dropbox.com\/s\/fk04stqsp2hgk5f\/Prop%2065%20-%20DEHP.pdf?dl=0\">WARNUNG: PROP 65<\/a><\/p>\n<p>&nbsp;<\/p>\n<p>&nbsp;<\/p>\n","protected":false},"featured_media":20876,"template":"","meta":{"_acf_changed":false,"om_disable_all_campaigns":false},"product_brand":[],"product_cat":[336],"product_tag":[],"class_list":{"0":"post-8433","1":"product","2":"type-product","3":"status-publish","4":"has-post-thumbnail","6":"product_cat-safesea-de","8":"first","9":"instock","10":"taxable","11":"shipping-taxable","12":"purchasable","13":"product-type-simple"},"acf":[],"yoast_head":"<!-- This site is optimized with the Yoast SEO Premium plugin v25.2 (Yoast SEO v26.4) - https:\/\/yoast.com\/wordpress\/plugins\/seo\/ -->\n<title>safeSEA V100 UKW - Ocean Signal<\/title>\n<meta name=\"description\" content=\"Ocean Signal safeSEA V100 UKW-Funkger\u00e4t: GMDSS-konform f\u00fcr SOLAS-Schiffe. Unverzichtbare Kommunikationsausr\u00fcstung f\u00fcr die Sicherheit im Seeverkehr und die Einhaltung gesetzlicher Vorschriften\" \/>\n<meta name=\"robots\" content=\"index, follow, max-snippet:-1, max-image-preview:large, max-video-preview:-1\" \/>\n<link rel=\"canonical\" href=\"https:\/\/oceansignal.com\/de\/products\/safesea-v100-ukw\/\" \/>\n<meta property=\"og:locale\" content=\"de_DE\" \/>\n<meta property=\"og:type\" content=\"article\" \/>\n<meta property=\"og:title\" content=\"safeSEA V100 UKW\" \/>\n<meta property=\"og:description\" content=\"Ocean Signal safeSEA V100 UKW-Funkger\u00e4t: GMDSS-konform f\u00fcr SOLAS-Schiffe. Unverzichtbare Kommunikationsausr\u00fcstung f\u00fcr die Sicherheit im Seeverkehr und die Einhaltung gesetzlicher Vorschriften\" \/>\n<meta property=\"og:url\" content=\"https:\/\/oceansignal.com\/de\/products\/safesea-v100-ukw\/\" \/>\n<meta property=\"og:site_name\" content=\"Ocean Signal\" \/>\n<meta property=\"article:modified_time\" content=\"2026-01-21T19:52:21+00:00\" \/>\n<meta property=\"og:image\" content=\"https:\/\/oceansignal.com\/wp-content\/uploads\/2023\/09\/OSL-V100-360_600x600.gif\" \/>\n\t<meta property=\"og:image:width\" content=\"600\" \/>\n\t<meta property=\"og:image:height\" content=\"600\" \/>\n\t<meta property=\"og:image:type\" content=\"image\/gif\" \/>\n<meta name=\"twitter:card\" content=\"summary_large_image\" \/>\n<meta name=\"twitter:label1\" content=\"Gesch\u00e4tzte Lesezeit\" \/>\n\t<meta name=\"twitter:data1\" content=\"2\u00a0Minuten\" \/>\n<script type=\"application\/ld+json\" class=\"yoast-schema-graph\">{\"@context\":\"https:\/\/schema.org\",\"@graph\":[{\"@type\":\"WebPage\",\"@id\":\"https:\/\/oceansignal.com\/de\/products\/safesea-v100-ukw\/\",\"url\":\"https:\/\/oceansignal.com\/de\/products\/safesea-v100-ukw\/\",\"name\":\"safeSEA V100 UKW - Ocean Signal\",\"isPartOf\":{\"@id\":\"https:\/\/oceansignal.com\/de\/#website\"},\"primaryImageOfPage\":{\"@id\":\"https:\/\/oceansignal.com\/de\/products\/safesea-v100-ukw\/#primaryimage\"},\"image\":{\"@id\":\"https:\/\/oceansignal.com\/de\/products\/safesea-v100-ukw\/#primaryimage\"},\"thumbnailUrl\":\"https:\/\/oceansignal.com\/wp-content\/uploads\/2023\/09\/OSL-V100-360_600x600.gif\",\"datePublished\":\"2023-09-08T09:20:37+00:00\",\"dateModified\":\"2026-01-21T19:52:21+00:00\",\"description\":\"Ocean Signal safeSEA V100 UKW-Funkger\u00e4t: GMDSS-konform f\u00fcr SOLAS-Schiffe. Unverzichtbare Kommunikationsausr\u00fcstung f\u00fcr die Sicherheit im Seeverkehr und die Einhaltung gesetzlicher Vorschriften\",\"breadcrumb\":{\"@id\":\"https:\/\/oceansignal.com\/de\/products\/safesea-v100-ukw\/#breadcrumb\"},\"inLanguage\":\"de\",\"potentialAction\":[{\"@type\":\"ReadAction\",\"target\":[\"https:\/\/oceansignal.com\/de\/products\/safesea-v100-ukw\/\"]}]},{\"@type\":\"ImageObject\",\"inLanguage\":\"de\",\"@id\":\"https:\/\/oceansignal.com\/de\/products\/safesea-v100-ukw\/#primaryimage\",\"url\":\"https:\/\/oceansignal.com\/wp-content\/uploads\/2023\/09\/OSL-V100-360_600x600.gif\",\"contentUrl\":\"https:\/\/oceansignal.com\/wp-content\/uploads\/2023\/09\/OSL-V100-360_600x600.gif\",\"width\":600,\"height\":600,\"caption\":\"GMDSS UKW-Funk\"},{\"@type\":\"BreadcrumbList\",\"@id\":\"https:\/\/oceansignal.com\/de\/products\/safesea-v100-ukw\/#breadcrumb\",\"itemListElement\":[{\"@type\":\"ListItem\",\"position\":1,\"name\":\"Produkte\",\"item\":\"https:\/\/oceansignal.com\/de\/produkte\/\"},{\"@type\":\"ListItem\",\"position\":2,\"name\":\"safeSEA V100 UKW\"}]},{\"@type\":\"WebSite\",\"@id\":\"https:\/\/oceansignal.com\/de\/#website\",\"url\":\"https:\/\/oceansignal.com\/de\/\",\"name\":\"Ocean Signal\",\"description\":\"A leading manufacturer of EPIRBs, AIS, SARTs, Personal Locator Beacons, Man Overboard Beacon for the Marine and Outdoor Markets.\",\"potentialAction\":[{\"@type\":\"SearchAction\",\"target\":{\"@type\":\"EntryPoint\",\"urlTemplate\":\"https:\/\/oceansignal.com\/de\/?s={search_term_string}\"},\"query-input\":{\"@type\":\"PropertyValueSpecification\",\"valueRequired\":true,\"valueName\":\"search_term_string\"}}],\"inLanguage\":\"de\"}]}<\/script>\n<!-- \/ Yoast SEO Premium plugin. -->","yoast_head_json":{"title":"safeSEA V100 UKW - Ocean Signal","description":"Ocean Signal safeSEA V100 UKW-Funkger\u00e4t: GMDSS-konform f\u00fcr SOLAS-Schiffe. Unverzichtbare Kommunikationsausr\u00fcstung f\u00fcr die Sicherheit im Seeverkehr und die Einhaltung gesetzlicher Vorschriften","robots":{"index":"index","follow":"follow","max-snippet":"max-snippet:-1","max-image-preview":"max-image-preview:large","max-video-preview":"max-video-preview:-1"},"canonical":"https:\/\/oceansignal.com\/de\/products\/safesea-v100-ukw\/","og_locale":"de_DE","og_type":"article","og_title":"safeSEA V100 UKW","og_description":"Ocean Signal safeSEA V100 UKW-Funkger\u00e4t: GMDSS-konform f\u00fcr SOLAS-Schiffe. Unverzichtbare Kommunikationsausr\u00fcstung f\u00fcr die Sicherheit im Seeverkehr und die Einhaltung gesetzlicher Vorschriften","og_url":"https:\/\/oceansignal.com\/de\/products\/safesea-v100-ukw\/","og_site_name":"Ocean Signal","article_modified_time":"2026-01-21T19:52:21+00:00","og_image":[{"url":"https:\/\/oceansignal.com\/wp-content\/uploads\/2023\/09\/OSL-V100-360_600x600.gif","width":600,"height":600,"type":"image\/gif"}],"twitter_card":"summary_large_image","twitter_misc":{"Gesch\u00e4tzte Lesezeit":"2\u00a0Minuten"},"schema":{"@context":"https:\/\/schema.org","@graph":[{"@type":"WebPage","@id":"https:\/\/oceansignal.com\/de\/products\/safesea-v100-ukw\/","url":"https:\/\/oceansignal.com\/de\/products\/safesea-v100-ukw\/","name":"safeSEA V100 UKW - Ocean Signal","isPartOf":{"@id":"https:\/\/oceansignal.com\/de\/#website"},"primaryImageOfPage":{"@id":"https:\/\/oceansignal.com\/de\/products\/safesea-v100-ukw\/#primaryimage"},"image":{"@id":"https:\/\/oceansignal.com\/de\/products\/safesea-v100-ukw\/#primaryimage"},"thumbnailUrl":"https:\/\/oceansignal.com\/wp-content\/uploads\/2023\/09\/OSL-V100-360_600x600.gif","datePublished":"2023-09-08T09:20:37+00:00","dateModified":"2026-01-21T19:52:21+00:00","description":"Ocean Signal safeSEA V100 UKW-Funkger\u00e4t: GMDSS-konform f\u00fcr SOLAS-Schiffe. Unverzichtbare Kommunikationsausr\u00fcstung f\u00fcr die Sicherheit im Seeverkehr und die Einhaltung gesetzlicher Vorschriften","breadcrumb":{"@id":"https:\/\/oceansignal.com\/de\/products\/safesea-v100-ukw\/#breadcrumb"},"inLanguage":"de","potentialAction":[{"@type":"ReadAction","target":["https:\/\/oceansignal.com\/de\/products\/safesea-v100-ukw\/"]}]},{"@type":"ImageObject","inLanguage":"de","@id":"https:\/\/oceansignal.com\/de\/products\/safesea-v100-ukw\/#primaryimage","url":"https:\/\/oceansignal.com\/wp-content\/uploads\/2023\/09\/OSL-V100-360_600x600.gif","contentUrl":"https:\/\/oceansignal.com\/wp-content\/uploads\/2023\/09\/OSL-V100-360_600x600.gif","width":600,"height":600,"caption":"GMDSS UKW-Funk"},{"@type":"BreadcrumbList","@id":"https:\/\/oceansignal.com\/de\/products\/safesea-v100-ukw\/#breadcrumb","itemListElement":[{"@type":"ListItem","position":1,"name":"Produkte","item":"https:\/\/oceansignal.com\/de\/produkte\/"},{"@type":"ListItem","position":2,"name":"safeSEA V100 UKW"}]},{"@type":"WebSite","@id":"https:\/\/oceansignal.com\/de\/#website","url":"https:\/\/oceansignal.com\/de\/","name":"Ocean Signal","description":"A leading manufacturer of EPIRBs, AIS, SARTs, Personal Locator Beacons, Man Overboard Beacon for the Marine and Outdoor Markets.","potentialAction":[{"@type":"SearchAction","target":{"@type":"EntryPoint","urlTemplate":"https:\/\/oceansignal.com\/de\/?s={search_term_string}"},"query-input":{"@type":"PropertyValueSpecification","valueRequired":true,"valueName":"search_term_string"}}],"inLanguage":"de"}]}},"_links":{"self":[{"href":"https:\/\/oceansignal.com\/de\/wp-json\/wp\/v2\/product\/8433","targetHints":{"allow":["GET"]}}],"collection":[{"href":"https:\/\/oceansignal.com\/de\/wp-json\/wp\/v2\/product"}],"about":[{"href":"https:\/\/oceansignal.com\/de\/wp-json\/wp\/v2\/types\/product"}],"wp:featuredmedia":[{"embeddable":true,"href":"https:\/\/oceansignal.com\/de\/wp-json\/wp\/v2\/media\/20876"}],"wp:attachment":[{"href":"https:\/\/oceansignal.com\/de\/wp-json\/wp\/v2\/media?parent=8433"}],"wp:term":[{"taxonomy":"product_brand","embeddable":true,"href":"https:\/\/oceansignal.com\/de\/wp-json\/wp\/v2\/product_brand?post=8433"},{"taxonomy":"product_cat","embeddable":true,"href":"https:\/\/oceansignal.com\/de\/wp-json\/wp\/v2\/product_cat?post=8433"},{"taxonomy":"product_tag","embeddable":true,"href":"https:\/\/oceansignal.com\/de\/wp-json\/wp\/v2\/product_tag?post=8433"}],"curies":[{"name":"wp","href":"https:\/\/api.w.org\/{rel}","templated":true}]}}