{"id":8434,"date":"2023-09-08T09:39:08","date_gmt":"2023-09-08T09:39:08","guid":{"rendered":"https:\/\/oceansignal.com\/products\/safesea-s100-radar-sart\/"},"modified":"2026-01-21T19:32:21","modified_gmt":"2026-01-21T19:32:21","slug":"safesea-s100-radar-sart","status":"publish","type":"product","link":"https:\/\/oceansignal.com\/de\/products\/safesea-s100-radar-sart\/","title":{"rendered":"safeSEA S100 Radar SART"},"content":{"rendered":"<h4>Der safeSEA S100 Such- und Rettungstransponder (Radar SART) ist ein spezieller Radartransponder, der <a href=\"https:\/\/www.imo.org\/\">den IMO<\/a> SOLAS-Vorschriften entspricht.<\/h4>\n<p>Die Internationale Seeschifffahrtsorganisation (IMO) schreibt die Mitnahmeanforderungen f\u00fcr Such- und Rettungstransponder (SARTs) gem\u00e4\u00df dem Global Maritime Distress and Safety System (GMDSS) vor. Schiffe, die den GMDSS-Vorschriften unterliegen, darunter Passagierschiffe, Frachtschiffe mit einer Bruttotonnage von \u00fcber 300 und Schiffe auf internationaler Fahrt, m\u00fcssen mindestens einen S100 SART mitf\u00fchren. Der S100 ist ein kompakter Radar-SART, der entscheidend zur Ortung von Schiffen in Seenot beitr\u00e4gt, indem er auf Radarsignale von Such- und Rettungseinheiten reagiert. Der S100 Radar-SART erf\u00fcllt bestimmte von der IMO festgelegte Leistungsstandards und gew\u00e4hrleistet die Zuverl\u00e4ssigkeit und Wirksamkeit des Produkts in Notsituationen. Die Einhaltung dieser Anforderungen ist unerl\u00e4sslich, um die Sicherheit auf See zu verbessern und rechtzeitige Such- und Rettungseins\u00e4tze zu erm\u00f6glichen.    <\/p>\n<ul>\n<li>\u00dcberlegene Akkulaufzeit \u2013 auch bei -20 \u00b0C<\/li>\n<li>Vom Benutzer austauschbarer Akku<\/li>\n<li>Ungef\u00e4hrliche Batterie<\/li>\n<li>F\u00fcnfj\u00e4hriges Austauschintervall<\/li>\n<li>Kompakte Gr\u00f6\u00dfe f\u00fcr einfaches Packen der Rettungsinsel<\/li>\n<li>Lieferung mit Aufbewahrungshalterung<\/li>\n<li>Mast Auf den Bildern separat erh\u00e4ltlich (Bestell-Teilenummer: 711S-01802 SART-Montagestange)<\/li>\n<\/ul>\n<p>&nbsp;<\/p>\n<h4>Anforderungen an die Bef\u00f6rderung<\/h4>\n<ul>\n<li>SARTs sind auf allen IMO-SOLAS-Schiffen auf internationalen Reisen erforderlich:\n<ul>\n<li>Einer auf 300-500BRT<\/li>\n<li>Zwei bei \u00fcber 500 BRT<\/li>\n<li>Ein SART pro vier Rettungsfl\u00f6\u00dfe auf Ro-Ro-Passagierschiffen<\/li>\n<\/ul>\n<\/li>\n<li>Schiffe mit nationalem Mandat, einschlie\u00dflich Fischereifahrzeuge, Fahrgastschiffe, kommerzielle Arbeitsboote usw<\/li>\n<li>Die meisten Super- und Megayachten sind verpflichtet, einen SART zu f\u00fchren, insbesondere wenn sie unter den MCA-Verhaltenskodex fallen, der von vielen L\u00e4ndern anerkannt wird.<\/li>\n<li>Freiwillige Fit-Schiffe profitieren ebenfalls von der Mitf\u00fchrung eines SART<\/li>\n<\/ul>\n<p>M\u00fcssen Sie auf die neuen AIS- EPIRB Anforderungen umsteigen? Entdecken Sie die neue <a href=\"https:\/\/oceansignal.com\/products\/safesea-epirb3-pro\/\">safeSEA EPIRB3 Pro<\/a> <\/p>\n","protected":false},"excerpt":{"rendered":"<p>Der Ocean Signal safeSEA S100 Radar-Such- und Rettungstransponder (Radar SART) ist ein wichtiger Bestandteil der maritimen Sicherheitsausr\u00fcstung und wurde entwickelt, um die Sichtbarkeit zu verbessern und Such- und Rettungseins\u00e4tze zu unterst\u00fctzen. Dank seiner fortschrittlichen Radarreflektortechnologie sorgt dieser Sender daf\u00fcr, dass Ihr Schiff auch bei widrigen Wetterbedingungen und schlechten Sichtverh\u00e4ltnissen gut erkennbar ist. Der kompakte und langlebige S100 Radar SART ist einfach zu installieren und \u00e4u\u00dferst zuverl\u00e4ssig und bietet Seglern und Bootsfahrern gleicherma\u00dfen ein sicheres Gef\u00fchl. Ob auf stark befahrenen Schifffahrtswegen oder in abgelegenen Gew\u00e4ssern \u2013 der Ocean Signal safeSEA S100 Radar SART ist eine unverzichtbare Erg\u00e4nzung der Sicherheitsausr\u00fcstung jedes Schiffes und gew\u00e4hrleistet schnelles und effektives Handeln in Notsituationen.   <\/p>\n<p>Das safeSEA S100 SART wurde f\u00fcr die Rettung und Bergung von Rettungsfl\u00f6\u00dfen und Rettungsbooten entwickelt. Nach dem Einschalten bleibt das SART im Standby-Modus, bis es durch einen X-Band-Radar-Scan eines nahegelegenen Schiffes automatisch aktiviert wird. Das safeSEA S100 sendet eine Reihe von Impulsen, die auf dem Schiffsradar als Punktlinie angezeigt werden und so die Peilung zum Rettungsboot erm\u00f6glichen.  <\/p>\n<p><a href=\"https:\/\/www.dropbox.com\/s\/fk04stqsp2hgk5f\/Prop%2065%20-%20DEHP.pdf?dl=0\">WARNUNG: PROP 65<\/a><\/p>\n","protected":false},"featured_media":23018,"template":"","meta":{"_acf_changed":false,"om_disable_all_campaigns":false},"product_brand":[],"product_cat":[336],"product_tag":[],"class_list":{"0":"post-8434","1":"product","2":"type-product","3":"status-publish","4":"has-post-thumbnail","6":"product_cat-safesea-de","8":"first","9":"instock","10":"taxable","11":"shipping-taxable","12":"purchasable","13":"product-type-simple"},"acf":[],"yoast_head":"<!-- This site is optimized with the Yoast SEO Premium plugin v25.2 (Yoast SEO v26.4) - https:\/\/yoast.com\/wordpress\/plugins\/seo\/ -->\n<title>safeSEA S100 Radar SART - Ocean Signal<\/title>\n<meta name=\"description\" content=\"Ocean Signal S100 Radar SART: Unverzichtbarer Radarreflektor f\u00fcr die Sicherheit auf See. Zuverl\u00e4ssiges GMDSS-Such- und Rettungssignal. Jetzt kaufen und beruhigt sein!\" \/>\n<meta name=\"robots\" content=\"index, follow, max-snippet:-1, max-image-preview:large, max-video-preview:-1\" \/>\n<link rel=\"canonical\" href=\"https:\/\/oceansignal.com\/de\/products\/safesea-s100-radar-sart\/\" \/>\n<meta property=\"og:locale\" content=\"de_DE\" \/>\n<meta property=\"og:type\" content=\"article\" \/>\n<meta property=\"og:title\" content=\"safeSEA S100 Radar SART\" \/>\n<meta property=\"og:description\" content=\"Ocean Signal S100 Radar SART: Unverzichtbarer Radarreflektor f\u00fcr die Sicherheit auf See. Zuverl\u00e4ssiges GMDSS-Such- und Rettungssignal. Jetzt kaufen und beruhigt sein!\" \/>\n<meta property=\"og:url\" content=\"https:\/\/oceansignal.com\/de\/products\/safesea-s100-radar-sart\/\" \/>\n<meta property=\"og:site_name\" content=\"Ocean Signal\" \/>\n<meta property=\"article:modified_time\" content=\"2026-01-21T19:32:21+00:00\" \/>\n<meta property=\"og:image\" content=\"https:\/\/oceansignal.com\/wp-content\/uploads\/2023\/09\/OSL-S100-SART-With-back-piece.png\" \/>\n\t<meta property=\"og:image:width\" content=\"792\" \/>\n\t<meta property=\"og:image:height\" content=\"792\" \/>\n\t<meta property=\"og:image:type\" content=\"image\/png\" \/>\n<meta name=\"twitter:card\" content=\"summary_large_image\" \/>\n<meta name=\"twitter:label1\" content=\"Gesch\u00e4tzte Lesezeit\" \/>\n\t<meta name=\"twitter:data1\" content=\"1\u00a0Minute\" \/>\n<script type=\"application\/ld+json\" class=\"yoast-schema-graph\">{\"@context\":\"https:\/\/schema.org\",\"@graph\":[{\"@type\":\"WebPage\",\"@id\":\"https:\/\/oceansignal.com\/de\/products\/safesea-s100-radar-sart\/\",\"url\":\"https:\/\/oceansignal.com\/de\/products\/safesea-s100-radar-sart\/\",\"name\":\"safeSEA S100 Radar SART - Ocean Signal\",\"isPartOf\":{\"@id\":\"https:\/\/oceansignal.com\/de\/#website\"},\"primaryImageOfPage\":{\"@id\":\"https:\/\/oceansignal.com\/de\/products\/safesea-s100-radar-sart\/#primaryimage\"},\"image\":{\"@id\":\"https:\/\/oceansignal.com\/de\/products\/safesea-s100-radar-sart\/#primaryimage\"},\"thumbnailUrl\":\"https:\/\/oceansignal.com\/wp-content\/uploads\/2023\/09\/OSL-S100-SART-With-back-piece.png\",\"datePublished\":\"2023-09-08T09:39:08+00:00\",\"dateModified\":\"2026-01-21T19:32:21+00:00\",\"description\":\"Ocean Signal S100 Radar SART: Unverzichtbarer Radarreflektor f\u00fcr die Sicherheit auf See. Zuverl\u00e4ssiges GMDSS-Such- und Rettungssignal. Jetzt kaufen und beruhigt sein!\",\"breadcrumb\":{\"@id\":\"https:\/\/oceansignal.com\/de\/products\/safesea-s100-radar-sart\/#breadcrumb\"},\"inLanguage\":\"de\",\"potentialAction\":[{\"@type\":\"ReadAction\",\"target\":[\"https:\/\/oceansignal.com\/de\/products\/safesea-s100-radar-sart\/\"]}]},{\"@type\":\"ImageObject\",\"inLanguage\":\"de\",\"@id\":\"https:\/\/oceansignal.com\/de\/products\/safesea-s100-radar-sart\/#primaryimage\",\"url\":\"https:\/\/oceansignal.com\/wp-content\/uploads\/2023\/09\/OSL-S100-SART-With-back-piece.png\",\"contentUrl\":\"https:\/\/oceansignal.com\/wp-content\/uploads\/2023\/09\/OSL-S100-SART-With-back-piece.png\",\"width\":792,\"height\":792,\"caption\":\"Ocean Signal S100 Sart mit Montage explodiert, linker Winkel\"},{\"@type\":\"BreadcrumbList\",\"@id\":\"https:\/\/oceansignal.com\/de\/products\/safesea-s100-radar-sart\/#breadcrumb\",\"itemListElement\":[{\"@type\":\"ListItem\",\"position\":1,\"name\":\"Produkte\",\"item\":\"https:\/\/oceansignal.com\/de\/produkte\/\"},{\"@type\":\"ListItem\",\"position\":2,\"name\":\"safeSEA S100 Radar SART\"}]},{\"@type\":\"WebSite\",\"@id\":\"https:\/\/oceansignal.com\/de\/#website\",\"url\":\"https:\/\/oceansignal.com\/de\/\",\"name\":\"Ocean Signal\",\"description\":\"A leading manufacturer of EPIRBs, AIS, SARTs, Personal Locator Beacons, Man Overboard Beacon for the Marine and Outdoor Markets.\",\"potentialAction\":[{\"@type\":\"SearchAction\",\"target\":{\"@type\":\"EntryPoint\",\"urlTemplate\":\"https:\/\/oceansignal.com\/de\/?s={search_term_string}\"},\"query-input\":{\"@type\":\"PropertyValueSpecification\",\"valueRequired\":true,\"valueName\":\"search_term_string\"}}],\"inLanguage\":\"de\"}]}<\/script>\n<!-- \/ Yoast SEO Premium plugin. -->","yoast_head_json":{"title":"safeSEA S100 Radar SART - Ocean Signal","description":"Ocean Signal S100 Radar SART: Unverzichtbarer Radarreflektor f\u00fcr die Sicherheit auf See. Zuverl\u00e4ssiges GMDSS-Such- und Rettungssignal. Jetzt kaufen und beruhigt sein!","robots":{"index":"index","follow":"follow","max-snippet":"max-snippet:-1","max-image-preview":"max-image-preview:large","max-video-preview":"max-video-preview:-1"},"canonical":"https:\/\/oceansignal.com\/de\/products\/safesea-s100-radar-sart\/","og_locale":"de_DE","og_type":"article","og_title":"safeSEA S100 Radar SART","og_description":"Ocean Signal S100 Radar SART: Unverzichtbarer Radarreflektor f\u00fcr die Sicherheit auf See. Zuverl\u00e4ssiges GMDSS-Such- und Rettungssignal. Jetzt kaufen und beruhigt sein!","og_url":"https:\/\/oceansignal.com\/de\/products\/safesea-s100-radar-sart\/","og_site_name":"Ocean Signal","article_modified_time":"2026-01-21T19:32:21+00:00","og_image":[{"width":792,"height":792,"url":"https:\/\/oceansignal.com\/wp-content\/uploads\/2023\/09\/OSL-S100-SART-With-back-piece.png","type":"image\/png"}],"twitter_card":"summary_large_image","twitter_misc":{"Gesch\u00e4tzte Lesezeit":"1\u00a0Minute"},"schema":{"@context":"https:\/\/schema.org","@graph":[{"@type":"WebPage","@id":"https:\/\/oceansignal.com\/de\/products\/safesea-s100-radar-sart\/","url":"https:\/\/oceansignal.com\/de\/products\/safesea-s100-radar-sart\/","name":"safeSEA S100 Radar SART - Ocean Signal","isPartOf":{"@id":"https:\/\/oceansignal.com\/de\/#website"},"primaryImageOfPage":{"@id":"https:\/\/oceansignal.com\/de\/products\/safesea-s100-radar-sart\/#primaryimage"},"image":{"@id":"https:\/\/oceansignal.com\/de\/products\/safesea-s100-radar-sart\/#primaryimage"},"thumbnailUrl":"https:\/\/oceansignal.com\/wp-content\/uploads\/2023\/09\/OSL-S100-SART-With-back-piece.png","datePublished":"2023-09-08T09:39:08+00:00","dateModified":"2026-01-21T19:32:21+00:00","description":"Ocean Signal S100 Radar SART: Unverzichtbarer Radarreflektor f\u00fcr die Sicherheit auf See. Zuverl\u00e4ssiges GMDSS-Such- und Rettungssignal. Jetzt kaufen und beruhigt sein!","breadcrumb":{"@id":"https:\/\/oceansignal.com\/de\/products\/safesea-s100-radar-sart\/#breadcrumb"},"inLanguage":"de","potentialAction":[{"@type":"ReadAction","target":["https:\/\/oceansignal.com\/de\/products\/safesea-s100-radar-sart\/"]}]},{"@type":"ImageObject","inLanguage":"de","@id":"https:\/\/oceansignal.com\/de\/products\/safesea-s100-radar-sart\/#primaryimage","url":"https:\/\/oceansignal.com\/wp-content\/uploads\/2023\/09\/OSL-S100-SART-With-back-piece.png","contentUrl":"https:\/\/oceansignal.com\/wp-content\/uploads\/2023\/09\/OSL-S100-SART-With-back-piece.png","width":792,"height":792,"caption":"Ocean Signal S100 Sart mit Montage explodiert, linker Winkel"},{"@type":"BreadcrumbList","@id":"https:\/\/oceansignal.com\/de\/products\/safesea-s100-radar-sart\/#breadcrumb","itemListElement":[{"@type":"ListItem","position":1,"name":"Produkte","item":"https:\/\/oceansignal.com\/de\/produkte\/"},{"@type":"ListItem","position":2,"name":"safeSEA S100 Radar SART"}]},{"@type":"WebSite","@id":"https:\/\/oceansignal.com\/de\/#website","url":"https:\/\/oceansignal.com\/de\/","name":"Ocean Signal","description":"A leading manufacturer of EPIRBs, AIS, SARTs, Personal Locator Beacons, Man Overboard Beacon for the Marine and Outdoor Markets.","potentialAction":[{"@type":"SearchAction","target":{"@type":"EntryPoint","urlTemplate":"https:\/\/oceansignal.com\/de\/?s={search_term_string}"},"query-input":{"@type":"PropertyValueSpecification","valueRequired":true,"valueName":"search_term_string"}}],"inLanguage":"de"}]}},"_links":{"self":[{"href":"https:\/\/oceansignal.com\/de\/wp-json\/wp\/v2\/product\/8434","targetHints":{"allow":["GET"]}}],"collection":[{"href":"https:\/\/oceansignal.com\/de\/wp-json\/wp\/v2\/product"}],"about":[{"href":"https:\/\/oceansignal.com\/de\/wp-json\/wp\/v2\/types\/product"}],"wp:featuredmedia":[{"embeddable":true,"href":"https:\/\/oceansignal.com\/de\/wp-json\/wp\/v2\/media\/23018"}],"wp:attachment":[{"href":"https:\/\/oceansignal.com\/de\/wp-json\/wp\/v2\/media?parent=8434"}],"wp:term":[{"taxonomy":"product_brand","embeddable":true,"href":"https:\/\/oceansignal.com\/de\/wp-json\/wp\/v2\/product_brand?post=8434"},{"taxonomy":"product_cat","embeddable":true,"href":"https:\/\/oceansignal.com\/de\/wp-json\/wp\/v2\/product_cat?post=8434"},{"taxonomy":"product_tag","embeddable":true,"href":"https:\/\/oceansignal.com\/de\/wp-json\/wp\/v2\/product_tag?post=8434"}],"curies":[{"name":"wp","href":"https:\/\/api.w.org\/{rel}","templated":true}]}}