{"id":6556,"date":"2024-04-09T09:05:13","date_gmt":"2024-04-09T09:05:13","guid":{"rendered":"https:\/\/oceansignal.com\/datos-del-cliente\/"},"modified":"2024-09-30T12:43:33","modified_gmt":"2024-09-30T12:43:33","slug":"datos-del-cliente","status":"publish","type":"page","link":"https:\/\/oceansignal.com\/es\/datos-del-cliente\/","title":{"rendered":"Datos del cliente"},"content":{"rendered":"\n<div class=\"gb-container-narrow\">\n    <div class=\"gc-container \">\n                \n\n<p><strong>A los efectos del registro de la garant\u00eda, la configuraci\u00f3n del producto y el acceso a los datos de prueba, Ocean Signal Ltd. almacena datos limitados de los clientes que se introducen a trav\u00e9s de este sitio web o mediante aplicaciones m\u00f3viles.<\/strong><\/p>\n\n\n\n<p>Para la aplicaci\u00f3n m\u00f3vil <strong>\u00abOcean Signal\u00bb<\/strong><\/p>\n\n\n\n<p>Env\u00ede un correo electr\u00f3nico <a href=\"mailto:help@oceansignal.com\">a help@oceansignal.com<\/a> con el asunto \u00abEliminaci\u00f3n de cuenta de la aplicaci\u00f3n\u00bb y proporcione su direcci\u00f3n de correo electr\u00f3nico para solicitar la eliminaci\u00f3n de la cuenta.<\/p>\n\n\n\n<p>Tenga en cuenta que una vez que se elimine su cuenta, se eliminar\u00e1n todos los datos personales, como su direcci\u00f3n de correo electr\u00f3nico y toda la informaci\u00f3n que tenemos sobre usted, sus preferencias, configuraciones de AIS y balizas propias, as\u00ed como todos los dem\u00e1s productos registrados.<\/p>\n\n\n\n<p>Se conservar\u00e1 la informaci\u00f3n de la garant\u00eda, as\u00ed como los datos de configuraci\u00f3n anteriores, de autoprueba y de prueba GNSS de los productos de balizas<\/p>\n\n\n        <\/div><\/div>\n","protected":false},"excerpt":{"rendered":"","protected":false},"author":1,"featured_media":0,"parent":0,"menu_order":0,"comment_status":"closed","ping_status":"closed","template":"pagetemplate-header-orange.php","meta":{"_acf_changed":false,"om_disable_all_campaigns":false,"footnotes":""},"class_list":["post-6556","page","type-page","status-publish","hentry"],"acf":[],"yoast_head":"<!-- This site is optimized with the Yoast SEO Premium plugin v25.2 (Yoast SEO v26.4) - https:\/\/yoast.com\/wordpress\/plugins\/seo\/ -->\n<title>Datos del cliente - Ocean Signal<\/title>\n<meta name=\"robots\" content=\"index, follow, max-snippet:-1, max-image-preview:large, max-video-preview:-1\" \/>\n<link rel=\"canonical\" href=\"https:\/\/oceansignal.com\/es\/datos-del-cliente\/\" \/>\n<meta property=\"og:locale\" content=\"es_ES\" \/>\n<meta property=\"og:type\" content=\"article\" \/>\n<meta property=\"og:title\" content=\"Datos del cliente - Ocean Signal\" \/>\n<meta property=\"og:url\" content=\"https:\/\/oceansignal.com\/es\/datos-del-cliente\/\" \/>\n<meta property=\"og:site_name\" content=\"Ocean Signal\" \/>\n<meta property=\"article:modified_time\" content=\"2024-09-30T12:43:33+00:00\" \/>\n<meta property=\"og:image\" content=\"https:\/\/oceansignal.com\/wp-content\/uploads\/2024\/03\/image-social-share-04.jpg\" \/>\n\t<meta property=\"og:image:width\" content=\"1200\" \/>\n\t<meta property=\"og:image:height\" content=\"630\" \/>\n\t<meta property=\"og:image:type\" content=\"image\/jpeg\" \/>\n<meta name=\"twitter:card\" content=\"summary_large_image\" \/>\n<meta name=\"twitter:label1\" content=\"Tiempo de lectura\" \/>\n\t<meta name=\"twitter:data1\" content=\"1 minuto\" \/>\n<script type=\"application\/ld+json\" class=\"yoast-schema-graph\">{\"@context\":\"https:\/\/schema.org\",\"@graph\":[{\"@type\":\"WebPage\",\"@id\":\"https:\/\/oceansignal.com\/es\/datos-del-cliente\/\",\"url\":\"https:\/\/oceansignal.com\/es\/datos-del-cliente\/\",\"name\":\"Datos del cliente - Ocean Signal\",\"isPartOf\":{\"@id\":\"https:\/\/oceansignal.com\/es\/#website\"},\"datePublished\":\"2024-04-09T09:05:13+00:00\",\"dateModified\":\"2024-09-30T12:43:33+00:00\",\"inLanguage\":\"es\",\"potentialAction\":[{\"@type\":\"ReadAction\",\"target\":[\"https:\/\/oceansignal.com\/es\/datos-del-cliente\/\"]}]},{\"@type\":\"WebSite\",\"@id\":\"https:\/\/oceansignal.com\/es\/#website\",\"url\":\"https:\/\/oceansignal.com\/es\/\",\"name\":\"Ocean Signal\",\"description\":\"A leading manufacturer of EPIRBs, AIS, SARTs, Personal Locator Beacons, Man Overboard Beacon for the Marine and Outdoor Markets.\",\"potentialAction\":[{\"@type\":\"SearchAction\",\"target\":{\"@type\":\"EntryPoint\",\"urlTemplate\":\"https:\/\/oceansignal.com\/es\/?s={search_term_string}\"},\"query-input\":{\"@type\":\"PropertyValueSpecification\",\"valueRequired\":true,\"valueName\":\"search_term_string\"}}],\"inLanguage\":\"es\"}]}<\/script>\n<!-- \/ Yoast SEO Premium plugin. -->","yoast_head_json":{"title":"Datos del cliente - Ocean Signal","robots":{"index":"index","follow":"follow","max-snippet":"max-snippet:-1","max-image-preview":"max-image-preview:large","max-video-preview":"max-video-preview:-1"},"canonical":"https:\/\/oceansignal.com\/es\/datos-del-cliente\/","og_locale":"es_ES","og_type":"article","og_title":"Datos del cliente - Ocean Signal","og_url":"https:\/\/oceansignal.com\/es\/datos-del-cliente\/","og_site_name":"Ocean Signal","article_modified_time":"2024-09-30T12:43:33+00:00","og_image":[{"width":1200,"height":630,"url":"https:\/\/oceansignal.com\/wp-content\/uploads\/2024\/03\/image-social-share-04.jpg","type":"image\/jpeg"}],"twitter_card":"summary_large_image","twitter_misc":{"Tiempo de lectura":"1 minuto"},"schema":{"@context":"https:\/\/schema.org","@graph":[{"@type":"WebPage","@id":"https:\/\/oceansignal.com\/es\/datos-del-cliente\/","url":"https:\/\/oceansignal.com\/es\/datos-del-cliente\/","name":"Datos del cliente - Ocean Signal","isPartOf":{"@id":"https:\/\/oceansignal.com\/es\/#website"},"datePublished":"2024-04-09T09:05:13+00:00","dateModified":"2024-09-30T12:43:33+00:00","inLanguage":"es","potentialAction":[{"@type":"ReadAction","target":["https:\/\/oceansignal.com\/es\/datos-del-cliente\/"]}]},{"@type":"WebSite","@id":"https:\/\/oceansignal.com\/es\/#website","url":"https:\/\/oceansignal.com\/es\/","name":"Ocean Signal","description":"A leading manufacturer of EPIRBs, AIS, SARTs, Personal Locator Beacons, Man Overboard Beacon for the Marine and Outdoor Markets.","potentialAction":[{"@type":"SearchAction","target":{"@type":"EntryPoint","urlTemplate":"https:\/\/oceansignal.com\/es\/?s={search_term_string}"},"query-input":{"@type":"PropertyValueSpecification","valueRequired":true,"valueName":"search_term_string"}}],"inLanguage":"es"}]}},"_links":{"self":[{"href":"https:\/\/oceansignal.com\/es\/wp-json\/wp\/v2\/pages\/6556","targetHints":{"allow":["GET"]}}],"collection":[{"href":"https:\/\/oceansignal.com\/es\/wp-json\/wp\/v2\/pages"}],"about":[{"href":"https:\/\/oceansignal.com\/es\/wp-json\/wp\/v2\/types\/page"}],"author":[{"embeddable":true,"href":"https:\/\/oceansignal.com\/es\/wp-json\/wp\/v2\/users\/1"}],"replies":[{"embeddable":true,"href":"https:\/\/oceansignal.com\/es\/wp-json\/wp\/v2\/comments?post=6556"}],"version-history":[{"count":1,"href":"https:\/\/oceansignal.com\/es\/wp-json\/wp\/v2\/pages\/6556\/revisions"}],"predecessor-version":[{"id":6558,"href":"https:\/\/oceansignal.com\/es\/wp-json\/wp\/v2\/pages\/6556\/revisions\/6558"}],"wp:attachment":[{"href":"https:\/\/oceansignal.com\/es\/wp-json\/wp\/v2\/media?parent=6556"}],"curies":[{"name":"wp","href":"https:\/\/api.w.org\/{rel}","templated":true}]}}