{"id":7091,"date":"2023-04-07T13:10:32","date_gmt":"2023-04-07T13:10:32","guid":{"rendered":"https:\/\/oceansignal.com\/acerca-de-ocean-signal\/"},"modified":"2024-09-30T14:32:16","modified_gmt":"2024-09-30T14:32:16","slug":"acerca-de-ocean-signal","status":"publish","type":"page","link":"https:\/\/oceansignal.com\/es\/acerca-de-ocean-signal\/","title":{"rendered":"Acerca de Ocean Signal"},"content":{"rendered":"\n<div class=\"gb-container-narrow\">\n    <div class=\"gc-container \">\n                \n\n<p class=\"has-medium-font-size\">Ocean Signal opera dentro del grupo ACR.\nEste grupo cuenta con m\u00e1s de 250 empleados y 3 centros de investigaci\u00f3n y desarrollo de clase mundial.\nEstamos continuamente desarrollando oportunidades de negocio con m\u00e1s de 150 clientes globales activos y estamos presentes en m\u00e1s de 30 pa\u00edses.\nAsociado con organizaciones clave de todo el mundo, el grupo ha estado presente en los mercados mar\u00edtimo, aeron\u00e1utico y militar durante m\u00e1s de 50 a\u00f1os.<br\/>Ocean Signal es l\u00edder mundial en el dise\u00f1o y fabricaci\u00f3n de balizas de rescate de emergencia terrestres y satelitales basadas en tecnolog\u00edas VHF\/UHF, Iridium, Digital Selective Calling o DSC, Sistemas de Identificaci\u00f3n Autom\u00e1tica o AIS, GNSS y bater\u00edas.\nSuministrando productos en todo el mundo a cuatro mercados principales: Marina Comercial, Marina de Recreo, Gubernamental\/Militar y Tierra\/Recreativo.    <br\/><br\/>El jefe de ingenier\u00eda de se\u00f1ales oce\u00e1nicas es uno de los principales expertos mundiales en tecnolog\u00eda de mejora de radar, Simon Nolan, que lidera un s\u00f3lido equipo.\nIndividualmente, han dise\u00f1ado y desarrollado muchos productos l\u00edderes en el mercado y ahora, como Ocean Signal, tienen la visi\u00f3n de proporcionar los mejores productos de comunicaci\u00f3n y seguridad para los navegantes de hoy. <\/p>\n\n\n\n<p><\/p>\n\n\n\n<figure class=\"wp-block-gallery has-nested-images columns-default is-cropped wp-block-gallery-1 is-layout-flex wp-block-gallery-is-layout-flex\">\n<figure class=\"wp-block-image size-large\"><img loading=\"lazy\" decoding=\"async\" width=\"420\" height=\"264\" data-id=\"180\" src=\"http:\/\/oceansignal.com\/wp-content\/uploads\/2023\/04\/image-about-us-employees.jpg\" alt=\"Sede central y fabricaci&#xF3;n de Ocean Signal en Margate, Kent, Reino Unido\" class=\"wp-image-180\" srcset=\"https:\/\/oceansignal.com\/wp-content\/uploads\/2023\/04\/image-about-us-employees.jpg 420w, https:\/\/oceansignal.com\/wp-content\/uploads\/2023\/04\/image-about-us-employees-300x189.jpg 300w\" sizes=\"auto, (max-width: 420px) 100vw, 420px\" \/><\/figure>\n\n\n\n<figure class=\"wp-block-image size-large\"><img loading=\"lazy\" decoding=\"async\" width=\"420\" height=\"264\" data-id=\"181\" src=\"http:\/\/oceansignal.com\/wp-content\/uploads\/2023\/04\/image-about-us-2.jpg\" alt=\"\" class=\"wp-image-181\" srcset=\"https:\/\/oceansignal.com\/wp-content\/uploads\/2023\/04\/image-about-us-2.jpg 420w, https:\/\/oceansignal.com\/wp-content\/uploads\/2023\/04\/image-about-us-2-300x189.jpg 300w\" sizes=\"auto, (max-width: 420px) 100vw, 420px\" \/><\/figure>\n<\/figure>\n\n\n\n<p><\/p>\n\n\n\n<p>A trav\u00e9s de m\u00e1s de 10 a\u00f1os de dise\u00f1o, desarrollo y pruebas innovadoras continuas, Ocean Signal ha desarrollado y entregado una cartera de productos de clase mundial en el mercado.<br\/>La cartera de productos Ocean Signal est\u00e1 dise\u00f1ada para cumplir o superar los requisitos t\u00e9cnicos de la Organizaci\u00f3n Mar\u00edtima Internacional (SOLAS), las normas de la Comisi\u00f3n Electrot\u00e9cnica Internacional, las Directivas y Decisiones Europeas, las normas de la Guardia Costera de los Estados Unidos, as\u00ed como muchas otras normas nacionales e internacionales aplicables.<\/p>\n\n\n\n<p><\/p>\n\n\n\n<figure class=\"wp-block-image size-full\"><img loading=\"lazy\" decoding=\"async\" width=\"856\" height=\"499\" src=\"http:\/\/oceansignal.com\/wp-content\/uploads\/2023\/04\/image-about-us-3-1.jpg\" alt=\"\" class=\"wp-image-182\" srcset=\"https:\/\/oceansignal.com\/wp-content\/uploads\/2023\/04\/image-about-us-3-1.jpg 856w, https:\/\/oceansignal.com\/wp-content\/uploads\/2023\/04\/image-about-us-3-1-300x175.jpg 300w, https:\/\/oceansignal.com\/wp-content\/uploads\/2023\/04\/image-about-us-3-1-768x448.jpg 768w, https:\/\/oceansignal.com\/wp-content\/uploads\/2023\/04\/image-about-us-3-1-600x350.jpg 600w\" sizes=\"auto, (max-width: 856px) 100vw, 856px\" \/><\/figure>\n\n\n\n<p><\/p>\n\n\n\n<p>Para carreras en Ocean Signal, vaya a la <a href=\"http:\/\/oceansignal.com\/careers\/\" data-type=\"page\" data-id=\"200\">p\u00e1gina de carreras<\/a>.<br\/><br\/><strong>Direcci\u00f3n de la empresa registrada:<\/strong><br\/>Se\u00f1al Oce\u00e1nica Ltda.<br\/>Unidad 4<br\/>Camino de Ocivan<br\/>Margate, Kent<br\/>CT9 4NN<br\/>Reino Unido<br\/><br\/><strong>Consultas Generales, Ventas y Administraci\u00f3n<\/strong><br\/>+44 (0)1843 282930<br\/><br\/><strong>Servicio al cliente y soporte t\u00e9cnico SOLAMENTE<\/strong><br\/>+44 (0)1843 808190<br\/><br\/><strong>N\u00famero de registro de la empresa:<\/strong> 06627101<br\/><br\/>Registrado en Inglaterra.<\/p>\n\n\n        <\/div><\/div>\n\n\t\n<div\n\tclass=\"c-wave-divider  c-wave-divider--blue  c-wave-divider--margin-top\">\n<\/div>\n\n<div class=\"gb-contact-us\" id=\"contact-us\">\n\t<div class=\"gc-container \">\n    \t\t\t\n\n<div class=\"wp-block-column gb-contact-us__column gb-contact-us__text-container is-layout-flow wp-block-column-is-layout-flow\">\n<h1 class=\"wp-block-heading gb-contact-us__text-container__title\" id=\"h-we-are-here-to-help\">Estamos aqu\u00ed para ayudar<\/h1>\n\n\n\n<p class=\"gb-contact-us__text-container__text\">Env\u00edanos un mensaje y un miembro de nuestro equipo se pondr\u00e1 en contacto contigo.<\/p>\n\n\n\n<div class=\"wp-block-column gb-contact-us__text-container__image is-layout-flow wp-block-column-is-layout-flow\"><\/div>\n<\/div>\n\n\n\n<div class=\"wp-block-column gb-contact-us__column gb-contact-us__form-container is-layout-flow wp-block-column-is-layout-flow\"><div id=\"contact-form\" class=\"gb-contact-form\">\n\t<form class=\"gb-contact-form__form\" method=\"post\">\n\t\t\n\n<div class=\"c-input c-input--fullName \">\n\t<label class=\"c-input__label\" for=\"fullName\">primer y apellido (opcional)<\/label>\n\t<div class=\"c-input__container\">\n\t\t\t\t<input\n\t\t\ttype=\"text\"\n\t\t\tname=\"fullName\"\n\t\t\tid=\"fullName\"\n\t\t\tclass=\"c-input__input\"\n\t\t\tvalue=\"\"\n\t\t\t\n\t\t\tautocomplete=\"off\"\n\t\t\tspellcheck=\"true\"\n\t\t\tplaceholder=\"\"\n\t\t\/>\n\t<\/div>\n\t\t<span class=\"c-input__message\">Este campo es necesario.<\/span>\n<\/div>\n\n\t\t\n\n<div class=\"c-input c-input--email \">\n\t<label class=\"c-input__label\" for=\"email\">correo electr\u00f3nico<\/label>\n\t<div class=\"c-input__container\">\n\t\t\t\t<input\n\t\t\ttype=\"email\"\n\t\t\tname=\"email\"\n\t\t\tid=\"email\"\n\t\t\tclass=\"c-input__input\"\n\t\t\tvalue=\"\"\n\t\t\t\n\t\t\tautocomplete=\"off\"\n\t\t\tspellcheck=\"true\"\n\t\t\tplaceholder=\"\"\n\t\t\/>\n\t<\/div>\n\t\t<span class=\"c-input__message\">La direcci\u00f3n de correo electr\u00f3nico est\u00e1 en formato incorrecto.<\/span>\n<\/div>\n\n\t\t\n\n<div class=\"c-input c-input--phone \">\n\t<label class=\"c-input__label\" for=\"phone\">N\u00famero de tel\u00e9fono (opcional)<\/label>\n\t<div class=\"c-input__container\">\n\t\t\t\t<input\n\t\t\ttype=\"text\"\n\t\t\tname=\"phone\"\n\t\t\tid=\"phone\"\n\t\t\tclass=\"c-input__input\"\n\t\t\tvalue=\"\"\n\t\t\t\n\t\t\tautocomplete=\"off\"\n\t\t\tspellcheck=\"true\"\n\t\t\tplaceholder=\"\"\n\t\t\/>\n\t<\/div>\n\t\t<span class=\"c-input__message\">Este campo es necesario.<\/span>\n<\/div>\n\n\t\t\n\n<div class=\"c-input c-input--country \">\n\t<label class=\"c-input__label\" for=\"country\">Pa\u00eds de origen<\/label>\n\t<div class=\"c-input__container\">\n\t\t\t\t<input\n\t\t\ttype=\"text\"\n\t\t\tname=\"country\"\n\t\t\tid=\"country\"\n\t\t\tclass=\"c-input__input\"\n\t\t\tvalue=\"\"\n\t\t\t\n\t\t\tautocomplete=\"off\"\n\t\t\tspellcheck=\"true\"\n\t\t\tplaceholder=\"\"\n\t\t\/>\n\t<\/div>\n\t\t<span class=\"c-input__message\">Este campo es necesario.<\/span>\n<\/div>\n\n\t\t<div class=\"c-input\">\n\t<label class=\"c-input__label\" for=\"message\">tu mensaje<\/label>\n\t<textarea\n\t\tname=\"message\"\n\t\tid=\"message\"\n\t\tclass=\"c-input__input\"\n\t\tvalue=\"\"\n\t\t\n\t\tautocomplete=\"off\"\n\t\tspellcheck=\"true\"\n\t><\/textarea>\n\t\t<span class=\"c-input__message\">Este campo es necesario.<\/span>\n<\/div>\n\n\t\t\t<span class=\"c-checkbox c-checkbox--secondary\">\n\t<span class=\"c-checkbox__wrapper\">\n\t\t<input class=\"c-checkbox__input\" type=\"checkbox\" name=\"subscribe\" data-id=\"subscribe\" id=\"subscribe\" value=\"subscribe\"  autocomplete=\"on\"\/>\n\t<\/span>\n\t<label class=\"c-checkbox__text\" for=\"subscribe\"> Me gustar\u00eda recibir noticias y promociones. <\/label>\n<\/span>\n\n\t\t<div class=\"c-recaptcha c-input js-recaptcha\" id=\"js-recaptcha\">\n    <div class=\"g-recaptcha\" data-sitekey=\"6LdypS0pAAAAAPO_gmMi6_T5NelPv7DVFckpx0_9\" data-callback=\"checkRecaptcha\"><\/div>\n    <span class=\"c-input__message\">este campo es necesario.<\/span>\n<\/div>\n\n\t\t<div class=\"gb-contact-form__form__divider\" ><\/div>\n\t\t<button type=\"submit\" class=\"c-button c-button--primary js-submit-button\">solicitud de env\u00edo<\/button>\n\t<\/form>\n\t<p id=\"form-message\" class=\"gb-contact-form__message\"><\/p>\n<\/div>\n<\/div>\n\n\n\n<p class=\"gb-contact-us__bottom-text\">Consideramos que su privacidad es importante, lea nuestra Pol\u00edtica de privacidad.<br\/>Tenga en cuenta que sus datos de contacto pueden utilizarse de acuerdo con las normas del RGPD de la UE.\nOcean Signal no utilizar\u00e1 estos datos con fines de marketing sin su permiso expl\u00edcito.\nPara obtener m\u00e1s informaci\u00f3n sobre nuestra pol\u00edtica de retenci\u00f3n de datos, consulte esta pol\u00edtica.  <br\/><br\/>Para obtener asistencia t\u00e9cnica, p\u00f3ngase en contacto primero con su distribuidor local.<br\/>La informaci\u00f3n sobre el distribuidor de OSL y los servicios de reemplazo de bater\u00edas de OSL se puede encontrar aqu\u00ed.<\/p>\n\n\n\t\t<\/div><\/div>\n\n<div class=\"gb-careers\">\n            \n\n<div class=\"wp-block-columns gb-careers__wrapper c-container is-layout-flex wp-container-core-columns-is-layout-9d6595d7 wp-block-columns-is-layout-flex\">\n<div class=\"wp-block-column gb-careers__column gb-careers__text-container is-layout-flow wp-block-column-is-layout-flow\">\n<h2 class=\"wp-block-heading gb-careers__text-container__title\" id=\"h-careers\">Carreras<\/h2>\n\n\n\n<p class=\"gb-careers__text-container__text\">\u00bfTe interesa unirte a nuestro equipo?\nSiempre estamos buscando personas talentosas para unirse a la familia Ocean Signal. <\/p>\n\n\n\n<a\n\t\t\thref=\"http:\/\/oceansignal.com\/careers\/\"\n\t\tclass=\"gb-button gb-button--primary-white \"\n\ttarget=\"_self\">\n\t\tOpen positions\n<\/a>\n<\/div>\n\n\n\n<div class=\"wp-block-column gb-careers__column gb-careers__image-container is-layout-flow wp-block-column-is-layout-flow\">\n<div class=\"gb-image\">\n\t\n<div class=\"gc-image \">\n        <img decoding=\"async\" class=\"gc-image__image gc-image__image--cover \"\n         src=\"http:\/\/oceansignal.com\/wp-content\/uploads\/2023\/04\/image-careers-section.jpg\"\n         alt=\"\"\n    >\n<\/div><\/div>\n<\/div>\n<\/div>\n\n\n    <\/div>\n","protected":false},"excerpt":{"rendered":"<p>Reunimos a uno de los equipos de ingenier\u00eda electr\u00f3nica m\u00e1s experimentados en la industria de las comunicaciones marinas.<\/p>\n","protected":false},"author":2,"featured_media":0,"parent":0,"menu_order":0,"comment_status":"closed","ping_status":"closed","template":"pagetemplate-header-orange.php","meta":{"_acf_changed":false,"om_disable_all_campaigns":false,"footnotes":""},"class_list":["post-7091","page","type-page","status-publish","hentry"],"acf":[],"yoast_head":"<!-- This site is optimized with the Yoast SEO Premium plugin v25.2 (Yoast SEO v26.4) - https:\/\/yoast.com\/wordpress\/plugins\/seo\/ -->\n<title>Acerca de Ocean Signal - Ocean Signal<\/title>\n<meta name=\"description\" content=\"Ocean Signal es su fuente de soluciones de seguridad mar\u00edtima. Explore nuestra l\u00ednea de EPIRB, PLB y equipos AIS para una comunicaci\u00f3n confiable en el mar\" \/>\n<meta name=\"robots\" content=\"index, follow, max-snippet:-1, max-image-preview:large, max-video-preview:-1\" \/>\n<link rel=\"canonical\" href=\"https:\/\/oceansignal.com\/es\/acerca-de-ocean-signal\/\" \/>\n<meta property=\"og:locale\" content=\"es_ES\" \/>\n<meta property=\"og:type\" content=\"article\" \/>\n<meta property=\"og:title\" content=\"Acerca de Ocean Signal - Ocean Signal\" \/>\n<meta property=\"og:description\" content=\"Ocean Signal es su fuente de soluciones de seguridad mar\u00edtima. Explore nuestra l\u00ednea de EPIRB, PLB y equipos AIS para una comunicaci\u00f3n confiable en el mar\" \/>\n<meta property=\"og:url\" content=\"https:\/\/oceansignal.com\/es\/acerca-de-ocean-signal\/\" \/>\n<meta property=\"og:site_name\" content=\"Ocean Signal\" \/>\n<meta property=\"article:modified_time\" content=\"2024-09-30T14:32:16+00:00\" \/>\n<meta property=\"og:image\" content=\"http:\/\/oceansignal.com\/wp-content\/uploads\/2023\/04\/image-about-us-employees.jpg\" \/>\n<meta name=\"twitter:card\" content=\"summary_large_image\" \/>\n<meta name=\"twitter:label1\" content=\"Tiempo de lectura\" \/>\n\t<meta name=\"twitter:data1\" content=\"2 minutos\" \/>\n<script type=\"application\/ld+json\" class=\"yoast-schema-graph\">{\"@context\":\"https:\/\/schema.org\",\"@graph\":[{\"@type\":\"WebPage\",\"@id\":\"https:\/\/oceansignal.com\/es\/acerca-de-ocean-signal\/\",\"url\":\"https:\/\/oceansignal.com\/es\/acerca-de-ocean-signal\/\",\"name\":\"Acerca de Ocean Signal - Ocean Signal\",\"isPartOf\":{\"@id\":\"https:\/\/oceansignal.com\/es\/#website\"},\"primaryImageOfPage\":{\"@id\":\"https:\/\/oceansignal.com\/es\/acerca-de-ocean-signal\/#primaryimage\"},\"image\":{\"@id\":\"https:\/\/oceansignal.com\/es\/acerca-de-ocean-signal\/#primaryimage\"},\"thumbnailUrl\":\"http:\/\/oceansignal.com\/wp-content\/uploads\/2023\/04\/image-about-us-employees.jpg\",\"datePublished\":\"2023-04-07T13:10:32+00:00\",\"dateModified\":\"2024-09-30T14:32:16+00:00\",\"description\":\"Ocean Signal es su fuente de soluciones de seguridad mar\u00edtima. Explore nuestra l\u00ednea de EPIRB, PLB y equipos AIS para una comunicaci\u00f3n confiable en el mar\",\"inLanguage\":\"es\",\"potentialAction\":[{\"@type\":\"ReadAction\",\"target\":[\"https:\/\/oceansignal.com\/es\/acerca-de-ocean-signal\/\"]}]},{\"@type\":\"ImageObject\",\"inLanguage\":\"es\",\"@id\":\"https:\/\/oceansignal.com\/es\/acerca-de-ocean-signal\/#primaryimage\",\"url\":\"http:\/\/oceansignal.com\/wp-content\/uploads\/2023\/04\/image-about-us-employees.jpg\",\"contentUrl\":\"http:\/\/oceansignal.com\/wp-content\/uploads\/2023\/04\/image-about-us-employees.jpg\"},{\"@type\":\"WebSite\",\"@id\":\"https:\/\/oceansignal.com\/es\/#website\",\"url\":\"https:\/\/oceansignal.com\/es\/\",\"name\":\"Ocean Signal\",\"description\":\"A leading manufacturer of EPIRBs, AIS, SARTs, Personal Locator Beacons, Man Overboard Beacon for the Marine and Outdoor Markets.\",\"potentialAction\":[{\"@type\":\"SearchAction\",\"target\":{\"@type\":\"EntryPoint\",\"urlTemplate\":\"https:\/\/oceansignal.com\/es\/?s={search_term_string}\"},\"query-input\":{\"@type\":\"PropertyValueSpecification\",\"valueRequired\":true,\"valueName\":\"search_term_string\"}}],\"inLanguage\":\"es\"}]}<\/script>\n<!-- \/ Yoast SEO Premium plugin. -->","yoast_head_json":{"title":"Acerca de Ocean Signal - Ocean Signal","description":"Ocean Signal es su fuente de soluciones de seguridad mar\u00edtima. Explore nuestra l\u00ednea de EPIRB, PLB y equipos AIS para una comunicaci\u00f3n confiable en el mar","robots":{"index":"index","follow":"follow","max-snippet":"max-snippet:-1","max-image-preview":"max-image-preview:large","max-video-preview":"max-video-preview:-1"},"canonical":"https:\/\/oceansignal.com\/es\/acerca-de-ocean-signal\/","og_locale":"es_ES","og_type":"article","og_title":"Acerca de Ocean Signal - Ocean Signal","og_description":"Ocean Signal es su fuente de soluciones de seguridad mar\u00edtima. Explore nuestra l\u00ednea de EPIRB, PLB y equipos AIS para una comunicaci\u00f3n confiable en el mar","og_url":"https:\/\/oceansignal.com\/es\/acerca-de-ocean-signal\/","og_site_name":"Ocean Signal","article_modified_time":"2024-09-30T14:32:16+00:00","og_image":[{"url":"http:\/\/oceansignal.com\/wp-content\/uploads\/2023\/04\/image-about-us-employees.jpg","type":"","width":"","height":""}],"twitter_card":"summary_large_image","twitter_misc":{"Tiempo de lectura":"2 minutos"},"schema":{"@context":"https:\/\/schema.org","@graph":[{"@type":"WebPage","@id":"https:\/\/oceansignal.com\/es\/acerca-de-ocean-signal\/","url":"https:\/\/oceansignal.com\/es\/acerca-de-ocean-signal\/","name":"Acerca de Ocean Signal - Ocean Signal","isPartOf":{"@id":"https:\/\/oceansignal.com\/es\/#website"},"primaryImageOfPage":{"@id":"https:\/\/oceansignal.com\/es\/acerca-de-ocean-signal\/#primaryimage"},"image":{"@id":"https:\/\/oceansignal.com\/es\/acerca-de-ocean-signal\/#primaryimage"},"thumbnailUrl":"http:\/\/oceansignal.com\/wp-content\/uploads\/2023\/04\/image-about-us-employees.jpg","datePublished":"2023-04-07T13:10:32+00:00","dateModified":"2024-09-30T14:32:16+00:00","description":"Ocean Signal es su fuente de soluciones de seguridad mar\u00edtima. Explore nuestra l\u00ednea de EPIRB, PLB y equipos AIS para una comunicaci\u00f3n confiable en el mar","inLanguage":"es","potentialAction":[{"@type":"ReadAction","target":["https:\/\/oceansignal.com\/es\/acerca-de-ocean-signal\/"]}]},{"@type":"ImageObject","inLanguage":"es","@id":"https:\/\/oceansignal.com\/es\/acerca-de-ocean-signal\/#primaryimage","url":"http:\/\/oceansignal.com\/wp-content\/uploads\/2023\/04\/image-about-us-employees.jpg","contentUrl":"http:\/\/oceansignal.com\/wp-content\/uploads\/2023\/04\/image-about-us-employees.jpg"},{"@type":"WebSite","@id":"https:\/\/oceansignal.com\/es\/#website","url":"https:\/\/oceansignal.com\/es\/","name":"Ocean Signal","description":"A leading manufacturer of EPIRBs, AIS, SARTs, Personal Locator Beacons, Man Overboard Beacon for the Marine and Outdoor Markets.","potentialAction":[{"@type":"SearchAction","target":{"@type":"EntryPoint","urlTemplate":"https:\/\/oceansignal.com\/es\/?s={search_term_string}"},"query-input":{"@type":"PropertyValueSpecification","valueRequired":true,"valueName":"search_term_string"}}],"inLanguage":"es"}]}},"_links":{"self":[{"href":"https:\/\/oceansignal.com\/es\/wp-json\/wp\/v2\/pages\/7091","targetHints":{"allow":["GET"]}}],"collection":[{"href":"https:\/\/oceansignal.com\/es\/wp-json\/wp\/v2\/pages"}],"about":[{"href":"https:\/\/oceansignal.com\/es\/wp-json\/wp\/v2\/types\/page"}],"author":[{"embeddable":true,"href":"https:\/\/oceansignal.com\/es\/wp-json\/wp\/v2\/users\/2"}],"replies":[{"embeddable":true,"href":"https:\/\/oceansignal.com\/es\/wp-json\/wp\/v2\/comments?post=7091"}],"version-history":[{"count":1,"href":"https:\/\/oceansignal.com\/es\/wp-json\/wp\/v2\/pages\/7091\/revisions"}],"predecessor-version":[{"id":7093,"href":"https:\/\/oceansignal.com\/es\/wp-json\/wp\/v2\/pages\/7091\/revisions\/7093"}],"wp:attachment":[{"href":"https:\/\/oceansignal.com\/es\/wp-json\/wp\/v2\/media?parent=7091"}],"curies":[{"name":"wp","href":"https:\/\/api.w.org\/{rel}","templated":true}]}}