{"id":7151,"date":"2023-04-14T10:08:55","date_gmt":"2023-04-14T10:08:55","guid":{"rendered":"https:\/\/oceansignal.com\/programacion-del-transceptor-ais-atb1-clase-b\/"},"modified":"2024-09-30T14:52:33","modified_gmt":"2024-09-30T14:52:33","slug":"programacion-del-transceptor-ais-atb1-clase-b","status":"publish","type":"page","link":"https:\/\/oceansignal.com\/es\/apoyo\/programacion-de-productos\/programacion-del-transceptor-ais-atb1-clase-b\/","title":{"rendered":"Programaci\u00f3n del transceptor AIS ATB1 Clase B"},"content":{"rendered":"\n<div class=\"gb-product-programming\">\n    <div class=\"gc-container \">\n                \n\n<div class=\"wp-block-columns gb-product-programming__description is-layout-flex wp-container-core-columns-is-layout-9d6595d7 wp-block-columns-is-layout-flex\">\n<div class=\"wp-block-column gb-product-programming__description__text-container is-layout-flow wp-block-column-is-layout-flow\">\n<h2 class=\"gb-product-programming__description__text-container__title wp-block-heading\" id=\"h-atb1-class-b-ais-transceiver-programming\">Programaci\u00f3n del transceptor AIS ATB1 Clase B<\/h2>\n\n\n\n<p class=\"gb-product-programming__description__text-container__text\">El ATB1 debe ser configurado por el usuario para ingresar el n\u00famero MMSI de la embarcaci\u00f3n y otros detalles. Esto se puede llevar a cabo mediante una aplicaci\u00f3n m\u00f3vil o un programa basado en la web.<\/p>\n\n\n\n<a\n                    href=\"http:\/\/oceansignal.com\/products\/ais-atb1-class-b-ais-transceiver\/\"\n                class=\"gb-button-link  \"\n        target=\"_self\">\n        See product details\n<\/a>\n\n\n\n<\/div>\n\n\n\n<div class=\"wp-block-column gb-product-programming__description__divider is-layout-flow wp-block-column-is-layout-flow\"><\/div>\n\n\n\n<div class=\"wp-block-column gb-product-programming__description__image is-layout-flow wp-block-column-is-layout-flow\">\n<div class=\"gb-image\">\n\t\n<div class=\"gc-image \">\n        <img decoding=\"async\" class=\"gc-image__image  \"\n         src=\"http:\/\/oceansignal.com\/wp-content\/uploads\/2023\/04\/image-products-atb1-1.png\"\n         alt=\"\"\n    >\n<\/div><\/div>\n<\/div>\n<\/div>\n\n\n\n<div class=\"wp-block-columns gb-product-programming__blurbs is-layout-flex wp-container-core-columns-is-layout-9d6595d7 wp-block-columns-is-layout-flex\">\n<div class=\"wp-block-column gb-product-programming__blurbs__text-container is-layout-flow wp-block-column-is-layout-flow\">\n<h6 class=\"gb-product-programming__blurbs__text-container__title wp-block-heading\" id=\"h-android-mobile\">M\u00f3vil Android<\/h6>\n\n\n\n<p class=\"gb-product-programming__blurbs__text-container__text\">Para la versi\u00f3n m\u00f3vil de Android, busque Ocean Signal en Playstore<\/p>\n\n\n\n<div class=\"wp-block-columns gb-product-programming__blurbs__text-container__link is-layout-flex wp-container-core-columns-is-layout-9d6595d7 wp-block-columns-is-layout-flex\">\n<div class=\"wp-block-column gb-product-programming__blurbs__text-container__link__image is-layout-flow wp-block-column-is-layout-flow\">\n<div class=\"gb-image\">\n\t\n<div class=\"gc-image \">\n        <img decoding=\"async\" class=\"gc-image__image  \"\n         src=\"http:\/\/oceansignal.com\/wp-content\/uploads\/2023\/04\/icon-android.png\"\n         alt=\"\"\n    >\n<\/div><\/div>\n<\/div>\n\n\n\n<div class=\"wp-block-column gb-product-programming__blurbs__text-container__link__link is-layout-flow wp-block-column-is-layout-flow\">\n<a\n                    href=\"https:\/\/play.google.com\/store\/apps\/details?id=com.ais.config.oceansignal\"\n                class=\"gb-button-link  \"\n        target=\"__blank\">\n        Go to Playstore\n<\/a>\n\n\n\n<\/div>\n<\/div>\n<\/div>\n\n\n\n<div class=\"wp-block-column gb-product-programming__blurbs__text-container is-layout-flow wp-block-column-is-layout-flow\">\n<h6 class=\"gb-product-programming__blurbs__text-container__title wp-block-heading\" id=\"h-mobile-ios\">M\u00f3vil iOS<\/h6>\n\n\n\n<p class=\"gb-product-programming__blurbs__text-container__text\">Para la versi\u00f3n m\u00f3vil de iOS, busque Ocean Signal en la tienda de aplicaciones<\/p>\n\n\n\n<div class=\"wp-block-columns gb-product-programming__blurbs__text-container__link is-layout-flex wp-container-core-columns-is-layout-9d6595d7 wp-block-columns-is-layout-flex\">\n<div class=\"wp-block-column gb-product-programming__blurbs__text-container__link__image is-layout-flow wp-block-column-is-layout-flow\">\n<div class=\"gb-image\">\n\t\n<div class=\"gc-image \">\n        <img decoding=\"async\" class=\"gc-image__image  \"\n         src=\"http:\/\/oceansignal.com\/wp-content\/uploads\/2023\/04\/icon-apple.png\"\n         alt=\"\"\n    >\n<\/div><\/div>\n<\/div>\n\n\n\n<div class=\"wp-block-column gb-product-programming__blurbs__text-container__link__link is-layout-flow wp-block-column-is-layout-flow\">\n<a\n                    href=\"https:\/\/apps.apple.com\/gb\/app\/ocean-signal\/id1453183713\"\n                class=\"gb-button-link  \"\n        target=\"__blank\">\n        Go to Appstore\n<\/a>\n\n\n\n<\/div>\n<\/div>\n<\/div>\n\n\n\n<div class=\"wp-block-column gb-product-programming__blurbs__text-container is-layout-flow wp-block-column-is-layout-flow\">\n<h6 class=\"gb-product-programming__blurbs__text-container__title wp-block-heading\" id=\"h-web-based-version\">Versi\u00f3n basada en la web<\/h6>\n\n\n\n<p class=\"gb-product-programming__blurbs__text-container__text\">Para ver la versi\u00f3n web, haga clic aqu\u00ed:<\/p>\n\n\n\n<div class=\"wp-block-columns gb-product-programming__blurbs__text-container__link is-layout-flex wp-container-core-columns-is-layout-9d6595d7 wp-block-columns-is-layout-flex\">\n<div class=\"wp-block-column gb-product-programming__blurbs__text-container__link__image is-layout-flow wp-block-column-is-layout-flow\">\n<div class=\"gb-image\">\n\t\n<div class=\"gc-image \">\n        <img decoding=\"async\" class=\"gc-image__image  \"\n         src=\"http:\/\/oceansignal.com\/wp-content\/uploads\/2023\/04\/icon-desktop.png\"\n         alt=\"\"\n    >\n<\/div><\/div>\n<\/div>\n\n\n\n<div class=\"wp-block-column gb-product-programming__blurbs__text-container__link__link is-layout-flow wp-block-column-is-layout-flow\">\n<a\n                    href=\"https:\/\/oceansignal.com\/ais_webapp.html\"\n                class=\"gb-button-link  \"\n        target=\"__blank\">\n        Launch on your computer\n<\/a>\n\n\n\n<\/div>\n<\/div>\n<\/div>\n\n\n\n<div class=\"wp-block-column gb-product-programming__blurbs__text-container is-layout-flow wp-block-column-is-layout-flow\">\n<h6 class=\"gb-product-programming__blurbs__text-container__title wp-block-heading\" id=\"h-firmware-updates\">Actualizaciones de firmware<\/h6>\n\n\n\n<p class=\"gb-product-programming__blurbs__text-container__text\">Las actualizaciones de firmware solo se pueden completar con una PC o una computadora Mac.\nAseg\u00farese siempre de que las aplicaciones m\u00f3viles est\u00e9n actualizadas a la \u00faltima versi\u00f3n para habilitar nuevas funciones <\/p>\n\n\n\n<div class=\"wp-block-columns gb-product-programming__blurbs__text-container__link is-layout-flex wp-container-core-columns-is-layout-9d6595d7 wp-block-columns-is-layout-flex\">\n<div class=\"wp-block-column gb-product-programming__blurbs__text-container__link__image is-layout-flow wp-block-column-is-layout-flow\">\n<div class=\"gb-image\">\n\t\n<div class=\"gc-image \">\n        <img decoding=\"async\" class=\"gc-image__image  \"\n         src=\"http:\/\/oceansignal.com\/wp-content\/uploads\/2023\/04\/icons-software-updates.png\"\n         alt=\"\"\n    >\n<\/div><\/div>\n<\/div>\n\n\n\n<div class=\"wp-block-column gb-product-programming__blurbs__text-container__link__link is-layout-flow wp-block-column-is-layout-flow\">\n<a\n                    href=\"http:\/\/oceansignal.com\/support\/product-programming\/atb1-class-b-ais-transceiver-programming\/software-updates\/\"\n                class=\"gb-button-link  \"\n        target=\"__blank\">\n        View Firmware updates\n<\/a>\n\n\n\n<\/div>\n<\/div>\n<\/div>\n<\/div>\n\n\n        <\/div><\/div>\n","protected":false},"excerpt":{"rendered":"","protected":false},"author":2,"featured_media":0,"parent":7959,"menu_order":0,"comment_status":"closed","ping_status":"closed","template":"pagetemplate-empty.php","meta":{"_acf_changed":false,"om_disable_all_campaigns":false,"footnotes":""},"class_list":["post-7151","page","type-page","status-publish","hentry"],"acf":[],"yoast_head":"<!-- This site is optimized with the Yoast SEO Premium plugin v25.2 (Yoast SEO v26.4) - https:\/\/yoast.com\/wordpress\/plugins\/seo\/ -->\n<title>Programaci\u00f3n del transceptor AIS ATB1 Clase B - Ocean Signal<\/title>\n<meta name=\"description\" content=\"Programe f\u00e1cilmente su transceptor AIS Ocean Signal ATB1 Clase B para mejorar el seguimiento y la seguridad de la embarcaci\u00f3n. Simplifique la configuraci\u00f3n de AIS con facilidad.\" \/>\n<meta name=\"robots\" content=\"index, follow, max-snippet:-1, max-image-preview:large, max-video-preview:-1\" \/>\n<link rel=\"canonical\" href=\"https:\/\/oceansignal.com\/es\/apoyo\/programacion-de-productos\/programacion-del-transceptor-ais-atb1-clase-b\/\" \/>\n<meta property=\"og:locale\" content=\"es_ES\" \/>\n<meta property=\"og:type\" content=\"article\" \/>\n<meta property=\"og:title\" content=\"Programaci\u00f3n del transceptor AIS ATB1 Clase B - Ocean Signal\" \/>\n<meta property=\"og:description\" content=\"Programe f\u00e1cilmente su transceptor AIS Ocean Signal ATB1 Clase B para mejorar el seguimiento y la seguridad de la embarcaci\u00f3n. Simplifique la configuraci\u00f3n de AIS con facilidad.\" \/>\n<meta property=\"og:url\" content=\"https:\/\/oceansignal.com\/es\/apoyo\/programacion-de-productos\/programacion-del-transceptor-ais-atb1-clase-b\/\" \/>\n<meta property=\"og:site_name\" content=\"Ocean Signal\" \/>\n<meta property=\"article:modified_time\" content=\"2024-09-30T14:52:33+00:00\" \/>\n<meta property=\"og:image\" content=\"https:\/\/oceansignal.com\/wp-content\/uploads\/2024\/03\/image-social-share-04.jpg\" \/>\n\t<meta property=\"og:image:width\" content=\"1200\" \/>\n\t<meta property=\"og:image:height\" content=\"630\" \/>\n\t<meta property=\"og:image:type\" content=\"image\/jpeg\" \/>\n<meta name=\"twitter:card\" content=\"summary_large_image\" \/>\n<meta name=\"twitter:label1\" content=\"Tiempo de lectura\" \/>\n\t<meta name=\"twitter:data1\" content=\"1 minuto\" \/>\n<script type=\"application\/ld+json\" class=\"yoast-schema-graph\">{\"@context\":\"https:\/\/schema.org\",\"@graph\":[{\"@type\":\"WebPage\",\"@id\":\"https:\/\/oceansignal.com\/es\/apoyo\/programacion-de-productos\/programacion-del-transceptor-ais-atb1-clase-b\/\",\"url\":\"https:\/\/oceansignal.com\/es\/apoyo\/programacion-de-productos\/programacion-del-transceptor-ais-atb1-clase-b\/\",\"name\":\"Programaci\u00f3n del transceptor AIS ATB1 Clase B - Ocean Signal\",\"isPartOf\":{\"@id\":\"https:\/\/oceansignal.com\/es\/#website\"},\"datePublished\":\"2023-04-14T10:08:55+00:00\",\"dateModified\":\"2024-09-30T14:52:33+00:00\",\"description\":\"Programe f\u00e1cilmente su transceptor AIS Ocean Signal ATB1 Clase B para mejorar el seguimiento y la seguridad de la embarcaci\u00f3n. Simplifique la configuraci\u00f3n de AIS con facilidad.\",\"breadcrumb\":{\"@id\":\"https:\/\/oceansignal.com\/es\/apoyo\/programacion-de-productos\/programacion-del-transceptor-ais-atb1-clase-b\/#breadcrumb\"},\"inLanguage\":\"es\",\"potentialAction\":[{\"@type\":\"ReadAction\",\"target\":[\"https:\/\/oceansignal.com\/es\/apoyo\/programacion-de-productos\/programacion-del-transceptor-ais-atb1-clase-b\/\"]}]},{\"@type\":\"BreadcrumbList\",\"@id\":\"https:\/\/oceansignal.com\/es\/apoyo\/programacion-de-productos\/programacion-del-transceptor-ais-atb1-clase-b\/#breadcrumb\",\"itemListElement\":[{\"@type\":\"ListItem\",\"position\":1,\"name\":\"Apoyo\",\"item\":\"https:\/\/oceansignal.com\/es\/apoyo\/\"},{\"@type\":\"ListItem\",\"position\":2,\"name\":\"Programaci\u00f3n de productos\",\"item\":\"https:\/\/oceansignal.com\/es\/apoyo\/programacion-de-productos\/\"},{\"@type\":\"ListItem\",\"position\":3,\"name\":\"Programaci\u00f3n del transceptor AIS ATB1 Clase B\"}]},{\"@type\":\"WebSite\",\"@id\":\"https:\/\/oceansignal.com\/es\/#website\",\"url\":\"https:\/\/oceansignal.com\/es\/\",\"name\":\"Ocean Signal\",\"description\":\"A leading manufacturer of EPIRBs, AIS, SARTs, Personal Locator Beacons, Man Overboard Beacon for the Marine and Outdoor Markets.\",\"potentialAction\":[{\"@type\":\"SearchAction\",\"target\":{\"@type\":\"EntryPoint\",\"urlTemplate\":\"https:\/\/oceansignal.com\/es\/?s={search_term_string}\"},\"query-input\":{\"@type\":\"PropertyValueSpecification\",\"valueRequired\":true,\"valueName\":\"search_term_string\"}}],\"inLanguage\":\"es\"}]}<\/script>\n<!-- \/ Yoast SEO Premium plugin. -->","yoast_head_json":{"title":"Programaci\u00f3n del transceptor AIS ATB1 Clase B - Ocean Signal","description":"Programe f\u00e1cilmente su transceptor AIS Ocean Signal ATB1 Clase B para mejorar el seguimiento y la seguridad de la embarcaci\u00f3n. Simplifique la configuraci\u00f3n de AIS con facilidad.","robots":{"index":"index","follow":"follow","max-snippet":"max-snippet:-1","max-image-preview":"max-image-preview:large","max-video-preview":"max-video-preview:-1"},"canonical":"https:\/\/oceansignal.com\/es\/apoyo\/programacion-de-productos\/programacion-del-transceptor-ais-atb1-clase-b\/","og_locale":"es_ES","og_type":"article","og_title":"Programaci\u00f3n del transceptor AIS ATB1 Clase B - Ocean Signal","og_description":"Programe f\u00e1cilmente su transceptor AIS Ocean Signal ATB1 Clase B para mejorar el seguimiento y la seguridad de la embarcaci\u00f3n. Simplifique la configuraci\u00f3n de AIS con facilidad.","og_url":"https:\/\/oceansignal.com\/es\/apoyo\/programacion-de-productos\/programacion-del-transceptor-ais-atb1-clase-b\/","og_site_name":"Ocean Signal","article_modified_time":"2024-09-30T14:52:33+00:00","og_image":[{"width":1200,"height":630,"url":"https:\/\/oceansignal.com\/wp-content\/uploads\/2024\/03\/image-social-share-04.jpg","type":"image\/jpeg"}],"twitter_card":"summary_large_image","twitter_misc":{"Tiempo de lectura":"1 minuto"},"schema":{"@context":"https:\/\/schema.org","@graph":[{"@type":"WebPage","@id":"https:\/\/oceansignal.com\/es\/apoyo\/programacion-de-productos\/programacion-del-transceptor-ais-atb1-clase-b\/","url":"https:\/\/oceansignal.com\/es\/apoyo\/programacion-de-productos\/programacion-del-transceptor-ais-atb1-clase-b\/","name":"Programaci\u00f3n del transceptor AIS ATB1 Clase B - Ocean Signal","isPartOf":{"@id":"https:\/\/oceansignal.com\/es\/#website"},"datePublished":"2023-04-14T10:08:55+00:00","dateModified":"2024-09-30T14:52:33+00:00","description":"Programe f\u00e1cilmente su transceptor AIS Ocean Signal ATB1 Clase B para mejorar el seguimiento y la seguridad de la embarcaci\u00f3n. Simplifique la configuraci\u00f3n de AIS con facilidad.","breadcrumb":{"@id":"https:\/\/oceansignal.com\/es\/apoyo\/programacion-de-productos\/programacion-del-transceptor-ais-atb1-clase-b\/#breadcrumb"},"inLanguage":"es","potentialAction":[{"@type":"ReadAction","target":["https:\/\/oceansignal.com\/es\/apoyo\/programacion-de-productos\/programacion-del-transceptor-ais-atb1-clase-b\/"]}]},{"@type":"BreadcrumbList","@id":"https:\/\/oceansignal.com\/es\/apoyo\/programacion-de-productos\/programacion-del-transceptor-ais-atb1-clase-b\/#breadcrumb","itemListElement":[{"@type":"ListItem","position":1,"name":"Apoyo","item":"https:\/\/oceansignal.com\/es\/apoyo\/"},{"@type":"ListItem","position":2,"name":"Programaci\u00f3n de productos","item":"https:\/\/oceansignal.com\/es\/apoyo\/programacion-de-productos\/"},{"@type":"ListItem","position":3,"name":"Programaci\u00f3n del transceptor AIS ATB1 Clase B"}]},{"@type":"WebSite","@id":"https:\/\/oceansignal.com\/es\/#website","url":"https:\/\/oceansignal.com\/es\/","name":"Ocean Signal","description":"A leading manufacturer of EPIRBs, AIS, SARTs, Personal Locator Beacons, Man Overboard Beacon for the Marine and Outdoor Markets.","potentialAction":[{"@type":"SearchAction","target":{"@type":"EntryPoint","urlTemplate":"https:\/\/oceansignal.com\/es\/?s={search_term_string}"},"query-input":{"@type":"PropertyValueSpecification","valueRequired":true,"valueName":"search_term_string"}}],"inLanguage":"es"}]}},"_links":{"self":[{"href":"https:\/\/oceansignal.com\/es\/wp-json\/wp\/v2\/pages\/7151","targetHints":{"allow":["GET"]}}],"collection":[{"href":"https:\/\/oceansignal.com\/es\/wp-json\/wp\/v2\/pages"}],"about":[{"href":"https:\/\/oceansignal.com\/es\/wp-json\/wp\/v2\/types\/page"}],"author":[{"embeddable":true,"href":"https:\/\/oceansignal.com\/es\/wp-json\/wp\/v2\/users\/2"}],"replies":[{"embeddable":true,"href":"https:\/\/oceansignal.com\/es\/wp-json\/wp\/v2\/comments?post=7151"}],"version-history":[{"count":1,"href":"https:\/\/oceansignal.com\/es\/wp-json\/wp\/v2\/pages\/7151\/revisions"}],"predecessor-version":[{"id":7154,"href":"https:\/\/oceansignal.com\/es\/wp-json\/wp\/v2\/pages\/7151\/revisions\/7154"}],"up":[{"embeddable":true,"href":"https:\/\/oceansignal.com\/es\/wp-json\/wp\/v2\/pages\/7959"}],"wp:attachment":[{"href":"https:\/\/oceansignal.com\/es\/wp-json\/wp\/v2\/media?parent=7151"}],"curies":[{"name":"wp","href":"https:\/\/api.w.org\/{rel}","templated":true}]}}