{"id":7397,"date":"2023-05-03T13:05:48","date_gmt":"2023-05-03T13:05:48","guid":{"rendered":"https:\/\/oceansignal.com\/olvide-mi-contrasena\/"},"modified":"2023-05-03T13:05:48","modified_gmt":"2023-05-03T13:05:48","slug":"olvide-mi-contrasena","status":"publish","type":"page","link":"https:\/\/oceansignal.com\/es\/olvide-mi-contrasena\/","title":{"rendered":"Olvid\u00e9 mi contrase\u00f1a"},"content":{"rendered":"","protected":false},"excerpt":{"rendered":"","protected":false},"author":1,"featured_media":0,"parent":0,"menu_order":0,"comment_status":"closed","ping_status":"closed","template":"pagetemplate-forgot.php","meta":{"_acf_changed":false,"om_disable_all_campaigns":false,"footnotes":""},"class_list":["post-7397","page","type-page","status-publish","hentry"],"acf":[],"yoast_head":"<!-- This site is optimized with the Yoast SEO Premium plugin v25.2 (Yoast SEO v26.4) - https:\/\/yoast.com\/wordpress\/plugins\/seo\/ -->\n<title>Olvid\u00e9 mi contrase\u00f1a - Ocean Signal<\/title>\n<meta name=\"description\" content=\"\u00bfOlvidaste tu contrase\u00f1a? Administre su cuenta de Ocean Signal actualizando f\u00e1cilmente su contrase\u00f1a para mejorar la protecci\u00f3n de la cuenta y su tranquilidad.\" \/>\n<meta name=\"robots\" content=\"index, follow, max-snippet:-1, max-image-preview:large, max-video-preview:-1\" \/>\n<link rel=\"canonical\" href=\"https:\/\/oceansignal.com\/es\/olvide-mi-contrasena\/\" \/>\n<meta property=\"og:locale\" content=\"es_ES\" \/>\n<meta property=\"og:type\" content=\"article\" \/>\n<meta property=\"og:title\" content=\"Olvid\u00e9 mi contrase\u00f1a - Ocean Signal\" \/>\n<meta property=\"og:description\" content=\"\u00bfOlvidaste tu contrase\u00f1a? Administre su cuenta de Ocean Signal actualizando f\u00e1cilmente su contrase\u00f1a para mejorar la protecci\u00f3n de la cuenta y su tranquilidad.\" \/>\n<meta property=\"og:url\" content=\"https:\/\/oceansignal.com\/es\/olvide-mi-contrasena\/\" \/>\n<meta property=\"og:site_name\" content=\"Ocean Signal\" \/>\n<meta property=\"og:image\" content=\"https:\/\/oceansignal.com\/wp-content\/uploads\/2024\/03\/image-social-share-04.jpg\" \/>\n\t<meta property=\"og:image:width\" content=\"1200\" \/>\n\t<meta property=\"og:image:height\" content=\"630\" \/>\n\t<meta property=\"og:image:type\" content=\"image\/jpeg\" \/>\n<meta name=\"twitter:card\" content=\"summary_large_image\" \/>\n<script type=\"application\/ld+json\" class=\"yoast-schema-graph\">{\"@context\":\"https:\/\/schema.org\",\"@graph\":[{\"@type\":\"WebPage\",\"@id\":\"https:\/\/oceansignal.com\/es\/olvide-mi-contrasena\/\",\"url\":\"https:\/\/oceansignal.com\/es\/olvide-mi-contrasena\/\",\"name\":\"Olvid\u00e9 mi contrase\u00f1a - Ocean Signal\",\"isPartOf\":{\"@id\":\"https:\/\/oceansignal.com\/es\/#website\"},\"datePublished\":\"2023-05-03T13:05:48+00:00\",\"description\":\"\u00bfOlvidaste tu contrase\u00f1a? Administre su cuenta de Ocean Signal actualizando f\u00e1cilmente su contrase\u00f1a para mejorar la protecci\u00f3n de la cuenta y su tranquilidad.\",\"inLanguage\":\"es\",\"potentialAction\":[{\"@type\":\"ReadAction\",\"target\":[\"https:\/\/oceansignal.com\/es\/olvide-mi-contrasena\/\"]}]},{\"@type\":\"WebSite\",\"@id\":\"https:\/\/oceansignal.com\/es\/#website\",\"url\":\"https:\/\/oceansignal.com\/es\/\",\"name\":\"Ocean Signal\",\"description\":\"A leading manufacturer of EPIRBs, AIS, SARTs, Personal Locator Beacons, Man Overboard Beacon for the Marine and Outdoor Markets.\",\"potentialAction\":[{\"@type\":\"SearchAction\",\"target\":{\"@type\":\"EntryPoint\",\"urlTemplate\":\"https:\/\/oceansignal.com\/es\/?s={search_term_string}\"},\"query-input\":{\"@type\":\"PropertyValueSpecification\",\"valueRequired\":true,\"valueName\":\"search_term_string\"}}],\"inLanguage\":\"es\"}]}<\/script>\n<!-- \/ Yoast SEO Premium plugin. -->","yoast_head_json":{"title":"Olvid\u00e9 mi contrase\u00f1a - Ocean Signal","description":"\u00bfOlvidaste tu contrase\u00f1a? Administre su cuenta de Ocean Signal actualizando f\u00e1cilmente su contrase\u00f1a para mejorar la protecci\u00f3n de la cuenta y su tranquilidad.","robots":{"index":"index","follow":"follow","max-snippet":"max-snippet:-1","max-image-preview":"max-image-preview:large","max-video-preview":"max-video-preview:-1"},"canonical":"https:\/\/oceansignal.com\/es\/olvide-mi-contrasena\/","og_locale":"es_ES","og_type":"article","og_title":"Olvid\u00e9 mi contrase\u00f1a - Ocean Signal","og_description":"\u00bfOlvidaste tu contrase\u00f1a? Administre su cuenta de Ocean Signal actualizando f\u00e1cilmente su contrase\u00f1a para mejorar la protecci\u00f3n de la cuenta y su tranquilidad.","og_url":"https:\/\/oceansignal.com\/es\/olvide-mi-contrasena\/","og_site_name":"Ocean Signal","og_image":[{"width":1200,"height":630,"url":"https:\/\/oceansignal.com\/wp-content\/uploads\/2024\/03\/image-social-share-04.jpg","type":"image\/jpeg"}],"twitter_card":"summary_large_image","schema":{"@context":"https:\/\/schema.org","@graph":[{"@type":"WebPage","@id":"https:\/\/oceansignal.com\/es\/olvide-mi-contrasena\/","url":"https:\/\/oceansignal.com\/es\/olvide-mi-contrasena\/","name":"Olvid\u00e9 mi contrase\u00f1a - Ocean Signal","isPartOf":{"@id":"https:\/\/oceansignal.com\/es\/#website"},"datePublished":"2023-05-03T13:05:48+00:00","description":"\u00bfOlvidaste tu contrase\u00f1a? Administre su cuenta de Ocean Signal actualizando f\u00e1cilmente su contrase\u00f1a para mejorar la protecci\u00f3n de la cuenta y su tranquilidad.","inLanguage":"es","potentialAction":[{"@type":"ReadAction","target":["https:\/\/oceansignal.com\/es\/olvide-mi-contrasena\/"]}]},{"@type":"WebSite","@id":"https:\/\/oceansignal.com\/es\/#website","url":"https:\/\/oceansignal.com\/es\/","name":"Ocean Signal","description":"A leading manufacturer of EPIRBs, AIS, SARTs, Personal Locator Beacons, Man Overboard Beacon for the Marine and Outdoor Markets.","potentialAction":[{"@type":"SearchAction","target":{"@type":"EntryPoint","urlTemplate":"https:\/\/oceansignal.com\/es\/?s={search_term_string}"},"query-input":{"@type":"PropertyValueSpecification","valueRequired":true,"valueName":"search_term_string"}}],"inLanguage":"es"}]}},"_links":{"self":[{"href":"https:\/\/oceansignal.com\/es\/wp-json\/wp\/v2\/pages\/7397","targetHints":{"allow":["GET"]}}],"collection":[{"href":"https:\/\/oceansignal.com\/es\/wp-json\/wp\/v2\/pages"}],"about":[{"href":"https:\/\/oceansignal.com\/es\/wp-json\/wp\/v2\/types\/page"}],"author":[{"embeddable":true,"href":"https:\/\/oceansignal.com\/es\/wp-json\/wp\/v2\/users\/1"}],"replies":[{"embeddable":true,"href":"https:\/\/oceansignal.com\/es\/wp-json\/wp\/v2\/comments?post=7397"}],"version-history":[{"count":0,"href":"https:\/\/oceansignal.com\/es\/wp-json\/wp\/v2\/pages\/7397\/revisions"}],"wp:attachment":[{"href":"https:\/\/oceansignal.com\/es\/wp-json\/wp\/v2\/media?parent=7397"}],"curies":[{"name":"wp","href":"https:\/\/api.w.org\/{rel}","templated":true}]}}