{"id":7471,"date":"2023-05-03T12:36:48","date_gmt":"2023-05-03T12:36:48","guid":{"rendered":"https:\/\/oceansignal.com\/ecomm-y-politicas-de-garantia\/"},"modified":"2025-04-17T12:36:34","modified_gmt":"2025-04-17T12:36:34","slug":"ecomm-y-politicas-de-garantia","status":"publish","type":"page","link":"https:\/\/oceansignal.com\/es\/ecomm-y-politicas-de-garantia\/","title":{"rendered":"Ecomm y Pol\u00edticas de Garant\u00eda"},"content":{"rendered":"\n<div class=\"gb-container-narrow\">\n    <div class=\"gc-container \">\n                \n\n<h4 class=\"wp-block-heading\" id=\"h-purchases-made-online-at-www-oceansignal-com\">Compras realizadas en l\u00ednea en www.oceansignal.com<\/h4>\n\n\n\n<p>Respaldamos nuestros productos. Si su compra en www.oceansignal.com no cumple con sus expectativas, puede devolverla para obtener un reemplazo o un reembolso (excluidos los gastos de env\u00edo) dentro de los 30 d\u00edas posteriores a la fecha de compra, excepto como se indica a continuaci\u00f3n. Para iniciar una devoluci\u00f3n, inicie sesi\u00f3n en su cuenta en www.oceansignal.com y acceda a la pesta\u00f1a \u00abPedidos\u00bb. Tome nota de su n\u00famero de pedido y luego acceda a nuestro <a href=\"https:\/\/oceansignal.com\/es\/apoyo\/#contact-us\">Formulario de contacto<\/a> a trav\u00e9s de la secci\u00f3n RMA en la p\u00e1gina de Soporte. Ingrese su informaci\u00f3n de contacto en el formulario, proporcione su n\u00famero de pedido en su mensaje y una breve descripci\u00f3n que indique por qu\u00e9 desea devolver su pedido. Un miembro de nuestro equipo se pondr\u00e1 en contacto con usted en breve con respecto a los pr\u00f3ximos pasos.     <\/p>\n\n\n\n<p>Nota: Las radiobalizas de localizaci\u00f3n de emergencia (EPIRB) y las radiobalizas de localizaci\u00f3n personal (PLB) solo se pueden devolver para obtener un reembolso total dentro de los 30 d\u00edas posteriores a la fecha de compra si el sello de la caja no se ha roto. Adem\u00e1s, no deben haber sido registradas en la Autoridad Nacional de Registro. Cualquier producto elegible para una oferta promocional (reembolsos en efectivo o productos gratuitos) que haya sido canjeado no es elegible.  <\/p>\n\n\n\n<p>Instrucciones de devoluci\u00f3n para Reino Unido y Europa:<\/p>\n\n\n\n<p>Despu\u00e9s de obtener un n\u00famero de autorizaci\u00f3n de devoluci\u00f3n de material (RMA) de comercio electr\u00f3nico, vuelva a empaquetar el art\u00edculo en su embalaje original y env\u00edenoslo con su n\u00famero de RMA claramente escrito en el paquete exterior a la siguiente direcci\u00f3n.<\/p>\n\n\n\n<p>Ocean Signal ,<br\/> Unidad 4, Ocivan Way<br\/> Westwood<br\/> Margate<br\/> CT9 4NN<br\/> Reino Unido<\/p>\n\n\n\n<p>Instrucciones de devoluci\u00f3n para EE. UU. y Canad\u00e1:<\/p>\n\n\n\n<p>Despu\u00e9s de obtener un n\u00famero de autorizaci\u00f3n de devoluci\u00f3n de material Ecommerce RMA, vuelva a empaquetar el art\u00edculo en su embalaje original y env\u00edenos los art\u00edculos con su n\u00famero de RMA claramente escrito en el paquete exterior a la direcci\u00f3n que se indica a continuaci\u00f3n.  <\/p>\n\n\n\n<div class=\"wp-block-group\"><div class=\"wp-block-group__inner-container is-layout-constrained wp-block-group-is-layout-constrained\">\n<div class=\"wp-block-group is-vertical is-layout-flex wp-container-core-group-is-layout-8cf370e7 wp-block-group-is-layout-flex\">\n<p><strong>Electr\u00f3nica ACR<\/strong><\/p>\n\n\n\n<p><strong>5757 Camino de Ravenswood<\/strong><\/p>\n\n\n\n<p><strong>Fort Lauderdale, FL 33312<\/strong><\/p>\n<\/div>\n<\/div><\/div>\n\n\n\n<p>Los art\u00edculos que contienen material peligroso solo se pueden devolver mediante env\u00edos terrestres y deben estar marcados con la documentaci\u00f3n de env\u00edo de materiales peligrosos correcta (visite la p\u00e1gina del producto para ver si su producto califica).<\/p>\n\n\n\n<p>Excepto en los casos en que la devoluci\u00f3n sea el resultado de un error de Ocean Signal o el art\u00edculo llegue da\u00f1ado o defectuoso, los gastos de env\u00edo originales no son reembolsables y usted es responsable de todos los gastos de env\u00edo de devoluci\u00f3n. Ocean Signal no ser\u00e1 responsable de las devoluciones que se pierdan en tr\u00e1nsito o se devuelvan a la direcci\u00f3n incorrecta; conserve la informaci\u00f3n de seguimiento de la devoluci\u00f3n. <\/p>\n\n\n\n<p><\/p>\n\n\n\n<h2 class=\"wp-block-heading\">Garant\u00eda limitada global<\/h2>\n\n\n\n<p>Las garant\u00edas limitadas de la garant\u00eda limitada global son exclusivas y sustituyen a todas las dem\u00e1s garant\u00edas expresas, impl\u00edcitas o legales, incluida cualquier responsabilidad derivada de cualquier garant\u00eda de comerciabilidad o idoneidad para un fin determinado, legal o de otro tipo. Esta garant\u00eda otorga al propietario derechos legales espec\u00edficos, que pueden variar de una jurisdicci\u00f3n a otra. <\/p>\n\n\n\n<p>Ocean Signal Ltd. o sus filiales no ser\u00e1n responsables en ning\u00fan caso de da\u00f1os incidentales, especiales, indirectos o consecuentes, ya sea que resulten del uso, mal uso, incapacidad de uso, confianza indebida en el producto o de cualquier defecto en el mismo. Algunas jurisdicciones no permiten la exclusi\u00f3n de da\u00f1os incidentales o consecuentes, por lo que la limitaci\u00f3n anterior puede no aplicarse en su caso. <\/p>\n\n\n\n<p>La Garant\u00eda Limitada Global no afecta a los derechos de un cliente frente a un minorista derivados de un contrato de compraventa.<\/p>\n\n\n\n<p>El producto reparado o reemplazado bajo garant\u00eda estar\u00e1 garantizado solo por el saldo restante del per\u00edodo de garant\u00eda original aplicable.<\/p>\n\n\n\n<p>Sujeto a los t\u00e9rminos, condiciones, limitaciones y exclusiones de la Garant\u00eda limitada global, todos los productos Ocean Signal tienen garant\u00eda de estar libres de defectos de material o mano de obra durante un per\u00edodo de dos (2) a\u00f1os a partir de la fecha en que el cliente original compr\u00f3 el producto (el \u201cPer\u00edodo de garant\u00eda limitada est\u00e1ndar\u201d). Durante este per\u00edodo y solo para el cliente original, Ocean Signal reparar\u00e1 o reemplazar\u00e1, a su exclusivo criterio, cualquier componente que falle durante el uso normal, lo que, en ausencia de cualquier ley aplicable que indique lo contrario, ser\u00e1 el \u00fanico y exclusivo recurso del cliente en caso de incumplimiento de la garant\u00eda. <\/p>\n\n\n\n<p>Si la Garant\u00eda limitada est\u00e1ndar se aplica a su caso, Ocean Signal no le cobrar\u00e1 por las piezas ni la mano de obra para las reparaciones o reemplazos cubiertos por la garant\u00eda. Sin embargo, el costo de transporte de su Producto garantizado a Ocean Signal para su reparaci\u00f3n o reemplazo es su responsabilidad y no est\u00e1 cubierto por Ocean Signal . <\/p>\n\n\n\n<h2 class=\"wp-block-heading\">Garant\u00eda limitada extendida<\/h2>\n\n\n\n<p>Sujeto a los t\u00e9rminos, condiciones, limitaciones y exclusiones de la Garant\u00eda limitada global, y excluyendo el Producto de reemplazo de garant\u00eda y los Productos utilizados para fines comerciales, militares, de aplicaci\u00f3n de la ley o relacionados habituales, todos los Productos nuevos registrados en Ocean Signal dentro de los noventa (90) d\u00edas a partir de la fecha en que el Cliente original compr\u00f3 el producto por primera vez tienen garant\u00eda de estar libres de defectos de material o mano de obra durante un per\u00edodo de a\u00f1os (el \u00abPer\u00edodo de garant\u00eda limitada extendida\u00bb) como se define a continuaci\u00f3n:<\/p>\n\n\n\n<figure class=\"wp-block-table\"><table><tbody><tr><td>Productos rescueME ( PLB1 , PLB3 , MOB1, MOB2 , EDF,<br\/> EPIRB1 , EPIRB1Pro, EPIRB2 , EPIRB2 Pro y EPIRB3 )<\/td><td>\u00a0\u2013<\/td><td>Per\u00edodo de garant\u00eda extendido de 5 a\u00f1os<\/td><\/tr><tr><td>Productos safeSEA ( EPIRB3 Pro , V100, M200 y S100)<\/td><td>\u00a0\u2013<\/td><td>No hay garant\u00eda extendida disponible<\/td><\/tr><tr><td>Productos profesionales: (M100 y M100X)<\/td><td>\u00a0\u2013<\/td><td>No hay garant\u00eda extendida disponible<\/td><\/tr><tr><td>Productos AIS: (ATB1 y ATA100)<\/td><td>\u00a0\u2013<\/td><td>Per\u00edodo de garant\u00eda extendido de 3 a\u00f1os<\/td><\/tr><\/tbody><\/table><\/figure>\n\n\n\n<p>Durante este per\u00edodo y para el Cliente Original, Ocean Signal , a su exclusivo criterio, reparar\u00e1 o reemplazar\u00e1 cualquier componente del producto que falle durante el uso normal, lo que, en ausencia de cualquier ley aplicable en contrario, ser\u00e1 el \u00fanico y exclusivo recurso del cliente por cualquier incumplimiento de la garant\u00eda.<\/p>\n\n\n\n<p>Tras el registro exitoso del Producto, la Garant\u00eda Limitada Extendida reemplaza a la Garant\u00eda Limitada Est\u00e1ndar.<\/p>\n\n\n\n<p>Si la Garant\u00eda limitada extendida se aplica a su caso, Ocean Signal no le cobrar\u00e1 por las piezas ni la mano de obra para las reparaciones o reemplazos cubiertos por la garant\u00eda. Sin embargo, el costo de transportar su Producto garantizado a Ocean Signal para su reparaci\u00f3n o reemplazo es su responsabilidad y no est\u00e1 cubierto por Ocean Signal . <\/p>\n\n\n        <\/div><\/div>\n","protected":false},"excerpt":{"rendered":"","protected":false},"author":1,"featured_media":0,"parent":0,"menu_order":0,"comment_status":"closed","ping_status":"closed","template":"pagetemplate-header-gray.php","meta":{"_acf_changed":false,"om_disable_all_campaigns":false,"footnotes":""},"class_list":["post-7471","page","type-page","status-publish","hentry"],"acf":[],"yoast_head":"<!-- This site is optimized with the Yoast SEO Premium plugin v25.2 (Yoast SEO v26.4) - https:\/\/yoast.com\/wordpress\/plugins\/seo\/ -->\n<title>Ecomm y Pol\u00edticas de Garant\u00eda - Ocean Signal<\/title>\n<meta name=\"description\" content=\"Explore la p\u00e1gina de comercio electr\u00f3nico y garant\u00eda de Ocean Signal para obtener equipos de seguridad mar\u00edtima confiables. Compre con confianza con nuestra cobertura de garant\u00eda integral.\" \/>\n<meta name=\"robots\" content=\"index, follow, max-snippet:-1, max-image-preview:large, max-video-preview:-1\" \/>\n<link rel=\"canonical\" href=\"https:\/\/oceansignal.com\/es\/ecomm-y-politicas-de-garantia\/\" \/>\n<meta property=\"og:locale\" content=\"es_ES\" \/>\n<meta property=\"og:type\" content=\"article\" \/>\n<meta property=\"og:title\" content=\"Ecomm y Pol\u00edticas de Garant\u00eda - Ocean Signal\" \/>\n<meta property=\"og:description\" content=\"Explore la p\u00e1gina de comercio electr\u00f3nico y garant\u00eda de Ocean Signal para obtener equipos de seguridad mar\u00edtima confiables. Compre con confianza con nuestra cobertura de garant\u00eda integral.\" \/>\n<meta property=\"og:url\" content=\"https:\/\/oceansignal.com\/es\/ecomm-y-politicas-de-garantia\/\" \/>\n<meta property=\"og:site_name\" content=\"Ocean Signal\" \/>\n<meta property=\"article:modified_time\" content=\"2025-04-17T12:36:34+00:00\" \/>\n<meta property=\"og:image\" content=\"https:\/\/oceansignal.com\/wp-content\/uploads\/2024\/03\/image-social-share-04.jpg\" \/>\n\t<meta property=\"og:image:width\" content=\"1200\" \/>\n\t<meta property=\"og:image:height\" content=\"630\" \/>\n\t<meta property=\"og:image:type\" content=\"image\/jpeg\" \/>\n<meta name=\"twitter:card\" content=\"summary_large_image\" \/>\n<meta name=\"twitter:label1\" content=\"Tiempo de lectura\" \/>\n\t<meta name=\"twitter:data1\" content=\"6 minutos\" \/>\n<script type=\"application\/ld+json\" class=\"yoast-schema-graph\">{\"@context\":\"https:\/\/schema.org\",\"@graph\":[{\"@type\":\"WebPage\",\"@id\":\"https:\/\/oceansignal.com\/es\/ecomm-y-politicas-de-garantia\/\",\"url\":\"https:\/\/oceansignal.com\/es\/ecomm-y-politicas-de-garantia\/\",\"name\":\"Ecomm y Pol\u00edticas de Garant\u00eda - Ocean Signal\",\"isPartOf\":{\"@id\":\"https:\/\/oceansignal.com\/es\/#website\"},\"datePublished\":\"2023-05-03T12:36:48+00:00\",\"dateModified\":\"2025-04-17T12:36:34+00:00\",\"description\":\"Explore la p\u00e1gina de comercio electr\u00f3nico y garant\u00eda de Ocean Signal para obtener equipos de seguridad mar\u00edtima confiables. Compre con confianza con nuestra cobertura de garant\u00eda integral.\",\"inLanguage\":\"es\",\"potentialAction\":[{\"@type\":\"ReadAction\",\"target\":[\"https:\/\/oceansignal.com\/es\/ecomm-y-politicas-de-garantia\/\"]}]},{\"@type\":\"WebSite\",\"@id\":\"https:\/\/oceansignal.com\/es\/#website\",\"url\":\"https:\/\/oceansignal.com\/es\/\",\"name\":\"Ocean Signal\",\"description\":\"A leading manufacturer of EPIRBs, AIS, SARTs, Personal Locator Beacons, Man Overboard Beacon for the Marine and Outdoor Markets.\",\"potentialAction\":[{\"@type\":\"SearchAction\",\"target\":{\"@type\":\"EntryPoint\",\"urlTemplate\":\"https:\/\/oceansignal.com\/es\/?s={search_term_string}\"},\"query-input\":{\"@type\":\"PropertyValueSpecification\",\"valueRequired\":true,\"valueName\":\"search_term_string\"}}],\"inLanguage\":\"es\"}]}<\/script>\n<!-- \/ Yoast SEO Premium plugin. -->","yoast_head_json":{"title":"Ecomm y Pol\u00edticas de Garant\u00eda - Ocean Signal","description":"Explore la p\u00e1gina de comercio electr\u00f3nico y garant\u00eda de Ocean Signal para obtener equipos de seguridad mar\u00edtima confiables. Compre con confianza con nuestra cobertura de garant\u00eda integral.","robots":{"index":"index","follow":"follow","max-snippet":"max-snippet:-1","max-image-preview":"max-image-preview:large","max-video-preview":"max-video-preview:-1"},"canonical":"https:\/\/oceansignal.com\/es\/ecomm-y-politicas-de-garantia\/","og_locale":"es_ES","og_type":"article","og_title":"Ecomm y Pol\u00edticas de Garant\u00eda - Ocean Signal","og_description":"Explore la p\u00e1gina de comercio electr\u00f3nico y garant\u00eda de Ocean Signal para obtener equipos de seguridad mar\u00edtima confiables. Compre con confianza con nuestra cobertura de garant\u00eda integral.","og_url":"https:\/\/oceansignal.com\/es\/ecomm-y-politicas-de-garantia\/","og_site_name":"Ocean Signal","article_modified_time":"2025-04-17T12:36:34+00:00","og_image":[{"width":1200,"height":630,"url":"https:\/\/oceansignal.com\/wp-content\/uploads\/2024\/03\/image-social-share-04.jpg","type":"image\/jpeg"}],"twitter_card":"summary_large_image","twitter_misc":{"Tiempo de lectura":"6 minutos"},"schema":{"@context":"https:\/\/schema.org","@graph":[{"@type":"WebPage","@id":"https:\/\/oceansignal.com\/es\/ecomm-y-politicas-de-garantia\/","url":"https:\/\/oceansignal.com\/es\/ecomm-y-politicas-de-garantia\/","name":"Ecomm y Pol\u00edticas de Garant\u00eda - Ocean Signal","isPartOf":{"@id":"https:\/\/oceansignal.com\/es\/#website"},"datePublished":"2023-05-03T12:36:48+00:00","dateModified":"2025-04-17T12:36:34+00:00","description":"Explore la p\u00e1gina de comercio electr\u00f3nico y garant\u00eda de Ocean Signal para obtener equipos de seguridad mar\u00edtima confiables. Compre con confianza con nuestra cobertura de garant\u00eda integral.","inLanguage":"es","potentialAction":[{"@type":"ReadAction","target":["https:\/\/oceansignal.com\/es\/ecomm-y-politicas-de-garantia\/"]}]},{"@type":"WebSite","@id":"https:\/\/oceansignal.com\/es\/#website","url":"https:\/\/oceansignal.com\/es\/","name":"Ocean Signal","description":"A leading manufacturer of EPIRBs, AIS, SARTs, Personal Locator Beacons, Man Overboard Beacon for the Marine and Outdoor Markets.","potentialAction":[{"@type":"SearchAction","target":{"@type":"EntryPoint","urlTemplate":"https:\/\/oceansignal.com\/es\/?s={search_term_string}"},"query-input":{"@type":"PropertyValueSpecification","valueRequired":true,"valueName":"search_term_string"}}],"inLanguage":"es"}]}},"_links":{"self":[{"href":"https:\/\/oceansignal.com\/es\/wp-json\/wp\/v2\/pages\/7471","targetHints":{"allow":["GET"]}}],"collection":[{"href":"https:\/\/oceansignal.com\/es\/wp-json\/wp\/v2\/pages"}],"about":[{"href":"https:\/\/oceansignal.com\/es\/wp-json\/wp\/v2\/types\/page"}],"author":[{"embeddable":true,"href":"https:\/\/oceansignal.com\/es\/wp-json\/wp\/v2\/users\/1"}],"replies":[{"embeddable":true,"href":"https:\/\/oceansignal.com\/es\/wp-json\/wp\/v2\/comments?post=7471"}],"version-history":[{"count":7,"href":"https:\/\/oceansignal.com\/es\/wp-json\/wp\/v2\/pages\/7471\/revisions"}],"predecessor-version":[{"id":27333,"href":"https:\/\/oceansignal.com\/es\/wp-json\/wp\/v2\/pages\/7471\/revisions\/27333"}],"wp:attachment":[{"href":"https:\/\/oceansignal.com\/es\/wp-json\/wp\/v2\/media?parent=7471"}],"curies":[{"name":"wp","href":"https:\/\/api.w.org\/{rel}","templated":true}]}}