{"id":7547,"date":"2023-04-14T09:37:36","date_gmt":"2023-04-14T09:37:36","guid":{"rendered":"https:\/\/oceansignal.com\/carreras\/"},"modified":"2024-09-30T14:47:19","modified_gmt":"2024-09-30T14:47:19","slug":"carreras","status":"publish","type":"page","link":"https:\/\/oceansignal.com\/es\/carreras\/","title":{"rendered":"Carreras"},"content":{"rendered":"\n<div class=\"gb-container-narrow\">\n    <div class=\"gc-container \">\n                \n\n<p class=\"has-medium-font-size\">En Ocean Signal, no nos centramos \u00fanicamente en la seguridad mar\u00edtima y al aire libre; Tambi\u00e9n nos comprometemos a fomentar el talento y la pasi\u00f3n.\n\u00danete a nuestro equipo y forma parte de un entorno din\u00e1mico donde la innovaci\u00f3n se fusiona con el prop\u00f3sito.\nTanto si eres un profesional experimentado como si est\u00e1s empezando tu trayectoria profesional, ofrecemos diversas oportunidades de trabajo en varios departamentos.\nDesde la ingenier\u00eda y el desarrollo de productos hasta la producci\u00f3n y la atenci\u00f3n al cliente, valoramos la dedicaci\u00f3n, la creatividad y el compromiso con la excelencia.\nEmb\u00e1rcate en una carrera gratificante con <a href=\"https:\/\/www.acrartex.com\/\">ACR Electronics<\/a> y Ocean Signal, donde tus contribuciones juegan un papel fundamental para ayudar a <a href=\"https:\/\/oceansignal.com\/cy\/survivor-stories\/explorer-wedii-achub-gan-achub-ocean-signal-me-plb1-o-ddigwyddiad-atv-critigol\/\">salvar vidas<\/a>.\nExplore nuestras ofertas de trabajo actuales y d\u00e9 el siguiente paso para dar forma al futuro de la seguridad mar\u00edtima.     <\/p>\n\n\n\n<p>Ocean Signal opera dentro del Grupo ACR, que cuenta con m\u00e1s de 250 empleados y cuenta con tres centros de investigaci\u00f3n y desarrollo de \u00faltima generaci\u00f3n.\nCon un amplio alcance, buscamos activamente oportunidades comerciales con m\u00e1s de 150 estimados clientes globales y mantenemos presencia en m\u00e1s de 30 pa\u00edses.\nJunto con organizaciones destacadas de todo el mundo, el grupo ha demostrado su liderazgo en los sectores mar\u00edtimo, de aviaci\u00f3n, terrestre y militar durante m\u00e1s de cinco d\u00e9cadas.\nOcean Signal est\u00e1 a la vanguardia del dise\u00f1o y la producci\u00f3n de balizas de rescate de emergencia terrestres y satelitales, aprovechando las tecnolog\u00edas VHF \/ UHF, Iridium, DSC, AIS, GNSS y bater\u00edas.\nNuestros productos atienden a cuatro mercados principales en todo el mundo: Marina Comercial, Marina de Recreo, Gubernamental\/Militar y Terrestre\/Recreativo.    <\/p>\n\n\n\n<p class=\"has-medium-font-size\"><br\/>P\u00f3ngase en contacto con Ocean Signal en <a href=\"mailto:jobs@oceansignal.com\">jobs@oceansignal.com<\/a> con su CV si est\u00e1 interesado en cualquiera de los puestos que se enumeran a continuaci\u00f3n.<\/p>\n\n\n\n<div style=\"height:82px\" aria-hidden=\"true\" class=\"wp-block-spacer\"><\/div>\n\n\n        <\/div><\/div>\n","protected":false},"excerpt":{"rendered":"<p>Las siguientes oportunidades de carrera est\u00e1n disponibles en Ocean Signal<\/p>\n","protected":false},"author":2,"featured_media":0,"parent":0,"menu_order":0,"comment_status":"closed","ping_status":"closed","template":"pagetemplate-header-gray.php","meta":{"_acf_changed":false,"om_disable_all_campaigns":false,"footnotes":""},"class_list":["post-7547","page","type-page","status-publish","hentry"],"acf":[],"yoast_head":"<!-- This site is optimized with the Yoast SEO Premium plugin v25.2 (Yoast SEO v26.4) - https:\/\/yoast.com\/wordpress\/plugins\/seo\/ -->\n<title>Carreras - Ocean Signal<\/title>\n<meta name=\"description\" content=\"Explore emocionantes oportunidades profesionales en Ocean Signal. \u00danete a nuestro equipo y contribuye a la innovaci\u00f3n en seguridad mar\u00edtima.\" \/>\n<meta name=\"robots\" content=\"index, follow, max-snippet:-1, max-image-preview:large, max-video-preview:-1\" \/>\n<link rel=\"canonical\" href=\"https:\/\/oceansignal.com\/es\/carreras\/\" \/>\n<meta property=\"og:locale\" content=\"es_ES\" \/>\n<meta property=\"og:type\" content=\"article\" \/>\n<meta property=\"og:title\" content=\"Carreras - Ocean Signal\" \/>\n<meta property=\"og:description\" content=\"Explore emocionantes oportunidades profesionales en Ocean Signal. \u00danete a nuestro equipo y contribuye a la innovaci\u00f3n en seguridad mar\u00edtima.\" \/>\n<meta property=\"og:url\" content=\"https:\/\/oceansignal.com\/es\/carreras\/\" \/>\n<meta property=\"og:site_name\" content=\"Ocean Signal\" \/>\n<meta property=\"article:modified_time\" content=\"2024-09-30T14:47:19+00:00\" \/>\n<meta property=\"og:image\" content=\"https:\/\/oceansignal.com\/wp-content\/uploads\/2024\/03\/image-social-share-04.jpg\" \/>\n\t<meta property=\"og:image:width\" content=\"1200\" \/>\n\t<meta property=\"og:image:height\" content=\"630\" \/>\n\t<meta property=\"og:image:type\" content=\"image\/jpeg\" \/>\n<meta name=\"twitter:card\" content=\"summary_large_image\" \/>\n<meta name=\"twitter:label1\" content=\"Tiempo de lectura\" \/>\n\t<meta name=\"twitter:data1\" content=\"2 minutos\" \/>\n<script type=\"application\/ld+json\" class=\"yoast-schema-graph\">{\"@context\":\"https:\/\/schema.org\",\"@graph\":[{\"@type\":\"WebPage\",\"@id\":\"https:\/\/oceansignal.com\/es\/carreras\/\",\"url\":\"https:\/\/oceansignal.com\/es\/carreras\/\",\"name\":\"Carreras - Ocean Signal\",\"isPartOf\":{\"@id\":\"https:\/\/oceansignal.com\/es\/#website\"},\"datePublished\":\"2023-04-14T09:37:36+00:00\",\"dateModified\":\"2024-09-30T14:47:19+00:00\",\"description\":\"Explore emocionantes oportunidades profesionales en Ocean Signal. \u00danete a nuestro equipo y contribuye a la innovaci\u00f3n en seguridad mar\u00edtima.\",\"inLanguage\":\"es\",\"potentialAction\":[{\"@type\":\"ReadAction\",\"target\":[\"https:\/\/oceansignal.com\/es\/carreras\/\"]}]},{\"@type\":\"WebSite\",\"@id\":\"https:\/\/oceansignal.com\/es\/#website\",\"url\":\"https:\/\/oceansignal.com\/es\/\",\"name\":\"Ocean Signal\",\"description\":\"A leading manufacturer of EPIRBs, AIS, SARTs, Personal Locator Beacons, Man Overboard Beacon for the Marine and Outdoor Markets.\",\"potentialAction\":[{\"@type\":\"SearchAction\",\"target\":{\"@type\":\"EntryPoint\",\"urlTemplate\":\"https:\/\/oceansignal.com\/es\/?s={search_term_string}\"},\"query-input\":{\"@type\":\"PropertyValueSpecification\",\"valueRequired\":true,\"valueName\":\"search_term_string\"}}],\"inLanguage\":\"es\"}]}<\/script>\n<!-- \/ Yoast SEO Premium plugin. -->","yoast_head_json":{"title":"Carreras - Ocean Signal","description":"Explore emocionantes oportunidades profesionales en Ocean Signal. \u00danete a nuestro equipo y contribuye a la innovaci\u00f3n en seguridad mar\u00edtima.","robots":{"index":"index","follow":"follow","max-snippet":"max-snippet:-1","max-image-preview":"max-image-preview:large","max-video-preview":"max-video-preview:-1"},"canonical":"https:\/\/oceansignal.com\/es\/carreras\/","og_locale":"es_ES","og_type":"article","og_title":"Carreras - Ocean Signal","og_description":"Explore emocionantes oportunidades profesionales en Ocean Signal. \u00danete a nuestro equipo y contribuye a la innovaci\u00f3n en seguridad mar\u00edtima.","og_url":"https:\/\/oceansignal.com\/es\/carreras\/","og_site_name":"Ocean Signal","article_modified_time":"2024-09-30T14:47:19+00:00","og_image":[{"width":1200,"height":630,"url":"https:\/\/oceansignal.com\/wp-content\/uploads\/2024\/03\/image-social-share-04.jpg","type":"image\/jpeg"}],"twitter_card":"summary_large_image","twitter_misc":{"Tiempo de lectura":"2 minutos"},"schema":{"@context":"https:\/\/schema.org","@graph":[{"@type":"WebPage","@id":"https:\/\/oceansignal.com\/es\/carreras\/","url":"https:\/\/oceansignal.com\/es\/carreras\/","name":"Carreras - Ocean Signal","isPartOf":{"@id":"https:\/\/oceansignal.com\/es\/#website"},"datePublished":"2023-04-14T09:37:36+00:00","dateModified":"2024-09-30T14:47:19+00:00","description":"Explore emocionantes oportunidades profesionales en Ocean Signal. \u00danete a nuestro equipo y contribuye a la innovaci\u00f3n en seguridad mar\u00edtima.","inLanguage":"es","potentialAction":[{"@type":"ReadAction","target":["https:\/\/oceansignal.com\/es\/carreras\/"]}]},{"@type":"WebSite","@id":"https:\/\/oceansignal.com\/es\/#website","url":"https:\/\/oceansignal.com\/es\/","name":"Ocean Signal","description":"A leading manufacturer of EPIRBs, AIS, SARTs, Personal Locator Beacons, Man Overboard Beacon for the Marine and Outdoor Markets.","potentialAction":[{"@type":"SearchAction","target":{"@type":"EntryPoint","urlTemplate":"https:\/\/oceansignal.com\/es\/?s={search_term_string}"},"query-input":{"@type":"PropertyValueSpecification","valueRequired":true,"valueName":"search_term_string"}}],"inLanguage":"es"}]}},"_links":{"self":[{"href":"https:\/\/oceansignal.com\/es\/wp-json\/wp\/v2\/pages\/7547","targetHints":{"allow":["GET"]}}],"collection":[{"href":"https:\/\/oceansignal.com\/es\/wp-json\/wp\/v2\/pages"}],"about":[{"href":"https:\/\/oceansignal.com\/es\/wp-json\/wp\/v2\/types\/page"}],"author":[{"embeddable":true,"href":"https:\/\/oceansignal.com\/es\/wp-json\/wp\/v2\/users\/2"}],"replies":[{"embeddable":true,"href":"https:\/\/oceansignal.com\/es\/wp-json\/wp\/v2\/comments?post=7547"}],"version-history":[{"count":1,"href":"https:\/\/oceansignal.com\/es\/wp-json\/wp\/v2\/pages\/7547\/revisions"}],"predecessor-version":[{"id":7549,"href":"https:\/\/oceansignal.com\/es\/wp-json\/wp\/v2\/pages\/7547\/revisions\/7549"}],"wp:attachment":[{"href":"https:\/\/oceansignal.com\/es\/wp-json\/wp\/v2\/media?parent=7547"}],"curies":[{"name":"wp","href":"https:\/\/api.w.org\/{rel}","templated":true}]}}