{"id":7953,"date":"2023-05-03T12:39:52","date_gmt":"2023-05-03T12:39:52","guid":{"rendered":"https:\/\/oceansignal.com\/guia-de-seleccion-de-productos\/"},"modified":"2023-05-03T12:39:52","modified_gmt":"2023-05-03T12:39:52","slug":"guia-de-seleccion-de-productos","status":"publish","type":"page","link":"https:\/\/oceansignal.com\/es\/guia-de-seleccion-de-productos\/","title":{"rendered":"Gu\u00eda de selecci\u00f3n de productos"},"content":{"rendered":"","protected":false},"excerpt":{"rendered":"","protected":false},"author":1,"featured_media":0,"parent":0,"menu_order":0,"comment_status":"closed","ping_status":"closed","template":"pagetemplate-header-orange.php","meta":{"_acf_changed":false,"om_disable_all_campaigns":false,"footnotes":""},"class_list":["post-7953","page","type-page","status-publish","hentry"],"acf":[],"yoast_head":"<!-- This site is optimized with the Yoast SEO Premium plugin v25.2 (Yoast SEO v26.4) - https:\/\/yoast.com\/wordpress\/plugins\/seo\/ -->\n<title>Gu\u00eda de selecci\u00f3n de productos - Ocean Signal<\/title>\n<meta name=\"description\" content=\"Descubra la gu\u00eda de selecci\u00f3n de productos de Ocean Signal para equipos de seguridad mar\u00edtima. Encuentre la soluci\u00f3n perfecta para las necesidades de su embarcaci\u00f3n.\" \/>\n<meta name=\"robots\" content=\"index, follow, max-snippet:-1, max-image-preview:large, max-video-preview:-1\" \/>\n<link rel=\"canonical\" href=\"https:\/\/oceansignal.com\/es\/guia-de-seleccion-de-productos\/\" \/>\n<meta property=\"og:locale\" content=\"es_ES\" \/>\n<meta property=\"og:type\" content=\"article\" \/>\n<meta property=\"og:title\" content=\"Gu\u00eda de selecci\u00f3n de productos - Ocean Signal\" \/>\n<meta property=\"og:description\" content=\"Descubra la gu\u00eda de selecci\u00f3n de productos de Ocean Signal para equipos de seguridad mar\u00edtima. Encuentre la soluci\u00f3n perfecta para las necesidades de su embarcaci\u00f3n.\" \/>\n<meta property=\"og:url\" content=\"https:\/\/oceansignal.com\/es\/guia-de-seleccion-de-productos\/\" \/>\n<meta property=\"og:site_name\" content=\"Ocean Signal\" \/>\n<meta property=\"og:image\" content=\"https:\/\/oceansignal.com\/wp-content\/uploads\/2024\/03\/image-social-share-04.jpg\" \/>\n\t<meta property=\"og:image:width\" content=\"1200\" \/>\n\t<meta property=\"og:image:height\" content=\"630\" \/>\n\t<meta property=\"og:image:type\" content=\"image\/jpeg\" \/>\n<meta name=\"twitter:card\" content=\"summary_large_image\" \/>\n<script type=\"application\/ld+json\" class=\"yoast-schema-graph\">{\"@context\":\"https:\/\/schema.org\",\"@graph\":[{\"@type\":\"WebPage\",\"@id\":\"https:\/\/oceansignal.com\/es\/guia-de-seleccion-de-productos\/\",\"url\":\"https:\/\/oceansignal.com\/es\/guia-de-seleccion-de-productos\/\",\"name\":\"Gu\u00eda de selecci\u00f3n de productos - Ocean Signal\",\"isPartOf\":{\"@id\":\"https:\/\/oceansignal.com\/es\/#website\"},\"datePublished\":\"2023-05-03T12:39:52+00:00\",\"description\":\"Descubra la gu\u00eda de selecci\u00f3n de productos de Ocean Signal para equipos de seguridad mar\u00edtima. Encuentre la soluci\u00f3n perfecta para las necesidades de su embarcaci\u00f3n.\",\"inLanguage\":\"es\",\"potentialAction\":[{\"@type\":\"ReadAction\",\"target\":[\"https:\/\/oceansignal.com\/es\/guia-de-seleccion-de-productos\/\"]}]},{\"@type\":\"WebSite\",\"@id\":\"https:\/\/oceansignal.com\/es\/#website\",\"url\":\"https:\/\/oceansignal.com\/es\/\",\"name\":\"Ocean Signal\",\"description\":\"A leading manufacturer of EPIRBs, AIS, SARTs, Personal Locator Beacons, Man Overboard Beacon for the Marine and Outdoor Markets.\",\"potentialAction\":[{\"@type\":\"SearchAction\",\"target\":{\"@type\":\"EntryPoint\",\"urlTemplate\":\"https:\/\/oceansignal.com\/es\/?s={search_term_string}\"},\"query-input\":{\"@type\":\"PropertyValueSpecification\",\"valueRequired\":true,\"valueName\":\"search_term_string\"}}],\"inLanguage\":\"es\"}]}<\/script>\n<!-- \/ Yoast SEO Premium plugin. -->","yoast_head_json":{"title":"Gu\u00eda de selecci\u00f3n de productos - Ocean Signal","description":"Descubra la gu\u00eda de selecci\u00f3n de productos de Ocean Signal para equipos de seguridad mar\u00edtima. Encuentre la soluci\u00f3n perfecta para las necesidades de su embarcaci\u00f3n.","robots":{"index":"index","follow":"follow","max-snippet":"max-snippet:-1","max-image-preview":"max-image-preview:large","max-video-preview":"max-video-preview:-1"},"canonical":"https:\/\/oceansignal.com\/es\/guia-de-seleccion-de-productos\/","og_locale":"es_ES","og_type":"article","og_title":"Gu\u00eda de selecci\u00f3n de productos - Ocean Signal","og_description":"Descubra la gu\u00eda de selecci\u00f3n de productos de Ocean Signal para equipos de seguridad mar\u00edtima. Encuentre la soluci\u00f3n perfecta para las necesidades de su embarcaci\u00f3n.","og_url":"https:\/\/oceansignal.com\/es\/guia-de-seleccion-de-productos\/","og_site_name":"Ocean Signal","og_image":[{"width":1200,"height":630,"url":"https:\/\/oceansignal.com\/wp-content\/uploads\/2024\/03\/image-social-share-04.jpg","type":"image\/jpeg"}],"twitter_card":"summary_large_image","schema":{"@context":"https:\/\/schema.org","@graph":[{"@type":"WebPage","@id":"https:\/\/oceansignal.com\/es\/guia-de-seleccion-de-productos\/","url":"https:\/\/oceansignal.com\/es\/guia-de-seleccion-de-productos\/","name":"Gu\u00eda de selecci\u00f3n de productos - Ocean Signal","isPartOf":{"@id":"https:\/\/oceansignal.com\/es\/#website"},"datePublished":"2023-05-03T12:39:52+00:00","description":"Descubra la gu\u00eda de selecci\u00f3n de productos de Ocean Signal para equipos de seguridad mar\u00edtima. Encuentre la soluci\u00f3n perfecta para las necesidades de su embarcaci\u00f3n.","inLanguage":"es","potentialAction":[{"@type":"ReadAction","target":["https:\/\/oceansignal.com\/es\/guia-de-seleccion-de-productos\/"]}]},{"@type":"WebSite","@id":"https:\/\/oceansignal.com\/es\/#website","url":"https:\/\/oceansignal.com\/es\/","name":"Ocean Signal","description":"A leading manufacturer of EPIRBs, AIS, SARTs, Personal Locator Beacons, Man Overboard Beacon for the Marine and Outdoor Markets.","potentialAction":[{"@type":"SearchAction","target":{"@type":"EntryPoint","urlTemplate":"https:\/\/oceansignal.com\/es\/?s={search_term_string}"},"query-input":{"@type":"PropertyValueSpecification","valueRequired":true,"valueName":"search_term_string"}}],"inLanguage":"es"}]}},"_links":{"self":[{"href":"https:\/\/oceansignal.com\/es\/wp-json\/wp\/v2\/pages\/7953","targetHints":{"allow":["GET"]}}],"collection":[{"href":"https:\/\/oceansignal.com\/es\/wp-json\/wp\/v2\/pages"}],"about":[{"href":"https:\/\/oceansignal.com\/es\/wp-json\/wp\/v2\/types\/page"}],"author":[{"embeddable":true,"href":"https:\/\/oceansignal.com\/es\/wp-json\/wp\/v2\/users\/1"}],"replies":[{"embeddable":true,"href":"https:\/\/oceansignal.com\/es\/wp-json\/wp\/v2\/comments?post=7953"}],"version-history":[{"count":0,"href":"https:\/\/oceansignal.com\/es\/wp-json\/wp\/v2\/pages\/7953\/revisions"}],"wp:attachment":[{"href":"https:\/\/oceansignal.com\/es\/wp-json\/wp\/v2\/media?parent=7953"}],"curies":[{"name":"wp","href":"https:\/\/api.w.org\/{rel}","templated":true}]}}