{"id":7959,"date":"2023-04-14T09:51:51","date_gmt":"2023-04-14T09:51:51","guid":{"rendered":"https:\/\/oceansignal.com\/programacion-de-productos\/"},"modified":"2024-09-30T14:58:06","modified_gmt":"2024-09-30T14:58:06","slug":"programacion-de-productos","status":"publish","type":"page","link":"https:\/\/oceansignal.com\/es\/apoyo\/programacion-de-productos\/","title":{"rendered":"Programaci\u00f3n de productos"},"content":{"rendered":"\n<div class=\"gb-support-block\">\n\t<div class=\"gc-container \">\n    \t\t\t\n\n<div class=\"gb-support-item\">\n\t\t\t\n\n<div class=\"wp-block-column gb-support-item__column gb-support-item__image-container is-layout-flow wp-block-column-is-layout-flow\">\n<div class=\"gb-image\">\n\t\n<div class=\"gc-image \">\n        <img decoding=\"async\" class=\"gc-image__image  \"\n         src=\"http:\/\/oceansignal.com\/wp-content\/uploads\/2023\/04\/image-product-ais-alarm-box.png\"\n         alt=\"\"\n    >\n<\/div><\/div>\n<\/div>\n\n\n\n<div class=\"wp-block-column gb-support-item__column-divider is-layout-flow wp-block-column-is-layout-flow\"><\/div>\n\n\n\n<div class=\"wp-block-column gb-support-item__column gb-support-item__text-container is-layout-flow wp-block-column-is-layout-flow\">\n<h6 class=\"wp-block-heading gb-support-item__text-container__title\" id=\"h-ais-alarm-box\">Caja de alarma AIS<\/h6>\n\n\n\n<p class=\"gb-support-item__text-container__text\">Para programar este producto, seleccione el bot\u00f3n a continuaci\u00f3n.<\/p>\n\n\n\n<a\n\t\t\thref=\"http:\/\/oceansignal.com\/support\/product-programming\/ais-alarm-box-programming\/\"\n\t\tclass=\"gb-button gb-button--primary \"\n\ttarget=\"_self\">\n\t\tProgram product\n<\/a>\n<\/div>\n\n\n\t<\/div>\n\n\n\n<div class=\"gb-support-item\">\n\t\t\t\n\n<div class=\"wp-block-column gb-support-item__column gb-support-item__image-container is-layout-flow wp-block-column-is-layout-flow\">\n<div class=\"gb-image\">\n\t\n<div class=\"gc-image \">\n        <img decoding=\"async\" class=\"gc-image__image  \"\n         src=\"http:\/\/oceansignal.com\/wp-content\/uploads\/2023\/04\/image-product-mob1-1.png\"\n         alt=\"\"\n    >\n<\/div><\/div>\n<\/div>\n\n\n\n<div class=\"wp-block-column gb-support-item__column-divider is-layout-flow wp-block-column-is-layout-flow\"><\/div>\n\n\n\n<div class=\"wp-block-column gb-support-item__column gb-support-item__text-container is-layout-flow wp-block-column-is-layout-flow\">\n<h6 class=\"wp-block-heading gb-support-item__text-container__title\" id=\"h-mob1\">MOB1<\/h6>\n\n\n\n<p class=\"gb-support-item__text-container__text\">Para programar este producto, seleccione el bot\u00f3n a continuaci\u00f3n.<\/p>\n\n\n\n<a\n\t\t\thref=\"http:\/\/oceansignal.com\/support\/product-programming\/mob1-programming\/\"\n\t\tclass=\"gb-button gb-button--primary \"\n\ttarget=\"_self\">\n\t\tProgram product\n<\/a>\n<\/div>\n\n\n\t<\/div>\n\n\n\n<div class=\"gb-support-item\">\n\t\t\t\n\n<div class=\"wp-block-column gb-support-item__column gb-support-item__image-container is-layout-flow wp-block-column-is-layout-flow\">\n<div class=\"gb-image\">\n\t\n<div class=\"gc-image \">\n        <img decoding=\"async\" class=\"gc-image__image  \"\n         src=\"http:\/\/oceansignal.com\/wp-content\/uploads\/2023\/04\/image-products-atb1.png\"\n         alt=\"\"\n    >\n<\/div><\/div>\n<\/div>\n\n\n\n<div class=\"wp-block-column gb-support-item__column-divider is-layout-flow wp-block-column-is-layout-flow\"><\/div>\n\n\n\n<div class=\"wp-block-column gb-support-item__column gb-support-item__text-container is-layout-flow wp-block-column-is-layout-flow\">\n<h6 class=\"wp-block-heading gb-support-item__text-container__title\" id=\"h-atb1-class-b-ais-transceiver\">Transceptor AIS ATB1 Clase B<\/h6>\n\n\n\n<p class=\"gb-support-item__text-container__text\">Para programar este producto, seleccione el bot\u00f3n a continuaci\u00f3n.<\/p>\n\n\n\n<a\n\t\t\thref=\"http:\/\/oceansignal.com\/support\/product-programming\/atb1-class-b-ais-transceiver-programming\/\"\n\t\tclass=\"gb-button gb-button--primary \"\n\ttarget=\"_self\">\n\t\tProgram product\n<\/a>\n<\/div>\n\n\n\t<\/div>\n\n\n\t\t<\/div><\/div>\n\n<div class=\"gb-container-narrow\">\n    <div class=\"gc-container \">\n                \n\n<p>La programaci\u00f3n adecuada de <a href=\"https:\/\/oceansignal.com\/es\/tienda\/\">los productos Ocean Signal<\/a> es primordial para maximizar su eficacia a la hora de garantizar la seguridad mar\u00edtima.\nEstos dispositivos, que van desde balizas de socorro hasta sistemas AIS, dependen de una configuraci\u00f3n precisa para funcionar de manera \u00f3ptima durante las emergencias.\nLa programaci\u00f3n precisa garantiza que las se\u00f1ales de socorro se transmitan con la informaci\u00f3n correcta, lo que permite una respuesta r\u00e1pida y precisa de los equipos de b\u00fasqueda y rescate.\nAdem\u00e1s, la programaci\u00f3n permite a los usuarios adaptar la configuraci\u00f3n a sus necesidades operativas y de embarcaci\u00f3n espec\u00edficas, lo que mejora la fiabilidad y reduce las falsas alarmas.     <\/p>\n\n\n        <\/div><\/div>\n","protected":false},"excerpt":{"rendered":"<p>Para programar su producto, primero debe seleccionar el tipo de producto.<\/p>\n","protected":false},"author":2,"featured_media":0,"parent":8357,"menu_order":0,"comment_status":"closed","ping_status":"closed","template":"pagetemplate-header-orange.php","meta":{"_acf_changed":false,"om_disable_all_campaigns":false,"footnotes":""},"class_list":["post-7959","page","type-page","status-publish","hentry"],"acf":[],"yoast_head":"<!-- This site is optimized with the Yoast SEO Premium plugin v25.2 (Yoast SEO v26.4) - https:\/\/yoast.com\/wordpress\/plugins\/seo\/ -->\n<title>Programaci\u00f3n de productos - Ocean Signal<\/title>\n<meta name=\"description\" content=\"Programaci\u00f3n de productos Ocean Signal: Personalice sus dispositivos de seguridad mar\u00edtima para obtener un rendimiento \u00f3ptimo. Garantice configuraciones precisas para mejorar la seguridad a bordo.\" \/>\n<meta name=\"robots\" content=\"index, follow, max-snippet:-1, max-image-preview:large, max-video-preview:-1\" \/>\n<link rel=\"canonical\" href=\"https:\/\/oceansignal.com\/es\/apoyo\/programacion-de-productos\/\" \/>\n<meta property=\"og:locale\" content=\"es_ES\" \/>\n<meta property=\"og:type\" content=\"article\" \/>\n<meta property=\"og:title\" content=\"Programaci\u00f3n de productos - Ocean Signal\" \/>\n<meta property=\"og:description\" content=\"Programaci\u00f3n de productos Ocean Signal: Personalice sus dispositivos de seguridad mar\u00edtima para obtener un rendimiento \u00f3ptimo. Garantice configuraciones precisas para mejorar la seguridad a bordo.\" \/>\n<meta property=\"og:url\" content=\"https:\/\/oceansignal.com\/es\/apoyo\/programacion-de-productos\/\" \/>\n<meta property=\"og:site_name\" content=\"Ocean Signal\" \/>\n<meta property=\"article:modified_time\" content=\"2024-09-30T14:58:06+00:00\" \/>\n<meta property=\"og:image\" content=\"https:\/\/oceansignal.com\/wp-content\/uploads\/2024\/03\/image-social-share-04.jpg\" \/>\n\t<meta property=\"og:image:width\" content=\"1200\" \/>\n\t<meta property=\"og:image:height\" content=\"630\" \/>\n\t<meta property=\"og:image:type\" content=\"image\/jpeg\" \/>\n<meta name=\"twitter:card\" content=\"summary_large_image\" \/>\n<meta name=\"twitter:label1\" content=\"Tiempo de lectura\" \/>\n\t<meta name=\"twitter:data1\" content=\"1 minuto\" \/>\n<script type=\"application\/ld+json\" class=\"yoast-schema-graph\">{\"@context\":\"https:\/\/schema.org\",\"@graph\":[{\"@type\":\"WebPage\",\"@id\":\"https:\/\/oceansignal.com\/es\/apoyo\/programacion-de-productos\/\",\"url\":\"https:\/\/oceansignal.com\/es\/apoyo\/programacion-de-productos\/\",\"name\":\"Programaci\u00f3n de productos - Ocean Signal\",\"isPartOf\":{\"@id\":\"https:\/\/oceansignal.com\/es\/#website\"},\"datePublished\":\"2023-04-14T09:51:51+00:00\",\"dateModified\":\"2024-09-30T14:58:06+00:00\",\"description\":\"Programaci\u00f3n de productos Ocean Signal: Personalice sus dispositivos de seguridad mar\u00edtima para obtener un rendimiento \u00f3ptimo. Garantice configuraciones precisas para mejorar la seguridad a bordo.\",\"breadcrumb\":{\"@id\":\"https:\/\/oceansignal.com\/es\/apoyo\/programacion-de-productos\/#breadcrumb\"},\"inLanguage\":\"es\",\"potentialAction\":[{\"@type\":\"ReadAction\",\"target\":[\"https:\/\/oceansignal.com\/es\/apoyo\/programacion-de-productos\/\"]}]},{\"@type\":\"BreadcrumbList\",\"@id\":\"https:\/\/oceansignal.com\/es\/apoyo\/programacion-de-productos\/#breadcrumb\",\"itemListElement\":[{\"@type\":\"ListItem\",\"position\":1,\"name\":\"Apoyo\",\"item\":\"https:\/\/oceansignal.com\/es\/apoyo\/\"},{\"@type\":\"ListItem\",\"position\":2,\"name\":\"Programaci\u00f3n de productos\"}]},{\"@type\":\"WebSite\",\"@id\":\"https:\/\/oceansignal.com\/es\/#website\",\"url\":\"https:\/\/oceansignal.com\/es\/\",\"name\":\"Ocean Signal\",\"description\":\"A leading manufacturer of EPIRBs, AIS, SARTs, Personal Locator Beacons, Man Overboard Beacon for the Marine and Outdoor Markets.\",\"potentialAction\":[{\"@type\":\"SearchAction\",\"target\":{\"@type\":\"EntryPoint\",\"urlTemplate\":\"https:\/\/oceansignal.com\/es\/?s={search_term_string}\"},\"query-input\":{\"@type\":\"PropertyValueSpecification\",\"valueRequired\":true,\"valueName\":\"search_term_string\"}}],\"inLanguage\":\"es\"}]}<\/script>\n<!-- \/ Yoast SEO Premium plugin. -->","yoast_head_json":{"title":"Programaci\u00f3n de productos - Ocean Signal","description":"Programaci\u00f3n de productos Ocean Signal: Personalice sus dispositivos de seguridad mar\u00edtima para obtener un rendimiento \u00f3ptimo. Garantice configuraciones precisas para mejorar la seguridad a bordo.","robots":{"index":"index","follow":"follow","max-snippet":"max-snippet:-1","max-image-preview":"max-image-preview:large","max-video-preview":"max-video-preview:-1"},"canonical":"https:\/\/oceansignal.com\/es\/apoyo\/programacion-de-productos\/","og_locale":"es_ES","og_type":"article","og_title":"Programaci\u00f3n de productos - Ocean Signal","og_description":"Programaci\u00f3n de productos Ocean Signal: Personalice sus dispositivos de seguridad mar\u00edtima para obtener un rendimiento \u00f3ptimo. Garantice configuraciones precisas para mejorar la seguridad a bordo.","og_url":"https:\/\/oceansignal.com\/es\/apoyo\/programacion-de-productos\/","og_site_name":"Ocean Signal","article_modified_time":"2024-09-30T14:58:06+00:00","og_image":[{"width":1200,"height":630,"url":"https:\/\/oceansignal.com\/wp-content\/uploads\/2024\/03\/image-social-share-04.jpg","type":"image\/jpeg"}],"twitter_card":"summary_large_image","twitter_misc":{"Tiempo de lectura":"1 minuto"},"schema":{"@context":"https:\/\/schema.org","@graph":[{"@type":"WebPage","@id":"https:\/\/oceansignal.com\/es\/apoyo\/programacion-de-productos\/","url":"https:\/\/oceansignal.com\/es\/apoyo\/programacion-de-productos\/","name":"Programaci\u00f3n de productos - Ocean Signal","isPartOf":{"@id":"https:\/\/oceansignal.com\/es\/#website"},"datePublished":"2023-04-14T09:51:51+00:00","dateModified":"2024-09-30T14:58:06+00:00","description":"Programaci\u00f3n de productos Ocean Signal: Personalice sus dispositivos de seguridad mar\u00edtima para obtener un rendimiento \u00f3ptimo. Garantice configuraciones precisas para mejorar la seguridad a bordo.","breadcrumb":{"@id":"https:\/\/oceansignal.com\/es\/apoyo\/programacion-de-productos\/#breadcrumb"},"inLanguage":"es","potentialAction":[{"@type":"ReadAction","target":["https:\/\/oceansignal.com\/es\/apoyo\/programacion-de-productos\/"]}]},{"@type":"BreadcrumbList","@id":"https:\/\/oceansignal.com\/es\/apoyo\/programacion-de-productos\/#breadcrumb","itemListElement":[{"@type":"ListItem","position":1,"name":"Apoyo","item":"https:\/\/oceansignal.com\/es\/apoyo\/"},{"@type":"ListItem","position":2,"name":"Programaci\u00f3n de productos"}]},{"@type":"WebSite","@id":"https:\/\/oceansignal.com\/es\/#website","url":"https:\/\/oceansignal.com\/es\/","name":"Ocean Signal","description":"A leading manufacturer of EPIRBs, AIS, SARTs, Personal Locator Beacons, Man Overboard Beacon for the Marine and Outdoor Markets.","potentialAction":[{"@type":"SearchAction","target":{"@type":"EntryPoint","urlTemplate":"https:\/\/oceansignal.com\/es\/?s={search_term_string}"},"query-input":{"@type":"PropertyValueSpecification","valueRequired":true,"valueName":"search_term_string"}}],"inLanguage":"es"}]}},"_links":{"self":[{"href":"https:\/\/oceansignal.com\/es\/wp-json\/wp\/v2\/pages\/7959","targetHints":{"allow":["GET"]}}],"collection":[{"href":"https:\/\/oceansignal.com\/es\/wp-json\/wp\/v2\/pages"}],"about":[{"href":"https:\/\/oceansignal.com\/es\/wp-json\/wp\/v2\/types\/page"}],"author":[{"embeddable":true,"href":"https:\/\/oceansignal.com\/es\/wp-json\/wp\/v2\/users\/2"}],"replies":[{"embeddable":true,"href":"https:\/\/oceansignal.com\/es\/wp-json\/wp\/v2\/comments?post=7959"}],"version-history":[{"count":1,"href":"https:\/\/oceansignal.com\/es\/wp-json\/wp\/v2\/pages\/7959\/revisions"}],"predecessor-version":[{"id":7964,"href":"https:\/\/oceansignal.com\/es\/wp-json\/wp\/v2\/pages\/7959\/revisions\/7964"}],"up":[{"embeddable":true,"href":"https:\/\/oceansignal.com\/es\/wp-json\/wp\/v2\/pages\/8357"}],"wp:attachment":[{"href":"https:\/\/oceansignal.com\/es\/wp-json\/wp\/v2\/media?parent=7959"}],"curies":[{"name":"wp","href":"https:\/\/api.w.org\/{rel}","templated":true}]}}