{"id":8247,"date":"2023-05-03T12:36:05","date_gmt":"2023-05-03T12:36:05","guid":{"rendered":"https:\/\/oceansignal.com\/politica-de-garantia\/"},"modified":"2025-03-06T13:45:48","modified_gmt":"2025-03-06T13:45:48","slug":"politica-de-garantia","status":"publish","type":"page","link":"https:\/\/oceansignal.com\/es\/politica-de-garantia\/","title":{"rendered":"Pol\u00edtica de garant\u00eda"},"content":{"rendered":"\n<div class=\"gb-container-narrow\">\n    <div class=\"gc-container \">\n                \n\n<p><strong>Garant\u00eda limitada global<\/strong><\/p>\n\n\n\n<p>Las garant\u00edas limitadas de la garant\u00eda limitada global son exclusivas y sustituyen a todas las dem\u00e1s garant\u00edas expresas, impl\u00edcitas o legales, incluida cualquier responsabilidad derivada de cualquier garant\u00eda de comerciabilidad o idoneidad para un fin determinado, legal o de otro tipo. Esta garant\u00eda otorga al propietario derechos legales espec\u00edficos, que pueden variar de una jurisdicci\u00f3n a otra. <\/p>\n\n\n\n<p>Ocean Signal Ltd. o sus filiales no ser\u00e1n responsables en ning\u00fan caso de da\u00f1os incidentales, especiales, indirectos o consecuentes, ya sea que resulten del uso, mal uso, incapacidad de uso, confianza indebida en el producto o de cualquier defecto en el mismo. Algunas jurisdicciones no permiten la exclusi\u00f3n de da\u00f1os incidentales o consecuentes, por lo que la limitaci\u00f3n anterior puede no aplicarse en su caso. <\/p>\n\n\n\n<p>La Garant\u00eda Limitada Global no afecta a los derechos de un cliente frente a un minorista derivados de un contrato de compraventa.<\/p>\n\n\n\n<p>El producto reparado o reemplazado bajo garant\u00eda estar\u00e1 garantizado solo por el saldo restante del per\u00edodo de garant\u00eda original aplicable.<\/p>\n\n\n\n<p>Sujeto a los t\u00e9rminos, condiciones, limitaciones y exclusiones de la Garant\u00eda limitada global, todos los productos Ocean Signal tienen garant\u00eda de estar libres de defectos de material o mano de obra durante un per\u00edodo de dos (2) a\u00f1os a partir de la fecha en que el cliente original compr\u00f3 el producto (el \u201cPer\u00edodo de garant\u00eda limitada est\u00e1ndar\u201d). Durante este per\u00edodo y solo para el cliente original, Ocean Signal reparar\u00e1 o reemplazar\u00e1, a su exclusivo criterio, cualquier componente que falle durante el uso normal, lo que, en ausencia de cualquier ley aplicable que indique lo contrario, ser\u00e1 el \u00fanico y exclusivo recurso del cliente en caso de incumplimiento de la garant\u00eda. <\/p>\n\n\n\n<p>Si la Garant\u00eda limitada est\u00e1ndar se aplica a su caso, Ocean Signal no le cobrar\u00e1 por las piezas ni la mano de obra para las reparaciones o reemplazos cubiertos por la garant\u00eda. Sin embargo, el costo de transporte de su Producto garantizado a Ocean Signal para su reparaci\u00f3n o reemplazo es su responsabilidad y no est\u00e1 cubierto por Ocean Signal . <\/p>\n\n\n\n<p><strong>Garant\u00eda limitada extendida<\/strong><\/p>\n\n\n\n<p>Sujeto a los t\u00e9rminos, condiciones, limitaciones y exclusiones de la Garant\u00eda limitada global, y excluyendo el Producto de reemplazo de garant\u00eda y los Productos utilizados para fines comerciales, militares, de aplicaci\u00f3n de la ley o relacionados habituales, todos los Productos nuevos registrados en Ocean Signal dentro de los noventa (90) d\u00edas a partir de la fecha en que el Cliente original compr\u00f3 el producto por primera vez tienen garant\u00eda de estar libres de defectos de material o mano de obra durante un per\u00edodo de a\u00f1os (el \u00abPer\u00edodo de garant\u00eda limitada extendida\u00bb) como se define a continuaci\u00f3n:<\/p>\n\n\n\n<ul class=\"wp-block-list\">\n<li>Productos rescueME ( PLB1 , PLB3 , MOB1, EDF, EPIRB1, EPIRB1Pro, EPIRB2, EPIRB2 Pro y EPIRB3): per\u00edodo de garant\u00eda extendido de 5 a\u00f1os<\/li>\n<\/ul>\n\n\n\n<ul class=\"wp-block-list\">\n<li>Productos safeSEA (EPIRB3 Pro , V100 y S100): no hay garant\u00eda extendida disponible<\/li>\n<\/ul>\n\n\n\n<ul class=\"wp-block-list\">\n<li>Productos profesionales: (M100 y M100X) &#8211; No hay garant\u00eda extendida disponible<\/li>\n<\/ul>\n\n\n\n<ul class=\"wp-block-list\">\n<li>Productos AIS: (ATB1) &#8211; Per\u00edodo de garant\u00eda extendido de 3 a\u00f1os<\/li>\n<\/ul>\n\n\n\n<p>Durante este per\u00edodo y para el Cliente Original, Ocean Signal , a su exclusivo criterio, reparar\u00e1 o reemplazar\u00e1 cualquier componente del producto que falle durante el uso normal, lo que, en ausencia de cualquier ley aplicable en contrario, ser\u00e1 el \u00fanico y exclusivo recurso del cliente por cualquier incumplimiento de la garant\u00eda.<\/p>\n\n\n\n<p>Tras el registro exitoso del Producto, la Garant\u00eda Limitada Extendida reemplaza a la Garant\u00eda Limitada Est\u00e1ndar.<\/p>\n\n\n\n<p>Solicite una garant\u00eda extendida aqu\u00ed: <a href=\"https:\/\/oceansignal.com\/my-account\/products\/\">A<\/a> <a href=\"https:\/\/oceansignal.com\/my-account\/products\/create\/\">EXTENDA SU GARANT\u00cdA<\/a> Si la Garant\u00eda limitada extendida se aplica a su caso, Ocean Signal no le cobrar\u00e1 por las piezas o la mano de obra para las reparaciones o reemplazos cubiertos por la garant\u00eda. Sin embargo, el costo de transportar su producto garantizado a Ocean Signal para su reparaci\u00f3n o reemplazo es su responsabilidad y no est\u00e1 cubierto por Ocean Signal . <\/p>\n\n\n        <\/div><\/div>\n","protected":false},"excerpt":{"rendered":"","protected":false},"author":1,"featured_media":0,"parent":0,"menu_order":0,"comment_status":"closed","ping_status":"closed","template":"pagetemplate-header-gray.php","meta":{"_acf_changed":false,"om_disable_all_campaigns":false,"footnotes":""},"class_list":["post-8247","page","type-page","status-publish","hentry"],"acf":[],"yoast_head":"<!-- This site is optimized with the Yoast SEO Premium plugin v25.2 (Yoast SEO v26.4) - https:\/\/yoast.com\/wordpress\/plugins\/seo\/ -->\n<title>Pol\u00edtica de garant\u00eda - Ocean Signal<\/title>\n<meta name=\"description\" content=\"Descubra la pol\u00edtica de garant\u00eda integral de Ocean Signal para tener tranquilidad con su equipo de seguridad. Conf\u00ede en nuestro compromiso con la calidad.\" \/>\n<meta name=\"robots\" content=\"index, follow, max-snippet:-1, max-image-preview:large, max-video-preview:-1\" \/>\n<link rel=\"canonical\" href=\"https:\/\/oceansignal.com\/es\/politica-de-garantia\/\" \/>\n<meta property=\"og:locale\" content=\"es_ES\" \/>\n<meta property=\"og:type\" content=\"article\" \/>\n<meta property=\"og:title\" content=\"Pol\u00edtica de garant\u00eda - Ocean Signal\" \/>\n<meta property=\"og:description\" content=\"Descubra la pol\u00edtica de garant\u00eda integral de Ocean Signal para tener tranquilidad con su equipo de seguridad. Conf\u00ede en nuestro compromiso con la calidad.\" \/>\n<meta property=\"og:url\" content=\"https:\/\/oceansignal.com\/es\/politica-de-garantia\/\" \/>\n<meta property=\"og:site_name\" content=\"Ocean Signal\" \/>\n<meta property=\"article:modified_time\" content=\"2025-03-06T13:45:48+00:00\" \/>\n<meta property=\"og:image\" content=\"https:\/\/oceansignal.com\/wp-content\/uploads\/2024\/03\/image-social-share-04.jpg\" \/>\n\t<meta property=\"og:image:width\" content=\"1200\" \/>\n\t<meta property=\"og:image:height\" content=\"630\" \/>\n\t<meta property=\"og:image:type\" content=\"image\/jpeg\" \/>\n<meta name=\"twitter:card\" content=\"summary_large_image\" \/>\n<meta name=\"twitter:label1\" content=\"Tiempo de lectura\" \/>\n\t<meta name=\"twitter:data1\" content=\"3 minutos\" \/>\n<script type=\"application\/ld+json\" class=\"yoast-schema-graph\">{\"@context\":\"https:\/\/schema.org\",\"@graph\":[{\"@type\":\"WebPage\",\"@id\":\"https:\/\/oceansignal.com\/es\/politica-de-garantia\/\",\"url\":\"https:\/\/oceansignal.com\/es\/politica-de-garantia\/\",\"name\":\"Pol\u00edtica de garant\u00eda - Ocean Signal\",\"isPartOf\":{\"@id\":\"https:\/\/oceansignal.com\/es\/#website\"},\"datePublished\":\"2023-05-03T12:36:05+00:00\",\"dateModified\":\"2025-03-06T13:45:48+00:00\",\"description\":\"Descubra la pol\u00edtica de garant\u00eda integral de Ocean Signal para tener tranquilidad con su equipo de seguridad. Conf\u00ede en nuestro compromiso con la calidad.\",\"inLanguage\":\"es\",\"potentialAction\":[{\"@type\":\"ReadAction\",\"target\":[\"https:\/\/oceansignal.com\/es\/politica-de-garantia\/\"]}]},{\"@type\":\"WebSite\",\"@id\":\"https:\/\/oceansignal.com\/es\/#website\",\"url\":\"https:\/\/oceansignal.com\/es\/\",\"name\":\"Ocean Signal\",\"description\":\"A leading manufacturer of EPIRBs, AIS, SARTs, Personal Locator Beacons, Man Overboard Beacon for the Marine and Outdoor Markets.\",\"potentialAction\":[{\"@type\":\"SearchAction\",\"target\":{\"@type\":\"EntryPoint\",\"urlTemplate\":\"https:\/\/oceansignal.com\/es\/?s={search_term_string}\"},\"query-input\":{\"@type\":\"PropertyValueSpecification\",\"valueRequired\":true,\"valueName\":\"search_term_string\"}}],\"inLanguage\":\"es\"}]}<\/script>\n<!-- \/ Yoast SEO Premium plugin. -->","yoast_head_json":{"title":"Pol\u00edtica de garant\u00eda - Ocean Signal","description":"Descubra la pol\u00edtica de garant\u00eda integral de Ocean Signal para tener tranquilidad con su equipo de seguridad. Conf\u00ede en nuestro compromiso con la calidad.","robots":{"index":"index","follow":"follow","max-snippet":"max-snippet:-1","max-image-preview":"max-image-preview:large","max-video-preview":"max-video-preview:-1"},"canonical":"https:\/\/oceansignal.com\/es\/politica-de-garantia\/","og_locale":"es_ES","og_type":"article","og_title":"Pol\u00edtica de garant\u00eda - Ocean Signal","og_description":"Descubra la pol\u00edtica de garant\u00eda integral de Ocean Signal para tener tranquilidad con su equipo de seguridad. Conf\u00ede en nuestro compromiso con la calidad.","og_url":"https:\/\/oceansignal.com\/es\/politica-de-garantia\/","og_site_name":"Ocean Signal","article_modified_time":"2025-03-06T13:45:48+00:00","og_image":[{"width":1200,"height":630,"url":"https:\/\/oceansignal.com\/wp-content\/uploads\/2024\/03\/image-social-share-04.jpg","type":"image\/jpeg"}],"twitter_card":"summary_large_image","twitter_misc":{"Tiempo de lectura":"3 minutos"},"schema":{"@context":"https:\/\/schema.org","@graph":[{"@type":"WebPage","@id":"https:\/\/oceansignal.com\/es\/politica-de-garantia\/","url":"https:\/\/oceansignal.com\/es\/politica-de-garantia\/","name":"Pol\u00edtica de garant\u00eda - Ocean Signal","isPartOf":{"@id":"https:\/\/oceansignal.com\/es\/#website"},"datePublished":"2023-05-03T12:36:05+00:00","dateModified":"2025-03-06T13:45:48+00:00","description":"Descubra la pol\u00edtica de garant\u00eda integral de Ocean Signal para tener tranquilidad con su equipo de seguridad. Conf\u00ede en nuestro compromiso con la calidad.","inLanguage":"es","potentialAction":[{"@type":"ReadAction","target":["https:\/\/oceansignal.com\/es\/politica-de-garantia\/"]}]},{"@type":"WebSite","@id":"https:\/\/oceansignal.com\/es\/#website","url":"https:\/\/oceansignal.com\/es\/","name":"Ocean Signal","description":"A leading manufacturer of EPIRBs, AIS, SARTs, Personal Locator Beacons, Man Overboard Beacon for the Marine and Outdoor Markets.","potentialAction":[{"@type":"SearchAction","target":{"@type":"EntryPoint","urlTemplate":"https:\/\/oceansignal.com\/es\/?s={search_term_string}"},"query-input":{"@type":"PropertyValueSpecification","valueRequired":true,"valueName":"search_term_string"}}],"inLanguage":"es"}]}},"_links":{"self":[{"href":"https:\/\/oceansignal.com\/es\/wp-json\/wp\/v2\/pages\/8247","targetHints":{"allow":["GET"]}}],"collection":[{"href":"https:\/\/oceansignal.com\/es\/wp-json\/wp\/v2\/pages"}],"about":[{"href":"https:\/\/oceansignal.com\/es\/wp-json\/wp\/v2\/types\/page"}],"author":[{"embeddable":true,"href":"https:\/\/oceansignal.com\/es\/wp-json\/wp\/v2\/users\/1"}],"replies":[{"embeddable":true,"href":"https:\/\/oceansignal.com\/es\/wp-json\/wp\/v2\/comments?post=8247"}],"version-history":[{"count":4,"href":"https:\/\/oceansignal.com\/es\/wp-json\/wp\/v2\/pages\/8247\/revisions"}],"predecessor-version":[{"id":25533,"href":"https:\/\/oceansignal.com\/es\/wp-json\/wp\/v2\/pages\/8247\/revisions\/25533"}],"wp:attachment":[{"href":"https:\/\/oceansignal.com\/es\/wp-json\/wp\/v2\/media?parent=8247"}],"curies":[{"name":"wp","href":"https:\/\/api.w.org\/{rel}","templated":true}]}}