{"id":8392,"date":"2023-09-11T12:16:51","date_gmt":"2023-09-11T12:16:51","guid":{"rendered":"https:\/\/oceansignal.com\/apoyo\/programacion-de-productos\/programacion-del-transceptor-ais-atb1-clase-b\/actualizaciones-de-software\/"},"modified":"2024-09-30T14:58:59","modified_gmt":"2024-09-30T14:58:59","slug":"actualizaciones-de-software","status":"publish","type":"page","link":"https:\/\/oceansignal.com\/es\/apoyo\/programacion-de-productos\/programacion-del-transceptor-ais-atb1-clase-b\/actualizaciones-de-software\/","title":{"rendered":"Actualizaciones de software"},"content":{"rendered":"\n<div class=\"gb-container-narrow\">\n    <div class=\"gc-container \">\n                \n\n<p>Para actualizar el firmware en el ATB1:<br\/><em><strong>Nota:<\/strong> Las actualizaciones de firmware solo se pueden completar con una PC o una computadora Mac.<\/em><\/p>\n\n\n\n<ul class=\"wp-block-list\">\n<li>Descargue el archivo a continuaci\u00f3n y descompr\u00edmalo en una memoria USB que haya sido formateada a FAT32<\/li>\n\n\n\n<li>Apague el ATB1<\/li>\n\n\n\n<li>Conecte la memoria USB al ATB1 mediante el cable USB port\u00e1til suministrado<\/li>\n\n\n\n<li>Enciende el ATB1<\/li>\n\n\n\n<li>El LED parpadear\u00e1 en verde y luego se volver\u00e1 rojo brevemente<\/li>\n\n\n\n<li>Una vez que el LED se ha vuelto verde (o \u00e1mbar si el AIS est\u00e1 en modo silencioso), la actualizaci\u00f3n se completa<\/li>\n\n\n\n<li>Mantenga presionado el bot\u00f3n LED durante 10 segundos (hasta que parpadee en \u00e1mbar)<\/li>\n\n\n\n<li>Ahora es seguro quitar la memoria USB sin temor a que se corrompa<\/li>\n\n\n\n<li>El ATB1 volver\u00e1 a funcionar con normalidad<\/li>\n<\/ul>\n\n\n\n<div style=\"height:48px\" aria-hidden=\"true\" class=\"wp-block-spacer\"><\/div>\n\n\n<div class=\"gb-accordion-category\" data-category=\"Versions\">\n\t\n<div class=\"gb-accordion-item js-ai-block\">\n\t\t<div class=\"gb-accordion-item__header js-ai-header\">\n\t\t\t\t<p class=\"gb-accordion-item__header__text\">Version 01.01.00 (28\/01\/2019)<\/p>\n\n\t\t\t\t<div class=\"gb-accordion-item__header__icon\"><\/div>\n\t<\/div>\n\n\t\t<div class=\"gb-accordion-item__content js-ai-content\">\n\t\t\t\t<div class=\"gb-accordion-item__content__container\">\n\t\t\t\n\n<p>Lanzamiento inicial de producci\u00f3n<\/p>\n\n\n\t\t<\/div>\n\t<\/div>\n<\/div>\n\n\n<div class=\"gb-accordion-item js-ai-block\">\n\t\t<div class=\"gb-accordion-item__header js-ai-header\">\n\t\t\t\t<p class=\"gb-accordion-item__header__text\">Version 01.02.00 (27\/07\/2019)<\/p>\n\n\t\t\t\t<div class=\"gb-accordion-item__header__icon\"><\/div>\n\t<\/div>\n\n\t\t<div class=\"gb-accordion-item__content js-ai-content\">\n\t\t\t\t<div class=\"gb-accordion-item__content__container\">\n\t\t\t\n\n<p>Correcci\u00f3n de errores menores<br\/>&#8211; El LED de configuraci\u00f3n se apaga despu\u00e9s de 30 minutos<br\/>&#8211; Longitud y haz incorrectos del buque informados en algunos objetivos recibidos transmitidos en NMEA2000<br\/>&#8211; Posible informe de \u00abEncabezado perdido\/inv\u00e1lido\u00bb cuando se conecta a NMEA2000 fuente de encabezado<\/p>\n\n\n\t\t<\/div>\n\t<\/div>\n<\/div>\n\n\n<div class=\"gb-accordion-item js-ai-block\">\n\t\t<div class=\"gb-accordion-item__header js-ai-header\">\n\t\t\t\t<p class=\"gb-accordion-item__header__text\">Version 01.03.00 (29\/09\/2020)<\/p>\n\n\t\t\t\t<div class=\"gb-accordion-item__header__icon\"><\/div>\n\t<\/div>\n\n\t\t<div class=\"gb-accordion-item__content js-ai-content\">\n\t\t\t\t<div class=\"gb-accordion-item__content__container\">\n\t\t\t\n\n<p>Nuevas caracter\u00edsticas<br\/>&#8211; Se agregaron nuevos PGN de NMEA2000<br\/>&#8211; Multiplexaci\u00f3n de NMEA2000 y NMEA0183 a WiFi<br\/>&#8211; Capacidad de interruptor de modo silencioso externo<br\/><br\/>Habilita nuevas funciones de la aplicaci\u00f3n<br\/>&#8211; P\u00e1gina de diagn\u00f3stico de fallos mejorada<br\/>&#8211; Lista de objetivos recibidos<br\/>&#8211; Detalles de destino recibidos<br\/>&#8211; Alarmas CPA\/TCPA<br\/>&#8211; Pantalla de datos de instrumentos conectados<br\/>&#8211; Gesti\u00f3n de MOB<br\/>&#8211; Notificaci\u00f3n de actualizaciones de firmware<br\/><br\/>Correcci\u00f3n de errores menores<br\/>&#8211; Abandono intermitente de NMEA 2000<br\/>&#8211; Inestabilidad de WiFi durante la conexi\u00f3n de varios dispositivos<\/p>\n\n\n\t\t<\/div>\n\t<\/div>\n<\/div>\n\n\n<div class=\"gb-accordion-item js-ai-block\">\n\t\t<div class=\"gb-accordion-item__header js-ai-header\">\n\t\t\t\t<p class=\"gb-accordion-item__header__text\">Version 01.04.00 (N\/A)<\/p>\n\n\t\t\t\t<div class=\"gb-accordion-item__header__icon\"><\/div>\n\t<\/div>\n\n\t\t<div class=\"gb-accordion-item__content js-ai-content\">\n\t\t\t\t<div class=\"gb-accordion-item__content__container\">\n\t\t\t\n\n<p>No se public\u00f3<\/p>\n\n\n\t\t<\/div>\n\t<\/div>\n<\/div>\n\n\n<div class=\"gb-accordion-item js-ai-block\">\n\t\t<div class=\"gb-accordion-item__header js-ai-header\">\n\t\t\t\t<p class=\"gb-accordion-item__header__text\">Version 01.05.00 (26\/10\/2020)<\/p>\n\n\t\t\t\t<div class=\"gb-accordion-item__header__icon\"><\/div>\n\t<\/div>\n\n\t\t<div class=\"gb-accordion-item__content js-ai-content\">\n\t\t\t\t<div class=\"gb-accordion-item__content__container\">\n\t\t\t\n\n<p>Nuevas caracter\u00edsticas<br\/>&#8211; Registro de eventos agregado<br\/><br\/>Habilita nuevas funciones de la aplicaci\u00f3n<br\/>&#8211; Registro de eventos<br\/><br\/>Correcci\u00f3n de errores menores<br\/>&#8211; P\u00e9rdida de NMEA0183 salida GLL<br\/>&#8211; Aumento de la resoluci\u00f3n a NMEA2000 posici\u00f3n de actualizaci\u00f3n r\u00e1pida PGN<\/p>\n\n\n\t\t<\/div>\n\t<\/div>\n<\/div>\n\n\n<div class=\"gb-accordion-item js-ai-block\">\n\t\t<div class=\"gb-accordion-item__header js-ai-header\">\n\t\t\t\t<p class=\"gb-accordion-item__header__text\">Version 01.06.00 (07\/04\/2021)<\/p>\n\n\t\t\t\t<div class=\"gb-accordion-item__header__icon\"><\/div>\n\t<\/div>\n\n\t\t<div class=\"gb-accordion-item__content js-ai-content\">\n\t\t\t\t<div class=\"gb-accordion-item__content__container\">\n\t\t\t\n\n<p>Actualizaci\u00f3n interna.\nEsta actualizaci\u00f3n no cambiar\u00e1 el funcionamiento de las unidades anteriores que ya estaban en uso. <br\/>&#8211; Actualizaci\u00f3n para cubrir cambios de hardware WiFi<\/p>\n\n\n\t\t<\/div>\n\t<\/div>\n<\/div>\n\n\n<div class=\"gb-accordion-item js-ai-block\">\n\t\t<div class=\"gb-accordion-item__header js-ai-header\">\n\t\t\t\t<p class=\"gb-accordion-item__header__text\">Version 01.07.00 (22\/02\/2023)<\/p>\n\n\t\t\t\t<div class=\"gb-accordion-item__header__icon\"><\/div>\n\t<\/div>\n\n\t\t<div class=\"gb-accordion-item__content js-ai-content\">\n\t\t\t\t<div class=\"gb-accordion-item__content__container\">\n\t\t\t\n\n<p>Actualizaci\u00f3n interna.\nEsta actualizaci\u00f3n no cambiar\u00e1 el funcionamiento de las unidades anteriores que ya estaban en uso. <br\/>&#8211; Correcci\u00f3n de errores para evitar la parada peri\u00f3dica de la transmisi\u00f3n y recepci\u00f3n de AIS en \u00e1reas de alto tr\u00e1fico<br\/><br\/><a href=\"https:\/\/oceansignal.com\/wp-content\/uploads\/2023\/09\/ATB1_v01_07_00-1.zip\" target=\"_blank\" rel=\"noreferrer noopener\"><\/a><a href=\"https:\/\/oceansignal.com\/wp-content\/uploads\/2023\/09\/ATB1_v01_07_00-1.zip\">Desc\u00e1rgalo aqu\u00ed<\/a><\/p>\n\n\n\t\t<\/div>\n\t<\/div>\n<\/div>\n\n\n<\/div>\n\n\n        <\/div><\/div>\n","protected":false},"excerpt":{"rendered":"<p>Software para transceptor ATB1 AIS Clase B<\/p>\n","protected":false},"author":1,"featured_media":0,"parent":7151,"menu_order":0,"comment_status":"closed","ping_status":"closed","template":"pagetemplate-header-gray.php","meta":{"_acf_changed":false,"om_disable_all_campaigns":false,"footnotes":""},"class_list":["post-8392","page","type-page","status-publish","hentry"],"acf":[],"yoast_head":"<!-- This site is optimized with the Yoast SEO Premium plugin v25.2 (Yoast SEO v26.4) - https:\/\/yoast.com\/wordpress\/plugins\/seo\/ -->\n<title>Actualizaciones de software - Ocean Signal<\/title>\n<meta name=\"description\" content=\"Mant\u00e9ngase al d\u00eda con las actualizaciones de software de los productos de Ocean Signal. Garantice un rendimiento y una seguridad \u00f3ptimos con las \u00faltimas mejoras.\" \/>\n<meta name=\"robots\" content=\"index, follow, max-snippet:-1, max-image-preview:large, max-video-preview:-1\" \/>\n<link rel=\"canonical\" href=\"https:\/\/oceansignal.com\/es\/apoyo\/programacion-de-productos\/programacion-del-transceptor-ais-atb1-clase-b\/actualizaciones-de-software\/\" \/>\n<meta property=\"og:locale\" content=\"es_ES\" \/>\n<meta property=\"og:type\" content=\"article\" \/>\n<meta property=\"og:title\" content=\"Actualizaciones de software - Ocean Signal\" \/>\n<meta property=\"og:description\" content=\"Mant\u00e9ngase al d\u00eda con las actualizaciones de software de los productos de Ocean Signal. Garantice un rendimiento y una seguridad \u00f3ptimos con las \u00faltimas mejoras.\" \/>\n<meta property=\"og:url\" content=\"https:\/\/oceansignal.com\/es\/apoyo\/programacion-de-productos\/programacion-del-transceptor-ais-atb1-clase-b\/actualizaciones-de-software\/\" \/>\n<meta property=\"og:site_name\" content=\"Ocean Signal\" \/>\n<meta property=\"article:modified_time\" content=\"2024-09-30T14:58:59+00:00\" \/>\n<meta property=\"og:image\" content=\"https:\/\/oceansignal.com\/wp-content\/uploads\/2024\/03\/image-social-share-04.jpg\" \/>\n\t<meta property=\"og:image:width\" content=\"1200\" \/>\n\t<meta property=\"og:image:height\" content=\"630\" \/>\n\t<meta property=\"og:image:type\" content=\"image\/jpeg\" \/>\n<meta name=\"twitter:card\" content=\"summary_large_image\" \/>\n<meta name=\"twitter:label1\" content=\"Tiempo de lectura\" \/>\n\t<meta name=\"twitter:data1\" content=\"2 minutos\" \/>\n<script type=\"application\/ld+json\" class=\"yoast-schema-graph\">{\"@context\":\"https:\/\/schema.org\",\"@graph\":[{\"@type\":\"WebPage\",\"@id\":\"https:\/\/oceansignal.com\/es\/apoyo\/programacion-de-productos\/programacion-del-transceptor-ais-atb1-clase-b\/actualizaciones-de-software\/\",\"url\":\"https:\/\/oceansignal.com\/es\/apoyo\/programacion-de-productos\/programacion-del-transceptor-ais-atb1-clase-b\/actualizaciones-de-software\/\",\"name\":\"Actualizaciones de software - Ocean Signal\",\"isPartOf\":{\"@id\":\"https:\/\/oceansignal.com\/es\/#website\"},\"datePublished\":\"2023-09-11T12:16:51+00:00\",\"dateModified\":\"2024-09-30T14:58:59+00:00\",\"description\":\"Mant\u00e9ngase al d\u00eda con las actualizaciones de software de los productos de Ocean Signal. Garantice un rendimiento y una seguridad \u00f3ptimos con las \u00faltimas mejoras.\",\"breadcrumb\":{\"@id\":\"https:\/\/oceansignal.com\/es\/apoyo\/programacion-de-productos\/programacion-del-transceptor-ais-atb1-clase-b\/actualizaciones-de-software\/#breadcrumb\"},\"inLanguage\":\"es\",\"potentialAction\":[{\"@type\":\"ReadAction\",\"target\":[\"https:\/\/oceansignal.com\/es\/apoyo\/programacion-de-productos\/programacion-del-transceptor-ais-atb1-clase-b\/actualizaciones-de-software\/\"]}]},{\"@type\":\"BreadcrumbList\",\"@id\":\"https:\/\/oceansignal.com\/es\/apoyo\/programacion-de-productos\/programacion-del-transceptor-ais-atb1-clase-b\/actualizaciones-de-software\/#breadcrumb\",\"itemListElement\":[{\"@type\":\"ListItem\",\"position\":1,\"name\":\"Apoyo\",\"item\":\"https:\/\/oceansignal.com\/es\/apoyo\/\"},{\"@type\":\"ListItem\",\"position\":2,\"name\":\"Programaci\u00f3n de productos\",\"item\":\"https:\/\/oceansignal.com\/es\/apoyo\/programacion-de-productos\/\"},{\"@type\":\"ListItem\",\"position\":3,\"name\":\"Programaci\u00f3n del transceptor AIS ATB1 Clase B\",\"item\":\"https:\/\/oceansignal.com\/es\/apoyo\/programacion-de-productos\/programacion-del-transceptor-ais-atb1-clase-b\/\"},{\"@type\":\"ListItem\",\"position\":4,\"name\":\"Actualizaciones de software\"}]},{\"@type\":\"WebSite\",\"@id\":\"https:\/\/oceansignal.com\/es\/#website\",\"url\":\"https:\/\/oceansignal.com\/es\/\",\"name\":\"Ocean Signal\",\"description\":\"A leading manufacturer of EPIRBs, AIS, SARTs, Personal Locator Beacons, Man Overboard Beacon for the Marine and Outdoor Markets.\",\"potentialAction\":[{\"@type\":\"SearchAction\",\"target\":{\"@type\":\"EntryPoint\",\"urlTemplate\":\"https:\/\/oceansignal.com\/es\/?s={search_term_string}\"},\"query-input\":{\"@type\":\"PropertyValueSpecification\",\"valueRequired\":true,\"valueName\":\"search_term_string\"}}],\"inLanguage\":\"es\"}]}<\/script>\n<!-- \/ Yoast SEO Premium plugin. -->","yoast_head_json":{"title":"Actualizaciones de software - Ocean Signal","description":"Mant\u00e9ngase al d\u00eda con las actualizaciones de software de los productos de Ocean Signal. Garantice un rendimiento y una seguridad \u00f3ptimos con las \u00faltimas mejoras.","robots":{"index":"index","follow":"follow","max-snippet":"max-snippet:-1","max-image-preview":"max-image-preview:large","max-video-preview":"max-video-preview:-1"},"canonical":"https:\/\/oceansignal.com\/es\/apoyo\/programacion-de-productos\/programacion-del-transceptor-ais-atb1-clase-b\/actualizaciones-de-software\/","og_locale":"es_ES","og_type":"article","og_title":"Actualizaciones de software - Ocean Signal","og_description":"Mant\u00e9ngase al d\u00eda con las actualizaciones de software de los productos de Ocean Signal. Garantice un rendimiento y una seguridad \u00f3ptimos con las \u00faltimas mejoras.","og_url":"https:\/\/oceansignal.com\/es\/apoyo\/programacion-de-productos\/programacion-del-transceptor-ais-atb1-clase-b\/actualizaciones-de-software\/","og_site_name":"Ocean Signal","article_modified_time":"2024-09-30T14:58:59+00:00","og_image":[{"width":1200,"height":630,"url":"https:\/\/oceansignal.com\/wp-content\/uploads\/2024\/03\/image-social-share-04.jpg","type":"image\/jpeg"}],"twitter_card":"summary_large_image","twitter_misc":{"Tiempo de lectura":"2 minutos"},"schema":{"@context":"https:\/\/schema.org","@graph":[{"@type":"WebPage","@id":"https:\/\/oceansignal.com\/es\/apoyo\/programacion-de-productos\/programacion-del-transceptor-ais-atb1-clase-b\/actualizaciones-de-software\/","url":"https:\/\/oceansignal.com\/es\/apoyo\/programacion-de-productos\/programacion-del-transceptor-ais-atb1-clase-b\/actualizaciones-de-software\/","name":"Actualizaciones de software - Ocean Signal","isPartOf":{"@id":"https:\/\/oceansignal.com\/es\/#website"},"datePublished":"2023-09-11T12:16:51+00:00","dateModified":"2024-09-30T14:58:59+00:00","description":"Mant\u00e9ngase al d\u00eda con las actualizaciones de software de los productos de Ocean Signal. Garantice un rendimiento y una seguridad \u00f3ptimos con las \u00faltimas mejoras.","breadcrumb":{"@id":"https:\/\/oceansignal.com\/es\/apoyo\/programacion-de-productos\/programacion-del-transceptor-ais-atb1-clase-b\/actualizaciones-de-software\/#breadcrumb"},"inLanguage":"es","potentialAction":[{"@type":"ReadAction","target":["https:\/\/oceansignal.com\/es\/apoyo\/programacion-de-productos\/programacion-del-transceptor-ais-atb1-clase-b\/actualizaciones-de-software\/"]}]},{"@type":"BreadcrumbList","@id":"https:\/\/oceansignal.com\/es\/apoyo\/programacion-de-productos\/programacion-del-transceptor-ais-atb1-clase-b\/actualizaciones-de-software\/#breadcrumb","itemListElement":[{"@type":"ListItem","position":1,"name":"Apoyo","item":"https:\/\/oceansignal.com\/es\/apoyo\/"},{"@type":"ListItem","position":2,"name":"Programaci\u00f3n de productos","item":"https:\/\/oceansignal.com\/es\/apoyo\/programacion-de-productos\/"},{"@type":"ListItem","position":3,"name":"Programaci\u00f3n del transceptor AIS ATB1 Clase B","item":"https:\/\/oceansignal.com\/es\/apoyo\/programacion-de-productos\/programacion-del-transceptor-ais-atb1-clase-b\/"},{"@type":"ListItem","position":4,"name":"Actualizaciones de software"}]},{"@type":"WebSite","@id":"https:\/\/oceansignal.com\/es\/#website","url":"https:\/\/oceansignal.com\/es\/","name":"Ocean Signal","description":"A leading manufacturer of EPIRBs, AIS, SARTs, Personal Locator Beacons, Man Overboard Beacon for the Marine and Outdoor Markets.","potentialAction":[{"@type":"SearchAction","target":{"@type":"EntryPoint","urlTemplate":"https:\/\/oceansignal.com\/es\/?s={search_term_string}"},"query-input":{"@type":"PropertyValueSpecification","valueRequired":true,"valueName":"search_term_string"}}],"inLanguage":"es"}]}},"_links":{"self":[{"href":"https:\/\/oceansignal.com\/es\/wp-json\/wp\/v2\/pages\/8392","targetHints":{"allow":["GET"]}}],"collection":[{"href":"https:\/\/oceansignal.com\/es\/wp-json\/wp\/v2\/pages"}],"about":[{"href":"https:\/\/oceansignal.com\/es\/wp-json\/wp\/v2\/types\/page"}],"author":[{"embeddable":true,"href":"https:\/\/oceansignal.com\/es\/wp-json\/wp\/v2\/users\/1"}],"replies":[{"embeddable":true,"href":"https:\/\/oceansignal.com\/es\/wp-json\/wp\/v2\/comments?post=8392"}],"version-history":[{"count":1,"href":"https:\/\/oceansignal.com\/es\/wp-json\/wp\/v2\/pages\/8392\/revisions"}],"predecessor-version":[{"id":8393,"href":"https:\/\/oceansignal.com\/es\/wp-json\/wp\/v2\/pages\/8392\/revisions\/8393"}],"up":[{"embeddable":true,"href":"https:\/\/oceansignal.com\/es\/wp-json\/wp\/v2\/pages\/7151"}],"wp:attachment":[{"href":"https:\/\/oceansignal.com\/es\/wp-json\/wp\/v2\/media?parent=8392"}],"curies":[{"name":"wp","href":"https:\/\/api.w.org\/{rel}","templated":true}]}}