{"id":12910,"date":"2024-10-30T20:20:15","date_gmt":"2024-10-30T20:20:15","guid":{"rendered":"https:\/\/oceansignal.com\/products\/flare-edf2-de-rescueme\/"},"modified":"2025-11-24T16:39:08","modified_gmt":"2025-11-24T16:39:08","slug":"flare-edf2-de-rescueme","status":"publish","type":"product","link":"https:\/\/oceansignal.com\/es\/products\/flare-edf2-de-rescueme\/","title":{"rendered":"rescueME EDF2 Bengala Electronica"},"content":{"rendered":"<p><img loading=\"lazy\" decoding=\"async\" class=\"alignnone wp-image-26922 size-full\" src=\"https:\/\/oceansignal.com\/wp-content\/uploads\/2024\/10\/OSL-EDF2-Features-Group-001.jpeg\" alt=\"Bengala electr\u00f3nica de socorro EDF2, luz Flare LED infrarroja, bater\u00eda reemplazable por el usuario, visibilidad de 360\u00b0\" width=\"550\" height=\"310\" srcset=\"https:\/\/oceansignal.com\/wp-content\/uploads\/2024\/10\/OSL-EDF2-Features-Group-001.jpeg 550w, https:\/\/oceansignal.com\/wp-content\/uploads\/2024\/10\/OSL-EDF2-Features-Group-001-300x169.jpeg 300w, https:\/\/oceansignal.com\/wp-content\/uploads\/2024\/10\/OSL-EDF2-Features-Group-001-60x34.jpeg 60w, https:\/\/oceansignal.com\/wp-content\/uploads\/2024\/10\/OSL-EDF2-Features-Group-001-110x62.jpeg 110w\" sizes=\"auto, (max-width: 550px) 100vw, 550px\" \/><\/p>\n<p><img loading=\"lazy\" decoding=\"async\" class=\"alignnone wp-image-26938 size-full\" src=\"https:\/\/oceansignal.com\/wp-content\/uploads\/2024\/10\/OSL-EDF2-Features-Group-002.jpeg\" alt=\"EDF2 Caja fuerte para familias\" width=\"550\" height=\"310\" srcset=\"https:\/\/oceansignal.com\/wp-content\/uploads\/2024\/10\/OSL-EDF2-Features-Group-002.jpeg 550w, https:\/\/oceansignal.com\/wp-content\/uploads\/2024\/10\/OSL-EDF2-Features-Group-002-300x169.jpeg 300w, https:\/\/oceansignal.com\/wp-content\/uploads\/2024\/10\/OSL-EDF2-Features-Group-002-60x34.jpeg 60w, https:\/\/oceansignal.com\/wp-content\/uploads\/2024\/10\/OSL-EDF2-Features-Group-002-110x62.jpeg 110w\" sizes=\"auto, (max-width: 550px) 100vw, 550px\" \/><\/p>\n<p><img loading=\"lazy\" decoding=\"async\" class=\"alignnone wp-image-26954 size-full\" src=\"https:\/\/oceansignal.com\/wp-content\/uploads\/2024\/10\/OSL-EDF2-Features-Group-003.jpeg\" alt=\"EDF2 LED de alta intensidad con flotabilidad incorporada\" width=\"550\" height=\"310\" srcset=\"https:\/\/oceansignal.com\/wp-content\/uploads\/2024\/10\/OSL-EDF2-Features-Group-003.jpeg 550w, https:\/\/oceansignal.com\/wp-content\/uploads\/2024\/10\/OSL-EDF2-Features-Group-003-300x169.jpeg 300w, https:\/\/oceansignal.com\/wp-content\/uploads\/2024\/10\/OSL-EDF2-Features-Group-003-60x34.jpeg 60w, https:\/\/oceansignal.com\/wp-content\/uploads\/2024\/10\/OSL-EDF2-Features-Group-003-110x62.jpeg 110w\" sizes=\"auto, (max-width: 550px) 100vw, 550px\" \/><\/p>\n<p><strong>Resumen:<\/strong><\/p>\n<p>Como el siguiente avance en bengalas electr\u00f3nicas de socorro, la Flare electr\u00f3nica para embarcaciones EDF2 introduce tecnolog\u00eda de vanguardia para la se\u00f1alizaci\u00f3n de socorro SOS. Al utilizar LED rojo-naranja y cian, combinados con un componente infrarrojo (IR), la EDF2 ofrece una larga vida \u00fatil (autonom\u00eda) y, al mismo tiempo, mejora significativamente la visibilidad. <\/p>\n<p>Vendido con la bandera de socorro diurna incluida, el EDF2 y la bandera que lo acompa\u00f1a est\u00e1n certificados para cumplir con los requisitos aplicables de la Guardia Costera de EE. UU., lo que permite llevarlos en lugar de las bengalas pirot\u00e9cnicas tradicionales en los EE. UU.<\/p>\n<p><strong>Descripci\u00f3n:<\/strong><\/p>\n<p>La bengala electr\u00f3nica flotante EDF2, que cumple con los requisitos de la norma RTCM 13200.00, est\u00e1 clasificada como un dispositivo de se\u00f1al visual electr\u00f3nica de socorro (eVDSD) y utiliza se\u00f1ales de socorro SOS multicolor para producir una mayor luminosidad con una distribuci\u00f3n de la luz sustancialmente mejor. El uso de LED rojo-naranja y cian permite una mejor visibilidad en el agua, mientras que la adici\u00f3n de un componente infrarrojo (IR) genera una visibilidad a\u00fan mayor cuando se utiliza equipo de visi\u00f3n nocturna en b\u00fasqueda y rescate. <\/p>\n<p>El EDF2 facilita el rescate emitiendo la caracter\u00edstica de destello del C\u00f3digo Morse Internacional para SOS, donde la primera \u201cS\u201d est\u00e1 representada por tres destellos LED rojo-naranja, seguida de la \u201cO\u201d, que est\u00e1 representada por tres destellos LED cian, y la \u201cS\u201d final, que est\u00e1 representada por otros tres destellos LED rojo-naranja. Simult\u00e1neamente a los destellos LED rojo-naranja y cian visibles, el componente IR emite el mismo patr\u00f3n SOS que est\u00e1 optimizado para la visibilidad a trav\u00e9s de gafas de visi\u00f3n nocturna (NVG). Quiz\u00e1s lo m\u00e1s impresionante es que, incluso con la gran cantidad de destellos visibles e infrarrojos que se producen, el alto nivel de intensidad de luz producido y el importante rango de distribuci\u00f3n de la luz (\u00e1ngulo luminoso \u2265 180\u00b0) que se logra, el EDF2 a\u00fan alcanza una impresionante vida \u00fatil de al menos tres horas (superando los requisitos RTCM en un 50%).  <\/p>\n<p><strong>NOTA: Antes de instalar las bater\u00edas, utilizando el cord\u00f3n adjunto (que se encuentra debajo del velcro), sujete el cuerpo superior al punto de sujeci\u00f3n que se encuentra en la parte inferior del compartimiento de la bater\u00eda.<\/strong><\/p>\n<h4>Qu\u00e9 incluye<\/h4>\n<p>Adem\u00e1s de cumplir con los requisitos de <a href=\"https:\/\/www.ecfr.gov\/current\/title-46\/chapter-I\/subchapter-Q\/part-161\/subpart-161.013?toc=1\">46 CFR 161.013<\/a> , la bengala electr\u00f3nica para embarcaciones EDF2 est\u00e1 clasificada como una se\u00f1al visual de socorro nocturna aprobada. Dado que una bandera de socorro, que cumple con los requisitos de <a href=\"https:\/\/www.ecfr.gov\/current\/title-46\/chapter-I\/subchapter-Q\/part-160\/subpart-160.072\">46 CFR 160.072<\/a> , est\u00e1 incluida en el paquete con cada EDF2, los usuarios tambi\u00e9n reciben una se\u00f1al de socorro visual diurna aprobada (el requisito de llevar se\u00f1ales de socorro visuales diurnas y nocturnas aprobadas se puede encontrar en 33 CFR parte 175). La bandera de socorro suministrada proporciona numerosas opciones de se\u00f1alizaci\u00f3n diurna. La bandera se puede izar sujet\u00e1ndola al m\u00e1stil o simplemente iz\u00e1ndola hasta el punto m\u00e1s alto posible. Tambi\u00e9n se puede exhibir con la mano, atado y luego ondeado sobre elementos como un bichero, un remo o una ca\u00f1a de pescar, o se puede colocar plano sobre la cubierta para atraer aviones. La bandera debe usarse \u00fanicamente como se\u00f1al diurna y, cuando se muestra correctamente, el cuadrado negro debe estar sobre el c\u00edrculo negro.<\/p>\n<p>Adem\u00e1s de la bandera de socorro, tambi\u00e9n se incluye un soporte y el hardware de montaje correspondiente que permite a los usuarios montar c\u00f3modamente el producto en la embarcaci\u00f3n para que el EDF2 est\u00e9 siempre accesible cuando sea necesario. Tambi\u00e9n se puede encontrar un cord\u00f3n de 1 metro oculto debajo de la correa de velcro negra alrededor de la parte central del cuerpo del producto. Este cord\u00f3n se puede utilizar para atar el EDF2 a una persona o a una balsa salvavidas en una situaci\u00f3n de emergencia.  <\/p>\n<h4>Requisitos de transporte<\/h4>\n<p>En los EE. UU.*, el porte conjunto de la bengala EDF2 y la bandera de socorro permite a los navegantes prescindir del requisito de las bengalas pirot\u00e9cnicas tradicionales cuando se encuentran en embarcaciones recreativas de hasta 65 pies de largo, navegando en los Grandes Lagos, a menos de 12 millas de las aguas estadounidenses o en cualquier cuerpo de agua con un pasaje al mar de al menos dos millas de ancho. Las embarcaciones de menos de 16 pies no est\u00e1n obligadas a llevar una se\u00f1al visual de socorro diurna, pero deben llevar una se\u00f1al visual de socorro nocturna, lo que hace que la EDF2 sea una alternativa m\u00e1s que viable a las bengalas pirot\u00e9cnicas tambi\u00e9n para embarcaciones de este tama\u00f1o. Nota: En Canad\u00e1, la EDF2 se puede llevar en embarcaciones de recreo en lugar de bengalas pirot\u00e9cnicas (Pol\u00edtica TP 13585 E) si se lleva con una se\u00f1al de humo aprobada (para alerta diurna).  <\/p>\n<p>Con una distribuci\u00f3n de luz constante en un rango significativo** y un tiempo de combusti\u00f3n 15 veces mayor que las bengalas pirot\u00e9cnicas promedio***, el EDF2 es claramente la opci\u00f3n m\u00e1s \u201cbrillante\u201d que uno puede elegir.<\/p>\n<p>&nbsp;<\/p>\n<p>*Para aprobaciones en otros pa\u00edses, consulte los requisitos de la autoridad nacional correspondiente para hacer referencia.<\/p>\n<p>Su aceptaci\u00f3n espec\u00edfica de una reuni\u00f3n eVDSD RTCM 13200.00<\/p>\n<p>**\u00c1ngulo luminoso \u2265 180\u00b0<\/p>\n<p>***Basado en el transporte de 4 bengalas pirot\u00e9cnicas con un tiempo de combusti\u00f3n promedio de 3 minutos cada una<\/p>\n<p>&nbsp;<\/p>\n<h4><strong>Caracter\u00edsticas y beneficios:<\/strong><\/h4>\n<ul>\n<li>Cumple con el est\u00e1ndar RTCM 13200.0 para eVDSD<\/li>\n<li>La bengala electr\u00f3nica para embarcaciones EDF2 y la bandera de socorro incluida, cuando se transportan juntas, se pueden utilizar como reemplazo para el transporte de bengalas pirot\u00e9cnicas de la Guardia Costera de los Estados Unidos (solo en EE. UU.)<\/li>\n<li>Luz brillante en todas las direcciones (visibilidad de 360\u00b0 y \u00e1ngulo luminoso \u2265 180\u00b0)<\/li>\n<li>Se endereza autom\u00e1ticamente y flota cuando est\u00e1 en el agua (no necesita anillo de flotabilidad)<\/li>\n<li>Visible a m\u00e1s de 8 millas<\/li>\n<li>123 bater\u00edas de litio reemplazables por el usuario (x8, no incluidas)<\/li>\n<li>Intensidad de luz m\u00e1xima&gt; 170 discos compactos<\/li>\n<li>Intensidad de luz efectiva promedio de 50 cd<\/li>\n<li>La vida \u00fatil operativa de 3 horas (con una intensidad de luz efectiva promedio m\u00ednima de 50 cd) supera los requisitos de RTCM en un 50 %<\/li>\n<li>Dise\u00f1o duradero: Probado seg\u00fan los est\u00e1ndares de desempe\u00f1o ambiental aplicables relacionados con calor seco, calor h\u00famedo, baja temperatura, choque t\u00e9rmico, ca\u00eddas, vibraci\u00f3n, radiaci\u00f3n solar, lluvia y roc\u00edo, corrosi\u00f3n y EMC (seg\u00fan IEC 60945)<\/li>\n<li>Resistente al agua (IP67)<\/li>\n<li>Certificado seg\u00fan USCG 161.013 como se\u00f1al visual de socorro nocturna<\/li>\n<li>Incluye bandera de socorro (certificada seg\u00fan USCG 160.072 como se\u00f1al visual de socorro diurna), soporte de montaje y cord\u00f3n de 1 m (oculto debajo de la correa de velcro)<\/li>\n<\/ul>\n<p>&nbsp;<\/p>\n<h4><strong>Ventajas de<\/strong> <strong>Flare electr\u00f3nica para embarcaciones EDF2<\/strong> <strong>frente a las bengalas pirot\u00e9cnicas tradicionales:<\/strong><\/h4>\n<ul>\n<li>Sin fecha de caducidad<\/li>\n<li>Seguro para la familia (sin llama ardiente)<\/li>\n<li>F\u00e1cil de operar (incluso sus hijos y navegantes primerizos pueden operarlo en caso de emergencia)<\/li>\n<li>No existen problemas con los estrictos requisitos obligatorios de eliminaci\u00f3n de bengalas pirot\u00e9cnicas (consideradas legalmente como materiales peligrosos)<\/li>\n<li>Impermeable y flotante<\/li>\n<li>Compra \u00fanica (menor costo durante la vida \u00fatil del producto)<\/li>\n<li>2 m\u00e9todos distintos de se\u00f1alizaci\u00f3n de socorro en un solo producto: luz estrobosc\u00f3pica LED multicolor y luz estrobosc\u00f3pica LED infrarroja<\/li>\n<li>Capacidad de prolongar la vida \u00fatil del producto en una situaci\u00f3n de emergencia reemplazando las bater\u00edas.<\/li>\n<\/ul>\n<p>&nbsp;<\/p>\n<p>Para obtener informaci\u00f3n sobre productos de seguridad mar\u00edtima esenciales adicionales que complementan su transporte del EDF2, consulte nuestro blog sobre <a href=\"https:\/\/oceansignal.com\/es\/news\/estrategias-para-una-temporada-de-navegacion-mas-segura-de-ocean-signal\/\">Estrategias para una temporada de navegaci\u00f3n m\u00e1s segura<\/a> .<\/p>\n","protected":false},"excerpt":{"rendered":"<p>EDF2: La alternativa definitiva a las bengalas pirot\u00e9cnicas tradicionales<\/p>\n<ul>\n<li>Duradero y rentable: sin fecha de vencimiento, compra \u00fanica y bater\u00edas de litio reemplazables por el usuario que extienden la vida \u00fatil en caso de emergencias.<\/li>\n<li>Seguro y f\u00e1cil de usar: sin llamas, apto para familias y de operaci\u00f3n sencilla para todos los usuarios, incluidos ni\u00f1os y navegantes primerizos.<\/li>\n<li>Visibilidad superior: luz brillante de 360\u00b0, visible a m\u00e1s de 8 millas y que supera los requisitos de vida \u00fatil operativa del RTCM en un 50 %.<\/li>\n<li>Resistente al agua y a la flotabilidad: se endereza autom\u00e1ticamente y flota sin necesidad de un anillo de flotaci\u00f3n.<\/li>\n<li>Dise\u00f1o duradero: Probado seg\u00fan los est\u00e1ndares de desempe\u00f1o ambiental aplicables relacionados con calor seco, calor h\u00famedo, baja temperatura, choque t\u00e9rmico, ca\u00eddas, vibraci\u00f3n, radiaci\u00f3n solar, lluvia y roc\u00edo, corrosi\u00f3n y EMC (seg\u00fan IEC 60945)<\/li>\n<\/ul>\n<p><a href=\"https:\/\/www.dropbox.com\/s\/0ezw0kexbm120vv\/Prop%2065%20-%20Lead%20and%20Lead%20Compounds.pdf?dl=0\">ADVERTENCIA: PROPOSICI\u00d3N 65<\/a><\/p>\n","protected":false},"featured_media":38638,"template":"","meta":{"_acf_changed":false,"om_disable_all_campaigns":false},"product_brand":[],"product_cat":[470,962],"product_tag":[992,991,965],"class_list":{"0":"post-12910","1":"product","2":"type-product","3":"status-publish","4":"has-post-thumbnail","6":"product_cat-rescueme-es","7":"product_cat-senalizacion-electronica-y-flare-de-socorro","8":"product_tag-baliza-de-senalizacion","9":"product_tag-edf2-es","10":"product_tag-flare-electronica-de-socorro","12":"first","13":"instock","14":"taxable","15":"shipping-taxable","16":"purchasable","17":"product-type-simple"},"acf":[],"yoast_head":"<!-- This site is optimized with the Yoast SEO Premium plugin v25.2 (Yoast SEO v26.4) - https:\/\/yoast.com\/wordpress\/plugins\/seo\/ -->\n<title>rescueME EDF2 Bengala Electronica - Ocean Signal EDF2 Flare electr\u00f3nica para embarcaciones Aprobado por la USCG RTCM | Ocean Signal<\/title>\n<meta name=\"description\" content=\"Mant\u00e9ngase seguro con la bengala electr\u00f3nica para embarcaciones Ocean Signal EDF2, una potente bengala electr\u00f3nica dise\u00f1ada para ofrecer una visibilidad y fiabilidad \u00f3ptimas en situaciones de emergencia. Compacta y duradera, la EDF2 es la opci\u00f3n perfecta para los navegantes que buscan una alternativa m\u00e1s segura y respetuosa con el medio ambiente a las bengalas tradicionales.\" \/>\n<meta name=\"robots\" content=\"index, follow, max-snippet:-1, max-image-preview:large, max-video-preview:-1\" \/>\n<link rel=\"canonical\" href=\"https:\/\/oceansignal.com\/es\/products\/flare-edf2-de-rescueme\/\" \/>\n<meta property=\"og:locale\" content=\"es_ES\" \/>\n<meta property=\"og:type\" content=\"article\" \/>\n<meta property=\"og:title\" content=\"rescueME EDF2 Bengala Electronica\" \/>\n<meta property=\"og:description\" content=\"Mant\u00e9ngase seguro con la bengala electr\u00f3nica para embarcaciones Ocean Signal EDF2, una potente bengala electr\u00f3nica dise\u00f1ada para ofrecer una visibilidad y fiabilidad \u00f3ptimas en situaciones de emergencia. Compacta y duradera, la EDF2 es la opci\u00f3n perfecta para los navegantes que buscan una alternativa m\u00e1s segura y respetuosa con el medio ambiente a las bengalas tradicionales.\" \/>\n<meta property=\"og:url\" content=\"https:\/\/oceansignal.com\/es\/products\/flare-edf2-de-rescueme\/\" \/>\n<meta property=\"og:site_name\" content=\"Ocean Signal\" \/>\n<meta property=\"article:modified_time\" content=\"2025-11-24T16:39:08+00:00\" \/>\n<meta property=\"og:image\" content=\"https:\/\/oceansignal.com\/wp-content\/uploads\/2025\/06\/EDF2-FRONT-e1752085297427.png\" \/>\n\t<meta property=\"og:image:width\" content=\"782\" \/>\n\t<meta property=\"og:image:height\" content=\"782\" \/>\n\t<meta property=\"og:image:type\" content=\"image\/png\" \/>\n<meta name=\"twitter:card\" content=\"summary_large_image\" \/>\n<meta name=\"twitter:label1\" content=\"Tiempo de lectura\" \/>\n\t<meta name=\"twitter:data1\" content=\"6 minutos\" \/>\n<script type=\"application\/ld+json\" class=\"yoast-schema-graph\">{\"@context\":\"https:\/\/schema.org\",\"@graph\":[{\"@type\":\"WebPage\",\"@id\":\"https:\/\/oceansignal.com\/es\/products\/flare-edf2-de-rescueme\/\",\"url\":\"https:\/\/oceansignal.com\/es\/products\/flare-edf2-de-rescueme\/\",\"name\":\"rescueME EDF2 Bengala Electronica - Ocean Signal EDF2 Flare electr\u00f3nica para embarcaciones Aprobado por la USCG RTCM | Ocean Signal\",\"isPartOf\":{\"@id\":\"https:\/\/oceansignal.com\/es\/#website\"},\"primaryImageOfPage\":{\"@id\":\"https:\/\/oceansignal.com\/es\/products\/flare-edf2-de-rescueme\/#primaryimage\"},\"image\":{\"@id\":\"https:\/\/oceansignal.com\/es\/products\/flare-edf2-de-rescueme\/#primaryimage\"},\"thumbnailUrl\":\"https:\/\/oceansignal.com\/wp-content\/uploads\/2024\/10\/EDF2-FRONT_2025.png\",\"datePublished\":\"2024-10-30T20:20:15+00:00\",\"dateModified\":\"2025-11-24T16:39:08+00:00\",\"description\":\"Mant\u00e9ngase seguro con la bengala electr\u00f3nica para embarcaciones Ocean Signal EDF2, una potente bengala electr\u00f3nica dise\u00f1ada para ofrecer una visibilidad y fiabilidad \u00f3ptimas en situaciones de emergencia. Compacta y duradera, la EDF2 es la opci\u00f3n perfecta para los navegantes que buscan una alternativa m\u00e1s segura y respetuosa con el medio ambiente a las bengalas tradicionales.\",\"breadcrumb\":{\"@id\":\"https:\/\/oceansignal.com\/es\/products\/flare-edf2-de-rescueme\/#breadcrumb\"},\"inLanguage\":\"es\",\"potentialAction\":[{\"@type\":\"ReadAction\",\"target\":[\"https:\/\/oceansignal.com\/es\/products\/flare-edf2-de-rescueme\/\"]}]},{\"@type\":\"ImageObject\",\"inLanguage\":\"es\",\"@id\":\"https:\/\/oceansignal.com\/es\/products\/flare-edf2-de-rescueme\/#primaryimage\",\"url\":\"https:\/\/oceansignal.com\/wp-content\/uploads\/2024\/10\/EDF2-FRONT_2025.png\",\"contentUrl\":\"https:\/\/oceansignal.com\/wp-content\/uploads\/2024\/10\/EDF2-FRONT_2025.png\",\"width\":1000,\"height\":1000},{\"@type\":\"BreadcrumbList\",\"@id\":\"https:\/\/oceansignal.com\/es\/products\/flare-edf2-de-rescueme\/#breadcrumb\",\"itemListElement\":[{\"@type\":\"ListItem\",\"position\":1,\"name\":\"Tienda\",\"item\":\"https:\/\/oceansignal.com\/es\/tienda\/\"},{\"@type\":\"ListItem\",\"position\":2,\"name\":\"rescueME EDF2 Bengala Electronica\"}]},{\"@type\":\"WebSite\",\"@id\":\"https:\/\/oceansignal.com\/es\/#website\",\"url\":\"https:\/\/oceansignal.com\/es\/\",\"name\":\"Ocean Signal\",\"description\":\"A leading manufacturer of EPIRBs, AIS, SARTs, Personal Locator Beacons, Man Overboard Beacon for the Marine and Outdoor Markets.\",\"potentialAction\":[{\"@type\":\"SearchAction\",\"target\":{\"@type\":\"EntryPoint\",\"urlTemplate\":\"https:\/\/oceansignal.com\/es\/?s={search_term_string}\"},\"query-input\":{\"@type\":\"PropertyValueSpecification\",\"valueRequired\":true,\"valueName\":\"search_term_string\"}}],\"inLanguage\":\"es\"}]}<\/script>\n<!-- \/ Yoast SEO Premium plugin. -->","yoast_head_json":{"title":"rescueME EDF2 Bengala Electronica - Ocean Signal EDF2 Flare electr\u00f3nica para embarcaciones Aprobado por la USCG RTCM | Ocean Signal","description":"Mant\u00e9ngase seguro con la bengala electr\u00f3nica para embarcaciones Ocean Signal EDF2, una potente bengala electr\u00f3nica dise\u00f1ada para ofrecer una visibilidad y fiabilidad \u00f3ptimas en situaciones de emergencia. Compacta y duradera, la EDF2 es la opci\u00f3n perfecta para los navegantes que buscan una alternativa m\u00e1s segura y respetuosa con el medio ambiente a las bengalas tradicionales.","robots":{"index":"index","follow":"follow","max-snippet":"max-snippet:-1","max-image-preview":"max-image-preview:large","max-video-preview":"max-video-preview:-1"},"canonical":"https:\/\/oceansignal.com\/es\/products\/flare-edf2-de-rescueme\/","og_locale":"es_ES","og_type":"article","og_title":"rescueME EDF2 Bengala Electronica","og_description":"Mant\u00e9ngase seguro con la bengala electr\u00f3nica para embarcaciones Ocean Signal EDF2, una potente bengala electr\u00f3nica dise\u00f1ada para ofrecer una visibilidad y fiabilidad \u00f3ptimas en situaciones de emergencia. Compacta y duradera, la EDF2 es la opci\u00f3n perfecta para los navegantes que buscan una alternativa m\u00e1s segura y respetuosa con el medio ambiente a las bengalas tradicionales.","og_url":"https:\/\/oceansignal.com\/es\/products\/flare-edf2-de-rescueme\/","og_site_name":"Ocean Signal","article_modified_time":"2025-11-24T16:39:08+00:00","og_image":[{"width":782,"height":782,"url":"https:\/\/oceansignal.com\/wp-content\/uploads\/2025\/06\/EDF2-FRONT-e1752085297427.png","type":"image\/png"}],"twitter_card":"summary_large_image","twitter_misc":{"Tiempo de lectura":"6 minutos"},"schema":{"@context":"https:\/\/schema.org","@graph":[{"@type":"WebPage","@id":"https:\/\/oceansignal.com\/es\/products\/flare-edf2-de-rescueme\/","url":"https:\/\/oceansignal.com\/es\/products\/flare-edf2-de-rescueme\/","name":"rescueME EDF2 Bengala Electronica - Ocean Signal EDF2 Flare electr\u00f3nica para embarcaciones Aprobado por la USCG RTCM | Ocean Signal","isPartOf":{"@id":"https:\/\/oceansignal.com\/es\/#website"},"primaryImageOfPage":{"@id":"https:\/\/oceansignal.com\/es\/products\/flare-edf2-de-rescueme\/#primaryimage"},"image":{"@id":"https:\/\/oceansignal.com\/es\/products\/flare-edf2-de-rescueme\/#primaryimage"},"thumbnailUrl":"https:\/\/oceansignal.com\/wp-content\/uploads\/2024\/10\/EDF2-FRONT_2025.png","datePublished":"2024-10-30T20:20:15+00:00","dateModified":"2025-11-24T16:39:08+00:00","description":"Mant\u00e9ngase seguro con la bengala electr\u00f3nica para embarcaciones Ocean Signal EDF2, una potente bengala electr\u00f3nica dise\u00f1ada para ofrecer una visibilidad y fiabilidad \u00f3ptimas en situaciones de emergencia. Compacta y duradera, la EDF2 es la opci\u00f3n perfecta para los navegantes que buscan una alternativa m\u00e1s segura y respetuosa con el medio ambiente a las bengalas tradicionales.","breadcrumb":{"@id":"https:\/\/oceansignal.com\/es\/products\/flare-edf2-de-rescueme\/#breadcrumb"},"inLanguage":"es","potentialAction":[{"@type":"ReadAction","target":["https:\/\/oceansignal.com\/es\/products\/flare-edf2-de-rescueme\/"]}]},{"@type":"ImageObject","inLanguage":"es","@id":"https:\/\/oceansignal.com\/es\/products\/flare-edf2-de-rescueme\/#primaryimage","url":"https:\/\/oceansignal.com\/wp-content\/uploads\/2024\/10\/EDF2-FRONT_2025.png","contentUrl":"https:\/\/oceansignal.com\/wp-content\/uploads\/2024\/10\/EDF2-FRONT_2025.png","width":1000,"height":1000},{"@type":"BreadcrumbList","@id":"https:\/\/oceansignal.com\/es\/products\/flare-edf2-de-rescueme\/#breadcrumb","itemListElement":[{"@type":"ListItem","position":1,"name":"Tienda","item":"https:\/\/oceansignal.com\/es\/tienda\/"},{"@type":"ListItem","position":2,"name":"rescueME EDF2 Bengala Electronica"}]},{"@type":"WebSite","@id":"https:\/\/oceansignal.com\/es\/#website","url":"https:\/\/oceansignal.com\/es\/","name":"Ocean Signal","description":"A leading manufacturer of EPIRBs, AIS, SARTs, Personal Locator Beacons, Man Overboard Beacon for the Marine and Outdoor Markets.","potentialAction":[{"@type":"SearchAction","target":{"@type":"EntryPoint","urlTemplate":"https:\/\/oceansignal.com\/es\/?s={search_term_string}"},"query-input":{"@type":"PropertyValueSpecification","valueRequired":true,"valueName":"search_term_string"}}],"inLanguage":"es"}]}},"_links":{"self":[{"href":"https:\/\/oceansignal.com\/es\/wp-json\/wp\/v2\/product\/12910","targetHints":{"allow":["GET"]}}],"collection":[{"href":"https:\/\/oceansignal.com\/es\/wp-json\/wp\/v2\/product"}],"about":[{"href":"https:\/\/oceansignal.com\/es\/wp-json\/wp\/v2\/types\/product"}],"wp:featuredmedia":[{"embeddable":true,"href":"https:\/\/oceansignal.com\/es\/wp-json\/wp\/v2\/media\/38638"}],"wp:attachment":[{"href":"https:\/\/oceansignal.com\/es\/wp-json\/wp\/v2\/media?parent=12910"}],"wp:term":[{"taxonomy":"product_brand","embeddable":true,"href":"https:\/\/oceansignal.com\/es\/wp-json\/wp\/v2\/product_brand?post=12910"},{"taxonomy":"product_cat","embeddable":true,"href":"https:\/\/oceansignal.com\/es\/wp-json\/wp\/v2\/product_cat?post=12910"},{"taxonomy":"product_tag","embeddable":true,"href":"https:\/\/oceansignal.com\/es\/wp-json\/wp\/v2\/product_tag?post=12910"}],"curies":[{"name":"wp","href":"https:\/\/api.w.org\/{rel}","templated":true}]}}