{"id":12912,"date":"2024-11-12T19:50:16","date_gmt":"2024-11-12T19:50:16","guid":{"rendered":"https:\/\/oceansignal.com\/products\/sea-seguro-m200\/"},"modified":"2026-02-17T15:46:48","modified_gmt":"2026-02-17T15:46:48","slug":"sea-seguro-m200","status":"publish","type":"product","link":"https:\/\/oceansignal.com\/es\/products\/sea-seguro-m200\/","title":{"rendered":"safeSEA M200"},"content":{"rendered":"<p class=\"ai-optimize-36 ai-optimize-introduction\"><em>\u00bfQuieres conocer lo \u00faltimo en requisitos de clase M para AIS MOB ?  <a href=\"https:\/\/oceansignal.com\/es\/news\/comprender-el-impacto-de-la-regulacion-ais-clase-m-en-los-mob\/\">Haga clic aqu\u00ed<\/a><\/em><\/p>\n<p class=\"ai-optimize-37\"><em>Solo para EE. UU.: este dispositivo no ha sido autorizado seg\u00fan lo exigen las normas de la Comisi\u00f3n Federal de Comunicaciones. Este dispositivo no se ofrece, ni se puede ofrecer, para la venta o el alquiler, ni se vende ni se alquila, hasta que se obtenga la autorizaci\u00f3n. Aprobado para la venta en pa\u00edses que han adoptado la regulaci\u00f3n ECC\/DEC\/(22)02.  <\/em><\/p>\n<p class=\"ai-optimize-38\"><em><a href=\"https:\/\/www.dropbox.com\/s\/8343nj28z0d7bxa\/Prop%2065%20-%20BPA.pdf?dl=0\">ADVERTENCIA: PROPOSICI\u00d3N 65<\/a><\/em><\/p>\n<h3 class=\"ai-optimize-39\">Resumen<\/h3>\n<p class=\"ai-optimize-40\">Dise\u00f1ado para satisfacer las necesidades tanto de los navegantes recreativos como del mercado marino profesional y sus trabajadores en alta mar, el M200 se puede colocar en un chaleco salvavidas y se activa autom\u00e1ticamente al inflarlo. Con m\u00faltiples m\u00e9todos de alerta de socorro, el M200 cuenta con luces estrobosc\u00f3picas infrarrojas y blancas duales y transmite a trav\u00e9s de AIS, DSC y 121,5 MHz para facilitar las tareas de rescate y, por lo tanto, maximizar la velocidad y la eficiencia del rescate. El M200, que cumple con la normativa AIS Clase M, es un dispositivo MOB DSC (llamada selectiva digital) Clase M que incorpora un dise\u00f1o duradero con un factor de forma que es oportunamente m\u00e1s peque\u00f1o que otros modelos comparables.  <\/p>\n<p class=\"ai-optimize-41\">Bas\u00e1ndose en la arquitectura de n\u00facleo de eficacia probada de su predecesor, el safeSEA M200 AIS se mantiene fiel a los principios de dise\u00f1o de Ocean Signal y logra una impresionante haza\u00f1a al integrar funciones adicionales en un formato a\u00fan m\u00e1s compacto. Cumpliendo con la normativa ECC\/DEC\/(22)02, tambi\u00e9n conocida como la Normativa AIS Clase M, el M200 incluye un receptor DSC (Llamada Selectiva Digital) que impide que el MOB siga enviando mensajes DSC por el canal DSC una vez reconocida una se\u00f1al de socorro. La inclusi\u00f3n de luces estrobosc\u00f3picas duales infrarrojas-blancas, junto con la alerta de socorro mediante AIS, DSC y 121,5 MHz, permite una m\u00e1xima detecci\u00f3n por parte de los servicios de emergencia.  <\/p>\n<p class=\"ai-optimize-42\"><strong>C\u00f3mo funciona<\/strong><\/p>\n<p class=\"ai-optimize-43\">Tras la activaci\u00f3n, el safeSEA M200 AIS comienza a transmitir la se\u00f1al de localizaci\u00f3n de 121,5 MHz y, en 15 segundos, se emitir\u00e1 la primera se\u00f1al de socorro individual. El M200 env\u00eda 8 mensajes AIS por minuto y, una vez obtenida una posici\u00f3n GNSS, cada secuencia de 8 mensajes AIS incluye coordenadas GNSS para alertar a los rescatistas sobre su ubicaci\u00f3n exacta. El M200 tambi\u00e9n puede enviar varios tipos de mensajes DSC*. El tipo de mensaje(s) DSC transmitido(s) (Llamada de retransmisi\u00f3n de socorro individual, Llamada de grupo o Alerta de socorro a todos los barcos) depende de la normativa espec\u00edfica de cada pa\u00eds.   <\/p>\n<p class=\"ai-optimize-44\"><strong>Aplicaci\u00f3n conectada<\/strong><\/p>\n<p class=\"ai-optimize-45\">Con la incorporaci\u00f3n de la tecnolog\u00eda de comunicaci\u00f3n de campo cercano (NFC), al colocar el tel\u00e9fono cerca de la baliza se inicia autom\u00e1ticamente la aplicaci\u00f3n Ocean Signal Product, lo que le permite acceder a una variedad de datos de uso. Los datos espec\u00edficos del usuario, como el MMSI de una embarcaci\u00f3n, se pueden ingresar en el M200 y, al mismo tiempo, se puede visualizar f\u00e1cilmente informaci\u00f3n vital, como la duraci\u00f3n de la bater\u00eda y el historial de autopruebas. El uso de NFC tambi\u00e9n garantiza que se maximice la duraci\u00f3n de la bater\u00eda interna por motivos de seguridad.  <\/p>\n<p class=\"ai-optimize-46\"><strong>Integraci\u00f3n de chalecos salvavidas<\/strong><\/p>\n<p class=\"ai-optimize-47\">El safeSEA M200 AIS puede activarse manual o autom\u00e1ticamente al instalarse en un chaleco salvavidas inflable de inflado autom\u00e1tico. La instalaci\u00f3n es sencilla gracias al clip del tubo de inflado oral incluido, que fija el M200 al chaleco salvavidas junto con la cinta de activaci\u00f3n colocada alrededor de la c\u00e1mara del chaleco**. Una vez instalado correctamente, el inflado de la c\u00e1mara del chaleco activa el despliegue de la antena y la activaci\u00f3n de la baliza.  <\/p>\n<p class=\"ai-optimize-48\">*La funcionalidad DSC est\u00e1 sujeta a las regulaciones del pa\u00eds.<\/p>\n<p class=\"ai-optimize-49\"><strong>** <i data-olk-copy-source=\"MailCompose\">Se recomienda consultar al fabricante del chaleco salvavidas antes de la instalaci\u00f3n, ya que modelos espec\u00edficos pueden tener su propio m\u00e9todo de ajuste preferido o recomendaciones de integraci\u00f3n.<\/i><\/strong><\/p>\n<p>&nbsp;<\/p>\n<p class=\"ai-optimize-50\"><strong>Caracter\u00edsticas y beneficios del Ocean Signal safeSEA M200 AIS:<\/strong><\/p>\n<ul>\n<li class=\"ai-optimize-51\">AIS (Sistema de Identificaci\u00f3n Autom\u00e1tica)<\/li>\n<li class=\"ai-optimize-52\">Cumple con la clase M (reglamento ECC\/DEC\/(22)02)<\/li>\n<li class=\"ai-optimize-53\">Transceptor DSC Tx y Rx integrado (Llamadas Selectivas Digitales) *<\/li>\n<li class=\"ai-optimize-54\">Los LED verifican la recepci\u00f3n de la se\u00f1al de socorro DSC<\/li>\n<li class=\"ai-optimize-55\">20% (t\u00edpico) m\u00e1s peque\u00f1o que los competidores<\/li>\n<li class=\"ai-optimize-56\">GNSS v\u00eda GPS, y Galileo<\/li>\n<li class=\"ai-optimize-57\">Posicionamiento r\u00e1pido y preciso<\/li>\n<li class=\"ai-optimize-58\">Se\u00f1al de retorno a 121,5 MHz<\/li>\n<li class=\"ai-optimize-59\">Luces estrobosc\u00f3picas IR y blancas<\/li>\n<li class=\"ai-optimize-60\">Los LED verifican la recepci\u00f3n de la se\u00f1al de socorro DSC<\/li>\n<li class=\"ai-optimize-61\">Activaci\u00f3n autom\u00e1tica<\/li>\n<li class=\"ai-optimize-62\">Integraci\u00f3n sencilla del chaleco salvavidas**<\/li>\n<li class=\"ai-optimize-63\">Duraci\u00f3n de la bater\u00eda de 5 a\u00f1os<\/li>\n<li class=\"ai-optimize-64\">12+ horas de vida operativa<\/li>\n<li class=\"ai-optimize-65\">Garant\u00eda de 2 a\u00f1os<\/li>\n<li class=\"ai-optimize-66\">Comunicaci\u00f3n de campo cercano (NFC) integrada<\/li>\n<li class=\"ai-optimize-67\">Conectividad de tel\u00e9fonos inteligentes a trav\u00e9s de NFC<\/li>\n<li class=\"ai-optimize-68\">Aplicaci\u00f3n m\u00f3vil Ocean Signal (iOS y Android)<\/li>\n<\/ul>\n<p>&nbsp;<\/p>\n<p class=\"ai-optimize-69\"><strong><em>Compatibilidad:<\/em><\/strong><em>  La mayor\u00eda de los plotters AIS y DSC VHF modernos cumplen con los est\u00e1ndares necesarios para recibir transmisiones MOB . Sin embargo, se recomienda, especialmente si utiliza equipos m\u00e1s antiguos, que verifique la compatibilidad con el fabricante del equipo. <\/em><\/p>\n<p class=\"ai-optimize-70\">\u00bfQuieres conocer lo \u00faltimo en requisitos de clase M para AIS MOB ?  <a href=\"https:\/\/oceansignal.com\/es\/news\/comprender-el-impacto-de-la-regulacion-ais-clase-m-en-los-mob\/\">Haga clic aqu\u00ed<\/a><\/p>\n<p>&nbsp;<\/p>\n","protected":false},"excerpt":{"rendered":"<div class=\"flex max-w-full flex-col flex-grow\">\n<div class=\"min-h-8 text-message relative flex w-full flex-col items-end gap-2 whitespace-normal break-words text-start [.text-message+&amp;]:mt-5\" dir=\"auto\" data-message-author-role=\"assistant\" data-message-id=\"933cc1c1-b547-4ddb-bf48-2e55b6592f46\" data-message-model-slug=\"gpt-4o\">\n<div class=\"flex w-full flex-col gap-1 empty:hidden first:pt-[3px]\">\n<div class=\"markdown prose w-full break-words dark:prose-invert light\">\n<ul data-start=\"81\" data-end=\"826\" data-is-last-node=\"\" data-is-only-node=\"\">\n<li class=\"\" data-start=\"81\" data-end=\"235\">\n<p class=\"\" data-start=\"83\" data-end=\"235\"><strong data-start=\"83\" data-end=\"112\">Alerta MOB AIS avanzada<\/strong> : compatible con clase M (ECC\/DEC\/(22)02) con AIS, DSC y se\u00f1alizaci\u00f3n de socorro de 121,5 MHz para m\u00e1xima visibilidad para los rescatistas.<\/p>\n<\/li>\n<li class=\"\" data-start=\"236\" data-end=\"387\">\n<p class=\"\" data-start=\"238\" data-end=\"387\"><strong data-start=\"238\" data-end=\"275\">Seguimiento de ubicaci\u00f3n r\u00e1pido y preciso<\/strong> : env\u00eda 8 mensajes AIS por minuto con posicionamiento GNSS preciso (GPS y Galileo) para una r\u00e1pida respuesta de emergencia.<\/p>\n<\/li>\n<li class=\"\" data-start=\"388\" data-end=\"530\">\n<p class=\"\" data-start=\"390\" data-end=\"530\"><strong data-start=\"390\" data-end=\"417\">Receptor DSC integrado<\/strong> : detiene las alertas de socorro una vez reconocidas, lo que reduce las transmisiones innecesarias y mejora la eficiencia de la b\u00fasqueda.<\/p>\n<\/li>\n<li class=\"\" data-start=\"531\" data-end=\"678\">\n<p class=\"\" data-start=\"533\" data-end=\"678\"><strong data-start=\"533\" data-end=\"568\">Integraci\u00f3n perfecta del chaleco salvavidas<\/strong> : activaci\u00f3n autom\u00e1tica o manual cuando se instala en un chaleco salvavidas inflable, lo que garantiza un funcionamiento con manos libres.<\/p>\n<\/li>\n<li class=\"\" data-start=\"679\" data-end=\"826\">\n<p class=\"\" data-start=\"681\" data-end=\"826\"><strong data-start=\"681\" data-end=\"708\">Conectividad con tel\u00e9fonos inteligentes<\/strong> : habilitado para NFC para un f\u00e1cil acceso al estado de la bater\u00eda, el historial de autoprueba y la configuraci\u00f3n de MMSI a trav\u00e9s de la aplicaci\u00f3n m\u00f3vil Ocean Signal .<\/p>\n<\/li>\n<li data-start=\"679\" data-end=\"826\">Compra \u00fanica sin suscripci\u00f3n mensual<\/li>\n<\/ul>\n<\/div>\n<\/div>\n<\/div>\n<\/div>\n","protected":false},"featured_media":12407,"template":"","meta":{"_acf_changed":false,"om_disable_all_campaigns":false},"product_brand":[],"product_cat":[384,1986,964,329],"product_tag":[],"class_list":{"0":"post-12912","1":"product","2":"type-product","3":"status-publish","4":"has-post-thumbnail","6":"product_cat-ais-es-2","7":"product_cat-compatible-con-chalecos-salvavidas","8":"product_cat-hombre-al-agua","9":"product_cat-safesea-es","11":"first","12":"instock","13":"taxable","14":"shipping-taxable","15":"purchasable","16":"product-type-simple"},"acf":[],"yoast_head":"<!-- This site is optimized with the Yoast SEO Premium plugin v25.2 (Yoast SEO v26.4) - https:\/\/yoast.com\/wordpress\/plugins\/seo\/ -->\n<title>safeSEA M200 - Ocean Signal<\/title>\n<meta name=\"description\" content=\"La baliza de hombre al agua safeSEA M200 AIS de Ocean Signal maximiza las posibilidades de rescate con sus 3 m\u00e9todos de transmisi\u00f3n de socorro: AIS, DSC y 121,5 MHz.\" \/>\n<meta name=\"robots\" content=\"index, follow, max-snippet:-1, max-image-preview:large, max-video-preview:-1\" \/>\n<link rel=\"canonical\" href=\"https:\/\/oceansignal.com\/es\/products\/sea-seguro-m200\/\" \/>\n<meta property=\"og:locale\" content=\"es_ES\" \/>\n<meta property=\"og:type\" content=\"article\" \/>\n<meta property=\"og:title\" content=\"safeSEA M200\" \/>\n<meta property=\"og:description\" content=\"La baliza de hombre al agua safeSEA M200 AIS de Ocean Signal maximiza las posibilidades de rescate con sus 3 m\u00e9todos de transmisi\u00f3n de socorro: AIS, DSC y 121,5 MHz.\" \/>\n<meta property=\"og:url\" content=\"https:\/\/oceansignal.com\/es\/products\/sea-seguro-m200\/\" \/>\n<meta property=\"og:site_name\" content=\"Ocean Signal\" \/>\n<meta property=\"article:modified_time\" content=\"2026-02-17T15:46:48+00:00\" \/>\n<meta property=\"og:image\" content=\"https:\/\/oceansignal.com\/wp-content\/uploads\/2024\/11\/M200-Front.png\" \/>\n\t<meta property=\"og:image:width\" content=\"800\" \/>\n\t<meta property=\"og:image:height\" content=\"800\" \/>\n\t<meta property=\"og:image:type\" content=\"image\/png\" \/>\n<meta name=\"twitter:card\" content=\"summary_large_image\" \/>\n<meta name=\"twitter:label1\" content=\"Tiempo de lectura\" \/>\n\t<meta name=\"twitter:data1\" content=\"3 minutos\" \/>\n<script type=\"application\/ld+json\" class=\"yoast-schema-graph\">{\"@context\":\"https:\/\/schema.org\",\"@graph\":[{\"@type\":\"WebPage\",\"@id\":\"https:\/\/oceansignal.com\/es\/products\/sea-seguro-m200\/\",\"url\":\"https:\/\/oceansignal.com\/es\/products\/sea-seguro-m200\/\",\"name\":\"safeSEA M200 - Ocean Signal\",\"isPartOf\":{\"@id\":\"https:\/\/oceansignal.com\/es\/#website\"},\"primaryImageOfPage\":{\"@id\":\"https:\/\/oceansignal.com\/es\/products\/sea-seguro-m200\/#primaryimage\"},\"image\":{\"@id\":\"https:\/\/oceansignal.com\/es\/products\/sea-seguro-m200\/#primaryimage\"},\"thumbnailUrl\":\"https:\/\/oceansignal.com\/wp-content\/uploads\/2024\/11\/M200-Front.png\",\"datePublished\":\"2024-11-12T19:50:16+00:00\",\"dateModified\":\"2026-02-17T15:46:48+00:00\",\"description\":\"La baliza de hombre al agua safeSEA M200 AIS de Ocean Signal maximiza las posibilidades de rescate con sus 3 m\u00e9todos de transmisi\u00f3n de socorro: AIS, DSC y 121,5 MHz.\",\"breadcrumb\":{\"@id\":\"https:\/\/oceansignal.com\/es\/products\/sea-seguro-m200\/#breadcrumb\"},\"inLanguage\":\"es\",\"potentialAction\":[{\"@type\":\"ReadAction\",\"target\":[\"https:\/\/oceansignal.com\/es\/products\/sea-seguro-m200\/\"]}]},{\"@type\":\"ImageObject\",\"inLanguage\":\"es\",\"@id\":\"https:\/\/oceansignal.com\/es\/products\/sea-seguro-m200\/#primaryimage\",\"url\":\"https:\/\/oceansignal.com\/wp-content\/uploads\/2024\/11\/M200-Front.png\",\"contentUrl\":\"https:\/\/oceansignal.com\/wp-content\/uploads\/2024\/11\/M200-Front.png\",\"width\":800,\"height\":800},{\"@type\":\"BreadcrumbList\",\"@id\":\"https:\/\/oceansignal.com\/es\/products\/sea-seguro-m200\/#breadcrumb\",\"itemListElement\":[{\"@type\":\"ListItem\",\"position\":1,\"name\":\"Tienda\",\"item\":\"https:\/\/oceansignal.com\/es\/tienda\/\"},{\"@type\":\"ListItem\",\"position\":2,\"name\":\"safeSEA M200\"}]},{\"@type\":\"WebSite\",\"@id\":\"https:\/\/oceansignal.com\/es\/#website\",\"url\":\"https:\/\/oceansignal.com\/es\/\",\"name\":\"Ocean Signal\",\"description\":\"A leading manufacturer of EPIRBs, AIS, SARTs, Personal Locator Beacons, Man Overboard Beacon for the Marine and Outdoor Markets.\",\"potentialAction\":[{\"@type\":\"SearchAction\",\"target\":{\"@type\":\"EntryPoint\",\"urlTemplate\":\"https:\/\/oceansignal.com\/es\/?s={search_term_string}\"},\"query-input\":{\"@type\":\"PropertyValueSpecification\",\"valueRequired\":true,\"valueName\":\"search_term_string\"}}],\"inLanguage\":\"es\"}]}<\/script>\n<!-- \/ Yoast SEO Premium plugin. -->","yoast_head_json":{"title":"safeSEA M200 - Ocean Signal","description":"La baliza de hombre al agua safeSEA M200 AIS de Ocean Signal maximiza las posibilidades de rescate con sus 3 m\u00e9todos de transmisi\u00f3n de socorro: AIS, DSC y 121,5 MHz.","robots":{"index":"index","follow":"follow","max-snippet":"max-snippet:-1","max-image-preview":"max-image-preview:large","max-video-preview":"max-video-preview:-1"},"canonical":"https:\/\/oceansignal.com\/es\/products\/sea-seguro-m200\/","og_locale":"es_ES","og_type":"article","og_title":"safeSEA M200","og_description":"La baliza de hombre al agua safeSEA M200 AIS de Ocean Signal maximiza las posibilidades de rescate con sus 3 m\u00e9todos de transmisi\u00f3n de socorro: AIS, DSC y 121,5 MHz.","og_url":"https:\/\/oceansignal.com\/es\/products\/sea-seguro-m200\/","og_site_name":"Ocean Signal","article_modified_time":"2026-02-17T15:46:48+00:00","og_image":[{"width":800,"height":800,"url":"https:\/\/oceansignal.com\/wp-content\/uploads\/2024\/11\/M200-Front.png","type":"image\/png"}],"twitter_card":"summary_large_image","twitter_misc":{"Tiempo de lectura":"3 minutos"},"schema":{"@context":"https:\/\/schema.org","@graph":[{"@type":"WebPage","@id":"https:\/\/oceansignal.com\/es\/products\/sea-seguro-m200\/","url":"https:\/\/oceansignal.com\/es\/products\/sea-seguro-m200\/","name":"safeSEA M200 - Ocean Signal","isPartOf":{"@id":"https:\/\/oceansignal.com\/es\/#website"},"primaryImageOfPage":{"@id":"https:\/\/oceansignal.com\/es\/products\/sea-seguro-m200\/#primaryimage"},"image":{"@id":"https:\/\/oceansignal.com\/es\/products\/sea-seguro-m200\/#primaryimage"},"thumbnailUrl":"https:\/\/oceansignal.com\/wp-content\/uploads\/2024\/11\/M200-Front.png","datePublished":"2024-11-12T19:50:16+00:00","dateModified":"2026-02-17T15:46:48+00:00","description":"La baliza de hombre al agua safeSEA M200 AIS de Ocean Signal maximiza las posibilidades de rescate con sus 3 m\u00e9todos de transmisi\u00f3n de socorro: AIS, DSC y 121,5 MHz.","breadcrumb":{"@id":"https:\/\/oceansignal.com\/es\/products\/sea-seguro-m200\/#breadcrumb"},"inLanguage":"es","potentialAction":[{"@type":"ReadAction","target":["https:\/\/oceansignal.com\/es\/products\/sea-seguro-m200\/"]}]},{"@type":"ImageObject","inLanguage":"es","@id":"https:\/\/oceansignal.com\/es\/products\/sea-seguro-m200\/#primaryimage","url":"https:\/\/oceansignal.com\/wp-content\/uploads\/2024\/11\/M200-Front.png","contentUrl":"https:\/\/oceansignal.com\/wp-content\/uploads\/2024\/11\/M200-Front.png","width":800,"height":800},{"@type":"BreadcrumbList","@id":"https:\/\/oceansignal.com\/es\/products\/sea-seguro-m200\/#breadcrumb","itemListElement":[{"@type":"ListItem","position":1,"name":"Tienda","item":"https:\/\/oceansignal.com\/es\/tienda\/"},{"@type":"ListItem","position":2,"name":"safeSEA M200"}]},{"@type":"WebSite","@id":"https:\/\/oceansignal.com\/es\/#website","url":"https:\/\/oceansignal.com\/es\/","name":"Ocean Signal","description":"A leading manufacturer of EPIRBs, AIS, SARTs, Personal Locator Beacons, Man Overboard Beacon for the Marine and Outdoor Markets.","potentialAction":[{"@type":"SearchAction","target":{"@type":"EntryPoint","urlTemplate":"https:\/\/oceansignal.com\/es\/?s={search_term_string}"},"query-input":{"@type":"PropertyValueSpecification","valueRequired":true,"valueName":"search_term_string"}}],"inLanguage":"es"}]}},"_links":{"self":[{"href":"https:\/\/oceansignal.com\/es\/wp-json\/wp\/v2\/product\/12912","targetHints":{"allow":["GET"]}}],"collection":[{"href":"https:\/\/oceansignal.com\/es\/wp-json\/wp\/v2\/product"}],"about":[{"href":"https:\/\/oceansignal.com\/es\/wp-json\/wp\/v2\/types\/product"}],"wp:featuredmedia":[{"embeddable":true,"href":"https:\/\/oceansignal.com\/es\/wp-json\/wp\/v2\/media\/12407"}],"wp:attachment":[{"href":"https:\/\/oceansignal.com\/es\/wp-json\/wp\/v2\/media?parent=12912"}],"wp:term":[{"taxonomy":"product_brand","embeddable":true,"href":"https:\/\/oceansignal.com\/es\/wp-json\/wp\/v2\/product_brand?post=12912"},{"taxonomy":"product_cat","embeddable":true,"href":"https:\/\/oceansignal.com\/es\/wp-json\/wp\/v2\/product_cat?post=12912"},{"taxonomy":"product_tag","embeddable":true,"href":"https:\/\/oceansignal.com\/es\/wp-json\/wp\/v2\/product_tag?post=12912"}],"curies":[{"name":"wp","href":"https:\/\/api.w.org\/{rel}","templated":true}]}}