{"id":28559,"date":"2025-05-22T10:05:48","date_gmt":"2025-05-22T10:05:48","guid":{"rendered":"https:\/\/oceansignal.com\/?post_type=product&#038;p=28559"},"modified":"2025-07-24T15:19:03","modified_gmt":"2025-07-24T15:19:03","slug":"bolsa-de-sorpresas-ocean-signal","status":"publish","type":"product","link":"https:\/\/oceansignal.com\/es\/products\/bolsa-de-sorpresas-ocean-signal\/","title":{"rendered":"Bolsa de sorpresas Ocean Signal"},"content":{"rendered":"<h3 data-start=\"3285\" data-end=\"3337\"><strong data-start=\"3292\" data-end=\"3337\"><img loading=\"lazy\" decoding=\"async\" class=\"alignnone size-full wp-image-32359\" src=\"https:\/\/oceansignal.com\/wp-content\/uploads\/2025\/07\/View-New-Safety-Kits.png\" alt=\"\" width=\"300\" height=\"75\" srcset=\"https:\/\/oceansignal.com\/wp-content\/uploads\/2025\/07\/View-New-Safety-Kits.png 300w, https:\/\/oceansignal.com\/wp-content\/uploads\/2025\/07\/View-New-Safety-Kits-60x15.png 60w, https:\/\/oceansignal.com\/wp-content\/uploads\/2025\/07\/View-New-Safety-Kits-110x28.png 110w\" sizes=\"auto, (max-width: 300px) 100vw, 300px\" \/><\/strong><\/h3>\n<p><b><span data-contrast=\"auto\">Bolsa Ocean Signal : dise\u00f1ada espec\u00edficamente para la seguridad en el mar<\/span><\/b><span data-ccp-props=\"{}\"> <\/span><\/p>\n<p><span data-contrast=\"auto\">Cuando ocurren emergencias en alta mar, cada segundo cuenta. La bolsa de emergencia Ocean Signal est\u00e1 dise\u00f1ada espec\u00edficamente para ayudarte a estar preparado y responder con rapidez, brind\u00e1ndote un lugar seguro y de f\u00e1cil acceso para guardar tu equipo de seguridad esencial. Ya sea que navegues por la costa o te dirijas a alta mar, una bolsa de emergencia espec\u00edfica puede marcar la diferencia entre el p\u00e1nico y la preparaci\u00f3n.  <\/span><span data-ccp-props=\"{}\"> <\/span><\/p>\n<p><span data-contrast=\"auto\">Dise\u00f1ada en colaboraci\u00f3n entre el equipo de Ingenier\u00eda de Ocean Signal y un marinero profesional y dise\u00f1ador de bolsos con sede en Southampton, Reino Unido, la bolsa de mano Ocean Signal se basa en la experiencia pr\u00e1ctica. Es lo suficientemente compacta como para guardarla en los espacios m\u00e1s reducidos a bordo, pero lo suficientemente espaciosa como para llevar su equipo de emergencia vital: radiobalizas de localizaci\u00f3n de siniestros (EPIRB), balizas de localizaci\u00f3n de siniestros (PLB), radios VHF, bengalas y m\u00e1s. <\/span><span data-ccp-props=\"{}\"> <\/span><\/p>\n<p><b><span data-contrast=\"auto\">\u00bfPor qu\u00e9 necesitas una bolsa de sorpresas?<\/span><\/b><br \/>\n<span data-contrast=\"auto\">En caso de emergencia, como un incendio, una inundaci\u00f3n o un abandono, no tienes tiempo para pensar en qu\u00e9 llevar. Con una bolsa de emergencia bien surtida, tus art\u00edculos esenciales ya est\u00e1n empacados y listos. Es tu salvavidas cuando todo lo dem\u00e1s sale mal.  <\/span><span data-ccp-props=\"{}\"> <\/span><\/p>\n<p><b><span data-contrast=\"auto\">Funciones:<\/span><\/b><span data-ccp-props=\"{}\"> <\/span><\/p>\n<ul>\n<li data-leveltext=\"\uf0b7\" data-font=\"Symbol\" data-listid=\"2\" data-list-defn-props=\"{\"335552541\":1,\"335559685\":720,\"335559991\":360,\"469769226\":\"Symbol\",\"469769242\":[8226],\"469777803\":\"left\",\"469777804\":\"\uf0b7\",\"469777815\":\"multilevel\"}\" data-aria-posinset=\"1\" data-aria-level=\"1\"><b><span data-contrast=\"auto\">Amplio compartimento principal<\/span><\/b> <span data-contrast=\"auto\">: ofrece 9 litros de capacidad interna: gran \u00e1rea interna para art\u00edculos esenciales como bengalas, raciones de comida, PLB, primeros auxilios y m\u00e1s.<\/span><span data-ccp-props=\"{}\"> <\/span><\/li>\n<\/ul>\n<ul>\n<li data-leveltext=\"\uf0b7\" data-font=\"Symbol\" data-listid=\"2\" data-list-defn-props=\"{\"335552541\":1,\"335559685\":720,\"335559991\":360,\"469769226\":\"Symbol\",\"469769242\":[8226],\"469777803\":\"left\",\"469777804\":\"\uf0b7\",\"469777815\":\"multilevel\"}\" data-aria-posinset=\"2\" data-aria-level=\"1\"><b><span data-contrast=\"auto\">Riel de sujeci\u00f3n interno:<\/span><\/b> <span data-contrast=\"auto\">permite sujetar elementos clave mediante un cord\u00f3n o mosquet\u00f3n.<\/span> <span data-ccp-props=\"{}\"> <\/span><\/li>\n<\/ul>\n<ul>\n<li data-leveltext=\"\uf0b7\" data-font=\"Symbol\" data-listid=\"2\" data-list-defn-props=\"{\"335552541\":1,\"335559685\":720,\"335559991\":360,\"469769226\":\"Symbol\",\"469769242\":[8226],\"469777803\":\"left\",\"469777804\":\"\uf0b7\",\"469777815\":\"multilevel\"}\" data-aria-posinset=\"3\" data-aria-level=\"1\"><b><span data-contrast=\"auto\">2 bolsillos externos<\/span><\/b> <span data-contrast=\"auto\">: dise\u00f1ados para adaptarse de forma segura a cualquier tama\u00f1o de radio EPIRB o VHF<\/span><span data-ccp-props=\"{}\"> <\/span><\/li>\n<\/ul>\n<ul>\n<li data-leveltext=\"\uf0b7\" data-font=\"Symbol\" data-listid=\"2\" data-list-defn-props=\"{\"335552541\":1,\"335559685\":720,\"335559991\":360,\"469769226\":\"Symbol\",\"469769242\":[8226],\"469777803\":\"left\",\"469777804\":\"\uf0b7\",\"469777815\":\"multilevel\"}\" data-aria-posinset=\"4\" data-aria-level=\"1\"><b><span data-contrast=\"auto\">Dimensiones compactas y pr\u00e1cticas<\/span><\/b> <span data-contrast=\"auto\">: 42 cm de ancho x 29 cm de alto x 17 cm de profundidad cuando est\u00e1 cerrado; cabe en casilleros peque\u00f1os y debajo de los asientos con facilidad.<\/span><span data-ccp-props=\"{}\"> <\/span><\/li>\n<\/ul>\n<ul>\n<li data-leveltext=\"\uf0b7\" data-font=\"Symbol\" data-listid=\"2\" data-list-defn-props=\"{\"335552541\":1,\"335559685\":720,\"335559991\":360,\"469769226\":\"Symbol\",\"469769242\":[8226],\"469777803\":\"left\",\"469777804\":\"\uf0b7\",\"469777815\":\"multilevel\"}\" data-aria-posinset=\"5\" data-aria-level=\"1\"><b><span data-contrast=\"auto\">Resistente al agua y liviano<\/span><\/b> <span data-contrast=\"auto\">: dise\u00f1ado para sobrevivir a las duras condiciones marinas y f\u00e1cil de transportar hasta la balsa salvavidas.<\/span><\/li>\n<\/ul>\n<ul>\n<li data-leveltext=\"\uf0b7\" data-font=\"Symbol\" data-listid=\"2\" data-list-defn-props=\"{\"335552541\":1,\"335559685\":720,\"335559991\":360,\"469769226\":\"Symbol\",\"469769242\":[8226],\"469777803\":\"left\",\"469777804\":\"\uf0b7\",\"469777815\":\"multilevel\"}\" data-aria-posinset=\"6\" data-aria-level=\"1\"><b><span data-contrast=\"auto\">Exterior brillante y f\u00e1cil de limpiar<\/span><\/b> <span data-contrast=\"auto\">: el material altamente visible resiste el moho y es f\u00e1cil de limpiar.<\/span><span data-ccp-props=\"{}\"> <\/span><\/li>\n<\/ul>\n<ul>\n<li data-leveltext=\"\uf0b7\" data-font=\"Symbol\" data-listid=\"2\" data-list-defn-props=\"{\"335552541\":1,\"335559685\":720,\"335559991\":360,\"469769226\":\"Symbol\",\"469769242\":[8226],\"469777803\":\"left\",\"469777804\":\"\uf0b7\",\"469777815\":\"multilevel\"}\" data-aria-posinset=\"7\" data-aria-level=\"1\"><b><span data-contrast=\"auto\">Cinta reflectante aprobada por SOLAS<\/span><\/b> <span data-contrast=\"auto\">: mejora la visibilidad en situaciones de poca luz o de rescate.<\/span><span data-ccp-props=\"{}\"> <\/span><\/li>\n<\/ul>\n<ul>\n<li data-leveltext=\"\uf0b7\" data-font=\"Symbol\" data-listid=\"2\" data-list-defn-props=\"{\"335552541\":1,\"335559685\":720,\"335559991\":360,\"469769226\":\"Symbol\",\"469769242\":[8226],\"469777803\":\"left\",\"469777804\":\"\uf0b7\",\"469777815\":\"multilevel\"}\" data-aria-posinset=\"8\" data-aria-level=\"1\"><b><span data-contrast=\"auto\">Construcci\u00f3n flotante<\/span><\/b> <span data-contrast=\"auto\">: mantiene el equipo a flote si se cae o se sumerge.<\/span><span data-ccp-props=\"{}\"> <\/span><\/li>\n<\/ul>\n<ul>\n<li data-leveltext=\"\uf0b7\" data-font=\"Symbol\" data-listid=\"2\" data-list-defn-props=\"{\"335552541\":1,\"335559685\":720,\"335559991\":360,\"469769226\":\"Symbol\",\"469769242\":[8226],\"469777803\":\"left\",\"469777804\":\"\uf0b7\",\"469777815\":\"multilevel\"}\" data-aria-posinset=\"9\" data-aria-level=\"1\"><b><span data-contrast=\"auto\">Correa de hombro ajustable y desmontable<\/span><\/b> <span data-contrast=\"auto\">: para agarrar y llevar r\u00e1pidamente.<\/span><span data-ccp-props=\"{}\"> <\/span><\/li>\n<\/ul>\n<ul>\n<li data-leveltext=\"\uf0b7\" data-font=\"Symbol\" data-listid=\"2\" data-list-defn-props=\"{\"335552541\":1,\"335559685\":720,\"335559991\":360,\"469769226\":\"Symbol\",\"469769242\":[8226],\"469777803\":\"left\",\"469777804\":\"\uf0b7\",\"469777815\":\"multilevel\"}\" data-aria-posinset=\"10\" data-aria-level=\"1\"><b><span data-contrast=\"auto\">Espacios grandes para nombre\/indicativo de llamada\/nombre MMSI en la parte posterior<\/span><\/b><span data-ccp-props=\"{}\"> <\/span><\/li>\n<\/ul>\n","protected":false},"excerpt":{"rendered":"<p>Dise\u00f1ada en colaboraci\u00f3n con marineros profesionales, la bolsa de almacenamiento Ocean Signal es la soluci\u00f3n esencial para guardar su equipo de emergencia. Compacta pero espaciosa, ofrece 9 litros de capacidad interna con dos amplios bolsillos externos para radiobalizas de emergencia (EPIRB) y VHF. Dise\u00f1ada para ser impermeable, flotante, f\u00e1cil de limpiar y de acceder r\u00e1pidamente, cuenta con cinta reflectante homologada por SOLAS, puntos de anclaje internos y un amplio panel trasero para los detalles de su embarcaci\u00f3n.  <\/p>\n","protected":false},"featured_media":31566,"template":"","meta":{"_acf_changed":false,"om_disable_all_campaigns":false},"product_brand":[],"product_cat":[1691,470],"product_tag":[1357,1358],"class_list":{"0":"post-28559","1":"product","2":"type-product","3":"status-publish","4":"has-post-thumbnail","6":"product_cat-kits-de-seguridad","7":"product_cat-rescueme-es","8":"product_tag-bolsa-de-sorpresas","9":"product_tag-bolsa-de-zanja","11":"first","12":"outofstock","13":"taxable","14":"shipping-taxable","15":"purchasable","16":"product-type-simple"},"acf":[],"yoast_head":"<!-- This site is optimized with the Yoast SEO Premium plugin v25.2 (Yoast SEO v26.4) - https:\/\/yoast.com\/wordpress\/plugins\/seo\/ -->\n<title>Bolsa de sorpresas Ocean Signal - Ocean Signal<\/title>\n<meta name=\"robots\" content=\"index, follow, max-snippet:-1, max-image-preview:large, max-video-preview:-1\" \/>\n<link rel=\"canonical\" href=\"https:\/\/oceansignal.com\/es\/products\/bolsa-de-sorpresas-ocean-signal\/\" \/>\n<meta property=\"og:locale\" content=\"es_ES\" \/>\n<meta property=\"og:type\" content=\"article\" \/>\n<meta property=\"og:title\" content=\"Bolsa de sorpresas Ocean Signal\" \/>\n<meta property=\"og:description\" content=\"Dise\u00f1ada en colaboraci\u00f3n con marineros profesionales, la bolsa de almacenamiento Ocean Signal es la soluci\u00f3n esencial para guardar su equipo de emergencia. Compacta pero espaciosa, ofrece 9 litros de capacidad interna con dos amplios bolsillos externos para radiobalizas de emergencia (EPIRB) y VHF. Dise\u00f1ada para ser impermeable, flotante, f\u00e1cil de limpiar y de acceder r\u00e1pidamente, cuenta con cinta reflectante homologada por SOLAS, puntos de anclaje internos y un amplio panel trasero para los detalles de su embarcaci\u00f3n.\" \/>\n<meta property=\"og:url\" content=\"https:\/\/oceansignal.com\/es\/products\/bolsa-de-sorpresas-ocean-signal\/\" \/>\n<meta property=\"og:site_name\" content=\"Ocean Signal\" \/>\n<meta property=\"article:modified_time\" content=\"2025-07-24T15:19:03+00:00\" \/>\n<meta property=\"og:image\" content=\"https:\/\/oceansignal.com\/wp-content\/uploads\/2025\/06\/Grab_Bag-copy.jpg\" \/>\n\t<meta property=\"og:image:width\" content=\"1120\" \/>\n\t<meta property=\"og:image:height\" content=\"756\" \/>\n\t<meta property=\"og:image:type\" content=\"image\/jpeg\" \/>\n<meta name=\"twitter:card\" content=\"summary_large_image\" \/>\n<meta name=\"twitter:label1\" content=\"Tiempo de lectura\" \/>\n\t<meta name=\"twitter:data1\" content=\"2 minutos\" \/>\n<script type=\"application\/ld+json\" class=\"yoast-schema-graph\">{\"@context\":\"https:\/\/schema.org\",\"@graph\":[{\"@type\":\"WebPage\",\"@id\":\"https:\/\/oceansignal.com\/es\/products\/bolsa-de-sorpresas-ocean-signal\/\",\"url\":\"https:\/\/oceansignal.com\/es\/products\/bolsa-de-sorpresas-ocean-signal\/\",\"name\":\"Bolsa de sorpresas Ocean Signal - Ocean Signal\",\"isPartOf\":{\"@id\":\"https:\/\/oceansignal.com\/es\/#website\"},\"primaryImageOfPage\":{\"@id\":\"https:\/\/oceansignal.com\/es\/products\/bolsa-de-sorpresas-ocean-signal\/#primaryimage\"},\"image\":{\"@id\":\"https:\/\/oceansignal.com\/es\/products\/bolsa-de-sorpresas-ocean-signal\/#primaryimage\"},\"thumbnailUrl\":\"https:\/\/oceansignal.com\/wp-content\/uploads\/2025\/06\/Grab_Bag-copy.jpg\",\"datePublished\":\"2025-05-22T10:05:48+00:00\",\"dateModified\":\"2025-07-24T15:19:03+00:00\",\"breadcrumb\":{\"@id\":\"https:\/\/oceansignal.com\/es\/products\/bolsa-de-sorpresas-ocean-signal\/#breadcrumb\"},\"inLanguage\":\"es\",\"potentialAction\":[{\"@type\":\"ReadAction\",\"target\":[\"https:\/\/oceansignal.com\/es\/products\/bolsa-de-sorpresas-ocean-signal\/\"]}]},{\"@type\":\"ImageObject\",\"inLanguage\":\"es\",\"@id\":\"https:\/\/oceansignal.com\/es\/products\/bolsa-de-sorpresas-ocean-signal\/#primaryimage\",\"url\":\"https:\/\/oceansignal.com\/wp-content\/uploads\/2025\/06\/Grab_Bag-copy.jpg\",\"contentUrl\":\"https:\/\/oceansignal.com\/wp-content\/uploads\/2025\/06\/Grab_Bag-copy.jpg\",\"width\":1120,\"height\":756},{\"@type\":\"BreadcrumbList\",\"@id\":\"https:\/\/oceansignal.com\/es\/products\/bolsa-de-sorpresas-ocean-signal\/#breadcrumb\",\"itemListElement\":[{\"@type\":\"ListItem\",\"position\":1,\"name\":\"Tienda\",\"item\":\"https:\/\/oceansignal.com\/es\/tienda\/\"},{\"@type\":\"ListItem\",\"position\":2,\"name\":\"Bolsa de sorpresas Ocean Signal\"}]},{\"@type\":\"WebSite\",\"@id\":\"https:\/\/oceansignal.com\/es\/#website\",\"url\":\"https:\/\/oceansignal.com\/es\/\",\"name\":\"Ocean Signal\",\"description\":\"A leading manufacturer of EPIRBs, AIS, SARTs, Personal Locator Beacons, Man Overboard Beacon for the Marine and Outdoor Markets.\",\"potentialAction\":[{\"@type\":\"SearchAction\",\"target\":{\"@type\":\"EntryPoint\",\"urlTemplate\":\"https:\/\/oceansignal.com\/es\/?s={search_term_string}\"},\"query-input\":{\"@type\":\"PropertyValueSpecification\",\"valueRequired\":true,\"valueName\":\"search_term_string\"}}],\"inLanguage\":\"es\"}]}<\/script>\n<!-- \/ Yoast SEO Premium plugin. -->","yoast_head_json":{"title":"Bolsa de sorpresas Ocean Signal - Ocean Signal","robots":{"index":"index","follow":"follow","max-snippet":"max-snippet:-1","max-image-preview":"max-image-preview:large","max-video-preview":"max-video-preview:-1"},"canonical":"https:\/\/oceansignal.com\/es\/products\/bolsa-de-sorpresas-ocean-signal\/","og_locale":"es_ES","og_type":"article","og_title":"Bolsa de sorpresas Ocean Signal","og_description":"Dise\u00f1ada en colaboraci\u00f3n con marineros profesionales, la bolsa de almacenamiento Ocean Signal es la soluci\u00f3n esencial para guardar su equipo de emergencia. Compacta pero espaciosa, ofrece 9 litros de capacidad interna con dos amplios bolsillos externos para radiobalizas de emergencia (EPIRB) y VHF. Dise\u00f1ada para ser impermeable, flotante, f\u00e1cil de limpiar y de acceder r\u00e1pidamente, cuenta con cinta reflectante homologada por SOLAS, puntos de anclaje internos y un amplio panel trasero para los detalles de su embarcaci\u00f3n.","og_url":"https:\/\/oceansignal.com\/es\/products\/bolsa-de-sorpresas-ocean-signal\/","og_site_name":"Ocean Signal","article_modified_time":"2025-07-24T15:19:03+00:00","og_image":[{"width":1120,"height":756,"url":"https:\/\/oceansignal.com\/wp-content\/uploads\/2025\/06\/Grab_Bag-copy.jpg","type":"image\/jpeg"}],"twitter_card":"summary_large_image","twitter_misc":{"Tiempo de lectura":"2 minutos"},"schema":{"@context":"https:\/\/schema.org","@graph":[{"@type":"WebPage","@id":"https:\/\/oceansignal.com\/es\/products\/bolsa-de-sorpresas-ocean-signal\/","url":"https:\/\/oceansignal.com\/es\/products\/bolsa-de-sorpresas-ocean-signal\/","name":"Bolsa de sorpresas Ocean Signal - Ocean Signal","isPartOf":{"@id":"https:\/\/oceansignal.com\/es\/#website"},"primaryImageOfPage":{"@id":"https:\/\/oceansignal.com\/es\/products\/bolsa-de-sorpresas-ocean-signal\/#primaryimage"},"image":{"@id":"https:\/\/oceansignal.com\/es\/products\/bolsa-de-sorpresas-ocean-signal\/#primaryimage"},"thumbnailUrl":"https:\/\/oceansignal.com\/wp-content\/uploads\/2025\/06\/Grab_Bag-copy.jpg","datePublished":"2025-05-22T10:05:48+00:00","dateModified":"2025-07-24T15:19:03+00:00","breadcrumb":{"@id":"https:\/\/oceansignal.com\/es\/products\/bolsa-de-sorpresas-ocean-signal\/#breadcrumb"},"inLanguage":"es","potentialAction":[{"@type":"ReadAction","target":["https:\/\/oceansignal.com\/es\/products\/bolsa-de-sorpresas-ocean-signal\/"]}]},{"@type":"ImageObject","inLanguage":"es","@id":"https:\/\/oceansignal.com\/es\/products\/bolsa-de-sorpresas-ocean-signal\/#primaryimage","url":"https:\/\/oceansignal.com\/wp-content\/uploads\/2025\/06\/Grab_Bag-copy.jpg","contentUrl":"https:\/\/oceansignal.com\/wp-content\/uploads\/2025\/06\/Grab_Bag-copy.jpg","width":1120,"height":756},{"@type":"BreadcrumbList","@id":"https:\/\/oceansignal.com\/es\/products\/bolsa-de-sorpresas-ocean-signal\/#breadcrumb","itemListElement":[{"@type":"ListItem","position":1,"name":"Tienda","item":"https:\/\/oceansignal.com\/es\/tienda\/"},{"@type":"ListItem","position":2,"name":"Bolsa de sorpresas Ocean Signal"}]},{"@type":"WebSite","@id":"https:\/\/oceansignal.com\/es\/#website","url":"https:\/\/oceansignal.com\/es\/","name":"Ocean Signal","description":"A leading manufacturer of EPIRBs, AIS, SARTs, Personal Locator Beacons, Man Overboard Beacon for the Marine and Outdoor Markets.","potentialAction":[{"@type":"SearchAction","target":{"@type":"EntryPoint","urlTemplate":"https:\/\/oceansignal.com\/es\/?s={search_term_string}"},"query-input":{"@type":"PropertyValueSpecification","valueRequired":true,"valueName":"search_term_string"}}],"inLanguage":"es"}]}},"_links":{"self":[{"href":"https:\/\/oceansignal.com\/es\/wp-json\/wp\/v2\/product\/28559","targetHints":{"allow":["GET"]}}],"collection":[{"href":"https:\/\/oceansignal.com\/es\/wp-json\/wp\/v2\/product"}],"about":[{"href":"https:\/\/oceansignal.com\/es\/wp-json\/wp\/v2\/types\/product"}],"wp:featuredmedia":[{"embeddable":true,"href":"https:\/\/oceansignal.com\/es\/wp-json\/wp\/v2\/media\/31566"}],"wp:attachment":[{"href":"https:\/\/oceansignal.com\/es\/wp-json\/wp\/v2\/media?parent=28559"}],"wp:term":[{"taxonomy":"product_brand","embeddable":true,"href":"https:\/\/oceansignal.com\/es\/wp-json\/wp\/v2\/product_brand?post=28559"},{"taxonomy":"product_cat","embeddable":true,"href":"https:\/\/oceansignal.com\/es\/wp-json\/wp\/v2\/product_cat?post=28559"},{"taxonomy":"product_tag","embeddable":true,"href":"https:\/\/oceansignal.com\/es\/wp-json\/wp\/v2\/product_tag?post=28559"}],"curies":[{"name":"wp","href":"https:\/\/api.w.org\/{rel}","templated":true}]}}