{"id":29721,"date":"2025-11-12T22:31:39","date_gmt":"2025-11-12T22:31:39","guid":{"rendered":"https:\/\/oceansignal.com\/?post_type=product&#038;p=29721"},"modified":"2026-03-24T17:40:01","modified_gmt":"2026-03-24T17:40:01","slug":"radio-vhf-safesea-v200-de-ocean-signal","status":"publish","type":"product","link":"https:\/\/oceansignal.com\/es\/products\/radio-vhf-safesea-v200-de-ocean-signal\/","title":{"rendered":"Radio VHF safeSEA V200"},"content":{"rendered":"<p>Ofrecido en dos formatos convenientes, \u00fanicamente como un VHF de emergencia GMDSS para aplicaciones de uso \u00fanicamente de emergencia o como un kit completo para uso diario de prop\u00f3sito general y\/o aplicaciones de uso de emergencia, el Ocean Signal V200 sirve como una soluci\u00f3n integral para todas sus necesidades de comunicaci\u00f3n mar\u00edtima.<\/p>\n<p>El VHF de emergencia GMDSS incluye una bater\u00eda principal de litio con una etiqueta de advertencia para que nunca haya dudas sobre si se ha usado. Una vez retirada la etiqueta, la radio se encender\u00e1 autom\u00e1ticamente al conectar la bater\u00eda y entrar\u00e1 autom\u00e1ticamente en modo de funcionamiento GMDSS con los siguientes ajustes preestablecidos: canal 16, volumen 8 y silenciador 2. <\/p>\n<p>El kit completo incluye la bater\u00eda de litio principal descrita, as\u00ed como una bater\u00eda recargable de iones de litio y una base de carga. Los accesorios est\u00e1ndar incluidos tanto con la radio VHF de emergencia GMDSS independiente como con el kit completo son una antena de goma flexible, un clip para el cintur\u00f3n y una correa de mu\u00f1eca. <\/p>\n<p>Dise\u00f1ado con la facilidad de uso como prioridad de dise\u00f1o, el V200 es apto para operar con guantes de traje de supervivencia y cuenta con una pantalla digital de f\u00e1cil lectura. Tanto la pantalla como el teclado est\u00e1n retroiluminados, lo que facilita su uso en entornos con poca luz. El V200 tambi\u00e9n incluye NFC (Near Field Communication), que permite acceder a la fecha de reemplazo de la bater\u00eda y a la informaci\u00f3n del producto desde un dispositivo m\u00f3vil.  <\/p>\n<p>El dise\u00f1o duradero del V200 lo hace apto para todo tipo de aplicaciones marinas y una opci\u00f3n ideal para el transporte obligatorio y voluntario. Con una amplia experiencia en tecnolog\u00eda de seguridad mar\u00edtima y un compromiso continuo con la calidad y la innovaci\u00f3n, el V200 ofrece el rendimiento inigualable que los navegantes de todo el mundo esperan de los productos Ocean Signal . <\/p>\n<p>&nbsp;<\/p>\n","protected":false},"excerpt":{"rendered":"<p>La radio VHF marina GMDSS Ocean Signal V200 est\u00e1 dise\u00f1ada pensando en la flexibilidad, ofreciendo a los usuarios opciones pr\u00e1cticas para facilitar la comunicaci\u00f3n en el mar en cualquier circunstancia. Dise\u00f1ada como un producto GMDSS (Sistema Mundial de Socorro y Seguridad Mar\u00edtima), esta radio VHF impermeable est\u00e1 totalmente certificada para cumplir con las regulaciones OMI y SOLAS y proporciona un soporte de comunicaci\u00f3n esencial sin problemas, tanto en situaciones cr\u00edticas como durante las operaciones mar\u00edtimas diarias. <\/p>\n<p>&nbsp;<\/p>\n","protected":false},"featured_media":29748,"template":"","meta":{"_acf_changed":false,"om_disable_all_campaigns":false},"product_brand":[],"product_cat":[329],"product_tag":[],"class_list":{"0":"post-29721","1":"product","2":"type-product","3":"status-publish","4":"has-post-thumbnail","6":"product_cat-safesea-es","8":"first","9":"instock","10":"taxable","11":"shipping-taxable","12":"product-type-simple"},"acf":[],"yoast_head":"<!-- This site is optimized with the Yoast SEO Premium plugin v25.2 (Yoast SEO v26.4) - https:\/\/yoast.com\/wordpress\/plugins\/seo\/ -->\n<title>Radio VHF de emergencia GMDSS Ocean Signal V200, Radio VHF safeSEA V200 Ocean Signal - )<\/title>\n<meta name=\"description\" content=\"Mant\u00e9ngase seguro en el mar con la radio VHF de emergencia GMDSS V200 Ocean Signal . Dise\u00f1ada para emergencias y uso mar\u00edtimo diario, cuenta con modo autom\u00e1tico GMDSS, f\u00e1cil de usar con guantes y gran durabilidad.\" \/>\n<meta name=\"robots\" content=\"index, follow, max-snippet:-1, max-image-preview:large, max-video-preview:-1\" \/>\n<link rel=\"canonical\" href=\"https:\/\/oceansignal.com\/es\/products\/radio-vhf-safesea-v200-de-ocean-signal\/\" \/>\n<meta property=\"og:locale\" content=\"es_ES\" \/>\n<meta property=\"og:type\" content=\"article\" \/>\n<meta property=\"og:title\" content=\"Radio VHF safeSEA V200\" \/>\n<meta property=\"og:description\" content=\"Mant\u00e9ngase seguro en el mar con la radio VHF de emergencia GMDSS V200 Ocean Signal . Dise\u00f1ada para emergencias y uso mar\u00edtimo diario, cuenta con modo autom\u00e1tico GMDSS, f\u00e1cil de usar con guantes y gran durabilidad.\" \/>\n<meta property=\"og:url\" content=\"https:\/\/oceansignal.com\/es\/products\/radio-vhf-safesea-v200-de-ocean-signal\/\" \/>\n<meta property=\"og:site_name\" content=\"Ocean Signal\" \/>\n<meta property=\"article:modified_time\" content=\"2026-03-24T17:40:01+00:00\" \/>\n<meta property=\"og:image\" content=\"https:\/\/oceansignal.com\/wp-content\/uploads\/2025\/06\/OSL-V200-Front-2.png\" \/>\n\t<meta property=\"og:image:width\" content=\"2000\" \/>\n\t<meta property=\"og:image:height\" content=\"2000\" \/>\n\t<meta property=\"og:image:type\" content=\"image\/png\" \/>\n<meta name=\"twitter:card\" content=\"summary_large_image\" \/>\n<meta name=\"twitter:label1\" content=\"Tiempo de lectura\" \/>\n\t<meta name=\"twitter:data1\" content=\"2 minutos\" \/>\n<script type=\"application\/ld+json\" class=\"yoast-schema-graph\">{\"@context\":\"https:\/\/schema.org\",\"@graph\":[{\"@type\":\"WebPage\",\"@id\":\"https:\/\/oceansignal.com\/es\/products\/radio-vhf-safesea-v200-de-ocean-signal\/\",\"url\":\"https:\/\/oceansignal.com\/es\/products\/radio-vhf-safesea-v200-de-ocean-signal\/\",\"name\":\"Radio VHF de emergencia GMDSS Ocean Signal V200, Radio VHF safeSEA V200 Ocean Signal - )\",\"isPartOf\":{\"@id\":\"https:\/\/oceansignal.com\/es\/#website\"},\"primaryImageOfPage\":{\"@id\":\"https:\/\/oceansignal.com\/es\/products\/radio-vhf-safesea-v200-de-ocean-signal\/#primaryimage\"},\"image\":{\"@id\":\"https:\/\/oceansignal.com\/es\/products\/radio-vhf-safesea-v200-de-ocean-signal\/#primaryimage\"},\"thumbnailUrl\":\"https:\/\/oceansignal.com\/wp-content\/uploads\/2025\/06\/OSL-V200-Front-2.png\",\"datePublished\":\"2025-11-12T22:31:39+00:00\",\"dateModified\":\"2026-03-24T17:40:01+00:00\",\"description\":\"Mant\u00e9ngase seguro en el mar con la radio VHF de emergencia GMDSS V200 Ocean Signal . Dise\u00f1ada para emergencias y uso mar\u00edtimo diario, cuenta con modo autom\u00e1tico GMDSS, f\u00e1cil de usar con guantes y gran durabilidad.\",\"breadcrumb\":{\"@id\":\"https:\/\/oceansignal.com\/es\/products\/radio-vhf-safesea-v200-de-ocean-signal\/#breadcrumb\"},\"inLanguage\":\"es\",\"potentialAction\":[{\"@type\":\"ReadAction\",\"target\":[\"https:\/\/oceansignal.com\/es\/products\/radio-vhf-safesea-v200-de-ocean-signal\/\"]}]},{\"@type\":\"ImageObject\",\"inLanguage\":\"es\",\"@id\":\"https:\/\/oceansignal.com\/es\/products\/radio-vhf-safesea-v200-de-ocean-signal\/#primaryimage\",\"url\":\"https:\/\/oceansignal.com\/wp-content\/uploads\/2025\/06\/OSL-V200-Front-2.png\",\"contentUrl\":\"https:\/\/oceansignal.com\/wp-content\/uploads\/2025\/06\/OSL-V200-Front-2.png\",\"width\":2000,\"height\":2000},{\"@type\":\"BreadcrumbList\",\"@id\":\"https:\/\/oceansignal.com\/es\/products\/radio-vhf-safesea-v200-de-ocean-signal\/#breadcrumb\",\"itemListElement\":[{\"@type\":\"ListItem\",\"position\":1,\"name\":\"Tienda\",\"item\":\"https:\/\/oceansignal.com\/es\/tienda\/\"},{\"@type\":\"ListItem\",\"position\":2,\"name\":\"Radio VHF safeSEA V200\"}]},{\"@type\":\"WebSite\",\"@id\":\"https:\/\/oceansignal.com\/es\/#website\",\"url\":\"https:\/\/oceansignal.com\/es\/\",\"name\":\"Ocean Signal\",\"description\":\"A leading manufacturer of EPIRBs, AIS, SARTs, Personal Locator Beacons, Man Overboard Beacon for the Marine and Outdoor Markets.\",\"potentialAction\":[{\"@type\":\"SearchAction\",\"target\":{\"@type\":\"EntryPoint\",\"urlTemplate\":\"https:\/\/oceansignal.com\/es\/?s={search_term_string}\"},\"query-input\":{\"@type\":\"PropertyValueSpecification\",\"valueRequired\":true,\"valueName\":\"search_term_string\"}}],\"inLanguage\":\"es\"}]}<\/script>\n<!-- \/ Yoast SEO Premium plugin. -->","yoast_head_json":{"title":"Radio VHF de emergencia GMDSS Ocean Signal V200, Radio VHF safeSEA V200 Ocean Signal - )","description":"Mant\u00e9ngase seguro en el mar con la radio VHF de emergencia GMDSS V200 Ocean Signal . Dise\u00f1ada para emergencias y uso mar\u00edtimo diario, cuenta con modo autom\u00e1tico GMDSS, f\u00e1cil de usar con guantes y gran durabilidad.","robots":{"index":"index","follow":"follow","max-snippet":"max-snippet:-1","max-image-preview":"max-image-preview:large","max-video-preview":"max-video-preview:-1"},"canonical":"https:\/\/oceansignal.com\/es\/products\/radio-vhf-safesea-v200-de-ocean-signal\/","og_locale":"es_ES","og_type":"article","og_title":"Radio VHF safeSEA V200","og_description":"Mant\u00e9ngase seguro en el mar con la radio VHF de emergencia GMDSS V200 Ocean Signal . Dise\u00f1ada para emergencias y uso mar\u00edtimo diario, cuenta con modo autom\u00e1tico GMDSS, f\u00e1cil de usar con guantes y gran durabilidad.","og_url":"https:\/\/oceansignal.com\/es\/products\/radio-vhf-safesea-v200-de-ocean-signal\/","og_site_name":"Ocean Signal","article_modified_time":"2026-03-24T17:40:01+00:00","og_image":[{"width":2000,"height":2000,"url":"https:\/\/oceansignal.com\/wp-content\/uploads\/2025\/06\/OSL-V200-Front-2.png","type":"image\/png"}],"twitter_card":"summary_large_image","twitter_misc":{"Tiempo de lectura":"2 minutos"},"schema":{"@context":"https:\/\/schema.org","@graph":[{"@type":"WebPage","@id":"https:\/\/oceansignal.com\/es\/products\/radio-vhf-safesea-v200-de-ocean-signal\/","url":"https:\/\/oceansignal.com\/es\/products\/radio-vhf-safesea-v200-de-ocean-signal\/","name":"Radio VHF de emergencia GMDSS Ocean Signal V200, Radio VHF safeSEA V200 Ocean Signal - )","isPartOf":{"@id":"https:\/\/oceansignal.com\/es\/#website"},"primaryImageOfPage":{"@id":"https:\/\/oceansignal.com\/es\/products\/radio-vhf-safesea-v200-de-ocean-signal\/#primaryimage"},"image":{"@id":"https:\/\/oceansignal.com\/es\/products\/radio-vhf-safesea-v200-de-ocean-signal\/#primaryimage"},"thumbnailUrl":"https:\/\/oceansignal.com\/wp-content\/uploads\/2025\/06\/OSL-V200-Front-2.png","datePublished":"2025-11-12T22:31:39+00:00","dateModified":"2026-03-24T17:40:01+00:00","description":"Mant\u00e9ngase seguro en el mar con la radio VHF de emergencia GMDSS V200 Ocean Signal . Dise\u00f1ada para emergencias y uso mar\u00edtimo diario, cuenta con modo autom\u00e1tico GMDSS, f\u00e1cil de usar con guantes y gran durabilidad.","breadcrumb":{"@id":"https:\/\/oceansignal.com\/es\/products\/radio-vhf-safesea-v200-de-ocean-signal\/#breadcrumb"},"inLanguage":"es","potentialAction":[{"@type":"ReadAction","target":["https:\/\/oceansignal.com\/es\/products\/radio-vhf-safesea-v200-de-ocean-signal\/"]}]},{"@type":"ImageObject","inLanguage":"es","@id":"https:\/\/oceansignal.com\/es\/products\/radio-vhf-safesea-v200-de-ocean-signal\/#primaryimage","url":"https:\/\/oceansignal.com\/wp-content\/uploads\/2025\/06\/OSL-V200-Front-2.png","contentUrl":"https:\/\/oceansignal.com\/wp-content\/uploads\/2025\/06\/OSL-V200-Front-2.png","width":2000,"height":2000},{"@type":"BreadcrumbList","@id":"https:\/\/oceansignal.com\/es\/products\/radio-vhf-safesea-v200-de-ocean-signal\/#breadcrumb","itemListElement":[{"@type":"ListItem","position":1,"name":"Tienda","item":"https:\/\/oceansignal.com\/es\/tienda\/"},{"@type":"ListItem","position":2,"name":"Radio VHF safeSEA V200"}]},{"@type":"WebSite","@id":"https:\/\/oceansignal.com\/es\/#website","url":"https:\/\/oceansignal.com\/es\/","name":"Ocean Signal","description":"A leading manufacturer of EPIRBs, AIS, SARTs, Personal Locator Beacons, Man Overboard Beacon for the Marine and Outdoor Markets.","potentialAction":[{"@type":"SearchAction","target":{"@type":"EntryPoint","urlTemplate":"https:\/\/oceansignal.com\/es\/?s={search_term_string}"},"query-input":{"@type":"PropertyValueSpecification","valueRequired":true,"valueName":"search_term_string"}}],"inLanguage":"es"}]}},"_links":{"self":[{"href":"https:\/\/oceansignal.com\/es\/wp-json\/wp\/v2\/product\/29721","targetHints":{"allow":["GET"]}}],"collection":[{"href":"https:\/\/oceansignal.com\/es\/wp-json\/wp\/v2\/product"}],"about":[{"href":"https:\/\/oceansignal.com\/es\/wp-json\/wp\/v2\/types\/product"}],"wp:featuredmedia":[{"embeddable":true,"href":"https:\/\/oceansignal.com\/es\/wp-json\/wp\/v2\/media\/29748"}],"wp:attachment":[{"href":"https:\/\/oceansignal.com\/es\/wp-json\/wp\/v2\/media?parent=29721"}],"wp:term":[{"taxonomy":"product_brand","embeddable":true,"href":"https:\/\/oceansignal.com\/es\/wp-json\/wp\/v2\/product_brand?post=29721"},{"taxonomy":"product_cat","embeddable":true,"href":"https:\/\/oceansignal.com\/es\/wp-json\/wp\/v2\/product_cat?post=29721"},{"taxonomy":"product_tag","embeddable":true,"href":"https:\/\/oceansignal.com\/es\/wp-json\/wp\/v2\/product_tag?post=29721"}],"curies":[{"name":"wp","href":"https:\/\/api.w.org\/{rel}","templated":true}]}}