{"id":29842,"date":"2025-11-12T21:58:44","date_gmt":"2025-11-12T21:58:44","guid":{"rendered":"https:\/\/oceansignal.com\/?post_type=product&#038;p=29842"},"modified":"2026-03-24T16:21:52","modified_gmt":"2026-03-24T16:21:52","slug":"safesea-s200-ais-sart","status":"publish","type":"product","link":"https:\/\/oceansignal.com\/es\/products\/safesea-s200-ais-sart\/","title":{"rendered":"safeSEA S200 AIS SART"},"content":{"rendered":"<p>Basado en el dise\u00f1o probado del S100, el S200 SART ofrece alertas de emergencia mejoradas mediante el Sistema de Identificaci\u00f3n Autom\u00e1tica (AIS), superando los sistemas tradicionales basados en radar. Este dispositivo de vanguardia env\u00eda coordenadas precisas de ubicaci\u00f3n por sat\u00e9lite GNSS\/GPS a todas las embarcaciones equipadas con AIS dentro del alcance VHF, garantizando el despliegue r\u00e1pido de asistencia de emergencia cuando sea necesario. <\/p>\n<p>Con un alcance de detecci\u00f3n promedio de 5 millas n\u00e1uticas, el S200 integra tecnolog\u00eda de Comunicaci\u00f3n de Campo Cercano (NFC) para facilitar el registro del producto y el acceso a los datos de prueba. Su bater\u00eda de litio de alto rendimiento ofrece hasta 96 horas de vida \u00fatil, lo que garantiza una mayor fiabilidad en las condiciones m\u00e1s adversas. El sistema basado en AIS tambi\u00e9n ofrece un rendimiento superior en condiciones clim\u00e1ticas adversas, con menor susceptibilidad a interferencias causadas por lluvia intensa o niebla.  <\/p>\n<p>Dise\u00f1ado pensando en la comodidad, el S200 incluye un elegante soporte de pared para facilitar el acceso en caso de emergencia. Se puede acoplar un poste telesc\u00f3pico opcional, con una extensi\u00f3n de 1 metro (3,3 pies), para maximizar la altura y la visibilidad al desplegarse desde una embarcaci\u00f3n salvavidas, y el SART puede suspenderse dentro de la embarcaci\u00f3n para un uso manos libres. <\/p>\n<p>Dise\u00f1ado para resistir los entornos marinos m\u00e1s hostiles, el S200 es un aliado confiable en cualquier emergencia, garantizando que su se\u00f1al de socorro llegue a cualquier embarcaci\u00f3n equipada con AIS dentro del alcance. Su robusta construcci\u00f3n garantiza su funcionamiento cuando m\u00e1s lo necesite, brind\u00e1ndole tranquilidad en el agua. <\/p>\n<p><strong>Requisitos de transporte<\/strong><\/p>\n<ul>\n<li>Todos los buques SOLAS de la OMI en viajes internacionales deben llevar un SART.<\/li>\n<li>300-500 toneladas de registro bruto (TRB) deben llevar un m\u00ednimo de 1 SART<\/li>\n<li>M\u00e1s de 500 toneladas de registro bruto (TRB) deben llevar un m\u00ednimo de 2 SART<\/li>\n<li>1 SART por cada cuatro balsas salvavidas en buques de pasajeros Ro-Ro<\/li>\n<li>Los buques de pasajeros de cualquier tama\u00f1o deben llevar un m\u00ednimo de 2 SART, independientemente de su tonelaje.<\/li>\n<li>Botes salvavidas: SOLAS exige que al menos 1 SART est\u00e9 disponible para su uso en cada embarcaci\u00f3n de supervivencia.<\/li>\n<li>Balsas salvavidas: En el caso de buques de pasajeros, si hay m\u00e1s de 2 balsas salvavidas, se deben proporcionar SART adicionales de modo que haya al menos un SART disponible por cada 2 balsas salvavidas.<\/li>\n<\/ul>\n<p>&nbsp;<\/p>\n","protected":false},"excerpt":{"rendered":"<p>El S200 SART es un transmisor de b\u00fasqueda y rescate AIS (SART) compatible con el Convenio SOLAS de la OMI, que proporciona a los buques obligados a cumplir con la normativa del SMSSM una soluci\u00f3n fiable para satisfacer los requisitos obligatorios de transporte de SART. Utilizando informes de posici\u00f3n AIS de clase A, el S200 transmite ocho mensajes de posici\u00f3n por minuto, lo que permite el seguimiento en tiempo real en situaciones cr\u00edticas. <\/p>\n<p><strong>Este dispositivo no ha sido autorizado conforme a las regulaciones de la FCC. Este dispositivo no se ofrece ni se podr\u00e1 ofrecer en venta o arrendamiento en los Estados Unidos hasta que se obtenga la autorizaci\u00f3n correspondiente. <\/strong><\/p>\n<p><a href=\"https:\/\/www.dropbox.com\/s\/fk04stqsp2hgk5f\/Prop%2065%20-%20DEHP.pdf?dl=0\">ADVERTENCIA: PROPOSICI\u00d3N 65<\/a><\/p>\n<p>&nbsp;<\/p>\n","protected":false},"featured_media":29813,"template":"","meta":{"_acf_changed":false,"om_disable_all_campaigns":false},"product_brand":[],"product_cat":[329],"product_tag":[],"class_list":{"0":"post-29842","1":"product","2":"type-product","3":"status-publish","4":"has-post-thumbnail","6":"product_cat-safesea-es","8":"first","9":"instock","10":"taxable","11":"shipping-taxable","12":"purchasable","13":"product-type-simple"},"acf":[],"yoast_head":"<!-- This site is optimized with the Yoast SEO Premium plugin v25.2 (Yoast SEO v26.4) - https:\/\/yoast.com\/wordpress\/plugins\/seo\/ -->\n<title>Ocean Signal safeSEA S200 AIS SART - Ocean Signal<\/title>\n<meta name=\"description\" content=\"El transmisor S200 AIS SART o de b\u00fasqueda y rescate para buques GMDSS y SOLAS mejora la seguridad mar\u00edtima y las comunicaciones en caso de emergencia.\" \/>\n<meta name=\"robots\" content=\"index, follow, max-snippet:-1, max-image-preview:large, max-video-preview:-1\" \/>\n<link rel=\"canonical\" href=\"https:\/\/oceansignal.com\/es\/products\/safesea-s200-ais-sart\/\" \/>\n<meta property=\"og:locale\" content=\"es_ES\" \/>\n<meta property=\"og:type\" content=\"article\" \/>\n<meta property=\"og:title\" content=\"safeSEA S200 AIS SART\" \/>\n<meta property=\"og:description\" content=\"El transmisor S200 AIS SART o de b\u00fasqueda y rescate para buques GMDSS y SOLAS mejora la seguridad mar\u00edtima y las comunicaciones en caso de emergencia.\" \/>\n<meta property=\"og:url\" content=\"https:\/\/oceansignal.com\/es\/products\/safesea-s200-ais-sart\/\" \/>\n<meta property=\"og:site_name\" content=\"Ocean Signal\" \/>\n<meta property=\"article:modified_time\" content=\"2026-03-24T16:21:52+00:00\" \/>\n<meta property=\"og:image\" content=\"https:\/\/oceansignal.com\/wp-content\/uploads\/2025\/06\/OSL-AIS-SART-Front-1024x1024.png\" \/>\n\t<meta property=\"og:image:width\" content=\"1024\" \/>\n\t<meta property=\"og:image:height\" content=\"1024\" \/>\n\t<meta property=\"og:image:type\" content=\"image\/png\" \/>\n<meta name=\"twitter:card\" content=\"summary_large_image\" \/>\n<meta name=\"twitter:label1\" content=\"Tiempo de lectura\" \/>\n\t<meta name=\"twitter:data1\" content=\"2 minutos\" \/>\n<script type=\"application\/ld+json\" class=\"yoast-schema-graph\">{\"@context\":\"https:\/\/schema.org\",\"@graph\":[{\"@type\":\"WebPage\",\"@id\":\"https:\/\/oceansignal.com\/es\/products\/safesea-s200-ais-sart\/\",\"url\":\"https:\/\/oceansignal.com\/es\/products\/safesea-s200-ais-sart\/\",\"name\":\"Ocean Signal safeSEA S200 AIS SART - Ocean Signal\",\"isPartOf\":{\"@id\":\"https:\/\/oceansignal.com\/es\/#website\"},\"primaryImageOfPage\":{\"@id\":\"https:\/\/oceansignal.com\/es\/products\/safesea-s200-ais-sart\/#primaryimage\"},\"image\":{\"@id\":\"https:\/\/oceansignal.com\/es\/products\/safesea-s200-ais-sart\/#primaryimage\"},\"thumbnailUrl\":\"https:\/\/oceansignal.com\/wp-content\/uploads\/2025\/06\/OSL-AIS-SART-Front.png\",\"datePublished\":\"2025-11-12T21:58:44+00:00\",\"dateModified\":\"2026-03-24T16:21:52+00:00\",\"description\":\"El transmisor S200 AIS SART o de b\u00fasqueda y rescate para buques GMDSS y SOLAS mejora la seguridad mar\u00edtima y las comunicaciones en caso de emergencia.\",\"breadcrumb\":{\"@id\":\"https:\/\/oceansignal.com\/es\/products\/safesea-s200-ais-sart\/#breadcrumb\"},\"inLanguage\":\"es\",\"potentialAction\":[{\"@type\":\"ReadAction\",\"target\":[\"https:\/\/oceansignal.com\/es\/products\/safesea-s200-ais-sart\/\"]}]},{\"@type\":\"ImageObject\",\"inLanguage\":\"es\",\"@id\":\"https:\/\/oceansignal.com\/es\/products\/safesea-s200-ais-sart\/#primaryimage\",\"url\":\"https:\/\/oceansignal.com\/wp-content\/uploads\/2025\/06\/OSL-AIS-SART-Front.png\",\"contentUrl\":\"https:\/\/oceansignal.com\/wp-content\/uploads\/2025\/06\/OSL-AIS-SART-Front.png\",\"width\":3850,\"height\":3850,\"caption\":\"Transmisor S200 AIS SART o de b\u00fasqueda y rescate para embarcaciones GMDSS y SOLAS\"},{\"@type\":\"BreadcrumbList\",\"@id\":\"https:\/\/oceansignal.com\/es\/products\/safesea-s200-ais-sart\/#breadcrumb\",\"itemListElement\":[{\"@type\":\"ListItem\",\"position\":1,\"name\":\"Tienda\",\"item\":\"https:\/\/oceansignal.com\/es\/tienda\/\"},{\"@type\":\"ListItem\",\"position\":2,\"name\":\"safeSEA S200 AIS SART\"}]},{\"@type\":\"WebSite\",\"@id\":\"https:\/\/oceansignal.com\/es\/#website\",\"url\":\"https:\/\/oceansignal.com\/es\/\",\"name\":\"Ocean Signal\",\"description\":\"A leading manufacturer of EPIRBs, AIS, SARTs, Personal Locator Beacons, Man Overboard Beacon for the Marine and Outdoor Markets.\",\"potentialAction\":[{\"@type\":\"SearchAction\",\"target\":{\"@type\":\"EntryPoint\",\"urlTemplate\":\"https:\/\/oceansignal.com\/es\/?s={search_term_string}\"},\"query-input\":{\"@type\":\"PropertyValueSpecification\",\"valueRequired\":true,\"valueName\":\"search_term_string\"}}],\"inLanguage\":\"es\"}]}<\/script>\n<!-- \/ Yoast SEO Premium plugin. -->","yoast_head_json":{"title":"Ocean Signal safeSEA S200 AIS SART - Ocean Signal","description":"El transmisor S200 AIS SART o de b\u00fasqueda y rescate para buques GMDSS y SOLAS mejora la seguridad mar\u00edtima y las comunicaciones en caso de emergencia.","robots":{"index":"index","follow":"follow","max-snippet":"max-snippet:-1","max-image-preview":"max-image-preview:large","max-video-preview":"max-video-preview:-1"},"canonical":"https:\/\/oceansignal.com\/es\/products\/safesea-s200-ais-sart\/","og_locale":"es_ES","og_type":"article","og_title":"safeSEA S200 AIS SART","og_description":"El transmisor S200 AIS SART o de b\u00fasqueda y rescate para buques GMDSS y SOLAS mejora la seguridad mar\u00edtima y las comunicaciones en caso de emergencia.","og_url":"https:\/\/oceansignal.com\/es\/products\/safesea-s200-ais-sart\/","og_site_name":"Ocean Signal","article_modified_time":"2026-03-24T16:21:52+00:00","og_image":[{"width":1024,"height":1024,"url":"https:\/\/oceansignal.com\/wp-content\/uploads\/2025\/06\/OSL-AIS-SART-Front-1024x1024.png","type":"image\/png"}],"twitter_card":"summary_large_image","twitter_misc":{"Tiempo de lectura":"2 minutos"},"schema":{"@context":"https:\/\/schema.org","@graph":[{"@type":"WebPage","@id":"https:\/\/oceansignal.com\/es\/products\/safesea-s200-ais-sart\/","url":"https:\/\/oceansignal.com\/es\/products\/safesea-s200-ais-sart\/","name":"Ocean Signal safeSEA S200 AIS SART - Ocean Signal","isPartOf":{"@id":"https:\/\/oceansignal.com\/es\/#website"},"primaryImageOfPage":{"@id":"https:\/\/oceansignal.com\/es\/products\/safesea-s200-ais-sart\/#primaryimage"},"image":{"@id":"https:\/\/oceansignal.com\/es\/products\/safesea-s200-ais-sart\/#primaryimage"},"thumbnailUrl":"https:\/\/oceansignal.com\/wp-content\/uploads\/2025\/06\/OSL-AIS-SART-Front.png","datePublished":"2025-11-12T21:58:44+00:00","dateModified":"2026-03-24T16:21:52+00:00","description":"El transmisor S200 AIS SART o de b\u00fasqueda y rescate para buques GMDSS y SOLAS mejora la seguridad mar\u00edtima y las comunicaciones en caso de emergencia.","breadcrumb":{"@id":"https:\/\/oceansignal.com\/es\/products\/safesea-s200-ais-sart\/#breadcrumb"},"inLanguage":"es","potentialAction":[{"@type":"ReadAction","target":["https:\/\/oceansignal.com\/es\/products\/safesea-s200-ais-sart\/"]}]},{"@type":"ImageObject","inLanguage":"es","@id":"https:\/\/oceansignal.com\/es\/products\/safesea-s200-ais-sart\/#primaryimage","url":"https:\/\/oceansignal.com\/wp-content\/uploads\/2025\/06\/OSL-AIS-SART-Front.png","contentUrl":"https:\/\/oceansignal.com\/wp-content\/uploads\/2025\/06\/OSL-AIS-SART-Front.png","width":3850,"height":3850,"caption":"Transmisor S200 AIS SART o de b\u00fasqueda y rescate para embarcaciones GMDSS y SOLAS"},{"@type":"BreadcrumbList","@id":"https:\/\/oceansignal.com\/es\/products\/safesea-s200-ais-sart\/#breadcrumb","itemListElement":[{"@type":"ListItem","position":1,"name":"Tienda","item":"https:\/\/oceansignal.com\/es\/tienda\/"},{"@type":"ListItem","position":2,"name":"safeSEA S200 AIS SART"}]},{"@type":"WebSite","@id":"https:\/\/oceansignal.com\/es\/#website","url":"https:\/\/oceansignal.com\/es\/","name":"Ocean Signal","description":"A leading manufacturer of EPIRBs, AIS, SARTs, Personal Locator Beacons, Man Overboard Beacon for the Marine and Outdoor Markets.","potentialAction":[{"@type":"SearchAction","target":{"@type":"EntryPoint","urlTemplate":"https:\/\/oceansignal.com\/es\/?s={search_term_string}"},"query-input":{"@type":"PropertyValueSpecification","valueRequired":true,"valueName":"search_term_string"}}],"inLanguage":"es"}]}},"_links":{"self":[{"href":"https:\/\/oceansignal.com\/es\/wp-json\/wp\/v2\/product\/29842","targetHints":{"allow":["GET"]}}],"collection":[{"href":"https:\/\/oceansignal.com\/es\/wp-json\/wp\/v2\/product"}],"about":[{"href":"https:\/\/oceansignal.com\/es\/wp-json\/wp\/v2\/types\/product"}],"wp:featuredmedia":[{"embeddable":true,"href":"https:\/\/oceansignal.com\/es\/wp-json\/wp\/v2\/media\/29813"}],"wp:attachment":[{"href":"https:\/\/oceansignal.com\/es\/wp-json\/wp\/v2\/media?parent=29842"}],"wp:term":[{"taxonomy":"product_brand","embeddable":true,"href":"https:\/\/oceansignal.com\/es\/wp-json\/wp\/v2\/product_brand?post=29842"},{"taxonomy":"product_cat","embeddable":true,"href":"https:\/\/oceansignal.com\/es\/wp-json\/wp\/v2\/product_cat?post=29842"},{"taxonomy":"product_tag","embeddable":true,"href":"https:\/\/oceansignal.com\/es\/wp-json\/wp\/v2\/product_tag?post=29842"}],"curies":[{"name":"wp","href":"https:\/\/api.w.org\/{rel}","templated":true}]}}