{"id":31902,"date":"2025-07-17T08:59:49","date_gmt":"2025-07-17T08:59:49","guid":{"rendered":"https:\/\/oceansignal.com\/products\/kit-de-seguridad-epirb2-plus\/"},"modified":"2026-03-12T09:18:56","modified_gmt":"2026-03-12T09:18:56","slug":"kit-de-seguridad-epirb2-plus","status":"publish","type":"product","link":"https:\/\/oceansignal.com\/es\/products\/kit-de-seguridad-epirb2-plus\/","title":{"rendered":"Kit de seguridad para navegaci\u00f3n EPIRB2 Plus"},"content":{"rendered":"<h3 data-start=\"3285\" data-end=\"3337\"><strong data-start=\"3292\" data-end=\"3337\"><img loading=\"lazy\" decoding=\"async\" class=\"alignnone size-full wp-image-32359\" src=\"https:\/\/oceansignal.com\/wp-content\/uploads\/2025\/07\/View-New-Safety-Kits.png\" alt=\"\" width=\"300\" height=\"75\" srcset=\"https:\/\/oceansignal.com\/wp-content\/uploads\/2025\/07\/View-New-Safety-Kits.png 300w, https:\/\/oceansignal.com\/wp-content\/uploads\/2025\/07\/View-New-Safety-Kits-60x15.png 60w, https:\/\/oceansignal.com\/wp-content\/uploads\/2025\/07\/View-New-Safety-Kits-110x28.png 110w\" sizes=\"auto, (max-width: 300px) 100vw, 300px\" \/><\/strong><\/h3>\n<h3 data-start=\"3285\" data-end=\"3337\"><strong data-start=\"3292\" data-end=\"3337\">\u00bfPor qu\u00e9 elegir el kit de seguridad EPIRB2 Plus?<\/strong><\/h3>\n<p data-start=\"195\" data-end=\"642\">El Kit de Seguridad EPIRB2 Plus ofrece el equilibrio perfecto entre rendimiento, valor y preparaci\u00f3n para el futuro. Dise\u00f1ado con base en la EPIRB2 de \u00faltima generaci\u00f3n de Ocean Signal con NFC, incluye una bengala electr\u00f3nica de socorro EDF2 y herramientas visuales de respaldo esenciales, todo en una bolsa impermeable y flotante. Tanto si navega por la costa como si cruza el Canal de la Mancha, este kit le mantiene preparado para emergencias mar\u00edtimas reales, sin concesiones.  <\/p>\n<p data-start=\"644\" data-end=\"692\">Seguridad m\u00e1s inteligente. Tecnolog\u00eda moderna. Sin conjeturas.  <\/p>\n<h3 data-start=\"2903\" data-end=\"2924\"><strong data-start=\"2910\" data-end=\"2924\">Ideal para:<\/strong><\/h3>\n<ul>\n<li data-start=\"717\" data-end=\"786\">Navegantes de alta mar y costeros que buscan una soluci\u00f3n de seguridad completa<\/li>\n<li data-start=\"717\" data-end=\"786\">Propietarios de yates que se preparan para traves\u00edas prolongadas (maximizando la seguridad sin tener que cumplir con todas las Regulaciones Especiales Offshore de Categor\u00eda 0)<\/li>\n<li data-start=\"717\" data-end=\"786\">Cruceros que se modernizan a partir de la pirotecnia tradicional<\/li>\n<li data-start=\"717\" data-end=\"786\">Los candidatos a RYA Yachtmaster construyen una configuraci\u00f3n de seguridad a prueba de futuro<\/li>\n<li data-start=\"717\" data-end=\"786\">Equipos que reemplazan bengalas caducadas con alternativas reutilizables y sostenibles<\/li>\n<\/ul>\n<h3 data-start=\"661\" data-end=\"706\"><strong data-start=\"668\" data-end=\"706\">\u00bfQu\u00e9 est\u00e1 incluido y por qu\u00e9 es importante?<\/strong><\/h3>\n<h4 data-start=\"708\" data-end=\"751\"><strong data-start=\"713\" data-end=\"749\">1 \u00d7 Ocean Signal EPIRB2 con NFC<\/strong><\/h4>\n<p data-start=\"752\" data-end=\"775\">Obtendr\u00e1 cobertura satelital para rescate global y RLS para tranquilidad, todo en una baliza compacta que cumple con las regulaciones.<br \/>\n<img loading=\"lazy\" decoding=\"async\" class=\"alignnone size-medium wp-image-31423\" src=\"https:\/\/oceansignal.com\/wp-content\/uploads\/2025\/06\/EPIRB2-FRONT-300-300x300.png\" alt=\"\" width=\"300\" height=\"300\" srcset=\"https:\/\/oceansignal.com\/wp-content\/uploads\/2025\/06\/EPIRB2-FRONT-300-300x300.png 300w, https:\/\/oceansignal.com\/wp-content\/uploads\/2025\/06\/EPIRB2-FRONT-300-150x150.png 150w, https:\/\/oceansignal.com\/wp-content\/uploads\/2025\/06\/EPIRB2-FRONT-300-100x100.png 100w, https:\/\/oceansignal.com\/wp-content\/uploads\/2025\/06\/EPIRB2-FRONT-300-60x60.png 60w, https:\/\/oceansignal.com\/wp-content\/uploads\/2025\/06\/EPIRB2-FRONT-300-110x110.png 110w, https:\/\/oceansignal.com\/wp-content\/uploads\/2025\/06\/EPIRB2-FRONT-300.png 411w\" sizes=\"auto, (max-width: 300px) 100vw, 300px\" \/><br \/>\n Esta EPIRB de categor\u00eda II de \u00faltima generaci\u00f3n combina se\u00f1alizaci\u00f3n satelital de 406 MHz con servicio de enlace de retorno (RLS) y configuraci\u00f3n de tel\u00e9fono inteligente a trav\u00e9s de conectividad NFC.<\/p>\n<ul data-start=\"954\" data-end=\"1273\">\n<li data-start=\"954\" data-end=\"1004\">\n<p data-start=\"956\" data-end=\"1004\"><strong data-start=\"956\" data-end=\"984\">Alerta de socorro global<\/strong> a trav\u00e9s de la red de sat\u00e9lites Cospas-Sarsat<\/p>\n<\/li>\n<li data-start=\"1064\" data-end=\"1131\">\n<p data-start=\"1066\" data-end=\"1131\"><strong data-start=\"1066\" data-end=\"1095\">El Servicio de enlace de retorno (RLS)<\/strong> confirma que se recibi\u00f3 su se\u00f1al<\/p>\n<\/li>\n<li data-start=\"1132\" data-end=\"1210\">\n<p data-start=\"1134\" data-end=\"1210\"><strong data-start=\"1134\" data-end=\"1166\">Configuraci\u00f3n y prueba de tel\u00e9fonos inteligentes<\/strong> a trav\u00e9s de la aplicaci\u00f3n gratuita Ocean Signal (iOS y Android)<\/p>\n<\/li>\n<li data-start=\"1211\" data-end=\"1273\">\n<p data-start=\"1213\" data-end=\"1273\"><strong data-start=\"1213\" data-end=\"1251\">Soporte manual (Cat II)<\/strong> incluido para un montaje flexible<\/p>\n<\/li>\n<\/ul>\n<hr data-start=\"2026\" data-end=\"2029\">\n<h4 data-start=\"2031\" data-end=\"2073\"><strong data-start=\"2036\" data-end=\"2071\">1<\/strong> <strong data-start=\"2191\" data-end=\"2242\">bengala electr\u00f3nica de socorro Ocean Signal EDF2<\/strong><\/h4>\n<p data-start=\"2245\" data-end=\"2268\">Una bengala en la que puede confiar para que funcione, sin fechas de vencimiento, riesgos de incendio ni problemas de eliminaci\u00f3n.<br \/>\n Valor de venta al p\u00fablico: \u00a3229,99<br \/>\n<img loading=\"lazy\" decoding=\"async\" class=\"alignnone wp-image-31439 size-medium\" src=\"https:\/\/oceansignal.com\/wp-content\/uploads\/2025\/06\/EDF2-FRONT-e1752085297427-198x300.png\" alt=\"\" width=\"198\" height=\"300\" srcset=\"https:\/\/oceansignal.com\/wp-content\/uploads\/2025\/06\/EDF2-FRONT-e1752085297427-198x300.png 198w, https:\/\/oceansignal.com\/wp-content\/uploads\/2025\/06\/EDF2-FRONT-e1752085297427-60x91.png 60w, https:\/\/oceansignal.com\/wp-content\/uploads\/2025\/06\/EDF2-FRONT-e1752085297427-110x166.png 110w, https:\/\/oceansignal.com\/wp-content\/uploads\/2025\/06\/EDF2-FRONT-e1752085297427.png 424w\" sizes=\"auto, (max-width: 198px) 100vw, 198px\" \/><br \/>\nBengala LED multicolor e infrarroja de alta intensidad. Visible a m\u00e1s de 13 km de noche. Reutilizable y m\u00e1s segura que la pirotecnia.  <\/p>\n<ul data-start=\"2183\" data-end=\"2300\">\n<li data-start=\"2183\" data-end=\"2216\">\n<p data-start=\"2185\" data-end=\"2216\">Emite la caracter\u00edstica de flash del C\u00f3digo Morse internacional para SOS<\/p>\n<\/li>\n<li data-start=\"2183\" data-end=\"2216\">Incluye bandera de socorro diurna y soporte de montaje<\/li>\n<li data-start=\"2217\" data-end=\"2261\">\n<p data-start=\"2219\" data-end=\"2261\">Flota y funciona durante 3 horas con la intensidad de luz requerida.<\/p>\n<\/li>\n<li data-start=\"2217\" data-end=\"2261\">\n<p data-start=\"2219\" data-end=\"2261\">Seguridad reutilizable y alimentada por bater\u00eda.<\/p>\n<\/li>\n<li data-start=\"2217\" data-end=\"2261\">\u00c1ngulo luminoso \u2265180 a \u226550 cd para alcance m\u00e1s alta visibilidad<\/li>\n<\/ul>\n<hr data-start=\"2026\" data-end=\"2029\">\n<h4 data-start=\"2031\" data-end=\"2073\"><strong data-start=\"2036\" data-end=\"2071\">1 \u00d7 Espejo de se\u00f1al ACR y silbato<\/strong><\/h4>\n<p data-start=\"2074\" data-end=\"2096\">Agrega se\u00f1alizaci\u00f3n de respaldo a su conjunto de herramientas, especialmente \u00fatil cuando aeronaves o embarcaciones SAR est\u00e1n a la vista pero a\u00fan no est\u00e1n fijados en su posici\u00f3n.<br \/>\n Valor de venta al p\u00fablico: \u00a310,99<br \/>\n<img loading=\"lazy\" decoding=\"async\" class=\"alignnone wp-image-31407 size-medium\" src=\"https:\/\/oceansignal.com\/wp-content\/uploads\/2025\/06\/Grab_Bag_EPIRB1_Kit-e1752085331562-300x131.png\" alt=\"\" width=\"300\" height=\"131\" srcset=\"https:\/\/oceansignal.com\/wp-content\/uploads\/2025\/06\/Grab_Bag_EPIRB1_Kit-e1752085331562-300x131.png 300w, https:\/\/oceansignal.com\/wp-content\/uploads\/2025\/06\/Grab_Bag_EPIRB1_Kit-e1752085331562-60x26.png 60w, https:\/\/oceansignal.com\/wp-content\/uploads\/2025\/06\/Grab_Bag_EPIRB1_Kit-e1752085331562-110x48.png 110w, https:\/\/oceansignal.com\/wp-content\/uploads\/2025\/06\/Grab_Bag_EPIRB1_Kit-e1752085331562.png 344w\" sizes=\"auto, (max-width: 300px) 100vw, 300px\" \/><br \/>\n Herramientas sencillas, confiables en todo el mundo, para se\u00f1alizaci\u00f3n de corto alcance cuando la visibilidad importa.<\/p>\n<ul data-start=\"2183\" data-end=\"2300\">\n<li data-start=\"2183\" data-end=\"2216\">\n<p data-start=\"2185\" data-end=\"2216\">Espejo compacto altamente reflectante para se\u00f1ales visuales diurnas: dise\u00f1ado para reflejar la luz solar a largas distancias, ideal para captar la atenci\u00f3n de embarcaciones o aeronaves que pasan.<\/p>\n<\/li>\n<li data-start=\"2217\" data-end=\"2261\">\n<p data-start=\"2219\" data-end=\"2261\">Silbato de alto decibelio para se\u00f1alizaci\u00f3n sonora<\/p>\n<\/li>\n<li data-start=\"2262\" data-end=\"2300\">\n<p data-start=\"2264\" data-end=\"2300\">Elementos esenciales compactos y que no requieren mantenimiento<\/p>\n<\/li>\n<\/ul>\n<hr data-start=\"2461\" data-end=\"2464\">\n<h4 data-start=\"2466\" data-end=\"2513\"><strong data-start=\"2471\" data-end=\"2511\">1 \u00d7 Bolsa impermeable Ocean Signal<\/strong><\/h4>\n<p data-start=\"2514\" data-end=\"2536\">Los momentos de emergencia son ca\u00f3ticos: este bolso garantiza que tu mejor equipo se mantenga seco, junto, visible y de f\u00e1cil acceso.<br \/>\n Valor de venta al p\u00fablico: \u00a3129,99<br \/>\n<img loading=\"lazy\" decoding=\"async\" class=\"alignnone wp-image-31488 size-medium\" src=\"https:\/\/oceansignal.com\/wp-content\/uploads\/2025\/06\/Grab_Bag-1-241x300.webp\" alt=\"\" width=\"241\" height=\"300\" srcset=\"https:\/\/oceansignal.com\/wp-content\/uploads\/2025\/06\/Grab_Bag-1-241x300.webp 241w, https:\/\/oceansignal.com\/wp-content\/uploads\/2025\/06\/Grab_Bag-1-60x75.webp 60w, https:\/\/oceansignal.com\/wp-content\/uploads\/2025\/06\/Grab_Bag-1-110x137.webp 110w, https:\/\/oceansignal.com\/wp-content\/uploads\/2025\/06\/Grab_Bag-1.webp 489w\" sizes=\"auto, (max-width: 241px) 100vw, 241px\" \/><\/p>\n<p data-start=\"2538\" data-end=\"2634\">Esta bolsa de sorpresas brillante y flotante incluye caracter\u00edsticas como:<\/p>\n<ul data-start=\"2636\" data-end=\"2778\">\n<li data-start=\"2636\" data-end=\"2669\">\n<p data-start=\"2638\" data-end=\"2669\">Ligero y f\u00e1cil de almacenar.<\/p>\n<\/li>\n<li data-start=\"2670\" data-end=\"2722\">\n<p data-start=\"2672\" data-end=\"2722\">Flota y protege el contenido en condiciones dif\u00edciles.<\/p>\n<\/li>\n<li data-start=\"2723\" data-end=\"2778\">\n<p data-start=\"2725\" data-end=\"2778\">Permite acceder a tus art\u00edculos esenciales de forma r\u00e1pida y sin fricciones.<\/p>\n<\/li>\n<\/ul>\n<p data-start=\"2780\" data-end=\"2896\">\n","protected":false},"excerpt":{"rendered":"<ul>\n<li>Est\u00e9 preparado cuando cada segundo cuenta con el <strong data-start=\"43\" data-end=\"89\">kit de seguridad EPIRB2 Plus de Ocean Signal<\/strong> , una soluci\u00f3n de emergencia esencial para los navegantes que preparan su primera bolsa de emergencia.<\/li>\n<p> \t<\/p>\n<li>Alojado en el resistente y flotante <strong data-start=\"195\" data-end=\"220\">Ocean Signal Grab Bag<\/strong> , este kit incluye la <strong data-start=\"253\" data-end=\"263\">EPIRB2<\/strong> avanzada con posicionamiento GPS, servicio de enlace de retorno (RLS) para confirmar que se recibi\u00f3 su se\u00f1al de socorro, luces estrobosc\u00f3picas duales (visibles e IR) y diagn\u00f3stico de tel\u00e9fono inteligente a trav\u00e9s de NFC.<\/li>\n<p> \t<\/p>\n<li>Tambi\u00e9n se incluye la potente <strong data-start=\"444\" data-end=\"478\">bengala electr\u00f3nica de socorro EDF2<\/strong> , que ofrece una visibilidad de 360\u00b0 con intensos LED multicolor e infrarrojos, ideal para llamar la atenci\u00f3n en condiciones de poca luz o visibilidad reducida. Compacto, resistente al agua y dise\u00f1ado para situaciones de rescate reales, este kit garantiza que lo vean, lo encuentren y lo lleven a casa r\u00e1pidamente. <\/li>\n<p> \t<\/p>\n<li>Valor total del kit al PVP: 920,96 \u00a3. \u00a1Ahorra 170 \u00a3 con este kit! <\/li>\n<\/ul>\n","protected":false},"featured_media":31367,"template":"","meta":{"_acf_changed":false,"om_disable_all_campaigns":false},"product_brand":[],"product_cat":[1691,470,962],"product_tag":[1357,1693],"class_list":{"0":"post-31902","1":"product","2":"type-product","3":"status-publish","4":"has-post-thumbnail","6":"product_cat-kits-de-seguridad","7":"product_cat-rescueme-es","8":"product_cat-senalizacion-electronica-y-flare-de-socorro","9":"product_tag-bolsa-de-sorpresas","10":"product_tag-kits-de-seguridad","12":"first","13":"instock","14":"taxable","15":"shipping-taxable","16":"purchasable","17":"product-type-simple"},"acf":[],"yoast_head":"<!-- This site is optimized with the Yoast SEO Premium plugin v25.2 (Yoast SEO v26.4) - https:\/\/yoast.com\/wordpress\/plugins\/seo\/ -->\n<title>Kit de seguridad para navegaci\u00f3n EPIRB2 Plus - Ocean Signal<\/title>\n<meta name=\"robots\" content=\"index, follow, max-snippet:-1, max-image-preview:large, max-video-preview:-1\" \/>\n<link rel=\"canonical\" href=\"https:\/\/oceansignal.com\/es\/products\/kit-de-seguridad-epirb2-plus\/\" \/>\n<meta property=\"og:locale\" content=\"es_ES\" \/>\n<meta property=\"og:type\" content=\"article\" \/>\n<meta property=\"og:title\" content=\"Kit de seguridad para navegaci\u00f3n EPIRB2 Plus\" \/>\n<meta property=\"og:description\" content=\"Est\u00e9 preparado cuando cada segundo cuenta con el kit de seguridad EPIRB2 Plus de Ocean Signal , una soluci\u00f3n de emergencia esencial para los navegantes que preparan su primera bolsa de emergencia. Alojado en el resistente y flotante Ocean Signal Grab Bag , este kit incluye la EPIRB2 avanzada con posicionamiento GPS, servicio de enlace de retorno (RLS) para confirmar que se recibi\u00f3 su se\u00f1al de socorro, luces estrobosc\u00f3picas duales (visibles e IR) y diagn\u00f3stico de tel\u00e9fono inteligente a trav\u00e9s de NFC. Tambi\u00e9n se incluye la potente bengala electr\u00f3nica de socorro EDF2 , que ofrece una visibilidad de 360\u00b0 con intensos LED multicolor e infrarrojos, ideal para llamar la atenci\u00f3n en condiciones de poca luz o visibilidad reducida. Compacto, resistente al agua y dise\u00f1ado para situaciones de rescate reales, este kit garantiza que lo vean, lo encuentren y lo lleven a casa r\u00e1pidamente.  Valor total del kit al PVP: 920,96 \u00a3. \u00a1Ahorra 170 \u00a3 con este kit!\" \/>\n<meta property=\"og:url\" content=\"https:\/\/oceansignal.com\/es\/products\/kit-de-seguridad-epirb2-plus\/\" \/>\n<meta property=\"og:site_name\" content=\"Ocean Signal\" \/>\n<meta property=\"article:modified_time\" content=\"2026-03-12T09:18:56+00:00\" \/>\n<meta property=\"og:image\" content=\"https:\/\/oceansignal.com\/wp-content\/uploads\/2025\/06\/Grab_Bag_EPIRB2_Safety_Kit_Plus-2.jpg\" \/>\n\t<meta property=\"og:image:width\" content=\"911\" \/>\n\t<meta property=\"og:image:height\" content=\"805\" \/>\n\t<meta property=\"og:image:type\" content=\"image\/jpeg\" \/>\n<meta name=\"twitter:card\" content=\"summary_large_image\" \/>\n<meta name=\"twitter:label1\" content=\"Tiempo de lectura\" \/>\n\t<meta name=\"twitter:data1\" content=\"3 minutos\" \/>\n<script type=\"application\/ld+json\" class=\"yoast-schema-graph\">{\"@context\":\"https:\/\/schema.org\",\"@graph\":[{\"@type\":\"WebPage\",\"@id\":\"https:\/\/oceansignal.com\/es\/products\/kit-de-seguridad-epirb2-plus\/\",\"url\":\"https:\/\/oceansignal.com\/es\/products\/kit-de-seguridad-epirb2-plus\/\",\"name\":\"Kit de seguridad para navegaci\u00f3n EPIRB2 Plus - Ocean Signal\",\"isPartOf\":{\"@id\":\"https:\/\/oceansignal.com\/es\/#website\"},\"primaryImageOfPage\":{\"@id\":\"https:\/\/oceansignal.com\/es\/products\/kit-de-seguridad-epirb2-plus\/#primaryimage\"},\"image\":{\"@id\":\"https:\/\/oceansignal.com\/es\/products\/kit-de-seguridad-epirb2-plus\/#primaryimage\"},\"thumbnailUrl\":\"https:\/\/oceansignal.com\/wp-content\/uploads\/2025\/06\/Grab_Bag_EPIRB2_Safety_Kit_Plus-2.jpg\",\"datePublished\":\"2025-07-17T08:59:49+00:00\",\"dateModified\":\"2026-03-12T09:18:56+00:00\",\"breadcrumb\":{\"@id\":\"https:\/\/oceansignal.com\/es\/products\/kit-de-seguridad-epirb2-plus\/#breadcrumb\"},\"inLanguage\":\"es\",\"potentialAction\":[{\"@type\":\"ReadAction\",\"target\":[\"https:\/\/oceansignal.com\/es\/products\/kit-de-seguridad-epirb2-plus\/\"]}]},{\"@type\":\"ImageObject\",\"inLanguage\":\"es\",\"@id\":\"https:\/\/oceansignal.com\/es\/products\/kit-de-seguridad-epirb2-plus\/#primaryimage\",\"url\":\"https:\/\/oceansignal.com\/wp-content\/uploads\/2025\/06\/Grab_Bag_EPIRB2_Safety_Kit_Plus-2.jpg\",\"contentUrl\":\"https:\/\/oceansignal.com\/wp-content\/uploads\/2025\/06\/Grab_Bag_EPIRB2_Safety_Kit_Plus-2.jpg\",\"width\":911,\"height\":805,\"caption\":\"El kit de seguridad para embarcaciones Ocean Signal ya est\u00e1 disponible\"},{\"@type\":\"BreadcrumbList\",\"@id\":\"https:\/\/oceansignal.com\/es\/products\/kit-de-seguridad-epirb2-plus\/#breadcrumb\",\"itemListElement\":[{\"@type\":\"ListItem\",\"position\":1,\"name\":\"Tienda\",\"item\":\"https:\/\/oceansignal.com\/es\/tienda\/\"},{\"@type\":\"ListItem\",\"position\":2,\"name\":\"Kit de seguridad para navegaci\u00f3n EPIRB2 Plus\"}]},{\"@type\":\"WebSite\",\"@id\":\"https:\/\/oceansignal.com\/es\/#website\",\"url\":\"https:\/\/oceansignal.com\/es\/\",\"name\":\"Ocean Signal\",\"description\":\"A leading manufacturer of EPIRBs, AIS, SARTs, Personal Locator Beacons, Man Overboard Beacon for the Marine and Outdoor Markets.\",\"potentialAction\":[{\"@type\":\"SearchAction\",\"target\":{\"@type\":\"EntryPoint\",\"urlTemplate\":\"https:\/\/oceansignal.com\/es\/?s={search_term_string}\"},\"query-input\":{\"@type\":\"PropertyValueSpecification\",\"valueRequired\":true,\"valueName\":\"search_term_string\"}}],\"inLanguage\":\"es\"}]}<\/script>\n<!-- \/ Yoast SEO Premium plugin. -->","yoast_head_json":{"title":"Kit de seguridad para navegaci\u00f3n EPIRB2 Plus - Ocean Signal","robots":{"index":"index","follow":"follow","max-snippet":"max-snippet:-1","max-image-preview":"max-image-preview:large","max-video-preview":"max-video-preview:-1"},"canonical":"https:\/\/oceansignal.com\/es\/products\/kit-de-seguridad-epirb2-plus\/","og_locale":"es_ES","og_type":"article","og_title":"Kit de seguridad para navegaci\u00f3n EPIRB2 Plus","og_description":"Est\u00e9 preparado cuando cada segundo cuenta con el kit de seguridad EPIRB2 Plus de Ocean Signal , una soluci\u00f3n de emergencia esencial para los navegantes que preparan su primera bolsa de emergencia. Alojado en el resistente y flotante Ocean Signal Grab Bag , este kit incluye la EPIRB2 avanzada con posicionamiento GPS, servicio de enlace de retorno (RLS) para confirmar que se recibi\u00f3 su se\u00f1al de socorro, luces estrobosc\u00f3picas duales (visibles e IR) y diagn\u00f3stico de tel\u00e9fono inteligente a trav\u00e9s de NFC. Tambi\u00e9n se incluye la potente bengala electr\u00f3nica de socorro EDF2 , que ofrece una visibilidad de 360\u00b0 con intensos LED multicolor e infrarrojos, ideal para llamar la atenci\u00f3n en condiciones de poca luz o visibilidad reducida. Compacto, resistente al agua y dise\u00f1ado para situaciones de rescate reales, este kit garantiza que lo vean, lo encuentren y lo lleven a casa r\u00e1pidamente.  Valor total del kit al PVP: 920,96 \u00a3. \u00a1Ahorra 170 \u00a3 con este kit!","og_url":"https:\/\/oceansignal.com\/es\/products\/kit-de-seguridad-epirb2-plus\/","og_site_name":"Ocean Signal","article_modified_time":"2026-03-12T09:18:56+00:00","og_image":[{"width":911,"height":805,"url":"https:\/\/oceansignal.com\/wp-content\/uploads\/2025\/06\/Grab_Bag_EPIRB2_Safety_Kit_Plus-2.jpg","type":"image\/jpeg"}],"twitter_card":"summary_large_image","twitter_misc":{"Tiempo de lectura":"3 minutos"},"schema":{"@context":"https:\/\/schema.org","@graph":[{"@type":"WebPage","@id":"https:\/\/oceansignal.com\/es\/products\/kit-de-seguridad-epirb2-plus\/","url":"https:\/\/oceansignal.com\/es\/products\/kit-de-seguridad-epirb2-plus\/","name":"Kit de seguridad para navegaci\u00f3n EPIRB2 Plus - Ocean Signal","isPartOf":{"@id":"https:\/\/oceansignal.com\/es\/#website"},"primaryImageOfPage":{"@id":"https:\/\/oceansignal.com\/es\/products\/kit-de-seguridad-epirb2-plus\/#primaryimage"},"image":{"@id":"https:\/\/oceansignal.com\/es\/products\/kit-de-seguridad-epirb2-plus\/#primaryimage"},"thumbnailUrl":"https:\/\/oceansignal.com\/wp-content\/uploads\/2025\/06\/Grab_Bag_EPIRB2_Safety_Kit_Plus-2.jpg","datePublished":"2025-07-17T08:59:49+00:00","dateModified":"2026-03-12T09:18:56+00:00","breadcrumb":{"@id":"https:\/\/oceansignal.com\/es\/products\/kit-de-seguridad-epirb2-plus\/#breadcrumb"},"inLanguage":"es","potentialAction":[{"@type":"ReadAction","target":["https:\/\/oceansignal.com\/es\/products\/kit-de-seguridad-epirb2-plus\/"]}]},{"@type":"ImageObject","inLanguage":"es","@id":"https:\/\/oceansignal.com\/es\/products\/kit-de-seguridad-epirb2-plus\/#primaryimage","url":"https:\/\/oceansignal.com\/wp-content\/uploads\/2025\/06\/Grab_Bag_EPIRB2_Safety_Kit_Plus-2.jpg","contentUrl":"https:\/\/oceansignal.com\/wp-content\/uploads\/2025\/06\/Grab_Bag_EPIRB2_Safety_Kit_Plus-2.jpg","width":911,"height":805,"caption":"El kit de seguridad para embarcaciones Ocean Signal ya est\u00e1 disponible"},{"@type":"BreadcrumbList","@id":"https:\/\/oceansignal.com\/es\/products\/kit-de-seguridad-epirb2-plus\/#breadcrumb","itemListElement":[{"@type":"ListItem","position":1,"name":"Tienda","item":"https:\/\/oceansignal.com\/es\/tienda\/"},{"@type":"ListItem","position":2,"name":"Kit de seguridad para navegaci\u00f3n EPIRB2 Plus"}]},{"@type":"WebSite","@id":"https:\/\/oceansignal.com\/es\/#website","url":"https:\/\/oceansignal.com\/es\/","name":"Ocean Signal","description":"A leading manufacturer of EPIRBs, AIS, SARTs, Personal Locator Beacons, Man Overboard Beacon for the Marine and Outdoor Markets.","potentialAction":[{"@type":"SearchAction","target":{"@type":"EntryPoint","urlTemplate":"https:\/\/oceansignal.com\/es\/?s={search_term_string}"},"query-input":{"@type":"PropertyValueSpecification","valueRequired":true,"valueName":"search_term_string"}}],"inLanguage":"es"}]}},"_links":{"self":[{"href":"https:\/\/oceansignal.com\/es\/wp-json\/wp\/v2\/product\/31902","targetHints":{"allow":["GET"]}}],"collection":[{"href":"https:\/\/oceansignal.com\/es\/wp-json\/wp\/v2\/product"}],"about":[{"href":"https:\/\/oceansignal.com\/es\/wp-json\/wp\/v2\/types\/product"}],"wp:featuredmedia":[{"embeddable":true,"href":"https:\/\/oceansignal.com\/es\/wp-json\/wp\/v2\/media\/31367"}],"wp:attachment":[{"href":"https:\/\/oceansignal.com\/es\/wp-json\/wp\/v2\/media?parent=31902"}],"wp:term":[{"taxonomy":"product_brand","embeddable":true,"href":"https:\/\/oceansignal.com\/es\/wp-json\/wp\/v2\/product_brand?post=31902"},{"taxonomy":"product_cat","embeddable":true,"href":"https:\/\/oceansignal.com\/es\/wp-json\/wp\/v2\/product_cat?post=31902"},{"taxonomy":"product_tag","embeddable":true,"href":"https:\/\/oceansignal.com\/es\/wp-json\/wp\/v2\/product_tag?post=31902"}],"curies":[{"name":"wp","href":"https:\/\/api.w.org\/{rel}","templated":true}]}}