{"id":31923,"date":"2025-06-24T09:48:12","date_gmt":"2025-06-24T09:48:12","guid":{"rendered":"https:\/\/oceansignal.com\/products\/kit-de-seguridad-epirb3\/"},"modified":"2026-03-26T15:12:31","modified_gmt":"2026-03-26T15:12:31","slug":"kit-de-seguridad-epirb3","status":"publish","type":"product","link":"https:\/\/oceansignal.com\/es\/products\/kit-de-seguridad-epirb3\/","title":{"rendered":"Kit de seguridad para navegaci\u00f3n EPIRB3"},"content":{"rendered":"<h3 class=\"ai-optimize-42\" data-start=\"3285\" data-end=\"3337\"><strong data-start=\"3292\" data-end=\"3337\"><img loading=\"lazy\" decoding=\"async\" class=\"alignnone size-full wp-image-32359\" src=\"https:\/\/oceansignal.com\/wp-content\/uploads\/2025\/07\/View-New-Safety-Kits.png\" alt=\"\" width=\"300\" height=\"75\" srcset=\"https:\/\/oceansignal.com\/wp-content\/uploads\/2025\/07\/View-New-Safety-Kits.png 300w, https:\/\/oceansignal.com\/wp-content\/uploads\/2025\/07\/View-New-Safety-Kits-60x15.png 60w, https:\/\/oceansignal.com\/wp-content\/uploads\/2025\/07\/View-New-Safety-Kits-110x28.png 110w\" sizes=\"auto, (max-width: 300px) 100vw, 300px\" \/><\/strong><\/h3>\n<h3 class=\"ai-optimize-43\" data-start=\"2673\" data-end=\"2727\"><strong data-start=\"2680\" data-end=\"2727\">\u00bfPor qu\u00e9 elegir el kit EPIRB3?<\/strong><\/h3>\n<p class=\"ai-optimize-44 ai-optimize-introduction\" data-start=\"2729\" data-end=\"3018\">El Kit EPIRB3 es el paquete b\u00e1sico m\u00e1s avanzado que puede adquirir. Con tecnolog\u00eda EPIRB l\u00edder a nivel mundial, configuraci\u00f3n intuitiva desde su smartphone y visibilidad de rescate local e internacional, es perfecto para quienes buscan tranquilidad, cumplimiento normativo y funciones modernas integradas desde el principio. <\/p>\n<p class=\"ai-optimize-45\" data-start=\"3020\" data-end=\"3075\">Tu mejor comienzo en seguridad offshore. Sin concesiones. <\/p>\n<h3 class=\"ai-optimize-46\" data-start=\"2313\" data-end=\"2334\"><strong data-start=\"2320\" data-end=\"2334\">Ideal para:<\/strong><\/h3>\n<ul data-start=\"2335\" data-end=\"2600\">\n<li class=\"ai-optimize-47\" data-start=\"2335\" data-end=\"2389\">\n<p class=\"ai-optimize-48\" data-start=\"2337\" data-end=\"2389\">Navegantes de alta mar, propietarios de yates y cruceros oce\u00e1nicos<\/p>\n<\/li>\n<li class=\"ai-optimize-49\" data-start=\"2390\" data-end=\"2456\">\n<p class=\"ai-optimize-50\" data-start=\"2392\" data-end=\"2456\">Tripulaciones que se preparan para carreras en alta mar de categor\u00eda 1 o traves\u00edas en aguas azules<\/p>\n<\/li>\n<li class=\"ai-optimize-51\" data-start=\"2457\" data-end=\"2532\">\n<p class=\"ai-optimize-52\" data-start=\"2459\" data-end=\"2532\">Los patrones preocupados por la seguridad buscan tecnolog\u00eda EPIRB de primer nivel<\/p>\n<\/li>\n<li class=\"ai-optimize-53\" data-start=\"2533\" data-end=\"2600\">\n<p class=\"ai-optimize-54\" data-start=\"2535\" data-end=\"2600\">Marineros que sustituyen las antiguas radiobalizas de localizaci\u00f3n de siniestros (EPIRB) por equipos modernos y reglamentarios<\/p>\n<\/li>\n<\/ul>\n<h3 class=\"ai-optimize-55\" data-start=\"673\" data-end=\"726\"><strong data-start=\"680\" data-end=\"726\">\u00bfQu\u00e9 est\u00e1 incluido y c\u00f3mo apoya el rescate?<\/strong><\/h3>\n<h4 class=\"ai-optimize-56\" data-start=\"728\" data-end=\"762\"><strong data-start=\"733\" data-end=\"760\">1 \u00d7 RLS3 de Ocean Signal<\/strong><\/h4>\n<p class=\"ai-optimize-57\" data-start=\"763\" data-end=\"786\">Se puede visualizar localmente (embarcaciones con transceptores AIS) y globalmente (mensaje de 406 MHz enviado a los equipos de b\u00fasqueda y rescate), rastrear con precisi\u00f3n (AIS) y obtener confirmaci\u00f3n en tiempo real (RLS), todo ello en un \u00fanico dispositivo.<br \/>\n Precio de venta al p\u00fablico: 840,95 \u00a3<\/p>\n<p data-start=\"763\" data-end=\"786\"><img loading=\"lazy\" decoding=\"async\" class=\"alignnone size-medium wp-image-2147\" src=\"https:\/\/oceansignal.com\/wp-content\/uploads\/2024\/03\/EPIRB3-Front-300-RLS-on-1-300x300.png\" alt=\"Ocean Signal EPIRB3 con luz de servicio de enlace de retorno azul encendida.\" width=\"300\" height=\"300\" srcset=\"https:\/\/oceansignal.com\/wp-content\/uploads\/2024\/03\/EPIRB3-Front-300-RLS-on-1-300x300.png 300w, https:\/\/oceansignal.com\/wp-content\/uploads\/2024\/03\/EPIRB3-Front-300-RLS-on-1-150x150.png 150w, https:\/\/oceansignal.com\/wp-content\/uploads\/2024\/03\/EPIRB3-Front-300-RLS-on-1-100x100.png 100w, https:\/\/oceansignal.com\/wp-content\/uploads\/2024\/03\/EPIRB3-Front-300-RLS-on-1.png 411w\" sizes=\"auto, (max-width: 300px) 100vw, 300px\" \/><\/p>\n<p class=\"ai-optimize-58\" data-start=\"788\" data-end=\"915\">La EPIRB insignia de Ocean Signal, construida para cumplir con los \u00faltimos est\u00e1ndares internacionales y repleta de caracter\u00edsticas que salvan vidas, entre ellas:<\/p>\n<ul data-start=\"917\" data-end=\"1359\">\n<li class=\"ai-optimize-59\" data-start=\"917\" data-end=\"965\">\n<p class=\"ai-optimize-60\" data-start=\"919\" data-end=\"965\"><strong>Alerta satelital Cospas-Sarsat de 406 MHz<\/strong><\/p>\n<\/li>\n<li class=\"ai-optimize-61\" data-start=\"966\" data-end=\"1014\">\n<p class=\"ai-optimize-62\" data-start=\"968\" data-end=\"1014\"><strong>Transmisi\u00f3n AIS a embarcaciones cercanas con transceptores AIS<\/strong><\/p>\n<\/li>\n<li class=\"ai-optimize-63\" data-start=\"1015\" data-end=\"1097\">\n<p class=\"ai-optimize-64\" data-start=\"1017\" data-end=\"1097\"><strong>Servicio de enlace de retorno (RLS): confirma que se ha recibido su se\u00f1al de socorro<\/strong><\/p>\n<\/li>\n<li class=\"ai-optimize-65\" data-start=\"1098\" data-end=\"1148\">\n<p class=\"ai-optimize-66\" data-start=\"1100\" data-end=\"1148\"><strong>GNSS (GPS + Galileo) para una precisi\u00f3n milim\u00e9trica<\/strong><\/p>\n<\/li>\n<li class=\"ai-optimize-67\" data-start=\"1149\" data-end=\"1186\">\n<p class=\"ai-optimize-68\" data-start=\"1151\" data-end=\"1186\"><strong>Se\u00f1al de localizaci\u00f3n local de 121,5 MHz<\/strong><\/p>\n<\/li>\n<li class=\"ai-optimize-69\" data-start=\"1187\" data-end=\"1239\">\n<p class=\"ai-optimize-70\" data-start=\"1189\" data-end=\"1239\"><strong>Luces estrobosc\u00f3picas visibles e infrarrojas para detecci\u00f3n visual en situaciones de poca luz<\/strong><\/p>\n<\/li>\n<li class=\"ai-optimize-71\" data-start=\"1240\" data-end=\"1299\">\n<p class=\"ai-optimize-72\" data-start=\"1242\" data-end=\"1299\"><strong>Configuraci\u00f3n de tel\u00e9fono inteligente NFC con la aplicaci\u00f3n gratuita Ocean Signal<\/strong><\/p>\n<\/li>\n<li class=\"ai-optimize-73\" data-start=\"1300\" data-end=\"1359\">\n<p class=\"ai-optimize-74\" data-start=\"1302\" data-end=\"1359\"><strong>Soporte manual (Cat II) para montaje flexible<\/strong><\/p>\n<\/li>\n<\/ul>\n<hr data-start=\"1511\" data-end=\"1514\">\n<h4 class=\"ai-optimize-75\" data-start=\"1516\" data-end=\"1558\"><strong data-start=\"1521\" data-end=\"1556\">1 \u00d7 Espejo de se\u00f1al ACR y silbato<\/strong><\/h4>\n<p class=\"ai-optimize-76\" data-start=\"1559\" data-end=\"1581\">Ideal para cuando los equipos SAR est\u00e1n cerca y necesitas llamar su atenci\u00f3n de forma r\u00e1pida y clara.<br \/>\n Valor de venta al p\u00fablico: \u00a310,99<\/p>\n<p data-start=\"1559\" data-end=\"1581\"><img loading=\"lazy\" decoding=\"async\" class=\"alignnone wp-image-31407 size-medium\" src=\"https:\/\/oceansignal.com\/wp-content\/uploads\/2025\/06\/Grab_Bag_EPIRB1_Kit-e1752085331562-300x131.png\" alt=\"\" width=\"300\" height=\"131\" srcset=\"https:\/\/oceansignal.com\/wp-content\/uploads\/2025\/06\/Grab_Bag_EPIRB1_Kit-e1752085331562-300x131.png 300w, https:\/\/oceansignal.com\/wp-content\/uploads\/2025\/06\/Grab_Bag_EPIRB1_Kit-e1752085331562-60x26.png 60w, https:\/\/oceansignal.com\/wp-content\/uploads\/2025\/06\/Grab_Bag_EPIRB1_Kit-e1752085331562-110x48.png 110w, https:\/\/oceansignal.com\/wp-content\/uploads\/2025\/06\/Grab_Bag_EPIRB1_Kit-e1752085331562.png 344w\" sizes=\"auto, (max-width: 300px) 100vw, 300px\" \/><\/p>\n<p class=\"ai-optimize-77\" data-start=\"1583\" data-end=\"1691\">Estas herramientas que no requieren mantenimiento a\u00f1aden visibilidad adicional y se\u00f1alizaci\u00f3n de audio valiosa en las etapas finales del rescate.<\/p>\n<ul data-start=\"1693\" data-end=\"1791\">\n<li class=\"ai-optimize-78\" data-start=\"1693\" data-end=\"1734\">\n<p class=\"ai-optimize-79\" data-start=\"1695\" data-end=\"1734\"><strong>Espejo compacto altamente reflectante para se\u00f1ales visuales diurnas: dise\u00f1ado para reflejar la luz solar a grandes distancias, ideal para captar la atenci\u00f3n de embarcaciones o aeronaves que pasan.<\/strong><\/p>\n<\/li>\n<li class=\"ai-optimize-80\" data-start=\"1735\" data-end=\"1791\">\n<p class=\"ai-optimize-81\" data-start=\"1737\" data-end=\"1791\"><strong>Silbido fuerte y silencioso para atraer la atenci\u00f3n a corta distancia<\/strong><\/p>\n<\/li>\n<\/ul>\n<hr data-start=\"1909\" data-end=\"1912\">\n<h4 class=\"ai-optimize-82\" data-start=\"1914\" data-end=\"1961\"><strong data-start=\"1919\" data-end=\"1959\">1 \u00d7 Bolsa impermeable Ocean Signal<\/strong><\/h4>\n<p class=\"ai-optimize-83\" data-start=\"1962\" data-end=\"1985\"><em data-start=\"1962\" data-end=\"1985\">Cuando cada segundo cuenta, tener todo en un lugar seco y visible es fundamental.<br \/>\n Valor de venta al p\u00fablico: \u00a3129,99<\/em><\/p>\n<p data-start=\"1962\" data-end=\"1985\"><img loading=\"lazy\" decoding=\"async\" class=\"alignnone wp-image-31488 size-medium\" src=\"https:\/\/oceansignal.com\/wp-content\/uploads\/2025\/06\/Grab_Bag-1-241x300.webp\" alt=\"\" width=\"241\" height=\"300\" srcset=\"https:\/\/oceansignal.com\/wp-content\/uploads\/2025\/06\/Grab_Bag-1-241x300.webp 241w, https:\/\/oceansignal.com\/wp-content\/uploads\/2025\/06\/Grab_Bag-1-60x75.webp 60w, https:\/\/oceansignal.com\/wp-content\/uploads\/2025\/06\/Grab_Bag-1-110x137.webp 110w, https:\/\/oceansignal.com\/wp-content\/uploads\/2025\/06\/Grab_Bag-1.webp 489w\" sizes=\"auto, (max-width: 241px) 100vw, 241px\" \/><\/p>\n<p class=\"ai-optimize-84\" data-start=\"1987\" data-end=\"2079\">Esta bolsa resistente y flotante mantiene todo tu equipo esencial junto: seco, protegido y listo para usar.<\/p>\n<ul data-start=\"2081\" data-end=\"2190\">\n<li class=\"ai-optimize-85\" data-start=\"2081\" data-end=\"2107\">\n<p class=\"ai-optimize-86\" data-start=\"2083\" data-end=\"2107\"><strong>Color de alta visibilidad<\/strong><\/p>\n<\/li>\n<li class=\"ai-optimize-87\" data-start=\"2108\" data-end=\"2131\">\n<p class=\"ai-optimize-88\" data-start=\"2110\" data-end=\"2131\"><strong>Boyante<\/strong><\/p>\n<\/li>\n<li class=\"ai-optimize-89\" data-start=\"2132\" data-end=\"2190\">\n<p class=\"ai-optimize-90\" data-start=\"2134\" data-end=\"2190\"><strong>Tama\u00f1o ideal para EPIRB, cualquier equipo de seguridad adicional y documentos clave<\/strong><\/p>\n<\/li>\n<\/ul>\n","protected":false},"excerpt":{"rendered":"<ul>\n<li class=\"ai-optimize-38\">El kit EPIRB3 es una soluci\u00f3n de seguridad todo en uno de primer nivel, dise\u00f1ada para navegantes que desean las funciones EPIRB m\u00e1s avanzadas disponibles desde el primer momento.<\/li>\n<li class=\"ai-optimize-39\">Con AIS, servicio de enlace de retorno, posicionamiento GNSS y alerta global Cospas-Sarsat, la EPIRB3 ofrece a los navegantes solitarios y con tripulaci\u00f3n una configuraci\u00f3n de seguridad a prueba de futuro desde el primer d\u00eda.<\/li>\n<li class=\"ai-optimize-40\">La bolsa de mano incluida garantiza que tenga una soluci\u00f3n de almacenamiento muy visible y flotante para su EPIRB3, espejo de se\u00f1al y silbato que est\u00e1n incluidos en el kit.<\/li>\n<\/ul>\n<p class=\"ai-optimize-41\">Valor total del kit seg\u00fan el precio de venta recomendado: 990,97 \u00a3. \u00a1Ahorra 129,98 \u00a3 con este kit! <\/p>\n","protected":false},"featured_media":31582,"template":"","meta":{"_acf_changed":false,"om_disable_all_campaigns":false},"product_brand":[],"product_cat":[1691,470],"product_tag":[1357,868,1693,878],"class_list":{"0":"post-31923","1":"product","2":"type-product","3":"status-publish","4":"has-post-thumbnail","6":"product_cat-kits-de-seguridad","7":"product_cat-rescueme-es","8":"product_tag-bolsa-de-sorpresas","9":"product_tag-epirb-es","10":"product_tag-kits-de-seguridad","11":"product_tag-rls3","13":"first","14":"instock","15":"taxable","16":"shipping-taxable","17":"purchasable","18":"product-type-simple"},"acf":[],"yoast_head":"<!-- This site is optimized with the Yoast SEO Premium plugin v25.2 (Yoast SEO v26.4) - https:\/\/yoast.com\/wordpress\/plugins\/seo\/ -->\n<title>Kit de seguridad para navegaci\u00f3n EPIRB3 - Ocean Signal<\/title>\n<meta name=\"robots\" content=\"index, follow, max-snippet:-1, max-image-preview:large, max-video-preview:-1\" \/>\n<link rel=\"canonical\" href=\"https:\/\/oceansignal.com\/es\/products\/kit-de-seguridad-epirb3\/\" \/>\n<meta property=\"og:locale\" content=\"es_ES\" \/>\n<meta property=\"og:type\" content=\"article\" \/>\n<meta property=\"og:title\" content=\"Kit de seguridad para navegaci\u00f3n EPIRB3\" \/>\n<meta property=\"og:description\" content=\"El kit EPIRB3 es una soluci\u00f3n de seguridad todo en uno de primer nivel, dise\u00f1ada para navegantes que desean las funciones EPIRB m\u00e1s avanzadas disponibles desde el primer momento.  Con AIS, servicio de enlace de retorno, posicionamiento GNSS y alerta global Cospas-Sarsat, la EPIRB3 ofrece a los navegantes solitarios y con tripulaci\u00f3n una configuraci\u00f3n de seguridad a prueba de futuro desde el primer d\u00eda.  La bolsa de mano incluida garantiza que tenga una soluci\u00f3n de almacenamiento muy visible y flotante para su EPIRB3, espejo de se\u00f1al y silbato que est\u00e1n incluidos en el kit. Valor total del kit seg\u00fan el precio de venta recomendado: 990,97 \u00a3. \u00a1Ahorra 129,98 \u00a3 con este kit!\" \/>\n<meta property=\"og:url\" content=\"https:\/\/oceansignal.com\/es\/products\/kit-de-seguridad-epirb3\/\" \/>\n<meta property=\"og:site_name\" content=\"Ocean Signal\" \/>\n<meta property=\"article:modified_time\" content=\"2026-03-26T15:12:31+00:00\" \/>\n<meta property=\"og:image\" content=\"https:\/\/oceansignal.com\/wp-content\/uploads\/2025\/06\/Grab_Bag_EPIRB3_Kit-1.jpg\" \/>\n\t<meta property=\"og:image:width\" content=\"911\" \/>\n\t<meta property=\"og:image:height\" content=\"805\" \/>\n\t<meta property=\"og:image:type\" content=\"image\/jpeg\" \/>\n<meta name=\"twitter:card\" content=\"summary_large_image\" \/>\n<meta name=\"twitter:label1\" content=\"Tiempo de lectura\" \/>\n\t<meta name=\"twitter:data1\" content=\"2 minutos\" \/>\n<script type=\"application\/ld+json\" class=\"yoast-schema-graph\">{\"@context\":\"https:\/\/schema.org\",\"@graph\":[{\"@type\":\"WebPage\",\"@id\":\"https:\/\/oceansignal.com\/es\/products\/kit-de-seguridad-epirb3\/\",\"url\":\"https:\/\/oceansignal.com\/es\/products\/kit-de-seguridad-epirb3\/\",\"name\":\"Kit de seguridad para navegaci\u00f3n EPIRB3 - Ocean Signal\",\"isPartOf\":{\"@id\":\"https:\/\/oceansignal.com\/es\/#website\"},\"primaryImageOfPage\":{\"@id\":\"https:\/\/oceansignal.com\/es\/products\/kit-de-seguridad-epirb3\/#primaryimage\"},\"image\":{\"@id\":\"https:\/\/oceansignal.com\/es\/products\/kit-de-seguridad-epirb3\/#primaryimage\"},\"thumbnailUrl\":\"https:\/\/oceansignal.com\/wp-content\/uploads\/2025\/06\/Grab_Bag_EPIRB3_Kit-1.jpg\",\"datePublished\":\"2025-06-24T09:48:12+00:00\",\"dateModified\":\"2026-03-26T15:12:31+00:00\",\"breadcrumb\":{\"@id\":\"https:\/\/oceansignal.com\/es\/products\/kit-de-seguridad-epirb3\/#breadcrumb\"},\"inLanguage\":\"es\",\"potentialAction\":[{\"@type\":\"ReadAction\",\"target\":[\"https:\/\/oceansignal.com\/es\/products\/kit-de-seguridad-epirb3\/\"]}]},{\"@type\":\"ImageObject\",\"inLanguage\":\"es\",\"@id\":\"https:\/\/oceansignal.com\/es\/products\/kit-de-seguridad-epirb3\/#primaryimage\",\"url\":\"https:\/\/oceansignal.com\/wp-content\/uploads\/2025\/06\/Grab_Bag_EPIRB3_Kit-1.jpg\",\"contentUrl\":\"https:\/\/oceansignal.com\/wp-content\/uploads\/2025\/06\/Grab_Bag_EPIRB3_Kit-1.jpg\",\"width\":911,\"height\":805},{\"@type\":\"BreadcrumbList\",\"@id\":\"https:\/\/oceansignal.com\/es\/products\/kit-de-seguridad-epirb3\/#breadcrumb\",\"itemListElement\":[{\"@type\":\"ListItem\",\"position\":1,\"name\":\"Tienda\",\"item\":\"https:\/\/oceansignal.com\/es\/tienda\/\"},{\"@type\":\"ListItem\",\"position\":2,\"name\":\"Kit de seguridad para navegaci\u00f3n EPIRB3\"}]},{\"@type\":\"WebSite\",\"@id\":\"https:\/\/oceansignal.com\/es\/#website\",\"url\":\"https:\/\/oceansignal.com\/es\/\",\"name\":\"Ocean Signal\",\"description\":\"A leading manufacturer of EPIRBs, AIS, SARTs, Personal Locator Beacons, Man Overboard Beacon for the Marine and Outdoor Markets.\",\"potentialAction\":[{\"@type\":\"SearchAction\",\"target\":{\"@type\":\"EntryPoint\",\"urlTemplate\":\"https:\/\/oceansignal.com\/es\/?s={search_term_string}\"},\"query-input\":{\"@type\":\"PropertyValueSpecification\",\"valueRequired\":true,\"valueName\":\"search_term_string\"}}],\"inLanguage\":\"es\"}]}<\/script>\n<!-- \/ Yoast SEO Premium plugin. -->","yoast_head_json":{"title":"Kit de seguridad para navegaci\u00f3n EPIRB3 - Ocean Signal","robots":{"index":"index","follow":"follow","max-snippet":"max-snippet:-1","max-image-preview":"max-image-preview:large","max-video-preview":"max-video-preview:-1"},"canonical":"https:\/\/oceansignal.com\/es\/products\/kit-de-seguridad-epirb3\/","og_locale":"es_ES","og_type":"article","og_title":"Kit de seguridad para navegaci\u00f3n EPIRB3","og_description":"El kit EPIRB3 es una soluci\u00f3n de seguridad todo en uno de primer nivel, dise\u00f1ada para navegantes que desean las funciones EPIRB m\u00e1s avanzadas disponibles desde el primer momento.  Con AIS, servicio de enlace de retorno, posicionamiento GNSS y alerta global Cospas-Sarsat, la EPIRB3 ofrece a los navegantes solitarios y con tripulaci\u00f3n una configuraci\u00f3n de seguridad a prueba de futuro desde el primer d\u00eda.  La bolsa de mano incluida garantiza que tenga una soluci\u00f3n de almacenamiento muy visible y flotante para su EPIRB3, espejo de se\u00f1al y silbato que est\u00e1n incluidos en el kit. Valor total del kit seg\u00fan el precio de venta recomendado: 990,97 \u00a3. \u00a1Ahorra 129,98 \u00a3 con este kit!","og_url":"https:\/\/oceansignal.com\/es\/products\/kit-de-seguridad-epirb3\/","og_site_name":"Ocean Signal","article_modified_time":"2026-03-26T15:12:31+00:00","og_image":[{"width":911,"height":805,"url":"https:\/\/oceansignal.com\/wp-content\/uploads\/2025\/06\/Grab_Bag_EPIRB3_Kit-1.jpg","type":"image\/jpeg"}],"twitter_card":"summary_large_image","twitter_misc":{"Tiempo de lectura":"2 minutos"},"schema":{"@context":"https:\/\/schema.org","@graph":[{"@type":"WebPage","@id":"https:\/\/oceansignal.com\/es\/products\/kit-de-seguridad-epirb3\/","url":"https:\/\/oceansignal.com\/es\/products\/kit-de-seguridad-epirb3\/","name":"Kit de seguridad para navegaci\u00f3n EPIRB3 - Ocean Signal","isPartOf":{"@id":"https:\/\/oceansignal.com\/es\/#website"},"primaryImageOfPage":{"@id":"https:\/\/oceansignal.com\/es\/products\/kit-de-seguridad-epirb3\/#primaryimage"},"image":{"@id":"https:\/\/oceansignal.com\/es\/products\/kit-de-seguridad-epirb3\/#primaryimage"},"thumbnailUrl":"https:\/\/oceansignal.com\/wp-content\/uploads\/2025\/06\/Grab_Bag_EPIRB3_Kit-1.jpg","datePublished":"2025-06-24T09:48:12+00:00","dateModified":"2026-03-26T15:12:31+00:00","breadcrumb":{"@id":"https:\/\/oceansignal.com\/es\/products\/kit-de-seguridad-epirb3\/#breadcrumb"},"inLanguage":"es","potentialAction":[{"@type":"ReadAction","target":["https:\/\/oceansignal.com\/es\/products\/kit-de-seguridad-epirb3\/"]}]},{"@type":"ImageObject","inLanguage":"es","@id":"https:\/\/oceansignal.com\/es\/products\/kit-de-seguridad-epirb3\/#primaryimage","url":"https:\/\/oceansignal.com\/wp-content\/uploads\/2025\/06\/Grab_Bag_EPIRB3_Kit-1.jpg","contentUrl":"https:\/\/oceansignal.com\/wp-content\/uploads\/2025\/06\/Grab_Bag_EPIRB3_Kit-1.jpg","width":911,"height":805},{"@type":"BreadcrumbList","@id":"https:\/\/oceansignal.com\/es\/products\/kit-de-seguridad-epirb3\/#breadcrumb","itemListElement":[{"@type":"ListItem","position":1,"name":"Tienda","item":"https:\/\/oceansignal.com\/es\/tienda\/"},{"@type":"ListItem","position":2,"name":"Kit de seguridad para navegaci\u00f3n EPIRB3"}]},{"@type":"WebSite","@id":"https:\/\/oceansignal.com\/es\/#website","url":"https:\/\/oceansignal.com\/es\/","name":"Ocean Signal","description":"A leading manufacturer of EPIRBs, AIS, SARTs, Personal Locator Beacons, Man Overboard Beacon for the Marine and Outdoor Markets.","potentialAction":[{"@type":"SearchAction","target":{"@type":"EntryPoint","urlTemplate":"https:\/\/oceansignal.com\/es\/?s={search_term_string}"},"query-input":{"@type":"PropertyValueSpecification","valueRequired":true,"valueName":"search_term_string"}}],"inLanguage":"es"}]}},"_links":{"self":[{"href":"https:\/\/oceansignal.com\/es\/wp-json\/wp\/v2\/product\/31923","targetHints":{"allow":["GET"]}}],"collection":[{"href":"https:\/\/oceansignal.com\/es\/wp-json\/wp\/v2\/product"}],"about":[{"href":"https:\/\/oceansignal.com\/es\/wp-json\/wp\/v2\/types\/product"}],"wp:featuredmedia":[{"embeddable":true,"href":"https:\/\/oceansignal.com\/es\/wp-json\/wp\/v2\/media\/31582"}],"wp:attachment":[{"href":"https:\/\/oceansignal.com\/es\/wp-json\/wp\/v2\/media?parent=31923"}],"wp:term":[{"taxonomy":"product_brand","embeddable":true,"href":"https:\/\/oceansignal.com\/es\/wp-json\/wp\/v2\/product_brand?post=31923"},{"taxonomy":"product_cat","embeddable":true,"href":"https:\/\/oceansignal.com\/es\/wp-json\/wp\/v2\/product_cat?post=31923"},{"taxonomy":"product_tag","embeddable":true,"href":"https:\/\/oceansignal.com\/es\/wp-json\/wp\/v2\/product_tag?post=31923"}],"curies":[{"name":"wp","href":"https:\/\/api.w.org\/{rel}","templated":true}]}}