{"id":31936,"date":"2025-06-24T09:45:57","date_gmt":"2025-06-24T09:45:57","guid":{"rendered":"https:\/\/oceansignal.com\/products\/kit-de-seguridad-epirb2\/"},"modified":"2025-10-01T07:56:01","modified_gmt":"2025-10-01T07:56:01","slug":"kit-de-seguridad-epirb2","status":"publish","type":"product","link":"https:\/\/oceansignal.com\/es\/products\/kit-de-seguridad-epirb2\/","title":{"rendered":"Kit de seguridad para navegaci\u00f3n EPIRB2"},"content":{"rendered":"<h3 data-start=\"3285\" data-end=\"3337\"><strong data-start=\"3292\" data-end=\"3337\"><img loading=\"lazy\" decoding=\"async\" class=\"alignnone size-full wp-image-32359\" src=\"https:\/\/oceansignal.com\/wp-content\/uploads\/2025\/07\/View-New-Safety-Kits.png\" alt=\"\" width=\"300\" height=\"75\" srcset=\"https:\/\/oceansignal.com\/wp-content\/uploads\/2025\/07\/View-New-Safety-Kits.png 300w, https:\/\/oceansignal.com\/wp-content\/uploads\/2025\/07\/View-New-Safety-Kits-60x15.png 60w, https:\/\/oceansignal.com\/wp-content\/uploads\/2025\/07\/View-New-Safety-Kits-110x28.png 110w\" sizes=\"auto, (max-width: 300px) 100vw, 300px\" \/><\/strong><\/h3>\n<h3 data-start=\"2553\" data-end=\"2604\"><strong data-start=\"2560\" data-end=\"2604\">\u00bfPor qu\u00e9 elegir el kit de seguridad EPIRB2?<\/strong><\/h3>\n<p data-start=\"2606\" data-end=\"2880\">Sencillo, conforme y fiable, el kit EPIRB2 ofrece protecci\u00f3n satelital con una configuraci\u00f3n m\u00ednima, adem\u00e1s de la tranquilidad que ofrece el Servicio de Enlace de Retorno (RLS). La inclusi\u00f3n del RLS confirma que su mensaje de socorro se ha enviado y recibido. Con la bolsa de sorpresas incluida, este kit es ideal para navegantes que desean cumplir con los est\u00e1ndares de seguridad m\u00e1s exigentes sin sobrecargar ni gastar de m\u00e1s; es la opci\u00f3n pr\u00e1ctica para una aut\u00e9ntica aventura en el agua.  <\/p>\n<p data-start=\"2882\" data-end=\"2932\">Seguridad total. Sin extras. Justo lo que necesitas.  <\/p>\n<h3 data-start=\"2206\" data-end=\"2227\"><strong data-start=\"2213\" data-end=\"2227\">Ideal para:<\/strong><\/h3>\n<ul data-start=\"2228\" data-end=\"2474\">\n<li data-start=\"2228\" data-end=\"2281\">\n<p data-start=\"2230\" data-end=\"2281\">Marineros prepar\u00e1ndose para una traves\u00eda en alta mar<\/p>\n<\/li>\n<li data-start=\"2282\" data-end=\"2347\">\n<p data-start=\"2284\" data-end=\"2347\">Cruceros costeros que buscan la seguridad y protecci\u00f3n asociadas con tener una EPIRB a bordo<\/p>\n<\/li>\n<li data-start=\"2348\" data-end=\"2418\">\n<p data-start=\"2350\" data-end=\"2418\">Tripulaciones que actualizan el equipo de seguridad para cumplir con los requisitos de la carrera o del seguro.<\/p>\n<\/li>\n<li data-start=\"2419\" data-end=\"2474\">\n<p data-start=\"2421\" data-end=\"2474\">Estudiantes de RYA y propietarios de yates sin EPIRB incorporadas<\/p>\n<\/li>\n<\/ul>\n<h3 data-start=\"727\" data-end=\"780\"><strong data-start=\"734\" data-end=\"780\">Qu\u00e9 incluye y c\u00f3mo apoya el rescate<\/strong><\/h3>\n<h4 data-start=\"782\" data-end=\"825\"><strong data-start=\"787\" data-end=\"823\">1 \u00d7 Ocean Signal EPIRB2 con NFC<\/strong><\/h4>\n<p data-start=\"826\" data-end=\"849\">Ya sea que se encuentre en la costa o aventur\u00e1ndose en alta mar, esta EPIRB garantiza alcance global con tecnolog\u00eda moderna, todo en una unidad compacta y f\u00e1cil de instalar.<br \/>\n Valor de venta al p\u00fablico: \u00a3549,99<\/p>\n<p data-start=\"826\" data-end=\"849\"><img loading=\"lazy\" decoding=\"async\" class=\"alignnone size-medium wp-image-1118\" src=\"https:\/\/oceansignal.com\/wp-content\/uploads\/2023\/09\/EPIRB2-FRONT-72-300x300.png\" alt=\"EPIRB2 rescueME Ocean Signal con servicio de enlace de retorno: ayuda a realizar operaciones de rescate eficientes\" width=\"300\" height=\"300\" srcset=\"https:\/\/oceansignal.com\/wp-content\/uploads\/2023\/09\/EPIRB2-FRONT-72-300x300.png 300w, https:\/\/oceansignal.com\/wp-content\/uploads\/2023\/09\/EPIRB2-FRONT-72-150x150.png 150w, https:\/\/oceansignal.com\/wp-content\/uploads\/2023\/09\/EPIRB2-FRONT-72-100x100.png 100w, https:\/\/oceansignal.com\/wp-content\/uploads\/2023\/09\/EPIRB2-FRONT-72.png 411w\" sizes=\"auto, (max-width: 300px) 100vw, 300px\" \/><\/p>\n<p data-start=\"851\" data-end=\"1068\">Una potente baliza de emergencia de Categor\u00eda II de 406 MHz que te conecta a la red satelital global Cospas-Sarsat en minutos. Incluye el Servicio de Enlace de Retorno (RLS) y conectividad con smartphones mediante NFC. <\/p>\n<ul data-start=\"1070\" data-end=\"1259\">\n<li data-start=\"1070\" data-end=\"1096\">\n<p data-start=\"1072\" data-end=\"1096\">Alerta SAR mundial<\/p>\n<\/li>\n<li data-start=\"1131\" data-end=\"1181\">\n<p data-start=\"1133\" data-end=\"1181\">RLS confirma que se recibi\u00f3 su se\u00f1al de socorro<\/p>\n<\/li>\n<li data-start=\"1182\" data-end=\"1222\">\n<p data-start=\"1184\" data-end=\"1222\">Aplicaci\u00f3n para tel\u00e9fonos inteligentes para pruebas y configuraci\u00f3n<\/p>\n<\/li>\n<li data-start=\"1223\" data-end=\"1259\">\n<p data-start=\"1225\" data-end=\"1259\">Soporte manual (Cat II) incluido<\/p>\n<\/li>\n<\/ul>\n<hr data-start=\"1423\" data-end=\"1426\">\n<h4 data-start=\"1428\" data-end=\"1470\"><strong data-start=\"1433\" data-end=\"1468\">1 \u00d7 Espejo de se\u00f1al ACR y silbato<\/strong><\/h4>\n<p data-start=\"1471\" data-end=\"1493\">Herramientas cruciales para facilitar la identificaci\u00f3n de la ubicaci\u00f3n final una vez que la ayuda llega al lugar.<br \/>\n Valor de venta al p\u00fablico: \u00a310,99<\/p>\n<p data-start=\"1471\" data-end=\"1493\"><img loading=\"lazy\" decoding=\"async\" class=\"alignnone wp-image-31407 size-medium\" src=\"https:\/\/oceansignal.com\/wp-content\/uploads\/2025\/06\/Grab_Bag_EPIRB1_Kit-e1752085331562-300x131.png\" alt=\"\" width=\"300\" height=\"131\" srcset=\"https:\/\/oceansignal.com\/wp-content\/uploads\/2025\/06\/Grab_Bag_EPIRB1_Kit-e1752085331562-300x131.png 300w, https:\/\/oceansignal.com\/wp-content\/uploads\/2025\/06\/Grab_Bag_EPIRB1_Kit-e1752085331562-60x26.png 60w, https:\/\/oceansignal.com\/wp-content\/uploads\/2025\/06\/Grab_Bag_EPIRB1_Kit-e1752085331562-110x48.png 110w, https:\/\/oceansignal.com\/wp-content\/uploads\/2025\/06\/Grab_Bag_EPIRB1_Kit-e1752085331562.png 344w\" sizes=\"auto, (max-width: 300px) 100vw, 300px\" \/><\/p>\n<p data-start=\"1495\" data-end=\"1589\">Herramientas de se\u00f1alizaci\u00f3n visual y audible simples pero efectivas, ideales para brindar apoyo de rescate a corta distancia.<\/p>\n<ul data-start=\"1591\" data-end=\"1704\">\n<li data-start=\"1591\" data-end=\"1650\">\n<p data-start=\"1593\" data-end=\"1650\">Espejo compacto altamente reflectante para se\u00f1al visual diurna: dise\u00f1ado para reflejar la luz solar a largas distancias, ideal para captar la atenci\u00f3n de embarcaciones o aeronaves que pasan.<\/p>\n<\/li>\n<li data-start=\"1651\" data-end=\"1704\">\n<p data-start=\"1653\" data-end=\"1704\">Silbato fuerte y silencioso para alertas audibles de corto alcance<\/p>\n<\/li>\n<\/ul>\n<hr data-start=\"1810\" data-end=\"1813\">\n<h4 data-start=\"1815\" data-end=\"1862\"><strong data-start=\"1820\" data-end=\"1860\">1 \u00d7 Bolsa impermeable Ocean Signal<\/strong><\/h4>\n<p data-start=\"1863\" data-end=\"1886\"><em data-start=\"1863\" data-end=\"1886\">Las emergencias se mueven r\u00e1pido: este bolso garantiza que usted tambi\u00e9n pueda hacerlo.<br \/>\n Valor de venta al p\u00fablico: \u00a3129,99<\/em><\/p>\n<p data-start=\"1863\" data-end=\"1886\"><img loading=\"lazy\" decoding=\"async\" class=\"alignnone wp-image-31455 \" src=\"https:\/\/oceansignal.com\/wp-content\/uploads\/2025\/06\/Grab_Bag-300x200.webp\" alt=\"\" width=\"387\" height=\"258\" srcset=\"https:\/\/oceansignal.com\/wp-content\/uploads\/2025\/06\/Grab_Bag-300x200.webp 300w, https:\/\/oceansignal.com\/wp-content\/uploads\/2025\/06\/Grab_Bag-1024x683.webp 1024w, https:\/\/oceansignal.com\/wp-content\/uploads\/2025\/06\/Grab_Bag-768x512.webp 768w, https:\/\/oceansignal.com\/wp-content\/uploads\/2025\/06\/Grab_Bag-600x400.webp 600w, https:\/\/oceansignal.com\/wp-content\/uploads\/2025\/06\/Grab_Bag-60x40.webp 60w, https:\/\/oceansignal.com\/wp-content\/uploads\/2025\/06\/Grab_Bag-110x73.webp 110w, https:\/\/oceansignal.com\/wp-content\/uploads\/2025\/06\/Grab_Bag.webp 1234w\" sizes=\"auto, (max-width: 387px) 100vw, 387px\" \/><\/p>\n<p data-start=\"1888\" data-end=\"2000\">Una bolsa seca resistente e impermeable que mantiene tu equipo de emergencia unido, seco y accesible cuando m\u00e1s lo necesitas.<\/p>\n<ul data-start=\"2002\" data-end=\"2122\">\n<li data-start=\"2002\" data-end=\"2039\">\n<p data-start=\"2004\" data-end=\"2039\">Dise\u00f1o flotante de alta visibilidad.<\/p>\n<\/li>\n<li data-start=\"2040\" data-end=\"2075\">\n<p data-start=\"2042\" data-end=\"2075\">Durable para condiciones offshore<\/p>\n<\/li>\n<li data-start=\"2076\" data-end=\"2122\">\n<p data-start=\"2078\" data-end=\"2122\">Espacio para EPIRB, bengalas electr\u00f3nicas, documentos y m\u00e1s<\/p>\n<\/li>\n<\/ul>\n","protected":false},"excerpt":{"rendered":"<p><strong data-start=\"336\" data-end=\"374\">Una entrada s\u00f3lida a la seguridad seria.<br \/>\n<\/strong><br data-start=\"374\" data-end=\"377\"> El <strong data-start=\"381\" data-end=\"395\">kit EPIRB2<\/strong> es una soluci\u00f3n pr\u00e1ctica y sencilla para navegantes que buscan un sistema de emergencia sencillo y que cumpla con la normativa, basado en la \u00faltima EPIRB de Ocean Signal con conectividad NFC. Tanto si se prepara para su primera traves\u00eda en alta mar como si actualiza un sistema obsoleto, este kit cubre lo esencial, sin complicarlo demasiado. <\/p>\n<p>Valor total del kit al precio de venta recomendado: \u00a3690,97 \u00a1Ahorre \u00a3110 con este kit!<\/p>\n","protected":false},"featured_media":31383,"template":"","meta":{"_acf_changed":false,"om_disable_all_campaigns":false},"product_brand":[],"product_cat":[1691,470],"product_tag":[1357,1693],"class_list":{"0":"post-31936","1":"product","2":"type-product","3":"status-publish","4":"has-post-thumbnail","6":"product_cat-kits-de-seguridad","7":"product_cat-rescueme-es","8":"product_tag-bolsa-de-sorpresas","9":"product_tag-kits-de-seguridad","11":"first","12":"instock","13":"taxable","14":"shipping-taxable","15":"purchasable","16":"product-type-simple"},"acf":[],"yoast_head":"<!-- This site is optimized with the Yoast SEO Premium plugin v25.2 (Yoast SEO v26.4) - https:\/\/yoast.com\/wordpress\/plugins\/seo\/ -->\n<title>Kit de seguridad para navegaci\u00f3n EPIRB2 - Ocean Signal<\/title>\n<meta name=\"robots\" content=\"index, follow, max-snippet:-1, max-image-preview:large, max-video-preview:-1\" \/>\n<link rel=\"canonical\" href=\"https:\/\/oceansignal.com\/es\/products\/kit-de-seguridad-epirb2\/\" \/>\n<meta property=\"og:locale\" content=\"es_ES\" \/>\n<meta property=\"og:type\" content=\"article\" \/>\n<meta property=\"og:title\" content=\"Kit de seguridad para navegaci\u00f3n EPIRB2\" \/>\n<meta property=\"og:description\" content=\"Una entrada s\u00f3lida a la seguridad seria. El kit EPIRB2 es una soluci\u00f3n pr\u00e1ctica y sencilla para navegantes que buscan un sistema de emergencia sencillo y que cumpla con la normativa, basado en la \u00faltima EPIRB de Ocean Signal con conectividad NFC. Tanto si se prepara para su primera traves\u00eda en alta mar como si actualiza un sistema obsoleto, este kit cubre lo esencial, sin complicarlo demasiado.  Valor total del kit al precio de venta recomendado: \u00a3690,97 \u00a1Ahorre \u00a3110 con este kit!\" \/>\n<meta property=\"og:url\" content=\"https:\/\/oceansignal.com\/es\/products\/kit-de-seguridad-epirb2\/\" \/>\n<meta property=\"og:site_name\" content=\"Ocean Signal\" \/>\n<meta property=\"article:modified_time\" content=\"2025-10-01T07:56:01+00:00\" \/>\n<meta property=\"og:image\" content=\"https:\/\/oceansignal.com\/wp-content\/uploads\/2025\/06\/Grab_Bag_EPIRB2_Kit-1.jpg\" \/>\n\t<meta property=\"og:image:width\" content=\"911\" \/>\n\t<meta property=\"og:image:height\" content=\"805\" \/>\n\t<meta property=\"og:image:type\" content=\"image\/jpeg\" \/>\n<meta name=\"twitter:card\" content=\"summary_large_image\" \/>\n<meta name=\"twitter:label1\" content=\"Tiempo de lectura\" \/>\n\t<meta name=\"twitter:data1\" content=\"2 minutos\" \/>\n<script type=\"application\/ld+json\" class=\"yoast-schema-graph\">{\"@context\":\"https:\/\/schema.org\",\"@graph\":[{\"@type\":\"WebPage\",\"@id\":\"https:\/\/oceansignal.com\/es\/products\/kit-de-seguridad-epirb2\/\",\"url\":\"https:\/\/oceansignal.com\/es\/products\/kit-de-seguridad-epirb2\/\",\"name\":\"Kit de seguridad para navegaci\u00f3n EPIRB2 - Ocean Signal\",\"isPartOf\":{\"@id\":\"https:\/\/oceansignal.com\/es\/#website\"},\"primaryImageOfPage\":{\"@id\":\"https:\/\/oceansignal.com\/es\/products\/kit-de-seguridad-epirb2\/#primaryimage\"},\"image\":{\"@id\":\"https:\/\/oceansignal.com\/es\/products\/kit-de-seguridad-epirb2\/#primaryimage\"},\"thumbnailUrl\":\"https:\/\/oceansignal.com\/wp-content\/uploads\/2025\/06\/Grab_Bag_EPIRB2_Kit-1.jpg\",\"datePublished\":\"2025-06-24T09:45:57+00:00\",\"dateModified\":\"2025-10-01T07:56:01+00:00\",\"breadcrumb\":{\"@id\":\"https:\/\/oceansignal.com\/es\/products\/kit-de-seguridad-epirb2\/#breadcrumb\"},\"inLanguage\":\"es\",\"potentialAction\":[{\"@type\":\"ReadAction\",\"target\":[\"https:\/\/oceansignal.com\/es\/products\/kit-de-seguridad-epirb2\/\"]}]},{\"@type\":\"ImageObject\",\"inLanguage\":\"es\",\"@id\":\"https:\/\/oceansignal.com\/es\/products\/kit-de-seguridad-epirb2\/#primaryimage\",\"url\":\"https:\/\/oceansignal.com\/wp-content\/uploads\/2025\/06\/Grab_Bag_EPIRB2_Kit-1.jpg\",\"contentUrl\":\"https:\/\/oceansignal.com\/wp-content\/uploads\/2025\/06\/Grab_Bag_EPIRB2_Kit-1.jpg\",\"width\":911,\"height\":805},{\"@type\":\"BreadcrumbList\",\"@id\":\"https:\/\/oceansignal.com\/es\/products\/kit-de-seguridad-epirb2\/#breadcrumb\",\"itemListElement\":[{\"@type\":\"ListItem\",\"position\":1,\"name\":\"Tienda\",\"item\":\"https:\/\/oceansignal.com\/es\/tienda\/\"},{\"@type\":\"ListItem\",\"position\":2,\"name\":\"Kit de seguridad para navegaci\u00f3n EPIRB2\"}]},{\"@type\":\"WebSite\",\"@id\":\"https:\/\/oceansignal.com\/es\/#website\",\"url\":\"https:\/\/oceansignal.com\/es\/\",\"name\":\"Ocean Signal\",\"description\":\"A leading manufacturer of EPIRBs, AIS, SARTs, Personal Locator Beacons, Man Overboard Beacon for the Marine and Outdoor Markets.\",\"potentialAction\":[{\"@type\":\"SearchAction\",\"target\":{\"@type\":\"EntryPoint\",\"urlTemplate\":\"https:\/\/oceansignal.com\/es\/?s={search_term_string}\"},\"query-input\":{\"@type\":\"PropertyValueSpecification\",\"valueRequired\":true,\"valueName\":\"search_term_string\"}}],\"inLanguage\":\"es\"}]}<\/script>\n<!-- \/ Yoast SEO Premium plugin. -->","yoast_head_json":{"title":"Kit de seguridad para navegaci\u00f3n EPIRB2 - Ocean Signal","robots":{"index":"index","follow":"follow","max-snippet":"max-snippet:-1","max-image-preview":"max-image-preview:large","max-video-preview":"max-video-preview:-1"},"canonical":"https:\/\/oceansignal.com\/es\/products\/kit-de-seguridad-epirb2\/","og_locale":"es_ES","og_type":"article","og_title":"Kit de seguridad para navegaci\u00f3n EPIRB2","og_description":"Una entrada s\u00f3lida a la seguridad seria. El kit EPIRB2 es una soluci\u00f3n pr\u00e1ctica y sencilla para navegantes que buscan un sistema de emergencia sencillo y que cumpla con la normativa, basado en la \u00faltima EPIRB de Ocean Signal con conectividad NFC. Tanto si se prepara para su primera traves\u00eda en alta mar como si actualiza un sistema obsoleto, este kit cubre lo esencial, sin complicarlo demasiado.  Valor total del kit al precio de venta recomendado: \u00a3690,97 \u00a1Ahorre \u00a3110 con este kit!","og_url":"https:\/\/oceansignal.com\/es\/products\/kit-de-seguridad-epirb2\/","og_site_name":"Ocean Signal","article_modified_time":"2025-10-01T07:56:01+00:00","og_image":[{"width":911,"height":805,"url":"https:\/\/oceansignal.com\/wp-content\/uploads\/2025\/06\/Grab_Bag_EPIRB2_Kit-1.jpg","type":"image\/jpeg"}],"twitter_card":"summary_large_image","twitter_misc":{"Tiempo de lectura":"2 minutos"},"schema":{"@context":"https:\/\/schema.org","@graph":[{"@type":"WebPage","@id":"https:\/\/oceansignal.com\/es\/products\/kit-de-seguridad-epirb2\/","url":"https:\/\/oceansignal.com\/es\/products\/kit-de-seguridad-epirb2\/","name":"Kit de seguridad para navegaci\u00f3n EPIRB2 - Ocean Signal","isPartOf":{"@id":"https:\/\/oceansignal.com\/es\/#website"},"primaryImageOfPage":{"@id":"https:\/\/oceansignal.com\/es\/products\/kit-de-seguridad-epirb2\/#primaryimage"},"image":{"@id":"https:\/\/oceansignal.com\/es\/products\/kit-de-seguridad-epirb2\/#primaryimage"},"thumbnailUrl":"https:\/\/oceansignal.com\/wp-content\/uploads\/2025\/06\/Grab_Bag_EPIRB2_Kit-1.jpg","datePublished":"2025-06-24T09:45:57+00:00","dateModified":"2025-10-01T07:56:01+00:00","breadcrumb":{"@id":"https:\/\/oceansignal.com\/es\/products\/kit-de-seguridad-epirb2\/#breadcrumb"},"inLanguage":"es","potentialAction":[{"@type":"ReadAction","target":["https:\/\/oceansignal.com\/es\/products\/kit-de-seguridad-epirb2\/"]}]},{"@type":"ImageObject","inLanguage":"es","@id":"https:\/\/oceansignal.com\/es\/products\/kit-de-seguridad-epirb2\/#primaryimage","url":"https:\/\/oceansignal.com\/wp-content\/uploads\/2025\/06\/Grab_Bag_EPIRB2_Kit-1.jpg","contentUrl":"https:\/\/oceansignal.com\/wp-content\/uploads\/2025\/06\/Grab_Bag_EPIRB2_Kit-1.jpg","width":911,"height":805},{"@type":"BreadcrumbList","@id":"https:\/\/oceansignal.com\/es\/products\/kit-de-seguridad-epirb2\/#breadcrumb","itemListElement":[{"@type":"ListItem","position":1,"name":"Tienda","item":"https:\/\/oceansignal.com\/es\/tienda\/"},{"@type":"ListItem","position":2,"name":"Kit de seguridad para navegaci\u00f3n EPIRB2"}]},{"@type":"WebSite","@id":"https:\/\/oceansignal.com\/es\/#website","url":"https:\/\/oceansignal.com\/es\/","name":"Ocean Signal","description":"A leading manufacturer of EPIRBs, AIS, SARTs, Personal Locator Beacons, Man Overboard Beacon for the Marine and Outdoor Markets.","potentialAction":[{"@type":"SearchAction","target":{"@type":"EntryPoint","urlTemplate":"https:\/\/oceansignal.com\/es\/?s={search_term_string}"},"query-input":{"@type":"PropertyValueSpecification","valueRequired":true,"valueName":"search_term_string"}}],"inLanguage":"es"}]}},"_links":{"self":[{"href":"https:\/\/oceansignal.com\/es\/wp-json\/wp\/v2\/product\/31936","targetHints":{"allow":["GET"]}}],"collection":[{"href":"https:\/\/oceansignal.com\/es\/wp-json\/wp\/v2\/product"}],"about":[{"href":"https:\/\/oceansignal.com\/es\/wp-json\/wp\/v2\/types\/product"}],"wp:featuredmedia":[{"embeddable":true,"href":"https:\/\/oceansignal.com\/es\/wp-json\/wp\/v2\/media\/31383"}],"wp:attachment":[{"href":"https:\/\/oceansignal.com\/es\/wp-json\/wp\/v2\/media?parent=31936"}],"wp:term":[{"taxonomy":"product_brand","embeddable":true,"href":"https:\/\/oceansignal.com\/es\/wp-json\/wp\/v2\/product_brand?post=31936"},{"taxonomy":"product_cat","embeddable":true,"href":"https:\/\/oceansignal.com\/es\/wp-json\/wp\/v2\/product_cat?post=31936"},{"taxonomy":"product_tag","embeddable":true,"href":"https:\/\/oceansignal.com\/es\/wp-json\/wp\/v2\/product_tag?post=31936"}],"curies":[{"name":"wp","href":"https:\/\/api.w.org\/{rel}","templated":true}]}}