{"id":31952,"date":"2025-06-24T09:31:27","date_gmt":"2025-06-24T09:31:27","guid":{"rendered":"https:\/\/oceansignal.com\/products\/kit-de-seguridad-plb1\/"},"modified":"2026-03-18T16:39:32","modified_gmt":"2026-03-18T16:39:32","slug":"kit-de-seguridad-plb1","status":"publish","type":"product","link":"https:\/\/oceansignal.com\/es\/products\/kit-de-seguridad-plb1\/","title":{"rendered":"Kit de seguridad PLB1"},"content":{"rendered":"<h3 data-start=\"3285\" data-end=\"3337\"><strong data-start=\"3292\" data-end=\"3337\"><img loading=\"lazy\" decoding=\"async\" class=\"alignnone size-full wp-image-32359\" src=\"https:\/\/oceansignal.com\/wp-content\/uploads\/2025\/07\/View-New-Safety-Kits.png\" alt=\"\" width=\"300\" height=\"75\" srcset=\"https:\/\/oceansignal.com\/wp-content\/uploads\/2025\/07\/View-New-Safety-Kits.png 300w, https:\/\/oceansignal.com\/wp-content\/uploads\/2025\/07\/View-New-Safety-Kits-60x15.png 60w, https:\/\/oceansignal.com\/wp-content\/uploads\/2025\/07\/View-New-Safety-Kits-110x28.png 110w\" sizes=\"auto, (max-width: 300px) 100vw, 300px\" \/><\/strong><\/h3>\n<h3 data-start=\"3116\" data-end=\"3164\"><strong data-start=\"3123\" data-end=\"3164\">\u00bfPor qu\u00e9 elegir el kit de seguridad PLB1?<\/strong><\/h3>\n<p data-start=\"3166\" data-end=\"3448\">Dise\u00f1ado para la independencia, este kit permite a marineros y aviadores protegerse a s\u00ed mismos y a su tripulaci\u00f3n mediante un sistema de seguridad profesional, compacto, econ\u00f3mico y que cumple con la normativa vigente. Es ideal para quienes a\u00fan no necesitan una baliza EPIRB, pero desean ser visibles, audibles y localizados cuando m\u00e1s importa. <\/p>\n<p data-start=\"3450\" data-end=\"3536\">Ya sea que est\u00e9s ajustando velas o volando con las patas, este es tu sistema de seguridad personal de respaldo.<\/p>\n<h3 data-start=\"2760\" data-end=\"2781\"><strong data-start=\"2767\" data-end=\"2781\">Ideal para:<\/strong><\/h3>\n<ul data-start=\"2782\" data-end=\"3037\">\n<li data-start=\"2782\" data-end=\"2842\">\n<p data-start=\"2784\" data-end=\"2842\">Navegantes solitarios, estudiantes de la RYA (Royal Yachting Association), navegantes costeros de fin de semana y marineros profesionales.<\/p>\n<\/li>\n<li data-start=\"2843\" data-end=\"2895\">\n<p data-start=\"2845\" data-end=\"2895\">pilotos privados<\/p>\n<\/li>\n<li data-start=\"2896\" data-end=\"2965\">\n<p data-start=\"2898\" data-end=\"2965\">Viajeros aventureros, propietarios de avionetas y pilotos de ultraligeros.<\/p>\n<\/li>\n<li data-start=\"2966\" data-end=\"3037\">\n<p data-start=\"2968\" data-end=\"3037\">Cualquier marinero sin una baliza de localizaci\u00f3n de emergencia (EPIRB) fija que necesite una cobertura de emergencia ligera.<\/p>\n<\/li>\n<\/ul>\n<h3 data-start=\"699\" data-end=\"752\"><strong data-start=\"706\" data-end=\"752\">\u00bfQu\u00e9 est\u00e1 incluido y c\u00f3mo apoya el rescate?<\/strong><\/h3>\n<h4 data-start=\"754\" data-end=\"810\"><strong data-start=\"759\" data-end=\"808\">1 \u00d7 Baliza de localizaci\u00f3n personal Ocean Signal PLB1<\/strong><\/h4>\n<p data-start=\"811\" data-end=\"834\">Ya sea que se encuentre en alta mar o sobre tierra firme en zonas remotas, el PLB1 lo conecta directamente con los servicios de rescate globales, incluso cuando est\u00e1 fuera del alcance de la se\u00f1al VHF o de la telefon\u00eda m\u00f3vil.<br \/>\n Precio de venta al p\u00fablico: 279,99 \u00a3<br \/>\n<img loading=\"lazy\" decoding=\"async\" class=\"alignnone size-medium wp-image-31618\" src=\"https:\/\/oceansignal.com\/wp-content\/uploads\/2025\/06\/PLB1-straight-on-2.png\" alt=\"\" width=\"172\" height=\"246\" srcset=\"https:\/\/oceansignal.com\/wp-content\/uploads\/2025\/06\/PLB1-straight-on-2.png 172w, https:\/\/oceansignal.com\/wp-content\/uploads\/2025\/06\/PLB1-straight-on-2-60x86.png 60w, https:\/\/oceansignal.com\/wp-content\/uploads\/2025\/06\/PLB1-straight-on-2-110x157.png 110w\" sizes=\"auto, (max-width: 172px) 100vw, 172px\" \/><\/p>\n<p data-start=\"836\" data-end=\"1027\">Esta baliza satelital ultracompacta de 406 MHz transmite su ubicaci\u00f3n GPS a la red global de sat\u00e9lites Cospas-Sarsat, adem\u00e1s de emitir una se\u00f1al de localizaci\u00f3n local de 121,5 MHz para ayudar a los equipos de b\u00fasqueda a localizarla r\u00e1pidamente.<\/p>\n<ul data-start=\"1029\" data-end=\"1218\">\n<li data-start=\"1029\" data-end=\"1065\">\n<p data-start=\"1031\" data-end=\"1065\">alertas globales de emergencia por sat\u00e9lite<\/p>\n<\/li>\n<li data-start=\"1066\" data-end=\"1101\">\n<p data-start=\"1068\" data-end=\"1101\">Posicionamiento GPS + baliza de localizaci\u00f3n<\/p>\n<\/li>\n<li data-start=\"1102\" data-end=\"1152\">\n<p data-start=\"1104\" data-end=\"1152\">Lo suficientemente peque\u00f1o como para caber en un bolsillo o en un chaleco de vuelo.<\/p>\n<\/li>\n<li data-start=\"1153\" data-end=\"1181\">\n<p data-start=\"1155\" data-end=\"1181\">No se requiere suscripci\u00f3n<\/p>\n<\/li>\n<li data-start=\"1182\" data-end=\"1218\">\n<p data-start=\"1184\" data-end=\"1218\">Bater\u00eda de 7 a\u00f1os de duraci\u00f3n, funcionamiento de m\u00e1s de 24 horas.<\/p>\n<\/li>\n<\/ul>\n<hr data-start=\"1389\" data-end=\"1392\">\n<h4 data-start=\"1394\" data-end=\"1452\"><strong data-start=\"1399\" data-end=\"1450\">1 \u00d7 Bengala electr\u00f3nica de socorro Ocean Signal EDF1<\/strong><\/h4>\n<p data-start=\"1453\" data-end=\"1476\">Se\u00f1alizaci\u00f3n eficaz para aeronaves de b\u00fasqueda o equipos de rescate cercanos, ideal para pilotos o marineros derribados que esperan ser rescatados.<br \/>\n Precio de venta al p\u00fablico: 149,99 \u00a3<br \/>\n<img loading=\"lazy\" decoding=\"async\" class=\"alignnone size-medium wp-image-31601\" src=\"https:\/\/oceansignal.com\/wp-content\/uploads\/2025\/06\/EDF1-cutout-70x300.png\" alt=\"\" width=\"70\" height=\"300\" srcset=\"https:\/\/oceansignal.com\/wp-content\/uploads\/2025\/06\/EDF1-cutout-70x300.png 70w, https:\/\/oceansignal.com\/wp-content\/uploads\/2025\/06\/EDF1-cutout-60x258.png 60w, https:\/\/oceansignal.com\/wp-content\/uploads\/2025\/06\/EDF1-cutout-110x473.png 110w, https:\/\/oceansignal.com\/wp-content\/uploads\/2025\/06\/EDF1-cutout.png 180w\" sizes=\"auto, (max-width: 70px) 100vw, 70px\" \/><\/p>\n<p data-start=\"1478\" data-end=\"1641\">Una bengala de emergencia LED reutilizable, alimentada por bater\u00eda, que sustituye la pirotecnia por una alternativa m\u00e1s segura y duradera, perfecta para la visibilidad nocturna en tierra o mar.<\/p>\n<ul data-start=\"1643\" data-end=\"1796\">\n<li data-start=\"1643\" data-end=\"1685\">\n<p data-start=\"1645\" data-end=\"1685\">Visibilidad de 360\u00b0 por la noche hasta 7 millas<\/p>\n<\/li>\n<li data-start=\"1686\" data-end=\"1727\">\n<p data-start=\"1688\" data-end=\"1727\">El destello SOS se emite en uno de los cuatro modos opcionales (Econom\u00eda, Brillante, Ultra y Haz).<\/p>\n<\/li>\n<li data-start=\"1728\" data-end=\"1765\">\n<p data-start=\"1730\" data-end=\"1765\">Impermeable, flotante y resistente.<\/p>\n<\/li>\n<li data-start=\"1766\" data-end=\"1796\">\n<p data-start=\"1768\" data-end=\"1796\">Sin riesgo de incendio ni fechas de caducidad.<\/p>\n<\/li>\n<\/ul>\n<hr data-start=\"1933\" data-end=\"1936\">\n<h4 data-start=\"1938\" data-end=\"1980\"><strong data-start=\"1943\" data-end=\"1978\">1 \u00d7 Espejo de se\u00f1al ACR y silbato<\/strong><\/h4>\n<p data-start=\"1981\" data-end=\"2003\">Un recurso fundamental cuando fallan otras herramientas, ideal para llamar la atenci\u00f3n de los helic\u00f3pteros, los botes salvavidas o los equipos de b\u00fasqueda y rescate terrestres.<br \/>\n Precio de venta al p\u00fablico: 10,99 \u00a3<br \/>\n<img loading=\"lazy\" decoding=\"async\" class=\"alignnone size-medium wp-image-31407\" src=\"https:\/\/oceansignal.com\/wp-content\/uploads\/2025\/06\/Grab_Bag_EPIRB1_Kit-e1752085331562-300x131.png\" alt=\"\" width=\"300\" height=\"131\" srcset=\"https:\/\/oceansignal.com\/wp-content\/uploads\/2025\/06\/Grab_Bag_EPIRB1_Kit-e1752085331562-300x131.png 300w, https:\/\/oceansignal.com\/wp-content\/uploads\/2025\/06\/Grab_Bag_EPIRB1_Kit-e1752085331562-60x26.png 60w, https:\/\/oceansignal.com\/wp-content\/uploads\/2025\/06\/Grab_Bag_EPIRB1_Kit-e1752085331562-110x48.png 110w, https:\/\/oceansignal.com\/wp-content\/uploads\/2025\/06\/Grab_Bag_EPIRB1_Kit-e1752085331562.png 344w\" sizes=\"auto, (max-width: 300px) 100vw, 300px\" \/><br \/>\n Herramientas sencillas y ligeras que permiten atraer visual y auditivamente a los rescatadores cuando est\u00e1n al alcance.<\/p>\n<ul>\n<li><strong>Espejo compacto altamente reflectante para se\u00f1ales visuales diurnas: dise\u00f1ado para reflejar la luz solar a grandes distancias, ideal para captar la atenci\u00f3n de embarcaciones o aeronaves que pasan.<\/strong><\/li>\n<li><strong>Silbido fuerte y silencioso para atraer la atenci\u00f3n a corta distancia<\/strong><\/li>\n<li><strong>Sin bater\u00edas, sin mantenimiento.<\/strong><\/li>\n<\/ul>\n<hr data-start=\"1933\" data-end=\"1936\">\n<p><strong data-start=\"2380\" data-end=\"2420\">1 \u00d7 Bolsa impermeable Ocean Signal<\/strong><\/p>\n<p data-start=\"2423\" data-end=\"2445\">Mantiene tu kit de rescate protegido, visible y listo para un despliegue r\u00e1pido en cualquier emergencia.<br \/>\n Precio de venta al p\u00fablico: 99,99 \u00a3<br \/>\n<img loading=\"lazy\" decoding=\"async\" class=\"alignnone size-medium wp-image-31488\" src=\"https:\/\/oceansignal.com\/wp-content\/uploads\/2025\/06\/Grab_Bag-1-241x300.webp\" alt=\"\" width=\"241\" height=\"300\" srcset=\"https:\/\/oceansignal.com\/wp-content\/uploads\/2025\/06\/Grab_Bag-1-241x300.webp 241w, https:\/\/oceansignal.com\/wp-content\/uploads\/2025\/06\/Grab_Bag-1-60x75.webp 60w, https:\/\/oceansignal.com\/wp-content\/uploads\/2025\/06\/Grab_Bag-1-110x137.webp 110w, https:\/\/oceansignal.com\/wp-content\/uploads\/2025\/06\/Grab_Bag-1.webp 489w\" sizes=\"auto, (max-width: 241px) 100vw, 241px\" \/><\/p>\n<p data-start=\"2447\" data-end=\"2517\">Bolsa de transporte flotante y de colores vivos para guardar todos los art\u00edculos esenciales de seguridad en un solo lugar.<\/p>\n<ul data-start=\"2519\" data-end=\"2641\">\n<li data-start=\"2519\" data-end=\"2570\">\n<p data-start=\"2521\" data-end=\"2570\"><strong>F\u00e1cil de guardar en un compartimento de la cabina o en una bolsa de la cabina.<\/strong><\/p>\n<\/li>\n<li data-start=\"2571\" data-end=\"2616\">\n<p data-start=\"2573\" data-end=\"2616\"><strong>Boyante<\/strong><\/p>\n<\/li>\n<li data-start=\"2617\" data-end=\"2641\">\n<p data-start=\"2619\" data-end=\"2641\"><strong>Dise\u00f1o de alta visibilidad<\/strong><\/p>\n<\/li>\n<\/ul>\n","protected":false},"excerpt":{"rendered":"<p>El kit de seguridad PLB1 es un paquete de emergencia fiable y econ\u00f3mico para marineros y pilotos que operan de forma independiente y valoran un equipo de seguridad ligero y aut\u00f3nomo. Tanto si realizas un vuelo corto por la costa como si vuelas a larga distancia sobre terrenos remotos, este kit te garantiza estar preparado ante cualquier imprevisto. <\/p>\n<p>Valor total del kit seg\u00fan el precio de venta recomendado: 595,99 \u00a3. \u00a1Ahorra 115,97 \u00a3 con este kit!<\/p>\n","protected":false},"featured_media":31599,"template":"","meta":{"_acf_changed":false,"om_disable_all_campaigns":false},"product_brand":[],"product_cat":[1986,1691,470],"product_tag":[1357,1693],"class_list":{"0":"post-31952","1":"product","2":"type-product","3":"status-publish","4":"has-post-thumbnail","6":"product_cat-compatible-con-chalecos-salvavidas","7":"product_cat-kits-de-seguridad","8":"product_cat-rescueme-es","9":"product_tag-bolsa-de-sorpresas","10":"product_tag-kits-de-seguridad","12":"first","13":"instock","14":"taxable","15":"shipping-taxable","16":"purchasable","17":"product-type-simple"},"acf":[],"yoast_head":"<!-- This site is optimized with the Yoast SEO Premium plugin v25.2 (Yoast SEO v26.4) - https:\/\/yoast.com\/wordpress\/plugins\/seo\/ -->\n<title>Kit de seguridad PLB1 - Ocean Signal<\/title>\n<meta name=\"robots\" content=\"index, follow, max-snippet:-1, max-image-preview:large, max-video-preview:-1\" \/>\n<link rel=\"canonical\" href=\"https:\/\/oceansignal.com\/es\/products\/kit-de-seguridad-plb1\/\" \/>\n<meta property=\"og:locale\" content=\"es_ES\" \/>\n<meta property=\"og:type\" content=\"article\" \/>\n<meta property=\"og:title\" content=\"Kit de seguridad PLB1\" \/>\n<meta property=\"og:description\" content=\"El kit de seguridad PLB1 es un paquete de emergencia fiable y econ\u00f3mico para marineros y pilotos que operan de forma independiente y valoran un equipo de seguridad ligero y aut\u00f3nomo. Tanto si realizas un vuelo corto por la costa como si vuelas a larga distancia sobre terrenos remotos, este kit te garantiza estar preparado ante cualquier imprevisto.  Valor total del kit seg\u00fan el precio de venta recomendado: 595,99 \u00a3. \u00a1Ahorra 115,97 \u00a3 con este kit!\" \/>\n<meta property=\"og:url\" content=\"https:\/\/oceansignal.com\/es\/products\/kit-de-seguridad-plb1\/\" \/>\n<meta property=\"og:site_name\" content=\"Ocean Signal\" \/>\n<meta property=\"article:modified_time\" content=\"2026-03-18T16:39:32+00:00\" \/>\n<meta property=\"og:image\" content=\"https:\/\/oceansignal.com\/wp-content\/uploads\/2025\/06\/Grab_Bag_PLB1_Kit-1.jpg\" \/>\n\t<meta property=\"og:image:width\" content=\"911\" \/>\n\t<meta property=\"og:image:height\" content=\"805\" \/>\n\t<meta property=\"og:image:type\" content=\"image\/jpeg\" \/>\n<meta name=\"twitter:card\" content=\"summary_large_image\" \/>\n<meta name=\"twitter:label1\" content=\"Tiempo de lectura\" \/>\n\t<meta name=\"twitter:data1\" content=\"3 minutos\" \/>\n<script type=\"application\/ld+json\" class=\"yoast-schema-graph\">{\"@context\":\"https:\/\/schema.org\",\"@graph\":[{\"@type\":\"WebPage\",\"@id\":\"https:\/\/oceansignal.com\/es\/products\/kit-de-seguridad-plb1\/\",\"url\":\"https:\/\/oceansignal.com\/es\/products\/kit-de-seguridad-plb1\/\",\"name\":\"Kit de seguridad PLB1 - Ocean Signal\",\"isPartOf\":{\"@id\":\"https:\/\/oceansignal.com\/es\/#website\"},\"primaryImageOfPage\":{\"@id\":\"https:\/\/oceansignal.com\/es\/products\/kit-de-seguridad-plb1\/#primaryimage\"},\"image\":{\"@id\":\"https:\/\/oceansignal.com\/es\/products\/kit-de-seguridad-plb1\/#primaryimage\"},\"thumbnailUrl\":\"https:\/\/oceansignal.com\/wp-content\/uploads\/2025\/06\/Grab_Bag_PLB1_Kit-1.jpg\",\"datePublished\":\"2025-06-24T09:31:27+00:00\",\"dateModified\":\"2026-03-18T16:39:32+00:00\",\"breadcrumb\":{\"@id\":\"https:\/\/oceansignal.com\/es\/products\/kit-de-seguridad-plb1\/#breadcrumb\"},\"inLanguage\":\"es\",\"potentialAction\":[{\"@type\":\"ReadAction\",\"target\":[\"https:\/\/oceansignal.com\/es\/products\/kit-de-seguridad-plb1\/\"]}]},{\"@type\":\"ImageObject\",\"inLanguage\":\"es\",\"@id\":\"https:\/\/oceansignal.com\/es\/products\/kit-de-seguridad-plb1\/#primaryimage\",\"url\":\"https:\/\/oceansignal.com\/wp-content\/uploads\/2025\/06\/Grab_Bag_PLB1_Kit-1.jpg\",\"contentUrl\":\"https:\/\/oceansignal.com\/wp-content\/uploads\/2025\/06\/Grab_Bag_PLB1_Kit-1.jpg\",\"width\":911,\"height\":805},{\"@type\":\"BreadcrumbList\",\"@id\":\"https:\/\/oceansignal.com\/es\/products\/kit-de-seguridad-plb1\/#breadcrumb\",\"itemListElement\":[{\"@type\":\"ListItem\",\"position\":1,\"name\":\"Tienda\",\"item\":\"https:\/\/oceansignal.com\/es\/tienda\/\"},{\"@type\":\"ListItem\",\"position\":2,\"name\":\"Kit de seguridad PLB1\"}]},{\"@type\":\"WebSite\",\"@id\":\"https:\/\/oceansignal.com\/es\/#website\",\"url\":\"https:\/\/oceansignal.com\/es\/\",\"name\":\"Ocean Signal\",\"description\":\"A leading manufacturer of EPIRBs, AIS, SARTs, Personal Locator Beacons, Man Overboard Beacon for the Marine and Outdoor Markets.\",\"potentialAction\":[{\"@type\":\"SearchAction\",\"target\":{\"@type\":\"EntryPoint\",\"urlTemplate\":\"https:\/\/oceansignal.com\/es\/?s={search_term_string}\"},\"query-input\":{\"@type\":\"PropertyValueSpecification\",\"valueRequired\":true,\"valueName\":\"search_term_string\"}}],\"inLanguage\":\"es\"}]}<\/script>\n<!-- \/ Yoast SEO Premium plugin. -->","yoast_head_json":{"title":"Kit de seguridad PLB1 - Ocean Signal","robots":{"index":"index","follow":"follow","max-snippet":"max-snippet:-1","max-image-preview":"max-image-preview:large","max-video-preview":"max-video-preview:-1"},"canonical":"https:\/\/oceansignal.com\/es\/products\/kit-de-seguridad-plb1\/","og_locale":"es_ES","og_type":"article","og_title":"Kit de seguridad PLB1","og_description":"El kit de seguridad PLB1 es un paquete de emergencia fiable y econ\u00f3mico para marineros y pilotos que operan de forma independiente y valoran un equipo de seguridad ligero y aut\u00f3nomo. Tanto si realizas un vuelo corto por la costa como si vuelas a larga distancia sobre terrenos remotos, este kit te garantiza estar preparado ante cualquier imprevisto.  Valor total del kit seg\u00fan el precio de venta recomendado: 595,99 \u00a3. \u00a1Ahorra 115,97 \u00a3 con este kit!","og_url":"https:\/\/oceansignal.com\/es\/products\/kit-de-seguridad-plb1\/","og_site_name":"Ocean Signal","article_modified_time":"2026-03-18T16:39:32+00:00","og_image":[{"width":911,"height":805,"url":"https:\/\/oceansignal.com\/wp-content\/uploads\/2025\/06\/Grab_Bag_PLB1_Kit-1.jpg","type":"image\/jpeg"}],"twitter_card":"summary_large_image","twitter_misc":{"Tiempo de lectura":"3 minutos"},"schema":{"@context":"https:\/\/schema.org","@graph":[{"@type":"WebPage","@id":"https:\/\/oceansignal.com\/es\/products\/kit-de-seguridad-plb1\/","url":"https:\/\/oceansignal.com\/es\/products\/kit-de-seguridad-plb1\/","name":"Kit de seguridad PLB1 - Ocean Signal","isPartOf":{"@id":"https:\/\/oceansignal.com\/es\/#website"},"primaryImageOfPage":{"@id":"https:\/\/oceansignal.com\/es\/products\/kit-de-seguridad-plb1\/#primaryimage"},"image":{"@id":"https:\/\/oceansignal.com\/es\/products\/kit-de-seguridad-plb1\/#primaryimage"},"thumbnailUrl":"https:\/\/oceansignal.com\/wp-content\/uploads\/2025\/06\/Grab_Bag_PLB1_Kit-1.jpg","datePublished":"2025-06-24T09:31:27+00:00","dateModified":"2026-03-18T16:39:32+00:00","breadcrumb":{"@id":"https:\/\/oceansignal.com\/es\/products\/kit-de-seguridad-plb1\/#breadcrumb"},"inLanguage":"es","potentialAction":[{"@type":"ReadAction","target":["https:\/\/oceansignal.com\/es\/products\/kit-de-seguridad-plb1\/"]}]},{"@type":"ImageObject","inLanguage":"es","@id":"https:\/\/oceansignal.com\/es\/products\/kit-de-seguridad-plb1\/#primaryimage","url":"https:\/\/oceansignal.com\/wp-content\/uploads\/2025\/06\/Grab_Bag_PLB1_Kit-1.jpg","contentUrl":"https:\/\/oceansignal.com\/wp-content\/uploads\/2025\/06\/Grab_Bag_PLB1_Kit-1.jpg","width":911,"height":805},{"@type":"BreadcrumbList","@id":"https:\/\/oceansignal.com\/es\/products\/kit-de-seguridad-plb1\/#breadcrumb","itemListElement":[{"@type":"ListItem","position":1,"name":"Tienda","item":"https:\/\/oceansignal.com\/es\/tienda\/"},{"@type":"ListItem","position":2,"name":"Kit de seguridad PLB1"}]},{"@type":"WebSite","@id":"https:\/\/oceansignal.com\/es\/#website","url":"https:\/\/oceansignal.com\/es\/","name":"Ocean Signal","description":"A leading manufacturer of EPIRBs, AIS, SARTs, Personal Locator Beacons, Man Overboard Beacon for the Marine and Outdoor Markets.","potentialAction":[{"@type":"SearchAction","target":{"@type":"EntryPoint","urlTemplate":"https:\/\/oceansignal.com\/es\/?s={search_term_string}"},"query-input":{"@type":"PropertyValueSpecification","valueRequired":true,"valueName":"search_term_string"}}],"inLanguage":"es"}]}},"_links":{"self":[{"href":"https:\/\/oceansignal.com\/es\/wp-json\/wp\/v2\/product\/31952","targetHints":{"allow":["GET"]}}],"collection":[{"href":"https:\/\/oceansignal.com\/es\/wp-json\/wp\/v2\/product"}],"about":[{"href":"https:\/\/oceansignal.com\/es\/wp-json\/wp\/v2\/types\/product"}],"wp:featuredmedia":[{"embeddable":true,"href":"https:\/\/oceansignal.com\/es\/wp-json\/wp\/v2\/media\/31599"}],"wp:attachment":[{"href":"https:\/\/oceansignal.com\/es\/wp-json\/wp\/v2\/media?parent=31952"}],"wp:term":[{"taxonomy":"product_brand","embeddable":true,"href":"https:\/\/oceansignal.com\/es\/wp-json\/wp\/v2\/product_brand?post=31952"},{"taxonomy":"product_cat","embeddable":true,"href":"https:\/\/oceansignal.com\/es\/wp-json\/wp\/v2\/product_cat?post=31952"},{"taxonomy":"product_tag","embeddable":true,"href":"https:\/\/oceansignal.com\/es\/wp-json\/wp\/v2\/product_tag?post=31952"}],"curies":[{"name":"wp","href":"https:\/\/api.w.org\/{rel}","templated":true}]}}