{"id":31971,"date":"2025-06-17T12:56:37","date_gmt":"2025-06-17T12:56:37","guid":{"rendered":"https:\/\/oceansignal.com\/products\/kit-de-seguridad-epirb1\/"},"modified":"2025-08-21T14:03:38","modified_gmt":"2025-08-21T14:03:38","slug":"kit-de-seguridad-epirb1","status":"publish","type":"product","link":"https:\/\/oceansignal.com\/es\/products\/kit-de-seguridad-epirb1\/","title":{"rendered":"Kit de seguridad EPIRB1"},"content":{"rendered":"<h3><img loading=\"lazy\" decoding=\"async\" class=\"alignnone size-full wp-image-32359\" src=\"https:\/\/oceansignal.com\/wp-content\/uploads\/2025\/07\/View-New-Safety-Kits.png\" alt=\"\" width=\"300\" height=\"75\" srcset=\"https:\/\/oceansignal.com\/wp-content\/uploads\/2025\/07\/View-New-Safety-Kits.png 300w, https:\/\/oceansignal.com\/wp-content\/uploads\/2025\/07\/View-New-Safety-Kits-60x15.png 60w, https:\/\/oceansignal.com\/wp-content\/uploads\/2025\/07\/View-New-Safety-Kits-110x28.png 110w\" sizes=\"auto, (max-width: 300px) 100vw, 300px\" \/><\/h3>\n<h3>\u00bfPor qu\u00e9 elegir el kit de seguridad EPIRB1?<\/h3>\n<p>Este kit fue dise\u00f1ado pensando en emergencias reales: desarboladura, incendio, naufragio o abandono repentino. Ya sea que cruce el Canal de la Mancha o se aventure mar adentro, el <em>kit de seguridad EPIRB1<\/em> le ofrece una gran ventaja en el peor de los casos y podr\u00eda salvarle la vida. <\/p>\n<p>El Kit de Seguridad EPIRB1 es un paquete de seguridad de emergencia compacto y f\u00e1cil de llevar, dise\u00f1ado para navegantes solitarios, pescadores apasionados y navegantes costeros que buscan equipo de calidad profesional con una instalaci\u00f3n m\u00ednima. Combina tres herramientas esenciales en un paquete de alta calidad, cada una seleccionada para aumentar las posibilidades de un rescate r\u00e1pido y coordinado. <\/p>\n<h3><strong>Dise\u00f1ado para:<\/strong><\/h3>\n<ul>\n<li>Navegantes solitarios de alta mar<\/li>\n<li>Los propietarios de yates buscan una bolsa de sorpresas que cumpla con las normas<\/li>\n<li>Cruceros costeros y patrones de reparto<\/li>\n<li>pescadores recreativos<\/li>\n<li>Principiantes preocupados por la seguridad que equipan su embarcaci\u00f3n por primera vez<\/li>\n<\/ul>\n<h3><strong>Qu\u00e9 est\u00e1 incluido y por qu\u00e9 es importante<\/strong><\/h3>\n<h4><strong>1 \u00d7 Baliza de emergencia Ocean Signal EPIRB1 Cat II<\/strong><\/h4>\n<p><img loading=\"lazy\" decoding=\"async\" class=\"alignnone wp-image-31391 size-medium\" src=\"https:\/\/oceansignal.com\/wp-content\/uploads\/2025\/06\/EPIRB-1.2-153x300.png\" alt=\"\" width=\"153\" height=\"300\" srcset=\"https:\/\/oceansignal.com\/wp-content\/uploads\/2025\/06\/EPIRB-1.2-153x300.png 153w, https:\/\/oceansignal.com\/wp-content\/uploads\/2025\/06\/EPIRB-1.2-522x1024.png 522w, https:\/\/oceansignal.com\/wp-content\/uploads\/2025\/06\/EPIRB-1.2-768x1507.png 768w, https:\/\/oceansignal.com\/wp-content\/uploads\/2025\/06\/EPIRB-1.2-783x1536.png 783w, https:\/\/oceansignal.com\/wp-content\/uploads\/2025\/06\/EPIRB-1.2-600x1177.png 600w, https:\/\/oceansignal.com\/wp-content\/uploads\/2025\/06\/EPIRB-1.2-60x118.png 60w, https:\/\/oceansignal.com\/wp-content\/uploads\/2025\/06\/EPIRB-1.2-110x216.png 110w, https:\/\/oceansignal.com\/wp-content\/uploads\/2025\/06\/EPIRB-1.2.png 822w\" sizes=\"auto, (max-width: 153px) 100vw, 153px\" \/><\/p>\n<p>Las EPIRB son la forma m\u00e1s eficaz de convocar una respuesta SAR global en emergencias en alta mar.<br \/>\n Valor de venta al p\u00fablico: \u00a3484,99<\/p>\n<p>El elemento principal del kit es una radiobaliza de localizaci\u00f3n de emergencia (EPIRB) de 406 MHz que, al activarse, transmite autom\u00e1ticamente su ubicaci\u00f3n a los sat\u00e9lites globales de b\u00fasqueda y rescate. La EPIRB1 utiliza GPS y la red de sat\u00e9lites COSPAS-SARSAT para determinar su ubicaci\u00f3n en cualquier parte del mundo, garantizando la alerta de ayuda en cuesti\u00f3n de minutos. <\/p>\n<ul>\n<li><strong>El GPS de alta precisi\u00f3n<\/strong> garantiza que los rescatistas reciban actualizaciones de ubicaci\u00f3n precisas.<\/li>\n<li><strong>La duraci\u00f3n de la bater\u00eda de m\u00e1s de 48 horas<\/strong> brinda a los equipos de b\u00fasqueda una amplia ventana para encontrarlo.<\/li>\n<li><strong>El soporte manual (Cat II)<\/strong> permite la opci\u00f3n de montaje sencillo a bordo.<\/li>\n<\/ul>\n<hr>\n<h4><strong>1 \u00d7 Espejo de se\u00f1al ACR y silbato<\/strong><\/h4>\n<p><img loading=\"lazy\" decoding=\"async\" class=\"alignnone wp-image-31407 size-medium\" src=\"https:\/\/oceansignal.com\/wp-content\/uploads\/2025\/06\/Grab_Bag_EPIRB1_Kit-300x218.png\" alt=\"\" width=\"300\" height=\"218\"><\/p>\n<p>Una vez que los rescatistas est\u00e1n cerca, poder se\u00f1alar su posici\u00f3n exacta visual o audiblemente es esencial, especialmente en mares agitados o con baja visibilidad. <em><br \/>\nValor de venta al p\u00fablico: \u00a310,99<\/em><\/p>\n<p>Una combinaci\u00f3n de se\u00f1alizaci\u00f3n visual y audible simple pero poderosa que podr\u00eda significar la diferencia entre ser detectado o ignorado por un avi\u00f3n o embarcaci\u00f3n de rescate.<\/p>\n<ul>\n<li><strong>Espejo de se\u00f1ales:<\/strong> <strong>dise\u00f1ado para reflejar la luz solar a grandes distancias, ideal para captar la atenci\u00f3n de embarcaciones o aeronaves que pasan.<\/strong><\/li>\n<li><strong>Silbato: emite se\u00f1ales de sonido n\u00edtidas que pueden atravesar el ruido del viento y de las olas.<\/strong><\/li>\n<\/ul>\n<hr>\n<h4><strong>1 \u00d7 Bolsa impermeable Ocean Signal<\/strong><\/h4>\n<p><img loading=\"lazy\" decoding=\"async\" class=\"alignnone wp-image-31488 size-medium\" src=\"https:\/\/oceansignal.com\/wp-content\/uploads\/2025\/06\/Grab_Bag-1-241x300.webp\" alt=\"\" width=\"241\" height=\"300\" srcset=\"https:\/\/oceansignal.com\/wp-content\/uploads\/2025\/06\/Grab_Bag-1-241x300.webp 241w, https:\/\/oceansignal.com\/wp-content\/uploads\/2025\/06\/Grab_Bag-1-60x75.webp 60w, https:\/\/oceansignal.com\/wp-content\/uploads\/2025\/06\/Grab_Bag-1-110x137.webp 110w, https:\/\/oceansignal.com\/wp-content\/uploads\/2025\/06\/Grab_Bag-1.webp 489w\" sizes=\"auto, (max-width: 241px) 100vw, 241px\" \/><\/p>\n<p>En el caos de una emergencia, esta bolsa de emergencia te permite moverte r\u00e1pido con todo lo que necesitas: seco, organizado y f\u00e1cil de agarrar y llevar.<br \/>\n Valor de venta al p\u00fablico: \u00a3129,99<\/p>\n<p>Una bolsa impermeable duradera de calidad marina, dise\u00f1ada para transportar su radiobaliza de emergencia (EPIRB), equipo de se\u00f1alizaci\u00f3n, documentos y otros equipos y art\u00edculos esenciales de seguridad. Dise\u00f1ada para flotar y mantenerse seca en entornos marinos hostiles. <\/p>\n<ul>\n<li><strong>Color brillante y de alta visibilidad para una r\u00e1pida detecci\u00f3n.<\/strong><\/li>\n<li><strong>El cierre seguro mantiene el contenido seco y protegido.<\/strong><\/li>\n<li><strong>Asa de f\u00e1cil transporte para una r\u00e1pida evacuaci\u00f3n.<\/strong><\/li>\n<\/ul>\n","protected":false},"excerpt":{"rendered":"<p>El kit de seguridad EPIRB 1 es un conjunto de equipo de emergencia esencial, listo para usar. Fabricado con la baliza ultracompacta EPIRB1 Categor\u00eda II de Ocean Signal, este importante kit tambi\u00e9n incluye un espejo de se\u00f1ales y un silbato, lo que garantiza que cuente con el equipo de seguridad esencial. <\/p>\n<p>Perfecto para navegantes solitarios, cruceros costeros o aquellos que equipan un primer kit de seguridad.<\/p>\n<p>Valor total del kit al PVP: 625,97 \u00a3. \u00a1Ahorra 95,98 \u00a3 con este kit! <\/p>\n","protected":false},"featured_media":31302,"template":"","meta":{"_acf_changed":false,"om_disable_all_campaigns":false},"product_brand":[],"product_cat":[1691,470],"product_tag":[],"class_list":{"0":"post-31971","1":"product","2":"type-product","3":"status-publish","4":"has-post-thumbnail","6":"product_cat-kits-de-seguridad","7":"product_cat-rescueme-es","9":"first","10":"instock","11":"taxable","12":"shipping-taxable","13":"purchasable","14":"product-type-simple"},"acf":[],"yoast_head":"<!-- This site is optimized with the Yoast SEO Premium plugin v25.2 (Yoast SEO v26.4) - https:\/\/yoast.com\/wordpress\/plugins\/seo\/ -->\n<title>Kit de seguridad EPIRB1 - Ocean Signal<\/title>\n<meta name=\"robots\" content=\"index, follow, max-snippet:-1, max-image-preview:large, max-video-preview:-1\" \/>\n<link rel=\"canonical\" href=\"https:\/\/oceansignal.com\/es\/products\/kit-de-seguridad-epirb1\/\" \/>\n<meta property=\"og:locale\" content=\"es_ES\" \/>\n<meta property=\"og:type\" content=\"article\" \/>\n<meta property=\"og:title\" content=\"Kit de seguridad EPIRB1\" \/>\n<meta property=\"og:description\" content=\"El kit de seguridad EPIRB 1 es un conjunto de equipo de emergencia esencial, listo para usar. Fabricado con la baliza ultracompacta EPIRB1 Categor\u00eda II de Ocean Signal, este importante kit tambi\u00e9n incluye un espejo de se\u00f1ales y un silbato, lo que garantiza que cuente con el equipo de seguridad esencial.  Perfecto para navegantes solitarios, cruceros costeros o aquellos que equipan un primer kit de seguridad. Valor total del kit al PVP: 625,97 \u00a3. \u00a1Ahorra 95,98 \u00a3 con este kit!\" \/>\n<meta property=\"og:url\" content=\"https:\/\/oceansignal.com\/es\/products\/kit-de-seguridad-epirb1\/\" \/>\n<meta property=\"og:site_name\" content=\"Ocean Signal\" \/>\n<meta property=\"article:modified_time\" content=\"2025-08-21T14:03:38+00:00\" \/>\n<meta property=\"og:image\" content=\"https:\/\/oceansignal.com\/wp-content\/uploads\/2025\/06\/Grab_Bag_EPIRB1_Kit-1.jpg\" \/>\n\t<meta property=\"og:image:width\" content=\"911\" \/>\n\t<meta property=\"og:image:height\" content=\"805\" \/>\n\t<meta property=\"og:image:type\" content=\"image\/jpeg\" \/>\n<meta name=\"twitter:card\" content=\"summary_large_image\" \/>\n<meta name=\"twitter:label1\" content=\"Tiempo de lectura\" \/>\n\t<meta name=\"twitter:data1\" content=\"3 minutos\" \/>\n<script type=\"application\/ld+json\" class=\"yoast-schema-graph\">{\"@context\":\"https:\/\/schema.org\",\"@graph\":[{\"@type\":\"WebPage\",\"@id\":\"https:\/\/oceansignal.com\/es\/products\/kit-de-seguridad-epirb1\/\",\"url\":\"https:\/\/oceansignal.com\/es\/products\/kit-de-seguridad-epirb1\/\",\"name\":\"Kit de seguridad EPIRB1 - Ocean Signal\",\"isPartOf\":{\"@id\":\"https:\/\/oceansignal.com\/es\/#website\"},\"primaryImageOfPage\":{\"@id\":\"https:\/\/oceansignal.com\/es\/products\/kit-de-seguridad-epirb1\/#primaryimage\"},\"image\":{\"@id\":\"https:\/\/oceansignal.com\/es\/products\/kit-de-seguridad-epirb1\/#primaryimage\"},\"thumbnailUrl\":\"https:\/\/oceansignal.com\/wp-content\/uploads\/2025\/06\/Grab_Bag_EPIRB1_Kit-1.jpg\",\"datePublished\":\"2025-06-17T12:56:37+00:00\",\"dateModified\":\"2025-08-21T14:03:38+00:00\",\"breadcrumb\":{\"@id\":\"https:\/\/oceansignal.com\/es\/products\/kit-de-seguridad-epirb1\/#breadcrumb\"},\"inLanguage\":\"es\",\"potentialAction\":[{\"@type\":\"ReadAction\",\"target\":[\"https:\/\/oceansignal.com\/es\/products\/kit-de-seguridad-epirb1\/\"]}]},{\"@type\":\"ImageObject\",\"inLanguage\":\"es\",\"@id\":\"https:\/\/oceansignal.com\/es\/products\/kit-de-seguridad-epirb1\/#primaryimage\",\"url\":\"https:\/\/oceansignal.com\/wp-content\/uploads\/2025\/06\/Grab_Bag_EPIRB1_Kit-1.jpg\",\"contentUrl\":\"https:\/\/oceansignal.com\/wp-content\/uploads\/2025\/06\/Grab_Bag_EPIRB1_Kit-1.jpg\",\"width\":911,\"height\":805},{\"@type\":\"BreadcrumbList\",\"@id\":\"https:\/\/oceansignal.com\/es\/products\/kit-de-seguridad-epirb1\/#breadcrumb\",\"itemListElement\":[{\"@type\":\"ListItem\",\"position\":1,\"name\":\"Tienda\",\"item\":\"https:\/\/oceansignal.com\/es\/tienda\/\"},{\"@type\":\"ListItem\",\"position\":2,\"name\":\"Kit de seguridad EPIRB1\"}]},{\"@type\":\"WebSite\",\"@id\":\"https:\/\/oceansignal.com\/es\/#website\",\"url\":\"https:\/\/oceansignal.com\/es\/\",\"name\":\"Ocean Signal\",\"description\":\"A leading manufacturer of EPIRBs, AIS, SARTs, Personal Locator Beacons, Man Overboard Beacon for the Marine and Outdoor Markets.\",\"potentialAction\":[{\"@type\":\"SearchAction\",\"target\":{\"@type\":\"EntryPoint\",\"urlTemplate\":\"https:\/\/oceansignal.com\/es\/?s={search_term_string}\"},\"query-input\":{\"@type\":\"PropertyValueSpecification\",\"valueRequired\":true,\"valueName\":\"search_term_string\"}}],\"inLanguage\":\"es\"}]}<\/script>\n<!-- \/ Yoast SEO Premium plugin. -->","yoast_head_json":{"title":"Kit de seguridad EPIRB1 - Ocean Signal","robots":{"index":"index","follow":"follow","max-snippet":"max-snippet:-1","max-image-preview":"max-image-preview:large","max-video-preview":"max-video-preview:-1"},"canonical":"https:\/\/oceansignal.com\/es\/products\/kit-de-seguridad-epirb1\/","og_locale":"es_ES","og_type":"article","og_title":"Kit de seguridad EPIRB1","og_description":"El kit de seguridad EPIRB 1 es un conjunto de equipo de emergencia esencial, listo para usar. Fabricado con la baliza ultracompacta EPIRB1 Categor\u00eda II de Ocean Signal, este importante kit tambi\u00e9n incluye un espejo de se\u00f1ales y un silbato, lo que garantiza que cuente con el equipo de seguridad esencial.  Perfecto para navegantes solitarios, cruceros costeros o aquellos que equipan un primer kit de seguridad. Valor total del kit al PVP: 625,97 \u00a3. \u00a1Ahorra 95,98 \u00a3 con este kit!","og_url":"https:\/\/oceansignal.com\/es\/products\/kit-de-seguridad-epirb1\/","og_site_name":"Ocean Signal","article_modified_time":"2025-08-21T14:03:38+00:00","og_image":[{"width":911,"height":805,"url":"https:\/\/oceansignal.com\/wp-content\/uploads\/2025\/06\/Grab_Bag_EPIRB1_Kit-1.jpg","type":"image\/jpeg"}],"twitter_card":"summary_large_image","twitter_misc":{"Tiempo de lectura":"3 minutos"},"schema":{"@context":"https:\/\/schema.org","@graph":[{"@type":"WebPage","@id":"https:\/\/oceansignal.com\/es\/products\/kit-de-seguridad-epirb1\/","url":"https:\/\/oceansignal.com\/es\/products\/kit-de-seguridad-epirb1\/","name":"Kit de seguridad EPIRB1 - Ocean Signal","isPartOf":{"@id":"https:\/\/oceansignal.com\/es\/#website"},"primaryImageOfPage":{"@id":"https:\/\/oceansignal.com\/es\/products\/kit-de-seguridad-epirb1\/#primaryimage"},"image":{"@id":"https:\/\/oceansignal.com\/es\/products\/kit-de-seguridad-epirb1\/#primaryimage"},"thumbnailUrl":"https:\/\/oceansignal.com\/wp-content\/uploads\/2025\/06\/Grab_Bag_EPIRB1_Kit-1.jpg","datePublished":"2025-06-17T12:56:37+00:00","dateModified":"2025-08-21T14:03:38+00:00","breadcrumb":{"@id":"https:\/\/oceansignal.com\/es\/products\/kit-de-seguridad-epirb1\/#breadcrumb"},"inLanguage":"es","potentialAction":[{"@type":"ReadAction","target":["https:\/\/oceansignal.com\/es\/products\/kit-de-seguridad-epirb1\/"]}]},{"@type":"ImageObject","inLanguage":"es","@id":"https:\/\/oceansignal.com\/es\/products\/kit-de-seguridad-epirb1\/#primaryimage","url":"https:\/\/oceansignal.com\/wp-content\/uploads\/2025\/06\/Grab_Bag_EPIRB1_Kit-1.jpg","contentUrl":"https:\/\/oceansignal.com\/wp-content\/uploads\/2025\/06\/Grab_Bag_EPIRB1_Kit-1.jpg","width":911,"height":805},{"@type":"BreadcrumbList","@id":"https:\/\/oceansignal.com\/es\/products\/kit-de-seguridad-epirb1\/#breadcrumb","itemListElement":[{"@type":"ListItem","position":1,"name":"Tienda","item":"https:\/\/oceansignal.com\/es\/tienda\/"},{"@type":"ListItem","position":2,"name":"Kit de seguridad EPIRB1"}]},{"@type":"WebSite","@id":"https:\/\/oceansignal.com\/es\/#website","url":"https:\/\/oceansignal.com\/es\/","name":"Ocean Signal","description":"A leading manufacturer of EPIRBs, AIS, SARTs, Personal Locator Beacons, Man Overboard Beacon for the Marine and Outdoor Markets.","potentialAction":[{"@type":"SearchAction","target":{"@type":"EntryPoint","urlTemplate":"https:\/\/oceansignal.com\/es\/?s={search_term_string}"},"query-input":{"@type":"PropertyValueSpecification","valueRequired":true,"valueName":"search_term_string"}}],"inLanguage":"es"}]}},"_links":{"self":[{"href":"https:\/\/oceansignal.com\/es\/wp-json\/wp\/v2\/product\/31971","targetHints":{"allow":["GET"]}}],"collection":[{"href":"https:\/\/oceansignal.com\/es\/wp-json\/wp\/v2\/product"}],"about":[{"href":"https:\/\/oceansignal.com\/es\/wp-json\/wp\/v2\/types\/product"}],"wp:featuredmedia":[{"embeddable":true,"href":"https:\/\/oceansignal.com\/es\/wp-json\/wp\/v2\/media\/31302"}],"wp:attachment":[{"href":"https:\/\/oceansignal.com\/es\/wp-json\/wp\/v2\/media?parent=31971"}],"wp:term":[{"taxonomy":"product_brand","embeddable":true,"href":"https:\/\/oceansignal.com\/es\/wp-json\/wp\/v2\/product_brand?post=31971"},{"taxonomy":"product_cat","embeddable":true,"href":"https:\/\/oceansignal.com\/es\/wp-json\/wp\/v2\/product_cat?post=31971"},{"taxonomy":"product_tag","embeddable":true,"href":"https:\/\/oceansignal.com\/es\/wp-json\/wp\/v2\/product_tag?post=31971"}],"curies":[{"name":"wp","href":"https:\/\/api.w.org\/{rel}","templated":true}]}}