{"id":34635,"date":"2025-09-09T07:40:07","date_gmt":"2025-09-09T07:40:07","guid":{"rendered":"https:\/\/oceansignal.com\/products\/bolsa-de-flotacion-plb1\/"},"modified":"2025-09-09T07:40:07","modified_gmt":"2025-09-09T07:40:07","slug":"bolsa-de-flotacion-plb1","status":"publish","type":"product","link":"https:\/\/oceansignal.com\/es\/products\/bolsa-de-flotacion-plb1\/","title":{"rendered":"Bolsa de flotaci\u00f3n PLB1"},"content":{"rendered":"<ul>\n<li>A\u00f1ade flotabilidad al rescateME PLB1 cuando est\u00e1 instalado<\/li>\n<li>Ajuste perfecto y mantiene su PLB1 operativo<\/li>\n<li>Compatible con el rescate PLB1 de Ocean Signal (730S-01261)<\/li>\n<\/ul>\n","protected":false},"excerpt":{"rendered":"<p>La bolsa de flotaci\u00f3n RescueME PLB1* le proporciona flotabilidad a su PLB1, permiti\u00e9ndole flotar y recuperarlo en caso de ca\u00edda al agua. Con la bolsa de flotaci\u00f3n instalada, su PLB1 permanece completamente operativo. <\/p>\n<p><em>*El PLB1 de RescueMe que se muestra en la imagen no est\u00e1 incluido y se vende por separado.<\/em><\/p>\n","protected":false},"featured_media":34220,"template":"","meta":{"_acf_changed":false,"om_disable_all_campaigns":false},"product_brand":[],"product_cat":[1814,470],"product_tag":[1816,1815,938],"class_list":{"0":"post-34635","1":"product","2":"type-product","3":"status-publish","4":"has-post-thumbnail","6":"product_cat-accesorios","7":"product_cat-rescueme-es","8":"product_tag-bolsa-de-flotacion","9":"product_tag-bolsa-plb1","10":"product_tag-plb1-es","12":"first","13":"instock","14":"taxable","15":"shipping-taxable","16":"purchasable","17":"product-type-simple"},"acf":[],"yoast_head":"<!-- This site is optimized with the Yoast SEO Premium plugin v25.2 (Yoast SEO v26.4) - https:\/\/yoast.com\/wordpress\/plugins\/seo\/ -->\n<title>Bolsa de flotaci\u00f3n PLB1 - Ocean Signal<\/title>\n<meta name=\"robots\" content=\"index, follow, max-snippet:-1, max-image-preview:large, max-video-preview:-1\" \/>\n<link rel=\"canonical\" href=\"https:\/\/oceansignal.com\/es\/products\/bolsa-de-flotacion-plb1\/\" \/>\n<meta property=\"og:locale\" content=\"es_ES\" \/>\n<meta property=\"og:type\" content=\"article\" \/>\n<meta property=\"og:title\" content=\"Bolsa de flotaci\u00f3n PLB1\" \/>\n<meta property=\"og:description\" content=\"La bolsa de flotaci\u00f3n RescueME PLB1* le proporciona flotabilidad a su PLB1, permiti\u00e9ndole flotar y recuperarlo en caso de ca\u00edda al agua. Con la bolsa de flotaci\u00f3n instalada, su PLB1 permanece completamente operativo.  *El PLB1 de RescueMe que se muestra en la imagen no est\u00e1 incluido y se vende por separado.\" \/>\n<meta property=\"og:url\" content=\"https:\/\/oceansignal.com\/es\/products\/bolsa-de-flotacion-plb1\/\" \/>\n<meta property=\"og:site_name\" content=\"Ocean Signal\" \/>\n<meta property=\"og:image\" content=\"https:\/\/oceansignal.com\/wp-content\/uploads\/2025\/09\/OSL-PLB1-Pouch-Left-Angle.jpg\" \/>\n\t<meta property=\"og:image:width\" content=\"2000\" \/>\n\t<meta property=\"og:image:height\" content=\"2000\" \/>\n\t<meta property=\"og:image:type\" content=\"image\/jpeg\" \/>\n<meta name=\"twitter:card\" content=\"summary_large_image\" \/>\n<script type=\"application\/ld+json\" class=\"yoast-schema-graph\">{\"@context\":\"https:\/\/schema.org\",\"@graph\":[{\"@type\":\"WebPage\",\"@id\":\"https:\/\/oceansignal.com\/es\/products\/bolsa-de-flotacion-plb1\/\",\"url\":\"https:\/\/oceansignal.com\/es\/products\/bolsa-de-flotacion-plb1\/\",\"name\":\"Bolsa de flotaci\u00f3n PLB1 - Ocean Signal\",\"isPartOf\":{\"@id\":\"https:\/\/oceansignal.com\/es\/#website\"},\"primaryImageOfPage\":{\"@id\":\"https:\/\/oceansignal.com\/es\/products\/bolsa-de-flotacion-plb1\/#primaryimage\"},\"image\":{\"@id\":\"https:\/\/oceansignal.com\/es\/products\/bolsa-de-flotacion-plb1\/#primaryimage\"},\"thumbnailUrl\":\"https:\/\/oceansignal.com\/wp-content\/uploads\/2025\/09\/OSL-PLB1-Pouch-Left-Angle.jpg\",\"datePublished\":\"2025-09-09T07:40:07+00:00\",\"breadcrumb\":{\"@id\":\"https:\/\/oceansignal.com\/es\/products\/bolsa-de-flotacion-plb1\/#breadcrumb\"},\"inLanguage\":\"es\",\"potentialAction\":[{\"@type\":\"ReadAction\",\"target\":[\"https:\/\/oceansignal.com\/es\/products\/bolsa-de-flotacion-plb1\/\"]}]},{\"@type\":\"ImageObject\",\"inLanguage\":\"es\",\"@id\":\"https:\/\/oceansignal.com\/es\/products\/bolsa-de-flotacion-plb1\/#primaryimage\",\"url\":\"https:\/\/oceansignal.com\/wp-content\/uploads\/2025\/09\/OSL-PLB1-Pouch-Left-Angle.jpg\",\"contentUrl\":\"https:\/\/oceansignal.com\/wp-content\/uploads\/2025\/09\/OSL-PLB1-Pouch-Left-Angle.jpg\",\"width\":2000,\"height\":2000},{\"@type\":\"BreadcrumbList\",\"@id\":\"https:\/\/oceansignal.com\/es\/products\/bolsa-de-flotacion-plb1\/#breadcrumb\",\"itemListElement\":[{\"@type\":\"ListItem\",\"position\":1,\"name\":\"Tienda\",\"item\":\"https:\/\/oceansignal.com\/es\/tienda\/\"},{\"@type\":\"ListItem\",\"position\":2,\"name\":\"Bolsa de flotaci\u00f3n PLB1\"}]},{\"@type\":\"WebSite\",\"@id\":\"https:\/\/oceansignal.com\/es\/#website\",\"url\":\"https:\/\/oceansignal.com\/es\/\",\"name\":\"Ocean Signal\",\"description\":\"A leading manufacturer of EPIRBs, AIS, SARTs, Personal Locator Beacons, Man Overboard Beacon for the Marine and Outdoor Markets.\",\"potentialAction\":[{\"@type\":\"SearchAction\",\"target\":{\"@type\":\"EntryPoint\",\"urlTemplate\":\"https:\/\/oceansignal.com\/es\/?s={search_term_string}\"},\"query-input\":{\"@type\":\"PropertyValueSpecification\",\"valueRequired\":true,\"valueName\":\"search_term_string\"}}],\"inLanguage\":\"es\"}]}<\/script>\n<!-- \/ Yoast SEO Premium plugin. -->","yoast_head_json":{"title":"Bolsa de flotaci\u00f3n PLB1 - Ocean Signal","robots":{"index":"index","follow":"follow","max-snippet":"max-snippet:-1","max-image-preview":"max-image-preview:large","max-video-preview":"max-video-preview:-1"},"canonical":"https:\/\/oceansignal.com\/es\/products\/bolsa-de-flotacion-plb1\/","og_locale":"es_ES","og_type":"article","og_title":"Bolsa de flotaci\u00f3n PLB1","og_description":"La bolsa de flotaci\u00f3n RescueME PLB1* le proporciona flotabilidad a su PLB1, permiti\u00e9ndole flotar y recuperarlo en caso de ca\u00edda al agua. Con la bolsa de flotaci\u00f3n instalada, su PLB1 permanece completamente operativo.  *El PLB1 de RescueMe que se muestra en la imagen no est\u00e1 incluido y se vende por separado.","og_url":"https:\/\/oceansignal.com\/es\/products\/bolsa-de-flotacion-plb1\/","og_site_name":"Ocean Signal","og_image":[{"width":2000,"height":2000,"url":"https:\/\/oceansignal.com\/wp-content\/uploads\/2025\/09\/OSL-PLB1-Pouch-Left-Angle.jpg","type":"image\/jpeg"}],"twitter_card":"summary_large_image","schema":{"@context":"https:\/\/schema.org","@graph":[{"@type":"WebPage","@id":"https:\/\/oceansignal.com\/es\/products\/bolsa-de-flotacion-plb1\/","url":"https:\/\/oceansignal.com\/es\/products\/bolsa-de-flotacion-plb1\/","name":"Bolsa de flotaci\u00f3n PLB1 - Ocean Signal","isPartOf":{"@id":"https:\/\/oceansignal.com\/es\/#website"},"primaryImageOfPage":{"@id":"https:\/\/oceansignal.com\/es\/products\/bolsa-de-flotacion-plb1\/#primaryimage"},"image":{"@id":"https:\/\/oceansignal.com\/es\/products\/bolsa-de-flotacion-plb1\/#primaryimage"},"thumbnailUrl":"https:\/\/oceansignal.com\/wp-content\/uploads\/2025\/09\/OSL-PLB1-Pouch-Left-Angle.jpg","datePublished":"2025-09-09T07:40:07+00:00","breadcrumb":{"@id":"https:\/\/oceansignal.com\/es\/products\/bolsa-de-flotacion-plb1\/#breadcrumb"},"inLanguage":"es","potentialAction":[{"@type":"ReadAction","target":["https:\/\/oceansignal.com\/es\/products\/bolsa-de-flotacion-plb1\/"]}]},{"@type":"ImageObject","inLanguage":"es","@id":"https:\/\/oceansignal.com\/es\/products\/bolsa-de-flotacion-plb1\/#primaryimage","url":"https:\/\/oceansignal.com\/wp-content\/uploads\/2025\/09\/OSL-PLB1-Pouch-Left-Angle.jpg","contentUrl":"https:\/\/oceansignal.com\/wp-content\/uploads\/2025\/09\/OSL-PLB1-Pouch-Left-Angle.jpg","width":2000,"height":2000},{"@type":"BreadcrumbList","@id":"https:\/\/oceansignal.com\/es\/products\/bolsa-de-flotacion-plb1\/#breadcrumb","itemListElement":[{"@type":"ListItem","position":1,"name":"Tienda","item":"https:\/\/oceansignal.com\/es\/tienda\/"},{"@type":"ListItem","position":2,"name":"Bolsa de flotaci\u00f3n PLB1"}]},{"@type":"WebSite","@id":"https:\/\/oceansignal.com\/es\/#website","url":"https:\/\/oceansignal.com\/es\/","name":"Ocean Signal","description":"A leading manufacturer of EPIRBs, AIS, SARTs, Personal Locator Beacons, Man Overboard Beacon for the Marine and Outdoor Markets.","potentialAction":[{"@type":"SearchAction","target":{"@type":"EntryPoint","urlTemplate":"https:\/\/oceansignal.com\/es\/?s={search_term_string}"},"query-input":{"@type":"PropertyValueSpecification","valueRequired":true,"valueName":"search_term_string"}}],"inLanguage":"es"}]}},"_links":{"self":[{"href":"https:\/\/oceansignal.com\/es\/wp-json\/wp\/v2\/product\/34635","targetHints":{"allow":["GET"]}}],"collection":[{"href":"https:\/\/oceansignal.com\/es\/wp-json\/wp\/v2\/product"}],"about":[{"href":"https:\/\/oceansignal.com\/es\/wp-json\/wp\/v2\/types\/product"}],"wp:featuredmedia":[{"embeddable":true,"href":"https:\/\/oceansignal.com\/es\/wp-json\/wp\/v2\/media\/34220"}],"wp:attachment":[{"href":"https:\/\/oceansignal.com\/es\/wp-json\/wp\/v2\/media?parent=34635"}],"wp:term":[{"taxonomy":"product_brand","embeddable":true,"href":"https:\/\/oceansignal.com\/es\/wp-json\/wp\/v2\/product_brand?post=34635"},{"taxonomy":"product_cat","embeddable":true,"href":"https:\/\/oceansignal.com\/es\/wp-json\/wp\/v2\/product_cat?post=34635"},{"taxonomy":"product_tag","embeddable":true,"href":"https:\/\/oceansignal.com\/es\/wp-json\/wp\/v2\/product_tag?post=34635"}],"curies":[{"name":"wp","href":"https:\/\/api.w.org\/{rel}","templated":true}]}}