{"id":34711,"date":"2025-09-18T12:42:18","date_gmt":"2025-09-18T12:42:18","guid":{"rendered":"https:\/\/oceansignal.com\/?post_type=product&#038;p=34711"},"modified":"2026-04-01T15:58:54","modified_gmt":"2026-04-01T15:58:54","slug":"bolsa-de-flotacion-plb1-copy","status":"publish","type":"product","link":"https:\/\/oceansignal.com\/es\/products\/bolsa-de-flotacion-plb1-copy\/","title":{"rendered":"Bolsa de flotaci\u00f3n PLB3"},"content":{"rendered":"<ul>\n<li>A\u00f1ade flotabilidad al rescateME PLB3 cuando est\u00e1 instalado<\/li>\n<li>Ajuste perfecto y mantiene su PLB3 operativo<\/li>\n<li>Compatible con el rescate PLB3 de Ocean Signal (730S-01261)<\/li>\n<\/ul>\n","protected":false},"excerpt":{"rendered":"<p>La bolsa de flotaci\u00f3n RescueME PLB3* le proporciona flotabilidad a su PLB3, permiti\u00e9ndole flotar y recuperarlo en caso de ca\u00edda al agua. Con la bolsa de flotaci\u00f3n instalada, su PLB3 permanece completamente operativo. <\/p>\n<p><em>*El RescueMe PLB3 que se muestra en la imagen no est\u00e1 incluido y se vende por separado.<\/em><\/p>\n","protected":false},"featured_media":34815,"template":"","meta":{"_acf_changed":false,"om_disable_all_campaigns":false},"product_brand":[],"product_cat":[1814,470],"product_tag":[1816,1842,978],"class_list":{"0":"post-34711","1":"product","2":"type-product","3":"status-publish","4":"has-post-thumbnail","6":"product_cat-accesorios","7":"product_cat-rescueme-es","8":"product_tag-bolsa-de-flotacion","9":"product_tag-bolsa-plb3","10":"product_tag-plb3-es","12":"first","13":"instock","14":"taxable","15":"shipping-taxable","16":"purchasable","17":"product-type-simple"},"acf":[],"yoast_head":"<!-- This site is optimized with the Yoast SEO Premium plugin v25.2 (Yoast SEO v26.4) - https:\/\/yoast.com\/wordpress\/plugins\/seo\/ -->\n<title>Bolsa de flotaci\u00f3n PLB3 - Ocean Signal<\/title>\n<meta name=\"robots\" content=\"index, follow, max-snippet:-1, max-image-preview:large, max-video-preview:-1\" \/>\n<link rel=\"canonical\" href=\"https:\/\/oceansignal.com\/es\/products\/bolsa-de-flotacion-plb1-copy\/\" \/>\n<meta property=\"og:locale\" content=\"es_ES\" \/>\n<meta property=\"og:type\" content=\"article\" \/>\n<meta property=\"og:title\" content=\"Bolsa de flotaci\u00f3n PLB3\" \/>\n<meta property=\"og:description\" content=\"La bolsa de flotaci\u00f3n RescueME PLB3* le proporciona flotabilidad a su PLB3, permiti\u00e9ndole flotar y recuperarlo en caso de ca\u00edda al agua. Con la bolsa de flotaci\u00f3n instalada, su PLB3 permanece completamente operativo.  *El RescueMe PLB3 que se muestra en la imagen no est\u00e1 incluido y se vende por separado.\" \/>\n<meta property=\"og:url\" content=\"https:\/\/oceansignal.com\/es\/products\/bolsa-de-flotacion-plb1-copy\/\" \/>\n<meta property=\"og:site_name\" content=\"Ocean Signal\" \/>\n<meta property=\"article:modified_time\" content=\"2026-04-01T15:58:54+00:00\" \/>\n<meta property=\"og:image\" content=\"https:\/\/oceansignal.com\/wp-content\/uploads\/2025\/09\/OSL-PLB3-Pouch-Right-Angle.jpg\" \/>\n\t<meta property=\"og:image:width\" content=\"2000\" \/>\n\t<meta property=\"og:image:height\" content=\"2000\" \/>\n\t<meta property=\"og:image:type\" content=\"image\/jpeg\" \/>\n<meta name=\"twitter:card\" content=\"summary_large_image\" \/>\n<script type=\"application\/ld+json\" class=\"yoast-schema-graph\">{\"@context\":\"https:\/\/schema.org\",\"@graph\":[{\"@type\":\"WebPage\",\"@id\":\"https:\/\/oceansignal.com\/es\/products\/bolsa-de-flotacion-plb1-copy\/\",\"url\":\"https:\/\/oceansignal.com\/es\/products\/bolsa-de-flotacion-plb1-copy\/\",\"name\":\"Bolsa de flotaci\u00f3n PLB3 - Ocean Signal\",\"isPartOf\":{\"@id\":\"https:\/\/oceansignal.com\/es\/#website\"},\"primaryImageOfPage\":{\"@id\":\"https:\/\/oceansignal.com\/es\/products\/bolsa-de-flotacion-plb1-copy\/#primaryimage\"},\"image\":{\"@id\":\"https:\/\/oceansignal.com\/es\/products\/bolsa-de-flotacion-plb1-copy\/#primaryimage\"},\"thumbnailUrl\":\"https:\/\/oceansignal.com\/wp-content\/uploads\/2025\/09\/OSL-PLB3-Pouch-Right-Angle.jpg\",\"datePublished\":\"2025-09-18T12:42:18+00:00\",\"dateModified\":\"2026-04-01T15:58:54+00:00\",\"breadcrumb\":{\"@id\":\"https:\/\/oceansignal.com\/es\/products\/bolsa-de-flotacion-plb1-copy\/#breadcrumb\"},\"inLanguage\":\"es\",\"potentialAction\":[{\"@type\":\"ReadAction\",\"target\":[\"https:\/\/oceansignal.com\/es\/products\/bolsa-de-flotacion-plb1-copy\/\"]}]},{\"@type\":\"ImageObject\",\"inLanguage\":\"es\",\"@id\":\"https:\/\/oceansignal.com\/es\/products\/bolsa-de-flotacion-plb1-copy\/#primaryimage\",\"url\":\"https:\/\/oceansignal.com\/wp-content\/uploads\/2025\/09\/OSL-PLB3-Pouch-Right-Angle.jpg\",\"contentUrl\":\"https:\/\/oceansignal.com\/wp-content\/uploads\/2025\/09\/OSL-PLB3-Pouch-Right-Angle.jpg\",\"width\":2000,\"height\":2000},{\"@type\":\"BreadcrumbList\",\"@id\":\"https:\/\/oceansignal.com\/es\/products\/bolsa-de-flotacion-plb1-copy\/#breadcrumb\",\"itemListElement\":[{\"@type\":\"ListItem\",\"position\":1,\"name\":\"Tienda\",\"item\":\"https:\/\/oceansignal.com\/es\/tienda\/\"},{\"@type\":\"ListItem\",\"position\":2,\"name\":\"Bolsa de flotaci\u00f3n PLB3\"}]},{\"@type\":\"WebSite\",\"@id\":\"https:\/\/oceansignal.com\/es\/#website\",\"url\":\"https:\/\/oceansignal.com\/es\/\",\"name\":\"Ocean Signal\",\"description\":\"A leading manufacturer of EPIRBs, AIS, SARTs, Personal Locator Beacons, Man Overboard Beacon for the Marine and Outdoor Markets.\",\"potentialAction\":[{\"@type\":\"SearchAction\",\"target\":{\"@type\":\"EntryPoint\",\"urlTemplate\":\"https:\/\/oceansignal.com\/es\/?s={search_term_string}\"},\"query-input\":{\"@type\":\"PropertyValueSpecification\",\"valueRequired\":true,\"valueName\":\"search_term_string\"}}],\"inLanguage\":\"es\"}]}<\/script>\n<!-- \/ Yoast SEO Premium plugin. -->","yoast_head_json":{"title":"Bolsa de flotaci\u00f3n PLB3 - Ocean Signal","robots":{"index":"index","follow":"follow","max-snippet":"max-snippet:-1","max-image-preview":"max-image-preview:large","max-video-preview":"max-video-preview:-1"},"canonical":"https:\/\/oceansignal.com\/es\/products\/bolsa-de-flotacion-plb1-copy\/","og_locale":"es_ES","og_type":"article","og_title":"Bolsa de flotaci\u00f3n PLB3","og_description":"La bolsa de flotaci\u00f3n RescueME PLB3* le proporciona flotabilidad a su PLB3, permiti\u00e9ndole flotar y recuperarlo en caso de ca\u00edda al agua. Con la bolsa de flotaci\u00f3n instalada, su PLB3 permanece completamente operativo.  *El RescueMe PLB3 que se muestra en la imagen no est\u00e1 incluido y se vende por separado.","og_url":"https:\/\/oceansignal.com\/es\/products\/bolsa-de-flotacion-plb1-copy\/","og_site_name":"Ocean Signal","article_modified_time":"2026-04-01T15:58:54+00:00","og_image":[{"width":2000,"height":2000,"url":"https:\/\/oceansignal.com\/wp-content\/uploads\/2025\/09\/OSL-PLB3-Pouch-Right-Angle.jpg","type":"image\/jpeg"}],"twitter_card":"summary_large_image","schema":{"@context":"https:\/\/schema.org","@graph":[{"@type":"WebPage","@id":"https:\/\/oceansignal.com\/es\/products\/bolsa-de-flotacion-plb1-copy\/","url":"https:\/\/oceansignal.com\/es\/products\/bolsa-de-flotacion-plb1-copy\/","name":"Bolsa de flotaci\u00f3n PLB3 - Ocean Signal","isPartOf":{"@id":"https:\/\/oceansignal.com\/es\/#website"},"primaryImageOfPage":{"@id":"https:\/\/oceansignal.com\/es\/products\/bolsa-de-flotacion-plb1-copy\/#primaryimage"},"image":{"@id":"https:\/\/oceansignal.com\/es\/products\/bolsa-de-flotacion-plb1-copy\/#primaryimage"},"thumbnailUrl":"https:\/\/oceansignal.com\/wp-content\/uploads\/2025\/09\/OSL-PLB3-Pouch-Right-Angle.jpg","datePublished":"2025-09-18T12:42:18+00:00","dateModified":"2026-04-01T15:58:54+00:00","breadcrumb":{"@id":"https:\/\/oceansignal.com\/es\/products\/bolsa-de-flotacion-plb1-copy\/#breadcrumb"},"inLanguage":"es","potentialAction":[{"@type":"ReadAction","target":["https:\/\/oceansignal.com\/es\/products\/bolsa-de-flotacion-plb1-copy\/"]}]},{"@type":"ImageObject","inLanguage":"es","@id":"https:\/\/oceansignal.com\/es\/products\/bolsa-de-flotacion-plb1-copy\/#primaryimage","url":"https:\/\/oceansignal.com\/wp-content\/uploads\/2025\/09\/OSL-PLB3-Pouch-Right-Angle.jpg","contentUrl":"https:\/\/oceansignal.com\/wp-content\/uploads\/2025\/09\/OSL-PLB3-Pouch-Right-Angle.jpg","width":2000,"height":2000},{"@type":"BreadcrumbList","@id":"https:\/\/oceansignal.com\/es\/products\/bolsa-de-flotacion-plb1-copy\/#breadcrumb","itemListElement":[{"@type":"ListItem","position":1,"name":"Tienda","item":"https:\/\/oceansignal.com\/es\/tienda\/"},{"@type":"ListItem","position":2,"name":"Bolsa de flotaci\u00f3n PLB3"}]},{"@type":"WebSite","@id":"https:\/\/oceansignal.com\/es\/#website","url":"https:\/\/oceansignal.com\/es\/","name":"Ocean Signal","description":"A leading manufacturer of EPIRBs, AIS, SARTs, Personal Locator Beacons, Man Overboard Beacon for the Marine and Outdoor Markets.","potentialAction":[{"@type":"SearchAction","target":{"@type":"EntryPoint","urlTemplate":"https:\/\/oceansignal.com\/es\/?s={search_term_string}"},"query-input":{"@type":"PropertyValueSpecification","valueRequired":true,"valueName":"search_term_string"}}],"inLanguage":"es"}]}},"_links":{"self":[{"href":"https:\/\/oceansignal.com\/es\/wp-json\/wp\/v2\/product\/34711","targetHints":{"allow":["GET"]}}],"collection":[{"href":"https:\/\/oceansignal.com\/es\/wp-json\/wp\/v2\/product"}],"about":[{"href":"https:\/\/oceansignal.com\/es\/wp-json\/wp\/v2\/types\/product"}],"wp:featuredmedia":[{"embeddable":true,"href":"https:\/\/oceansignal.com\/es\/wp-json\/wp\/v2\/media\/34815"}],"wp:attachment":[{"href":"https:\/\/oceansignal.com\/es\/wp-json\/wp\/v2\/media?parent=34711"}],"wp:term":[{"taxonomy":"product_brand","embeddable":true,"href":"https:\/\/oceansignal.com\/es\/wp-json\/wp\/v2\/product_brand?post=34711"},{"taxonomy":"product_cat","embeddable":true,"href":"https:\/\/oceansignal.com\/es\/wp-json\/wp\/v2\/product_cat?post=34711"},{"taxonomy":"product_tag","embeddable":true,"href":"https:\/\/oceansignal.com\/es\/wp-json\/wp\/v2\/product_tag?post=34711"}],"curies":[{"name":"wp","href":"https:\/\/api.w.org\/{rel}","templated":true}]}}