{"id":38011,"date":"2025-11-07T11:01:43","date_gmt":"2025-11-07T11:01:43","guid":{"rendered":"https:\/\/oceansignal.com\/?post_type=product&#038;p=38011"},"modified":"2026-03-17T17:01:02","modified_gmt":"2026-03-17T17:01:02","slug":"kit-de-seguridad-para-navegacion-epirb3-copy-2","status":"publish","type":"product","link":"https:\/\/oceansignal.com\/es\/products\/kit-de-seguridad-para-navegacion-epirb3-copy-2\/","title":{"rendered":"Kit de seguridad para navegaci\u00f3n PLB3"},"content":{"rendered":"<h3 data-start=\"3285\" data-end=\"3337\"><strong data-start=\"3292\" data-end=\"3337\"><img loading=\"lazy\" decoding=\"async\" class=\"alignnone size-full wp-image-32359\" src=\"https:\/\/oceansignal.com\/wp-content\/uploads\/2025\/07\/View-New-Safety-Kits.png\" alt=\"\" width=\"300\" height=\"75\" srcset=\"https:\/\/oceansignal.com\/wp-content\/uploads\/2025\/07\/View-New-Safety-Kits.png 300w, https:\/\/oceansignal.com\/wp-content\/uploads\/2025\/07\/View-New-Safety-Kits-60x15.png 60w, https:\/\/oceansignal.com\/wp-content\/uploads\/2025\/07\/View-New-Safety-Kits-110x28.png 110w\" sizes=\"auto, (max-width: 300px) 100vw, 300px\" \/><\/strong><\/h3>\n<h3 data-start=\"2673\" data-end=\"2727\"><strong data-start=\"2680\" data-end=\"2727\">\u00bfPor qu\u00e9 elegir el kit PLB3?<\/strong><\/h3>\n<ul>\n<li data-start=\"308\" data-end=\"559\">Dise\u00f1ado para navegantes autosuficientes: Cuando navegas solo o con una tripulaci\u00f3n reducida, cada pieza del equipo debe funcionar a la perfecci\u00f3n. El kit PLB3 ofrece protecci\u00f3n de nivel profesional dise\u00f1ada para quienes dependen exclusivamente de s\u00ed mismos y de su equipo. <\/li>\n<li data-start=\"308\" data-end=\"559\">La baliza personal m\u00e1s avanzada del mundo. La rescueME PLB3 combina la se\u00f1al de socorro por sat\u00e9lite de 406 MHz, la alerta local AIS y la confirmaci\u00f3n del Servicio de Enlace de Retorno (RLS), para que sepas que tu llamada de auxilio ha sido recibida. El AIS transmite tu posici\u00f3n a las embarcaciones cercanas para que est\u00e9n al tanto de inmediato. <\/li>\n<li data-start=\"308\" data-end=\"559\">Soluci\u00f3n de seguridad completa y compacta. El paquete incluye una bolsa de emergencia Ocean Signal con cinta homologada SOLAS y un juego de espejo y silbato ACR; el kit garantiza el cumplimiento de los requisitos en alta mar, manteniendo un peso ligero, una organizaci\u00f3n \u00f3ptima y la posibilidad de un despliegue inmediato.<\/li>\n<li data-start=\"308\" data-end=\"559\">Tecnolog\u00eda probada de Ocean Signal y ACR Electronics. Con la confianza de regatistas oce\u00e1nicos, patrones de barcos de reparto y navegantes de larga distancia de todo el mundo, este kit representa la ciencia de la supervivencia en su forma m\u00e1s fiable.<\/li>\n<\/ul>\n<h3 data-start=\"2313\" data-end=\"2334\"><strong data-start=\"2320\" data-end=\"2334\">Ideal para:<\/strong><\/h3>\n<ul>\n<li data-start=\"181\" data-end=\"379\">Navegantes solitarios y tripulaciones reducidas Dise\u00f1ado para aquellos que navegan de forma independiente o con una tripulaci\u00f3n m\u00ednima, ofreciendo comunicaci\u00f3n fiable de doble capa y seguridad en caso de rescate en cualquier parte del mundo.<\/li>\n<li data-start=\"181\" data-end=\"379\">Para aventureros de alta mar y aguas profundas. Ideal para navegantes que cruzan oc\u00e9anos o exploran costas remotas donde la autosuficiencia y un equipo de seguridad compacto y homologado por SOLAS son esenciales.<\/li>\n<li data-start=\"181\" data-end=\"379\">Patrones de entrega e instructores. Perfecto para patrones profesionales responsables de traslados de embarcaciones o formaci\u00f3n, garantizando el cumplimiento de las normas y la protecci\u00f3n personal en todo momento.<\/li>\n<\/ul>\n<p>&nbsp;<\/p>\n<h3 data-start=\"673\" data-end=\"726\"><strong data-start=\"680\" data-end=\"726\">\u00bfQu\u00e9 est\u00e1 incluido y c\u00f3mo apoya el rescate?<\/strong><\/h3>\n<h4 data-start=\"728\" data-end=\"762\"><strong data-start=\"733\" data-end=\"760\">2 \u00d7 Ocean Signal rescueME PLB3<\/strong><\/h4>\n<p data-start=\"763\" data-end=\"786\">Se puede ver localmente (embarcaciones con transceptores AIS) y globalmente (mensaje de 406 MHz entregado para b\u00fasqueda y rescate), rastrear con precisi\u00f3n (AIS) y brindar seguridad con confirmaci\u00f3n en tiempo real (RLS), todo en un solo dispositivo.<br \/>\n Valor de venta al p\u00fablico: \u00a3849,99<\/p>\n<p data-start=\"763\" data-end=\"786\"><img loading=\"lazy\" decoding=\"async\" class=\"alignnone size-medium wp-image-11815\" src=\"https:\/\/oceansignal.com\/wp-content\/uploads\/2023\/09\/OSL-PLB3-Front-Antenna-Deployed-300x300.png\" alt=\"\" width=\"300\" height=\"300\" srcset=\"https:\/\/oceansignal.com\/wp-content\/uploads\/2023\/09\/OSL-PLB3-Front-Antenna-Deployed-300x300.png 300w, https:\/\/oceansignal.com\/wp-content\/uploads\/2023\/09\/OSL-PLB3-Front-Antenna-Deployed-1024x1024.png 1024w, https:\/\/oceansignal.com\/wp-content\/uploads\/2023\/09\/OSL-PLB3-Front-Antenna-Deployed-150x150.png 150w, https:\/\/oceansignal.com\/wp-content\/uploads\/2023\/09\/OSL-PLB3-Front-Antenna-Deployed-768x768.png 768w, https:\/\/oceansignal.com\/wp-content\/uploads\/2023\/09\/OSL-PLB3-Front-Antenna-Deployed-1536x1536.png 1536w, https:\/\/oceansignal.com\/wp-content\/uploads\/2023\/09\/OSL-PLB3-Front-Antenna-Deployed-600x600.png 600w, https:\/\/oceansignal.com\/wp-content\/uploads\/2023\/09\/OSL-PLB3-Front-Antenna-Deployed-100x100.png 100w, https:\/\/oceansignal.com\/wp-content\/uploads\/2023\/09\/OSL-PLB3-Front-Antenna-Deployed-60x60.png 60w, https:\/\/oceansignal.com\/wp-content\/uploads\/2023\/09\/OSL-PLB3-Front-Antenna-Deployed-110x110.png 110w, https:\/\/oceansignal.com\/wp-content\/uploads\/2023\/09\/OSL-PLB3-Front-Antenna-Deployed.png 2000w\" sizes=\"auto, (max-width: 300px) 100vw, 300px\" \/><\/p>\n<ul data-start=\"917\" data-end=\"1359\">\n<li data-start=\"917\" data-end=\"965\">La PRIMERA PLB del mundo con AIS y la PRIMERA PLB del mundo con NFC y aplicaci\u00f3n m\u00f3vil\n<ul>\n<li data-start=\"71\" data-end=\"199\">\n<p data-start=\"73\" data-end=\"199\">Sistema de triple alerta: Env\u00eda una se\u00f1al de socorro global de 406 MHz, AIS para embarcaciones cercanas y una se\u00f1al de localizaci\u00f3n de 121,5 MHz para equipos de rescate internacionales.<\/p>\n<\/li>\n<li data-start=\"71\" data-end=\"199\">Dise\u00f1o compatible con chalecos salvavidas: Incluye un clip multifuncional y est\u00e1 dise\u00f1ado para integrarse perfectamente con la mayor\u00eda de los chalecos salvavidas inflables.<\/li>\n<li data-start=\"200\" data-end=\"302\">\n<p data-start=\"202\" data-end=\"302\">Inteligente y conectado: con tecnolog\u00eda NFC para configuraci\u00f3n y comprobaci\u00f3n de estado mediante una aplicaci\u00f3n m\u00f3vil gratuita (iOS y Android).<\/p>\n<\/li>\n<li data-start=\"303\" data-end=\"403\">\n<p data-start=\"305\" data-end=\"403\">Sin suscripciones: Compra \u00fanica con bater\u00eda de 6 a\u00f1os de duraci\u00f3n y m\u00e1s de 24 horas de funcionamiento tras la activaci\u00f3n.<\/p>\n<\/li>\n<li data-start=\"303\" data-end=\"403\"><a href=\"https:\/\/oceansignal.com\/es\/news\/ocean-signal-gana-el-premio-dame-design-award-2022-por-la-baliza-localizadora-personal-rescueme-plb3-ais\/\">Ganador: Premio de dise\u00f1o general DAME 2022<\/a><\/li>\n<\/ul>\n<p data-start=\"919\" data-end=\"965\">\n<\/li>\n<\/ul>\n<h4 data-start=\"1516\" data-end=\"1558\"><strong data-start=\"1521\" data-end=\"1556\">1 \u00d7 Espejo de se\u00f1al ACR y silbato<\/strong><\/h4>\n<p data-start=\"1559\" data-end=\"1581\">Ideal para cuando los equipos SAR est\u00e1n cerca y necesitas llamar su atenci\u00f3n de forma r\u00e1pida y clara.<br \/>\n Valor de venta al p\u00fablico: \u00a310,99<\/p>\n<p data-start=\"1559\" data-end=\"1581\"><img loading=\"lazy\" decoding=\"async\" class=\"alignnone wp-image-31407 size-medium\" src=\"https:\/\/oceansignal.com\/wp-content\/uploads\/2025\/06\/Grab_Bag_EPIRB1_Kit-e1752085331562-300x131.png\" alt=\"\" width=\"300\" height=\"131\" srcset=\"https:\/\/oceansignal.com\/wp-content\/uploads\/2025\/06\/Grab_Bag_EPIRB1_Kit-e1752085331562-300x131.png 300w, https:\/\/oceansignal.com\/wp-content\/uploads\/2025\/06\/Grab_Bag_EPIRB1_Kit-e1752085331562-60x26.png 60w, https:\/\/oceansignal.com\/wp-content\/uploads\/2025\/06\/Grab_Bag_EPIRB1_Kit-e1752085331562-110x48.png 110w, https:\/\/oceansignal.com\/wp-content\/uploads\/2025\/06\/Grab_Bag_EPIRB1_Kit-e1752085331562.png 344w\" sizes=\"auto, (max-width: 300px) 100vw, 300px\" \/><\/p>\n<p data-start=\"1583\" data-end=\"1691\">Estas herramientas que no requieren mantenimiento a\u00f1aden visibilidad adicional y se\u00f1alizaci\u00f3n de audio valiosa en las etapas finales del rescate.<\/p>\n<ul data-start=\"1693\" data-end=\"1791\">\n<li data-start=\"1693\" data-end=\"1734\">\n<p data-start=\"1695\" data-end=\"1734\"><strong>Espejo compacto altamente reflectante para se\u00f1ales visuales diurnas: dise\u00f1ado para reflejar la luz solar a grandes distancias, ideal para captar la atenci\u00f3n de embarcaciones o aeronaves que pasan.<\/strong><\/p>\n<\/li>\n<li data-start=\"1735\" data-end=\"1791\">\n<p data-start=\"1737\" data-end=\"1791\"><strong>Silbido fuerte y silencioso para atraer la atenci\u00f3n a corta distancia<\/strong><\/p>\n<\/li>\n<\/ul>\n<h4 data-start=\"1914\" data-end=\"1961\"><\/h4>\n<h4 data-start=\"1914\" data-end=\"1961\"><strong data-start=\"1919\" data-end=\"1959\">1 \u00d7 Bolsa impermeable Ocean Signal<\/strong><\/h4>\n<p data-start=\"1962\" data-end=\"1985\"><em data-start=\"1962\" data-end=\"1985\">Cuando cada segundo cuenta, tener todo en un lugar seco y visible es fundamental.<br \/>\n Valor de venta al p\u00fablico: \u00a3129,99<\/em><\/p>\n<p data-start=\"1962\" data-end=\"1985\"><img loading=\"lazy\" decoding=\"async\" class=\"alignnone wp-image-31488 size-medium\" src=\"https:\/\/oceansignal.com\/wp-content\/uploads\/2025\/06\/Grab_Bag-1-241x300.webp\" alt=\"\" width=\"241\" height=\"300\" srcset=\"https:\/\/oceansignal.com\/wp-content\/uploads\/2025\/06\/Grab_Bag-1-241x300.webp 241w, https:\/\/oceansignal.com\/wp-content\/uploads\/2025\/06\/Grab_Bag-1-60x75.webp 60w, https:\/\/oceansignal.com\/wp-content\/uploads\/2025\/06\/Grab_Bag-1-110x137.webp 110w, https:\/\/oceansignal.com\/wp-content\/uploads\/2025\/06\/Grab_Bag-1.webp 489w\" sizes=\"auto, (max-width: 241px) 100vw, 241px\" \/><\/p>\n<p data-start=\"1987\" data-end=\"2079\">Esta bolsa resistente y flotante mantiene todo tu equipo esencial junto: seco, protegido y listo para usar.<\/p>\n<ul data-start=\"2081\" data-end=\"2190\">\n<li data-start=\"2081\" data-end=\"2107\">\n<p data-start=\"2083\" data-end=\"2107\"><strong>Color de alta visibilidad<\/strong><\/p>\n<\/li>\n<li data-start=\"2108\" data-end=\"2131\">\n<p data-start=\"2110\" data-end=\"2131\"><strong>Boyante<\/strong><\/p>\n<\/li>\n<li data-start=\"2132\" data-end=\"2190\">\n<p data-start=\"2134\" data-end=\"2190\"><strong>Tama\u00f1o ideal para EPIRB, cualquier equipo de seguridad adicional y documentos clave<\/strong><\/p>\n<\/li>\n<\/ul>\n","protected":false},"excerpt":{"rendered":"<ul>\n<li data-start=\"250\" data-end=\"437\">Dise\u00f1ado para navegantes solitarios y con tripulaci\u00f3n reducida: Dos balizas Ocean Signal PLB3 emiten alertas de socorro duales de 406 MHz + AIS, garantizando una respuesta de rescate global y visibilidad local instant\u00e1nea.<\/li>\n<li data-start=\"250\" data-end=\"437\">Dise\u00f1o compacto, apto para alta mar. Incluye bolsa de se\u00f1alizaci\u00f3n oce\u00e1nica con cinta homologada SOLAS, adem\u00e1s de espejos y silbatos ACR para se\u00f1alizaci\u00f3n y cumplimiento esenciales en el mar.<\/li>\n<li data-start=\"250\" data-end=\"437\">Confiabilidad garantizada: Desarrollada por Ocean Signal y ACR Electronics, ofrece seguridad de nivel profesional en la que conf\u00edan patrones de alta mar y aventureros solitarios de todo el mundo.<\/li>\n<\/ul>\n<p>Valor total del kit a precio de venta recomendado: 1201 \u00a3. \u00a1Ahorra 160 \u00a3 con este kit! <\/p>\n","protected":false},"featured_media":38051,"template":"","meta":{"_acf_changed":false,"om_disable_all_campaigns":false},"product_brand":[],"product_cat":[1986,1691,470],"product_tag":[1357,1693],"class_list":{"0":"post-38011","1":"product","2":"type-product","3":"status-publish","4":"has-post-thumbnail","6":"product_cat-compatible-con-chalecos-salvavidas","7":"product_cat-kits-de-seguridad","8":"product_cat-rescueme-es","9":"product_tag-bolsa-de-sorpresas","10":"product_tag-kits-de-seguridad","12":"first","13":"instock","14":"taxable","15":"shipping-taxable","16":"purchasable","17":"product-type-simple"},"acf":[],"yoast_head":"<!-- This site is optimized with the Yoast SEO Premium plugin v25.2 (Yoast SEO v26.4) - https:\/\/yoast.com\/wordpress\/plugins\/seo\/ -->\n<title>Kit de seguridad para navegaci\u00f3n PLB3 - Ocean Signal<\/title>\n<meta name=\"robots\" content=\"index, follow, max-snippet:-1, max-image-preview:large, max-video-preview:-1\" \/>\n<link rel=\"canonical\" href=\"https:\/\/oceansignal.com\/es\/products\/kit-de-seguridad-para-navegacion-epirb3-copy-2\/\" \/>\n<meta property=\"og:locale\" content=\"es_ES\" \/>\n<meta property=\"og:type\" content=\"article\" \/>\n<meta property=\"og:title\" content=\"Kit de seguridad para navegaci\u00f3n PLB3\" \/>\n<meta property=\"og:description\" content=\"Dise\u00f1ado para navegantes solitarios y con tripulaci\u00f3n reducida: Dos balizas Ocean Signal PLB3 emiten alertas de socorro duales de 406 MHz + AIS, garantizando una respuesta de rescate global y visibilidad local instant\u00e1nea.  Dise\u00f1o compacto, apto para alta mar. Incluye bolsa de se\u00f1alizaci\u00f3n oce\u00e1nica con cinta homologada SOLAS, adem\u00e1s de espejos y silbatos ACR para se\u00f1alizaci\u00f3n y cumplimiento esenciales en el mar.  Confiabilidad garantizada: Desarrollada por Ocean Signal y ACR Electronics, ofrece seguridad de nivel profesional en la que conf\u00edan patrones de alta mar y aventureros solitarios de todo el mundo. Valor total del kit a precio de venta recomendado: 1201 \u00a3. \u00a1Ahorra 160 \u00a3 con este kit!\" \/>\n<meta property=\"og:url\" content=\"https:\/\/oceansignal.com\/es\/products\/kit-de-seguridad-para-navegacion-epirb3-copy-2\/\" \/>\n<meta property=\"og:site_name\" content=\"Ocean Signal\" \/>\n<meta property=\"article:modified_time\" content=\"2026-03-17T17:01:02+00:00\" \/>\n<meta property=\"og:image\" content=\"https:\/\/oceansignal.com\/wp-content\/uploads\/2025\/11\/Grab_Bag_PLB3_Safety_Kit.jpg\" \/>\n\t<meta property=\"og:image:width\" content=\"504\" \/>\n\t<meta property=\"og:image:height\" content=\"497\" \/>\n\t<meta property=\"og:image:type\" content=\"image\/jpeg\" \/>\n<meta name=\"twitter:card\" content=\"summary_large_image\" \/>\n<meta name=\"twitter:label1\" content=\"Tiempo de lectura\" \/>\n\t<meta name=\"twitter:data1\" content=\"3 minutos\" \/>\n<script type=\"application\/ld+json\" class=\"yoast-schema-graph\">{\"@context\":\"https:\/\/schema.org\",\"@graph\":[{\"@type\":\"WebPage\",\"@id\":\"https:\/\/oceansignal.com\/es\/products\/kit-de-seguridad-para-navegacion-epirb3-copy-2\/\",\"url\":\"https:\/\/oceansignal.com\/es\/products\/kit-de-seguridad-para-navegacion-epirb3-copy-2\/\",\"name\":\"Kit de seguridad para navegaci\u00f3n PLB3 - Ocean Signal\",\"isPartOf\":{\"@id\":\"https:\/\/oceansignal.com\/es\/#website\"},\"primaryImageOfPage\":{\"@id\":\"https:\/\/oceansignal.com\/es\/products\/kit-de-seguridad-para-navegacion-epirb3-copy-2\/#primaryimage\"},\"image\":{\"@id\":\"https:\/\/oceansignal.com\/es\/products\/kit-de-seguridad-para-navegacion-epirb3-copy-2\/#primaryimage\"},\"thumbnailUrl\":\"https:\/\/oceansignal.com\/wp-content\/uploads\/2025\/11\/Grab_Bag_PLB3_Safety_Kit.jpg\",\"datePublished\":\"2025-11-07T11:01:43+00:00\",\"dateModified\":\"2026-03-17T17:01:02+00:00\",\"breadcrumb\":{\"@id\":\"https:\/\/oceansignal.com\/es\/products\/kit-de-seguridad-para-navegacion-epirb3-copy-2\/#breadcrumb\"},\"inLanguage\":\"es\",\"potentialAction\":[{\"@type\":\"ReadAction\",\"target\":[\"https:\/\/oceansignal.com\/es\/products\/kit-de-seguridad-para-navegacion-epirb3-copy-2\/\"]}]},{\"@type\":\"ImageObject\",\"inLanguage\":\"es\",\"@id\":\"https:\/\/oceansignal.com\/es\/products\/kit-de-seguridad-para-navegacion-epirb3-copy-2\/#primaryimage\",\"url\":\"https:\/\/oceansignal.com\/wp-content\/uploads\/2025\/11\/Grab_Bag_PLB3_Safety_Kit.jpg\",\"contentUrl\":\"https:\/\/oceansignal.com\/wp-content\/uploads\/2025\/11\/Grab_Bag_PLB3_Safety_Kit.jpg\",\"width\":504,\"height\":497},{\"@type\":\"BreadcrumbList\",\"@id\":\"https:\/\/oceansignal.com\/es\/products\/kit-de-seguridad-para-navegacion-epirb3-copy-2\/#breadcrumb\",\"itemListElement\":[{\"@type\":\"ListItem\",\"position\":1,\"name\":\"Tienda\",\"item\":\"https:\/\/oceansignal.com\/es\/tienda\/\"},{\"@type\":\"ListItem\",\"position\":2,\"name\":\"Kit de seguridad para navegaci\u00f3n PLB3\"}]},{\"@type\":\"WebSite\",\"@id\":\"https:\/\/oceansignal.com\/es\/#website\",\"url\":\"https:\/\/oceansignal.com\/es\/\",\"name\":\"Ocean Signal\",\"description\":\"A leading manufacturer of EPIRBs, AIS, SARTs, Personal Locator Beacons, Man Overboard Beacon for the Marine and Outdoor Markets.\",\"potentialAction\":[{\"@type\":\"SearchAction\",\"target\":{\"@type\":\"EntryPoint\",\"urlTemplate\":\"https:\/\/oceansignal.com\/es\/?s={search_term_string}\"},\"query-input\":{\"@type\":\"PropertyValueSpecification\",\"valueRequired\":true,\"valueName\":\"search_term_string\"}}],\"inLanguage\":\"es\"}]}<\/script>\n<!-- \/ Yoast SEO Premium plugin. -->","yoast_head_json":{"title":"Kit de seguridad para navegaci\u00f3n PLB3 - Ocean Signal","robots":{"index":"index","follow":"follow","max-snippet":"max-snippet:-1","max-image-preview":"max-image-preview:large","max-video-preview":"max-video-preview:-1"},"canonical":"https:\/\/oceansignal.com\/es\/products\/kit-de-seguridad-para-navegacion-epirb3-copy-2\/","og_locale":"es_ES","og_type":"article","og_title":"Kit de seguridad para navegaci\u00f3n PLB3","og_description":"Dise\u00f1ado para navegantes solitarios y con tripulaci\u00f3n reducida: Dos balizas Ocean Signal PLB3 emiten alertas de socorro duales de 406 MHz + AIS, garantizando una respuesta de rescate global y visibilidad local instant\u00e1nea.  Dise\u00f1o compacto, apto para alta mar. Incluye bolsa de se\u00f1alizaci\u00f3n oce\u00e1nica con cinta homologada SOLAS, adem\u00e1s de espejos y silbatos ACR para se\u00f1alizaci\u00f3n y cumplimiento esenciales en el mar.  Confiabilidad garantizada: Desarrollada por Ocean Signal y ACR Electronics, ofrece seguridad de nivel profesional en la que conf\u00edan patrones de alta mar y aventureros solitarios de todo el mundo. Valor total del kit a precio de venta recomendado: 1201 \u00a3. \u00a1Ahorra 160 \u00a3 con este kit!","og_url":"https:\/\/oceansignal.com\/es\/products\/kit-de-seguridad-para-navegacion-epirb3-copy-2\/","og_site_name":"Ocean Signal","article_modified_time":"2026-03-17T17:01:02+00:00","og_image":[{"width":504,"height":497,"url":"https:\/\/oceansignal.com\/wp-content\/uploads\/2025\/11\/Grab_Bag_PLB3_Safety_Kit.jpg","type":"image\/jpeg"}],"twitter_card":"summary_large_image","twitter_misc":{"Tiempo de lectura":"3 minutos"},"schema":{"@context":"https:\/\/schema.org","@graph":[{"@type":"WebPage","@id":"https:\/\/oceansignal.com\/es\/products\/kit-de-seguridad-para-navegacion-epirb3-copy-2\/","url":"https:\/\/oceansignal.com\/es\/products\/kit-de-seguridad-para-navegacion-epirb3-copy-2\/","name":"Kit de seguridad para navegaci\u00f3n PLB3 - Ocean Signal","isPartOf":{"@id":"https:\/\/oceansignal.com\/es\/#website"},"primaryImageOfPage":{"@id":"https:\/\/oceansignal.com\/es\/products\/kit-de-seguridad-para-navegacion-epirb3-copy-2\/#primaryimage"},"image":{"@id":"https:\/\/oceansignal.com\/es\/products\/kit-de-seguridad-para-navegacion-epirb3-copy-2\/#primaryimage"},"thumbnailUrl":"https:\/\/oceansignal.com\/wp-content\/uploads\/2025\/11\/Grab_Bag_PLB3_Safety_Kit.jpg","datePublished":"2025-11-07T11:01:43+00:00","dateModified":"2026-03-17T17:01:02+00:00","breadcrumb":{"@id":"https:\/\/oceansignal.com\/es\/products\/kit-de-seguridad-para-navegacion-epirb3-copy-2\/#breadcrumb"},"inLanguage":"es","potentialAction":[{"@type":"ReadAction","target":["https:\/\/oceansignal.com\/es\/products\/kit-de-seguridad-para-navegacion-epirb3-copy-2\/"]}]},{"@type":"ImageObject","inLanguage":"es","@id":"https:\/\/oceansignal.com\/es\/products\/kit-de-seguridad-para-navegacion-epirb3-copy-2\/#primaryimage","url":"https:\/\/oceansignal.com\/wp-content\/uploads\/2025\/11\/Grab_Bag_PLB3_Safety_Kit.jpg","contentUrl":"https:\/\/oceansignal.com\/wp-content\/uploads\/2025\/11\/Grab_Bag_PLB3_Safety_Kit.jpg","width":504,"height":497},{"@type":"BreadcrumbList","@id":"https:\/\/oceansignal.com\/es\/products\/kit-de-seguridad-para-navegacion-epirb3-copy-2\/#breadcrumb","itemListElement":[{"@type":"ListItem","position":1,"name":"Tienda","item":"https:\/\/oceansignal.com\/es\/tienda\/"},{"@type":"ListItem","position":2,"name":"Kit de seguridad para navegaci\u00f3n PLB3"}]},{"@type":"WebSite","@id":"https:\/\/oceansignal.com\/es\/#website","url":"https:\/\/oceansignal.com\/es\/","name":"Ocean Signal","description":"A leading manufacturer of EPIRBs, AIS, SARTs, Personal Locator Beacons, Man Overboard Beacon for the Marine and Outdoor Markets.","potentialAction":[{"@type":"SearchAction","target":{"@type":"EntryPoint","urlTemplate":"https:\/\/oceansignal.com\/es\/?s={search_term_string}"},"query-input":{"@type":"PropertyValueSpecification","valueRequired":true,"valueName":"search_term_string"}}],"inLanguage":"es"}]}},"_links":{"self":[{"href":"https:\/\/oceansignal.com\/es\/wp-json\/wp\/v2\/product\/38011","targetHints":{"allow":["GET"]}}],"collection":[{"href":"https:\/\/oceansignal.com\/es\/wp-json\/wp\/v2\/product"}],"about":[{"href":"https:\/\/oceansignal.com\/es\/wp-json\/wp\/v2\/types\/product"}],"wp:featuredmedia":[{"embeddable":true,"href":"https:\/\/oceansignal.com\/es\/wp-json\/wp\/v2\/media\/38051"}],"wp:attachment":[{"href":"https:\/\/oceansignal.com\/es\/wp-json\/wp\/v2\/media?parent=38011"}],"wp:term":[{"taxonomy":"product_brand","embeddable":true,"href":"https:\/\/oceansignal.com\/es\/wp-json\/wp\/v2\/product_brand?post=38011"},{"taxonomy":"product_cat","embeddable":true,"href":"https:\/\/oceansignal.com\/es\/wp-json\/wp\/v2\/product_cat?post=38011"},{"taxonomy":"product_tag","embeddable":true,"href":"https:\/\/oceansignal.com\/es\/wp-json\/wp\/v2\/product_tag?post=38011"}],"curies":[{"name":"wp","href":"https:\/\/api.w.org\/{rel}","templated":true}]}}