{"id":6214,"date":"2023-09-07T14:40:28","date_gmt":"2023-09-07T14:40:28","guid":{"rendered":"https:\/\/oceansignal.com\/products\/rescueme-mob1\/"},"modified":"2025-09-23T14:57:38","modified_gmt":"2025-09-23T14:57:38","slug":"rescueme-mob1","status":"publish","type":"product","link":"https:\/\/oceansignal.com\/es\/products\/rescueme-mob1\/","title":{"rendered":"rescueME MOB1"},"content":{"rendered":"<p>La mejor posibilidad de un rescate r\u00e1pido si cae por la borda proviene de su propia embarcaci\u00f3n. Su tripulaci\u00f3n debe estar al tanto del incidente de inmediato y realizar un seguimiento de su posici\u00f3n mientras se lleva a cabo la recuperaci\u00f3n. Incluso en los mares m\u00e1s moderados, es alarmante la rapidez con la que se puede perder de vista a un hombre al agua.  <\/p>\n<p>Una vez activado, el MOB1 transmitir\u00e1 una alerta a todos los receptores AIS y trazadores de mapas habilitados para AIS que se encuentren en las inmediaciones. El GPS integrado garantiza que se env\u00ede la ubicaci\u00f3n precisa a su embarcaci\u00f3n y a cualquier otra que pueda estar prestando asistencia. <\/p>\n<p>Una caracter\u00edstica adicional del MOB1 es su capacidad de activar la alarma DSC en el VHF de su embarcaci\u00f3n, alertando a su tripulaci\u00f3n sobre la situaci\u00f3n.<\/p>\n<p>\u00bfQuieres conocer lo \u00faltimo en requisitos de clase M para AIS MOB ?  <a href=\"https:\/\/oceansignal.com\/es\/news\/comprender-el-impacto-de-la-regulacion-ais-clase-m-en-los-mob\/\">Haga clic aqu\u00ed<\/a><\/p>\n<p>El rescueME MOB1 Ocean Signal es un componente vital de cualquier equipo de seguridad mar\u00edtima, dise\u00f1ado para proporcionar una respuesta r\u00e1pida en caso de emergencias de hombre al agua. Compacto y ligero, este faro se integra perfectamente con los chalecos salvavidas, lo que garantiza la activaci\u00f3n autom\u00e1tica al sumergirse en el agua. Mediante la tecnolog\u00eda AIS, transmite su ubicaci\u00f3n precisa a los buques cercanos y a los sistemas de navegaci\u00f3n de a bordo, lo que facilita operaciones de rescate r\u00e1pidas y efectivas. Con su construcci\u00f3n robusta, bater\u00eda de larga duraci\u00f3n y despliegue sencillo, el rescueME MOB1 ofrece tranquilidad a los marineros y a los navegantes, mejorando la seguridad en el agua y potencialmente salvando vidas en situaciones cr\u00edticas.   <\/p>\n<p>Presentamos el dispositivo AIS MOB m\u00e1s peque\u00f1o del mundo con DSC integrado: el rescueME MOB1 de Ocean Signal . El MOB1 es compatible incluso con los chalecos salvavidas inflables m\u00e1s compactos.* El MOB1 est\u00e1 dise\u00f1ado para instalarse dentro del chaleco salvavidas* y se activar\u00e1 autom\u00e1ticamente al inflarlo, enviando la primera alerta en 15 segundos. El MOB1 es resistente al agua hasta 10 metros.<\/p>\n<p>El MOB1 <a href=\"https:\/\/www.youtube.com\/watch?v=WH4S8yhDAuo\">se comunica<\/a> con la embarcaci\u00f3n de la que se ha separado y con otras embarcaciones cercanas (hasta 5 millas de alcance, seg\u00fan las condiciones). Para alertar a las autoridades de rescate, un producto alternativo, el rescueME PLB1 se comunica directamente a trav\u00e9s de una red de sat\u00e9lites de b\u00fasqueda y rescate dedicada. En caso de emergencia, rescueME MOB1 proporciona 2 m\u00e9todos para comunicar r\u00e1pidamente su posici\u00f3n, con una precisi\u00f3n de unos pocos metros, a la embarcaci\u00f3n, adem\u00e1s de proporcionar una indicaci\u00f3n visual a trav\u00e9s de su luz estrobosc\u00f3pica incorporada. La luz estrobosc\u00f3pica integrada garantiza la m\u00e1xima visibilidad en condiciones de poca luz.   <\/p>\n<p><a href=\"https:\/\/oceansignal.com\/es\/news\/comprender-el-impacto-de-la-regulacion-ais-clase-m-en-los-mob\/\">Inf\u00f3rmese sobre las pr\u00f3ximas regulaciones MOB : Clase M AIS<\/a><\/p>\n<p><a href=\"https:\/\/oceansignal.com\/es\/news\/ocean-signal-triplica-el-tamano-de-las-instalaciones-de-la-fabrica-para-satisfacer-las-demandas-de-produccion\/\">Fabricado con orgullo en el Reino Unido<\/a><\/p>\n<p><strong>Funciones:<\/strong><\/p>\n<p>&nbsp;<\/p>\n<ul>\n<li>AIS (Sistema de Identificaci\u00f3n Autom\u00e1tica)<\/li>\n<li>Transmisor DSC integrado (llamada selectiva digital)*<\/li>\n<li>30% (t\u00edpico) m\u00e1s peque\u00f1o que los competidores<\/li>\n<li>Activaci\u00f3n autom\u00e1tica<\/li>\n<li>Integraci\u00f3n sencilla del chaleco salvavidas**<\/li>\n<li>Duraci\u00f3n de la bater\u00eda de 7 a\u00f1os<\/li>\n<li>24+ horas de vida operativa<\/li>\n<li>5 a\u00f1os de garant\u00eda\u2020<\/li>\n<li>Posicionamiento r\u00e1pido y preciso<\/li>\n<\/ul>\n<p>&nbsp;<\/p>\n<p><em><strong>Compatibilidad:<\/strong> la mayor\u00eda de los plotters AIS y DSC VHF modernos cumplen con los est\u00e1ndares necesarios para recibir transmisiones MOB . Sin embargo, se recomienda, especialmente si utiliza equipos m\u00e1s antiguos, que verifique la compatibilidad con el fabricante del equipo. Consulte las preguntas frecuentes a continuaci\u00f3n para obtener m\u00e1s informaci\u00f3n.<br \/>\n<\/em><\/p>\n<p>&nbsp;<\/p>\n<p>El usuario puede configurar el MOB1 para que introduzca el n\u00famero MMSI DSC* de la embarcaci\u00f3n descargando el software en el enlace que aparece a continuaci\u00f3n. El n\u00famero DSC de la embarcaci\u00f3n se puede programar varias veces. <\/p>\n<p>&nbsp;<\/p>\n<p><span style=\"color: #c22f00\">*La funcionalidad DSC est\u00e1 sujeta a las regulaciones del pa\u00eds.<\/span><br \/>\n<span style=\"color: #c22f00\"><em>** Siempre consulte al fabricante para obtener instrucciones espec\u00edficas antes de instalar este producto directamente en su chaleco salvavidas.<\/em><\/span><br \/>\n<span style=\"color: #c22f00\">\u2020 Sujeto a declaraci\u00f3n de garant\u00eda. ( <em>Nota: Cuando se utiliza en aplicaciones comerciales, el per\u00edodo de garant\u00eda est\u00e1 restringido a dos a\u00f1os).<\/em><\/span><\/p>\n","protected":false},"excerpt":{"rendered":"<p>El dispositivo AIS MOB m\u00e1s peque\u00f1o del mundo con DSC integrado.<\/p>\n<ul>\n<li>AIS (Sistema de Identificaci\u00f3n Autom\u00e1tica)<\/li>\n<li>Transmisor DSC integrado (llamada selectiva digital)*<\/li>\n<li>30% (t\u00edpico) m\u00e1s peque\u00f1o que los competidores<\/li>\n<li>Activaci\u00f3n autom\u00e1tica<\/li>\n<li>Integraci\u00f3n sencilla del chaleco salvavidas**<\/li>\n<li>Duraci\u00f3n de la bater\u00eda de 7 a\u00f1os<\/li>\n<li>24+ horas de vida operativa<\/li>\n<li>5 a\u00f1os de garant\u00eda\u2020<\/li>\n<li>Posicionamiento r\u00e1pido y preciso<\/li>\n<\/ul>\n<p><img loading=\"lazy\" decoding=\"async\" class=\"alignnone size-medium wp-image-609\" src=\"http:\/\/oceansignal.com\/wp-content\/uploads\/2023\/09\/MT_Dame-logo_nominated_RGB-small-300x70.jpg\" alt=\"\" width=\"300\" height=\"70\" srcset=\"https:\/\/oceansignal.com\/wp-content\/uploads\/2023\/09\/MT_Dame-logo_nominated_RGB-small-300x70.jpg 300w, https:\/\/oceansignal.com\/wp-content\/uploads\/2023\/09\/MT_Dame-logo_nominated_RGB-small.jpg 323w\" sizes=\"auto, (max-width: 300px) 100vw, 300px\" \/><\/p>\n<p>\u00bfUbicado en el Reino Unido o la UE?  <a href=\"https:\/\/oceansignal.com\/es\/products\/rescueme-mob2\/\">Echa un vistazo al nuevo Ocean Signal MOB2 2025.<\/a><\/p>\n<p><a href=\"https:\/\/www.dropbox.com\/s\/8343nj28z0d7bxa\/Prop%2065%20-%20BPA.pdf?dl=0\">ADVERTENCIA: PROPOSICI\u00d3N 65<\/a><\/p>\n","protected":false},"featured_media":5839,"template":"","meta":{"_acf_changed":false,"om_disable_all_campaigns":false},"product_brand":[],"product_cat":[964,470],"product_tag":[508,511,966],"class_list":{"0":"post-6214","1":"product","2":"type-product","3":"status-publish","4":"has-post-thumbnail","6":"product_cat-hombre-al-agua","7":"product_cat-rescueme-es","8":"product_tag-ais-mob-es","9":"product_tag-chusma","10":"product_tag-hombre-al-agua","12":"first","13":"instock","14":"taxable","15":"shipping-taxable","16":"purchasable","17":"product-type-simple"},"acf":[],"yoast_head":"<!-- This site is optimized with the Yoast SEO Premium plugin v25.2 (Yoast SEO v26.4) - https:\/\/yoast.com\/wordpress\/plugins\/seo\/ -->\n<title>rescueME MOB1 - Ocean Signal<\/title>\n<meta name=\"description\" content=\"La radiobaliza de hombre al agua AIS MOB1 rescueME Ocean Signal es la soluci\u00f3n definitiva para la seguridad mar\u00edtima, dise\u00f1ada espec\u00edficamente para ayudar en situaciones de SOS.\" \/>\n<meta name=\"robots\" content=\"index, follow, max-snippet:-1, max-image-preview:large, max-video-preview:-1\" \/>\n<link rel=\"canonical\" href=\"https:\/\/oceansignal.com\/es\/products\/rescueme-mob1\/\" \/>\n<meta property=\"og:locale\" content=\"es_ES\" \/>\n<meta property=\"og:type\" content=\"article\" \/>\n<meta property=\"og:title\" content=\"rescueME MOB1\" \/>\n<meta property=\"og:description\" content=\"La radiobaliza de hombre al agua AIS MOB1 rescueME Ocean Signal es la soluci\u00f3n definitiva para la seguridad mar\u00edtima, dise\u00f1ada espec\u00edficamente para ayudar en situaciones de SOS.\" \/>\n<meta property=\"og:url\" content=\"https:\/\/oceansignal.com\/es\/products\/rescueme-mob1\/\" \/>\n<meta property=\"og:site_name\" content=\"Ocean Signal\" \/>\n<meta property=\"article:modified_time\" content=\"2025-09-23T14:57:38+00:00\" \/>\n<meta property=\"og:image\" content=\"https:\/\/oceansignal.com\/wp-content\/uploads\/2023\/09\/MOB1-square-1.jpg\" \/>\n\t<meta property=\"og:image:width\" content=\"1000\" \/>\n\t<meta property=\"og:image:height\" content=\"1000\" \/>\n\t<meta property=\"og:image:type\" content=\"image\/jpeg\" \/>\n<meta name=\"twitter:card\" content=\"summary_large_image\" \/>\n<meta name=\"twitter:label1\" content=\"Tiempo de lectura\" \/>\n\t<meta name=\"twitter:data1\" content=\"4 minutos\" \/>\n<script type=\"application\/ld+json\" class=\"yoast-schema-graph\">{\"@context\":\"https:\/\/schema.org\",\"@graph\":[{\"@type\":\"WebPage\",\"@id\":\"https:\/\/oceansignal.com\/es\/products\/rescueme-mob1\/\",\"url\":\"https:\/\/oceansignal.com\/es\/products\/rescueme-mob1\/\",\"name\":\"rescueME MOB1 - Ocean Signal\",\"isPartOf\":{\"@id\":\"https:\/\/oceansignal.com\/es\/#website\"},\"primaryImageOfPage\":{\"@id\":\"https:\/\/oceansignal.com\/es\/products\/rescueme-mob1\/#primaryimage\"},\"image\":{\"@id\":\"https:\/\/oceansignal.com\/es\/products\/rescueme-mob1\/#primaryimage\"},\"thumbnailUrl\":\"https:\/\/oceansignal.com\/wp-content\/uploads\/2023\/09\/MOB1-square-1.jpg\",\"datePublished\":\"2023-09-07T14:40:28+00:00\",\"dateModified\":\"2025-09-23T14:57:38+00:00\",\"description\":\"La radiobaliza de hombre al agua AIS MOB1 rescueME Ocean Signal es la soluci\u00f3n definitiva para la seguridad mar\u00edtima, dise\u00f1ada espec\u00edficamente para ayudar en situaciones de SOS.\",\"breadcrumb\":{\"@id\":\"https:\/\/oceansignal.com\/es\/products\/rescueme-mob1\/#breadcrumb\"},\"inLanguage\":\"es\",\"potentialAction\":[{\"@type\":\"ReadAction\",\"target\":[\"https:\/\/oceansignal.com\/es\/products\/rescueme-mob1\/\"]}]},{\"@type\":\"ImageObject\",\"inLanguage\":\"es\",\"@id\":\"https:\/\/oceansignal.com\/es\/products\/rescueme-mob1\/#primaryimage\",\"url\":\"https:\/\/oceansignal.com\/wp-content\/uploads\/2023\/09\/MOB1-square-1.jpg\",\"contentUrl\":\"https:\/\/oceansignal.com\/wp-content\/uploads\/2023\/09\/MOB1-square-1.jpg\",\"width\":1000,\"height\":1000,\"caption\":\"Radiobaliza de hombre al agua MOB1 AIS con DSC rescueME Ocean Signal . La MOB al agua m\u00e1s peque\u00f1a del mundo.\"},{\"@type\":\"BreadcrumbList\",\"@id\":\"https:\/\/oceansignal.com\/es\/products\/rescueme-mob1\/#breadcrumb\",\"itemListElement\":[{\"@type\":\"ListItem\",\"position\":1,\"name\":\"Tienda\",\"item\":\"https:\/\/oceansignal.com\/es\/tienda\/\"},{\"@type\":\"ListItem\",\"position\":2,\"name\":\"rescueME MOB1\"}]},{\"@type\":\"WebSite\",\"@id\":\"https:\/\/oceansignal.com\/es\/#website\",\"url\":\"https:\/\/oceansignal.com\/es\/\",\"name\":\"Ocean Signal\",\"description\":\"A leading manufacturer of EPIRBs, AIS, SARTs, Personal Locator Beacons, Man Overboard Beacon for the Marine and Outdoor Markets.\",\"potentialAction\":[{\"@type\":\"SearchAction\",\"target\":{\"@type\":\"EntryPoint\",\"urlTemplate\":\"https:\/\/oceansignal.com\/es\/?s={search_term_string}\"},\"query-input\":{\"@type\":\"PropertyValueSpecification\",\"valueRequired\":true,\"valueName\":\"search_term_string\"}}],\"inLanguage\":\"es\"}]}<\/script>\n<!-- \/ Yoast SEO Premium plugin. -->","yoast_head_json":{"title":"rescueME MOB1 - Ocean Signal","description":"La radiobaliza de hombre al agua AIS MOB1 rescueME Ocean Signal es la soluci\u00f3n definitiva para la seguridad mar\u00edtima, dise\u00f1ada espec\u00edficamente para ayudar en situaciones de SOS.","robots":{"index":"index","follow":"follow","max-snippet":"max-snippet:-1","max-image-preview":"max-image-preview:large","max-video-preview":"max-video-preview:-1"},"canonical":"https:\/\/oceansignal.com\/es\/products\/rescueme-mob1\/","og_locale":"es_ES","og_type":"article","og_title":"rescueME MOB1","og_description":"La radiobaliza de hombre al agua AIS MOB1 rescueME Ocean Signal es la soluci\u00f3n definitiva para la seguridad mar\u00edtima, dise\u00f1ada espec\u00edficamente para ayudar en situaciones de SOS.","og_url":"https:\/\/oceansignal.com\/es\/products\/rescueme-mob1\/","og_site_name":"Ocean Signal","article_modified_time":"2025-09-23T14:57:38+00:00","og_image":[{"width":1000,"height":1000,"url":"https:\/\/oceansignal.com\/wp-content\/uploads\/2023\/09\/MOB1-square-1.jpg","type":"image\/jpeg"}],"twitter_card":"summary_large_image","twitter_misc":{"Tiempo de lectura":"4 minutos"},"schema":{"@context":"https:\/\/schema.org","@graph":[{"@type":"WebPage","@id":"https:\/\/oceansignal.com\/es\/products\/rescueme-mob1\/","url":"https:\/\/oceansignal.com\/es\/products\/rescueme-mob1\/","name":"rescueME MOB1 - Ocean Signal","isPartOf":{"@id":"https:\/\/oceansignal.com\/es\/#website"},"primaryImageOfPage":{"@id":"https:\/\/oceansignal.com\/es\/products\/rescueme-mob1\/#primaryimage"},"image":{"@id":"https:\/\/oceansignal.com\/es\/products\/rescueme-mob1\/#primaryimage"},"thumbnailUrl":"https:\/\/oceansignal.com\/wp-content\/uploads\/2023\/09\/MOB1-square-1.jpg","datePublished":"2023-09-07T14:40:28+00:00","dateModified":"2025-09-23T14:57:38+00:00","description":"La radiobaliza de hombre al agua AIS MOB1 rescueME Ocean Signal es la soluci\u00f3n definitiva para la seguridad mar\u00edtima, dise\u00f1ada espec\u00edficamente para ayudar en situaciones de SOS.","breadcrumb":{"@id":"https:\/\/oceansignal.com\/es\/products\/rescueme-mob1\/#breadcrumb"},"inLanguage":"es","potentialAction":[{"@type":"ReadAction","target":["https:\/\/oceansignal.com\/es\/products\/rescueme-mob1\/"]}]},{"@type":"ImageObject","inLanguage":"es","@id":"https:\/\/oceansignal.com\/es\/products\/rescueme-mob1\/#primaryimage","url":"https:\/\/oceansignal.com\/wp-content\/uploads\/2023\/09\/MOB1-square-1.jpg","contentUrl":"https:\/\/oceansignal.com\/wp-content\/uploads\/2023\/09\/MOB1-square-1.jpg","width":1000,"height":1000,"caption":"Radiobaliza de hombre al agua MOB1 AIS con DSC rescueME Ocean Signal . La MOB al agua m\u00e1s peque\u00f1a del mundo."},{"@type":"BreadcrumbList","@id":"https:\/\/oceansignal.com\/es\/products\/rescueme-mob1\/#breadcrumb","itemListElement":[{"@type":"ListItem","position":1,"name":"Tienda","item":"https:\/\/oceansignal.com\/es\/tienda\/"},{"@type":"ListItem","position":2,"name":"rescueME MOB1"}]},{"@type":"WebSite","@id":"https:\/\/oceansignal.com\/es\/#website","url":"https:\/\/oceansignal.com\/es\/","name":"Ocean Signal","description":"A leading manufacturer of EPIRBs, AIS, SARTs, Personal Locator Beacons, Man Overboard Beacon for the Marine and Outdoor Markets.","potentialAction":[{"@type":"SearchAction","target":{"@type":"EntryPoint","urlTemplate":"https:\/\/oceansignal.com\/es\/?s={search_term_string}"},"query-input":{"@type":"PropertyValueSpecification","valueRequired":true,"valueName":"search_term_string"}}],"inLanguage":"es"}]}},"_links":{"self":[{"href":"https:\/\/oceansignal.com\/es\/wp-json\/wp\/v2\/product\/6214","targetHints":{"allow":["GET"]}}],"collection":[{"href":"https:\/\/oceansignal.com\/es\/wp-json\/wp\/v2\/product"}],"about":[{"href":"https:\/\/oceansignal.com\/es\/wp-json\/wp\/v2\/types\/product"}],"wp:featuredmedia":[{"embeddable":true,"href":"https:\/\/oceansignal.com\/es\/wp-json\/wp\/v2\/media\/5839"}],"wp:attachment":[{"href":"https:\/\/oceansignal.com\/es\/wp-json\/wp\/v2\/media?parent=6214"}],"wp:term":[{"taxonomy":"product_brand","embeddable":true,"href":"https:\/\/oceansignal.com\/es\/wp-json\/wp\/v2\/product_brand?post=6214"},{"taxonomy":"product_cat","embeddable":true,"href":"https:\/\/oceansignal.com\/es\/wp-json\/wp\/v2\/product_cat?post=6214"},{"taxonomy":"product_tag","embeddable":true,"href":"https:\/\/oceansignal.com\/es\/wp-json\/wp\/v2\/product_tag?post=6214"}],"curies":[{"name":"wp","href":"https:\/\/api.w.org\/{rel}","templated":true}]}}