{"id":6541,"date":"2024-03-15T17:33:28","date_gmt":"2024-03-15T17:33:28","guid":{"rendered":"https:\/\/oceansignal.com\/products\/unidad-de-liberacion-hidrostatica-de-repuesto-ocean-signal-hr1e\/"},"modified":"2025-07-08T09:35:53","modified_gmt":"2025-07-08T09:35:53","slug":"unidad-de-liberacion-hidrostatica-de-repuesto-ocean-signal-hr1e","status":"publish","type":"product","link":"https:\/\/oceansignal.com\/es\/products\/unidad-de-liberacion-hidrostatica-de-repuesto-ocean-signal-hr1e\/","title":{"rendered":"Ocean Signal HR1E Replacement Hydrostatic Release Unit"},"content":{"rendered":"<p id=\"title\" class=\"a-size-large a-spacing-none\"><span id=\"productTitle\" class=\"a-size-large product-title-word-break\">Soportes para EPIRB de flotaci\u00f3n libre Ocean Signal HR1E Replacement Hydrostatic Release Unit<\/span> .<\/p>\n<p class=\"a-size-large a-spacing-none\">Dise\u00f1ado para liberar autom\u00e1ticamente una radiobaliza indicadora de posici\u00f3n de emergencia ( EPIRB ) Ocean Signal de su soporte de montaje de flotaci\u00f3n libre (categor\u00eda 1) al sumergirla en agua, este dispositivo garantiza la activaci\u00f3n r\u00e1pida de se\u00f1ales de socorro en situaciones de emergencia.<\/p>\n<p>As\u00ed es como funciona: el HR1E est\u00e1 equipado con un mecanismo hidrost\u00e1tico que responde a la presi\u00f3n del agua. Cuando se sumerge a una determinada profundidad, normalmente entre 1,5 y 4 metros, la presi\u00f3n hidrost\u00e1tica activa el mecanismo de liberaci\u00f3n, lo que permite que la EPIRB flote libremente desde su soporte de montaje. Una vez liberada, la EPIRB comienza a transmitir su se\u00f1al de socorro, que es captada por las autoridades de b\u00fasqueda y rescate cercanas, lo que les permite localizar y ayudar r\u00e1pidamente a quienes lo necesitan.  <\/p>\n<p>El HR1E est\u00e1 dise\u00f1ado con precisi\u00f3n y fiabilidad y se fabrica en el Reino Unido, lo que garantiza su funcionamiento eficaz incluso en las condiciones mar\u00edtimas m\u00e1s dif\u00edciles. Al activar autom\u00e1ticamente la EPIRB tras la inmersi\u00f3n, el HR1E mejora significativamente las posibilidades de una respuesta r\u00e1pida a situaciones de peligro, lo que en \u00faltima instancia salva vidas en el mar. <\/p>\n<p>Los soportes de flotaci\u00f3n libre de categor\u00eda 1 requieren que la unidad de liberaci\u00f3n hidrost\u00e1tica se reemplace <strong>cada 2 a\u00f1os.<\/strong><\/p>\n<ul class=\"a-unordered-list a-vertical a-spacing-mini\">\n<li class=\"a-spacing-mini\"><span class=\"a-list-item\">Reemplazo directo para todas las carcasas de liberaci\u00f3n autom\u00e1tica <a href=\"https:\/\/www.cospas-sarsat.int\/en\/\">EPIRB<\/a> Ocean Signal (soportes de flotaci\u00f3n libre de categor\u00eda 1)<\/span><\/li>\n<li class=\"a-spacing-mini\"><span class=\"a-list-item\">Incluye HR1E HRU, instrucciones y hardware de repuesto<\/span><\/li>\n<li class=\"a-spacing-mini\"><span class=\"a-list-item\">Orgullosamente dise\u00f1ado y fabricado en el Reino Unido<\/span><\/li>\n<li class=\"a-spacing-mini\"><span class=\"a-list-item\">La instalaci\u00f3n es r\u00e1pida y f\u00e1cil<\/span><\/li>\n<\/ul>\n<p>Compatible con las siguientes EPIRB de flotaci\u00f3n libre de categor\u00eda 1<\/p>\n<ul>\n<li><a href=\"https:\/\/oceansignal.com\/es\/products\/e100-e100g\/\">SafeSea E100<\/a><\/li>\n<li><a href=\"https:\/\/oceansignal.com\/es\/products\/e100-e100g\/\">SafeSea E100G<\/a><\/li>\n<li><a href=\"https:\/\/oceansignal.com\/es\/products\/rescueme-epirb1-pro\/\">rescueME EPIRB1 Pro (anteriormente llamada SafeSea EPIRB1 Pro )<\/a><\/li>\n<li><a href=\"https:\/\/oceansignal.com\/es\/products\/rescueme-epirb2-pro\/\">rescueME EPIRB2 Pro<\/a><\/li>\n<li><a href=\"https:\/\/oceansignal.com\/es\/products\/safesea-epirb3-pro\/\">SafeSea EPIRB3 Pro<\/a><\/li>\n<li><a href=\"https:\/\/oceansignal.com\/es\/products\/e101v\/\">Grabadora de video digital SafeSea E101V<\/a><\/li>\n<\/ul>\n","protected":false},"excerpt":{"rendered":"<p>Presentamos la unidad de liberaci\u00f3n hidrost\u00e1tica SafeSea HR1E para radiobalizas de localizaci\u00f3n de siniestros Ocean Signal : su protecci\u00f3n indispensable para emergencias mar\u00edtimas. Dise\u00f1ado para liberar autom\u00e1ticamente una radiobaliza de localizaci\u00f3n de siniestros ( EPIRB ) de su soporte de montaje al sumergirla en el agua, este dispositivo garantiza la activaci\u00f3n r\u00e1pida de las se\u00f1ales de socorro cuando cada segundo cuenta. Dise\u00f1ado con precisi\u00f3n y fiabilidad, el HR1E ofrece tranquilidad a los marineros y a los navegantes, mejorando las posibilidades de una respuesta r\u00e1pida en situaciones cr\u00edticas. No comprometa la seguridad: equipe su embarcaci\u00f3n con la unidad de liberaci\u00f3n hidrost\u00e1tica SafeSea HR1E para radiobalizas de localizaci\u00f3n de siniestros Ocean Signal y navegue con confianza, sabiendo que la ayuda est\u00e1 a solo una se\u00f1al de distancia cuando m\u00e1s la necesita.   <\/p>\n<p><a href=\"https:\/\/www.dropbox.com\/s\/fk04stqsp2hgk5f\/Prop%2065%20-%20DEHP.pdf?dl=0\">ADVERTENCIA: PROPOSICI\u00d3N 65<\/a><\/p>\n","protected":false},"featured_media":6100,"template":"","meta":{"_acf_changed":false,"om_disable_all_campaigns":false},"product_brand":[],"product_cat":[866,329],"product_tag":[],"class_list":{"0":"post-6541","1":"product","2":"type-product","3":"status-publish","4":"has-post-thumbnail","6":"product_cat-epirb-es","7":"product_cat-safesea-es","9":"first","10":"instock","11":"taxable","12":"shipping-taxable","13":"purchasable","14":"product-type-simple"},"acf":[],"yoast_head":"<!-- This site is optimized with the Yoast SEO Premium plugin v25.2 (Yoast SEO v26.4) - https:\/\/yoast.com\/wordpress\/plugins\/seo\/ -->\n<title>Ocean Signal HR1E Replacement Hydrostatic Release Unit - Ocean Signal<\/title>\n<meta name=\"description\" content=\"Reemplazo de unidad de liberaci\u00f3n hidrost\u00e1tica o HRU SafeSea HR1E de Ocean Signal para radiobalizas de emergencia SafeSea y rescueME . Compre su reemplazo de HRU EPIRB hoy mismo.\" \/>\n<meta name=\"robots\" content=\"index, follow, max-snippet:-1, max-image-preview:large, max-video-preview:-1\" \/>\n<link rel=\"canonical\" href=\"https:\/\/oceansignal.com\/es\/products\/unidad-de-liberacion-hidrostatica-de-repuesto-ocean-signal-hr1e\/\" \/>\n<meta property=\"og:locale\" content=\"es_ES\" \/>\n<meta property=\"og:type\" content=\"article\" \/>\n<meta property=\"og:title\" content=\"Ocean Signal HR1E Replacement Hydrostatic Release Unit\" \/>\n<meta property=\"og:description\" content=\"Reemplazo de unidad de liberaci\u00f3n hidrost\u00e1tica o HRU SafeSea HR1E de Ocean Signal para radiobalizas de emergencia SafeSea y rescueME . Compre su reemplazo de HRU EPIRB hoy mismo.\" \/>\n<meta property=\"og:url\" content=\"https:\/\/oceansignal.com\/es\/products\/unidad-de-liberacion-hidrostatica-de-repuesto-ocean-signal-hr1e\/\" \/>\n<meta property=\"og:site_name\" content=\"Ocean Signal\" \/>\n<meta property=\"article:modified_time\" content=\"2025-07-08T09:35:53+00:00\" \/>\n<meta property=\"og:image\" content=\"https:\/\/oceansignal.com\/wp-content\/uploads\/2024\/03\/HR1E_Front-1024x1024.png\" \/>\n\t<meta property=\"og:image:width\" content=\"1024\" \/>\n\t<meta property=\"og:image:height\" content=\"1024\" \/>\n\t<meta property=\"og:image:type\" content=\"image\/png\" \/>\n<meta name=\"twitter:card\" content=\"summary_large_image\" \/>\n<meta name=\"twitter:label1\" content=\"Tiempo de lectura\" \/>\n\t<meta name=\"twitter:data1\" content=\"2 minutos\" \/>\n<script type=\"application\/ld+json\" class=\"yoast-schema-graph\">{\"@context\":\"https:\/\/schema.org\",\"@graph\":[{\"@type\":\"WebPage\",\"@id\":\"https:\/\/oceansignal.com\/es\/products\/unidad-de-liberacion-hidrostatica-de-repuesto-ocean-signal-hr1e\/\",\"url\":\"https:\/\/oceansignal.com\/es\/products\/unidad-de-liberacion-hidrostatica-de-repuesto-ocean-signal-hr1e\/\",\"name\":\"Ocean Signal HR1E Replacement Hydrostatic Release Unit - Ocean Signal\",\"isPartOf\":{\"@id\":\"https:\/\/oceansignal.com\/es\/#website\"},\"primaryImageOfPage\":{\"@id\":\"https:\/\/oceansignal.com\/es\/products\/unidad-de-liberacion-hidrostatica-de-repuesto-ocean-signal-hr1e\/#primaryimage\"},\"image\":{\"@id\":\"https:\/\/oceansignal.com\/es\/products\/unidad-de-liberacion-hidrostatica-de-repuesto-ocean-signal-hr1e\/#primaryimage\"},\"thumbnailUrl\":\"https:\/\/oceansignal.com\/wp-content\/uploads\/2024\/03\/HR1E_Front.png\",\"datePublished\":\"2024-03-15T17:33:28+00:00\",\"dateModified\":\"2025-07-08T09:35:53+00:00\",\"description\":\"Reemplazo de unidad de liberaci\u00f3n hidrost\u00e1tica o HRU SafeSea HR1E de Ocean Signal para radiobalizas de emergencia SafeSea y rescueME . Compre su reemplazo de HRU EPIRB hoy mismo.\",\"breadcrumb\":{\"@id\":\"https:\/\/oceansignal.com\/es\/products\/unidad-de-liberacion-hidrostatica-de-repuesto-ocean-signal-hr1e\/#breadcrumb\"},\"inLanguage\":\"es\",\"potentialAction\":[{\"@type\":\"ReadAction\",\"target\":[\"https:\/\/oceansignal.com\/es\/products\/unidad-de-liberacion-hidrostatica-de-repuesto-ocean-signal-hr1e\/\"]}]},{\"@type\":\"ImageObject\",\"inLanguage\":\"es\",\"@id\":\"https:\/\/oceansignal.com\/es\/products\/unidad-de-liberacion-hidrostatica-de-repuesto-ocean-signal-hr1e\/#primaryimage\",\"url\":\"https:\/\/oceansignal.com\/wp-content\/uploads\/2024\/03\/HR1E_Front.png\",\"contentUrl\":\"https:\/\/oceansignal.com\/wp-content\/uploads\/2024\/03\/HR1E_Front.png\",\"width\":2147,\"height\":2147,\"caption\":\"Unidad de liberaci\u00f3n hidrost\u00e1tica SafeSea HR1E Ocean Signal : equipo de seguridad mar\u00edtima esencial para la activaci\u00f3n autom\u00e1tica de balsas salvavidas\"},{\"@type\":\"BreadcrumbList\",\"@id\":\"https:\/\/oceansignal.com\/es\/products\/unidad-de-liberacion-hidrostatica-de-repuesto-ocean-signal-hr1e\/#breadcrumb\",\"itemListElement\":[{\"@type\":\"ListItem\",\"position\":1,\"name\":\"Tienda\",\"item\":\"https:\/\/oceansignal.com\/es\/tienda\/\"},{\"@type\":\"ListItem\",\"position\":2,\"name\":\"Ocean Signal HR1E Replacement Hydrostatic Release Unit\"}]},{\"@type\":\"WebSite\",\"@id\":\"https:\/\/oceansignal.com\/es\/#website\",\"url\":\"https:\/\/oceansignal.com\/es\/\",\"name\":\"Ocean Signal\",\"description\":\"A leading manufacturer of EPIRBs, AIS, SARTs, Personal Locator Beacons, Man Overboard Beacon for the Marine and Outdoor Markets.\",\"potentialAction\":[{\"@type\":\"SearchAction\",\"target\":{\"@type\":\"EntryPoint\",\"urlTemplate\":\"https:\/\/oceansignal.com\/es\/?s={search_term_string}\"},\"query-input\":{\"@type\":\"PropertyValueSpecification\",\"valueRequired\":true,\"valueName\":\"search_term_string\"}}],\"inLanguage\":\"es\"}]}<\/script>\n<!-- \/ Yoast SEO Premium plugin. -->","yoast_head_json":{"title":"Ocean Signal HR1E Replacement Hydrostatic Release Unit - Ocean Signal","description":"Reemplazo de unidad de liberaci\u00f3n hidrost\u00e1tica o HRU SafeSea HR1E de Ocean Signal para radiobalizas de emergencia SafeSea y rescueME . Compre su reemplazo de HRU EPIRB hoy mismo.","robots":{"index":"index","follow":"follow","max-snippet":"max-snippet:-1","max-image-preview":"max-image-preview:large","max-video-preview":"max-video-preview:-1"},"canonical":"https:\/\/oceansignal.com\/es\/products\/unidad-de-liberacion-hidrostatica-de-repuesto-ocean-signal-hr1e\/","og_locale":"es_ES","og_type":"article","og_title":"Ocean Signal HR1E Replacement Hydrostatic Release Unit","og_description":"Reemplazo de unidad de liberaci\u00f3n hidrost\u00e1tica o HRU SafeSea HR1E de Ocean Signal para radiobalizas de emergencia SafeSea y rescueME . Compre su reemplazo de HRU EPIRB hoy mismo.","og_url":"https:\/\/oceansignal.com\/es\/products\/unidad-de-liberacion-hidrostatica-de-repuesto-ocean-signal-hr1e\/","og_site_name":"Ocean Signal","article_modified_time":"2025-07-08T09:35:53+00:00","og_image":[{"width":1024,"height":1024,"url":"https:\/\/oceansignal.com\/wp-content\/uploads\/2024\/03\/HR1E_Front-1024x1024.png","type":"image\/png"}],"twitter_card":"summary_large_image","twitter_misc":{"Tiempo de lectura":"2 minutos"},"schema":{"@context":"https:\/\/schema.org","@graph":[{"@type":"WebPage","@id":"https:\/\/oceansignal.com\/es\/products\/unidad-de-liberacion-hidrostatica-de-repuesto-ocean-signal-hr1e\/","url":"https:\/\/oceansignal.com\/es\/products\/unidad-de-liberacion-hidrostatica-de-repuesto-ocean-signal-hr1e\/","name":"Ocean Signal HR1E Replacement Hydrostatic Release Unit - Ocean Signal","isPartOf":{"@id":"https:\/\/oceansignal.com\/es\/#website"},"primaryImageOfPage":{"@id":"https:\/\/oceansignal.com\/es\/products\/unidad-de-liberacion-hidrostatica-de-repuesto-ocean-signal-hr1e\/#primaryimage"},"image":{"@id":"https:\/\/oceansignal.com\/es\/products\/unidad-de-liberacion-hidrostatica-de-repuesto-ocean-signal-hr1e\/#primaryimage"},"thumbnailUrl":"https:\/\/oceansignal.com\/wp-content\/uploads\/2024\/03\/HR1E_Front.png","datePublished":"2024-03-15T17:33:28+00:00","dateModified":"2025-07-08T09:35:53+00:00","description":"Reemplazo de unidad de liberaci\u00f3n hidrost\u00e1tica o HRU SafeSea HR1E de Ocean Signal para radiobalizas de emergencia SafeSea y rescueME . Compre su reemplazo de HRU EPIRB hoy mismo.","breadcrumb":{"@id":"https:\/\/oceansignal.com\/es\/products\/unidad-de-liberacion-hidrostatica-de-repuesto-ocean-signal-hr1e\/#breadcrumb"},"inLanguage":"es","potentialAction":[{"@type":"ReadAction","target":["https:\/\/oceansignal.com\/es\/products\/unidad-de-liberacion-hidrostatica-de-repuesto-ocean-signal-hr1e\/"]}]},{"@type":"ImageObject","inLanguage":"es","@id":"https:\/\/oceansignal.com\/es\/products\/unidad-de-liberacion-hidrostatica-de-repuesto-ocean-signal-hr1e\/#primaryimage","url":"https:\/\/oceansignal.com\/wp-content\/uploads\/2024\/03\/HR1E_Front.png","contentUrl":"https:\/\/oceansignal.com\/wp-content\/uploads\/2024\/03\/HR1E_Front.png","width":2147,"height":2147,"caption":"Unidad de liberaci\u00f3n hidrost\u00e1tica SafeSea HR1E Ocean Signal : equipo de seguridad mar\u00edtima esencial para la activaci\u00f3n autom\u00e1tica de balsas salvavidas"},{"@type":"BreadcrumbList","@id":"https:\/\/oceansignal.com\/es\/products\/unidad-de-liberacion-hidrostatica-de-repuesto-ocean-signal-hr1e\/#breadcrumb","itemListElement":[{"@type":"ListItem","position":1,"name":"Tienda","item":"https:\/\/oceansignal.com\/es\/tienda\/"},{"@type":"ListItem","position":2,"name":"Ocean Signal HR1E Replacement Hydrostatic Release Unit"}]},{"@type":"WebSite","@id":"https:\/\/oceansignal.com\/es\/#website","url":"https:\/\/oceansignal.com\/es\/","name":"Ocean Signal","description":"A leading manufacturer of EPIRBs, AIS, SARTs, Personal Locator Beacons, Man Overboard Beacon for the Marine and Outdoor Markets.","potentialAction":[{"@type":"SearchAction","target":{"@type":"EntryPoint","urlTemplate":"https:\/\/oceansignal.com\/es\/?s={search_term_string}"},"query-input":{"@type":"PropertyValueSpecification","valueRequired":true,"valueName":"search_term_string"}}],"inLanguage":"es"}]}},"_links":{"self":[{"href":"https:\/\/oceansignal.com\/es\/wp-json\/wp\/v2\/product\/6541","targetHints":{"allow":["GET"]}}],"collection":[{"href":"https:\/\/oceansignal.com\/es\/wp-json\/wp\/v2\/product"}],"about":[{"href":"https:\/\/oceansignal.com\/es\/wp-json\/wp\/v2\/types\/product"}],"wp:featuredmedia":[{"embeddable":true,"href":"https:\/\/oceansignal.com\/es\/wp-json\/wp\/v2\/media\/6100"}],"wp:attachment":[{"href":"https:\/\/oceansignal.com\/es\/wp-json\/wp\/v2\/media?parent=6541"}],"wp:term":[{"taxonomy":"product_brand","embeddable":true,"href":"https:\/\/oceansignal.com\/es\/wp-json\/wp\/v2\/product_brand?post=6541"},{"taxonomy":"product_cat","embeddable":true,"href":"https:\/\/oceansignal.com\/es\/wp-json\/wp\/v2\/product_cat?post=6541"},{"taxonomy":"product_tag","embeddable":true,"href":"https:\/\/oceansignal.com\/es\/wp-json\/wp\/v2\/product_tag?post=6541"}],"curies":[{"name":"wp","href":"https:\/\/api.w.org\/{rel}","templated":true}]}}