{"id":6906,"date":"2023-09-08T13:57:50","date_gmt":"2023-09-08T13:57:50","guid":{"rendered":"https:\/\/oceansignal.com\/products\/e100-e100g\/"},"modified":"2026-01-21T20:26:45","modified_gmt":"2026-01-21T20:26:45","slug":"e100-e100g","status":"publish","type":"product","link":"https:\/\/oceansignal.com\/es\/products\/e100-e100g\/","title":{"rendered":"safeSEA E100\/E100G"},"content":{"rendered":"<p>Las EPIRB safeSEA operan en la banda satelital de 406 MHz monitoreada por Cospas-Sarsat, el operador satelital internacional, lo que garantiza que una se\u00f1al pueda ubicarse donde sea que se active alrededor del mundo. Las EPIRB safeSEA tambi\u00e9n est\u00e1n equipadas con una baliza de localizaci\u00f3n de 121,5 MHz y una luz estrobosc\u00f3pica LED de alto brillo para una r\u00e1pida ubicaci\u00f3n en el lugar. <\/p>\n<p>&nbsp;<\/p>\n<p>La EPIRB safeSEA E100G se beneficia de un GPS incorporado dedicado que env\u00eda una posici\u00f3n muy precisa, lo que reduce en gran medida el tiempo de b\u00fasqueda.<\/p>\n<p>&nbsp;<\/p>\n<p>Dado que la vida \u00fatil de la bater\u00eda del EPIRB safeSEA es la m\u00e1s alta de la industria, un EPIRB Ocean Signal mantiene los servicios de rescate actualizados con su ubicaci\u00f3n durante m\u00e1s tiempo.<\/p>\n<p>&nbsp;<\/p>\n<p><strong>Funciones:<\/strong><\/p>\n<p>&nbsp;<\/p>\n<ul>\n<li>Elecci\u00f3n de modelos con GPS y sin GPS\n<ul>\n<li>La EPIRB E100G incorpora un receptor GPS de 50 canales de \u00faltima generaci\u00f3n para una adquisici\u00f3n de posici\u00f3n r\u00e1pida y precisa<\/li>\n<\/ul>\n<\/li>\n<li>Opciones de soporte manual, carcasa de liberaci\u00f3n manual y carcasa libre de flotaci\u00f3n<\/li>\n<li>Duraci\u00f3n extrema de la bater\u00eda incluso a bajas temperaturas\n<ul>\n<li>M\u00e1s de 96 horas de funcionamiento<\/li>\n<\/ul>\n<\/li>\n<li>Bater\u00edas reemplazables por el usuario con un intervalo de reemplazo de cinco a\u00f1os<\/li>\n<li>Controles operativos intuitivos protegidos contra activaci\u00f3n accidental<\/li>\n<li>Cumple o supera todos los est\u00e1ndares internacionales<\/li>\n<li>RLS de clase 2 (-20 \u00b0C \u2013 +55 \u00b0C) para uso general<\/li>\n<li>Bater\u00eda no peligrosa<\/li>\n<\/ul>\n<p>&nbsp;<\/p>\n<p><strong>Importante:<\/strong> Lea este <a href=\"http:\/\/oceansignal.com\/wp-content\/uploads\/2023\/09\/Service-Information-Letter-Ocean-Signal-E100-Self-Test-and-exchange.pdf\">bolet\u00edn de servicio<\/a> que recomienda realizar una autoprueba en su EPIRB safeSEA.<\/p>\n<p>&nbsp;<\/p>\n<p><strong>Importante:<\/strong> lea al vicepresidente este <a href=\"http:\/\/oceansignal.com\/wp-content\/uploads\/2023\/09\/Bulletin-Technique-DInformation-Auto-Test-EPIRB-Ocean-Signal-E100-June.pdf\">bolet\u00edn de informaci\u00f3n<\/a> que le recomienda realizar una prueba autom\u00e1tica de la baliza Ocean Signal E100\/E100G de la gama SafeSEA.<\/p>\n","protected":false},"excerpt":{"rendered":"<p>Las EPIRB safeSEA E100 y E100G han sido dise\u00f1adas y fabricadas para satisfacer las necesidades de todas las embarcaciones comerciales, pesqueras y recreativas de alta mar.<\/p>\n<p> <strong>Las radiobalizas safeSEA E100 y E100G est\u00e1n descontinuadas<\/strong><\/p>\n","protected":false},"featured_media":5952,"template":"","meta":{"_acf_changed":false,"om_disable_all_campaigns":false},"product_brand":[],"product_cat":[352],"product_tag":[],"class_list":{"0":"post-6906","1":"product","2":"type-product","3":"status-publish","4":"has-post-thumbnail","6":"product_cat-terminado","8":"first","9":"outofstock","10":"taxable","11":"shipping-taxable","12":"product-type-simple"},"acf":[],"yoast_head":"<!-- This site is optimized with the Yoast SEO Premium plugin v25.2 (Yoast SEO v26.4) - https:\/\/yoast.com\/wordpress\/plugins\/seo\/ -->\n<title>safeSEA E100\/E100G - Ocean Signal<\/title>\n<meta name=\"description\" content=\"RLS Ocean Signal E100: Esencial para la seguridad mar\u00edtima. Se\u00f1alizaci\u00f3n de socorro instant\u00e1nea para una respuesta r\u00e1pida. Mejora la seguridad a bordo.\" \/>\n<meta name=\"robots\" content=\"index, follow, max-snippet:-1, max-image-preview:large, max-video-preview:-1\" \/>\n<link rel=\"canonical\" href=\"https:\/\/oceansignal.com\/es\/products\/e100-e100g\/\" \/>\n<meta property=\"og:locale\" content=\"es_ES\" \/>\n<meta property=\"og:type\" content=\"article\" \/>\n<meta property=\"og:title\" content=\"safeSEA E100\/E100G\" \/>\n<meta property=\"og:description\" content=\"RLS Ocean Signal E100: Esencial para la seguridad mar\u00edtima. Se\u00f1alizaci\u00f3n de socorro instant\u00e1nea para una respuesta r\u00e1pida. Mejora la seguridad a bordo.\" \/>\n<meta property=\"og:url\" content=\"https:\/\/oceansignal.com\/es\/products\/e100-e100g\/\" \/>\n<meta property=\"og:site_name\" content=\"Ocean Signal\" \/>\n<meta property=\"article:modified_time\" content=\"2026-01-21T20:26:45+00:00\" \/>\n<meta property=\"og:image\" content=\"https:\/\/oceansignal.com\/wp-content\/uploads\/2023\/09\/OSL-E100-360_600x600.gif\" \/>\n\t<meta property=\"og:image:width\" content=\"600\" \/>\n\t<meta property=\"og:image:height\" content=\"600\" \/>\n\t<meta property=\"og:image:type\" content=\"image\/gif\" \/>\n<meta name=\"twitter:card\" content=\"summary_large_image\" \/>\n<meta name=\"twitter:label1\" content=\"Tiempo de lectura\" \/>\n\t<meta name=\"twitter:data1\" content=\"2 minutos\" \/>\n<script type=\"application\/ld+json\" class=\"yoast-schema-graph\">{\"@context\":\"https:\/\/schema.org\",\"@graph\":[{\"@type\":\"WebPage\",\"@id\":\"https:\/\/oceansignal.com\/es\/products\/e100-e100g\/\",\"url\":\"https:\/\/oceansignal.com\/es\/products\/e100-e100g\/\",\"name\":\"safeSEA E100\/E100G - Ocean Signal\",\"isPartOf\":{\"@id\":\"https:\/\/oceansignal.com\/es\/#website\"},\"primaryImageOfPage\":{\"@id\":\"https:\/\/oceansignal.com\/es\/products\/e100-e100g\/#primaryimage\"},\"image\":{\"@id\":\"https:\/\/oceansignal.com\/es\/products\/e100-e100g\/#primaryimage\"},\"thumbnailUrl\":\"https:\/\/oceansignal.com\/wp-content\/uploads\/2023\/09\/OSL-E100-360_600x600.gif\",\"datePublished\":\"2023-09-08T13:57:50+00:00\",\"dateModified\":\"2026-01-21T20:26:45+00:00\",\"description\":\"RLS Ocean Signal E100: Esencial para la seguridad mar\u00edtima. Se\u00f1alizaci\u00f3n de socorro instant\u00e1nea para una respuesta r\u00e1pida. Mejora la seguridad a bordo.\",\"breadcrumb\":{\"@id\":\"https:\/\/oceansignal.com\/es\/products\/e100-e100g\/#breadcrumb\"},\"inLanguage\":\"es\",\"potentialAction\":[{\"@type\":\"ReadAction\",\"target\":[\"https:\/\/oceansignal.com\/es\/products\/e100-e100g\/\"]}]},{\"@type\":\"ImageObject\",\"inLanguage\":\"es\",\"@id\":\"https:\/\/oceansignal.com\/es\/products\/e100-e100g\/#primaryimage\",\"url\":\"https:\/\/oceansignal.com\/wp-content\/uploads\/2023\/09\/OSL-E100-360_600x600.gif\",\"contentUrl\":\"https:\/\/oceansignal.com\/wp-content\/uploads\/2023\/09\/OSL-E100-360_600x600.gif\",\"width\":600,\"height\":600},{\"@type\":\"BreadcrumbList\",\"@id\":\"https:\/\/oceansignal.com\/es\/products\/e100-e100g\/#breadcrumb\",\"itemListElement\":[{\"@type\":\"ListItem\",\"position\":1,\"name\":\"Tienda\",\"item\":\"https:\/\/oceansignal.com\/es\/tienda\/\"},{\"@type\":\"ListItem\",\"position\":2,\"name\":\"safeSEA E100\/E100G\"}]},{\"@type\":\"WebSite\",\"@id\":\"https:\/\/oceansignal.com\/es\/#website\",\"url\":\"https:\/\/oceansignal.com\/es\/\",\"name\":\"Ocean Signal\",\"description\":\"A leading manufacturer of EPIRBs, AIS, SARTs, Personal Locator Beacons, Man Overboard Beacon for the Marine and Outdoor Markets.\",\"potentialAction\":[{\"@type\":\"SearchAction\",\"target\":{\"@type\":\"EntryPoint\",\"urlTemplate\":\"https:\/\/oceansignal.com\/es\/?s={search_term_string}\"},\"query-input\":{\"@type\":\"PropertyValueSpecification\",\"valueRequired\":true,\"valueName\":\"search_term_string\"}}],\"inLanguage\":\"es\"}]}<\/script>\n<!-- \/ Yoast SEO Premium plugin. -->","yoast_head_json":{"title":"safeSEA E100\/E100G - Ocean Signal","description":"RLS Ocean Signal E100: Esencial para la seguridad mar\u00edtima. Se\u00f1alizaci\u00f3n de socorro instant\u00e1nea para una respuesta r\u00e1pida. Mejora la seguridad a bordo.","robots":{"index":"index","follow":"follow","max-snippet":"max-snippet:-1","max-image-preview":"max-image-preview:large","max-video-preview":"max-video-preview:-1"},"canonical":"https:\/\/oceansignal.com\/es\/products\/e100-e100g\/","og_locale":"es_ES","og_type":"article","og_title":"safeSEA E100\/E100G","og_description":"RLS Ocean Signal E100: Esencial para la seguridad mar\u00edtima. Se\u00f1alizaci\u00f3n de socorro instant\u00e1nea para una respuesta r\u00e1pida. Mejora la seguridad a bordo.","og_url":"https:\/\/oceansignal.com\/es\/products\/e100-e100g\/","og_site_name":"Ocean Signal","article_modified_time":"2026-01-21T20:26:45+00:00","og_image":[{"url":"https:\/\/oceansignal.com\/wp-content\/uploads\/2023\/09\/OSL-E100-360_600x600.gif","width":600,"height":600,"type":"image\/gif"}],"twitter_card":"summary_large_image","twitter_misc":{"Tiempo de lectura":"2 minutos"},"schema":{"@context":"https:\/\/schema.org","@graph":[{"@type":"WebPage","@id":"https:\/\/oceansignal.com\/es\/products\/e100-e100g\/","url":"https:\/\/oceansignal.com\/es\/products\/e100-e100g\/","name":"safeSEA E100\/E100G - Ocean Signal","isPartOf":{"@id":"https:\/\/oceansignal.com\/es\/#website"},"primaryImageOfPage":{"@id":"https:\/\/oceansignal.com\/es\/products\/e100-e100g\/#primaryimage"},"image":{"@id":"https:\/\/oceansignal.com\/es\/products\/e100-e100g\/#primaryimage"},"thumbnailUrl":"https:\/\/oceansignal.com\/wp-content\/uploads\/2023\/09\/OSL-E100-360_600x600.gif","datePublished":"2023-09-08T13:57:50+00:00","dateModified":"2026-01-21T20:26:45+00:00","description":"RLS Ocean Signal E100: Esencial para la seguridad mar\u00edtima. Se\u00f1alizaci\u00f3n de socorro instant\u00e1nea para una respuesta r\u00e1pida. Mejora la seguridad a bordo.","breadcrumb":{"@id":"https:\/\/oceansignal.com\/es\/products\/e100-e100g\/#breadcrumb"},"inLanguage":"es","potentialAction":[{"@type":"ReadAction","target":["https:\/\/oceansignal.com\/es\/products\/e100-e100g\/"]}]},{"@type":"ImageObject","inLanguage":"es","@id":"https:\/\/oceansignal.com\/es\/products\/e100-e100g\/#primaryimage","url":"https:\/\/oceansignal.com\/wp-content\/uploads\/2023\/09\/OSL-E100-360_600x600.gif","contentUrl":"https:\/\/oceansignal.com\/wp-content\/uploads\/2023\/09\/OSL-E100-360_600x600.gif","width":600,"height":600},{"@type":"BreadcrumbList","@id":"https:\/\/oceansignal.com\/es\/products\/e100-e100g\/#breadcrumb","itemListElement":[{"@type":"ListItem","position":1,"name":"Tienda","item":"https:\/\/oceansignal.com\/es\/tienda\/"},{"@type":"ListItem","position":2,"name":"safeSEA E100\/E100G"}]},{"@type":"WebSite","@id":"https:\/\/oceansignal.com\/es\/#website","url":"https:\/\/oceansignal.com\/es\/","name":"Ocean Signal","description":"A leading manufacturer of EPIRBs, AIS, SARTs, Personal Locator Beacons, Man Overboard Beacon for the Marine and Outdoor Markets.","potentialAction":[{"@type":"SearchAction","target":{"@type":"EntryPoint","urlTemplate":"https:\/\/oceansignal.com\/es\/?s={search_term_string}"},"query-input":{"@type":"PropertyValueSpecification","valueRequired":true,"valueName":"search_term_string"}}],"inLanguage":"es"}]}},"_links":{"self":[{"href":"https:\/\/oceansignal.com\/es\/wp-json\/wp\/v2\/product\/6906","targetHints":{"allow":["GET"]}}],"collection":[{"href":"https:\/\/oceansignal.com\/es\/wp-json\/wp\/v2\/product"}],"about":[{"href":"https:\/\/oceansignal.com\/es\/wp-json\/wp\/v2\/types\/product"}],"wp:featuredmedia":[{"embeddable":true,"href":"https:\/\/oceansignal.com\/es\/wp-json\/wp\/v2\/media\/5952"}],"wp:attachment":[{"href":"https:\/\/oceansignal.com\/es\/wp-json\/wp\/v2\/media?parent=6906"}],"wp:term":[{"taxonomy":"product_brand","embeddable":true,"href":"https:\/\/oceansignal.com\/es\/wp-json\/wp\/v2\/product_brand?post=6906"},{"taxonomy":"product_cat","embeddable":true,"href":"https:\/\/oceansignal.com\/es\/wp-json\/wp\/v2\/product_cat?post=6906"},{"taxonomy":"product_tag","embeddable":true,"href":"https:\/\/oceansignal.com\/es\/wp-json\/wp\/v2\/product_tag?post=6906"}],"curies":[{"name":"wp","href":"https:\/\/api.w.org\/{rel}","templated":true}]}}