{"id":7047,"date":"2023-09-08T12:03:59","date_gmt":"2023-09-08T12:03:59","guid":{"rendered":"https:\/\/oceansignal.com\/products\/transceptor-ais-atb1-clase-b-ais\/"},"modified":"2025-09-23T15:43:12","modified_gmt":"2025-09-23T15:43:12","slug":"transceptor-ais-atb1-clase-b-ais","status":"publish","type":"product","link":"https:\/\/oceansignal.com\/es\/products\/transceptor-ais-atb1-clase-b-ais\/","title":{"rendered":"Transceptor AIS ATB1 Clase B+ AIS"},"content":{"rendered":"<p><strong><span class=\"fontstyle0\">El ATB1 debe ser configurado por el usuario para ingresar el n\u00famero MMSI de la embarcaci\u00f3n y otros detalles.<\/span><\/strong><br \/>\n<strong><span class=\"fontstyle0\">Esto se puede realizar mediante una aplicaci\u00f3n m\u00f3vil o un programa basado en la web; seleccione el enlace Programaci\u00f3n de producto debajo del nombre del producto para comenzar a configurar.<br \/>\n<\/span><\/strong><\/p>\n<p>&nbsp;<\/p>\n<ul>\n<li>Hojas informativas de AIS: <a href=\"http:\/\/oceansignal.com\/wp-content\/uploads\/2023\/09\/AIS_Message_Structure.pdf\" target=\"_blank\" rel=\"noopener\">Estructura de mensajes AIS<\/a>, <a href=\"http:\/\/oceansignal.com\/wp-content\/uploads\/2023\/09\/AIS_Multiplexing.pdf\" target=\"_blank\" rel=\"noopener\">Multiplexaci\u00f3n AIS<\/a>, <a href=\"http:\/\/oceansignal.com\/wp-content\/uploads\/2023\/09\/AIS_with_LRM_Explained.pdf\" target=\"_blank\" rel=\"noopener\">AIS con LRM explicados<\/a><\/li>\n<\/ul>\n<p>&nbsp;<\/p>\n<p><span class=\"fontstyle0\">La informaci\u00f3n de su embarcaci\u00f3n, como la posici\u00f3n, la velocidad, el rumbo y el rumbo, se obtiene de forma autom\u00e1tica y continua mediante el impresionante receptor multi-GPS interno para un posicionamiento global preciso<\/span> . Con 99 canales de adquisici\u00f3n y 33 canales de seguimiento, esta tecnolog\u00eda avanzada garantiza que las transmisiones AIS proporcionen la indicaci\u00f3n m\u00e1s precisa de la posici\u00f3n de su embarcaci\u00f3n en todo momento. <\/p>\n<p>&nbsp;<\/p>\n<p><span class=\"fontstyle0\">Otra informaci\u00f3n sobre la embarcaci\u00f3n, como el nombre, el indicativo, el tipo y las dimensiones, as\u00ed como el MMSI, tambi\u00e9n se transmiten autom\u00e1ticamente desde el ATB1. Esta informaci\u00f3n se carga en el ATB1 a trav\u00e9s de WiFi directamente desde la aplicaci\u00f3n m\u00f3vil o el sitio web de Ocean Signal . Una vez que se ha cargado esta informaci\u00f3n, permanece almacenada en la memoria no vol\u00e1til de la unidad incluso si se apaga durante largos per\u00edodos de tiempo.  <\/span><\/p>\n<p>&nbsp;<\/p>\n<p><span class=\"fontstyle0\">El ATB1 tambi\u00e9n recibe e interpreta mensajes AIS de otros buques equipados con AIS dentro del alcance, que luego se pueden transmitir sin esfuerzo a otros dispositivos de navegaci\u00f3n como trazadores de cartas, ordenadores port\u00e1tiles o m\u00f3viles utilizando las salidas NMEA 0183, NMEA 2000<\/span><span class=\"fontstyle0\">\u00ae<\/span><span class=\"fontstyle0\">, USB o WiFi<\/span> del ATB1.<\/p>\n<p>&nbsp;<\/p>\n<p><span class=\"fontstyle0\">El uso del esquema de acceso SOTDMA* superior distingue al ATB1 de los productos CSTDMA** clase B disponibles. Esta unidad Ocean Signal clase B+ tiene la misma prioridad de transmisi\u00f3n AIS que una unidad clase A, lo que brinda la seguridad adicional de que no habr\u00e1 p\u00e9rdida ni demora en la transmisi\u00f3n, incluso en \u00e1reas de alto tr\u00e1fico. <\/span><\/p>\n<p>&nbsp;<\/p>\n<p><span class=\"fontstyle0\">El ATB1 tambi\u00e9n tiene una velocidad de notificaci\u00f3n m\u00e1s r\u00e1pida y una potencia de salida m\u00e1s alta que las unidades CSTDMA clase B.  <\/span><span class=\"fontstyle0\">Env\u00eda transmisiones AIS cada 5 segundos en lugar del m\u00e1ximo de dos transmisiones por minuto y la potencia de salida de 5 W en lugar de 2 W permite que sus transmisiones lleguen m\u00e1s lejos.<\/span><\/p>\n<p>&nbsp;<\/p>\n<p><span class=\"fontstyle0\">Una luz indicadora LED multicolor en el ATB1 indica el estado operativo continuo de la unidad. Esta caracter\u00edstica de seguridad adicional le brinda la confianza de saber que el ATB1 tiene transmisi\u00f3n AIS continua y un rendimiento \u00f3ptimo. El ATB1 tiene un dise\u00f1o elegante pero resistente al agua que ofrece un alto rendimiento y un bajo consumo de energ\u00eda.    <\/span><\/p>\n<p>&nbsp;<\/p>\n<p><span class=\"fontstyle0\">Es r\u00e1pido y sencillo de instalar y viene completo con una<\/span> <span class=\"fontstyle0\">antena GPS externa, lo que significa que todo lo que necesita es el uso de un dispositivo adecuado (tel\u00e9fono m\u00f3vil, tableta o PC) para cargar la informaci\u00f3n de su embarcaci\u00f3n y puede comenzar<\/span> <span class=\"fontstyle0\">a transmitir sus mensajes AIS en cuesti\u00f3n de minutos.<\/span><\/p>\n<p>&nbsp;<\/p>\n<p><span class=\"fontstyle0\">L\u00edder en productos mar\u00edtimos que salvan vidas para los mercados profesional y de ocio, Ocean Signal ofrece una vez m\u00e1s lo \u00faltimo en seguridad y tranquilidad con el transceptor ATB1 Clase B.<\/span><\/p>\n<p>&nbsp;<\/p>\n<p><em><span class=\"fontstyle0\">* Acceso m\u00faltiple por divisi\u00f3n de tiempo autoorganizada<br \/>\n ** Acceso m\u00faltiple por divisi\u00f3n de tiempo con detecci\u00f3n de portadora<\/span><\/em><\/p>\n<p>&nbsp;<\/p>\n<p>Para conocer las actualizaciones del firmware ATB1 y el historial de revisiones, consulte <strong><a href=\"http:\/\/oceansignal.com\/support\/product-programming\/atb1-class-b-ais-transceiver-programming\/software-updates\/\">esta p\u00e1gina<\/a><\/strong> .<\/p>\n","protected":false},"excerpt":{"rendered":"<p><span class=\"fontstyle0\">El transceptor AIS Clase B+ <span class=\"fontstyle2\">ATB1<\/span> Ocean Signal que incorpora el esquema de acceso <span class=\"fontstyle2\">SOTDMA<\/span> superior proporciona mayor visibilidad y seguridad en el mar.<\/span><\/p>\n<p> <span class=\"fontstyle0\">El transceptor AIS ATB1 Clase B+ (SOTDMA) totalmente compatible de Ocean Signal es el \u00faltimo de una larga l\u00ednea de equipos esenciales de seguridad mar\u00edtima desarrollados y fabricados en el Reino Unido para el<\/span> mercado mar\u00edtimo.<\/p>\n<p> <span class=\"fontstyle0\">Dise\u00f1ado como una ayuda para evitar colisiones, proporciona una ventaja significativa en la seguridad de la navegaci\u00f3n, d\u00e1ndole la tranquilidad de que su embarcaci\u00f3n ser\u00e1 vista de d\u00eda o de noche, sin importar el clima, en las concurridas v\u00edas fluviales de la actualidad.<\/span><\/p>\n","protected":false},"featured_media":5958,"template":"","meta":{"_acf_changed":false,"om_disable_all_campaigns":false},"product_brand":[],"product_cat":[352],"product_tag":[],"class_list":{"0":"post-7047","1":"product","2":"type-product","3":"status-publish","4":"has-post-thumbnail","6":"product_cat-terminado","8":"first","9":"outofstock","10":"taxable","11":"shipping-taxable","12":"product-type-simple"},"acf":[],"yoast_head":"<!-- This site is optimized with the Yoast SEO Premium plugin v25.2 (Yoast SEO v26.4) - https:\/\/yoast.com\/wordpress\/plugins\/seo\/ -->\n<title>Transceptor AIS ATB1 Clase B+ AIS - Ocean Signal<\/title>\n<meta name=\"robots\" content=\"index, follow, max-snippet:-1, max-image-preview:large, max-video-preview:-1\" \/>\n<link rel=\"canonical\" href=\"https:\/\/oceansignal.com\/es\/products\/transceptor-ais-atb1-clase-b-ais\/\" \/>\n<meta property=\"og:locale\" content=\"es_ES\" \/>\n<meta property=\"og:type\" content=\"article\" \/>\n<meta property=\"og:title\" content=\"Transceptor AIS ATB1 Clase B+ AIS\" \/>\n<meta property=\"og:description\" content=\"El transceptor AIS Clase B+ ATB1 Ocean Signal que incorpora el esquema de acceso SOTDMA superior proporciona mayor visibilidad y seguridad en el mar.  El transceptor AIS ATB1 Clase B+ (SOTDMA) totalmente compatible de Ocean Signal es el \u00faltimo de una larga l\u00ednea de equipos esenciales de seguridad mar\u00edtima desarrollados y fabricados en el Reino Unido para el mercado mar\u00edtimo.  Dise\u00f1ado como una ayuda para evitar colisiones, proporciona una ventaja significativa en la seguridad de la navegaci\u00f3n, d\u00e1ndole la tranquilidad de que su embarcaci\u00f3n ser\u00e1 vista de d\u00eda o de noche, sin importar el clima, en las concurridas v\u00edas fluviales de la actualidad.\" \/>\n<meta property=\"og:url\" content=\"https:\/\/oceansignal.com\/es\/products\/transceptor-ais-atb1-clase-b-ais\/\" \/>\n<meta property=\"og:site_name\" content=\"Ocean Signal\" \/>\n<meta property=\"article:modified_time\" content=\"2025-09-23T15:43:12+00:00\" \/>\n<meta property=\"og:image\" content=\"https:\/\/oceansignal.com\/wp-content\/uploads\/2023\/09\/OSL-ATB1-Bundle-360_600x600-1.gif\" \/>\n\t<meta property=\"og:image:width\" content=\"600\" \/>\n\t<meta property=\"og:image:height\" content=\"600\" \/>\n\t<meta property=\"og:image:type\" content=\"image\/gif\" \/>\n<meta name=\"twitter:card\" content=\"summary_large_image\" \/>\n<meta name=\"twitter:label1\" content=\"Tiempo de lectura\" \/>\n\t<meta name=\"twitter:data1\" content=\"3 minutos\" \/>\n<script type=\"application\/ld+json\" class=\"yoast-schema-graph\">{\"@context\":\"https:\/\/schema.org\",\"@graph\":[{\"@type\":\"WebPage\",\"@id\":\"https:\/\/oceansignal.com\/es\/products\/transceptor-ais-atb1-clase-b-ais\/\",\"url\":\"https:\/\/oceansignal.com\/es\/products\/transceptor-ais-atb1-clase-b-ais\/\",\"name\":\"Transceptor AIS ATB1 Clase B+ AIS - Ocean Signal\",\"isPartOf\":{\"@id\":\"https:\/\/oceansignal.com\/es\/#website\"},\"primaryImageOfPage\":{\"@id\":\"https:\/\/oceansignal.com\/es\/products\/transceptor-ais-atb1-clase-b-ais\/#primaryimage\"},\"image\":{\"@id\":\"https:\/\/oceansignal.com\/es\/products\/transceptor-ais-atb1-clase-b-ais\/#primaryimage\"},\"thumbnailUrl\":\"https:\/\/oceansignal.com\/wp-content\/uploads\/2023\/09\/OSL-ATB1-Bundle-360_600x600-1.gif\",\"datePublished\":\"2023-09-08T12:03:59+00:00\",\"dateModified\":\"2025-09-23T15:43:12+00:00\",\"breadcrumb\":{\"@id\":\"https:\/\/oceansignal.com\/es\/products\/transceptor-ais-atb1-clase-b-ais\/#breadcrumb\"},\"inLanguage\":\"es\",\"potentialAction\":[{\"@type\":\"ReadAction\",\"target\":[\"https:\/\/oceansignal.com\/es\/products\/transceptor-ais-atb1-clase-b-ais\/\"]}]},{\"@type\":\"ImageObject\",\"inLanguage\":\"es\",\"@id\":\"https:\/\/oceansignal.com\/es\/products\/transceptor-ais-atb1-clase-b-ais\/#primaryimage\",\"url\":\"https:\/\/oceansignal.com\/wp-content\/uploads\/2023\/09\/OSL-ATB1-Bundle-360_600x600-1.gif\",\"contentUrl\":\"https:\/\/oceansignal.com\/wp-content\/uploads\/2023\/09\/OSL-ATB1-Bundle-360_600x600-1.gif\",\"width\":600,\"height\":600},{\"@type\":\"BreadcrumbList\",\"@id\":\"https:\/\/oceansignal.com\/es\/products\/transceptor-ais-atb1-clase-b-ais\/#breadcrumb\",\"itemListElement\":[{\"@type\":\"ListItem\",\"position\":1,\"name\":\"Tienda\",\"item\":\"https:\/\/oceansignal.com\/es\/tienda\/\"},{\"@type\":\"ListItem\",\"position\":2,\"name\":\"Transceptor AIS ATB1 Clase B+ AIS\"}]},{\"@type\":\"WebSite\",\"@id\":\"https:\/\/oceansignal.com\/es\/#website\",\"url\":\"https:\/\/oceansignal.com\/es\/\",\"name\":\"Ocean Signal\",\"description\":\"A leading manufacturer of EPIRBs, AIS, SARTs, Personal Locator Beacons, Man Overboard Beacon for the Marine and Outdoor Markets.\",\"potentialAction\":[{\"@type\":\"SearchAction\",\"target\":{\"@type\":\"EntryPoint\",\"urlTemplate\":\"https:\/\/oceansignal.com\/es\/?s={search_term_string}\"},\"query-input\":{\"@type\":\"PropertyValueSpecification\",\"valueRequired\":true,\"valueName\":\"search_term_string\"}}],\"inLanguage\":\"es\"}]}<\/script>\n<!-- \/ Yoast SEO Premium plugin. -->","yoast_head_json":{"title":"Transceptor AIS ATB1 Clase B+ AIS - Ocean Signal","robots":{"index":"index","follow":"follow","max-snippet":"max-snippet:-1","max-image-preview":"max-image-preview:large","max-video-preview":"max-video-preview:-1"},"canonical":"https:\/\/oceansignal.com\/es\/products\/transceptor-ais-atb1-clase-b-ais\/","og_locale":"es_ES","og_type":"article","og_title":"Transceptor AIS ATB1 Clase B+ AIS","og_description":"El transceptor AIS Clase B+ ATB1 Ocean Signal que incorpora el esquema de acceso SOTDMA superior proporciona mayor visibilidad y seguridad en el mar.  El transceptor AIS ATB1 Clase B+ (SOTDMA) totalmente compatible de Ocean Signal es el \u00faltimo de una larga l\u00ednea de equipos esenciales de seguridad mar\u00edtima desarrollados y fabricados en el Reino Unido para el mercado mar\u00edtimo.  Dise\u00f1ado como una ayuda para evitar colisiones, proporciona una ventaja significativa en la seguridad de la navegaci\u00f3n, d\u00e1ndole la tranquilidad de que su embarcaci\u00f3n ser\u00e1 vista de d\u00eda o de noche, sin importar el clima, en las concurridas v\u00edas fluviales de la actualidad.","og_url":"https:\/\/oceansignal.com\/es\/products\/transceptor-ais-atb1-clase-b-ais\/","og_site_name":"Ocean Signal","article_modified_time":"2025-09-23T15:43:12+00:00","og_image":[{"url":"https:\/\/oceansignal.com\/wp-content\/uploads\/2023\/09\/OSL-ATB1-Bundle-360_600x600-1.gif","width":600,"height":600,"type":"image\/gif"}],"twitter_card":"summary_large_image","twitter_misc":{"Tiempo de lectura":"3 minutos"},"schema":{"@context":"https:\/\/schema.org","@graph":[{"@type":"WebPage","@id":"https:\/\/oceansignal.com\/es\/products\/transceptor-ais-atb1-clase-b-ais\/","url":"https:\/\/oceansignal.com\/es\/products\/transceptor-ais-atb1-clase-b-ais\/","name":"Transceptor AIS ATB1 Clase B+ AIS - Ocean Signal","isPartOf":{"@id":"https:\/\/oceansignal.com\/es\/#website"},"primaryImageOfPage":{"@id":"https:\/\/oceansignal.com\/es\/products\/transceptor-ais-atb1-clase-b-ais\/#primaryimage"},"image":{"@id":"https:\/\/oceansignal.com\/es\/products\/transceptor-ais-atb1-clase-b-ais\/#primaryimage"},"thumbnailUrl":"https:\/\/oceansignal.com\/wp-content\/uploads\/2023\/09\/OSL-ATB1-Bundle-360_600x600-1.gif","datePublished":"2023-09-08T12:03:59+00:00","dateModified":"2025-09-23T15:43:12+00:00","breadcrumb":{"@id":"https:\/\/oceansignal.com\/es\/products\/transceptor-ais-atb1-clase-b-ais\/#breadcrumb"},"inLanguage":"es","potentialAction":[{"@type":"ReadAction","target":["https:\/\/oceansignal.com\/es\/products\/transceptor-ais-atb1-clase-b-ais\/"]}]},{"@type":"ImageObject","inLanguage":"es","@id":"https:\/\/oceansignal.com\/es\/products\/transceptor-ais-atb1-clase-b-ais\/#primaryimage","url":"https:\/\/oceansignal.com\/wp-content\/uploads\/2023\/09\/OSL-ATB1-Bundle-360_600x600-1.gif","contentUrl":"https:\/\/oceansignal.com\/wp-content\/uploads\/2023\/09\/OSL-ATB1-Bundle-360_600x600-1.gif","width":600,"height":600},{"@type":"BreadcrumbList","@id":"https:\/\/oceansignal.com\/es\/products\/transceptor-ais-atb1-clase-b-ais\/#breadcrumb","itemListElement":[{"@type":"ListItem","position":1,"name":"Tienda","item":"https:\/\/oceansignal.com\/es\/tienda\/"},{"@type":"ListItem","position":2,"name":"Transceptor AIS ATB1 Clase B+ AIS"}]},{"@type":"WebSite","@id":"https:\/\/oceansignal.com\/es\/#website","url":"https:\/\/oceansignal.com\/es\/","name":"Ocean Signal","description":"A leading manufacturer of EPIRBs, AIS, SARTs, Personal Locator Beacons, Man Overboard Beacon for the Marine and Outdoor Markets.","potentialAction":[{"@type":"SearchAction","target":{"@type":"EntryPoint","urlTemplate":"https:\/\/oceansignal.com\/es\/?s={search_term_string}"},"query-input":{"@type":"PropertyValueSpecification","valueRequired":true,"valueName":"search_term_string"}}],"inLanguage":"es"}]}},"_links":{"self":[{"href":"https:\/\/oceansignal.com\/es\/wp-json\/wp\/v2\/product\/7047","targetHints":{"allow":["GET"]}}],"collection":[{"href":"https:\/\/oceansignal.com\/es\/wp-json\/wp\/v2\/product"}],"about":[{"href":"https:\/\/oceansignal.com\/es\/wp-json\/wp\/v2\/types\/product"}],"wp:featuredmedia":[{"embeddable":true,"href":"https:\/\/oceansignal.com\/es\/wp-json\/wp\/v2\/media\/5958"}],"wp:attachment":[{"href":"https:\/\/oceansignal.com\/es\/wp-json\/wp\/v2\/media?parent=7047"}],"wp:term":[{"taxonomy":"product_brand","embeddable":true,"href":"https:\/\/oceansignal.com\/es\/wp-json\/wp\/v2\/product_brand?post=7047"},{"taxonomy":"product_cat","embeddable":true,"href":"https:\/\/oceansignal.com\/es\/wp-json\/wp\/v2\/product_cat?post=7047"},{"taxonomy":"product_tag","embeddable":true,"href":"https:\/\/oceansignal.com\/es\/wp-json\/wp\/v2\/product_tag?post=7047"}],"curies":[{"name":"wp","href":"https:\/\/api.w.org\/{rel}","templated":true}]}}