{"id":7059,"date":"2023-09-08T12:12:42","date_gmt":"2023-09-08T12:12:42","guid":{"rendered":"https:\/\/oceansignal.com\/products\/paquete-ais-atb1-clase-b-ais\/"},"modified":"2025-07-30T12:31:17","modified_gmt":"2025-07-30T12:31:17","slug":"paquete-ais-atb1-clase-b-ais","status":"publish","type":"product","link":"https:\/\/oceansignal.com\/es\/products\/paquete-ais-atb1-clase-b-ais\/","title":{"rendered":"Paquete AIS ATB1 Clase B+ AIS"},"content":{"rendered":"<p>&nbsp;<\/p>\n<table>\n<tbody>\n<tr>\n<th><\/th>\n<th class=\"content-entry\">El MOB1, que se integra f\u00e1cilmente en un chaleco salvavidas, se comunica con el ATB1 y con embarcaciones equipadas con AIS en un radio de cinco millas y ofrece dos m\u00e9todos para transmitir r\u00e1pidamente la posici\u00f3n del hombre al agua en caso de emergencia. En primer lugar, transmite una alerta a todos los receptores AIS y trazadores de gr\u00e1ficos habilitados para AIS que se encuentren en las inmediaciones. En segundo lugar, el MOB1 activa la alarma DSC en la radio VHF de la embarcaci\u00f3n para alertar a los dem\u00e1s miembros de la tripulaci\u00f3n. La tripulaci\u00f3n puede rastrear la posici\u00f3n de la persona mientras se lleva a cabo la recuperaci\u00f3n y la luz estrobosc\u00f3pica integrada con lente moldeada garantiza que el superviviente sea f\u00e1cilmente localizado en condiciones de poca luz.   <\/th>\n<\/tr>\n<tr>\n<th><\/th>\n<th><a href=\"https:\/\/oceansignal.com\/es\/products\/rescueme-mob1\/\">Haga clic aqu\u00ed para obtener m\u00e1s detalles sobre el MOB1<\/a><\/p>\n<p>&nbsp;<\/th>\n<\/tr>\n<tr>\n<th><\/th>\n<th><\/th>\n<\/tr>\n<tr>\n<th><\/th>\n<th>El transpondedor AIS ATB1 de clase B+ (SOTDMA) avanzado de Ocean Signal est\u00e1 dise\u00f1ado para ofrecer a los propietarios de embarcaciones una mayor visibilidad y seguridad en la navegaci\u00f3n. Al incorporar la tecnolog\u00eda SOTDMA superior, el ATB1 ofrece importantes beneficios, como una mayor prioridad para los informes de posici\u00f3n sin p\u00e9rdida ni demora de la transmisi\u00f3n, lo que mejora la capacidad del usuario de ser visto por otras embarcaciones en aguas concurridas y evitar colisiones de d\u00eda o de noche, independientemente de las condiciones. Tiene una velocidad de informe m\u00e1s r\u00e1pida y una mayor potencia de salida que las unidades CSTDMA Clase B est\u00e1ndar, ya que env\u00eda transmisiones AIS cada cinco segundos en lugar de las dos transmisiones por minuto de CSTDMA. La potencia de salida de 5 W de la unidad, en comparaci\u00f3n con los 2 W est\u00e1ndar, permite que las transmisiones lleguen m\u00e1s lejos.   <\/th>\n<\/tr>\n<tr>\n<th><\/th>\n<th><a href=\"https:\/\/oceansignal.com\/products\/atb1\/\">Haga clic aqu\u00ed para obtener m\u00e1s detalles sobre el ATB1<\/a><\/th>\n<\/tr>\n<\/tbody>\n<\/table>\n","protected":false},"excerpt":{"rendered":"<p>El nuevo paquete AIS ATB1 Ocean Signal combina lo \u00faltimo en tecnolog\u00eda AIS Clase B+ en el transpondedor ATB1 con dos premiadas balizas de hombre al agua rescueME MOB1 para garantizar la mejor posibilidad de rescate r\u00e1pido, ya sea desde la propia embarcaci\u00f3n del sobreviviente o desde otras embarcaciones cercanas si alguien cae al agua; el kit AIS lleva la seguridad a bordo a un nuevo nivel.<\/p>\n","protected":false},"featured_media":5838,"template":"","meta":{"_acf_changed":false,"om_disable_all_campaigns":false},"product_brand":[],"product_cat":[352],"product_tag":[],"class_list":{"0":"post-7059","1":"product","2":"type-product","3":"status-publish","4":"has-post-thumbnail","6":"product_cat-terminado","8":"first","9":"instock","10":"taxable","11":"shipping-taxable","12":"product-type-simple"},"acf":[],"yoast_head":"<!-- This site is optimized with the Yoast SEO Premium plugin v25.2 (Yoast SEO v26.4) - https:\/\/yoast.com\/wordpress\/plugins\/seo\/ -->\n<title>Paquete AIS ATB1 Clase B+ AIS - Ocean Signal<\/title>\n<meta name=\"robots\" content=\"index, follow, max-snippet:-1, max-image-preview:large, max-video-preview:-1\" \/>\n<link rel=\"canonical\" href=\"https:\/\/oceansignal.com\/es\/products\/paquete-ais-atb1-clase-b-ais\/\" \/>\n<meta property=\"og:locale\" content=\"es_ES\" \/>\n<meta property=\"og:type\" content=\"article\" \/>\n<meta property=\"og:title\" content=\"Paquete AIS ATB1 Clase B+ AIS\" \/>\n<meta property=\"og:description\" content=\"El nuevo paquete AIS ATB1 Ocean Signal combina lo \u00faltimo en tecnolog\u00eda AIS Clase B+ en el transpondedor ATB1 con dos premiadas balizas de hombre al agua rescueME MOB1 para garantizar la mejor posibilidad de rescate r\u00e1pido, ya sea desde la propia embarcaci\u00f3n del sobreviviente o desde otras embarcaciones cercanas si alguien cae al agua; el kit AIS lleva la seguridad a bordo a un nuevo nivel.\" \/>\n<meta property=\"og:url\" content=\"https:\/\/oceansignal.com\/es\/products\/paquete-ais-atb1-clase-b-ais\/\" \/>\n<meta property=\"og:site_name\" content=\"Ocean Signal\" \/>\n<meta property=\"article:modified_time\" content=\"2025-07-30T12:31:17+00:00\" \/>\n<meta property=\"og:image\" content=\"https:\/\/oceansignal.com\/wp-content\/uploads\/2023\/09\/OSL-ATB1-MOB-Bundle1-Left-Angle.png\" \/>\n\t<meta property=\"og:image:width\" content=\"720\" \/>\n\t<meta property=\"og:image:height\" content=\"720\" \/>\n\t<meta property=\"og:image:type\" content=\"image\/png\" \/>\n<meta name=\"twitter:card\" content=\"summary_large_image\" \/>\n<meta name=\"twitter:label1\" content=\"Tiempo de lectura\" \/>\n\t<meta name=\"twitter:data1\" content=\"2 minutos\" \/>\n<script type=\"application\/ld+json\" class=\"yoast-schema-graph\">{\"@context\":\"https:\/\/schema.org\",\"@graph\":[{\"@type\":\"WebPage\",\"@id\":\"https:\/\/oceansignal.com\/es\/products\/paquete-ais-atb1-clase-b-ais\/\",\"url\":\"https:\/\/oceansignal.com\/es\/products\/paquete-ais-atb1-clase-b-ais\/\",\"name\":\"Paquete AIS ATB1 Clase B+ AIS - Ocean Signal\",\"isPartOf\":{\"@id\":\"https:\/\/oceansignal.com\/es\/#website\"},\"primaryImageOfPage\":{\"@id\":\"https:\/\/oceansignal.com\/es\/products\/paquete-ais-atb1-clase-b-ais\/#primaryimage\"},\"image\":{\"@id\":\"https:\/\/oceansignal.com\/es\/products\/paquete-ais-atb1-clase-b-ais\/#primaryimage\"},\"thumbnailUrl\":\"https:\/\/oceansignal.com\/wp-content\/uploads\/2023\/09\/OSL-ATB1-MOB-Bundle1-Left-Angle.png\",\"datePublished\":\"2023-09-08T12:12:42+00:00\",\"dateModified\":\"2025-07-30T12:31:17+00:00\",\"breadcrumb\":{\"@id\":\"https:\/\/oceansignal.com\/es\/products\/paquete-ais-atb1-clase-b-ais\/#breadcrumb\"},\"inLanguage\":\"es\",\"potentialAction\":[{\"@type\":\"ReadAction\",\"target\":[\"https:\/\/oceansignal.com\/es\/products\/paquete-ais-atb1-clase-b-ais\/\"]}]},{\"@type\":\"ImageObject\",\"inLanguage\":\"es\",\"@id\":\"https:\/\/oceansignal.com\/es\/products\/paquete-ais-atb1-clase-b-ais\/#primaryimage\",\"url\":\"https:\/\/oceansignal.com\/wp-content\/uploads\/2023\/09\/OSL-ATB1-MOB-Bundle1-Left-Angle.png\",\"contentUrl\":\"https:\/\/oceansignal.com\/wp-content\/uploads\/2023\/09\/OSL-ATB1-MOB-Bundle1-Left-Angle.png\",\"width\":720,\"height\":720},{\"@type\":\"BreadcrumbList\",\"@id\":\"https:\/\/oceansignal.com\/es\/products\/paquete-ais-atb1-clase-b-ais\/#breadcrumb\",\"itemListElement\":[{\"@type\":\"ListItem\",\"position\":1,\"name\":\"Tienda\",\"item\":\"https:\/\/oceansignal.com\/es\/tienda\/\"},{\"@type\":\"ListItem\",\"position\":2,\"name\":\"Paquete AIS ATB1 Clase B+ AIS\"}]},{\"@type\":\"WebSite\",\"@id\":\"https:\/\/oceansignal.com\/es\/#website\",\"url\":\"https:\/\/oceansignal.com\/es\/\",\"name\":\"Ocean Signal\",\"description\":\"A leading manufacturer of EPIRBs, AIS, SARTs, Personal Locator Beacons, Man Overboard Beacon for the Marine and Outdoor Markets.\",\"potentialAction\":[{\"@type\":\"SearchAction\",\"target\":{\"@type\":\"EntryPoint\",\"urlTemplate\":\"https:\/\/oceansignal.com\/es\/?s={search_term_string}\"},\"query-input\":{\"@type\":\"PropertyValueSpecification\",\"valueRequired\":true,\"valueName\":\"search_term_string\"}}],\"inLanguage\":\"es\"}]}<\/script>\n<!-- \/ Yoast SEO Premium plugin. -->","yoast_head_json":{"title":"Paquete AIS ATB1 Clase B+ AIS - Ocean Signal","robots":{"index":"index","follow":"follow","max-snippet":"max-snippet:-1","max-image-preview":"max-image-preview:large","max-video-preview":"max-video-preview:-1"},"canonical":"https:\/\/oceansignal.com\/es\/products\/paquete-ais-atb1-clase-b-ais\/","og_locale":"es_ES","og_type":"article","og_title":"Paquete AIS ATB1 Clase B+ AIS","og_description":"El nuevo paquete AIS ATB1 Ocean Signal combina lo \u00faltimo en tecnolog\u00eda AIS Clase B+ en el transpondedor ATB1 con dos premiadas balizas de hombre al agua rescueME MOB1 para garantizar la mejor posibilidad de rescate r\u00e1pido, ya sea desde la propia embarcaci\u00f3n del sobreviviente o desde otras embarcaciones cercanas si alguien cae al agua; el kit AIS lleva la seguridad a bordo a un nuevo nivel.","og_url":"https:\/\/oceansignal.com\/es\/products\/paquete-ais-atb1-clase-b-ais\/","og_site_name":"Ocean Signal","article_modified_time":"2025-07-30T12:31:17+00:00","og_image":[{"width":720,"height":720,"url":"https:\/\/oceansignal.com\/wp-content\/uploads\/2023\/09\/OSL-ATB1-MOB-Bundle1-Left-Angle.png","type":"image\/png"}],"twitter_card":"summary_large_image","twitter_misc":{"Tiempo de lectura":"2 minutos"},"schema":{"@context":"https:\/\/schema.org","@graph":[{"@type":"WebPage","@id":"https:\/\/oceansignal.com\/es\/products\/paquete-ais-atb1-clase-b-ais\/","url":"https:\/\/oceansignal.com\/es\/products\/paquete-ais-atb1-clase-b-ais\/","name":"Paquete AIS ATB1 Clase B+ AIS - Ocean Signal","isPartOf":{"@id":"https:\/\/oceansignal.com\/es\/#website"},"primaryImageOfPage":{"@id":"https:\/\/oceansignal.com\/es\/products\/paquete-ais-atb1-clase-b-ais\/#primaryimage"},"image":{"@id":"https:\/\/oceansignal.com\/es\/products\/paquete-ais-atb1-clase-b-ais\/#primaryimage"},"thumbnailUrl":"https:\/\/oceansignal.com\/wp-content\/uploads\/2023\/09\/OSL-ATB1-MOB-Bundle1-Left-Angle.png","datePublished":"2023-09-08T12:12:42+00:00","dateModified":"2025-07-30T12:31:17+00:00","breadcrumb":{"@id":"https:\/\/oceansignal.com\/es\/products\/paquete-ais-atb1-clase-b-ais\/#breadcrumb"},"inLanguage":"es","potentialAction":[{"@type":"ReadAction","target":["https:\/\/oceansignal.com\/es\/products\/paquete-ais-atb1-clase-b-ais\/"]}]},{"@type":"ImageObject","inLanguage":"es","@id":"https:\/\/oceansignal.com\/es\/products\/paquete-ais-atb1-clase-b-ais\/#primaryimage","url":"https:\/\/oceansignal.com\/wp-content\/uploads\/2023\/09\/OSL-ATB1-MOB-Bundle1-Left-Angle.png","contentUrl":"https:\/\/oceansignal.com\/wp-content\/uploads\/2023\/09\/OSL-ATB1-MOB-Bundle1-Left-Angle.png","width":720,"height":720},{"@type":"BreadcrumbList","@id":"https:\/\/oceansignal.com\/es\/products\/paquete-ais-atb1-clase-b-ais\/#breadcrumb","itemListElement":[{"@type":"ListItem","position":1,"name":"Tienda","item":"https:\/\/oceansignal.com\/es\/tienda\/"},{"@type":"ListItem","position":2,"name":"Paquete AIS ATB1 Clase B+ AIS"}]},{"@type":"WebSite","@id":"https:\/\/oceansignal.com\/es\/#website","url":"https:\/\/oceansignal.com\/es\/","name":"Ocean Signal","description":"A leading manufacturer of EPIRBs, AIS, SARTs, Personal Locator Beacons, Man Overboard Beacon for the Marine and Outdoor Markets.","potentialAction":[{"@type":"SearchAction","target":{"@type":"EntryPoint","urlTemplate":"https:\/\/oceansignal.com\/es\/?s={search_term_string}"},"query-input":{"@type":"PropertyValueSpecification","valueRequired":true,"valueName":"search_term_string"}}],"inLanguage":"es"}]}},"_links":{"self":[{"href":"https:\/\/oceansignal.com\/es\/wp-json\/wp\/v2\/product\/7059","targetHints":{"allow":["GET"]}}],"collection":[{"href":"https:\/\/oceansignal.com\/es\/wp-json\/wp\/v2\/product"}],"about":[{"href":"https:\/\/oceansignal.com\/es\/wp-json\/wp\/v2\/types\/product"}],"wp:featuredmedia":[{"embeddable":true,"href":"https:\/\/oceansignal.com\/es\/wp-json\/wp\/v2\/media\/5838"}],"wp:attachment":[{"href":"https:\/\/oceansignal.com\/es\/wp-json\/wp\/v2\/media?parent=7059"}],"wp:term":[{"taxonomy":"product_brand","embeddable":true,"href":"https:\/\/oceansignal.com\/es\/wp-json\/wp\/v2\/product_brand?post=7059"},{"taxonomy":"product_cat","embeddable":true,"href":"https:\/\/oceansignal.com\/es\/wp-json\/wp\/v2\/product_cat?post=7059"},{"taxonomy":"product_tag","embeddable":true,"href":"https:\/\/oceansignal.com\/es\/wp-json\/wp\/v2\/product_tag?post=7059"}],"curies":[{"name":"wp","href":"https:\/\/api.w.org\/{rel}","templated":true}]}}