{"id":7060,"date":"2023-09-08T11:21:17","date_gmt":"2023-09-08T11:21:17","guid":{"rendered":"https:\/\/oceansignal.com\/products\/ais-ata100\/"},"modified":"2025-03-06T13:20:03","modified_gmt":"2025-03-06T13:20:03","slug":"ais-ata100","status":"publish","type":"product","link":"https:\/\/oceansignal.com\/es\/products\/ais-ata100\/","title":{"rendered":"AIS ATA100"},"content":{"rendered":"<p>La funci\u00f3n de env\u00edo de mensajes AIS es f\u00e1cil de usar, lo que garantiza que el usuario pueda enviar o recibir mensajes relacionados con la seguridad r\u00e1pidamente y con muy poco esfuerzo. Una funci\u00f3n de mensajes instant\u00e1neos y alarmas proporciona una notificaci\u00f3n inmediata de cualquier problema o peligro potencial, incluido el despliegue del MOB1 de Ocean Signal , el dispositivo AIS\/DSC de hombre al agua m\u00e1s peque\u00f1o del mundo. Tambi\u00e9n es compatible con todos los dem\u00e1s dispositivos AIS de hombre al agua, incluido <a href=\"https:\/\/www.acrartex.com\/products\/aislink-personal-ais-mob-beacon\/\">el AISLink MOB de ACR<\/a> .  <\/p>\n<p>&nbsp;<\/p>\n<p>Los datos din\u00e1micos como la ubicaci\u00f3n, la velocidad sobre el fondo y el rumbo sobre el fondo se calculan autom\u00e1ticamente utilizando el receptor GPS integrado de 99 canales, mientras que los datos est\u00e1ticos y relacionados con el viaje, como MMSI, indicativo de llamada y nombre, tipo de barco, destino, ETA, etc., se programan f\u00e1cilmente en el transpondedor AIS a trav\u00e9s de una interfaz de men\u00fa f\u00e1cil de usar.<\/p>\n<p>&nbsp;<\/p>\n<p>Esta soluci\u00f3n de unidad \u00fanica para cumplir con los requisitos de AIS garantiza un uso m\u00ednimo del espacio del puente y sus opciones de montaje en superficie o independiente permiten una f\u00e1cil instalaci\u00f3n en casi cualquier posici\u00f3n o ubicaci\u00f3n. Tambi\u00e9n incluye m\u00faltiples opciones de conectividad, como WiFi, puerto USB, puerto serial y conector Pilot. <\/p>\n<p>&nbsp;<\/p>\n<p>La unidad de transpondedor AIS Clase A ATA100 de Ocean Signal cumple con los requisitos de la Directiva MED (Wheelmark) de la UE y las regulaciones de la USCG\/FCC. Tambi\u00e9n cumple con el est\u00e1ndar de v\u00edas navegables interiores de la UE, administrado por el CCNR. <\/p>\n<p>&nbsp;<\/p>\n<section class=\"content-entry\">\n<ul class=\"columns\">\n<li>Soluci\u00f3n compacta de una sola unidad con pantalla a todo color<\/li>\n<li>Mapa de la costa en color<\/li>\n<li>Cumple con la norma de v\u00edas navegables interiores de la UE<\/li>\n<li>Visualizaci\u00f3n de la lista de radares y objetivos<\/li>\n<li>Orientaci\u00f3n del gr\u00e1fico seleccionable<\/li>\n<li>Mensaje entrante y pantalla de alarma<\/li>\n<li>Salida de alarma para detecci\u00f3n de AIS SART, MOB y EPIRB<\/li>\n<li>Opciones de montaje en superficie y montaje en soporte<\/li>\n<li>Se suministra con antena GPS<\/li>\n<li>Autodiagn\u00f3stico continuo con notificaciones de alarma<\/li>\n<li>F\u00e1cil de usar<\/li>\n<li>Funcionalidad de env\u00edo de mensajes<\/li>\n<li>Cumple con la normativa<\/li>\n<li>Interfaces WiFi y USB para conexi\u00f3n a PC y tableta<\/li>\n<li>Enchufe piloto<\/li>\n<li>Resistente al agua hasta IPx7<\/li>\n<li>Contactos de rel\u00e9 de alarma aislados<\/li>\n<li>Programable para hasta 30 unidades MOB<\/li>\n<li>Instalaci\u00f3n sencilla<\/li>\n<\/ul>\n<p>&nbsp;<\/p>\n<p>\u00bfNecesitas radiobalizas AIS de hombre al agua o radiobalizas de localizaci\u00f3n personal? Echa un vistazo a MOB1 y <a href=\"https:\/\/oceansignal.com\/products\/rescueme-plb3-ais-plb\/\">PLB3<\/a> <\/p>\n<p><em>La siguiente declaraci\u00f3n es solo para clientes de EE. UU.:<\/em> Este dispositivo no ha sido autorizado seg\u00fan lo exigen las normas de la Comisi\u00f3n Federal de Comunicaciones. Este dispositivo no se ofrece, ni puede ofrecerse, para la venta o el alquiler, ni venderse ni alquilarse, hasta que se obtenga la autorizaci\u00f3n. <\/p>\n<p>&nbsp;<\/p>\n<\/section>\n","protected":false},"excerpt":{"rendered":"<p>El transpondedor AIS ATA100 es un transceptor de clase A totalmente compatible dise\u00f1ado para complementar la gama existente de equipos de seguridad mar\u00edtima de Ocean Signal . Utilizado como ayuda para evitar colisiones, el ATA100 combina la tecnolog\u00eda confiable y el dise\u00f1o de producto fluido que se han convertido en sin\u00f3nimo de los productos Ocean Signal . <\/p>\n<p>&nbsp;<\/p>\n<p>Esta soluci\u00f3n compacta de una sola unidad es capaz de intercambiar datos est\u00e1ticos y din\u00e1micos de los barcos con otros sistemas AIS. La informaci\u00f3n sobre el tr\u00e1fico mar\u00edtimo en tiempo real se interpreta continuamente mediante un potente motor de procesamiento interno y se muestra en una pantalla LCD de 7&#8243; a todo color y de respuesta r\u00e1pida. La vista del mapa de la costa y la vista del radar tienen varias opciones de visualizaci\u00f3n de orientaci\u00f3n que permiten la preferencia del usuario, mientras que una pantalla de lista de objetivos est\u00e1ndar ofrece listas detalladas inmediatas de los barcos cercanos que se pueden ordenar seg\u00fan el deseo del propietario.  <\/p>\n","protected":false},"featured_media":5774,"template":"","meta":{"_acf_changed":false,"om_disable_all_campaigns":false},"product_brand":[],"product_cat":[352],"product_tag":[],"class_list":{"0":"post-7060","1":"product","2":"type-product","3":"status-publish","4":"has-post-thumbnail","6":"product_cat-terminado","8":"first","9":"outofstock","10":"taxable","11":"shipping-taxable","12":"product-type-simple"},"acf":[],"yoast_head":"<!-- This site is optimized with the Yoast SEO Premium plugin v25.2 (Yoast SEO v26.4) - https:\/\/yoast.com\/wordpress\/plugins\/seo\/ -->\n<title>AIS ATA100 - Ocean Signal<\/title>\n<meta name=\"description\" content=\"Ocean Signal Class A AIS ATA100: Seguimiento y monitoreo avanzados para la seguridad de los buques. Equipo mar\u00edtimo esencial. \u00a1Compre ahora para una mayor seguridad a bordo!\" \/>\n<meta name=\"robots\" content=\"index, follow, max-snippet:-1, max-image-preview:large, max-video-preview:-1\" \/>\n<link rel=\"canonical\" href=\"https:\/\/oceansignal.com\/es\/products\/ais-ata100\/\" \/>\n<meta property=\"og:locale\" content=\"es_ES\" \/>\n<meta property=\"og:type\" content=\"article\" \/>\n<meta property=\"og:title\" content=\"AIS ATA100\" \/>\n<meta property=\"og:description\" content=\"Ocean Signal Class A AIS ATA100: Seguimiento y monitoreo avanzados para la seguridad de los buques. Equipo mar\u00edtimo esencial. \u00a1Compre ahora para una mayor seguridad a bordo!\" \/>\n<meta property=\"og:url\" content=\"https:\/\/oceansignal.com\/es\/products\/ais-ata100\/\" \/>\n<meta property=\"og:site_name\" content=\"Ocean Signal\" \/>\n<meta property=\"article:modified_time\" content=\"2025-03-06T13:20:03+00:00\" \/>\n<meta property=\"og:image\" content=\"https:\/\/oceansignal.com\/wp-content\/uploads\/2023\/09\/ATA100-cover_RGB-976x1024-1.jpg\" \/>\n\t<meta property=\"og:image:width\" content=\"976\" \/>\n\t<meta property=\"og:image:height\" content=\"1024\" \/>\n\t<meta property=\"og:image:type\" content=\"image\/jpeg\" \/>\n<meta name=\"twitter:card\" content=\"summary_large_image\" \/>\n<meta name=\"twitter:label1\" content=\"Tiempo de lectura\" \/>\n\t<meta name=\"twitter:data1\" content=\"2 minutos\" \/>\n<script type=\"application\/ld+json\" class=\"yoast-schema-graph\">{\"@context\":\"https:\/\/schema.org\",\"@graph\":[{\"@type\":\"WebPage\",\"@id\":\"https:\/\/oceansignal.com\/es\/products\/ais-ata100\/\",\"url\":\"https:\/\/oceansignal.com\/es\/products\/ais-ata100\/\",\"name\":\"AIS ATA100 - Ocean Signal\",\"isPartOf\":{\"@id\":\"https:\/\/oceansignal.com\/es\/#website\"},\"primaryImageOfPage\":{\"@id\":\"https:\/\/oceansignal.com\/es\/products\/ais-ata100\/#primaryimage\"},\"image\":{\"@id\":\"https:\/\/oceansignal.com\/es\/products\/ais-ata100\/#primaryimage\"},\"thumbnailUrl\":\"https:\/\/oceansignal.com\/wp-content\/uploads\/2023\/09\/ATA100-cover_RGB-976x1024-1.jpg\",\"datePublished\":\"2023-09-08T11:21:17+00:00\",\"dateModified\":\"2025-03-06T13:20:03+00:00\",\"description\":\"Ocean Signal Class A AIS ATA100: Seguimiento y monitoreo avanzados para la seguridad de los buques. Equipo mar\u00edtimo esencial. \u00a1Compre ahora para una mayor seguridad a bordo!\",\"breadcrumb\":{\"@id\":\"https:\/\/oceansignal.com\/es\/products\/ais-ata100\/#breadcrumb\"},\"inLanguage\":\"es\",\"potentialAction\":[{\"@type\":\"ReadAction\",\"target\":[\"https:\/\/oceansignal.com\/es\/products\/ais-ata100\/\"]}]},{\"@type\":\"ImageObject\",\"inLanguage\":\"es\",\"@id\":\"https:\/\/oceansignal.com\/es\/products\/ais-ata100\/#primaryimage\",\"url\":\"https:\/\/oceansignal.com\/wp-content\/uploads\/2023\/09\/ATA100-cover_RGB-976x1024-1.jpg\",\"contentUrl\":\"https:\/\/oceansignal.com\/wp-content\/uploads\/2023\/09\/ATA100-cover_RGB-976x1024-1.jpg\",\"width\":976,\"height\":1024},{\"@type\":\"BreadcrumbList\",\"@id\":\"https:\/\/oceansignal.com\/es\/products\/ais-ata100\/#breadcrumb\",\"itemListElement\":[{\"@type\":\"ListItem\",\"position\":1,\"name\":\"Tienda\",\"item\":\"https:\/\/oceansignal.com\/es\/tienda\/\"},{\"@type\":\"ListItem\",\"position\":2,\"name\":\"AIS ATA100\"}]},{\"@type\":\"WebSite\",\"@id\":\"https:\/\/oceansignal.com\/es\/#website\",\"url\":\"https:\/\/oceansignal.com\/es\/\",\"name\":\"Ocean Signal\",\"description\":\"A leading manufacturer of EPIRBs, AIS, SARTs, Personal Locator Beacons, Man Overboard Beacon for the Marine and Outdoor Markets.\",\"potentialAction\":[{\"@type\":\"SearchAction\",\"target\":{\"@type\":\"EntryPoint\",\"urlTemplate\":\"https:\/\/oceansignal.com\/es\/?s={search_term_string}\"},\"query-input\":{\"@type\":\"PropertyValueSpecification\",\"valueRequired\":true,\"valueName\":\"search_term_string\"}}],\"inLanguage\":\"es\"}]}<\/script>\n<!-- \/ Yoast SEO Premium plugin. -->","yoast_head_json":{"title":"AIS ATA100 - Ocean Signal","description":"Ocean Signal Class A AIS ATA100: Seguimiento y monitoreo avanzados para la seguridad de los buques. Equipo mar\u00edtimo esencial. \u00a1Compre ahora para una mayor seguridad a bordo!","robots":{"index":"index","follow":"follow","max-snippet":"max-snippet:-1","max-image-preview":"max-image-preview:large","max-video-preview":"max-video-preview:-1"},"canonical":"https:\/\/oceansignal.com\/es\/products\/ais-ata100\/","og_locale":"es_ES","og_type":"article","og_title":"AIS ATA100","og_description":"Ocean Signal Class A AIS ATA100: Seguimiento y monitoreo avanzados para la seguridad de los buques. Equipo mar\u00edtimo esencial. \u00a1Compre ahora para una mayor seguridad a bordo!","og_url":"https:\/\/oceansignal.com\/es\/products\/ais-ata100\/","og_site_name":"Ocean Signal","article_modified_time":"2025-03-06T13:20:03+00:00","og_image":[{"width":976,"height":1024,"url":"https:\/\/oceansignal.com\/wp-content\/uploads\/2023\/09\/ATA100-cover_RGB-976x1024-1.jpg","type":"image\/jpeg"}],"twitter_card":"summary_large_image","twitter_misc":{"Tiempo de lectura":"2 minutos"},"schema":{"@context":"https:\/\/schema.org","@graph":[{"@type":"WebPage","@id":"https:\/\/oceansignal.com\/es\/products\/ais-ata100\/","url":"https:\/\/oceansignal.com\/es\/products\/ais-ata100\/","name":"AIS ATA100 - Ocean Signal","isPartOf":{"@id":"https:\/\/oceansignal.com\/es\/#website"},"primaryImageOfPage":{"@id":"https:\/\/oceansignal.com\/es\/products\/ais-ata100\/#primaryimage"},"image":{"@id":"https:\/\/oceansignal.com\/es\/products\/ais-ata100\/#primaryimage"},"thumbnailUrl":"https:\/\/oceansignal.com\/wp-content\/uploads\/2023\/09\/ATA100-cover_RGB-976x1024-1.jpg","datePublished":"2023-09-08T11:21:17+00:00","dateModified":"2025-03-06T13:20:03+00:00","description":"Ocean Signal Class A AIS ATA100: Seguimiento y monitoreo avanzados para la seguridad de los buques. Equipo mar\u00edtimo esencial. \u00a1Compre ahora para una mayor seguridad a bordo!","breadcrumb":{"@id":"https:\/\/oceansignal.com\/es\/products\/ais-ata100\/#breadcrumb"},"inLanguage":"es","potentialAction":[{"@type":"ReadAction","target":["https:\/\/oceansignal.com\/es\/products\/ais-ata100\/"]}]},{"@type":"ImageObject","inLanguage":"es","@id":"https:\/\/oceansignal.com\/es\/products\/ais-ata100\/#primaryimage","url":"https:\/\/oceansignal.com\/wp-content\/uploads\/2023\/09\/ATA100-cover_RGB-976x1024-1.jpg","contentUrl":"https:\/\/oceansignal.com\/wp-content\/uploads\/2023\/09\/ATA100-cover_RGB-976x1024-1.jpg","width":976,"height":1024},{"@type":"BreadcrumbList","@id":"https:\/\/oceansignal.com\/es\/products\/ais-ata100\/#breadcrumb","itemListElement":[{"@type":"ListItem","position":1,"name":"Tienda","item":"https:\/\/oceansignal.com\/es\/tienda\/"},{"@type":"ListItem","position":2,"name":"AIS ATA100"}]},{"@type":"WebSite","@id":"https:\/\/oceansignal.com\/es\/#website","url":"https:\/\/oceansignal.com\/es\/","name":"Ocean Signal","description":"A leading manufacturer of EPIRBs, AIS, SARTs, Personal Locator Beacons, Man Overboard Beacon for the Marine and Outdoor Markets.","potentialAction":[{"@type":"SearchAction","target":{"@type":"EntryPoint","urlTemplate":"https:\/\/oceansignal.com\/es\/?s={search_term_string}"},"query-input":{"@type":"PropertyValueSpecification","valueRequired":true,"valueName":"search_term_string"}}],"inLanguage":"es"}]}},"_links":{"self":[{"href":"https:\/\/oceansignal.com\/es\/wp-json\/wp\/v2\/product\/7060","targetHints":{"allow":["GET"]}}],"collection":[{"href":"https:\/\/oceansignal.com\/es\/wp-json\/wp\/v2\/product"}],"about":[{"href":"https:\/\/oceansignal.com\/es\/wp-json\/wp\/v2\/types\/product"}],"wp:featuredmedia":[{"embeddable":true,"href":"https:\/\/oceansignal.com\/es\/wp-json\/wp\/v2\/media\/5774"}],"wp:attachment":[{"href":"https:\/\/oceansignal.com\/es\/wp-json\/wp\/v2\/media?parent=7060"}],"wp:term":[{"taxonomy":"product_brand","embeddable":true,"href":"https:\/\/oceansignal.com\/es\/wp-json\/wp\/v2\/product_brand?post=7060"},{"taxonomy":"product_cat","embeddable":true,"href":"https:\/\/oceansignal.com\/es\/wp-json\/wp\/v2\/product_cat?post=7060"},{"taxonomy":"product_tag","embeddable":true,"href":"https:\/\/oceansignal.com\/es\/wp-json\/wp\/v2\/product_tag?post=7060"}],"curies":[{"name":"wp","href":"https:\/\/api.w.org\/{rel}","templated":true}]}}