{"id":7306,"date":"2023-09-08T13:06:06","date_gmt":"2023-09-08T13:06:06","guid":{"rendered":"https:\/\/oceansignal.com\/products\/m100-m100x\/"},"modified":"2026-02-25T13:50:40","modified_gmt":"2026-02-25T13:50:40","slug":"m100-m100x","status":"publish","type":"product","link":"https:\/\/oceansignal.com\/es\/products\/m100-m100x\/","title":{"rendered":"M100\/M100X"},"content":{"rendered":"<p class=\"ai-optimize-36 ai-optimize-introduction\">El GPS integrado de 66 canales garantiza que se proporcione una actualizaci\u00f3n de posici\u00f3n cada minuto a trav\u00e9s de AIS. La diferencia entre el Ocean Signal M100 y el M100X es que el M100X est\u00e1 dise\u00f1ado para cumplir con la directiva europea ATEX y cuenta con la aprobaci\u00f3n IECEx para su uso en atm\u00f3sferas explosivas de la zona 2. <\/p>\n<p class=\"ai-optimize-37\">\u00bfQuieres un MOB con 406 MHz? Echa un vistazo al nuevo <a href=\"https:\/\/oceansignal.com\/products\/rescueme-plb3-ais-plb\/\">rescueME PLB3<\/a> <\/p>\n<p class=\"ai-optimize-38\"><em>La siguiente declaraci\u00f3n es solo para clientes de EE. UU.: Este dispositivo no ha sido autorizado seg\u00fan lo exigen las normas de la Comisi\u00f3n Federal de Comunicaciones. Este dispositivo no se ofrece, ni puede ofrecerse, para la venta o el alquiler, ni venderse ni alquilarse, hasta que se obtenga la autorizaci\u00f3n. <\/em><\/p>\n<p>&nbsp;<\/p>\n<p class=\"ai-optimize-46\"><strong>Integraci\u00f3n de chalecos salvavidas<\/strong><\/p>\n<p class=\"ai-optimize-47\">El safeSEA M100 AIS puede activarse manual o autom\u00e1ticamente al instalarse en un chaleco salvavidas inflable de inflado autom\u00e1tico. La instalaci\u00f3n es sencilla gracias a la pinza para el tubo de inflado oral incluida, que fija el M100 al chaleco salvavidas junto con la cinta de activaci\u00f3n que rodea la c\u00e1mara del chaleco**. Una vez instalado correctamente, el inflado de la c\u00e1mara del chaleco activa la antena y la baliza.  <\/p>\n<p class=\"ai-optimize-48\">*La funcionalidad DSC est\u00e1 sujeta a las regulaciones del pa\u00eds.<\/p>\n<p class=\"ai-optimize-49\"><strong>** <i data-olk-copy-source=\"MailCompose\">Se recomienda consultar al fabricante del chaleco salvavidas antes de la instalaci\u00f3n, ya que modelos espec\u00edficos pueden tener su propio m\u00e9todo de ajuste preferido o recomendaciones de integraci\u00f3n.<\/i><\/strong><\/p>\n<p>&nbsp;<\/p>\n<p>&nbsp;<\/p>\n","protected":false},"excerpt":{"rendered":"<p>El dispositivo de localizaci\u00f3n de supervivientes mar\u00edtimos M100 y M100X Ocean Signal ha sido dise\u00f1ado para satisfacer las necesidades del mercado mar\u00edtimo profesional y de sus trabajadores en alta mar. El M100 y el M100X se pueden colocar en un chaleco salvavidas* y se activan autom\u00e1ticamente al inflar el chaleco. Una vez activados, el M100 y el M100X transmiten una alerta a todos los receptores AIS y a los plotters habilitados para AIS que se encuentren en las inmediaciones. El M100 y el M100X tambi\u00e9n transmiten una se\u00f1al de localizaci\u00f3n de 121,5 MHz adem\u00e1s del AIS.   <\/p>\n<p><strong>NOTA:<\/strong> La normativa ECC\/DEC\/(22)02, tambi\u00e9n conocida como la normativa AIS Clase M, ha sido implementada en varios pa\u00edses europeos. La importancia de la implementaci\u00f3n de esta normativa para los actuales propietarios de M100\/M100X radica en que las balizas M100\/M100X ya no podr\u00e1n utilizarse en los pa\u00edses que la han implementado. <u><a id=\"OWA2977fb01-e554-25c9-9cd1-9f900cdee827\" class=\"OWAAutoLink\" title=\"https:\/\/docdb.cept.org\/implementation\/28560\" href=\"https:\/\/nam11.safelinks.protection.outlook.com\/?url=https%3A%2F%2Fdocdb.cept.org%2Fimplementation%2F28560&amp;data=05%7C02%7CShawn.Pariaug%40acrartex.com%7Cfac5ae1571d7439f772608de6eeddfec%7Ce41f30dccabc4c87b052e2df2064afce%7C0%7C0%7C639070165436538226%7CUnknown%7CTWFpbGZsb3d8eyJFbXB0eU1hcGkiOnRydWUsIlYiOiIwLjAuMDAwMCIsIlAiOiJXaW4zMiIsIkFOIjoiTWFpbCIsIldUIjoyfQ%3D%3D%7C0%7C%7C%7C&amp;sdata=lN5EEnoNasBM5aShoSlvMT1BCE61no1Ff9nSDKwp0Ko%3D&amp;reserved=0\" data-auth=\"NotApplicable\">Haga clic aqu\u00ed<\/a><\/u> para acceder a una lista de pa\u00edses europeos donde se ha implementado la normativa ECC\/DEC\/(22)02. Es importante destacar que la restricci\u00f3n del uso de la M100\/M100X en determinados pa\u00edses europeos no se debe a defectos del producto, sino a cambios en la normativa iniciados por un organismo regulador independiente.  <\/p>\n<p>&nbsp;<\/p>\n<p><span style=\"color: #c22f2f;\"><em>* Consulte siempre al fabricante para obtener instrucciones espec\u00edficas antes de instalar este producto directamente en su chaleco salvavidas.<\/em><\/span><\/p>\n","protected":false},"featured_media":12493,"template":"","meta":{"_acf_changed":false,"om_disable_all_campaigns":false},"product_brand":[],"product_cat":[393],"product_tag":[980],"class_list":{"0":"post-7306","1":"product","2":"type-product","3":"status-publish","4":"has-post-thumbnail","6":"product_cat-professional-es","7":"product_tag-m100-es","9":"first","10":"outofstock","11":"taxable","12":"shipping-taxable","13":"product-type-simple"},"acf":[],"yoast_head":"<!-- This site is optimized with the Yoast SEO Premium plugin v25.2 (Yoast SEO v26.4) - https:\/\/yoast.com\/wordpress\/plugins\/seo\/ -->\n<title>M100\/M100X - Ocean Signal<\/title>\n<meta name=\"description\" content=\"Ocean Signal M100 y M100X AIS y radiobaliza de hombre al agua 121,5: MOB comerciales fiables para rescates r\u00e1pidos. Dispositivos esenciales de seguridad mar\u00edtima.\" \/>\n<meta name=\"robots\" content=\"index, follow, max-snippet:-1, max-image-preview:large, max-video-preview:-1\" \/>\n<link rel=\"canonical\" href=\"https:\/\/oceansignal.com\/es\/products\/m100-m100x\/\" \/>\n<meta property=\"og:locale\" content=\"es_ES\" \/>\n<meta property=\"og:type\" content=\"article\" \/>\n<meta property=\"og:title\" content=\"M100\/M100X\" \/>\n<meta property=\"og:description\" content=\"Ocean Signal M100 y M100X AIS y radiobaliza de hombre al agua 121,5: MOB comerciales fiables para rescates r\u00e1pidos. Dispositivos esenciales de seguridad mar\u00edtima.\" \/>\n<meta property=\"og:url\" content=\"https:\/\/oceansignal.com\/es\/products\/m100-m100x\/\" \/>\n<meta property=\"og:site_name\" content=\"Ocean Signal\" \/>\n<meta property=\"article:modified_time\" content=\"2026-02-25T13:50:40+00:00\" \/>\n<meta property=\"og:image\" content=\"https:\/\/oceansignal.com\/wp-content\/uploads\/2023\/09\/M100-Front.png\" \/>\n\t<meta property=\"og:image:width\" content=\"800\" \/>\n\t<meta property=\"og:image:height\" content=\"800\" \/>\n\t<meta property=\"og:image:type\" content=\"image\/png\" \/>\n<meta name=\"twitter:card\" content=\"summary_large_image\" \/>\n<meta name=\"twitter:label1\" content=\"Tiempo de lectura\" \/>\n\t<meta name=\"twitter:data1\" content=\"1 minuto\" \/>\n<script type=\"application\/ld+json\" class=\"yoast-schema-graph\">{\"@context\":\"https:\/\/schema.org\",\"@graph\":[{\"@type\":\"WebPage\",\"@id\":\"https:\/\/oceansignal.com\/es\/products\/m100-m100x\/\",\"url\":\"https:\/\/oceansignal.com\/es\/products\/m100-m100x\/\",\"name\":\"M100\/M100X - Ocean Signal\",\"isPartOf\":{\"@id\":\"https:\/\/oceansignal.com\/es\/#website\"},\"primaryImageOfPage\":{\"@id\":\"https:\/\/oceansignal.com\/es\/products\/m100-m100x\/#primaryimage\"},\"image\":{\"@id\":\"https:\/\/oceansignal.com\/es\/products\/m100-m100x\/#primaryimage\"},\"thumbnailUrl\":\"https:\/\/oceansignal.com\/wp-content\/uploads\/2023\/09\/M100-Front.png\",\"datePublished\":\"2023-09-08T13:06:06+00:00\",\"dateModified\":\"2026-02-25T13:50:40+00:00\",\"description\":\"Ocean Signal M100 y M100X AIS y radiobaliza de hombre al agua 121,5: MOB comerciales fiables para rescates r\u00e1pidos. Dispositivos esenciales de seguridad mar\u00edtima.\",\"breadcrumb\":{\"@id\":\"https:\/\/oceansignal.com\/es\/products\/m100-m100x\/#breadcrumb\"},\"inLanguage\":\"es\",\"potentialAction\":[{\"@type\":\"ReadAction\",\"target\":[\"https:\/\/oceansignal.com\/es\/products\/m100-m100x\/\"]}]},{\"@type\":\"ImageObject\",\"inLanguage\":\"es\",\"@id\":\"https:\/\/oceansignal.com\/es\/products\/m100-m100x\/#primaryimage\",\"url\":\"https:\/\/oceansignal.com\/wp-content\/uploads\/2023\/09\/M100-Front.png\",\"contentUrl\":\"https:\/\/oceansignal.com\/wp-content\/uploads\/2023\/09\/M100-Front.png\",\"width\":800,\"height\":800},{\"@type\":\"BreadcrumbList\",\"@id\":\"https:\/\/oceansignal.com\/es\/products\/m100-m100x\/#breadcrumb\",\"itemListElement\":[{\"@type\":\"ListItem\",\"position\":1,\"name\":\"Tienda\",\"item\":\"https:\/\/oceansignal.com\/es\/tienda\/\"},{\"@type\":\"ListItem\",\"position\":2,\"name\":\"M100\/M100X\"}]},{\"@type\":\"WebSite\",\"@id\":\"https:\/\/oceansignal.com\/es\/#website\",\"url\":\"https:\/\/oceansignal.com\/es\/\",\"name\":\"Ocean Signal\",\"description\":\"A leading manufacturer of EPIRBs, AIS, SARTs, Personal Locator Beacons, Man Overboard Beacon for the Marine and Outdoor Markets.\",\"potentialAction\":[{\"@type\":\"SearchAction\",\"target\":{\"@type\":\"EntryPoint\",\"urlTemplate\":\"https:\/\/oceansignal.com\/es\/?s={search_term_string}\"},\"query-input\":{\"@type\":\"PropertyValueSpecification\",\"valueRequired\":true,\"valueName\":\"search_term_string\"}}],\"inLanguage\":\"es\"}]}<\/script>\n<!-- \/ Yoast SEO Premium plugin. -->","yoast_head_json":{"title":"M100\/M100X - Ocean Signal","description":"Ocean Signal M100 y M100X AIS y radiobaliza de hombre al agua 121,5: MOB comerciales fiables para rescates r\u00e1pidos. Dispositivos esenciales de seguridad mar\u00edtima.","robots":{"index":"index","follow":"follow","max-snippet":"max-snippet:-1","max-image-preview":"max-image-preview:large","max-video-preview":"max-video-preview:-1"},"canonical":"https:\/\/oceansignal.com\/es\/products\/m100-m100x\/","og_locale":"es_ES","og_type":"article","og_title":"M100\/M100X","og_description":"Ocean Signal M100 y M100X AIS y radiobaliza de hombre al agua 121,5: MOB comerciales fiables para rescates r\u00e1pidos. Dispositivos esenciales de seguridad mar\u00edtima.","og_url":"https:\/\/oceansignal.com\/es\/products\/m100-m100x\/","og_site_name":"Ocean Signal","article_modified_time":"2026-02-25T13:50:40+00:00","og_image":[{"width":800,"height":800,"url":"https:\/\/oceansignal.com\/wp-content\/uploads\/2023\/09\/M100-Front.png","type":"image\/png"}],"twitter_card":"summary_large_image","twitter_misc":{"Tiempo de lectura":"1 minuto"},"schema":{"@context":"https:\/\/schema.org","@graph":[{"@type":"WebPage","@id":"https:\/\/oceansignal.com\/es\/products\/m100-m100x\/","url":"https:\/\/oceansignal.com\/es\/products\/m100-m100x\/","name":"M100\/M100X - Ocean Signal","isPartOf":{"@id":"https:\/\/oceansignal.com\/es\/#website"},"primaryImageOfPage":{"@id":"https:\/\/oceansignal.com\/es\/products\/m100-m100x\/#primaryimage"},"image":{"@id":"https:\/\/oceansignal.com\/es\/products\/m100-m100x\/#primaryimage"},"thumbnailUrl":"https:\/\/oceansignal.com\/wp-content\/uploads\/2023\/09\/M100-Front.png","datePublished":"2023-09-08T13:06:06+00:00","dateModified":"2026-02-25T13:50:40+00:00","description":"Ocean Signal M100 y M100X AIS y radiobaliza de hombre al agua 121,5: MOB comerciales fiables para rescates r\u00e1pidos. Dispositivos esenciales de seguridad mar\u00edtima.","breadcrumb":{"@id":"https:\/\/oceansignal.com\/es\/products\/m100-m100x\/#breadcrumb"},"inLanguage":"es","potentialAction":[{"@type":"ReadAction","target":["https:\/\/oceansignal.com\/es\/products\/m100-m100x\/"]}]},{"@type":"ImageObject","inLanguage":"es","@id":"https:\/\/oceansignal.com\/es\/products\/m100-m100x\/#primaryimage","url":"https:\/\/oceansignal.com\/wp-content\/uploads\/2023\/09\/M100-Front.png","contentUrl":"https:\/\/oceansignal.com\/wp-content\/uploads\/2023\/09\/M100-Front.png","width":800,"height":800},{"@type":"BreadcrumbList","@id":"https:\/\/oceansignal.com\/es\/products\/m100-m100x\/#breadcrumb","itemListElement":[{"@type":"ListItem","position":1,"name":"Tienda","item":"https:\/\/oceansignal.com\/es\/tienda\/"},{"@type":"ListItem","position":2,"name":"M100\/M100X"}]},{"@type":"WebSite","@id":"https:\/\/oceansignal.com\/es\/#website","url":"https:\/\/oceansignal.com\/es\/","name":"Ocean Signal","description":"A leading manufacturer of EPIRBs, AIS, SARTs, Personal Locator Beacons, Man Overboard Beacon for the Marine and Outdoor Markets.","potentialAction":[{"@type":"SearchAction","target":{"@type":"EntryPoint","urlTemplate":"https:\/\/oceansignal.com\/es\/?s={search_term_string}"},"query-input":{"@type":"PropertyValueSpecification","valueRequired":true,"valueName":"search_term_string"}}],"inLanguage":"es"}]}},"_links":{"self":[{"href":"https:\/\/oceansignal.com\/es\/wp-json\/wp\/v2\/product\/7306","targetHints":{"allow":["GET"]}}],"collection":[{"href":"https:\/\/oceansignal.com\/es\/wp-json\/wp\/v2\/product"}],"about":[{"href":"https:\/\/oceansignal.com\/es\/wp-json\/wp\/v2\/types\/product"}],"wp:featuredmedia":[{"embeddable":true,"href":"https:\/\/oceansignal.com\/es\/wp-json\/wp\/v2\/media\/12493"}],"wp:attachment":[{"href":"https:\/\/oceansignal.com\/es\/wp-json\/wp\/v2\/media?parent=7306"}],"wp:term":[{"taxonomy":"product_brand","embeddable":true,"href":"https:\/\/oceansignal.com\/es\/wp-json\/wp\/v2\/product_brand?post=7306"},{"taxonomy":"product_cat","embeddable":true,"href":"https:\/\/oceansignal.com\/es\/wp-json\/wp\/v2\/product_cat?post=7306"},{"taxonomy":"product_tag","embeddable":true,"href":"https:\/\/oceansignal.com\/es\/wp-json\/wp\/v2\/product_tag?post=7306"}],"curies":[{"name":"wp","href":"https:\/\/api.w.org\/{rel}","templated":true}]}}