{"id":7490,"date":"2023-09-08T13:27:28","date_gmt":"2023-09-08T13:27:28","guid":{"rendered":"https:\/\/oceansignal.com\/products\/e101v\/"},"modified":"2025-03-06T13:23:04","modified_gmt":"2025-03-06T13:23:04","slug":"e101v","status":"publish","type":"product","link":"https:\/\/oceansignal.com\/es\/products\/e101v\/","title":{"rendered":"E101V"},"content":{"rendered":"<div class=\"flex-1 overflow-hidden\">\n<div class=\"react-scroll-to-bottom--css-zrcmn-79elbk h-full\">\n<div class=\"react-scroll-to-bottom--css-zrcmn-1n7m0yu\">\n<div class=\"flex flex-col text-sm pb-9\">\n<div class=\"w-full text-token-text-primary\" data-testid=\"conversation-turn-15\">\n<div class=\"px-4 py-2 justify-center text-base md:gap-6 m-auto\">\n<div class=\"flex flex-1 text-base mx-auto gap-3 md:px-5 lg:px-1 xl:px-5 md:max-w-3xl lg:max-w-[40rem] xl:max-w-[48rem] group final-completion\">\n<div class=\"relative flex w-full flex-col agent-turn\">\n<div class=\"flex-col gap-1 md:gap-3\">\n<div class=\"flex flex-grow flex-col max-w-full\">\n<div class=\"min-h-[20px] text-message flex flex-col items-start gap-3 whitespace-pre-wrap break-words [.text-message+&amp;]:mt-5 overflow-x-auto\" data-message-author-role=\"assistant\" data-message-id=\"4b317025-e2b7-4139-8616-da7404b62033\">\n<div class=\"markdown prose w-full break-words dark:prose-invert light\">\n<p>Presentamos el registrador de datos de viaje E101V Ocean Signal , una soluci\u00f3n de seguridad mar\u00edtima de vanguardia dise\u00f1ada para mejorar el monitoreo de embarcaciones y las capacidades de respuesta ante emergencias. Este dispositivo de \u00faltima generaci\u00f3n funciona con los confiables <a href=\"https:\/\/www.cospas-sarsat.int\/en\/\">sat\u00e9lites Cospas Sarsat<\/a> de 406 MHz, lo que garantiza una se\u00f1alizaci\u00f3n de socorro instant\u00e1nea en caso de una emergencia en el mar. Con su funcionalidad avanzada de registro de datos, el E101V permite un monitoreo integral de datos cruciales del viaje, incluida la ubicaci\u00f3n, la velocidad y el rumbo de la embarcaci\u00f3n.  <\/p>\n<\/div>\n<\/div>\n<\/div>\n<\/div>\n<\/div>\n<\/div>\n<\/div>\n<\/div>\n<\/div>\n<\/div>\n<\/div>\n<\/div>\n<p>El E101V incorpora el formato de memoria requerido de 64 GB en una <a href=\"https:\/\/oceansignal.com\/es\/products\/safesea-epirb3-pro\/\">EPIRB<\/a> liviana y compacta que, cuando se activa, transmitir\u00e1 datos de posici\u00f3n de manera continua durante m\u00e1s de 168 horas.<\/p>\n<p>&nbsp;<\/p>\n<p>El Ocean Signal E101V est\u00e1 disponible como OEM para fabricantes y proveedores de VDR seleccionados para su integraci\u00f3n con sus propios sistemas VDR.<\/p>\n<p>&nbsp;<\/p>\n<p>&nbsp;<\/p>\n","protected":false},"excerpt":{"rendered":"<p>Radiobaliza de posici\u00f3n de emergencia E101V Cospas Sarsat y aprobada por MED que incorpora una c\u00e1psula de memoria para la grabaci\u00f3n de datos de viaje, tal como lo exige la Resoluci\u00f3n MSC.333(90) de la OMI.<\/p>\n<p>&nbsp;<\/p>\n<p><strong><em>El E101V es un producto OEM \u00fanicamente. Los fabricantes de VDR interesados deben comunicarse directamente con Ocean Signal para obtener m\u00e1s informaci\u00f3n. <\/em><\/strong><\/p>\n<p>&nbsp;<\/p>\n<p>&nbsp;<\/p>\n","protected":false},"featured_media":5878,"template":"","meta":{"_acf_changed":false,"om_disable_all_campaigns":false},"product_brand":[],"product_cat":[352],"product_tag":[],"class_list":{"0":"post-7490","1":"product","2":"type-product","3":"status-publish","4":"has-post-thumbnail","6":"product_cat-terminado","8":"first","9":"instock","10":"taxable","11":"shipping-taxable","12":"product-type-simple"},"acf":[],"yoast_head":"<!-- This site is optimized with the Yoast SEO Premium plugin v25.2 (Yoast SEO v26.4) - https:\/\/yoast.com\/wordpress\/plugins\/seo\/ -->\n<title>E101V - Ocean Signal<\/title>\n<meta name=\"description\" content=\"Ocean Signal E101V VDR: Registro de datos mar\u00edtimos esencial para la seguridad de los buques. Mejora el seguimiento de los viajes y la respuesta ante emergencias.\" \/>\n<meta name=\"robots\" content=\"index, follow, max-snippet:-1, max-image-preview:large, max-video-preview:-1\" \/>\n<link rel=\"canonical\" href=\"https:\/\/oceansignal.com\/es\/products\/e101v\/\" \/>\n<meta property=\"og:locale\" content=\"es_ES\" \/>\n<meta property=\"og:type\" content=\"article\" \/>\n<meta property=\"og:title\" content=\"E101V\" \/>\n<meta property=\"og:description\" content=\"Ocean Signal E101V VDR: Registro de datos mar\u00edtimos esencial para la seguridad de los buques. Mejora el seguimiento de los viajes y la respuesta ante emergencias.\" \/>\n<meta property=\"og:url\" content=\"https:\/\/oceansignal.com\/es\/products\/e101v\/\" \/>\n<meta property=\"og:site_name\" content=\"Ocean Signal\" \/>\n<meta property=\"article:modified_time\" content=\"2025-03-06T13:23:04+00:00\" \/>\n<meta property=\"og:image\" content=\"https:\/\/oceansignal.com\/wp-content\/uploads\/2023\/09\/EPIRB-VDR-in-Housing-1-687x1024-1.jpg\" \/>\n\t<meta property=\"og:image:width\" content=\"687\" \/>\n\t<meta property=\"og:image:height\" content=\"1024\" \/>\n\t<meta property=\"og:image:type\" content=\"image\/jpeg\" \/>\n<meta name=\"twitter:card\" content=\"summary_large_image\" \/>\n<meta name=\"twitter:label1\" content=\"Tiempo de lectura\" \/>\n\t<meta name=\"twitter:data1\" content=\"1 minuto\" \/>\n<script type=\"application\/ld+json\" class=\"yoast-schema-graph\">{\"@context\":\"https:\/\/schema.org\",\"@graph\":[{\"@type\":\"WebPage\",\"@id\":\"https:\/\/oceansignal.com\/es\/products\/e101v\/\",\"url\":\"https:\/\/oceansignal.com\/es\/products\/e101v\/\",\"name\":\"E101V - Ocean Signal\",\"isPartOf\":{\"@id\":\"https:\/\/oceansignal.com\/es\/#website\"},\"primaryImageOfPage\":{\"@id\":\"https:\/\/oceansignal.com\/es\/products\/e101v\/#primaryimage\"},\"image\":{\"@id\":\"https:\/\/oceansignal.com\/es\/products\/e101v\/#primaryimage\"},\"thumbnailUrl\":\"https:\/\/oceansignal.com\/wp-content\/uploads\/2023\/09\/EPIRB-VDR-in-Housing-1-687x1024-1.jpg\",\"datePublished\":\"2023-09-08T13:27:28+00:00\",\"dateModified\":\"2025-03-06T13:23:04+00:00\",\"description\":\"Ocean Signal E101V VDR: Registro de datos mar\u00edtimos esencial para la seguridad de los buques. Mejora el seguimiento de los viajes y la respuesta ante emergencias.\",\"breadcrumb\":{\"@id\":\"https:\/\/oceansignal.com\/es\/products\/e101v\/#breadcrumb\"},\"inLanguage\":\"es\",\"potentialAction\":[{\"@type\":\"ReadAction\",\"target\":[\"https:\/\/oceansignal.com\/es\/products\/e101v\/\"]}]},{\"@type\":\"ImageObject\",\"inLanguage\":\"es\",\"@id\":\"https:\/\/oceansignal.com\/es\/products\/e101v\/#primaryimage\",\"url\":\"https:\/\/oceansignal.com\/wp-content\/uploads\/2023\/09\/EPIRB-VDR-in-Housing-1-687x1024-1.jpg\",\"contentUrl\":\"https:\/\/oceansignal.com\/wp-content\/uploads\/2023\/09\/EPIRB-VDR-in-Housing-1-687x1024-1.jpg\",\"width\":687,\"height\":1024,\"caption\":\"Registrador de datos de viaje Ocean Signal E101V de 406 MHz que utiliza Cospas-Sarsat\"},{\"@type\":\"BreadcrumbList\",\"@id\":\"https:\/\/oceansignal.com\/es\/products\/e101v\/#breadcrumb\",\"itemListElement\":[{\"@type\":\"ListItem\",\"position\":1,\"name\":\"Tienda\",\"item\":\"https:\/\/oceansignal.com\/es\/tienda\/\"},{\"@type\":\"ListItem\",\"position\":2,\"name\":\"E101V\"}]},{\"@type\":\"WebSite\",\"@id\":\"https:\/\/oceansignal.com\/es\/#website\",\"url\":\"https:\/\/oceansignal.com\/es\/\",\"name\":\"Ocean Signal\",\"description\":\"A leading manufacturer of EPIRBs, AIS, SARTs, Personal Locator Beacons, Man Overboard Beacon for the Marine and Outdoor Markets.\",\"potentialAction\":[{\"@type\":\"SearchAction\",\"target\":{\"@type\":\"EntryPoint\",\"urlTemplate\":\"https:\/\/oceansignal.com\/es\/?s={search_term_string}\"},\"query-input\":{\"@type\":\"PropertyValueSpecification\",\"valueRequired\":true,\"valueName\":\"search_term_string\"}}],\"inLanguage\":\"es\"}]}<\/script>\n<!-- \/ Yoast SEO Premium plugin. -->","yoast_head_json":{"title":"E101V - Ocean Signal","description":"Ocean Signal E101V VDR: Registro de datos mar\u00edtimos esencial para la seguridad de los buques. Mejora el seguimiento de los viajes y la respuesta ante emergencias.","robots":{"index":"index","follow":"follow","max-snippet":"max-snippet:-1","max-image-preview":"max-image-preview:large","max-video-preview":"max-video-preview:-1"},"canonical":"https:\/\/oceansignal.com\/es\/products\/e101v\/","og_locale":"es_ES","og_type":"article","og_title":"E101V","og_description":"Ocean Signal E101V VDR: Registro de datos mar\u00edtimos esencial para la seguridad de los buques. Mejora el seguimiento de los viajes y la respuesta ante emergencias.","og_url":"https:\/\/oceansignal.com\/es\/products\/e101v\/","og_site_name":"Ocean Signal","article_modified_time":"2025-03-06T13:23:04+00:00","og_image":[{"width":687,"height":1024,"url":"https:\/\/oceansignal.com\/wp-content\/uploads\/2023\/09\/EPIRB-VDR-in-Housing-1-687x1024-1.jpg","type":"image\/jpeg"}],"twitter_card":"summary_large_image","twitter_misc":{"Tiempo de lectura":"1 minuto"},"schema":{"@context":"https:\/\/schema.org","@graph":[{"@type":"WebPage","@id":"https:\/\/oceansignal.com\/es\/products\/e101v\/","url":"https:\/\/oceansignal.com\/es\/products\/e101v\/","name":"E101V - Ocean Signal","isPartOf":{"@id":"https:\/\/oceansignal.com\/es\/#website"},"primaryImageOfPage":{"@id":"https:\/\/oceansignal.com\/es\/products\/e101v\/#primaryimage"},"image":{"@id":"https:\/\/oceansignal.com\/es\/products\/e101v\/#primaryimage"},"thumbnailUrl":"https:\/\/oceansignal.com\/wp-content\/uploads\/2023\/09\/EPIRB-VDR-in-Housing-1-687x1024-1.jpg","datePublished":"2023-09-08T13:27:28+00:00","dateModified":"2025-03-06T13:23:04+00:00","description":"Ocean Signal E101V VDR: Registro de datos mar\u00edtimos esencial para la seguridad de los buques. Mejora el seguimiento de los viajes y la respuesta ante emergencias.","breadcrumb":{"@id":"https:\/\/oceansignal.com\/es\/products\/e101v\/#breadcrumb"},"inLanguage":"es","potentialAction":[{"@type":"ReadAction","target":["https:\/\/oceansignal.com\/es\/products\/e101v\/"]}]},{"@type":"ImageObject","inLanguage":"es","@id":"https:\/\/oceansignal.com\/es\/products\/e101v\/#primaryimage","url":"https:\/\/oceansignal.com\/wp-content\/uploads\/2023\/09\/EPIRB-VDR-in-Housing-1-687x1024-1.jpg","contentUrl":"https:\/\/oceansignal.com\/wp-content\/uploads\/2023\/09\/EPIRB-VDR-in-Housing-1-687x1024-1.jpg","width":687,"height":1024,"caption":"Registrador de datos de viaje Ocean Signal E101V de 406 MHz que utiliza Cospas-Sarsat"},{"@type":"BreadcrumbList","@id":"https:\/\/oceansignal.com\/es\/products\/e101v\/#breadcrumb","itemListElement":[{"@type":"ListItem","position":1,"name":"Tienda","item":"https:\/\/oceansignal.com\/es\/tienda\/"},{"@type":"ListItem","position":2,"name":"E101V"}]},{"@type":"WebSite","@id":"https:\/\/oceansignal.com\/es\/#website","url":"https:\/\/oceansignal.com\/es\/","name":"Ocean Signal","description":"A leading manufacturer of EPIRBs, AIS, SARTs, Personal Locator Beacons, Man Overboard Beacon for the Marine and Outdoor Markets.","potentialAction":[{"@type":"SearchAction","target":{"@type":"EntryPoint","urlTemplate":"https:\/\/oceansignal.com\/es\/?s={search_term_string}"},"query-input":{"@type":"PropertyValueSpecification","valueRequired":true,"valueName":"search_term_string"}}],"inLanguage":"es"}]}},"_links":{"self":[{"href":"https:\/\/oceansignal.com\/es\/wp-json\/wp\/v2\/product\/7490","targetHints":{"allow":["GET"]}}],"collection":[{"href":"https:\/\/oceansignal.com\/es\/wp-json\/wp\/v2\/product"}],"about":[{"href":"https:\/\/oceansignal.com\/es\/wp-json\/wp\/v2\/types\/product"}],"wp:featuredmedia":[{"embeddable":true,"href":"https:\/\/oceansignal.com\/es\/wp-json\/wp\/v2\/media\/5878"}],"wp:attachment":[{"href":"https:\/\/oceansignal.com\/es\/wp-json\/wp\/v2\/media?parent=7490"}],"wp:term":[{"taxonomy":"product_brand","embeddable":true,"href":"https:\/\/oceansignal.com\/es\/wp-json\/wp\/v2\/product_brand?post=7490"},{"taxonomy":"product_cat","embeddable":true,"href":"https:\/\/oceansignal.com\/es\/wp-json\/wp\/v2\/product_cat?post=7490"},{"taxonomy":"product_tag","embeddable":true,"href":"https:\/\/oceansignal.com\/es\/wp-json\/wp\/v2\/product_tag?post=7490"}],"curies":[{"name":"wp","href":"https:\/\/api.w.org\/{rel}","templated":true}]}}