{"id":7735,"date":"2023-07-11T19:29:27","date_gmt":"2023-07-11T19:29:27","guid":{"rendered":"https:\/\/oceansignal.com\/products\/safesea-epirb3-pro\/"},"modified":"2026-01-21T19:52:26","modified_gmt":"2026-01-21T19:52:26","slug":"safesea-epirb3-pro","status":"publish","type":"product","link":"https:\/\/oceansignal.com\/es\/products\/safesea-epirb3-pro\/","title":{"rendered":"safeSEA EPIRB3 Pro"},"content":{"rendered":"<p>Resumen:<\/p>\n<p>La nueva Ocean Signal EPIRB3 Pro es una radiobaliza de rescate global de 406 MHz con todas las funciones, un soporte flotante de liberaci\u00f3n autom\u00e1tica y un dise\u00f1o compacto y moderno que incorpora numerosas caracter\u00edsticas, incluyendo tecnolog\u00eda AIS. El AIS proporciona a los rescatistas locales informaci\u00f3n precisa y fiable sobre la posici\u00f3n actual de la radiobaliza, agilizando as\u00ed las operaciones de rescate. Adem\u00e1s, el Servicio de Enlace de Retorno (RLS) confirma la recepci\u00f3n de su mensaje de socorro. La funci\u00f3n de Comunicaci\u00f3n de Campo Cercano (NFC) permite usar una aplicaci\u00f3n para smartphones para monitorizar la bater\u00eda y otras funciones de la radiobaliza, garantizando su correcto funcionamiento. Con su dise\u00f1o estilizado y sus avanzadas caracter\u00edsticas, la EPIRB3 Pro es ideal para todo tipo de navegantes, ya sea navegando por el Mediterr\u00e1neo, navegando por el estrecho, pescando, trabajando o navegando en alta mar.    <\/p>\n<p>Blog sugerido: <a href=\"https:\/\/oceansignal.com\/es\/news\/que-es-una-radiobaliza-indicadora-de-posicion-de-emergencia-o-epirb\/\">\u00bfQu\u00e9 es un EPRIB?<\/a><\/p>\n<p>Descripci\u00f3n:<\/p>\n<p>La nueva radiobaliza EPIRB3 Pro (radiobaliza de posicionamiento de emergencia) de Ocean Signal aumenta la fiabilidad y facilita las operaciones de rescate con nuevas funciones avanzadas. Esta nueva radiobaliza transmite una se\u00f1al de socorro digital en 406 MHz, notificando a los rescatistas a nivel mundial v\u00eda sat\u00e9lite, y emite localmente se\u00f1ales VHF del Sistema de Identificaci\u00f3n Autom\u00e1tica (AIS) para que los rescatistas encuentren la radiobaliza m\u00e1s r\u00e1pidamente. Una vez activada, la EPIRB3 Pro transmite una se\u00f1al de emergencia al sistema global de rescate por sat\u00e9lite <a href=\"https:\/\/www.cospas-sarsat.int\/en\/\">Cospas-Sarsat<\/a> y, simult\u00e1neamente, env\u00eda una alerta AIS en frecuencias VHF, visible de inmediato para cualquier embarcaci\u00f3n cercana equipada con AIS. El Servicio de Enlace de Retorno (RLS) confirma visualmente la recepci\u00f3n de su mensaje de socorro. La combinaci\u00f3n de AIS, una se\u00f1al de localizaci\u00f3n de 121,5 MHz y luces estrobosc\u00f3picas visibles e infrarrojas acelera los tiempos de recuperaci\u00f3n, permitiendo a los rescatistas localizar la radiobaliza con precisi\u00f3n, incluso si se ha desviado, independientemente de la hora del d\u00eda o de la noche. La comunicaci\u00f3n de campo cercano (NFC) es una excelente caracter\u00edstica nueva que permite a los usuarios monitorear la EPIRB3 Pro usando una aplicaci\u00f3n gratuita para tel\u00e9fonos inteligentes, lo que garantiza que la bater\u00eda tenga suficiente energ\u00eda y que la baliza est\u00e9 funcionando correctamente antes de partir.     <\/p>\n<p>&nbsp;<\/p>\n<p>La tecnolog\u00eda avanzada de seguridad y rescate mar\u00edtimo de Ocean Signal en la nueva EPIRB3 Pro con AIS combina nuevas caracter\u00edsticas innovadoras en un estuche compacto y de dise\u00f1o ergon\u00f3mico que es ideal para todo tipo y tama\u00f1o de embarcaciones recreativas y comerciales.<\/p>\n<p>&nbsp;<\/p>\n<p><strong>Los tiempos de rescate pueden mejorar con la activaci\u00f3n global combinada con la transmisi\u00f3n de balizas locales AIS.<\/strong><\/p>\n<p>&nbsp;<\/p>\n<p>La EPIRB3 Pro utiliza las redes de posicionamiento GNSS (GPS, Galileo, Glonass) para obtener su ubicaci\u00f3n global. Al activarse la radiobaliza, una transmisi\u00f3n de socorro de 406 MHz retransmite la posici\u00f3n de la EPIRB GPS (GPIRB), con una precisi\u00f3n de 100 metros, a la red mundial de sat\u00e9lites de b\u00fasqueda y rescate Cospas-Sarsat. Las estaciones terrestres conectadas al sistema satelital reciben la identificaci\u00f3n de la EPIRB y la informaci\u00f3n de la posici\u00f3n de despliegue para que las operaciones de rescate puedan coordinarse e iniciarse. Gracias a la tecnolog\u00eda AIS avanzada incorporada a la EPIRB, al activarse, la radiobaliza comienza a transmitir se\u00f1ales AIS, notificando instant\u00e1neamente la situaci\u00f3n de socorro a las embarcaciones cercanas equipadas con AIS y obteniendo su ubicaci\u00f3n. Las embarcaciones equipadas con AIS dentro del alcance VHF ver\u00e1n un mensaje de seguridad en sus pantallas que incluye el c\u00f3digo MMSI de identificaci\u00f3n de la embarcaci\u00f3n. Las embarcaciones locales pueden iniciar operaciones de rescate y recuperaci\u00f3n de inmediato, lo que podr\u00eda acelerar los tiempos de recuperaci\u00f3n y salvar vidas. Dado que un objetivo AIS se presenta en la pantalla de a bordo de cualquier embarcaci\u00f3n cercana equipada con AIS, se puede navegar f\u00e1cilmente a la EPIRB seleccion\u00e1ndolo. Incluso cuando no haya embarcaciones locales disponibles, el AIS acelerar\u00e1 los tiempos de recuperaci\u00f3n al permitir que los operadores de SAR mar\u00edtimos localicen con precisi\u00f3n la ubicaci\u00f3n de la RLS a medida que se aproximan. La combinaci\u00f3n de llamadas de socorro satelitales globales, la transmisi\u00f3n precisa de la ubicaci\u00f3n de la RLS y la mensajer\u00eda de seguridad AIS local mejorar\u00e1 considerablemente el tiempo de recuperaci\u00f3n y el \u00e9xito.        <\/p>\n<p>&nbsp;<\/p>\n<p><strong>La comunicaci\u00f3n de campo cercano (NFC) proporciona diagn\u00f3sticos EPIRB mediante un tel\u00e9fono inteligente.<\/strong><\/p>\n<p>&nbsp;<\/p>\n<p>Los usuarios de Beacon ahora pueden comprobar su EPIRB conectando su tel\u00e9fono inteligente a ella mediante <a href=\"https:\/\/www.youtube.com\/watch?v=MRXLii6r3n4&amp;t=35s\">NFC (Near Field Communication)<\/a> . Esta tecnolog\u00eda conecta un tel\u00e9fono inteligente colocado junto a la EPIRB3 iniciando autom\u00e1ticamente la aplicaci\u00f3n gratuita Ocean Signal Product. Los diagn\u00f3sticos completos est\u00e1n disponibles en la aplicaci\u00f3n y muestran al usuario la duraci\u00f3n actual de la bater\u00eda, la cantidad de autopruebas completadas, la cantidad de pruebas GNSS completadas y el tiempo que la EPIRB ha estado activada. Se muestra de forma c\u00f3moda informaci\u00f3n detallada que incluye una vista de mapa que muestra d\u00f3nde se realiz\u00f3 una prueba GNSS, la fecha y la hora de la prueba, el tiempo que tard\u00f3 la EPIRB en obtener una correcci\u00f3n en las coordenadas GNSS, la cantidad de sat\u00e9lites utilizados para obtener esa correcci\u00f3n y la precisi\u00f3n de la correcci\u00f3n. La aplicaci\u00f3n m\u00f3vil gratuita de Ocean Signal y la funcionalidad NFC brindan a los usuarios toda la informaci\u00f3n que necesitan para confirmar que su EPIRB est\u00e1 en pleno funcionamiento y lista para su implementaci\u00f3n en caso de una emergencia.<\/p>\n<p>&nbsp;<\/p>\n<p><strong>El conveniente servicio de enlace de retorno (RLS) informa a los usuarios que se ha recibido su llamada de socorro.<\/strong><\/p>\n<p>&nbsp;<\/p>\n<p>Las RLS se despliegan en situaciones de emergencia y las operaciones de rescate pueden tardar tiempo, especialmente si el buque en peligro se encuentra lejos de la costa. La RLS3 Pro est\u00e1 equipada con el Servicio de Enlace de Retorno (RLS) que notifica a los usuarios la entrega de la se\u00f1al de socorro de la baliza. La se\u00f1al RLS se env\u00eda de vuelta a trav\u00e9s de la <a href=\"https:\/\/www.euspa.europa.eu\/european-space\/galileo\/services\/search-and-rescue-sar-galileo-service\">red satelital Galileo<\/a> para confirmar la recepci\u00f3n del mensaje de socorro, junto con la ubicaci\u00f3n precisa y los identificadores de la RLS. Una simple luz azul intermitente indica a los usuarios que la RLS se ha conectado correctamente a trav\u00e9s de la red satelital y que se notificar\u00e1 a los rescatistas. Saber que la se\u00f1al de socorro digital se ha comunicado correctamente, junto con la identificaci\u00f3n de la RLS y la ubicaci\u00f3n de la baliza, ayuda a las personas en peligro a mantener la calma mientras esperan las operaciones de rescate.    <\/p>\n<p>&nbsp;<\/p>\n<p><strong>Soporte de montaje<\/strong><\/p>\n<p>&nbsp;<\/p>\n<p>La EPIRB3 Pro incluye un soporte de montaje flotante de liberaci\u00f3n autom\u00e1tica de categor\u00eda 1. Este soporte permite almacenar la EPIRB3 Pro de forma segura durante todo el viaje, independientemente de las condiciones clim\u00e1ticas. Adem\u00e1s, ofrece la mejor probabilidad de despliegue en situaciones de emergencia donde es dif\u00edcil para un miembro de la tripulaci\u00f3n acceder a la EPIRB.  <\/p>\n<p>Ocean Signal utiliza tecnolog\u00eda avanzada y procesos de fabricaci\u00f3n de alta calidad para desarrollar y producir dispositivos electr\u00f3nicos de rescate de alta calidad y otros productos que salvan vidas. La nueva EPIRB3 Pro, con su perfil contorneado, es ideal tanto para embarcaciones de vela como de motor. Tanto los usuarios recreativos como los comerciales pueden estar seguros de que las caracter\u00edsticas de esta nueva EPIRB ofrecen la m\u00e1xima probabilidad de un rescate eficiente y exitoso, sin importar d\u00f3nde se dirijan. La amplia gama de caracter\u00edsticas de alta tecnolog\u00eda de la EPIRB3 Pro se combina con un dise\u00f1o \u00fanico que permite su uso eficaz en todo tipo de embarcaciones, ya sea en operaciones costeras, en alta mar o en cualquier lugar del mundo.   <\/p>\n<p>Para la versi\u00f3n de liberaci\u00f3n manual de categor\u00eda 2: <a href=\"https:\/\/oceansignal.com\/products\/safesea-epirb3-pro\/\">rescueME EPIRB3<\/a><\/p>\n<p><strong>Funciones:<\/strong><\/p>\n<p>&nbsp;<\/p>\n<ul>\n<li>Aprobado para su uso en buques SOLAS<\/li>\n<li>30% (t\u00edpico) m\u00e1s peque\u00f1o<\/li>\n<li>Alerta de socorro AIS<\/li>\n<li>Servicio de enlace de retorno (RLS)<\/li>\n<li>Conectividad m\u00f3vil que utiliza Near Field Communication (NFC)<\/li>\n<li>Aplicaci\u00f3n gratuita (Apple y Android)<\/li>\n<li>Duraci\u00f3n de la bater\u00eda de 10 a\u00f1os<\/li>\n<li>48+ horas de vida operativa<\/li>\n<li>Garant\u00eda de 2 a\u00f1os (se puede extender la garant\u00eda a 5 a\u00f1os mediante el registro del producto con Ocean Signal )<\/li>\n<li>Posicionamiento r\u00e1pido y preciso con GPS de 72 canales<\/li>\n<li>Soporte flotante libre de liberaci\u00f3n autom\u00e1tica de categor\u00eda I<\/li>\n<li>Cord\u00f3n de seguridad<\/li>\n<\/ul>\n<p>&nbsp;<\/p>\n","protected":false},"excerpt":{"rendered":"<p>Nuestra baliza de rescate global de 406 MHz con todas las funciones que viene con un soporte flotante de liberaci\u00f3n autom\u00e1tica<\/p>\n<ul>\n<li>Aprobado para su uso en buques SOLAS<\/li>\n<li>30% (t\u00edpico) m\u00e1s peque\u00f1o<\/li>\n<li>Alerta de socorro AIS<\/li>\n<li>Servicio de enlace de retorno (RLS)<\/li>\n<li>Conectividad m\u00f3vil que utiliza Near Field Communication (NFC)<\/li>\n<li>Aplicaci\u00f3n gratuita (Apple y Android)<\/li>\n<li>Duraci\u00f3n de la bater\u00eda de 10 a\u00f1os<\/li>\n<li>48+ horas de vida operativa<\/li>\n<li>Garant\u00eda de 2 a\u00f1os (se puede extender la garant\u00eda a 5 a\u00f1os mediante el registro del producto con Ocean Signal )<\/li>\n<li>Posicionamiento r\u00e1pido y preciso con GPS de 72 canales<\/li>\n<li>Soporte flotante libre de liberaci\u00f3n autom\u00e1tica de categor\u00eda I<\/li>\n<li>Cord\u00f3n de seguridad<\/li>\n<\/ul>\n<p><a href=\"https:\/\/www.dropbox.com\/s\/8343nj28z0d7bxa\/Prop%2065%20-%20BPA.pdf?dl=0\" data-cke-saved-href=\"https:\/\/www.dropbox.com\/s\/8343nj28z0d7bxa\/Prop%2065%20-%20BPA.pdf?dl=0\">ADVERTENCIA: PROPOSICI\u00d3N 65<\/a><\/p>\n<p>&nbsp;<\/p>\n","protected":false},"featured_media":11992,"template":"","meta":{"_acf_changed":false,"om_disable_all_campaigns":false},"product_brand":[],"product_cat":[866,329],"product_tag":[510,877,868,870,874,876,872,875],"class_list":{"0":"post-7735","1":"product","2":"type-product","3":"status-publish","4":"has-post-thumbnail","6":"product_cat-epirb-es","7":"product_cat-safesea-es","8":"product_tag-ais-es","9":"product_tag-baliza-de-rescate-con-posicionamiento-de-emergencia","10":"product_tag-epirb-es","11":"product_tag-nfc-es","12":"product_tag-rls3-pro","13":"product_tag-servicio-de-enlace-de-devolucion","14":"product_tag-sindrome-de-piernas-inquietas","15":"product_tag-unidad-de-liberacion-hidrostatica","17":"first","18":"instock","19":"taxable","20":"shipping-taxable","21":"purchasable","22":"product-type-simple"},"acf":[],"yoast_head":"<!-- This site is optimized with the Yoast SEO Premium plugin v25.2 (Yoast SEO v26.4) - https:\/\/yoast.com\/wordpress\/plugins\/seo\/ -->\n<title>safeSEA EPIRB3 Pro - Ocean Signal<\/title>\n<meta name=\"description\" content=\"Ocean Signal safeSEA EPIRB3 Pro: Radiobaliza de Posici\u00f3n de Emergencia GMDSS avanzada con AIS para embarcaciones SOLAS y recreativas. Comprar ahora\" \/>\n<meta name=\"robots\" content=\"index, follow, max-snippet:-1, max-image-preview:large, max-video-preview:-1\" \/>\n<link rel=\"canonical\" href=\"https:\/\/oceansignal.com\/es\/products\/safesea-epirb3-pro\/\" \/>\n<meta property=\"og:locale\" content=\"es_ES\" \/>\n<meta property=\"og:type\" content=\"article\" \/>\n<meta property=\"og:title\" content=\"safeSEA EPIRB3 Pro\" \/>\n<meta property=\"og:description\" content=\"Ocean Signal safeSEA EPIRB3 Pro: Radiobaliza de Posici\u00f3n de Emergencia GMDSS avanzada con AIS para embarcaciones SOLAS y recreativas. Comprar ahora\" \/>\n<meta property=\"og:url\" content=\"https:\/\/oceansignal.com\/es\/products\/safesea-epirb3-pro\/\" \/>\n<meta property=\"og:site_name\" content=\"Ocean Signal\" \/>\n<meta property=\"article:modified_time\" content=\"2026-01-21T19:52:26+00:00\" \/>\n<meta property=\"og:image\" content=\"https:\/\/oceansignal.com\/wp-content\/uploads\/2023\/07\/EPIRB3-Pro.png\" \/>\n\t<meta property=\"og:image:width\" content=\"800\" \/>\n\t<meta property=\"og:image:height\" content=\"800\" \/>\n\t<meta property=\"og:image:type\" content=\"image\/png\" \/>\n<meta name=\"twitter:card\" content=\"summary_large_image\" \/>\n<meta name=\"twitter:label1\" content=\"Tiempo de lectura\" \/>\n\t<meta name=\"twitter:data1\" content=\"7 minutos\" \/>\n<script type=\"application\/ld+json\" class=\"yoast-schema-graph\">{\"@context\":\"https:\/\/schema.org\",\"@graph\":[{\"@type\":\"WebPage\",\"@id\":\"https:\/\/oceansignal.com\/es\/products\/safesea-epirb3-pro\/\",\"url\":\"https:\/\/oceansignal.com\/es\/products\/safesea-epirb3-pro\/\",\"name\":\"safeSEA EPIRB3 Pro - Ocean Signal\",\"isPartOf\":{\"@id\":\"https:\/\/oceansignal.com\/es\/#website\"},\"primaryImageOfPage\":{\"@id\":\"https:\/\/oceansignal.com\/es\/products\/safesea-epirb3-pro\/#primaryimage\"},\"image\":{\"@id\":\"https:\/\/oceansignal.com\/es\/products\/safesea-epirb3-pro\/#primaryimage\"},\"thumbnailUrl\":\"https:\/\/oceansignal.com\/wp-content\/uploads\/2023\/07\/EPIRB3-Pro.png\",\"datePublished\":\"2023-07-11T19:29:27+00:00\",\"dateModified\":\"2026-01-21T19:52:26+00:00\",\"description\":\"Ocean Signal safeSEA EPIRB3 Pro: Radiobaliza de Posici\u00f3n de Emergencia GMDSS avanzada con AIS para embarcaciones SOLAS y recreativas. Comprar ahora\",\"breadcrumb\":{\"@id\":\"https:\/\/oceansignal.com\/es\/products\/safesea-epirb3-pro\/#breadcrumb\"},\"inLanguage\":\"es\",\"potentialAction\":[{\"@type\":\"ReadAction\",\"target\":[\"https:\/\/oceansignal.com\/es\/products\/safesea-epirb3-pro\/\"]}]},{\"@type\":\"ImageObject\",\"inLanguage\":\"es\",\"@id\":\"https:\/\/oceansignal.com\/es\/products\/safesea-epirb3-pro\/#primaryimage\",\"url\":\"https:\/\/oceansignal.com\/wp-content\/uploads\/2023\/07\/EPIRB3-Pro.png\",\"contentUrl\":\"https:\/\/oceansignal.com\/wp-content\/uploads\/2023\/07\/EPIRB3-Pro.png\",\"width\":800,\"height\":800},{\"@type\":\"BreadcrumbList\",\"@id\":\"https:\/\/oceansignal.com\/es\/products\/safesea-epirb3-pro\/#breadcrumb\",\"itemListElement\":[{\"@type\":\"ListItem\",\"position\":1,\"name\":\"Tienda\",\"item\":\"https:\/\/oceansignal.com\/es\/tienda\/\"},{\"@type\":\"ListItem\",\"position\":2,\"name\":\"safeSEA EPIRB3 Pro\"}]},{\"@type\":\"WebSite\",\"@id\":\"https:\/\/oceansignal.com\/es\/#website\",\"url\":\"https:\/\/oceansignal.com\/es\/\",\"name\":\"Ocean Signal\",\"description\":\"A leading manufacturer of EPIRBs, AIS, SARTs, Personal Locator Beacons, Man Overboard Beacon for the Marine and Outdoor Markets.\",\"potentialAction\":[{\"@type\":\"SearchAction\",\"target\":{\"@type\":\"EntryPoint\",\"urlTemplate\":\"https:\/\/oceansignal.com\/es\/?s={search_term_string}\"},\"query-input\":{\"@type\":\"PropertyValueSpecification\",\"valueRequired\":true,\"valueName\":\"search_term_string\"}}],\"inLanguage\":\"es\"}]}<\/script>\n<!-- \/ Yoast SEO Premium plugin. -->","yoast_head_json":{"title":"safeSEA EPIRB3 Pro - Ocean Signal","description":"Ocean Signal safeSEA EPIRB3 Pro: Radiobaliza de Posici\u00f3n de Emergencia GMDSS avanzada con AIS para embarcaciones SOLAS y recreativas. Comprar ahora","robots":{"index":"index","follow":"follow","max-snippet":"max-snippet:-1","max-image-preview":"max-image-preview:large","max-video-preview":"max-video-preview:-1"},"canonical":"https:\/\/oceansignal.com\/es\/products\/safesea-epirb3-pro\/","og_locale":"es_ES","og_type":"article","og_title":"safeSEA EPIRB3 Pro","og_description":"Ocean Signal safeSEA EPIRB3 Pro: Radiobaliza de Posici\u00f3n de Emergencia GMDSS avanzada con AIS para embarcaciones SOLAS y recreativas. Comprar ahora","og_url":"https:\/\/oceansignal.com\/es\/products\/safesea-epirb3-pro\/","og_site_name":"Ocean Signal","article_modified_time":"2026-01-21T19:52:26+00:00","og_image":[{"width":800,"height":800,"url":"https:\/\/oceansignal.com\/wp-content\/uploads\/2023\/07\/EPIRB3-Pro.png","type":"image\/png"}],"twitter_card":"summary_large_image","twitter_misc":{"Tiempo de lectura":"7 minutos"},"schema":{"@context":"https:\/\/schema.org","@graph":[{"@type":"WebPage","@id":"https:\/\/oceansignal.com\/es\/products\/safesea-epirb3-pro\/","url":"https:\/\/oceansignal.com\/es\/products\/safesea-epirb3-pro\/","name":"safeSEA EPIRB3 Pro - Ocean Signal","isPartOf":{"@id":"https:\/\/oceansignal.com\/es\/#website"},"primaryImageOfPage":{"@id":"https:\/\/oceansignal.com\/es\/products\/safesea-epirb3-pro\/#primaryimage"},"image":{"@id":"https:\/\/oceansignal.com\/es\/products\/safesea-epirb3-pro\/#primaryimage"},"thumbnailUrl":"https:\/\/oceansignal.com\/wp-content\/uploads\/2023\/07\/EPIRB3-Pro.png","datePublished":"2023-07-11T19:29:27+00:00","dateModified":"2026-01-21T19:52:26+00:00","description":"Ocean Signal safeSEA EPIRB3 Pro: Radiobaliza de Posici\u00f3n de Emergencia GMDSS avanzada con AIS para embarcaciones SOLAS y recreativas. Comprar ahora","breadcrumb":{"@id":"https:\/\/oceansignal.com\/es\/products\/safesea-epirb3-pro\/#breadcrumb"},"inLanguage":"es","potentialAction":[{"@type":"ReadAction","target":["https:\/\/oceansignal.com\/es\/products\/safesea-epirb3-pro\/"]}]},{"@type":"ImageObject","inLanguage":"es","@id":"https:\/\/oceansignal.com\/es\/products\/safesea-epirb3-pro\/#primaryimage","url":"https:\/\/oceansignal.com\/wp-content\/uploads\/2023\/07\/EPIRB3-Pro.png","contentUrl":"https:\/\/oceansignal.com\/wp-content\/uploads\/2023\/07\/EPIRB3-Pro.png","width":800,"height":800},{"@type":"BreadcrumbList","@id":"https:\/\/oceansignal.com\/es\/products\/safesea-epirb3-pro\/#breadcrumb","itemListElement":[{"@type":"ListItem","position":1,"name":"Tienda","item":"https:\/\/oceansignal.com\/es\/tienda\/"},{"@type":"ListItem","position":2,"name":"safeSEA EPIRB3 Pro"}]},{"@type":"WebSite","@id":"https:\/\/oceansignal.com\/es\/#website","url":"https:\/\/oceansignal.com\/es\/","name":"Ocean Signal","description":"A leading manufacturer of EPIRBs, AIS, SARTs, Personal Locator Beacons, Man Overboard Beacon for the Marine and Outdoor Markets.","potentialAction":[{"@type":"SearchAction","target":{"@type":"EntryPoint","urlTemplate":"https:\/\/oceansignal.com\/es\/?s={search_term_string}"},"query-input":{"@type":"PropertyValueSpecification","valueRequired":true,"valueName":"search_term_string"}}],"inLanguage":"es"}]}},"_links":{"self":[{"href":"https:\/\/oceansignal.com\/es\/wp-json\/wp\/v2\/product\/7735","targetHints":{"allow":["GET"]}}],"collection":[{"href":"https:\/\/oceansignal.com\/es\/wp-json\/wp\/v2\/product"}],"about":[{"href":"https:\/\/oceansignal.com\/es\/wp-json\/wp\/v2\/types\/product"}],"wp:featuredmedia":[{"embeddable":true,"href":"https:\/\/oceansignal.com\/es\/wp-json\/wp\/v2\/media\/11992"}],"wp:attachment":[{"href":"https:\/\/oceansignal.com\/es\/wp-json\/wp\/v2\/media?parent=7735"}],"wp:term":[{"taxonomy":"product_brand","embeddable":true,"href":"https:\/\/oceansignal.com\/es\/wp-json\/wp\/v2\/product_brand?post=7735"},{"taxonomy":"product_cat","embeddable":true,"href":"https:\/\/oceansignal.com\/es\/wp-json\/wp\/v2\/product_cat?post=7735"},{"taxonomy":"product_tag","embeddable":true,"href":"https:\/\/oceansignal.com\/es\/wp-json\/wp\/v2\/product_tag?post=7735"}],"curies":[{"name":"wp","href":"https:\/\/api.w.org\/{rel}","templated":true}]}}